{"id":46495,"date":"2024-03-08T11:09:53","date_gmt":"2024-03-08T10:09:53","guid":{"rendered":"https:\/\/www.ohis.be\/produit\/schnellmontage-anschlagwirbel-ql-dsr\/"},"modified":"2024-03-11T14:19:42","modified_gmt":"2024-03-11T13:19:42","slug":"schnellmontage-anschlagwirbel-ql-dsr","status":"publish","type":"product","link":"https:\/\/www.ohis.be\/de\/produit\/schnellmontage-anschlagwirbel-ql-dsr\/","title":{"rendered":"Anschlagwirbel f\u00fcr eine Schnellmontage &#8211; QL.DSR"},"content":{"rendered":"<p>Der Anschlagwirbel QLR (Quick Lift Ring) bzw. QL.DSR ist ein dreh- und schwenkbarer Anschlagwirbel, der eine besonders schnelle Montage erm\u00f6glicht. Durch die Bet\u00e4tigung eines Druckknopfes kann er binnen Sekunden im Innengewinde befestigt werden. Seine Dreh- und Schwenkfunktion erm\u00f6glicht eine perfekte Ausrichtung in die Zugrichtung. Der QL.DSR erm\u00f6glicht eine Zeitersparnis von bis zu 80 % gegen\u00fcber dem Einschrauben eines klassischen Anschlagwirbels. Es handelt sich um ein rein mechanisches System, wodurch es weitestgehend wartungsfrei ist.<\/p>\n<p>Der Anschlagwirbel QL.DSR geh\u00f6rt zum GRADUP-Sortiment, welches f\u00fcr \u00fcberdurchschnittliche Materialqualit\u00e4t steht. Er ist unter Ber\u00fccksichtigung des eingravierten Anzugsdrehmoments f\u00fcr jede Art von Hebevorgang (gerader Zug, mit Hebewinkel, Kippen, Drehen) geeignet.<\/p>\n<p>Der QL.DSR ist f\u00fcr einen Temperaturbereich zwischen -20\u00b0c und +200\u00b0c geeignet und mit verschiedenen Kennzeichnungen versehen, darunter die CE-Kennzeichnung, die Tragf\u00e4higkeit und das Anzugsdrehmoment. Er wurde unter Einhaltung der REACH-Verordnung hergestellt und ist auch in Edelstahl erh\u00e4ltlich.<\/p>\n<p>&nbsp;<\/p>\n<ul class=\"technical_datasheet\">\n<li class=\"technical_datasheet__item\">Verf\u00fcgbare metrische Gewinde und Zollgewinde:<br \/>\nM 8 bis M 30 &#8211; Tragf\u00e4higkeit 0,25 t bis 3,5 t<br \/>\nUNC 1\/2\u201d bis UNC 1\u2033 &#8211; Tragf\u00e4higkeit 1,300 lbs bis 5,000 lbs* (* In der Zulassungsphase)<\/li>\n<li class=\"technical_datasheet__item\">Sicherheitsfaktor 5:1<\/li>\n<li class=\"technical_datasheet__item\">Drehbar unter Last<\/li>\n<li class=\"technical_datasheet__item\">360\u00b0 drehbar \u2013 180\u00b0 schwenkbar<\/li>\n<li class=\"technical_datasheet__item\">Entspricht der Maschinenrichtlinie 2006\/42\/CE<\/li>\n<li class=\"technical_datasheet__item\">Hergestellt nach EN 1677-1<\/li>\n<li class=\"technical_datasheet__item\">Individueller R\u00fcckverfolgbarkeitscode<\/li>\n<\/ul>\n","protected":false},"excerpt":{"rendered":"<p>Der Anschlagwirbel QLR (Quick Lift Ring) bzw. QL.DSR ist ein dreh- und schwenkbarer Anschlagwirbel, der eine besonders schnelle Montage erm\u00f6glicht. Durch die Bet\u00e4tigung eines Druckknopfes kann er binnen Sekunden im Innengewinde befestigt werden. Seine Dreh- und Schwenkfunktion erm\u00f6glicht eine perfekte Ausrichtung in die Zugrichtung. Der QL.DSR erm\u00f6glicht eine Zeitersparnis von bis zu 80 % gegen\u00fcber dem Einschrauben eines klassischen Anschlagwirbels. Es handelt sich um ein rein mechanisches System, wodurch es weitestgehend wartungsfrei ist.<\/p>\n<p>Der Anschlagwirbel QL.DSR geh\u00f6rt zum GRADUP-Sortiment, welches f\u00fcr \u00fcberdurchschnittliche Materialqualit\u00e4t steht. Er ist unter Ber\u00fccksichtigung des eingravierten Anzugsdrehmoments f\u00fcr jede Art von Hebevorgang (gerader Zug, mit Hebewinkel, Kippen, Drehen) geeignet.<\/p>\n<p>Der QL.DSR ist f\u00fcr einen Temperaturbereich zwischen -20\u00b0c und +200\u00b0c geeignet und mit verschiedenen Kennzeichnungen versehen, darunter die CE-Kennzeichnung, die Tragf\u00e4higkeit und das Anzugsdrehmoment. Er wurde unter Einhaltung der REACH-Verordnung hergestellt und ist auch in Edelstahl erh\u00e4ltlich.<\/p>\n<p>&nbsp;<\/p>\n<ul class=\"technical_datasheet\">\n<li class=\"technical_datasheet__item\">Verf\u00fcgbare metrische Gewinde und Zollgewinde:<br \/>\nM 8 bis M 30 &#8211; Tragf\u00e4higkeit 0,25 t bis 3,5 t<br \/>\nUNC 1\/2\u201d bis UNC 1\u2033 &#8211; Tragf\u00e4higkeit 1,300 lbs bis 5,000 lbs* (* In der Zulassungsphase)<\/li>\n<li class=\"technical_datasheet__item\">Sicherheitsfaktor 5:1<\/li>\n<li class=\"technical_datasheet__item\">Drehbar unter Last<\/li>\n<li class=\"technical_datasheet__item\">360\u00b0 drehbar \u2013 180\u00b0 schwenkbar<\/li>\n<li class=\"technical_datasheet__item\">Entspricht der Maschinenrichtlinie 2006\/42\/CE<\/li>\n<li class=\"technical_datasheet__item\">Hergestellt nach EN 1677-1<\/li>\n<li class=\"technical_datasheet__item\">Individueller R\u00fcckverfolgbarkeitscode<\/li>\n<\/ul>\n","protected":false},"featured_media":46352,"template":"","meta":{"_acf_changed":false,"inline_featured_image":false},"product_brand":[],"product_cat":[156,2300],"product_tag":[],"class_list":{"0":"post-46495","1":"product","2":"type-product","3":"status-publish","4":"has-post-thumbnail","6":"product_cat-general-de","7":"product_cat-heberinge","8":"yith_product_brand-codipro-de","10":"first","11":"onbackorder","12":"taxable","13":"shipping-taxable","14":"purchasable","15":"product-type-variable"},"acf":[],"yoast_head":"<!-- This site is optimized with the Yoast SEO plugin v27.4 - https:\/\/yoast.com\/product\/yoast-seo-wordpress\/ -->\n<title>Anschlagwirbel f\u00fcr eine Schnellmontage - QL.DSR - Ohis<\/title>\n<meta name=\"robots\" content=\"index, follow, max-snippet:-1, max-image-preview:large, max-video-preview:-1\" \/>\n<link rel=\"canonical\" href=\"https:\/\/www.ohis.be\/de\/produit\/schnellmontage-anschlagwirbel-ql-dsr\/\" \/>\n<meta property=\"og:locale\" content=\"de_DE\" \/>\n<meta property=\"og:type\" content=\"article\" \/>\n<meta property=\"og:title\" content=\"Anschlagwirbel f\u00fcr eine Schnellmontage - QL.DSR - Ohis\" \/>\n<meta property=\"og:description\" content=\"Der Anschlagwirbel QLR (Quick Lift Ring) bzw. QL.DSR ist ein dreh- und schwenkbarer Anschlagwirbel, der eine besonders schnelle Montage erm\u00f6glicht. Durch die Bet\u00e4tigung eines Druckknopfes kann er binnen Sekunden im Innengewinde befestigt werden. Seine Dreh- und Schwenkfunktion erm\u00f6glicht eine perfekte Ausrichtung in die Zugrichtung. Der QL.DSR erm\u00f6glicht eine Zeitersparnis von bis zu 80 % gegen\u00fcber dem Einschrauben eines klassischen Anschlagwirbels. Es handelt sich um ein rein mechanisches System, wodurch es weitestgehend wartungsfrei ist.  Der Anschlagwirbel QL.DSR geh\u00f6rt zum GRADUP-Sortiment, welches f\u00fcr \u00fcberdurchschnittliche Materialqualit\u00e4t steht. Er ist unter Ber\u00fccksichtigung des eingravierten Anzugsdrehmoments f\u00fcr jede Art von Hebevorgang (gerader Zug, mit Hebewinkel, Kippen, Drehen) geeignet.  Der QL.DSR ist f\u00fcr einen Temperaturbereich zwischen -20\u00b0c und +200\u00b0c geeignet und mit verschiedenen Kennzeichnungen versehen, darunter die CE-Kennzeichnung, die Tragf\u00e4higkeit und das Anzugsdrehmoment. Er wurde unter Einhaltung der REACH-Verordnung hergestellt und ist auch in Edelstahl erh\u00e4ltlich.  &nbsp;   Verf\u00fcgbare metrische Gewinde und Zollgewinde: M 8 bis M 30 - Tragf\u00e4higkeit 0,25 t bis 3,5 t UNC 1\/2\u201d bis UNC 1\u2033 - Tragf\u00e4higkeit 1,300 lbs bis 5,000 lbs* (* In der Zulassungsphase)  Sicherheitsfaktor 5:1  Drehbar unter Last  360\u00b0 drehbar \u2013 180\u00b0 schwenkbar  Entspricht der Maschinenrichtlinie 2006\/42\/CE  Hergestellt nach EN 1677-1  Individueller R\u00fcckverfolgbarkeitscode\" \/>\n<meta property=\"og:url\" content=\"https:\/\/www.ohis.be\/de\/produit\/schnellmontage-anschlagwirbel-ql-dsr\/\" \/>\n<meta property=\"og:site_name\" content=\"Ohis\" \/>\n<meta property=\"article:modified_time\" content=\"2024-03-11T13:19:42+00:00\" \/>\n<meta property=\"og:image\" content=\"https:\/\/www.ohis.be\/wp-content\/uploads\/2024\/03\/g_quick-lift-double-swivel.jpg\" \/>\n\t<meta property=\"og:image:width\" content=\"451\" \/>\n\t<meta property=\"og:image:height\" content=\"534\" \/>\n\t<meta property=\"og:image:type\" content=\"image\/jpeg\" \/>\n<meta name=\"twitter:card\" content=\"summary_large_image\" \/>\n<meta name=\"twitter:label1\" content=\"Gesch\u00e4tzte Lesezeit\" \/>\n\t<meta name=\"twitter:data1\" content=\"1\u00a0Minute\" \/>\n<script type=\"application\/ld+json\" class=\"yoast-schema-graph\">{\"@context\":\"https:\\\/\\\/schema.org\",\"@graph\":[{\"@type\":\"WebPage\",\"@id\":\"https:\\\/\\\/www.ohis.be\\\/de\\\/produit\\\/schnellmontage-anschlagwirbel-ql-dsr\\\/\",\"url\":\"https:\\\/\\\/www.ohis.be\\\/de\\\/produit\\\/schnellmontage-anschlagwirbel-ql-dsr\\\/\",\"name\":\"Anschlagwirbel f\u00fcr eine Schnellmontage - QL.DSR - Ohis\",\"isPartOf\":{\"@id\":\"https:\\\/\\\/www.ohis.be\\\/#website\"},\"primaryImageOfPage\":{\"@id\":\"https:\\\/\\\/www.ohis.be\\\/de\\\/produit\\\/schnellmontage-anschlagwirbel-ql-dsr\\\/#primaryimage\"},\"image\":{\"@id\":\"https:\\\/\\\/www.ohis.be\\\/de\\\/produit\\\/schnellmontage-anschlagwirbel-ql-dsr\\\/#primaryimage\"},\"thumbnailUrl\":\"https:\\\/\\\/www.ohis.be\\\/wp-content\\\/uploads\\\/2024\\\/03\\\/g_quick-lift-double-swivel.jpg\",\"datePublished\":\"2024-03-08T10:09:53+00:00\",\"dateModified\":\"2024-03-11T13:19:42+00:00\",\"breadcrumb\":{\"@id\":\"https:\\\/\\\/www.ohis.be\\\/de\\\/produit\\\/schnellmontage-anschlagwirbel-ql-dsr\\\/#breadcrumb\"},\"inLanguage\":\"de\",\"potentialAction\":[{\"@type\":\"ReadAction\",\"target\":[\"https:\\\/\\\/www.ohis.be\\\/de\\\/produit\\\/schnellmontage-anschlagwirbel-ql-dsr\\\/\"]}]},{\"@type\":\"ImageObject\",\"inLanguage\":\"de\",\"@id\":\"https:\\\/\\\/www.ohis.be\\\/de\\\/produit\\\/schnellmontage-anschlagwirbel-ql-dsr\\\/#primaryimage\",\"url\":\"https:\\\/\\\/www.ohis.be\\\/wp-content\\\/uploads\\\/2024\\\/03\\\/g_quick-lift-double-swivel.jpg\",\"contentUrl\":\"https:\\\/\\\/www.ohis.be\\\/wp-content\\\/uploads\\\/2024\\\/03\\\/g_quick-lift-double-swivel.jpg\",\"width\":451,\"height\":534,\"caption\":\"quick-lift-double-swivel\"},{\"@type\":\"BreadcrumbList\",\"@id\":\"https:\\\/\\\/www.ohis.be\\\/de\\\/produit\\\/schnellmontage-anschlagwirbel-ql-dsr\\\/#breadcrumb\",\"itemListElement\":[{\"@type\":\"ListItem\",\"position\":1,\"name\":\"Accueil\",\"item\":\"https:\\\/\\\/www.ohis.be\\\/de\\\/\"},{\"@type\":\"ListItem\",\"position\":2,\"name\":\"Produkte\",\"item\":\"https:\\\/\\\/www.ohis.be\\\/de\\\/produkte\\\/\"},{\"@type\":\"ListItem\",\"position\":3,\"name\":\"Anschlagwirbel f\u00fcr eine Schnellmontage &#8211; QL.DSR\"}]},{\"@type\":\"WebSite\",\"@id\":\"https:\\\/\\\/www.ohis.be\\\/#website\",\"url\":\"https:\\\/\\\/www.ohis.be\\\/\",\"name\":\"Ohis\",\"description\":\"Outils de levage\",\"publisher\":{\"@id\":\"https:\\\/\\\/www.ohis.be\\\/#organization\"},\"potentialAction\":[{\"@type\":\"SearchAction\",\"target\":{\"@type\":\"EntryPoint\",\"urlTemplate\":\"https:\\\/\\\/www.ohis.be\\\/?s={search_term_string}\"},\"query-input\":{\"@type\":\"PropertyValueSpecification\",\"valueRequired\":true,\"valueName\":\"search_term_string\"}}],\"inLanguage\":\"de\"},{\"@type\":\"Organization\",\"@id\":\"https:\\\/\\\/www.ohis.be\\\/#organization\",\"name\":\"Ohis\",\"url\":\"https:\\\/\\\/www.ohis.be\\\/\",\"logo\":{\"@type\":\"ImageObject\",\"inLanguage\":\"de\",\"@id\":\"https:\\\/\\\/www.ohis.be\\\/#\\\/schema\\\/logo\\\/image\\\/\",\"url\":\"https:\\\/\\\/www.ohis.be\\\/wp-content\\\/uploads\\\/2021\\\/02\\\/logo-ohis-wit.svg\",\"contentUrl\":\"https:\\\/\\\/www.ohis.be\\\/wp-content\\\/uploads\\\/2021\\\/02\\\/logo-ohis-wit.svg\",\"caption\":\"Ohis\"},\"image\":{\"@id\":\"https:\\\/\\\/www.ohis.be\\\/#\\\/schema\\\/logo\\\/image\\\/\"}}]}<\/script>\n<!-- \/ Yoast SEO plugin. -->","yoast_head_json":{"title":"Anschlagwirbel f\u00fcr eine Schnellmontage - QL.DSR - Ohis","robots":{"index":"index","follow":"follow","max-snippet":"max-snippet:-1","max-image-preview":"max-image-preview:large","max-video-preview":"max-video-preview:-1"},"canonical":"https:\/\/www.ohis.be\/de\/produit\/schnellmontage-anschlagwirbel-ql-dsr\/","og_locale":"de_DE","og_type":"article","og_title":"Anschlagwirbel f\u00fcr eine Schnellmontage - QL.DSR - Ohis","og_description":"Der Anschlagwirbel QLR (Quick Lift Ring) bzw. QL.DSR ist ein dreh- und schwenkbarer Anschlagwirbel, der eine besonders schnelle Montage erm\u00f6glicht. Durch die Bet\u00e4tigung eines Druckknopfes kann er binnen Sekunden im Innengewinde befestigt werden. Seine Dreh- und Schwenkfunktion erm\u00f6glicht eine perfekte Ausrichtung in die Zugrichtung. Der QL.DSR erm\u00f6glicht eine Zeitersparnis von bis zu 80 % gegen\u00fcber dem Einschrauben eines klassischen Anschlagwirbels. Es handelt sich um ein rein mechanisches System, wodurch es weitestgehend wartungsfrei ist.  Der Anschlagwirbel QL.DSR geh\u00f6rt zum GRADUP-Sortiment, welches f\u00fcr \u00fcberdurchschnittliche Materialqualit\u00e4t steht. Er ist unter Ber\u00fccksichtigung des eingravierten Anzugsdrehmoments f\u00fcr jede Art von Hebevorgang (gerader Zug, mit Hebewinkel, Kippen, Drehen) geeignet.  Der QL.DSR ist f\u00fcr einen Temperaturbereich zwischen -20\u00b0c und +200\u00b0c geeignet und mit verschiedenen Kennzeichnungen versehen, darunter die CE-Kennzeichnung, die Tragf\u00e4higkeit und das Anzugsdrehmoment. Er wurde unter Einhaltung der REACH-Verordnung hergestellt und ist auch in Edelstahl erh\u00e4ltlich.  &nbsp;   Verf\u00fcgbare metrische Gewinde und Zollgewinde: M 8 bis M 30 - Tragf\u00e4higkeit 0,25 t bis 3,5 t UNC 1\/2\u201d bis UNC 1\u2033 - Tragf\u00e4higkeit 1,300 lbs bis 5,000 lbs* (* In der Zulassungsphase)  Sicherheitsfaktor 5:1  Drehbar unter Last  360\u00b0 drehbar \u2013 180\u00b0 schwenkbar  Entspricht der Maschinenrichtlinie 2006\/42\/CE  Hergestellt nach EN 1677-1  Individueller R\u00fcckverfolgbarkeitscode","og_url":"https:\/\/www.ohis.be\/de\/produit\/schnellmontage-anschlagwirbel-ql-dsr\/","og_site_name":"Ohis","article_modified_time":"2024-03-11T13:19:42+00:00","og_image":[{"width":451,"height":534,"url":"https:\/\/www.ohis.be\/wp-content\/uploads\/2024\/03\/g_quick-lift-double-swivel.jpg","type":"image\/jpeg"}],"twitter_card":"summary_large_image","twitter_misc":{"Gesch\u00e4tzte Lesezeit":"1\u00a0Minute"},"schema":{"@context":"https:\/\/schema.org","@graph":[{"@type":"WebPage","@id":"https:\/\/www.ohis.be\/de\/produit\/schnellmontage-anschlagwirbel-ql-dsr\/","url":"https:\/\/www.ohis.be\/de\/produit\/schnellmontage-anschlagwirbel-ql-dsr\/","name":"Anschlagwirbel f\u00fcr eine Schnellmontage - QL.DSR - Ohis","isPartOf":{"@id":"https:\/\/www.ohis.be\/#website"},"primaryImageOfPage":{"@id":"https:\/\/www.ohis.be\/de\/produit\/schnellmontage-anschlagwirbel-ql-dsr\/#primaryimage"},"image":{"@id":"https:\/\/www.ohis.be\/de\/produit\/schnellmontage-anschlagwirbel-ql-dsr\/#primaryimage"},"thumbnailUrl":"https:\/\/www.ohis.be\/wp-content\/uploads\/2024\/03\/g_quick-lift-double-swivel.jpg","datePublished":"2024-03-08T10:09:53+00:00","dateModified":"2024-03-11T13:19:42+00:00","breadcrumb":{"@id":"https:\/\/www.ohis.be\/de\/produit\/schnellmontage-anschlagwirbel-ql-dsr\/#breadcrumb"},"inLanguage":"de","potentialAction":[{"@type":"ReadAction","target":["https:\/\/www.ohis.be\/de\/produit\/schnellmontage-anschlagwirbel-ql-dsr\/"]}]},{"@type":"ImageObject","inLanguage":"de","@id":"https:\/\/www.ohis.be\/de\/produit\/schnellmontage-anschlagwirbel-ql-dsr\/#primaryimage","url":"https:\/\/www.ohis.be\/wp-content\/uploads\/2024\/03\/g_quick-lift-double-swivel.jpg","contentUrl":"https:\/\/www.ohis.be\/wp-content\/uploads\/2024\/03\/g_quick-lift-double-swivel.jpg","width":451,"height":534,"caption":"quick-lift-double-swivel"},{"@type":"BreadcrumbList","@id":"https:\/\/www.ohis.be\/de\/produit\/schnellmontage-anschlagwirbel-ql-dsr\/#breadcrumb","itemListElement":[{"@type":"ListItem","position":1,"name":"Accueil","item":"https:\/\/www.ohis.be\/de\/"},{"@type":"ListItem","position":2,"name":"Produkte","item":"https:\/\/www.ohis.be\/de\/produkte\/"},{"@type":"ListItem","position":3,"name":"Anschlagwirbel f\u00fcr eine Schnellmontage &#8211; QL.DSR"}]},{"@type":"WebSite","@id":"https:\/\/www.ohis.be\/#website","url":"https:\/\/www.ohis.be\/","name":"Ohis","description":"Outils de levage","publisher":{"@id":"https:\/\/www.ohis.be\/#organization"},"potentialAction":[{"@type":"SearchAction","target":{"@type":"EntryPoint","urlTemplate":"https:\/\/www.ohis.be\/?s={search_term_string}"},"query-input":{"@type":"PropertyValueSpecification","valueRequired":true,"valueName":"search_term_string"}}],"inLanguage":"de"},{"@type":"Organization","@id":"https:\/\/www.ohis.be\/#organization","name":"Ohis","url":"https:\/\/www.ohis.be\/","logo":{"@type":"ImageObject","inLanguage":"de","@id":"https:\/\/www.ohis.be\/#\/schema\/logo\/image\/","url":"https:\/\/www.ohis.be\/wp-content\/uploads\/2021\/02\/logo-ohis-wit.svg","contentUrl":"https:\/\/www.ohis.be\/wp-content\/uploads\/2021\/02\/logo-ohis-wit.svg","caption":"Ohis"},"image":{"@id":"https:\/\/www.ohis.be\/#\/schema\/logo\/image\/"}}]}},"_links":{"self":[{"href":"https:\/\/www.ohis.be\/de\/wp-json\/wp\/v2\/product\/46495","targetHints":{"allow":["GET"]}}],"collection":[{"href":"https:\/\/www.ohis.be\/de\/wp-json\/wp\/v2\/product"}],"about":[{"href":"https:\/\/www.ohis.be\/de\/wp-json\/wp\/v2\/types\/product"}],"wp:featuredmedia":[{"embeddable":true,"href":"https:\/\/www.ohis.be\/de\/wp-json\/wp\/v2\/media\/46352"}],"wp:attachment":[{"href":"https:\/\/www.ohis.be\/de\/wp-json\/wp\/v2\/media?parent=46495"}],"wp:term":[{"taxonomy":"product_brand","embeddable":true,"href":"https:\/\/www.ohis.be\/de\/wp-json\/wp\/v2\/product_brand?post=46495"},{"taxonomy":"product_cat","embeddable":true,"href":"https:\/\/www.ohis.be\/de\/wp-json\/wp\/v2\/product_cat?post=46495"},{"taxonomy":"product_tag","embeddable":true,"href":"https:\/\/www.ohis.be\/de\/wp-json\/wp\/v2\/product_tag?post=46495"}],"curies":[{"name":"wp","href":"https:\/\/api.w.org\/{rel}","templated":true}]}}