{"id":46298,"date":"2024-03-08T07:45:49","date_gmt":"2024-03-08T06:45:49","guid":{"rendered":"https:\/\/www.ohis.be\/produit\/8mm-seil-abgelaengt-30m\/"},"modified":"2024-03-08T07:45:49","modified_gmt":"2024-03-08T06:45:49","slug":"8mm-seil-abgelaengt-30m","status":"publish","type":"product","link":"https:\/\/www.ohis.be\/de\/produit\/8mm-seil-abgelaengt-30m\/","title":{"rendered":"8mm Seil abgel\u00e4ngt &#8211; 30m"},"content":{"rendered":"<p>Seill\u00e4nge: 30 m<\/p>\n<p>Durchmesser: 8 mm<\/p>\n<p>Verlegeart und -richtung: Linksg\u00e4ngig<\/p>\n<p>Mindestbruchkraft: 68,940 kN<\/p>\n","protected":false},"excerpt":{"rendered":"<p>Seill\u00e4nge: 30 m<\/p>\n<p>Durchmesser: 8 mm<\/p>\n<p>Verlegeart und -richtung: Linksg\u00e4ngig<\/p>\n<p>Mindestbruchkraft: 68,940 kN<\/p>\n","protected":false},"featured_media":46245,"template":"","meta":{"_acf_changed":false,"inline_featured_image":false},"product_brand":[],"product_cat":[3597,3601],"product_tag":[],"class_list":{"0":"post-46298","1":"product","2":"type-product","3":"status-publish","4":"has-post-thumbnail","6":"product_cat-demag-dvr-de","7":"product_cat-konecranes-de","8":"yith_product_brand-demag-de","9":"yith_product_brand-konecranes-de","11":"first","12":"onbackorder","13":"taxable","14":"shipping-taxable","15":"purchasable","16":"product-type-simple"},"acf":[],"yoast_head":"<!-- This site is optimized with the Yoast SEO plugin v27.5 - https:\/\/yoast.com\/product\/yoast-seo-wordpress\/ -->\n<title>8mm Seil abgel\u00e4ngt - 30m - Ohis<\/title>\n<meta name=\"robots\" content=\"index, follow, max-snippet:-1, max-image-preview:large, max-video-preview:-1\" \/>\n<link rel=\"canonical\" href=\"https:\/\/www.ohis.be\/de\/produit\/8mm-seil-abgelaengt-30m\/\" \/>\n<meta property=\"og:locale\" content=\"de_DE\" \/>\n<meta property=\"og:type\" content=\"article\" \/>\n<meta property=\"og:title\" content=\"8mm Seil abgel\u00e4ngt - 30m - Ohis\" \/>\n<meta property=\"og:description\" content=\"Seill\u00e4nge: 30 m  Durchmesser: 8 mm  Verlegeart und -richtung: Linksg\u00e4ngig  Mindestbruchkraft: 68,940 kN\" \/>\n<meta property=\"og:url\" content=\"https:\/\/www.ohis.be\/de\/produit\/8mm-seil-abgelaengt-30m\/\" \/>\n<meta property=\"og:site_name\" content=\"Ohis\" \/>\n<meta property=\"og:image\" content=\"https:\/\/www.ohis.be\/wp-content\/uploads\/2024\/03\/g_56212763.jpg\" \/>\n\t<meta property=\"og:image:width\" content=\"1900\" \/>\n\t<meta property=\"og:image:height\" content=\"1426\" \/>\n\t<meta property=\"og:image:type\" content=\"image\/jpeg\" \/>\n<meta name=\"twitter:card\" content=\"summary_large_image\" \/>\n<script type=\"application\/ld+json\" class=\"yoast-schema-graph\">{\"@context\":\"https:\\\/\\\/schema.org\",\"@graph\":[{\"@type\":\"WebPage\",\"@id\":\"https:\\\/\\\/www.ohis.be\\\/de\\\/produit\\\/8mm-seil-abgelaengt-30m\\\/\",\"url\":\"https:\\\/\\\/www.ohis.be\\\/de\\\/produit\\\/8mm-seil-abgelaengt-30m\\\/\",\"name\":\"8mm Seil abgel\u00e4ngt - 30m - Ohis\",\"isPartOf\":{\"@id\":\"https:\\\/\\\/www.ohis.be\\\/de\\\/#website\"},\"primaryImageOfPage\":{\"@id\":\"https:\\\/\\\/www.ohis.be\\\/de\\\/produit\\\/8mm-seil-abgelaengt-30m\\\/#primaryimage\"},\"image\":{\"@id\":\"https:\\\/\\\/www.ohis.be\\\/de\\\/produit\\\/8mm-seil-abgelaengt-30m\\\/#primaryimage\"},\"thumbnailUrl\":\"https:\\\/\\\/www.ohis.be\\\/wp-content\\\/uploads\\\/2024\\\/03\\\/g_56212763.jpg\",\"datePublished\":\"2024-03-08T06:45:49+00:00\",\"breadcrumb\":{\"@id\":\"https:\\\/\\\/www.ohis.be\\\/de\\\/produit\\\/8mm-seil-abgelaengt-30m\\\/#breadcrumb\"},\"inLanguage\":\"de\",\"potentialAction\":[{\"@type\":\"ReadAction\",\"target\":[\"https:\\\/\\\/www.ohis.be\\\/de\\\/produit\\\/8mm-seil-abgelaengt-30m\\\/\"]}]},{\"@type\":\"ImageObject\",\"inLanguage\":\"de\",\"@id\":\"https:\\\/\\\/www.ohis.be\\\/de\\\/produit\\\/8mm-seil-abgelaengt-30m\\\/#primaryimage\",\"url\":\"https:\\\/\\\/www.ohis.be\\\/wp-content\\\/uploads\\\/2024\\\/03\\\/g_56212763.jpg\",\"contentUrl\":\"https:\\\/\\\/www.ohis.be\\\/wp-content\\\/uploads\\\/2024\\\/03\\\/g_56212763.jpg\",\"width\":1900,\"height\":1426,\"caption\":\"Seill\u00e4nge: 30 m, Durchmesser: 8 mm, Verlegeart und -richtung: Linksg\u00e4ngig, Mindestbruchkraft: 68,940 kN\"},{\"@type\":\"BreadcrumbList\",\"@id\":\"https:\\\/\\\/www.ohis.be\\\/de\\\/produit\\\/8mm-seil-abgelaengt-30m\\\/#breadcrumb\",\"itemListElement\":[{\"@type\":\"ListItem\",\"position\":1,\"name\":\"Accueil\",\"item\":\"https:\\\/\\\/www.ohis.be\\\/de\\\/\"},{\"@type\":\"ListItem\",\"position\":2,\"name\":\"Produkte\",\"item\":\"https:\\\/\\\/www.ohis.be\\\/de\\\/produkte\\\/\"},{\"@type\":\"ListItem\",\"position\":3,\"name\":\"8mm Seil abgel\u00e4ngt &#8211; 30m\"}]},{\"@type\":\"WebSite\",\"@id\":\"https:\\\/\\\/www.ohis.be\\\/de\\\/#website\",\"url\":\"https:\\\/\\\/www.ohis.be\\\/de\\\/\",\"name\":\"Ohis\",\"description\":\"Outils de levage\",\"publisher\":{\"@id\":\"https:\\\/\\\/www.ohis.be\\\/de\\\/#organization\"},\"potentialAction\":[{\"@type\":\"SearchAction\",\"target\":{\"@type\":\"EntryPoint\",\"urlTemplate\":\"https:\\\/\\\/www.ohis.be\\\/de\\\/?s={search_term_string}\"},\"query-input\":{\"@type\":\"PropertyValueSpecification\",\"valueRequired\":true,\"valueName\":\"search_term_string\"}}],\"inLanguage\":\"de\"},{\"@type\":\"Organization\",\"@id\":\"https:\\\/\\\/www.ohis.be\\\/de\\\/#organization\",\"name\":\"Ohis\",\"url\":\"https:\\\/\\\/www.ohis.be\\\/de\\\/\",\"logo\":{\"@type\":\"ImageObject\",\"inLanguage\":\"de\",\"@id\":\"https:\\\/\\\/www.ohis.be\\\/de\\\/#\\\/schema\\\/logo\\\/image\\\/\",\"url\":\"https:\\\/\\\/www.ohis.be\\\/wp-content\\\/uploads\\\/2021\\\/02\\\/logo-ohis-wit.svg\",\"contentUrl\":\"https:\\\/\\\/www.ohis.be\\\/wp-content\\\/uploads\\\/2021\\\/02\\\/logo-ohis-wit.svg\",\"caption\":\"Ohis\"},\"image\":{\"@id\":\"https:\\\/\\\/www.ohis.be\\\/de\\\/#\\\/schema\\\/logo\\\/image\\\/\"}}]}<\/script>\n<!-- \/ Yoast SEO plugin. -->","yoast_head_json":{"title":"8mm Seil abgel\u00e4ngt - 30m - Ohis","robots":{"index":"index","follow":"follow","max-snippet":"max-snippet:-1","max-image-preview":"max-image-preview:large","max-video-preview":"max-video-preview:-1"},"canonical":"https:\/\/www.ohis.be\/de\/produit\/8mm-seil-abgelaengt-30m\/","og_locale":"de_DE","og_type":"article","og_title":"8mm Seil abgel\u00e4ngt - 30m - Ohis","og_description":"Seill\u00e4nge: 30 m  Durchmesser: 8 mm  Verlegeart und -richtung: Linksg\u00e4ngig  Mindestbruchkraft: 68,940 kN","og_url":"https:\/\/www.ohis.be\/de\/produit\/8mm-seil-abgelaengt-30m\/","og_site_name":"Ohis","og_image":[{"width":1900,"height":1426,"url":"https:\/\/www.ohis.be\/wp-content\/uploads\/2024\/03\/g_56212763.jpg","type":"image\/jpeg"}],"twitter_card":"summary_large_image","schema":{"@context":"https:\/\/schema.org","@graph":[{"@type":"WebPage","@id":"https:\/\/www.ohis.be\/de\/produit\/8mm-seil-abgelaengt-30m\/","url":"https:\/\/www.ohis.be\/de\/produit\/8mm-seil-abgelaengt-30m\/","name":"8mm Seil abgel\u00e4ngt - 30m - Ohis","isPartOf":{"@id":"https:\/\/www.ohis.be\/de\/#website"},"primaryImageOfPage":{"@id":"https:\/\/www.ohis.be\/de\/produit\/8mm-seil-abgelaengt-30m\/#primaryimage"},"image":{"@id":"https:\/\/www.ohis.be\/de\/produit\/8mm-seil-abgelaengt-30m\/#primaryimage"},"thumbnailUrl":"https:\/\/www.ohis.be\/wp-content\/uploads\/2024\/03\/g_56212763.jpg","datePublished":"2024-03-08T06:45:49+00:00","breadcrumb":{"@id":"https:\/\/www.ohis.be\/de\/produit\/8mm-seil-abgelaengt-30m\/#breadcrumb"},"inLanguage":"de","potentialAction":[{"@type":"ReadAction","target":["https:\/\/www.ohis.be\/de\/produit\/8mm-seil-abgelaengt-30m\/"]}]},{"@type":"ImageObject","inLanguage":"de","@id":"https:\/\/www.ohis.be\/de\/produit\/8mm-seil-abgelaengt-30m\/#primaryimage","url":"https:\/\/www.ohis.be\/wp-content\/uploads\/2024\/03\/g_56212763.jpg","contentUrl":"https:\/\/www.ohis.be\/wp-content\/uploads\/2024\/03\/g_56212763.jpg","width":1900,"height":1426,"caption":"Seill\u00e4nge: 30 m, Durchmesser: 8 mm, Verlegeart und -richtung: Linksg\u00e4ngig, Mindestbruchkraft: 68,940 kN"},{"@type":"BreadcrumbList","@id":"https:\/\/www.ohis.be\/de\/produit\/8mm-seil-abgelaengt-30m\/#breadcrumb","itemListElement":[{"@type":"ListItem","position":1,"name":"Accueil","item":"https:\/\/www.ohis.be\/de\/"},{"@type":"ListItem","position":2,"name":"Produkte","item":"https:\/\/www.ohis.be\/de\/produkte\/"},{"@type":"ListItem","position":3,"name":"8mm Seil abgel\u00e4ngt &#8211; 30m"}]},{"@type":"WebSite","@id":"https:\/\/www.ohis.be\/de\/#website","url":"https:\/\/www.ohis.be\/de\/","name":"Ohis","description":"Outils de levage","publisher":{"@id":"https:\/\/www.ohis.be\/de\/#organization"},"potentialAction":[{"@type":"SearchAction","target":{"@type":"EntryPoint","urlTemplate":"https:\/\/www.ohis.be\/de\/?s={search_term_string}"},"query-input":{"@type":"PropertyValueSpecification","valueRequired":true,"valueName":"search_term_string"}}],"inLanguage":"de"},{"@type":"Organization","@id":"https:\/\/www.ohis.be\/de\/#organization","name":"Ohis","url":"https:\/\/www.ohis.be\/de\/","logo":{"@type":"ImageObject","inLanguage":"de","@id":"https:\/\/www.ohis.be\/de\/#\/schema\/logo\/image\/","url":"https:\/\/www.ohis.be\/wp-content\/uploads\/2021\/02\/logo-ohis-wit.svg","contentUrl":"https:\/\/www.ohis.be\/wp-content\/uploads\/2021\/02\/logo-ohis-wit.svg","caption":"Ohis"},"image":{"@id":"https:\/\/www.ohis.be\/de\/#\/schema\/logo\/image\/"}}]}},"_links":{"self":[{"href":"https:\/\/www.ohis.be\/de\/wp-json\/wp\/v2\/product\/46298","targetHints":{"allow":["GET"]}}],"collection":[{"href":"https:\/\/www.ohis.be\/de\/wp-json\/wp\/v2\/product"}],"about":[{"href":"https:\/\/www.ohis.be\/de\/wp-json\/wp\/v2\/types\/product"}],"wp:featuredmedia":[{"embeddable":true,"href":"https:\/\/www.ohis.be\/de\/wp-json\/wp\/v2\/media\/46245"}],"wp:attachment":[{"href":"https:\/\/www.ohis.be\/de\/wp-json\/wp\/v2\/media?parent=46298"}],"wp:term":[{"taxonomy":"product_brand","embeddable":true,"href":"https:\/\/www.ohis.be\/de\/wp-json\/wp\/v2\/product_brand?post=46298"},{"taxonomy":"product_cat","embeddable":true,"href":"https:\/\/www.ohis.be\/de\/wp-json\/wp\/v2\/product_cat?post=46298"},{"taxonomy":"product_tag","embeddable":true,"href":"https:\/\/www.ohis.be\/de\/wp-json\/wp\/v2\/product_tag?post=46298"}],"curies":[{"name":"wp","href":"https:\/\/api.w.org\/{rel}","templated":true}]}}