{"id":44536,"date":"2024-01-30T12:17:08","date_gmt":"2024-01-30T11:17:08","guid":{"rendered":"https:\/\/www.ohis.be\/produit\/luefterhaube-efverlaengerung-zb160-180a\/"},"modified":"2024-01-30T12:17:08","modified_gmt":"2024-01-30T11:17:08","slug":"luefterhaube-efverlaengerung-zb160-180a","status":"publish","type":"product","link":"https:\/\/www.ohis.be\/de\/produit\/luefterhaube-efverlaengerung-zb160-180a\/","title":{"rendered":"L\u00fcfterhaube EF+Verl\u00e4ngerung ZB160-180A"},"content":{"rendered":"<p>L\u00fcfterhaube EF+Verl\u00e4ngerung ZB160-180A<\/p>\n","protected":false},"excerpt":{"rendered":"<p>L\u00fcfterhaube EF+Verl\u00e4ngerung ZB160-180A<\/p>\n","protected":false},"featured_media":0,"template":"","meta":{"_acf_changed":false,"inline_featured_image":false},"product_brand":[],"product_cat":[434],"product_tag":[],"class_list":{"0":"post-44536","1":"product","2":"type-product","3":"status-publish","5":"product_cat-demag-z-de","6":"yith_product_brand-demag-de","8":"first","9":"onbackorder","10":"taxable","11":"shipping-taxable","12":"purchasable","13":"product-type-simple"},"acf":[],"yoast_head":"<!-- This site is optimized with the Yoast SEO plugin v27.4 - https:\/\/yoast.com\/product\/yoast-seo-wordpress\/ -->\n<title>L\u00fcfterhaube EF+Verl\u00e4ngerung ZB160-180A - Ohis<\/title>\n<meta name=\"robots\" content=\"index, follow, max-snippet:-1, max-image-preview:large, max-video-preview:-1\" \/>\n<link rel=\"canonical\" href=\"https:\/\/www.ohis.be\/de\/produit\/luefterhaube-efverlaengerung-zb160-180a\/\" \/>\n<meta property=\"og:locale\" content=\"de_DE\" \/>\n<meta property=\"og:type\" content=\"article\" \/>\n<meta property=\"og:title\" content=\"L\u00fcfterhaube EF+Verl\u00e4ngerung ZB160-180A - Ohis\" \/>\n<meta property=\"og:description\" content=\"L\u00fcfterhaube EF+Verl\u00e4ngerung ZB160-180A\" \/>\n<meta property=\"og:url\" content=\"https:\/\/www.ohis.be\/de\/produit\/luefterhaube-efverlaengerung-zb160-180a\/\" \/>\n<meta property=\"og:site_name\" content=\"Ohis\" \/>\n<meta name=\"twitter:card\" content=\"summary_large_image\" \/>\n<script type=\"application\/ld+json\" class=\"yoast-schema-graph\">{\"@context\":\"https:\\\/\\\/schema.org\",\"@graph\":[{\"@type\":\"WebPage\",\"@id\":\"https:\\\/\\\/www.ohis.be\\\/de\\\/produit\\\/luefterhaube-efverlaengerung-zb160-180a\\\/\",\"url\":\"https:\\\/\\\/www.ohis.be\\\/de\\\/produit\\\/luefterhaube-efverlaengerung-zb160-180a\\\/\",\"name\":\"L\u00fcfterhaube EF+Verl\u00e4ngerung ZB160-180A - Ohis\",\"isPartOf\":{\"@id\":\"https:\\\/\\\/www.ohis.be\\\/#website\"},\"datePublished\":\"2024-01-30T11:17:08+00:00\",\"breadcrumb\":{\"@id\":\"https:\\\/\\\/www.ohis.be\\\/de\\\/produit\\\/luefterhaube-efverlaengerung-zb160-180a\\\/#breadcrumb\"},\"inLanguage\":\"de\",\"potentialAction\":[{\"@type\":\"ReadAction\",\"target\":[\"https:\\\/\\\/www.ohis.be\\\/de\\\/produit\\\/luefterhaube-efverlaengerung-zb160-180a\\\/\"]}]},{\"@type\":\"BreadcrumbList\",\"@id\":\"https:\\\/\\\/www.ohis.be\\\/de\\\/produit\\\/luefterhaube-efverlaengerung-zb160-180a\\\/#breadcrumb\",\"itemListElement\":[{\"@type\":\"ListItem\",\"position\":1,\"name\":\"Accueil\",\"item\":\"https:\\\/\\\/www.ohis.be\\\/de\\\/\"},{\"@type\":\"ListItem\",\"position\":2,\"name\":\"Produkte\",\"item\":\"https:\\\/\\\/www.ohis.be\\\/de\\\/produkte\\\/\"},{\"@type\":\"ListItem\",\"position\":3,\"name\":\"L\u00fcfterhaube EF+Verl\u00e4ngerung ZB160-180A\"}]},{\"@type\":\"WebSite\",\"@id\":\"https:\\\/\\\/www.ohis.be\\\/#website\",\"url\":\"https:\\\/\\\/www.ohis.be\\\/\",\"name\":\"Ohis\",\"description\":\"Outils de levage\",\"publisher\":{\"@id\":\"https:\\\/\\\/www.ohis.be\\\/#organization\"},\"potentialAction\":[{\"@type\":\"SearchAction\",\"target\":{\"@type\":\"EntryPoint\",\"urlTemplate\":\"https:\\\/\\\/www.ohis.be\\\/?s={search_term_string}\"},\"query-input\":{\"@type\":\"PropertyValueSpecification\",\"valueRequired\":true,\"valueName\":\"search_term_string\"}}],\"inLanguage\":\"de\"},{\"@type\":\"Organization\",\"@id\":\"https:\\\/\\\/www.ohis.be\\\/#organization\",\"name\":\"Ohis\",\"url\":\"https:\\\/\\\/www.ohis.be\\\/\",\"logo\":{\"@type\":\"ImageObject\",\"inLanguage\":\"de\",\"@id\":\"https:\\\/\\\/www.ohis.be\\\/#\\\/schema\\\/logo\\\/image\\\/\",\"url\":\"https:\\\/\\\/www.ohis.be\\\/wp-content\\\/uploads\\\/2021\\\/02\\\/logo-ohis-wit.svg\",\"contentUrl\":\"https:\\\/\\\/www.ohis.be\\\/wp-content\\\/uploads\\\/2021\\\/02\\\/logo-ohis-wit.svg\",\"caption\":\"Ohis\"},\"image\":{\"@id\":\"https:\\\/\\\/www.ohis.be\\\/#\\\/schema\\\/logo\\\/image\\\/\"}}]}<\/script>\n<!-- \/ Yoast SEO plugin. -->","yoast_head_json":{"title":"L\u00fcfterhaube EF+Verl\u00e4ngerung ZB160-180A - Ohis","robots":{"index":"index","follow":"follow","max-snippet":"max-snippet:-1","max-image-preview":"max-image-preview:large","max-video-preview":"max-video-preview:-1"},"canonical":"https:\/\/www.ohis.be\/de\/produit\/luefterhaube-efverlaengerung-zb160-180a\/","og_locale":"de_DE","og_type":"article","og_title":"L\u00fcfterhaube EF+Verl\u00e4ngerung ZB160-180A - Ohis","og_description":"L\u00fcfterhaube EF+Verl\u00e4ngerung ZB160-180A","og_url":"https:\/\/www.ohis.be\/de\/produit\/luefterhaube-efverlaengerung-zb160-180a\/","og_site_name":"Ohis","twitter_card":"summary_large_image","schema":{"@context":"https:\/\/schema.org","@graph":[{"@type":"WebPage","@id":"https:\/\/www.ohis.be\/de\/produit\/luefterhaube-efverlaengerung-zb160-180a\/","url":"https:\/\/www.ohis.be\/de\/produit\/luefterhaube-efverlaengerung-zb160-180a\/","name":"L\u00fcfterhaube EF+Verl\u00e4ngerung ZB160-180A - Ohis","isPartOf":{"@id":"https:\/\/www.ohis.be\/#website"},"datePublished":"2024-01-30T11:17:08+00:00","breadcrumb":{"@id":"https:\/\/www.ohis.be\/de\/produit\/luefterhaube-efverlaengerung-zb160-180a\/#breadcrumb"},"inLanguage":"de","potentialAction":[{"@type":"ReadAction","target":["https:\/\/www.ohis.be\/de\/produit\/luefterhaube-efverlaengerung-zb160-180a\/"]}]},{"@type":"BreadcrumbList","@id":"https:\/\/www.ohis.be\/de\/produit\/luefterhaube-efverlaengerung-zb160-180a\/#breadcrumb","itemListElement":[{"@type":"ListItem","position":1,"name":"Accueil","item":"https:\/\/www.ohis.be\/de\/"},{"@type":"ListItem","position":2,"name":"Produkte","item":"https:\/\/www.ohis.be\/de\/produkte\/"},{"@type":"ListItem","position":3,"name":"L\u00fcfterhaube EF+Verl\u00e4ngerung ZB160-180A"}]},{"@type":"WebSite","@id":"https:\/\/www.ohis.be\/#website","url":"https:\/\/www.ohis.be\/","name":"Ohis","description":"Outils de levage","publisher":{"@id":"https:\/\/www.ohis.be\/#organization"},"potentialAction":[{"@type":"SearchAction","target":{"@type":"EntryPoint","urlTemplate":"https:\/\/www.ohis.be\/?s={search_term_string}"},"query-input":{"@type":"PropertyValueSpecification","valueRequired":true,"valueName":"search_term_string"}}],"inLanguage":"de"},{"@type":"Organization","@id":"https:\/\/www.ohis.be\/#organization","name":"Ohis","url":"https:\/\/www.ohis.be\/","logo":{"@type":"ImageObject","inLanguage":"de","@id":"https:\/\/www.ohis.be\/#\/schema\/logo\/image\/","url":"https:\/\/www.ohis.be\/wp-content\/uploads\/2021\/02\/logo-ohis-wit.svg","contentUrl":"https:\/\/www.ohis.be\/wp-content\/uploads\/2021\/02\/logo-ohis-wit.svg","caption":"Ohis"},"image":{"@id":"https:\/\/www.ohis.be\/#\/schema\/logo\/image\/"}}]}},"_links":{"self":[{"href":"https:\/\/www.ohis.be\/de\/wp-json\/wp\/v2\/product\/44536","targetHints":{"allow":["GET"]}}],"collection":[{"href":"https:\/\/www.ohis.be\/de\/wp-json\/wp\/v2\/product"}],"about":[{"href":"https:\/\/www.ohis.be\/de\/wp-json\/wp\/v2\/types\/product"}],"wp:attachment":[{"href":"https:\/\/www.ohis.be\/de\/wp-json\/wp\/v2\/media?parent=44536"}],"wp:term":[{"taxonomy":"product_brand","embeddable":true,"href":"https:\/\/www.ohis.be\/de\/wp-json\/wp\/v2\/product_brand?post=44536"},{"taxonomy":"product_cat","embeddable":true,"href":"https:\/\/www.ohis.be\/de\/wp-json\/wp\/v2\/product_cat?post=44536"},{"taxonomy":"product_tag","embeddable":true,"href":"https:\/\/www.ohis.be\/de\/wp-json\/wp\/v2\/product_tag?post=44536"}],"curies":[{"name":"wp","href":"https:\/\/api.w.org\/{rel}","templated":true}]}}