{"id":43824,"date":"2024-01-11T16:12:35","date_gmt":"2024-01-11T15:12:35","guid":{"rendered":"https:\/\/www.ohis.be\/produit\/anschlagketten-gueteklasse-100-2-strang\/"},"modified":"2024-01-11T16:12:35","modified_gmt":"2024-01-11T15:12:35","slug":"anschlagketten-gueteklasse-100-2-strang","status":"publish","type":"product","link":"https:\/\/www.ohis.be\/de\/produit\/anschlagketten-gueteklasse-100-2-strang\/","title":{"rendered":"Anschlagketten g\u00fcteklasse 100 &#8211; 2-strang"},"content":{"rendered":"<p>Anschlagketten g\u00fcteklasse 100 &#8211; 2-strang<br \/>\n2-Strang mit Gabelkopf- oder selbstschlie\u00dfendem Lasthaken, mit oder ohne Verk\u00fcrzungshaken<br \/>\nFabrication in Asien<br \/>\nAndere L\u00e4ngen und Haken Kombinationen auf Anfrage.<\/p>\n<table width=\"372\">\n<tbody>\n<tr>\n<td colspan=\"3\" width=\"372\">Grade 100 &#8211; Anschlagketten 2-strang<\/td>\n<\/tr>\n<tr>\n<td>Nenngr\u00f6\u00dfe<\/td>\n<td style=\"text-align: center\" colspan=\"2\">Tragf\u00e4higkeit<\/td>\n<\/tr>\n<tr>\n<td><\/td>\n<td>\u03b2 &lt; 45\u00b0<\/td>\n<td>\u03b2 = 45-60\u00b0<\/td>\n<\/tr>\n<tr>\n<td>\u00d8 mm<\/td>\n<td>kg<\/td>\n<td>kg<\/td>\n<\/tr>\n<tr>\n<td>6<\/td>\n<td>2000<\/td>\n<td>1400<\/td>\n<\/tr>\n<tr>\n<td>8<\/td>\n<td>3550<\/td>\n<td>2500<\/td>\n<\/tr>\n<tr>\n<td>10<\/td>\n<td>5600<\/td>\n<td>4000<\/td>\n<\/tr>\n<tr>\n<td>13<\/td>\n<td>9500<\/td>\n<td>6700<\/td>\n<\/tr>\n<tr>\n<td>16<\/td>\n<td>14000<\/td>\n<td>10000<\/td>\n<\/tr>\n<tr>\n<td>20<\/td>\n<td>22400<\/td>\n<td>16000<\/td>\n<\/tr>\n<tr>\n<td>22<\/td>\n<td>26500<\/td>\n<td>19000<\/td>\n<\/tr>\n<tr>\n<td>26<\/td>\n<td>37500<\/td>\n<td>26500<\/td>\n<\/tr>\n<tr>\n<td>32<\/td>\n<td>55000<\/td>\n<td>39300<\/td>\n<\/tr>\n<\/tbody>\n<\/table>\n","protected":false},"excerpt":{"rendered":"<p>Anschlagketten g\u00fcteklasse 100 &#8211; 2-strang<br \/>\n2-Strang mit Gabelkopf- oder selbstschlie\u00dfendem Lasthaken, mit oder ohne Verk\u00fcrzungshaken<br \/>\nFabrication in Asien<br \/>\nAndere L\u00e4ngen und Haken Kombinationen auf Anfrage.<\/p>\n<table width=\"372\">\n<tbody>\n<tr>\n<td colspan=\"3\" width=\"372\">Grade 100 &#8211; Anschlagketten 2-strang<\/td>\n<\/tr>\n<tr>\n<td>Nenngr\u00f6\u00dfe<\/td>\n<td colspan=\"2\">Tragf\u00e4higkeit<\/td>\n<\/tr>\n<tr>\n<td><\/td>\n<td>\u03b2 &lt; 45\u00b0<\/td>\n<td>\u03b2 = 45-60\u00b0<\/td>\n<\/tr>\n<tr>\n<td>\u00d8 mm<\/td>\n<td>kg<\/td>\n<td>kg<\/td>\n<\/tr>\n<tr>\n<td>6<\/td>\n<td>2000<\/td>\n<td>1400<\/td>\n<\/tr>\n<tr>\n<td>8<\/td>\n<td>3550<\/td>\n<td>2500<\/td>\n<\/tr>\n<tr>\n<td>10<\/td>\n<td>5600<\/td>\n<td>4000<\/td>\n<\/tr>\n<tr>\n<td>13<\/td>\n<td>9500<\/td>\n<td>6700<\/td>\n<\/tr>\n<tr>\n<td>16<\/td>\n<td>14000<\/td>\n<td>10000<\/td>\n<\/tr>\n<tr>\n<td>20<\/td>\n<td>22400<\/td>\n<td>16000<\/td>\n<\/tr>\n<tr>\n<td>22<\/td>\n<td>26500<\/td>\n<td>19000<\/td>\n<\/tr>\n<tr>\n<td>26<\/td>\n<td>37500<\/td>\n<td>26500<\/td>\n<\/tr>\n<tr>\n<td>32<\/td>\n<td>55000<\/td>\n<td>39300<\/td>\n<\/tr>\n<\/tbody>\n<\/table>\n","protected":false},"featured_media":42749,"template":"","meta":{"_acf_changed":false,"inline_featured_image":false},"product_brand":[],"product_cat":[3722],"product_tag":[],"class_list":{"0":"post-43824","1":"product","2":"type-product","3":"status-publish","4":"has-post-thumbnail","6":"product_cat-kettenschlingen","7":"yith_product_brand-deltalock-de","9":"first","10":"onbackorder","11":"taxable","12":"shipping-taxable","13":"purchasable","14":"product-type-variable"},"acf":[],"yoast_head":"<!-- This site is optimized with the Yoast SEO plugin v27.5 - https:\/\/yoast.com\/product\/yoast-seo-wordpress\/ -->\n<title>Anschlagketten g\u00fcteklasse 100 - 2-strang - Ohis<\/title>\n<meta name=\"robots\" content=\"index, follow, max-snippet:-1, max-image-preview:large, max-video-preview:-1\" \/>\n<link rel=\"canonical\" href=\"https:\/\/www.ohis.be\/de\/produit\/anschlagketten-gueteklasse-100-2-strang\/\" \/>\n<meta property=\"og:locale\" content=\"de_DE\" \/>\n<meta property=\"og:type\" content=\"article\" \/>\n<meta property=\"og:title\" content=\"Anschlagketten g\u00fcteklasse 100 - 2-strang - Ohis\" \/>\n<meta property=\"og:description\" content=\"Anschlagketten g\u00fcteklasse 100 - 2-strang 2-Strang mit Gabelkopf- oder selbstschlie\u00dfendem Lasthaken, mit oder ohne Verk\u00fcrzungshaken Fabrication in Asien Andere L\u00e4ngen und Haken Kombinationen auf Anfrage.    Grade 100 - Anschlagketten 2-strang   Nenngr\u00f6\u00dfe Tragf\u00e4higkeit    \u03b2 &lt; 45\u00b0 \u03b2 = 45-60\u00b0   \u00d8 mm kg kg   6 2000 1400   8 3550 2500   10 5600 4000   13 9500 6700   16 14000 10000   20 22400 16000   22 26500 19000   26 37500 26500   32 55000 39300\" \/>\n<meta property=\"og:url\" content=\"https:\/\/www.ohis.be\/de\/produit\/anschlagketten-gueteklasse-100-2-strang\/\" \/>\n<meta property=\"og:site_name\" content=\"Ohis\" \/>\n<meta property=\"og:image\" content=\"https:\/\/www.ohis.be\/wp-content\/uploads\/2024\/01\/g_YE.10.2SK.jpg\" \/>\n\t<meta property=\"og:image:width\" content=\"1000\" \/>\n\t<meta property=\"og:image:height\" content=\"1000\" \/>\n\t<meta property=\"og:image:type\" content=\"image\/jpeg\" \/>\n<meta name=\"twitter:card\" content=\"summary_large_image\" \/>\n<script type=\"application\/ld+json\" class=\"yoast-schema-graph\">{\"@context\":\"https:\\\/\\\/schema.org\",\"@graph\":[{\"@type\":\"WebPage\",\"@id\":\"https:\\\/\\\/www.ohis.be\\\/de\\\/produit\\\/anschlagketten-gueteklasse-100-2-strang\\\/\",\"url\":\"https:\\\/\\\/www.ohis.be\\\/de\\\/produit\\\/anschlagketten-gueteklasse-100-2-strang\\\/\",\"name\":\"Anschlagketten g\u00fcteklasse 100 - 2-strang - Ohis\",\"isPartOf\":{\"@id\":\"https:\\\/\\\/www.ohis.be\\\/de\\\/#website\"},\"primaryImageOfPage\":{\"@id\":\"https:\\\/\\\/www.ohis.be\\\/de\\\/produit\\\/anschlagketten-gueteklasse-100-2-strang\\\/#primaryimage\"},\"image\":{\"@id\":\"https:\\\/\\\/www.ohis.be\\\/de\\\/produit\\\/anschlagketten-gueteklasse-100-2-strang\\\/#primaryimage\"},\"thumbnailUrl\":\"https:\\\/\\\/www.ohis.be\\\/wp-content\\\/uploads\\\/2024\\\/01\\\/g_YE.10.2SK.jpg\",\"datePublished\":\"2024-01-11T15:12:35+00:00\",\"breadcrumb\":{\"@id\":\"https:\\\/\\\/www.ohis.be\\\/de\\\/produit\\\/anschlagketten-gueteklasse-100-2-strang\\\/#breadcrumb\"},\"inLanguage\":\"de\",\"potentialAction\":[{\"@type\":\"ReadAction\",\"target\":[\"https:\\\/\\\/www.ohis.be\\\/de\\\/produit\\\/anschlagketten-gueteklasse-100-2-strang\\\/\"]}]},{\"@type\":\"ImageObject\",\"inLanguage\":\"de\",\"@id\":\"https:\\\/\\\/www.ohis.be\\\/de\\\/produit\\\/anschlagketten-gueteklasse-100-2-strang\\\/#primaryimage\",\"url\":\"https:\\\/\\\/www.ohis.be\\\/wp-content\\\/uploads\\\/2024\\\/01\\\/g_YE.10.2SK.jpg\",\"contentUrl\":\"https:\\\/\\\/www.ohis.be\\\/wp-content\\\/uploads\\\/2024\\\/01\\\/g_YE.10.2SK.jpg\",\"width\":1000,\"height\":1000,\"caption\":\"2-Strang mit Gabelkopf lasthaken\"},{\"@type\":\"BreadcrumbList\",\"@id\":\"https:\\\/\\\/www.ohis.be\\\/de\\\/produit\\\/anschlagketten-gueteklasse-100-2-strang\\\/#breadcrumb\",\"itemListElement\":[{\"@type\":\"ListItem\",\"position\":1,\"name\":\"Accueil\",\"item\":\"https:\\\/\\\/www.ohis.be\\\/de\\\/\"},{\"@type\":\"ListItem\",\"position\":2,\"name\":\"Produkte\",\"item\":\"https:\\\/\\\/www.ohis.be\\\/de\\\/produkte\\\/\"},{\"@type\":\"ListItem\",\"position\":3,\"name\":\"Anschlagketten g\u00fcteklasse 100 &#8211; 2-strang\"}]},{\"@type\":\"WebSite\",\"@id\":\"https:\\\/\\\/www.ohis.be\\\/de\\\/#website\",\"url\":\"https:\\\/\\\/www.ohis.be\\\/de\\\/\",\"name\":\"Ohis\",\"description\":\"Outils de levage\",\"publisher\":{\"@id\":\"https:\\\/\\\/www.ohis.be\\\/de\\\/#organization\"},\"potentialAction\":[{\"@type\":\"SearchAction\",\"target\":{\"@type\":\"EntryPoint\",\"urlTemplate\":\"https:\\\/\\\/www.ohis.be\\\/de\\\/?s={search_term_string}\"},\"query-input\":{\"@type\":\"PropertyValueSpecification\",\"valueRequired\":true,\"valueName\":\"search_term_string\"}}],\"inLanguage\":\"de\"},{\"@type\":\"Organization\",\"@id\":\"https:\\\/\\\/www.ohis.be\\\/de\\\/#organization\",\"name\":\"Ohis\",\"url\":\"https:\\\/\\\/www.ohis.be\\\/de\\\/\",\"logo\":{\"@type\":\"ImageObject\",\"inLanguage\":\"de\",\"@id\":\"https:\\\/\\\/www.ohis.be\\\/de\\\/#\\\/schema\\\/logo\\\/image\\\/\",\"url\":\"https:\\\/\\\/www.ohis.be\\\/wp-content\\\/uploads\\\/2021\\\/02\\\/logo-ohis-wit.svg\",\"contentUrl\":\"https:\\\/\\\/www.ohis.be\\\/wp-content\\\/uploads\\\/2021\\\/02\\\/logo-ohis-wit.svg\",\"caption\":\"Ohis\"},\"image\":{\"@id\":\"https:\\\/\\\/www.ohis.be\\\/de\\\/#\\\/schema\\\/logo\\\/image\\\/\"}}]}<\/script>\n<!-- \/ Yoast SEO plugin. -->","yoast_head_json":{"title":"Anschlagketten g\u00fcteklasse 100 - 2-strang - Ohis","robots":{"index":"index","follow":"follow","max-snippet":"max-snippet:-1","max-image-preview":"max-image-preview:large","max-video-preview":"max-video-preview:-1"},"canonical":"https:\/\/www.ohis.be\/de\/produit\/anschlagketten-gueteklasse-100-2-strang\/","og_locale":"de_DE","og_type":"article","og_title":"Anschlagketten g\u00fcteklasse 100 - 2-strang - Ohis","og_description":"Anschlagketten g\u00fcteklasse 100 - 2-strang 2-Strang mit Gabelkopf- oder selbstschlie\u00dfendem Lasthaken, mit oder ohne Verk\u00fcrzungshaken Fabrication in Asien Andere L\u00e4ngen und Haken Kombinationen auf Anfrage.    Grade 100 - Anschlagketten 2-strang   Nenngr\u00f6\u00dfe Tragf\u00e4higkeit    \u03b2 &lt; 45\u00b0 \u03b2 = 45-60\u00b0   \u00d8 mm kg kg   6 2000 1400   8 3550 2500   10 5600 4000   13 9500 6700   16 14000 10000   20 22400 16000   22 26500 19000   26 37500 26500   32 55000 39300","og_url":"https:\/\/www.ohis.be\/de\/produit\/anschlagketten-gueteklasse-100-2-strang\/","og_site_name":"Ohis","og_image":[{"width":1000,"height":1000,"url":"https:\/\/www.ohis.be\/wp-content\/uploads\/2024\/01\/g_YE.10.2SK.jpg","type":"image\/jpeg"}],"twitter_card":"summary_large_image","schema":{"@context":"https:\/\/schema.org","@graph":[{"@type":"WebPage","@id":"https:\/\/www.ohis.be\/de\/produit\/anschlagketten-gueteklasse-100-2-strang\/","url":"https:\/\/www.ohis.be\/de\/produit\/anschlagketten-gueteklasse-100-2-strang\/","name":"Anschlagketten g\u00fcteklasse 100 - 2-strang - Ohis","isPartOf":{"@id":"https:\/\/www.ohis.be\/de\/#website"},"primaryImageOfPage":{"@id":"https:\/\/www.ohis.be\/de\/produit\/anschlagketten-gueteklasse-100-2-strang\/#primaryimage"},"image":{"@id":"https:\/\/www.ohis.be\/de\/produit\/anschlagketten-gueteklasse-100-2-strang\/#primaryimage"},"thumbnailUrl":"https:\/\/www.ohis.be\/wp-content\/uploads\/2024\/01\/g_YE.10.2SK.jpg","datePublished":"2024-01-11T15:12:35+00:00","breadcrumb":{"@id":"https:\/\/www.ohis.be\/de\/produit\/anschlagketten-gueteklasse-100-2-strang\/#breadcrumb"},"inLanguage":"de","potentialAction":[{"@type":"ReadAction","target":["https:\/\/www.ohis.be\/de\/produit\/anschlagketten-gueteklasse-100-2-strang\/"]}]},{"@type":"ImageObject","inLanguage":"de","@id":"https:\/\/www.ohis.be\/de\/produit\/anschlagketten-gueteklasse-100-2-strang\/#primaryimage","url":"https:\/\/www.ohis.be\/wp-content\/uploads\/2024\/01\/g_YE.10.2SK.jpg","contentUrl":"https:\/\/www.ohis.be\/wp-content\/uploads\/2024\/01\/g_YE.10.2SK.jpg","width":1000,"height":1000,"caption":"2-Strang mit Gabelkopf lasthaken"},{"@type":"BreadcrumbList","@id":"https:\/\/www.ohis.be\/de\/produit\/anschlagketten-gueteklasse-100-2-strang\/#breadcrumb","itemListElement":[{"@type":"ListItem","position":1,"name":"Accueil","item":"https:\/\/www.ohis.be\/de\/"},{"@type":"ListItem","position":2,"name":"Produkte","item":"https:\/\/www.ohis.be\/de\/produkte\/"},{"@type":"ListItem","position":3,"name":"Anschlagketten g\u00fcteklasse 100 &#8211; 2-strang"}]},{"@type":"WebSite","@id":"https:\/\/www.ohis.be\/de\/#website","url":"https:\/\/www.ohis.be\/de\/","name":"Ohis","description":"Outils de levage","publisher":{"@id":"https:\/\/www.ohis.be\/de\/#organization"},"potentialAction":[{"@type":"SearchAction","target":{"@type":"EntryPoint","urlTemplate":"https:\/\/www.ohis.be\/de\/?s={search_term_string}"},"query-input":{"@type":"PropertyValueSpecification","valueRequired":true,"valueName":"search_term_string"}}],"inLanguage":"de"},{"@type":"Organization","@id":"https:\/\/www.ohis.be\/de\/#organization","name":"Ohis","url":"https:\/\/www.ohis.be\/de\/","logo":{"@type":"ImageObject","inLanguage":"de","@id":"https:\/\/www.ohis.be\/de\/#\/schema\/logo\/image\/","url":"https:\/\/www.ohis.be\/wp-content\/uploads\/2021\/02\/logo-ohis-wit.svg","contentUrl":"https:\/\/www.ohis.be\/wp-content\/uploads\/2021\/02\/logo-ohis-wit.svg","caption":"Ohis"},"image":{"@id":"https:\/\/www.ohis.be\/de\/#\/schema\/logo\/image\/"}}]}},"_links":{"self":[{"href":"https:\/\/www.ohis.be\/de\/wp-json\/wp\/v2\/product\/43824","targetHints":{"allow":["GET"]}}],"collection":[{"href":"https:\/\/www.ohis.be\/de\/wp-json\/wp\/v2\/product"}],"about":[{"href":"https:\/\/www.ohis.be\/de\/wp-json\/wp\/v2\/types\/product"}],"wp:featuredmedia":[{"embeddable":true,"href":"https:\/\/www.ohis.be\/de\/wp-json\/wp\/v2\/media\/42749"}],"wp:attachment":[{"href":"https:\/\/www.ohis.be\/de\/wp-json\/wp\/v2\/media?parent=43824"}],"wp:term":[{"taxonomy":"product_brand","embeddable":true,"href":"https:\/\/www.ohis.be\/de\/wp-json\/wp\/v2\/product_brand?post=43824"},{"taxonomy":"product_cat","embeddable":true,"href":"https:\/\/www.ohis.be\/de\/wp-json\/wp\/v2\/product_cat?post=43824"},{"taxonomy":"product_tag","embeddable":true,"href":"https:\/\/www.ohis.be\/de\/wp-json\/wp\/v2\/product_tag?post=43824"}],"curies":[{"name":"wp","href":"https:\/\/api.w.org\/{rel}","templated":true}]}}