{"id":40959,"date":"2023-12-12T16:03:12","date_gmt":"2023-12-12T15:03:12","guid":{"rendered":"https:\/\/www.ohis.be\/produit\/steuerung-polu-box-dc\/"},"modified":"2023-12-12T16:03:12","modified_gmt":"2023-12-12T15:03:12","slug":"steuerung-polu-box-dc","status":"publish","type":"product","link":"https:\/\/www.ohis.be\/de\/produit\/steuerung-polu-box-dc\/","title":{"rendered":"Steuerung Polu-Box DC"},"content":{"rendered":"<p>Die Polu-Box DC ist eine Sch\u00fctzsteuerung f\u00fcr polumschaltbare Drehstrommotoren &#8211; mit oder ohne Bremse &#8211; f\u00fcr Wagenlenk- oder Br\u00fcckenfahrmechanismen oder \u00e4hnliche Mechanismen.<br \/>\nF\u00fcr die Stromversorgung ist ein Anschluss an ein dreiphasiges Netz mit Spannungswerten von 230 bis 575 V +\/-10% und einer Frequenz von 50\/60 Hz m\u00f6glich, die Anpassung an das Versorgungsnetz erfolgt \u00fcber die Verbindungsleitung an der Klemmenleiste -X10. Dort k\u00f6nnen vier verschiedene Nennspannungen eingestellt werden.<br \/>\nDie Steuerung erfolgt \u00fcber Tri-State-Signale mit 24 V AC. Damit k\u00f6nnen zwei Drehrichtungen des Motors und zwei Geschwindigkeitsstufen eingestellt werden.<br \/>\nBei Ansteuerung mit Signalen (PWM) zur stufenlosen Geschwindigkeits\u00e4nderung des Kettenzuges sorgt die Polu-Box DC durch eine eingebaute Schaltschwelle f\u00fcr die Umschaltung zwischen den beiden Geschwindigkeitsstufen des polumschaltbaren Motors f\u00fcr die Kranfahrt.<\/p>\n","protected":false},"excerpt":{"rendered":"<p>Die Polu-Box DC ist eine Sch\u00fctzsteuerung f\u00fcr polumschaltbare Drehstrommotoren &#8211; mit oder ohne Bremse &#8211; f\u00fcr Wagenlenk- oder Br\u00fcckenfahrmechanismen oder \u00e4hnliche Mechanismen.<br \/>\nF\u00fcr die Stromversorgung ist ein Anschluss an ein dreiphasiges Netz mit Spannungswerten von 230 bis 575 V +\/-10% und einer Frequenz von 50\/60 Hz m\u00f6glich, die Anpassung an das Versorgungsnetz erfolgt \u00fcber die Verbindungsleitung an der Klemmenleiste -X10. Dort k\u00f6nnen vier verschiedene Nennspannungen eingestellt werden.<br \/>\nDie Steuerung erfolgt \u00fcber Tri-State-Signale mit 24 V AC. Damit k\u00f6nnen zwei Drehrichtungen des Motors und zwei Geschwindigkeitsstufen eingestellt werden.<br \/>\nBei Ansteuerung mit Signalen (PWM) zur stufenlosen Geschwindigkeits\u00e4nderung des Kettenzuges sorgt die Polu-Box DC durch eine eingebaute Schaltschwelle f\u00fcr die Umschaltung zwischen den beiden Geschwindigkeitsstufen des polumschaltbaren Motors f\u00fcr die Kranfahrt.<\/p>\n","protected":false},"featured_media":40870,"template":"","meta":{"_acf_changed":false,"inline_featured_image":false},"product_brand":[],"product_cat":[358],"product_tag":[],"class_list":{"0":"post-40959","1":"product","2":"type-product","3":"status-publish","4":"has-post-thumbnail","6":"product_cat-demag-dc-de","7":"yith_product_brand-demag-de","9":"first","10":"onbackorder","11":"taxable","12":"shipping-taxable","13":"purchasable","14":"product-type-simple"},"acf":[],"yoast_head":"<!-- This site is optimized with the Yoast SEO plugin v27.5 - https:\/\/yoast.com\/product\/yoast-seo-wordpress\/ -->\n<title>Steuerung Polu-Box DC - Ohis<\/title>\n<meta name=\"robots\" content=\"index, follow, max-snippet:-1, max-image-preview:large, max-video-preview:-1\" \/>\n<link rel=\"canonical\" href=\"https:\/\/www.ohis.be\/de\/produit\/steuerung-polu-box-dc\/\" \/>\n<meta property=\"og:locale\" content=\"de_DE\" \/>\n<meta property=\"og:type\" content=\"article\" \/>\n<meta property=\"og:title\" content=\"Steuerung Polu-Box DC - Ohis\" \/>\n<meta property=\"og:description\" content=\"Die Polu-Box DC ist eine Sch\u00fctzsteuerung f\u00fcr polumschaltbare Drehstrommotoren - mit oder ohne Bremse - f\u00fcr Wagenlenk- oder Br\u00fcckenfahrmechanismen oder \u00e4hnliche Mechanismen. F\u00fcr die Stromversorgung ist ein Anschluss an ein dreiphasiges Netz mit Spannungswerten von 230 bis 575 V +\/-10% und einer Frequenz von 50\/60 Hz m\u00f6glich, die Anpassung an das Versorgungsnetz erfolgt \u00fcber die Verbindungsleitung an der Klemmenleiste -X10. Dort k\u00f6nnen vier verschiedene Nennspannungen eingestellt werden. Die Steuerung erfolgt \u00fcber Tri-State-Signale mit 24 V AC. Damit k\u00f6nnen zwei Drehrichtungen des Motors und zwei Geschwindigkeitsstufen eingestellt werden. Bei Ansteuerung mit Signalen (PWM) zur stufenlosen Geschwindigkeits\u00e4nderung des Kettenzuges sorgt die Polu-Box DC durch eine eingebaute Schaltschwelle f\u00fcr die Umschaltung zwischen den beiden Geschwindigkeitsstufen des polumschaltbaren Motors f\u00fcr die Kranfahrt.\" \/>\n<meta property=\"og:url\" content=\"https:\/\/www.ohis.be\/de\/produit\/steuerung-polu-box-dc\/\" \/>\n<meta property=\"og:site_name\" content=\"Ohis\" \/>\n<meta name=\"twitter:card\" content=\"summary_large_image\" \/>\n<meta name=\"twitter:label1\" content=\"Gesch\u00e4tzte Lesezeit\" \/>\n\t<meta name=\"twitter:data1\" content=\"1\u00a0Minute\" \/>\n<script type=\"application\/ld+json\" class=\"yoast-schema-graph\">{\"@context\":\"https:\\\/\\\/schema.org\",\"@graph\":[{\"@type\":\"WebPage\",\"@id\":\"https:\\\/\\\/www.ohis.be\\\/de\\\/produit\\\/steuerung-polu-box-dc\\\/\",\"url\":\"https:\\\/\\\/www.ohis.be\\\/de\\\/produit\\\/steuerung-polu-box-dc\\\/\",\"name\":\"Steuerung Polu-Box DC - Ohis\",\"isPartOf\":{\"@id\":\"https:\\\/\\\/www.ohis.be\\\/de\\\/#website\"},\"primaryImageOfPage\":{\"@id\":\"https:\\\/\\\/www.ohis.be\\\/de\\\/produit\\\/steuerung-polu-box-dc\\\/#primaryimage\"},\"image\":{\"@id\":\"https:\\\/\\\/www.ohis.be\\\/de\\\/produit\\\/steuerung-polu-box-dc\\\/#primaryimage\"},\"thumbnailUrl\":\"https:\\\/\\\/www.ohis.be\\\/wp-content\\\/uploads\\\/2023\\\/12\\\/g_77228045.bmp\",\"datePublished\":\"2023-12-12T15:03:12+00:00\",\"breadcrumb\":{\"@id\":\"https:\\\/\\\/www.ohis.be\\\/de\\\/produit\\\/steuerung-polu-box-dc\\\/#breadcrumb\"},\"inLanguage\":\"de\",\"potentialAction\":[{\"@type\":\"ReadAction\",\"target\":[\"https:\\\/\\\/www.ohis.be\\\/de\\\/produit\\\/steuerung-polu-box-dc\\\/\"]}]},{\"@type\":\"ImageObject\",\"inLanguage\":\"de\",\"@id\":\"https:\\\/\\\/www.ohis.be\\\/de\\\/produit\\\/steuerung-polu-box-dc\\\/#primaryimage\",\"url\":\"https:\\\/\\\/www.ohis.be\\\/wp-content\\\/uploads\\\/2023\\\/12\\\/g_77228045.bmp\",\"contentUrl\":\"https:\\\/\\\/www.ohis.be\\\/wp-content\\\/uploads\\\/2023\\\/12\\\/g_77228045.bmp\",\"width\":508,\"height\":431,\"caption\":\"Commande Polu-Box DC\"},{\"@type\":\"BreadcrumbList\",\"@id\":\"https:\\\/\\\/www.ohis.be\\\/de\\\/produit\\\/steuerung-polu-box-dc\\\/#breadcrumb\",\"itemListElement\":[{\"@type\":\"ListItem\",\"position\":1,\"name\":\"Accueil\",\"item\":\"https:\\\/\\\/www.ohis.be\\\/de\\\/\"},{\"@type\":\"ListItem\",\"position\":2,\"name\":\"Produkte\",\"item\":\"https:\\\/\\\/www.ohis.be\\\/de\\\/produkte\\\/\"},{\"@type\":\"ListItem\",\"position\":3,\"name\":\"Steuerung Polu-Box DC\"}]},{\"@type\":\"WebSite\",\"@id\":\"https:\\\/\\\/www.ohis.be\\\/de\\\/#website\",\"url\":\"https:\\\/\\\/www.ohis.be\\\/de\\\/\",\"name\":\"Ohis\",\"description\":\"Outils de levage\",\"publisher\":{\"@id\":\"https:\\\/\\\/www.ohis.be\\\/de\\\/#organization\"},\"potentialAction\":[{\"@type\":\"SearchAction\",\"target\":{\"@type\":\"EntryPoint\",\"urlTemplate\":\"https:\\\/\\\/www.ohis.be\\\/de\\\/?s={search_term_string}\"},\"query-input\":{\"@type\":\"PropertyValueSpecification\",\"valueRequired\":true,\"valueName\":\"search_term_string\"}}],\"inLanguage\":\"de\"},{\"@type\":\"Organization\",\"@id\":\"https:\\\/\\\/www.ohis.be\\\/de\\\/#organization\",\"name\":\"Ohis\",\"url\":\"https:\\\/\\\/www.ohis.be\\\/de\\\/\",\"logo\":{\"@type\":\"ImageObject\",\"inLanguage\":\"de\",\"@id\":\"https:\\\/\\\/www.ohis.be\\\/de\\\/#\\\/schema\\\/logo\\\/image\\\/\",\"url\":\"https:\\\/\\\/www.ohis.be\\\/wp-content\\\/uploads\\\/2021\\\/02\\\/logo-ohis-wit.svg\",\"contentUrl\":\"https:\\\/\\\/www.ohis.be\\\/wp-content\\\/uploads\\\/2021\\\/02\\\/logo-ohis-wit.svg\",\"caption\":\"Ohis\"},\"image\":{\"@id\":\"https:\\\/\\\/www.ohis.be\\\/de\\\/#\\\/schema\\\/logo\\\/image\\\/\"}}]}<\/script>\n<!-- \/ Yoast SEO plugin. -->","yoast_head_json":{"title":"Steuerung Polu-Box DC - Ohis","robots":{"index":"index","follow":"follow","max-snippet":"max-snippet:-1","max-image-preview":"max-image-preview:large","max-video-preview":"max-video-preview:-1"},"canonical":"https:\/\/www.ohis.be\/de\/produit\/steuerung-polu-box-dc\/","og_locale":"de_DE","og_type":"article","og_title":"Steuerung Polu-Box DC - Ohis","og_description":"Die Polu-Box DC ist eine Sch\u00fctzsteuerung f\u00fcr polumschaltbare Drehstrommotoren - mit oder ohne Bremse - f\u00fcr Wagenlenk- oder Br\u00fcckenfahrmechanismen oder \u00e4hnliche Mechanismen. F\u00fcr die Stromversorgung ist ein Anschluss an ein dreiphasiges Netz mit Spannungswerten von 230 bis 575 V +\/-10% und einer Frequenz von 50\/60 Hz m\u00f6glich, die Anpassung an das Versorgungsnetz erfolgt \u00fcber die Verbindungsleitung an der Klemmenleiste -X10. Dort k\u00f6nnen vier verschiedene Nennspannungen eingestellt werden. Die Steuerung erfolgt \u00fcber Tri-State-Signale mit 24 V AC. Damit k\u00f6nnen zwei Drehrichtungen des Motors und zwei Geschwindigkeitsstufen eingestellt werden. Bei Ansteuerung mit Signalen (PWM) zur stufenlosen Geschwindigkeits\u00e4nderung des Kettenzuges sorgt die Polu-Box DC durch eine eingebaute Schaltschwelle f\u00fcr die Umschaltung zwischen den beiden Geschwindigkeitsstufen des polumschaltbaren Motors f\u00fcr die Kranfahrt.","og_url":"https:\/\/www.ohis.be\/de\/produit\/steuerung-polu-box-dc\/","og_site_name":"Ohis","twitter_card":"summary_large_image","twitter_misc":{"Gesch\u00e4tzte Lesezeit":"1\u00a0Minute"},"schema":{"@context":"https:\/\/schema.org","@graph":[{"@type":"WebPage","@id":"https:\/\/www.ohis.be\/de\/produit\/steuerung-polu-box-dc\/","url":"https:\/\/www.ohis.be\/de\/produit\/steuerung-polu-box-dc\/","name":"Steuerung Polu-Box DC - Ohis","isPartOf":{"@id":"https:\/\/www.ohis.be\/de\/#website"},"primaryImageOfPage":{"@id":"https:\/\/www.ohis.be\/de\/produit\/steuerung-polu-box-dc\/#primaryimage"},"image":{"@id":"https:\/\/www.ohis.be\/de\/produit\/steuerung-polu-box-dc\/#primaryimage"},"thumbnailUrl":"https:\/\/www.ohis.be\/wp-content\/uploads\/2023\/12\/g_77228045.bmp","datePublished":"2023-12-12T15:03:12+00:00","breadcrumb":{"@id":"https:\/\/www.ohis.be\/de\/produit\/steuerung-polu-box-dc\/#breadcrumb"},"inLanguage":"de","potentialAction":[{"@type":"ReadAction","target":["https:\/\/www.ohis.be\/de\/produit\/steuerung-polu-box-dc\/"]}]},{"@type":"ImageObject","inLanguage":"de","@id":"https:\/\/www.ohis.be\/de\/produit\/steuerung-polu-box-dc\/#primaryimage","url":"https:\/\/www.ohis.be\/wp-content\/uploads\/2023\/12\/g_77228045.bmp","contentUrl":"https:\/\/www.ohis.be\/wp-content\/uploads\/2023\/12\/g_77228045.bmp","width":508,"height":431,"caption":"Commande Polu-Box DC"},{"@type":"BreadcrumbList","@id":"https:\/\/www.ohis.be\/de\/produit\/steuerung-polu-box-dc\/#breadcrumb","itemListElement":[{"@type":"ListItem","position":1,"name":"Accueil","item":"https:\/\/www.ohis.be\/de\/"},{"@type":"ListItem","position":2,"name":"Produkte","item":"https:\/\/www.ohis.be\/de\/produkte\/"},{"@type":"ListItem","position":3,"name":"Steuerung Polu-Box DC"}]},{"@type":"WebSite","@id":"https:\/\/www.ohis.be\/de\/#website","url":"https:\/\/www.ohis.be\/de\/","name":"Ohis","description":"Outils de levage","publisher":{"@id":"https:\/\/www.ohis.be\/de\/#organization"},"potentialAction":[{"@type":"SearchAction","target":{"@type":"EntryPoint","urlTemplate":"https:\/\/www.ohis.be\/de\/?s={search_term_string}"},"query-input":{"@type":"PropertyValueSpecification","valueRequired":true,"valueName":"search_term_string"}}],"inLanguage":"de"},{"@type":"Organization","@id":"https:\/\/www.ohis.be\/de\/#organization","name":"Ohis","url":"https:\/\/www.ohis.be\/de\/","logo":{"@type":"ImageObject","inLanguage":"de","@id":"https:\/\/www.ohis.be\/de\/#\/schema\/logo\/image\/","url":"https:\/\/www.ohis.be\/wp-content\/uploads\/2021\/02\/logo-ohis-wit.svg","contentUrl":"https:\/\/www.ohis.be\/wp-content\/uploads\/2021\/02\/logo-ohis-wit.svg","caption":"Ohis"},"image":{"@id":"https:\/\/www.ohis.be\/de\/#\/schema\/logo\/image\/"}}]}},"_links":{"self":[{"href":"https:\/\/www.ohis.be\/de\/wp-json\/wp\/v2\/product\/40959","targetHints":{"allow":["GET"]}}],"collection":[{"href":"https:\/\/www.ohis.be\/de\/wp-json\/wp\/v2\/product"}],"about":[{"href":"https:\/\/www.ohis.be\/de\/wp-json\/wp\/v2\/types\/product"}],"wp:featuredmedia":[{"embeddable":true,"href":"https:\/\/www.ohis.be\/de\/wp-json\/wp\/v2\/media\/40870"}],"wp:attachment":[{"href":"https:\/\/www.ohis.be\/de\/wp-json\/wp\/v2\/media?parent=40959"}],"wp:term":[{"taxonomy":"product_brand","embeddable":true,"href":"https:\/\/www.ohis.be\/de\/wp-json\/wp\/v2\/product_brand?post=40959"},{"taxonomy":"product_cat","embeddable":true,"href":"https:\/\/www.ohis.be\/de\/wp-json\/wp\/v2\/product_cat?post=40959"},{"taxonomy":"product_tag","embeddable":true,"href":"https:\/\/www.ohis.be\/de\/wp-json\/wp\/v2\/product_tag?post=40959"}],"curies":[{"name":"wp","href":"https:\/\/api.w.org\/{rel}","templated":true}]}}