{"id":40056,"date":"2023-10-13T13:09:42","date_gmt":"2023-10-13T11:09:42","guid":{"rendered":"https:\/\/www.ohis.be\/produit\/m12-aisi316-edelstahl-ziehhilfe\/"},"modified":"2023-10-13T13:09:42","modified_gmt":"2023-10-13T11:09:42","slug":"m12-aisi316-edelstahl-ziehhilfe","status":"publish","type":"product","link":"https:\/\/www.ohis.be\/de\/produit\/m12-aisi316-edelstahl-ziehhilfe\/","title":{"rendered":"M12 &#8211; AISI316 &#8211; Edelstahl Ziehhilfe"},"content":{"rendered":"<div class=\"descrizione text-lg mb-5\">\n<div class=\"descrizione text-lg mb-5\">\n<p>Die\u00a0<span data-sheets-value=\"{&quot;1&quot;:2,&quot;2&quot;:&quot;Edelstahl Ziehhilfe&quot;}\" data-sheets-userformat=\"{&quot;2&quot;:513,&quot;3&quot;:{&quot;1&quot;:0},&quot;12&quot;:0}\">Edelstahl Ziehhilfe<\/span> Zallys M12 ist die ideale L\u00f6sung, um die manuelle Handhabung von Lasten zu vermeiden.\u00a0F\u00fcr Arbeitsumgebungen, in denen ein hohes Ma\u00df an Hygiene und Schutz vor korrosiven Elementen erforderlich ist<\/p>\n<ul>\n<li>aus Edelstahl aisi 316<\/li>\n<li>f\u00fcr Lasten bis 1.500 kg<\/li>\n<li>vielseitig und kompakt<\/li>\n<li>Akku-Pack aus antibakteriellem Polyethylen<\/li>\n<li>austauschbarer Akku f\u00fcr 24\/7 Betrieb<\/li>\n<li>Taste zur 5-Gang-Einstellung<\/li>\n<li>Gro\u00dfe Auswahl an Standard- oder anpassbaren Haken auf Anfrage<\/li>\n<\/ul>\n<\/div>\n<p><strong>Zubeh\u00f6rteile:<\/strong><\/div>\n<ul>\n<li>Akku-Pack AGM &#8211; 30Ah (Edelstahl)<\/li>\n<li>Akku-Pack AGM &#8211; 37\/45Ah (Edelstahl)<\/li>\n<li>Befestigungsset f\u00fcr Akku-Pack 30Ah, 45Ah und Lithium<\/li>\n<li>Kit Gegengewichte 54.5 kg Edelstahl AISI316<\/li>\n<li>Kit Gegengewichte 94.5 kg Edelstahl AISI316<\/li>\n<li>Grundhaken 35&#215;35 mm f\u00fcr Kupplungen<\/li>\n<li>Horizontal elektrischer Klemmhaken<\/li>\n<li>Haken f\u00fcr Rollcontainer (50&#215;50)<\/li>\n<li>Edelstahl haken AISI 316<\/li>\n<li>Key-Pad<\/li>\n<li>Not-Aus<\/li>\n<li>Digital Betriebsstundenz\u00e4hler<\/li>\n<\/ul>\n<p>Kontaktieren Sie uns f\u00fcr eine Demo dieser Maschine in Ihrem Betrieb.<\/p>\n","protected":false},"excerpt":{"rendered":"<div class=\"descrizione text-lg mb-5\">\n<div class=\"descrizione text-lg mb-5\">\n<p>Die\u00a0<span data-sheets-value=\"{&quot;1&quot;:2,&quot;2&quot;:&quot;Edelstahl Ziehhilfe&quot;}\" data-sheets-userformat=\"{&quot;2&quot;:513,&quot;3&quot;:{&quot;1&quot;:0},&quot;12&quot;:0}\">Edelstahl Ziehhilfe<\/span> Zallys M12 ist die ideale L\u00f6sung, um die manuelle Handhabung von Lasten zu vermeiden.\u00a0F\u00fcr Arbeitsumgebungen, in denen ein hohes Ma\u00df an Hygiene und Schutz vor korrosiven Elementen erforderlich ist<\/p>\n<ul>\n<li>aus Edelstahl aisi 316<\/li>\n<li>f\u00fcr Lasten bis 1.500 kg<\/li>\n<li>vielseitig und kompakt<\/li>\n<li>Akku-Pack aus antibakteriellem Polyethylen<\/li>\n<li>austauschbarer Akku f\u00fcr 24\/7 Betrieb<\/li>\n<li>Taste zur 5-Gang-Einstellung<\/li>\n<li>Gro\u00dfe Auswahl an Standard- oder anpassbaren Haken auf Anfrage<\/li>\n<\/ul>\n<\/div>\n<p><strong>Zubeh\u00f6rteile:<\/strong><\/div>\n<ul>\n<li>Akku-Pack AGM &#8211; 30Ah (Edelstahl)<\/li>\n<li>Akku-Pack AGM &#8211; 37\/45Ah (Edelstahl)<\/li>\n<li>Befestigungsset f\u00fcr Akku-Pack 30Ah, 45Ah und Lithium<\/li>\n<li>Kit Gegengewichte 54.5 kg Edelstahl AISI316<\/li>\n<li>Kit Gegengewichte 94.5 kg Edelstahl AISI316<\/li>\n<li>Grundhaken 35&#215;35 mm f\u00fcr Kupplungen<\/li>\n<li>Horizontal elektrischer Klemmhaken<\/li>\n<li>Haken f\u00fcr Rollcontainer (50&#215;50)<\/li>\n<li>Edelstahl haken AISI 316<\/li>\n<li>Key-Pad<\/li>\n<li>Not-Aus<\/li>\n<li>Digital Betriebsstundenz\u00e4hler<\/li>\n<\/ul>\n<p>Kontaktieren Sie uns f\u00fcr eine Demo dieser Maschine in Ihrem Betrieb.<\/p>\n","protected":false},"featured_media":39605,"template":"","meta":{"_acf_changed":false,"inline_featured_image":false},"product_brand":[],"product_cat":[3841,3851],"product_tag":[],"class_list":{"0":"post-40056","1":"product","2":"type-product","3":"status-publish","4":"has-post-thumbnail","6":"product_cat-edelstahl","7":"product_cat-schlepper","8":"yith_product_brand-zallys-de","10":"first","11":"instock","12":"taxable","13":"shipping-taxable","14":"product-type-simple"},"acf":[],"yoast_head":"<!-- This site is optimized with the Yoast SEO plugin v27.4 - https:\/\/yoast.com\/product\/yoast-seo-wordpress\/ -->\n<title>M12 - AISI316 - Edelstahl Ziehhilfe - Ohis<\/title>\n<meta name=\"robots\" content=\"index, follow, max-snippet:-1, max-image-preview:large, max-video-preview:-1\" \/>\n<link rel=\"canonical\" href=\"https:\/\/www.ohis.be\/de\/produit\/m12-aisi316-edelstahl-ziehhilfe\/\" \/>\n<meta property=\"og:locale\" content=\"de_DE\" \/>\n<meta property=\"og:type\" content=\"article\" \/>\n<meta property=\"og:title\" content=\"M12 - AISI316 - Edelstahl Ziehhilfe - Ohis\" \/>\n<meta property=\"og:description\" content=\"Die\u00a0Edelstahl Ziehhilfe Zallys M12 ist die ideale L\u00f6sung, um die manuelle Handhabung von Lasten zu vermeiden.\u00a0F\u00fcr Arbeitsumgebungen, in denen ein hohes Ma\u00df an Hygiene und Schutz vor korrosiven Elementen erforderlich ist   aus Edelstahl aisi 316  f\u00fcr Lasten bis 1.500 kg  vielseitig und kompakt  Akku-Pack aus antibakteriellem Polyethylen  austauschbarer Akku f\u00fcr 24\/7 Betrieb  Taste zur 5-Gang-Einstellung  Gro\u00dfe Auswahl an Standard- oder anpassbaren Haken auf Anfrage   Zubeh\u00f6rteile:   Akku-Pack AGM - 30Ah (Edelstahl)  Akku-Pack AGM - 37\/45Ah (Edelstahl)  Befestigungsset f\u00fcr Akku-Pack 30Ah, 45Ah und Lithium  Kit Gegengewichte 54.5 kg Edelstahl AISI316  Kit Gegengewichte 94.5 kg Edelstahl AISI316  Grundhaken 35x35 mm f\u00fcr Kupplungen  Horizontal elektrischer Klemmhaken  Haken f\u00fcr Rollcontainer (50x50)  Edelstahl haken AISI 316  Key-Pad  Not-Aus  Digital Betriebsstundenz\u00e4hler  Kontaktieren Sie uns f\u00fcr eine Demo dieser Maschine in Ihrem Betrieb.\" \/>\n<meta property=\"og:url\" content=\"https:\/\/www.ohis.be\/de\/produit\/m12-aisi316-edelstahl-ziehhilfe\/\" \/>\n<meta property=\"og:site_name\" content=\"Ohis\" \/>\n<meta property=\"og:image\" content=\"https:\/\/www.ohis.be\/wp-content\/uploads\/2023\/10\/M12-AISI316-tracteur-pousseur-electrique-en-acier-inoxydable.jpg\" \/>\n\t<meta property=\"og:image:width\" content=\"600\" \/>\n\t<meta property=\"og:image:height\" content=\"523\" \/>\n\t<meta property=\"og:image:type\" content=\"image\/jpeg\" \/>\n<meta name=\"twitter:card\" content=\"summary_large_image\" \/>\n<meta name=\"twitter:label1\" content=\"Gesch\u00e4tzte Lesezeit\" \/>\n\t<meta name=\"twitter:data1\" content=\"1\u00a0Minute\" \/>\n<script type=\"application\/ld+json\" class=\"yoast-schema-graph\">{\"@context\":\"https:\\\/\\\/schema.org\",\"@graph\":[{\"@type\":\"WebPage\",\"@id\":\"https:\\\/\\\/www.ohis.be\\\/de\\\/produit\\\/m12-aisi316-edelstahl-ziehhilfe\\\/\",\"url\":\"https:\\\/\\\/www.ohis.be\\\/de\\\/produit\\\/m12-aisi316-edelstahl-ziehhilfe\\\/\",\"name\":\"M12 - AISI316 - Edelstahl Ziehhilfe - Ohis\",\"isPartOf\":{\"@id\":\"https:\\\/\\\/www.ohis.be\\\/#website\"},\"primaryImageOfPage\":{\"@id\":\"https:\\\/\\\/www.ohis.be\\\/de\\\/produit\\\/m12-aisi316-edelstahl-ziehhilfe\\\/#primaryimage\"},\"image\":{\"@id\":\"https:\\\/\\\/www.ohis.be\\\/de\\\/produit\\\/m12-aisi316-edelstahl-ziehhilfe\\\/#primaryimage\"},\"thumbnailUrl\":\"https:\\\/\\\/www.ohis.be\\\/wp-content\\\/uploads\\\/2023\\\/10\\\/M12-AISI316-tracteur-pousseur-electrique-en-acier-inoxydable.jpg\",\"datePublished\":\"2023-10-13T11:09:42+00:00\",\"breadcrumb\":{\"@id\":\"https:\\\/\\\/www.ohis.be\\\/de\\\/produit\\\/m12-aisi316-edelstahl-ziehhilfe\\\/#breadcrumb\"},\"inLanguage\":\"de\",\"potentialAction\":[{\"@type\":\"ReadAction\",\"target\":[\"https:\\\/\\\/www.ohis.be\\\/de\\\/produit\\\/m12-aisi316-edelstahl-ziehhilfe\\\/\"]}]},{\"@type\":\"ImageObject\",\"inLanguage\":\"de\",\"@id\":\"https:\\\/\\\/www.ohis.be\\\/de\\\/produit\\\/m12-aisi316-edelstahl-ziehhilfe\\\/#primaryimage\",\"url\":\"https:\\\/\\\/www.ohis.be\\\/wp-content\\\/uploads\\\/2023\\\/10\\\/M12-AISI316-tracteur-pousseur-electrique-en-acier-inoxydable.jpg\",\"contentUrl\":\"https:\\\/\\\/www.ohis.be\\\/wp-content\\\/uploads\\\/2023\\\/10\\\/M12-AISI316-tracteur-pousseur-electrique-en-acier-inoxydable.jpg\",\"width\":600,\"height\":523},{\"@type\":\"BreadcrumbList\",\"@id\":\"https:\\\/\\\/www.ohis.be\\\/de\\\/produit\\\/m12-aisi316-edelstahl-ziehhilfe\\\/#breadcrumb\",\"itemListElement\":[{\"@type\":\"ListItem\",\"position\":1,\"name\":\"Accueil\",\"item\":\"https:\\\/\\\/www.ohis.be\\\/de\\\/\"},{\"@type\":\"ListItem\",\"position\":2,\"name\":\"Produkte\",\"item\":\"https:\\\/\\\/www.ohis.be\\\/de\\\/produkte\\\/\"},{\"@type\":\"ListItem\",\"position\":3,\"name\":\"M12 &#8211; AISI316 &#8211; Edelstahl Ziehhilfe\"}]},{\"@type\":\"WebSite\",\"@id\":\"https:\\\/\\\/www.ohis.be\\\/#website\",\"url\":\"https:\\\/\\\/www.ohis.be\\\/\",\"name\":\"Ohis\",\"description\":\"Outils de levage\",\"publisher\":{\"@id\":\"https:\\\/\\\/www.ohis.be\\\/#organization\"},\"potentialAction\":[{\"@type\":\"SearchAction\",\"target\":{\"@type\":\"EntryPoint\",\"urlTemplate\":\"https:\\\/\\\/www.ohis.be\\\/?s={search_term_string}\"},\"query-input\":{\"@type\":\"PropertyValueSpecification\",\"valueRequired\":true,\"valueName\":\"search_term_string\"}}],\"inLanguage\":\"de\"},{\"@type\":\"Organization\",\"@id\":\"https:\\\/\\\/www.ohis.be\\\/#organization\",\"name\":\"Ohis\",\"url\":\"https:\\\/\\\/www.ohis.be\\\/\",\"logo\":{\"@type\":\"ImageObject\",\"inLanguage\":\"de\",\"@id\":\"https:\\\/\\\/www.ohis.be\\\/#\\\/schema\\\/logo\\\/image\\\/\",\"url\":\"https:\\\/\\\/www.ohis.be\\\/wp-content\\\/uploads\\\/2021\\\/02\\\/logo-ohis-wit.svg\",\"contentUrl\":\"https:\\\/\\\/www.ohis.be\\\/wp-content\\\/uploads\\\/2021\\\/02\\\/logo-ohis-wit.svg\",\"caption\":\"Ohis\"},\"image\":{\"@id\":\"https:\\\/\\\/www.ohis.be\\\/#\\\/schema\\\/logo\\\/image\\\/\"}}]}<\/script>\n<!-- \/ Yoast SEO plugin. -->","yoast_head_json":{"title":"M12 - AISI316 - Edelstahl Ziehhilfe - Ohis","robots":{"index":"index","follow":"follow","max-snippet":"max-snippet:-1","max-image-preview":"max-image-preview:large","max-video-preview":"max-video-preview:-1"},"canonical":"https:\/\/www.ohis.be\/de\/produit\/m12-aisi316-edelstahl-ziehhilfe\/","og_locale":"de_DE","og_type":"article","og_title":"M12 - AISI316 - Edelstahl Ziehhilfe - Ohis","og_description":"Die\u00a0Edelstahl Ziehhilfe Zallys M12 ist die ideale L\u00f6sung, um die manuelle Handhabung von Lasten zu vermeiden.\u00a0F\u00fcr Arbeitsumgebungen, in denen ein hohes Ma\u00df an Hygiene und Schutz vor korrosiven Elementen erforderlich ist   aus Edelstahl aisi 316  f\u00fcr Lasten bis 1.500 kg  vielseitig und kompakt  Akku-Pack aus antibakteriellem Polyethylen  austauschbarer Akku f\u00fcr 24\/7 Betrieb  Taste zur 5-Gang-Einstellung  Gro\u00dfe Auswahl an Standard- oder anpassbaren Haken auf Anfrage   Zubeh\u00f6rteile:   Akku-Pack AGM - 30Ah (Edelstahl)  Akku-Pack AGM - 37\/45Ah (Edelstahl)  Befestigungsset f\u00fcr Akku-Pack 30Ah, 45Ah und Lithium  Kit Gegengewichte 54.5 kg Edelstahl AISI316  Kit Gegengewichte 94.5 kg Edelstahl AISI316  Grundhaken 35x35 mm f\u00fcr Kupplungen  Horizontal elektrischer Klemmhaken  Haken f\u00fcr Rollcontainer (50x50)  Edelstahl haken AISI 316  Key-Pad  Not-Aus  Digital Betriebsstundenz\u00e4hler  Kontaktieren Sie uns f\u00fcr eine Demo dieser Maschine in Ihrem Betrieb.","og_url":"https:\/\/www.ohis.be\/de\/produit\/m12-aisi316-edelstahl-ziehhilfe\/","og_site_name":"Ohis","og_image":[{"width":600,"height":523,"url":"https:\/\/www.ohis.be\/wp-content\/uploads\/2023\/10\/M12-AISI316-tracteur-pousseur-electrique-en-acier-inoxydable.jpg","type":"image\/jpeg"}],"twitter_card":"summary_large_image","twitter_misc":{"Gesch\u00e4tzte Lesezeit":"1\u00a0Minute"},"schema":{"@context":"https:\/\/schema.org","@graph":[{"@type":"WebPage","@id":"https:\/\/www.ohis.be\/de\/produit\/m12-aisi316-edelstahl-ziehhilfe\/","url":"https:\/\/www.ohis.be\/de\/produit\/m12-aisi316-edelstahl-ziehhilfe\/","name":"M12 - AISI316 - Edelstahl Ziehhilfe - Ohis","isPartOf":{"@id":"https:\/\/www.ohis.be\/#website"},"primaryImageOfPage":{"@id":"https:\/\/www.ohis.be\/de\/produit\/m12-aisi316-edelstahl-ziehhilfe\/#primaryimage"},"image":{"@id":"https:\/\/www.ohis.be\/de\/produit\/m12-aisi316-edelstahl-ziehhilfe\/#primaryimage"},"thumbnailUrl":"https:\/\/www.ohis.be\/wp-content\/uploads\/2023\/10\/M12-AISI316-tracteur-pousseur-electrique-en-acier-inoxydable.jpg","datePublished":"2023-10-13T11:09:42+00:00","breadcrumb":{"@id":"https:\/\/www.ohis.be\/de\/produit\/m12-aisi316-edelstahl-ziehhilfe\/#breadcrumb"},"inLanguage":"de","potentialAction":[{"@type":"ReadAction","target":["https:\/\/www.ohis.be\/de\/produit\/m12-aisi316-edelstahl-ziehhilfe\/"]}]},{"@type":"ImageObject","inLanguage":"de","@id":"https:\/\/www.ohis.be\/de\/produit\/m12-aisi316-edelstahl-ziehhilfe\/#primaryimage","url":"https:\/\/www.ohis.be\/wp-content\/uploads\/2023\/10\/M12-AISI316-tracteur-pousseur-electrique-en-acier-inoxydable.jpg","contentUrl":"https:\/\/www.ohis.be\/wp-content\/uploads\/2023\/10\/M12-AISI316-tracteur-pousseur-electrique-en-acier-inoxydable.jpg","width":600,"height":523},{"@type":"BreadcrumbList","@id":"https:\/\/www.ohis.be\/de\/produit\/m12-aisi316-edelstahl-ziehhilfe\/#breadcrumb","itemListElement":[{"@type":"ListItem","position":1,"name":"Accueil","item":"https:\/\/www.ohis.be\/de\/"},{"@type":"ListItem","position":2,"name":"Produkte","item":"https:\/\/www.ohis.be\/de\/produkte\/"},{"@type":"ListItem","position":3,"name":"M12 &#8211; AISI316 &#8211; Edelstahl Ziehhilfe"}]},{"@type":"WebSite","@id":"https:\/\/www.ohis.be\/#website","url":"https:\/\/www.ohis.be\/","name":"Ohis","description":"Outils de levage","publisher":{"@id":"https:\/\/www.ohis.be\/#organization"},"potentialAction":[{"@type":"SearchAction","target":{"@type":"EntryPoint","urlTemplate":"https:\/\/www.ohis.be\/?s={search_term_string}"},"query-input":{"@type":"PropertyValueSpecification","valueRequired":true,"valueName":"search_term_string"}}],"inLanguage":"de"},{"@type":"Organization","@id":"https:\/\/www.ohis.be\/#organization","name":"Ohis","url":"https:\/\/www.ohis.be\/","logo":{"@type":"ImageObject","inLanguage":"de","@id":"https:\/\/www.ohis.be\/#\/schema\/logo\/image\/","url":"https:\/\/www.ohis.be\/wp-content\/uploads\/2021\/02\/logo-ohis-wit.svg","contentUrl":"https:\/\/www.ohis.be\/wp-content\/uploads\/2021\/02\/logo-ohis-wit.svg","caption":"Ohis"},"image":{"@id":"https:\/\/www.ohis.be\/#\/schema\/logo\/image\/"}}]}},"_links":{"self":[{"href":"https:\/\/www.ohis.be\/de\/wp-json\/wp\/v2\/product\/40056","targetHints":{"allow":["GET"]}}],"collection":[{"href":"https:\/\/www.ohis.be\/de\/wp-json\/wp\/v2\/product"}],"about":[{"href":"https:\/\/www.ohis.be\/de\/wp-json\/wp\/v2\/types\/product"}],"wp:featuredmedia":[{"embeddable":true,"href":"https:\/\/www.ohis.be\/de\/wp-json\/wp\/v2\/media\/39605"}],"wp:attachment":[{"href":"https:\/\/www.ohis.be\/de\/wp-json\/wp\/v2\/media?parent=40056"}],"wp:term":[{"taxonomy":"product_brand","embeddable":true,"href":"https:\/\/www.ohis.be\/de\/wp-json\/wp\/v2\/product_brand?post=40056"},{"taxonomy":"product_cat","embeddable":true,"href":"https:\/\/www.ohis.be\/de\/wp-json\/wp\/v2\/product_cat?post=40056"},{"taxonomy":"product_tag","embeddable":true,"href":"https:\/\/www.ohis.be\/de\/wp-json\/wp\/v2\/product_tag?post=40056"}],"curies":[{"name":"wp","href":"https:\/\/api.w.org\/{rel}","templated":true}]}}