{"id":40053,"date":"2023-10-13T13:11:26","date_gmt":"2023-10-13T11:11:26","guid":{"rendered":"https:\/\/www.ohis.be\/produit\/m1-aisi316-edelstahl-elektroschlepper\/"},"modified":"2023-10-13T13:11:26","modified_gmt":"2023-10-13T11:11:26","slug":"m1-aisi316-edelstahl-elektroschlepper","status":"publish","type":"product","link":"https:\/\/www.ohis.be\/de\/produit\/m1-aisi316-edelstahl-elektroschlepper\/","title":{"rendered":"M1 &#8211; AISI316 &#8211; Edelstahl Elektroschlepper"},"content":{"rendered":"<div class=\"descrizione text-lg mb-5\">\n<p><span data-sheets-value=\"{&quot;1&quot;:2,&quot;2&quot;:&quot;Tireur pousseur \u00e9lectrique en inox&quot;}\" data-sheets-userformat=\"{&quot;2&quot;:513,&quot;3&quot;:{&quot;1&quot;:0},&quot;12&quot;:0}\">Der Edelstahl Elektroschlepper Zallys M1 ist die ideale L\u00f6sung, um die manuelle Handhabung von Lasten zu vermeiden. Es ist f\u00fcr den Einsatz in Reinraumanwendungen, in der Lebensmittelverarbeitung, in Molkereien, in B\u00e4ckereien und in Einrichtungen konzipiert, in denen Sauberkeit von entscheidender Bedeutung ist.<\/p>\n<ul>\n<li>aus Edelstahl aisi 316<\/li>\n<li>f\u00fcr Lasten bis 1.000 kg<\/li>\n<li>vielseitig und kompakt<\/li>\n<li>Akku-Pack aus antibakteriellem Polyethylen<\/li>\n<li>austauschbarer Akku f\u00fcr 24\/7 Betrieb<\/li>\n<p>bouton <\/p>\n<li>schnell\/langsam Schalter optional<\/li>\n<li>Gro\u00dfe Auswahl an Standard- oder anpassbaren Haken auf Anfrage<\/li>\n<\/ul>\n<p><strong>Zubeh\u00f6rteile:<\/strong><\/p>\n<\/div>\n<ul>\n<li>Akku-Pack AGM &#8211; 22Ah (Edelstahl)<\/li>\n<li>Befestingsset f\u00fcr Akku-Pack 22Ah<\/li>\n<li>Akku-Pack AGM &#8211; 30Ah (Edelstahl)<\/li>\n<li>Befestigungsset f\u00fcr Akku-Pack 30Ah, 45Ah und Lithium<\/li>\n<li>Kit Gegengewichte 54.5 kg Edelstahl AISI316<\/li>\n<li>Kit Gegengewichte 94.5 kg Edelstahl AISI316<\/li>\n<li>Schalter schnell\/langsam<\/li>\n<li>Not-Aus<\/li>\n<li>Key-Pad<\/li>\n<li>Digital Betriebsstundenz\u00e4hler<\/li>\n<li>Edelstahl haken AISI 316<\/li>\n<li>Grundhaken 35&#215;35 mm f\u00fcr Kupplungen<\/li>\n<li>Haken f\u00fcr Rollcontainer (50&#215;50)<\/li>\n<\/ul>\n<p>Kontaktieren Sie uns f\u00fcr eine Demo dieser Maschine in Ihren R\u00e4umlichkeiten.<\/p>\n","protected":false},"excerpt":{"rendered":"<div class=\"descrizione text-lg mb-5\">\n<p><span data-sheets-value=\"{&quot;1&quot;:2,&quot;2&quot;:&quot;Tireur pousseur \u00e9lectrique en inox&quot;}\" data-sheets-userformat=\"{&quot;2&quot;:513,&quot;3&quot;:{&quot;1&quot;:0},&quot;12&quot;:0}\">Der Edelstahl Elektroschlepper Zallys M1 ist die ideale L\u00f6sung, um die manuelle Handhabung von Lasten zu vermeiden. Es ist f\u00fcr den Einsatz in Reinraumanwendungen, in der Lebensmittelverarbeitung, in Molkereien, in B\u00e4ckereien und in Einrichtungen konzipiert, in denen Sauberkeit von entscheidender Bedeutung ist.<\/p>\n<ul>\n<li>aus Edelstahl aisi 316<\/li>\n<li>f\u00fcr Lasten bis 1.000 kg<\/li>\n<li>vielseitig und kompakt<\/li>\n<li>Akku-Pack aus antibakteriellem Polyethylen<\/li>\n<li>austauschbarer Akku f\u00fcr 24\/7 Betrieb<\/li>\n<p>bouton <\/p>\n<li>schnell\/langsam Schalter optional<\/li>\n<li>Gro\u00dfe Auswahl an Standard- oder anpassbaren Haken auf Anfrage<\/li>\n<\/ul>\n<p><strong>Zubeh\u00f6rteile:<\/strong><\/p>\n<\/div>\n<ul>\n<li>Akku-Pack AGM &#8211; 22Ah (Edelstahl)<\/li>\n<li>Befestingsset f\u00fcr Akku-Pack 22Ah<\/li>\n<li>Akku-Pack AGM &#8211; 30Ah (Edelstahl)<\/li>\n<li>Befestigungsset f\u00fcr Akku-Pack 30Ah, 45Ah und Lithium<\/li>\n<li>Kit Gegengewichte 54.5 kg Edelstahl AISI316<\/li>\n<li>Kit Gegengewichte 94.5 kg Edelstahl AISI316<\/li>\n<li>Schalter schnell\/langsam<\/li>\n<li>Not-Aus<\/li>\n<li>Key-Pad<\/li>\n<li>Digital Betriebsstundenz\u00e4hler<\/li>\n<li>Edelstahl haken AISI 316<\/li>\n<li>Grundhaken 35&#215;35 mm f\u00fcr Kupplungen<\/li>\n<li>Haken f\u00fcr Rollcontainer (50&#215;50)<\/li>\n<\/ul>\n<p>Kontaktieren Sie uns f\u00fcr eine Demo dieser Maschine in Ihren R\u00e4umlichkeiten.<\/p>\n","protected":false},"featured_media":39568,"template":"","meta":{"_acf_changed":false,"inline_featured_image":false},"product_brand":[],"product_cat":[3841,3851],"product_tag":[],"class_list":{"0":"post-40053","1":"product","2":"type-product","3":"status-publish","4":"has-post-thumbnail","6":"product_cat-edelstahl","7":"product_cat-schlepper","8":"yith_product_brand-zallys-de","10":"first","11":"instock","12":"taxable","13":"shipping-taxable","14":"product-type-simple"},"acf":[],"yoast_head":"<!-- This site is optimized with the Yoast SEO plugin v27.4 - https:\/\/yoast.com\/product\/yoast-seo-wordpress\/ -->\n<title>M1 - AISI316 - Edelstahl Elektroschlepper - Ohis<\/title>\n<meta name=\"robots\" content=\"index, follow, max-snippet:-1, max-image-preview:large, max-video-preview:-1\" \/>\n<link rel=\"canonical\" href=\"https:\/\/www.ohis.be\/de\/produit\/m1-aisi316-edelstahl-elektroschlepper\/\" \/>\n<meta property=\"og:locale\" content=\"de_DE\" \/>\n<meta property=\"og:type\" content=\"article\" \/>\n<meta property=\"og:title\" content=\"M1 - AISI316 - Edelstahl Elektroschlepper - Ohis\" \/>\n<meta property=\"og:description\" content=\"Der Edelstahl Elektroschlepper Zallys M1 ist die ideale L\u00f6sung, um die manuelle Handhabung von Lasten zu vermeiden. Es ist f\u00fcr den Einsatz in Reinraumanwendungen, in der Lebensmittelverarbeitung, in Molkereien, in B\u00e4ckereien und in Einrichtungen konzipiert, in denen Sauberkeit von entscheidender Bedeutung ist.   aus Edelstahl aisi 316  f\u00fcr Lasten bis 1.000 kg  vielseitig und kompakt  Akku-Pack aus antibakteriellem Polyethylen  austauschbarer Akku f\u00fcr 24\/7 Betriebbouton   schnell\/langsam Schalter optional  Gro\u00dfe Auswahl an Standard- oder anpassbaren Haken auf Anfrage  Zubeh\u00f6rteile:     Akku-Pack AGM - 22Ah (Edelstahl)  Befestingsset f\u00fcr Akku-Pack 22Ah  Akku-Pack AGM - 30Ah (Edelstahl)  Befestigungsset f\u00fcr Akku-Pack 30Ah, 45Ah und Lithium  Kit Gegengewichte 54.5 kg Edelstahl AISI316  Kit Gegengewichte 94.5 kg Edelstahl AISI316  Schalter schnell\/langsam  Not-Aus  Key-Pad  Digital Betriebsstundenz\u00e4hler  Edelstahl haken AISI 316  Grundhaken 35x35 mm f\u00fcr Kupplungen  Haken f\u00fcr Rollcontainer (50x50)  Kontaktieren Sie uns f\u00fcr eine Demo dieser Maschine in Ihren R\u00e4umlichkeiten.\" \/>\n<meta property=\"og:url\" content=\"https:\/\/www.ohis.be\/de\/produit\/m1-aisi316-edelstahl-elektroschlepper\/\" \/>\n<meta property=\"og:site_name\" content=\"Ohis\" \/>\n<meta property=\"og:image\" content=\"https:\/\/www.ohis.be\/wp-content\/uploads\/2023\/10\/M1-AISI316-tireur-pousseur-electrique-en-acier-inoxydable.jpg\" \/>\n\t<meta property=\"og:image:width\" content=\"600\" \/>\n\t<meta property=\"og:image:height\" content=\"523\" \/>\n\t<meta property=\"og:image:type\" content=\"image\/jpeg\" \/>\n<meta name=\"twitter:card\" content=\"summary_large_image\" \/>\n<meta name=\"twitter:label1\" content=\"Gesch\u00e4tzte Lesezeit\" \/>\n\t<meta name=\"twitter:data1\" content=\"1\u00a0Minute\" \/>\n<script type=\"application\/ld+json\" class=\"yoast-schema-graph\">{\"@context\":\"https:\\\/\\\/schema.org\",\"@graph\":[{\"@type\":\"WebPage\",\"@id\":\"https:\\\/\\\/www.ohis.be\\\/de\\\/produit\\\/m1-aisi316-edelstahl-elektroschlepper\\\/\",\"url\":\"https:\\\/\\\/www.ohis.be\\\/de\\\/produit\\\/m1-aisi316-edelstahl-elektroschlepper\\\/\",\"name\":\"M1 - AISI316 - Edelstahl Elektroschlepper - Ohis\",\"isPartOf\":{\"@id\":\"https:\\\/\\\/www.ohis.be\\\/#website\"},\"primaryImageOfPage\":{\"@id\":\"https:\\\/\\\/www.ohis.be\\\/de\\\/produit\\\/m1-aisi316-edelstahl-elektroschlepper\\\/#primaryimage\"},\"image\":{\"@id\":\"https:\\\/\\\/www.ohis.be\\\/de\\\/produit\\\/m1-aisi316-edelstahl-elektroschlepper\\\/#primaryimage\"},\"thumbnailUrl\":\"https:\\\/\\\/www.ohis.be\\\/wp-content\\\/uploads\\\/2023\\\/10\\\/M1-AISI316-tireur-pousseur-electrique-en-acier-inoxydable.jpg\",\"datePublished\":\"2023-10-13T11:11:26+00:00\",\"breadcrumb\":{\"@id\":\"https:\\\/\\\/www.ohis.be\\\/de\\\/produit\\\/m1-aisi316-edelstahl-elektroschlepper\\\/#breadcrumb\"},\"inLanguage\":\"de\",\"potentialAction\":[{\"@type\":\"ReadAction\",\"target\":[\"https:\\\/\\\/www.ohis.be\\\/de\\\/produit\\\/m1-aisi316-edelstahl-elektroschlepper\\\/\"]}]},{\"@type\":\"ImageObject\",\"inLanguage\":\"de\",\"@id\":\"https:\\\/\\\/www.ohis.be\\\/de\\\/produit\\\/m1-aisi316-edelstahl-elektroschlepper\\\/#primaryimage\",\"url\":\"https:\\\/\\\/www.ohis.be\\\/wp-content\\\/uploads\\\/2023\\\/10\\\/M1-AISI316-tireur-pousseur-electrique-en-acier-inoxydable.jpg\",\"contentUrl\":\"https:\\\/\\\/www.ohis.be\\\/wp-content\\\/uploads\\\/2023\\\/10\\\/M1-AISI316-tireur-pousseur-electrique-en-acier-inoxydable.jpg\",\"width\":600,\"height\":523},{\"@type\":\"BreadcrumbList\",\"@id\":\"https:\\\/\\\/www.ohis.be\\\/de\\\/produit\\\/m1-aisi316-edelstahl-elektroschlepper\\\/#breadcrumb\",\"itemListElement\":[{\"@type\":\"ListItem\",\"position\":1,\"name\":\"Accueil\",\"item\":\"https:\\\/\\\/www.ohis.be\\\/de\\\/\"},{\"@type\":\"ListItem\",\"position\":2,\"name\":\"Produkte\",\"item\":\"https:\\\/\\\/www.ohis.be\\\/de\\\/produkte\\\/\"},{\"@type\":\"ListItem\",\"position\":3,\"name\":\"M1 &#8211; AISI316 &#8211; Edelstahl Elektroschlepper\"}]},{\"@type\":\"WebSite\",\"@id\":\"https:\\\/\\\/www.ohis.be\\\/#website\",\"url\":\"https:\\\/\\\/www.ohis.be\\\/\",\"name\":\"Ohis\",\"description\":\"Outils de levage\",\"publisher\":{\"@id\":\"https:\\\/\\\/www.ohis.be\\\/#organization\"},\"potentialAction\":[{\"@type\":\"SearchAction\",\"target\":{\"@type\":\"EntryPoint\",\"urlTemplate\":\"https:\\\/\\\/www.ohis.be\\\/?s={search_term_string}\"},\"query-input\":{\"@type\":\"PropertyValueSpecification\",\"valueRequired\":true,\"valueName\":\"search_term_string\"}}],\"inLanguage\":\"de\"},{\"@type\":\"Organization\",\"@id\":\"https:\\\/\\\/www.ohis.be\\\/#organization\",\"name\":\"Ohis\",\"url\":\"https:\\\/\\\/www.ohis.be\\\/\",\"logo\":{\"@type\":\"ImageObject\",\"inLanguage\":\"de\",\"@id\":\"https:\\\/\\\/www.ohis.be\\\/#\\\/schema\\\/logo\\\/image\\\/\",\"url\":\"https:\\\/\\\/www.ohis.be\\\/wp-content\\\/uploads\\\/2021\\\/02\\\/logo-ohis-wit.svg\",\"contentUrl\":\"https:\\\/\\\/www.ohis.be\\\/wp-content\\\/uploads\\\/2021\\\/02\\\/logo-ohis-wit.svg\",\"caption\":\"Ohis\"},\"image\":{\"@id\":\"https:\\\/\\\/www.ohis.be\\\/#\\\/schema\\\/logo\\\/image\\\/\"}}]}<\/script>\n<!-- \/ Yoast SEO plugin. -->","yoast_head_json":{"title":"M1 - AISI316 - Edelstahl Elektroschlepper - Ohis","robots":{"index":"index","follow":"follow","max-snippet":"max-snippet:-1","max-image-preview":"max-image-preview:large","max-video-preview":"max-video-preview:-1"},"canonical":"https:\/\/www.ohis.be\/de\/produit\/m1-aisi316-edelstahl-elektroschlepper\/","og_locale":"de_DE","og_type":"article","og_title":"M1 - AISI316 - Edelstahl Elektroschlepper - Ohis","og_description":"Der Edelstahl Elektroschlepper Zallys M1 ist die ideale L\u00f6sung, um die manuelle Handhabung von Lasten zu vermeiden. Es ist f\u00fcr den Einsatz in Reinraumanwendungen, in der Lebensmittelverarbeitung, in Molkereien, in B\u00e4ckereien und in Einrichtungen konzipiert, in denen Sauberkeit von entscheidender Bedeutung ist.   aus Edelstahl aisi 316  f\u00fcr Lasten bis 1.000 kg  vielseitig und kompakt  Akku-Pack aus antibakteriellem Polyethylen  austauschbarer Akku f\u00fcr 24\/7 Betriebbouton   schnell\/langsam Schalter optional  Gro\u00dfe Auswahl an Standard- oder anpassbaren Haken auf Anfrage  Zubeh\u00f6rteile:     Akku-Pack AGM - 22Ah (Edelstahl)  Befestingsset f\u00fcr Akku-Pack 22Ah  Akku-Pack AGM - 30Ah (Edelstahl)  Befestigungsset f\u00fcr Akku-Pack 30Ah, 45Ah und Lithium  Kit Gegengewichte 54.5 kg Edelstahl AISI316  Kit Gegengewichte 94.5 kg Edelstahl AISI316  Schalter schnell\/langsam  Not-Aus  Key-Pad  Digital Betriebsstundenz\u00e4hler  Edelstahl haken AISI 316  Grundhaken 35x35 mm f\u00fcr Kupplungen  Haken f\u00fcr Rollcontainer (50x50)  Kontaktieren Sie uns f\u00fcr eine Demo dieser Maschine in Ihren R\u00e4umlichkeiten.","og_url":"https:\/\/www.ohis.be\/de\/produit\/m1-aisi316-edelstahl-elektroschlepper\/","og_site_name":"Ohis","og_image":[{"width":600,"height":523,"url":"https:\/\/www.ohis.be\/wp-content\/uploads\/2023\/10\/M1-AISI316-tireur-pousseur-electrique-en-acier-inoxydable.jpg","type":"image\/jpeg"}],"twitter_card":"summary_large_image","twitter_misc":{"Gesch\u00e4tzte Lesezeit":"1\u00a0Minute"},"schema":{"@context":"https:\/\/schema.org","@graph":[{"@type":"WebPage","@id":"https:\/\/www.ohis.be\/de\/produit\/m1-aisi316-edelstahl-elektroschlepper\/","url":"https:\/\/www.ohis.be\/de\/produit\/m1-aisi316-edelstahl-elektroschlepper\/","name":"M1 - AISI316 - Edelstahl Elektroschlepper - Ohis","isPartOf":{"@id":"https:\/\/www.ohis.be\/#website"},"primaryImageOfPage":{"@id":"https:\/\/www.ohis.be\/de\/produit\/m1-aisi316-edelstahl-elektroschlepper\/#primaryimage"},"image":{"@id":"https:\/\/www.ohis.be\/de\/produit\/m1-aisi316-edelstahl-elektroschlepper\/#primaryimage"},"thumbnailUrl":"https:\/\/www.ohis.be\/wp-content\/uploads\/2023\/10\/M1-AISI316-tireur-pousseur-electrique-en-acier-inoxydable.jpg","datePublished":"2023-10-13T11:11:26+00:00","breadcrumb":{"@id":"https:\/\/www.ohis.be\/de\/produit\/m1-aisi316-edelstahl-elektroschlepper\/#breadcrumb"},"inLanguage":"de","potentialAction":[{"@type":"ReadAction","target":["https:\/\/www.ohis.be\/de\/produit\/m1-aisi316-edelstahl-elektroschlepper\/"]}]},{"@type":"ImageObject","inLanguage":"de","@id":"https:\/\/www.ohis.be\/de\/produit\/m1-aisi316-edelstahl-elektroschlepper\/#primaryimage","url":"https:\/\/www.ohis.be\/wp-content\/uploads\/2023\/10\/M1-AISI316-tireur-pousseur-electrique-en-acier-inoxydable.jpg","contentUrl":"https:\/\/www.ohis.be\/wp-content\/uploads\/2023\/10\/M1-AISI316-tireur-pousseur-electrique-en-acier-inoxydable.jpg","width":600,"height":523},{"@type":"BreadcrumbList","@id":"https:\/\/www.ohis.be\/de\/produit\/m1-aisi316-edelstahl-elektroschlepper\/#breadcrumb","itemListElement":[{"@type":"ListItem","position":1,"name":"Accueil","item":"https:\/\/www.ohis.be\/de\/"},{"@type":"ListItem","position":2,"name":"Produkte","item":"https:\/\/www.ohis.be\/de\/produkte\/"},{"@type":"ListItem","position":3,"name":"M1 &#8211; AISI316 &#8211; Edelstahl Elektroschlepper"}]},{"@type":"WebSite","@id":"https:\/\/www.ohis.be\/#website","url":"https:\/\/www.ohis.be\/","name":"Ohis","description":"Outils de levage","publisher":{"@id":"https:\/\/www.ohis.be\/#organization"},"potentialAction":[{"@type":"SearchAction","target":{"@type":"EntryPoint","urlTemplate":"https:\/\/www.ohis.be\/?s={search_term_string}"},"query-input":{"@type":"PropertyValueSpecification","valueRequired":true,"valueName":"search_term_string"}}],"inLanguage":"de"},{"@type":"Organization","@id":"https:\/\/www.ohis.be\/#organization","name":"Ohis","url":"https:\/\/www.ohis.be\/","logo":{"@type":"ImageObject","inLanguage":"de","@id":"https:\/\/www.ohis.be\/#\/schema\/logo\/image\/","url":"https:\/\/www.ohis.be\/wp-content\/uploads\/2021\/02\/logo-ohis-wit.svg","contentUrl":"https:\/\/www.ohis.be\/wp-content\/uploads\/2021\/02\/logo-ohis-wit.svg","caption":"Ohis"},"image":{"@id":"https:\/\/www.ohis.be\/#\/schema\/logo\/image\/"}}]}},"_links":{"self":[{"href":"https:\/\/www.ohis.be\/de\/wp-json\/wp\/v2\/product\/40053","targetHints":{"allow":["GET"]}}],"collection":[{"href":"https:\/\/www.ohis.be\/de\/wp-json\/wp\/v2\/product"}],"about":[{"href":"https:\/\/www.ohis.be\/de\/wp-json\/wp\/v2\/types\/product"}],"wp:featuredmedia":[{"embeddable":true,"href":"https:\/\/www.ohis.be\/de\/wp-json\/wp\/v2\/media\/39568"}],"wp:attachment":[{"href":"https:\/\/www.ohis.be\/de\/wp-json\/wp\/v2\/media?parent=40053"}],"wp:term":[{"taxonomy":"product_brand","embeddable":true,"href":"https:\/\/www.ohis.be\/de\/wp-json\/wp\/v2\/product_brand?post=40053"},{"taxonomy":"product_cat","embeddable":true,"href":"https:\/\/www.ohis.be\/de\/wp-json\/wp\/v2\/product_cat?post=40053"},{"taxonomy":"product_tag","embeddable":true,"href":"https:\/\/www.ohis.be\/de\/wp-json\/wp\/v2\/product_tag?post=40053"}],"curies":[{"name":"wp","href":"https:\/\/api.w.org\/{rel}","templated":true}]}}