{"id":39814,"date":"2023-10-12T20:12:54","date_gmt":"2023-10-12T18:12:54","guid":{"rendered":"https:\/\/www.ohis.be\/produit\/s2-elektrotransporter-mit-pritsche\/"},"modified":"2023-11-10T15:42:25","modified_gmt":"2023-11-10T14:42:25","slug":"s2-elektrotransporter-mit-pritsche","status":"publish","type":"product","link":"https:\/\/www.ohis.be\/de\/produit\/s2-elektrotransporter-mit-pritsche\/","title":{"rendered":"S2 &#8211; Elektrotransporter mit Pritsche"},"content":{"rendered":"<div class=\"descrizione text-lg mb-5\">\n<p>Der Elektrotransporter mit Pritsche Zallys S2 f\u00fcr die Industrielogistik ist die ideale L\u00f6sung, um die manuelle Handhabung von Lasten zu vermeiden und die Bewegung zu beschleunigen.<\/p>\n<ul>\n<li>f\u00fcr Lasten bis 500 kg<\/li>\n<li>zum Abschleppen bis 1500 kg<\/li>\n<li>vielseitig und kompakt<\/li>\n<li>schmaler Wenderadius<\/li>\n<li>mit pneumatischen R\u00e4dern f\u00fcr den Innen- und Au\u00dfenbereich<\/li>\n<li>optionale Taste zur 2-Gang-Einstellung<\/li>\n<li>gro\u00dfe Auswahl an Standardzubeh\u00f6r oder auf Anfrage anpassbar<\/li>\n<\/ul>\n<p><strong>Zubeh\u00f6rteile:<\/strong><\/p>\n<ul>\n<li>Federsystem mit Sitzh\u00e4rteeinstellung<\/li>\n<li>Ein Paar hochschwenkbare Armlehnen<\/li>\n<li>Sicherheitsgurt<\/li>\n<li>Montageplatte f\u00fcr Haken<\/li>\n<li>Kugelkopf-\/Stiftkupplung \u00d820-25<\/li>\n<li>Haken mit Stift \u00d816 mm<\/li>\n<li>Haken mit Stift \u00d820 mm<\/li>\n<li>Haken mit Stift \u00d835 mm<\/li>\n<li>Haken mit Stift \u00d840 mm<\/li>\n<li>Pritsche 730 x 730 x 220 mm<\/li>\n<li>Plattform 830 x 1250 x 185 mm<\/li>\n<li>Pritsche 750x1020xh230 mm<\/li>\n<li>Teleskopstange mit LED Rundumleuchte<\/li>\n<li>Zugkugelkupplung f\u00fcr Anh\u00e4nger<\/li>\n<li>Lenkerkorb<\/li>\n<li>Korb mit Key-Pad ON\/OFF<\/li>\n<\/ul>\n<p>Kontaktieren Sie uns f\u00fcr eine Demo dieser Maschine in Ihrem Betrieb.\n<\/p><\/div>\n","protected":false},"excerpt":{"rendered":"<div class=\"descrizione text-lg mb-5\">\n<p>Der Elektrotransporter mit Pritsche Zallys S2 f\u00fcr die Industrielogistik ist die ideale L\u00f6sung, um die manuelle Handhabung von Lasten zu vermeiden und die Bewegung zu beschleunigen.<\/p>\n<ul>\n<li>f\u00fcr Lasten bis 500 kg<\/li>\n<li>zum Abschleppen bis 1500 kg<\/li>\n<li>vielseitig und kompakt<\/li>\n<li>schmaler Wenderadius<\/li>\n<li>mit pneumatischen R\u00e4dern f\u00fcr den Innen- und Au\u00dfenbereich<\/li>\n<li>optionale Taste zur 2-Gang-Einstellung<\/li>\n<li>gro\u00dfe Auswahl an Standardzubeh\u00f6r oder auf Anfrage anpassbar<\/li>\n<\/ul>\n<p><strong>Zubeh\u00f6rteile:<\/strong><\/p>\n<ul>\n<li>Federsystem mit Sitzh\u00e4rteeinstellung<\/li>\n<li>Ein Paar hochschwenkbare Armlehnen<\/li>\n<li>Sicherheitsgurt<\/li>\n<li>Montageplatte f\u00fcr Haken<\/li>\n<li>Kugelkopf-\/Stiftkupplung \u00d820-25<\/li>\n<li>Haken mit Stift \u00d816 mm<\/li>\n<li>Haken mit Stift \u00d820 mm<\/li>\n<li>Haken mit Stift \u00d835 mm<\/li>\n<li>Haken mit Stift \u00d840 mm<\/li>\n<li>Pritsche 730 x 730 x 220 mm<\/li>\n<li>Plattform 830 x 1250 x 185 mm<\/li>\n<li>Pritsche 750x1020xh230 mm<\/li>\n<li>Teleskopstange mit LED Rundumleuchte<\/li>\n<li>Zugkugelkupplung f\u00fcr Anh\u00e4nger<\/li>\n<li>Lenkerkorb<\/li>\n<li>Korb mit Key-Pad ON\/OFF<\/li>\n<\/ul>\n<p>Kontaktieren Sie uns f\u00fcr eine Demo dieser Maschine in Ihrem Betrieb.\n<\/p><\/div>\n","protected":false},"featured_media":39442,"template":"","meta":{"_acf_changed":false,"inline_featured_image":false},"product_brand":[],"product_cat":[3842],"product_tag":[],"class_list":{"0":"post-39814","1":"product","2":"type-product","3":"status-publish","4":"has-post-thumbnail","6":"product_cat-personentransporter","7":"yith_product_brand-zallys-de","9":"first","10":"instock","11":"taxable","12":"shipping-taxable","13":"product-type-simple"},"acf":[],"yoast_head":"<!-- This site is optimized with the Yoast SEO plugin v27.4 - https:\/\/yoast.com\/product\/yoast-seo-wordpress\/ -->\n<title>S2 - Elektrotransporter mit Pritsche - Ohis<\/title>\n<meta name=\"robots\" content=\"index, follow, max-snippet:-1, max-image-preview:large, max-video-preview:-1\" \/>\n<link rel=\"canonical\" href=\"https:\/\/www.ohis.be\/de\/produit\/s2-elektrotransporter-mit-pritsche\/\" \/>\n<meta property=\"og:locale\" content=\"de_DE\" \/>\n<meta property=\"og:type\" content=\"article\" \/>\n<meta property=\"og:title\" content=\"S2 - Elektrotransporter mit Pritsche - Ohis\" \/>\n<meta property=\"og:description\" content=\"Der Elektrotransporter mit Pritsche Zallys S2 f\u00fcr die Industrielogistik ist die ideale L\u00f6sung, um die manuelle Handhabung von Lasten zu vermeiden und die Bewegung zu beschleunigen.   f\u00fcr Lasten bis 500 kg  zum Abschleppen bis 1500 kg  vielseitig und kompakt  schmaler Wenderadius  mit pneumatischen R\u00e4dern f\u00fcr den Innen- und Au\u00dfenbereich  optionale Taste zur 2-Gang-Einstellung  gro\u00dfe Auswahl an Standardzubeh\u00f6r oder auf Anfrage anpassbar  Zubeh\u00f6rteile:   Federsystem mit Sitzh\u00e4rteeinstellung  Ein Paar hochschwenkbare Armlehnen  Sicherheitsgurt  Montageplatte f\u00fcr Haken  Kugelkopf-\/Stiftkupplung \u00d820-25  Haken mit Stift \u00d816 mm  Haken mit Stift \u00d820 mm  Haken mit Stift \u00d835 mm  Haken mit Stift \u00d840 mm  Pritsche 730 x 730 x 220 mm  Plattform 830 x 1250 x 185 mm  Pritsche 750x1020xh230 mm  Teleskopstange mit LED Rundumleuchte  Zugkugelkupplung f\u00fcr Anh\u00e4nger  Lenkerkorb  Korb mit Key-Pad ON\/OFF  Kontaktieren Sie uns f\u00fcr eine Demo dieser Maschine in Ihrem Betrieb.\" \/>\n<meta property=\"og:url\" content=\"https:\/\/www.ohis.be\/de\/produit\/s2-elektrotransporter-mit-pritsche\/\" \/>\n<meta property=\"og:site_name\" content=\"Ohis\" \/>\n<meta property=\"article:modified_time\" content=\"2023-11-10T14:42:25+00:00\" \/>\n<meta property=\"og:image\" content=\"https:\/\/www.ohis.be\/wp-content\/uploads\/2023\/10\/S2-tracteur-pour-la-logistique.png\" \/>\n\t<meta property=\"og:image:width\" content=\"600\" \/>\n\t<meta property=\"og:image:height\" content=\"523\" \/>\n\t<meta property=\"og:image:type\" content=\"image\/png\" \/>\n<meta name=\"twitter:card\" content=\"summary_large_image\" \/>\n<meta name=\"twitter:label1\" content=\"Gesch\u00e4tzte Lesezeit\" \/>\n\t<meta name=\"twitter:data1\" content=\"1\u00a0Minute\" \/>\n<script type=\"application\/ld+json\" class=\"yoast-schema-graph\">{\"@context\":\"https:\\\/\\\/schema.org\",\"@graph\":[{\"@type\":\"WebPage\",\"@id\":\"https:\\\/\\\/www.ohis.be\\\/de\\\/produit\\\/s2-elektrotransporter-mit-pritsche\\\/\",\"url\":\"https:\\\/\\\/www.ohis.be\\\/de\\\/produit\\\/s2-elektrotransporter-mit-pritsche\\\/\",\"name\":\"S2 - Elektrotransporter mit Pritsche - Ohis\",\"isPartOf\":{\"@id\":\"https:\\\/\\\/www.ohis.be\\\/#website\"},\"primaryImageOfPage\":{\"@id\":\"https:\\\/\\\/www.ohis.be\\\/de\\\/produit\\\/s2-elektrotransporter-mit-pritsche\\\/#primaryimage\"},\"image\":{\"@id\":\"https:\\\/\\\/www.ohis.be\\\/de\\\/produit\\\/s2-elektrotransporter-mit-pritsche\\\/#primaryimage\"},\"thumbnailUrl\":\"https:\\\/\\\/www.ohis.be\\\/wp-content\\\/uploads\\\/2023\\\/10\\\/S2-tracteur-pour-la-logistique.png\",\"datePublished\":\"2023-10-12T18:12:54+00:00\",\"dateModified\":\"2023-11-10T14:42:25+00:00\",\"breadcrumb\":{\"@id\":\"https:\\\/\\\/www.ohis.be\\\/de\\\/produit\\\/s2-elektrotransporter-mit-pritsche\\\/#breadcrumb\"},\"inLanguage\":\"de\",\"potentialAction\":[{\"@type\":\"ReadAction\",\"target\":[\"https:\\\/\\\/www.ohis.be\\\/de\\\/produit\\\/s2-elektrotransporter-mit-pritsche\\\/\"]}]},{\"@type\":\"ImageObject\",\"inLanguage\":\"de\",\"@id\":\"https:\\\/\\\/www.ohis.be\\\/de\\\/produit\\\/s2-elektrotransporter-mit-pritsche\\\/#primaryimage\",\"url\":\"https:\\\/\\\/www.ohis.be\\\/wp-content\\\/uploads\\\/2023\\\/10\\\/S2-tracteur-pour-la-logistique.png\",\"contentUrl\":\"https:\\\/\\\/www.ohis.be\\\/wp-content\\\/uploads\\\/2023\\\/10\\\/S2-tracteur-pour-la-logistique.png\",\"width\":600,\"height\":523},{\"@type\":\"BreadcrumbList\",\"@id\":\"https:\\\/\\\/www.ohis.be\\\/de\\\/produit\\\/s2-elektrotransporter-mit-pritsche\\\/#breadcrumb\",\"itemListElement\":[{\"@type\":\"ListItem\",\"position\":1,\"name\":\"Accueil\",\"item\":\"https:\\\/\\\/www.ohis.be\\\/de\\\/\"},{\"@type\":\"ListItem\",\"position\":2,\"name\":\"Produkte\",\"item\":\"https:\\\/\\\/www.ohis.be\\\/de\\\/produkte\\\/\"},{\"@type\":\"ListItem\",\"position\":3,\"name\":\"S2 &#8211; Elektrotransporter mit Pritsche\"}]},{\"@type\":\"WebSite\",\"@id\":\"https:\\\/\\\/www.ohis.be\\\/#website\",\"url\":\"https:\\\/\\\/www.ohis.be\\\/\",\"name\":\"Ohis\",\"description\":\"Outils de levage\",\"publisher\":{\"@id\":\"https:\\\/\\\/www.ohis.be\\\/#organization\"},\"potentialAction\":[{\"@type\":\"SearchAction\",\"target\":{\"@type\":\"EntryPoint\",\"urlTemplate\":\"https:\\\/\\\/www.ohis.be\\\/?s={search_term_string}\"},\"query-input\":{\"@type\":\"PropertyValueSpecification\",\"valueRequired\":true,\"valueName\":\"search_term_string\"}}],\"inLanguage\":\"de\"},{\"@type\":\"Organization\",\"@id\":\"https:\\\/\\\/www.ohis.be\\\/#organization\",\"name\":\"Ohis\",\"url\":\"https:\\\/\\\/www.ohis.be\\\/\",\"logo\":{\"@type\":\"ImageObject\",\"inLanguage\":\"de\",\"@id\":\"https:\\\/\\\/www.ohis.be\\\/#\\\/schema\\\/logo\\\/image\\\/\",\"url\":\"https:\\\/\\\/www.ohis.be\\\/wp-content\\\/uploads\\\/2021\\\/02\\\/logo-ohis-wit.svg\",\"contentUrl\":\"https:\\\/\\\/www.ohis.be\\\/wp-content\\\/uploads\\\/2021\\\/02\\\/logo-ohis-wit.svg\",\"caption\":\"Ohis\"},\"image\":{\"@id\":\"https:\\\/\\\/www.ohis.be\\\/#\\\/schema\\\/logo\\\/image\\\/\"}}]}<\/script>\n<!-- \/ Yoast SEO plugin. -->","yoast_head_json":{"title":"S2 - Elektrotransporter mit Pritsche - Ohis","robots":{"index":"index","follow":"follow","max-snippet":"max-snippet:-1","max-image-preview":"max-image-preview:large","max-video-preview":"max-video-preview:-1"},"canonical":"https:\/\/www.ohis.be\/de\/produit\/s2-elektrotransporter-mit-pritsche\/","og_locale":"de_DE","og_type":"article","og_title":"S2 - Elektrotransporter mit Pritsche - Ohis","og_description":"Der Elektrotransporter mit Pritsche Zallys S2 f\u00fcr die Industrielogistik ist die ideale L\u00f6sung, um die manuelle Handhabung von Lasten zu vermeiden und die Bewegung zu beschleunigen.   f\u00fcr Lasten bis 500 kg  zum Abschleppen bis 1500 kg  vielseitig und kompakt  schmaler Wenderadius  mit pneumatischen R\u00e4dern f\u00fcr den Innen- und Au\u00dfenbereich  optionale Taste zur 2-Gang-Einstellung  gro\u00dfe Auswahl an Standardzubeh\u00f6r oder auf Anfrage anpassbar  Zubeh\u00f6rteile:   Federsystem mit Sitzh\u00e4rteeinstellung  Ein Paar hochschwenkbare Armlehnen  Sicherheitsgurt  Montageplatte f\u00fcr Haken  Kugelkopf-\/Stiftkupplung \u00d820-25  Haken mit Stift \u00d816 mm  Haken mit Stift \u00d820 mm  Haken mit Stift \u00d835 mm  Haken mit Stift \u00d840 mm  Pritsche 730 x 730 x 220 mm  Plattform 830 x 1250 x 185 mm  Pritsche 750x1020xh230 mm  Teleskopstange mit LED Rundumleuchte  Zugkugelkupplung f\u00fcr Anh\u00e4nger  Lenkerkorb  Korb mit Key-Pad ON\/OFF  Kontaktieren Sie uns f\u00fcr eine Demo dieser Maschine in Ihrem Betrieb.","og_url":"https:\/\/www.ohis.be\/de\/produit\/s2-elektrotransporter-mit-pritsche\/","og_site_name":"Ohis","article_modified_time":"2023-11-10T14:42:25+00:00","og_image":[{"width":600,"height":523,"url":"https:\/\/www.ohis.be\/wp-content\/uploads\/2023\/10\/S2-tracteur-pour-la-logistique.png","type":"image\/png"}],"twitter_card":"summary_large_image","twitter_misc":{"Gesch\u00e4tzte Lesezeit":"1\u00a0Minute"},"schema":{"@context":"https:\/\/schema.org","@graph":[{"@type":"WebPage","@id":"https:\/\/www.ohis.be\/de\/produit\/s2-elektrotransporter-mit-pritsche\/","url":"https:\/\/www.ohis.be\/de\/produit\/s2-elektrotransporter-mit-pritsche\/","name":"S2 - Elektrotransporter mit Pritsche - Ohis","isPartOf":{"@id":"https:\/\/www.ohis.be\/#website"},"primaryImageOfPage":{"@id":"https:\/\/www.ohis.be\/de\/produit\/s2-elektrotransporter-mit-pritsche\/#primaryimage"},"image":{"@id":"https:\/\/www.ohis.be\/de\/produit\/s2-elektrotransporter-mit-pritsche\/#primaryimage"},"thumbnailUrl":"https:\/\/www.ohis.be\/wp-content\/uploads\/2023\/10\/S2-tracteur-pour-la-logistique.png","datePublished":"2023-10-12T18:12:54+00:00","dateModified":"2023-11-10T14:42:25+00:00","breadcrumb":{"@id":"https:\/\/www.ohis.be\/de\/produit\/s2-elektrotransporter-mit-pritsche\/#breadcrumb"},"inLanguage":"de","potentialAction":[{"@type":"ReadAction","target":["https:\/\/www.ohis.be\/de\/produit\/s2-elektrotransporter-mit-pritsche\/"]}]},{"@type":"ImageObject","inLanguage":"de","@id":"https:\/\/www.ohis.be\/de\/produit\/s2-elektrotransporter-mit-pritsche\/#primaryimage","url":"https:\/\/www.ohis.be\/wp-content\/uploads\/2023\/10\/S2-tracteur-pour-la-logistique.png","contentUrl":"https:\/\/www.ohis.be\/wp-content\/uploads\/2023\/10\/S2-tracteur-pour-la-logistique.png","width":600,"height":523},{"@type":"BreadcrumbList","@id":"https:\/\/www.ohis.be\/de\/produit\/s2-elektrotransporter-mit-pritsche\/#breadcrumb","itemListElement":[{"@type":"ListItem","position":1,"name":"Accueil","item":"https:\/\/www.ohis.be\/de\/"},{"@type":"ListItem","position":2,"name":"Produkte","item":"https:\/\/www.ohis.be\/de\/produkte\/"},{"@type":"ListItem","position":3,"name":"S2 &#8211; Elektrotransporter mit Pritsche"}]},{"@type":"WebSite","@id":"https:\/\/www.ohis.be\/#website","url":"https:\/\/www.ohis.be\/","name":"Ohis","description":"Outils de levage","publisher":{"@id":"https:\/\/www.ohis.be\/#organization"},"potentialAction":[{"@type":"SearchAction","target":{"@type":"EntryPoint","urlTemplate":"https:\/\/www.ohis.be\/?s={search_term_string}"},"query-input":{"@type":"PropertyValueSpecification","valueRequired":true,"valueName":"search_term_string"}}],"inLanguage":"de"},{"@type":"Organization","@id":"https:\/\/www.ohis.be\/#organization","name":"Ohis","url":"https:\/\/www.ohis.be\/","logo":{"@type":"ImageObject","inLanguage":"de","@id":"https:\/\/www.ohis.be\/#\/schema\/logo\/image\/","url":"https:\/\/www.ohis.be\/wp-content\/uploads\/2021\/02\/logo-ohis-wit.svg","contentUrl":"https:\/\/www.ohis.be\/wp-content\/uploads\/2021\/02\/logo-ohis-wit.svg","caption":"Ohis"},"image":{"@id":"https:\/\/www.ohis.be\/#\/schema\/logo\/image\/"}}]}},"_links":{"self":[{"href":"https:\/\/www.ohis.be\/de\/wp-json\/wp\/v2\/product\/39814","targetHints":{"allow":["GET"]}}],"collection":[{"href":"https:\/\/www.ohis.be\/de\/wp-json\/wp\/v2\/product"}],"about":[{"href":"https:\/\/www.ohis.be\/de\/wp-json\/wp\/v2\/types\/product"}],"wp:featuredmedia":[{"embeddable":true,"href":"https:\/\/www.ohis.be\/de\/wp-json\/wp\/v2\/media\/39442"}],"wp:attachment":[{"href":"https:\/\/www.ohis.be\/de\/wp-json\/wp\/v2\/media?parent=39814"}],"wp:term":[{"taxonomy":"product_brand","embeddable":true,"href":"https:\/\/www.ohis.be\/de\/wp-json\/wp\/v2\/product_brand?post=39814"},{"taxonomy":"product_cat","embeddable":true,"href":"https:\/\/www.ohis.be\/de\/wp-json\/wp\/v2\/product_cat?post=39814"},{"taxonomy":"product_tag","embeddable":true,"href":"https:\/\/www.ohis.be\/de\/wp-json\/wp\/v2\/product_tag?post=39814"}],"curies":[{"name":"wp","href":"https:\/\/api.w.org\/{rel}","templated":true}]}}