{"id":39731,"date":"2023-10-12T20:29:17","date_gmt":"2023-10-12T18:29:17","guid":{"rendered":"https:\/\/www.ohis.be\/produit\/jack-master-kommissionierfahrzeug\/"},"modified":"2023-10-12T20:29:17","modified_gmt":"2023-10-12T18:29:17","slug":"jack-master-kommissionierfahrzeug","status":"publish","type":"product","link":"https:\/\/www.ohis.be\/de\/produit\/jack-master-kommissionierfahrzeug\/","title":{"rendered":"JACK MASTER &#8211; Kommissionierfahrzeug"},"content":{"rendered":"<div class=\"descrizione text-lg mb-5\">\n<p><span data-sheets-value=\"{&quot;1&quot;:2,&quot;2&quot;:&quot;chariot tracteur \u00e0 plateau porteur&quot;}\" data-sheets-userformat=\"{&quot;2&quot;:513,&quot;3&quot;:{&quot;1&quot;:0},&quot;12&quot;:0}\"><\/span>Der Kommissionierfahrzeug Zallys Jack Master f\u00fcr die Industrielogistik ist die ideale L\u00f6sung, um den manuellen Umgang mit Lasten zu vermeiden und Bewegungen zu beschleunigen.<\/p>\n<ul>\n<li>f\u00fcr Lasten bis 2500 kg<\/li>\n<li>vielseitig und kompakt<\/li>\n<li>mit pneumatischen R\u00e4dern f\u00fcr den Innen- und Au\u00dfenbereich<\/li>\n<li>optionale Taste zur 2-Gang-Einstellung<\/li>\n<li>gro\u00dfe Auswahl an Standardzubeh\u00f6r oder auf Anfrage anpassbar<\/li>\n<\/ul>\n<p><strong>Zubeh\u00f6rteile:<\/strong><\/p>\n<\/div>\n<ul>\n<li>Korb mit Key-Pad ON\/OFF<\/li>\n<li>Lenkerkorb<\/li>\n<li>Pritsche 730 x 730 x 220 mm<\/li>\n<li>Teleskopstange mit LED Rundumleuchte<\/li>\n<li>Montageplatte f\u00fcr Haken<\/li>\n<li>Kugelkopf-\/Stiftkupplung \u00d820-25<\/li>\n<li>Haken mit Stift \u00d816 mm<\/li>\n<li>Haken mit Stift \u00d820 mm<\/li>\n<li>Haken mit Stift \u00d835 mm<\/li>\n<li>Haken mit Stift \u00d840 mm<\/li>\n<li>Zugkugelkupplung f\u00fcr Anh\u00e4nger<\/li>\n<\/ul>\n<p>Kontaktieren Sie uns f\u00fcr eine Demo dieser Maschine in Ihren R\u00e4umlichkeiten.<\/p>\n","protected":false},"excerpt":{"rendered":"<div class=\"descrizione text-lg mb-5\">\n<p><span data-sheets-value=\"{&quot;1&quot;:2,&quot;2&quot;:&quot;chariot tracteur \u00e0 plateau porteur&quot;}\" data-sheets-userformat=\"{&quot;2&quot;:513,&quot;3&quot;:{&quot;1&quot;:0},&quot;12&quot;:0}\"><\/span>Der Kommissionierfahrzeug Zallys Jack Master f\u00fcr die Industrielogistik ist die ideale L\u00f6sung, um den manuellen Umgang mit Lasten zu vermeiden und Bewegungen zu beschleunigen.<\/p>\n<ul>\n<li>f\u00fcr Lasten bis 2500 kg<\/li>\n<li>vielseitig und kompakt<\/li>\n<li>mit pneumatischen R\u00e4dern f\u00fcr den Innen- und Au\u00dfenbereich<\/li>\n<li>optionale Taste zur 2-Gang-Einstellung<\/li>\n<li>gro\u00dfe Auswahl an Standardzubeh\u00f6r oder auf Anfrage anpassbar<\/li>\n<\/ul>\n<p><strong>Zubeh\u00f6rteile:<\/strong><\/p>\n<\/div>\n<ul>\n<li>Korb mit Key-Pad ON\/OFF<\/li>\n<li>Lenkerkorb<\/li>\n<li>Pritsche 730 x 730 x 220 mm<\/li>\n<li>Teleskopstange mit LED Rundumleuchte<\/li>\n<li>Montageplatte f\u00fcr Haken<\/li>\n<li>Kugelkopf-\/Stiftkupplung \u00d820-25<\/li>\n<li>Haken mit Stift \u00d816 mm<\/li>\n<li>Haken mit Stift \u00d820 mm<\/li>\n<li>Haken mit Stift \u00d835 mm<\/li>\n<li>Haken mit Stift \u00d840 mm<\/li>\n<li>Zugkugelkupplung f\u00fcr Anh\u00e4nger<\/li>\n<\/ul>\n<p>Kontaktieren Sie uns f\u00fcr eine Demo dieser Maschine in Ihren R\u00e4umlichkeiten.<\/p>\n","protected":false},"featured_media":39334,"template":"","meta":{"_acf_changed":false,"inline_featured_image":false},"product_brand":[],"product_cat":[3842],"product_tag":[],"class_list":{"0":"post-39731","1":"product","2":"type-product","3":"status-publish","4":"has-post-thumbnail","6":"product_cat-personentransporter","7":"yith_product_brand-zallys-de","9":"first","10":"instock","11":"taxable","12":"shipping-taxable","13":"product-type-simple"},"acf":[],"yoast_head":"<!-- This site is optimized with the Yoast SEO plugin v27.5 - https:\/\/yoast.com\/product\/yoast-seo-wordpress\/ -->\n<title>JACK MASTER - Kommissionierfahrzeug - Ohis<\/title>\n<meta name=\"robots\" content=\"index, follow, max-snippet:-1, max-image-preview:large, max-video-preview:-1\" \/>\n<link rel=\"canonical\" href=\"https:\/\/www.ohis.be\/de\/produit\/jack-master-kommissionierfahrzeug\/\" \/>\n<meta property=\"og:locale\" content=\"de_DE\" \/>\n<meta property=\"og:type\" content=\"article\" \/>\n<meta property=\"og:title\" content=\"JACK MASTER - Kommissionierfahrzeug - Ohis\" \/>\n<meta property=\"og:description\" content=\"Der Kommissionierfahrzeug Zallys Jack Master f\u00fcr die Industrielogistik ist die ideale L\u00f6sung, um den manuellen Umgang mit Lasten zu vermeiden und Bewegungen zu beschleunigen.   f\u00fcr Lasten bis 2500 kg  vielseitig und kompakt  mit pneumatischen R\u00e4dern f\u00fcr den Innen- und Au\u00dfenbereich  optionale Taste zur 2-Gang-Einstellung  gro\u00dfe Auswahl an Standardzubeh\u00f6r oder auf Anfrage anpassbar  Zubeh\u00f6rteile:     Korb mit Key-Pad ON\/OFF  Lenkerkorb  Pritsche 730 x 730 x 220 mm  Teleskopstange mit LED Rundumleuchte  Montageplatte f\u00fcr Haken  Kugelkopf-\/Stiftkupplung \u00d820-25  Haken mit Stift \u00d816 mm  Haken mit Stift \u00d820 mm  Haken mit Stift \u00d835 mm  Haken mit Stift \u00d840 mm  Zugkugelkupplung f\u00fcr Anh\u00e4nger  Kontaktieren Sie uns f\u00fcr eine Demo dieser Maschine in Ihren R\u00e4umlichkeiten.\" \/>\n<meta property=\"og:url\" content=\"https:\/\/www.ohis.be\/de\/produit\/jack-master-kommissionierfahrzeug\/\" \/>\n<meta property=\"og:site_name\" content=\"Ohis\" \/>\n<meta property=\"og:image\" content=\"https:\/\/www.ohis.be\/wp-content\/uploads\/2023\/10\/JACK-MASTER-chariot-tracteur-a-plateau-porteur.png\" \/>\n\t<meta property=\"og:image:width\" content=\"800\" \/>\n\t<meta property=\"og:image:height\" content=\"698\" \/>\n\t<meta property=\"og:image:type\" content=\"image\/png\" \/>\n<meta name=\"twitter:card\" content=\"summary_large_image\" \/>\n<meta name=\"twitter:label1\" content=\"Gesch\u00e4tzte Lesezeit\" \/>\n\t<meta name=\"twitter:data1\" content=\"1\u00a0Minute\" \/>\n<script type=\"application\/ld+json\" class=\"yoast-schema-graph\">{\"@context\":\"https:\\\/\\\/schema.org\",\"@graph\":[{\"@type\":\"WebPage\",\"@id\":\"https:\\\/\\\/www.ohis.be\\\/de\\\/produit\\\/jack-master-kommissionierfahrzeug\\\/\",\"url\":\"https:\\\/\\\/www.ohis.be\\\/de\\\/produit\\\/jack-master-kommissionierfahrzeug\\\/\",\"name\":\"JACK MASTER - Kommissionierfahrzeug - Ohis\",\"isPartOf\":{\"@id\":\"https:\\\/\\\/www.ohis.be\\\/#website\"},\"primaryImageOfPage\":{\"@id\":\"https:\\\/\\\/www.ohis.be\\\/de\\\/produit\\\/jack-master-kommissionierfahrzeug\\\/#primaryimage\"},\"image\":{\"@id\":\"https:\\\/\\\/www.ohis.be\\\/de\\\/produit\\\/jack-master-kommissionierfahrzeug\\\/#primaryimage\"},\"thumbnailUrl\":\"https:\\\/\\\/www.ohis.be\\\/wp-content\\\/uploads\\\/2023\\\/10\\\/JACK-MASTER-chariot-tracteur-a-plateau-porteur.png\",\"datePublished\":\"2023-10-12T18:29:17+00:00\",\"breadcrumb\":{\"@id\":\"https:\\\/\\\/www.ohis.be\\\/de\\\/produit\\\/jack-master-kommissionierfahrzeug\\\/#breadcrumb\"},\"inLanguage\":\"de\",\"potentialAction\":[{\"@type\":\"ReadAction\",\"target\":[\"https:\\\/\\\/www.ohis.be\\\/de\\\/produit\\\/jack-master-kommissionierfahrzeug\\\/\"]}]},{\"@type\":\"ImageObject\",\"inLanguage\":\"de\",\"@id\":\"https:\\\/\\\/www.ohis.be\\\/de\\\/produit\\\/jack-master-kommissionierfahrzeug\\\/#primaryimage\",\"url\":\"https:\\\/\\\/www.ohis.be\\\/wp-content\\\/uploads\\\/2023\\\/10\\\/JACK-MASTER-chariot-tracteur-a-plateau-porteur.png\",\"contentUrl\":\"https:\\\/\\\/www.ohis.be\\\/wp-content\\\/uploads\\\/2023\\\/10\\\/JACK-MASTER-chariot-tracteur-a-plateau-porteur.png\",\"width\":800,\"height\":698},{\"@type\":\"BreadcrumbList\",\"@id\":\"https:\\\/\\\/www.ohis.be\\\/de\\\/produit\\\/jack-master-kommissionierfahrzeug\\\/#breadcrumb\",\"itemListElement\":[{\"@type\":\"ListItem\",\"position\":1,\"name\":\"Accueil\",\"item\":\"https:\\\/\\\/www.ohis.be\\\/de\\\/\"},{\"@type\":\"ListItem\",\"position\":2,\"name\":\"Produkte\",\"item\":\"https:\\\/\\\/www.ohis.be\\\/de\\\/produkte\\\/\"},{\"@type\":\"ListItem\",\"position\":3,\"name\":\"JACK MASTER &#8211; Kommissionierfahrzeug\"}]},{\"@type\":\"WebSite\",\"@id\":\"https:\\\/\\\/www.ohis.be\\\/#website\",\"url\":\"https:\\\/\\\/www.ohis.be\\\/\",\"name\":\"Ohis\",\"description\":\"Outils de levage\",\"publisher\":{\"@id\":\"https:\\\/\\\/www.ohis.be\\\/#organization\"},\"potentialAction\":[{\"@type\":\"SearchAction\",\"target\":{\"@type\":\"EntryPoint\",\"urlTemplate\":\"https:\\\/\\\/www.ohis.be\\\/?s={search_term_string}\"},\"query-input\":{\"@type\":\"PropertyValueSpecification\",\"valueRequired\":true,\"valueName\":\"search_term_string\"}}],\"inLanguage\":\"de\"},{\"@type\":\"Organization\",\"@id\":\"https:\\\/\\\/www.ohis.be\\\/#organization\",\"name\":\"Ohis\",\"url\":\"https:\\\/\\\/www.ohis.be\\\/\",\"logo\":{\"@type\":\"ImageObject\",\"inLanguage\":\"de\",\"@id\":\"https:\\\/\\\/www.ohis.be\\\/#\\\/schema\\\/logo\\\/image\\\/\",\"url\":\"https:\\\/\\\/www.ohis.be\\\/wp-content\\\/uploads\\\/2021\\\/02\\\/logo-ohis-wit.svg\",\"contentUrl\":\"https:\\\/\\\/www.ohis.be\\\/wp-content\\\/uploads\\\/2021\\\/02\\\/logo-ohis-wit.svg\",\"caption\":\"Ohis\"},\"image\":{\"@id\":\"https:\\\/\\\/www.ohis.be\\\/#\\\/schema\\\/logo\\\/image\\\/\"}}]}<\/script>\n<!-- \/ Yoast SEO plugin. -->","yoast_head_json":{"title":"JACK MASTER - Kommissionierfahrzeug - Ohis","robots":{"index":"index","follow":"follow","max-snippet":"max-snippet:-1","max-image-preview":"max-image-preview:large","max-video-preview":"max-video-preview:-1"},"canonical":"https:\/\/www.ohis.be\/de\/produit\/jack-master-kommissionierfahrzeug\/","og_locale":"de_DE","og_type":"article","og_title":"JACK MASTER - Kommissionierfahrzeug - Ohis","og_description":"Der Kommissionierfahrzeug Zallys Jack Master f\u00fcr die Industrielogistik ist die ideale L\u00f6sung, um den manuellen Umgang mit Lasten zu vermeiden und Bewegungen zu beschleunigen.   f\u00fcr Lasten bis 2500 kg  vielseitig und kompakt  mit pneumatischen R\u00e4dern f\u00fcr den Innen- und Au\u00dfenbereich  optionale Taste zur 2-Gang-Einstellung  gro\u00dfe Auswahl an Standardzubeh\u00f6r oder auf Anfrage anpassbar  Zubeh\u00f6rteile:     Korb mit Key-Pad ON\/OFF  Lenkerkorb  Pritsche 730 x 730 x 220 mm  Teleskopstange mit LED Rundumleuchte  Montageplatte f\u00fcr Haken  Kugelkopf-\/Stiftkupplung \u00d820-25  Haken mit Stift \u00d816 mm  Haken mit Stift \u00d820 mm  Haken mit Stift \u00d835 mm  Haken mit Stift \u00d840 mm  Zugkugelkupplung f\u00fcr Anh\u00e4nger  Kontaktieren Sie uns f\u00fcr eine Demo dieser Maschine in Ihren R\u00e4umlichkeiten.","og_url":"https:\/\/www.ohis.be\/de\/produit\/jack-master-kommissionierfahrzeug\/","og_site_name":"Ohis","og_image":[{"width":800,"height":698,"url":"https:\/\/www.ohis.be\/wp-content\/uploads\/2023\/10\/JACK-MASTER-chariot-tracteur-a-plateau-porteur.png","type":"image\/png"}],"twitter_card":"summary_large_image","twitter_misc":{"Gesch\u00e4tzte Lesezeit":"1\u00a0Minute"},"schema":{"@context":"https:\/\/schema.org","@graph":[{"@type":"WebPage","@id":"https:\/\/www.ohis.be\/de\/produit\/jack-master-kommissionierfahrzeug\/","url":"https:\/\/www.ohis.be\/de\/produit\/jack-master-kommissionierfahrzeug\/","name":"JACK MASTER - Kommissionierfahrzeug - Ohis","isPartOf":{"@id":"https:\/\/www.ohis.be\/#website"},"primaryImageOfPage":{"@id":"https:\/\/www.ohis.be\/de\/produit\/jack-master-kommissionierfahrzeug\/#primaryimage"},"image":{"@id":"https:\/\/www.ohis.be\/de\/produit\/jack-master-kommissionierfahrzeug\/#primaryimage"},"thumbnailUrl":"https:\/\/www.ohis.be\/wp-content\/uploads\/2023\/10\/JACK-MASTER-chariot-tracteur-a-plateau-porteur.png","datePublished":"2023-10-12T18:29:17+00:00","breadcrumb":{"@id":"https:\/\/www.ohis.be\/de\/produit\/jack-master-kommissionierfahrzeug\/#breadcrumb"},"inLanguage":"de","potentialAction":[{"@type":"ReadAction","target":["https:\/\/www.ohis.be\/de\/produit\/jack-master-kommissionierfahrzeug\/"]}]},{"@type":"ImageObject","inLanguage":"de","@id":"https:\/\/www.ohis.be\/de\/produit\/jack-master-kommissionierfahrzeug\/#primaryimage","url":"https:\/\/www.ohis.be\/wp-content\/uploads\/2023\/10\/JACK-MASTER-chariot-tracteur-a-plateau-porteur.png","contentUrl":"https:\/\/www.ohis.be\/wp-content\/uploads\/2023\/10\/JACK-MASTER-chariot-tracteur-a-plateau-porteur.png","width":800,"height":698},{"@type":"BreadcrumbList","@id":"https:\/\/www.ohis.be\/de\/produit\/jack-master-kommissionierfahrzeug\/#breadcrumb","itemListElement":[{"@type":"ListItem","position":1,"name":"Accueil","item":"https:\/\/www.ohis.be\/de\/"},{"@type":"ListItem","position":2,"name":"Produkte","item":"https:\/\/www.ohis.be\/de\/produkte\/"},{"@type":"ListItem","position":3,"name":"JACK MASTER &#8211; Kommissionierfahrzeug"}]},{"@type":"WebSite","@id":"https:\/\/www.ohis.be\/#website","url":"https:\/\/www.ohis.be\/","name":"Ohis","description":"Outils de levage","publisher":{"@id":"https:\/\/www.ohis.be\/#organization"},"potentialAction":[{"@type":"SearchAction","target":{"@type":"EntryPoint","urlTemplate":"https:\/\/www.ohis.be\/?s={search_term_string}"},"query-input":{"@type":"PropertyValueSpecification","valueRequired":true,"valueName":"search_term_string"}}],"inLanguage":"de"},{"@type":"Organization","@id":"https:\/\/www.ohis.be\/#organization","name":"Ohis","url":"https:\/\/www.ohis.be\/","logo":{"@type":"ImageObject","inLanguage":"de","@id":"https:\/\/www.ohis.be\/#\/schema\/logo\/image\/","url":"https:\/\/www.ohis.be\/wp-content\/uploads\/2021\/02\/logo-ohis-wit.svg","contentUrl":"https:\/\/www.ohis.be\/wp-content\/uploads\/2021\/02\/logo-ohis-wit.svg","caption":"Ohis"},"image":{"@id":"https:\/\/www.ohis.be\/#\/schema\/logo\/image\/"}}]}},"_links":{"self":[{"href":"https:\/\/www.ohis.be\/de\/wp-json\/wp\/v2\/product\/39731","targetHints":{"allow":["GET"]}}],"collection":[{"href":"https:\/\/www.ohis.be\/de\/wp-json\/wp\/v2\/product"}],"about":[{"href":"https:\/\/www.ohis.be\/de\/wp-json\/wp\/v2\/types\/product"}],"wp:featuredmedia":[{"embeddable":true,"href":"https:\/\/www.ohis.be\/de\/wp-json\/wp\/v2\/media\/39334"}],"wp:attachment":[{"href":"https:\/\/www.ohis.be\/de\/wp-json\/wp\/v2\/media?parent=39731"}],"wp:term":[{"taxonomy":"product_brand","embeddable":true,"href":"https:\/\/www.ohis.be\/de\/wp-json\/wp\/v2\/product_brand?post=39731"},{"taxonomy":"product_cat","embeddable":true,"href":"https:\/\/www.ohis.be\/de\/wp-json\/wp\/v2\/product_cat?post=39731"},{"taxonomy":"product_tag","embeddable":true,"href":"https:\/\/www.ohis.be\/de\/wp-json\/wp\/v2\/product_tag?post=39731"}],"curies":[{"name":"wp","href":"https:\/\/api.w.org\/{rel}","templated":true}]}}