{"id":39728,"date":"2023-10-12T20:20:04","date_gmt":"2023-10-12T18:20:04","guid":{"rendered":"https:\/\/www.ohis.be\/produit\/jack-l-lagertechnik-fahrzeug\/"},"modified":"2023-10-12T20:20:04","modified_gmt":"2023-10-12T18:20:04","slug":"jack-l-lagertechnik-fahrzeug","status":"publish","type":"product","link":"https:\/\/www.ohis.be\/de\/produit\/jack-l-lagertechnik-fahrzeug\/","title":{"rendered":"JACK L &#8211; Lagertechnik Fahrzeug"},"content":{"rendered":"<div class=\"descrizione text-lg mb-5\">\n<p>Der Zallys Jack 1200W 1\/22\u00a0<span data-sheets-value=\"{\" data-sheets-userformat=\"{\">Elektro Lieferfahrzeug<\/span> ist die ideale L\u00f6sung, um die manuelle Handhabung von Lasten zu vermeiden und die Bewegung zu beschleunigen.<\/p>\n<ul>\n<li>f\u00fcr Lasten bis 500 kg<\/li>\n<li>zum Abschleppen bis 1500 kg<\/li>\n<li>vielseitig und kompakt<\/li>\n<li>mit pneumatischen R\u00e4dern f\u00fcr den Innen- und Au\u00dfenbereich<\/li>\n<li>optionale Taste zur 2-Gang-Einstellung<\/li>\n<li>gro\u00dfe Auswahl an Standardzubeh\u00f6r oder auf Anfrage anpassbar<\/li>\n<\/ul>\n<p><strong>Zubeh\u00f6rteile:<\/strong><\/p>\n<\/div>\n<ul>\n<li>MAX 6 Stk. &#8211; 3,5 kg Gegengewicht<\/li>\n<li>Montageplatte f\u00fcr Haken<\/li>\n<li>Haken mit Stift \u00d816 mm<\/li>\n<li>Kugelkopf-\/Stiftkupplung \u00d820-25<\/li>\n<li>Haken mit Stift \u00d820 mm<\/li>\n<li>Haken mit Stift \u00d835 mm<\/li>\n<li>Haken mit Stift \u00d840 mm<\/li>\n<li>Zugkugelkupplung f\u00fcr Anh\u00e4nger<\/li>\n<li>Plattform 830 x 1250 x 185 mm<\/li>\n<li>Anschlusskit f\u00fcr Tabletts<\/li>\n<li>Teleskopstange mit LED Rundumleuchte<\/li>\n<li>Lenkerkorb<\/li>\n<li>Korb mit Key-Pad ON\/OFF<\/li>\n<li>Frontsto\u00dfstangensatz<\/li>\n<\/ul>\n<p>Kontaktieren Sie uns f\u00fcr eine Demo dieser Maschine in Ihrem Betrieb.<\/p>\n","protected":false},"excerpt":{"rendered":"<div class=\"descrizione text-lg mb-5\">\n<p>Der Zallys Jack 1200W 1\/22\u00a0<span data-sheets-value=\"{\" data-sheets-userformat=\"{\">Elektro Lieferfahrzeug<\/span> ist die ideale L\u00f6sung, um die manuelle Handhabung von Lasten zu vermeiden und die Bewegung zu beschleunigen.<\/p>\n<ul>\n<li>f\u00fcr Lasten bis 500 kg<\/li>\n<li>zum Abschleppen bis 1500 kg<\/li>\n<li>vielseitig und kompakt<\/li>\n<li>mit pneumatischen R\u00e4dern f\u00fcr den Innen- und Au\u00dfenbereich<\/li>\n<li>optionale Taste zur 2-Gang-Einstellung<\/li>\n<li>gro\u00dfe Auswahl an Standardzubeh\u00f6r oder auf Anfrage anpassbar<\/li>\n<\/ul>\n<p><strong>Zubeh\u00f6rteile:<\/strong><\/p>\n<\/div>\n<ul>\n<li>MAX 6 Stk. &#8211; 3,5 kg Gegengewicht<\/li>\n<li>Montageplatte f\u00fcr Haken<\/li>\n<li>Haken mit Stift \u00d816 mm<\/li>\n<li>Kugelkopf-\/Stiftkupplung \u00d820-25<\/li>\n<li>Haken mit Stift \u00d820 mm<\/li>\n<li>Haken mit Stift \u00d835 mm<\/li>\n<li>Haken mit Stift \u00d840 mm<\/li>\n<li>Zugkugelkupplung f\u00fcr Anh\u00e4nger<\/li>\n<li>Plattform 830 x 1250 x 185 mm<\/li>\n<li>Anschlusskit f\u00fcr Tabletts<\/li>\n<li>Teleskopstange mit LED Rundumleuchte<\/li>\n<li>Lenkerkorb<\/li>\n<li>Korb mit Key-Pad ON\/OFF<\/li>\n<li>Frontsto\u00dfstangensatz<\/li>\n<\/ul>\n<p>Kontaktieren Sie uns f\u00fcr eine Demo dieser Maschine in Ihrem Betrieb.<\/p>\n","protected":false},"featured_media":39264,"template":"","meta":{"_acf_changed":false,"inline_featured_image":false},"product_brand":[],"product_cat":[3842],"product_tag":[],"class_list":{"0":"post-39728","1":"product","2":"type-product","3":"status-publish","4":"has-post-thumbnail","6":"product_cat-personentransporter","7":"yith_product_brand-zallys-de","9":"first","10":"instock","11":"taxable","12":"shipping-taxable","13":"product-type-simple"},"acf":[],"yoast_head":"<!-- This site is optimized with the Yoast SEO plugin v27.4 - https:\/\/yoast.com\/product\/yoast-seo-wordpress\/ -->\n<title>JACK L - Lagertechnik Fahrzeug - Ohis<\/title>\n<meta name=\"robots\" content=\"index, follow, max-snippet:-1, max-image-preview:large, max-video-preview:-1\" \/>\n<link rel=\"canonical\" href=\"https:\/\/www.ohis.be\/de\/produit\/jack-l-lagertechnik-fahrzeug\/\" \/>\n<meta property=\"og:locale\" content=\"de_DE\" \/>\n<meta property=\"og:type\" content=\"article\" \/>\n<meta property=\"og:title\" content=\"JACK L - Lagertechnik Fahrzeug - Ohis\" \/>\n<meta property=\"og:description\" content=\"Der Zallys Jack 1200W 1\/22\u00a0Elektro Lieferfahrzeug ist die ideale L\u00f6sung, um die manuelle Handhabung von Lasten zu vermeiden und die Bewegung zu beschleunigen.   f\u00fcr Lasten bis 500 kg  zum Abschleppen bis 1500 kg  vielseitig und kompakt  mit pneumatischen R\u00e4dern f\u00fcr den Innen- und Au\u00dfenbereich  optionale Taste zur 2-Gang-Einstellung  gro\u00dfe Auswahl an Standardzubeh\u00f6r oder auf Anfrage anpassbar  Zubeh\u00f6rteile:     MAX 6 Stk. - 3,5 kg Gegengewicht  Montageplatte f\u00fcr Haken  Haken mit Stift \u00d816 mm  Kugelkopf-\/Stiftkupplung \u00d820-25  Haken mit Stift \u00d820 mm  Haken mit Stift \u00d835 mm  Haken mit Stift \u00d840 mm  Zugkugelkupplung f\u00fcr Anh\u00e4nger  Plattform 830 x 1250 x 185 mm  Anschlusskit f\u00fcr Tabletts  Teleskopstange mit LED Rundumleuchte  Lenkerkorb  Korb mit Key-Pad ON\/OFF  Frontsto\u00dfstangensatz  Kontaktieren Sie uns f\u00fcr eine Demo dieser Maschine in Ihrem Betrieb.\" \/>\n<meta property=\"og:url\" content=\"https:\/\/www.ohis.be\/de\/produit\/jack-l-lagertechnik-fahrzeug\/\" \/>\n<meta property=\"og:site_name\" content=\"Ohis\" \/>\n<meta property=\"og:image\" content=\"https:\/\/www.ohis.be\/wp-content\/uploads\/2023\/10\/JACK-L-chariot-tracteur-homme-a-bord.jpg\" \/>\n\t<meta property=\"og:image:width\" content=\"600\" \/>\n\t<meta property=\"og:image:height\" content=\"428\" \/>\n\t<meta property=\"og:image:type\" content=\"image\/jpeg\" \/>\n<meta name=\"twitter:card\" content=\"summary_large_image\" \/>\n<meta name=\"twitter:label1\" content=\"Gesch\u00e4tzte Lesezeit\" \/>\n\t<meta name=\"twitter:data1\" content=\"1\u00a0Minute\" \/>\n<script type=\"application\/ld+json\" class=\"yoast-schema-graph\">{\"@context\":\"https:\\\/\\\/schema.org\",\"@graph\":[{\"@type\":\"WebPage\",\"@id\":\"https:\\\/\\\/www.ohis.be\\\/de\\\/produit\\\/jack-l-lagertechnik-fahrzeug\\\/\",\"url\":\"https:\\\/\\\/www.ohis.be\\\/de\\\/produit\\\/jack-l-lagertechnik-fahrzeug\\\/\",\"name\":\"JACK L - Lagertechnik Fahrzeug - Ohis\",\"isPartOf\":{\"@id\":\"https:\\\/\\\/www.ohis.be\\\/#website\"},\"primaryImageOfPage\":{\"@id\":\"https:\\\/\\\/www.ohis.be\\\/de\\\/produit\\\/jack-l-lagertechnik-fahrzeug\\\/#primaryimage\"},\"image\":{\"@id\":\"https:\\\/\\\/www.ohis.be\\\/de\\\/produit\\\/jack-l-lagertechnik-fahrzeug\\\/#primaryimage\"},\"thumbnailUrl\":\"https:\\\/\\\/www.ohis.be\\\/wp-content\\\/uploads\\\/2023\\\/10\\\/JACK-L-chariot-tracteur-homme-a-bord.jpg\",\"datePublished\":\"2023-10-12T18:20:04+00:00\",\"breadcrumb\":{\"@id\":\"https:\\\/\\\/www.ohis.be\\\/de\\\/produit\\\/jack-l-lagertechnik-fahrzeug\\\/#breadcrumb\"},\"inLanguage\":\"de\",\"potentialAction\":[{\"@type\":\"ReadAction\",\"target\":[\"https:\\\/\\\/www.ohis.be\\\/de\\\/produit\\\/jack-l-lagertechnik-fahrzeug\\\/\"]}]},{\"@type\":\"ImageObject\",\"inLanguage\":\"de\",\"@id\":\"https:\\\/\\\/www.ohis.be\\\/de\\\/produit\\\/jack-l-lagertechnik-fahrzeug\\\/#primaryimage\",\"url\":\"https:\\\/\\\/www.ohis.be\\\/wp-content\\\/uploads\\\/2023\\\/10\\\/JACK-L-chariot-tracteur-homme-a-bord.jpg\",\"contentUrl\":\"https:\\\/\\\/www.ohis.be\\\/wp-content\\\/uploads\\\/2023\\\/10\\\/JACK-L-chariot-tracteur-homme-a-bord.jpg\",\"width\":600,\"height\":428},{\"@type\":\"BreadcrumbList\",\"@id\":\"https:\\\/\\\/www.ohis.be\\\/de\\\/produit\\\/jack-l-lagertechnik-fahrzeug\\\/#breadcrumb\",\"itemListElement\":[{\"@type\":\"ListItem\",\"position\":1,\"name\":\"Accueil\",\"item\":\"https:\\\/\\\/www.ohis.be\\\/de\\\/\"},{\"@type\":\"ListItem\",\"position\":2,\"name\":\"Produkte\",\"item\":\"https:\\\/\\\/www.ohis.be\\\/de\\\/produkte\\\/\"},{\"@type\":\"ListItem\",\"position\":3,\"name\":\"JACK L &#8211; Lagertechnik Fahrzeug\"}]},{\"@type\":\"WebSite\",\"@id\":\"https:\\\/\\\/www.ohis.be\\\/#website\",\"url\":\"https:\\\/\\\/www.ohis.be\\\/\",\"name\":\"Ohis\",\"description\":\"Outils de levage\",\"publisher\":{\"@id\":\"https:\\\/\\\/www.ohis.be\\\/#organization\"},\"potentialAction\":[{\"@type\":\"SearchAction\",\"target\":{\"@type\":\"EntryPoint\",\"urlTemplate\":\"https:\\\/\\\/www.ohis.be\\\/?s={search_term_string}\"},\"query-input\":{\"@type\":\"PropertyValueSpecification\",\"valueRequired\":true,\"valueName\":\"search_term_string\"}}],\"inLanguage\":\"de\"},{\"@type\":\"Organization\",\"@id\":\"https:\\\/\\\/www.ohis.be\\\/#organization\",\"name\":\"Ohis\",\"url\":\"https:\\\/\\\/www.ohis.be\\\/\",\"logo\":{\"@type\":\"ImageObject\",\"inLanguage\":\"de\",\"@id\":\"https:\\\/\\\/www.ohis.be\\\/#\\\/schema\\\/logo\\\/image\\\/\",\"url\":\"https:\\\/\\\/www.ohis.be\\\/wp-content\\\/uploads\\\/2021\\\/02\\\/logo-ohis-wit.svg\",\"contentUrl\":\"https:\\\/\\\/www.ohis.be\\\/wp-content\\\/uploads\\\/2021\\\/02\\\/logo-ohis-wit.svg\",\"caption\":\"Ohis\"},\"image\":{\"@id\":\"https:\\\/\\\/www.ohis.be\\\/#\\\/schema\\\/logo\\\/image\\\/\"}}]}<\/script>\n<!-- \/ Yoast SEO plugin. -->","yoast_head_json":{"title":"JACK L - Lagertechnik Fahrzeug - Ohis","robots":{"index":"index","follow":"follow","max-snippet":"max-snippet:-1","max-image-preview":"max-image-preview:large","max-video-preview":"max-video-preview:-1"},"canonical":"https:\/\/www.ohis.be\/de\/produit\/jack-l-lagertechnik-fahrzeug\/","og_locale":"de_DE","og_type":"article","og_title":"JACK L - Lagertechnik Fahrzeug - Ohis","og_description":"Der Zallys Jack 1200W 1\/22\u00a0Elektro Lieferfahrzeug ist die ideale L\u00f6sung, um die manuelle Handhabung von Lasten zu vermeiden und die Bewegung zu beschleunigen.   f\u00fcr Lasten bis 500 kg  zum Abschleppen bis 1500 kg  vielseitig und kompakt  mit pneumatischen R\u00e4dern f\u00fcr den Innen- und Au\u00dfenbereich  optionale Taste zur 2-Gang-Einstellung  gro\u00dfe Auswahl an Standardzubeh\u00f6r oder auf Anfrage anpassbar  Zubeh\u00f6rteile:     MAX 6 Stk. - 3,5 kg Gegengewicht  Montageplatte f\u00fcr Haken  Haken mit Stift \u00d816 mm  Kugelkopf-\/Stiftkupplung \u00d820-25  Haken mit Stift \u00d820 mm  Haken mit Stift \u00d835 mm  Haken mit Stift \u00d840 mm  Zugkugelkupplung f\u00fcr Anh\u00e4nger  Plattform 830 x 1250 x 185 mm  Anschlusskit f\u00fcr Tabletts  Teleskopstange mit LED Rundumleuchte  Lenkerkorb  Korb mit Key-Pad ON\/OFF  Frontsto\u00dfstangensatz  Kontaktieren Sie uns f\u00fcr eine Demo dieser Maschine in Ihrem Betrieb.","og_url":"https:\/\/www.ohis.be\/de\/produit\/jack-l-lagertechnik-fahrzeug\/","og_site_name":"Ohis","og_image":[{"width":600,"height":428,"url":"https:\/\/www.ohis.be\/wp-content\/uploads\/2023\/10\/JACK-L-chariot-tracteur-homme-a-bord.jpg","type":"image\/jpeg"}],"twitter_card":"summary_large_image","twitter_misc":{"Gesch\u00e4tzte Lesezeit":"1\u00a0Minute"},"schema":{"@context":"https:\/\/schema.org","@graph":[{"@type":"WebPage","@id":"https:\/\/www.ohis.be\/de\/produit\/jack-l-lagertechnik-fahrzeug\/","url":"https:\/\/www.ohis.be\/de\/produit\/jack-l-lagertechnik-fahrzeug\/","name":"JACK L - Lagertechnik Fahrzeug - Ohis","isPartOf":{"@id":"https:\/\/www.ohis.be\/#website"},"primaryImageOfPage":{"@id":"https:\/\/www.ohis.be\/de\/produit\/jack-l-lagertechnik-fahrzeug\/#primaryimage"},"image":{"@id":"https:\/\/www.ohis.be\/de\/produit\/jack-l-lagertechnik-fahrzeug\/#primaryimage"},"thumbnailUrl":"https:\/\/www.ohis.be\/wp-content\/uploads\/2023\/10\/JACK-L-chariot-tracteur-homme-a-bord.jpg","datePublished":"2023-10-12T18:20:04+00:00","breadcrumb":{"@id":"https:\/\/www.ohis.be\/de\/produit\/jack-l-lagertechnik-fahrzeug\/#breadcrumb"},"inLanguage":"de","potentialAction":[{"@type":"ReadAction","target":["https:\/\/www.ohis.be\/de\/produit\/jack-l-lagertechnik-fahrzeug\/"]}]},{"@type":"ImageObject","inLanguage":"de","@id":"https:\/\/www.ohis.be\/de\/produit\/jack-l-lagertechnik-fahrzeug\/#primaryimage","url":"https:\/\/www.ohis.be\/wp-content\/uploads\/2023\/10\/JACK-L-chariot-tracteur-homme-a-bord.jpg","contentUrl":"https:\/\/www.ohis.be\/wp-content\/uploads\/2023\/10\/JACK-L-chariot-tracteur-homme-a-bord.jpg","width":600,"height":428},{"@type":"BreadcrumbList","@id":"https:\/\/www.ohis.be\/de\/produit\/jack-l-lagertechnik-fahrzeug\/#breadcrumb","itemListElement":[{"@type":"ListItem","position":1,"name":"Accueil","item":"https:\/\/www.ohis.be\/de\/"},{"@type":"ListItem","position":2,"name":"Produkte","item":"https:\/\/www.ohis.be\/de\/produkte\/"},{"@type":"ListItem","position":3,"name":"JACK L &#8211; Lagertechnik Fahrzeug"}]},{"@type":"WebSite","@id":"https:\/\/www.ohis.be\/#website","url":"https:\/\/www.ohis.be\/","name":"Ohis","description":"Outils de levage","publisher":{"@id":"https:\/\/www.ohis.be\/#organization"},"potentialAction":[{"@type":"SearchAction","target":{"@type":"EntryPoint","urlTemplate":"https:\/\/www.ohis.be\/?s={search_term_string}"},"query-input":{"@type":"PropertyValueSpecification","valueRequired":true,"valueName":"search_term_string"}}],"inLanguage":"de"},{"@type":"Organization","@id":"https:\/\/www.ohis.be\/#organization","name":"Ohis","url":"https:\/\/www.ohis.be\/","logo":{"@type":"ImageObject","inLanguage":"de","@id":"https:\/\/www.ohis.be\/#\/schema\/logo\/image\/","url":"https:\/\/www.ohis.be\/wp-content\/uploads\/2021\/02\/logo-ohis-wit.svg","contentUrl":"https:\/\/www.ohis.be\/wp-content\/uploads\/2021\/02\/logo-ohis-wit.svg","caption":"Ohis"},"image":{"@id":"https:\/\/www.ohis.be\/#\/schema\/logo\/image\/"}}]}},"_links":{"self":[{"href":"https:\/\/www.ohis.be\/de\/wp-json\/wp\/v2\/product\/39728","targetHints":{"allow":["GET"]}}],"collection":[{"href":"https:\/\/www.ohis.be\/de\/wp-json\/wp\/v2\/product"}],"about":[{"href":"https:\/\/www.ohis.be\/de\/wp-json\/wp\/v2\/types\/product"}],"wp:featuredmedia":[{"embeddable":true,"href":"https:\/\/www.ohis.be\/de\/wp-json\/wp\/v2\/media\/39264"}],"wp:attachment":[{"href":"https:\/\/www.ohis.be\/de\/wp-json\/wp\/v2\/media?parent=39728"}],"wp:term":[{"taxonomy":"product_brand","embeddable":true,"href":"https:\/\/www.ohis.be\/de\/wp-json\/wp\/v2\/product_brand?post=39728"},{"taxonomy":"product_cat","embeddable":true,"href":"https:\/\/www.ohis.be\/de\/wp-json\/wp\/v2\/product_cat?post=39728"},{"taxonomy":"product_tag","embeddable":true,"href":"https:\/\/www.ohis.be\/de\/wp-json\/wp\/v2\/product_tag?post=39728"}],"curies":[{"name":"wp","href":"https:\/\/api.w.org\/{rel}","templated":true}]}}