{"id":39720,"date":"2023-10-12T20:22:41","date_gmt":"2023-10-12T18:22:41","guid":{"rendered":"https:\/\/www.ohis.be\/produit\/k2-schlepper-mit-fahrerstand\/"},"modified":"2023-10-12T20:22:41","modified_gmt":"2023-10-12T18:22:41","slug":"k2-schlepper-mit-fahrerstand","status":"publish","type":"product","link":"https:\/\/www.ohis.be\/de\/produit\/k2-schlepper-mit-fahrerstand\/","title":{"rendered":"K2 &#8211; Schlepper mit Fahrerstand"},"content":{"rendered":"<div class=\"descrizione text-lg mb-5\">\n<p>Der Schlepper mit Fahrerstand Zallys K2 ist die ideale L\u00f6sung, um die manuelle Handhabung von Lasten zu vermeiden und die Bewegung zu beschleunigen.<\/p>\n<ul>\n<li>f\u00fcr lasten bis 850 kg<\/li>\n<li>vielseitig und kompakt<\/li>\n<li>mit nicht markierenden R\u00e4dern f\u00fcr den Innenbereich<\/li>\n<li>mit optionalem Lenkgeschwindigkeitsverz\u00f6gerer<\/li>\n<li>Taste zur 5-Gang-Einstellung<\/li>\n<li>Gro\u00dfe Auswahl an Standard- oder anpassbaren Haken auf Anfrage<\/li>\n<\/ul>\n<p><strong>Zubeh\u00f6rteile:<\/strong><\/p>\n<ul>\n<li>Akku-Pack AGM &#8211; 37\/45Ah<\/li>\n<li>Befestigungsset f\u00fcr Akku-Pack 30Ah bis 45Ah und Lithium<\/li>\n<li>Elektrische Schiebehilfe f\u00fcr Haken<\/li>\n<li>Grundhaken 35&#215;35 mm f\u00fcr Kupplungen<\/li>\n<li>Einstellbar Haken f\u00fcr Rollcontainer<\/li>\n<li>Elektrischer Klemmhaken<\/li>\n<li>Montageplatte f\u00fcr Haken<\/li>\n<li>Kugel-\/Stiftkupplung \u00d820-25<\/li>\n<li>Haken mit Stift \u00d816 mm<\/li>\n<li>Haken mit Stift \u00d820 mm<\/li>\n<li>Anh\u00e4ngerkupplung f\u00fcr M\u00fclleimer<\/li>\n<li>Kit Gegengewichte 58 kg<\/li>\n<li>Kit Gegengewichte 80 kg<\/li>\n<li>Kit Gegengewichte 122 kg<\/li>\n<li>3 kg Gegengewicht<\/li>\n<li>Vordere Sto\u00dfstange<\/li>\n<li>Antriebsr\u00e4der<\/li>\n<li>Objekthalter unter R\u00fcckenlehne<\/li>\n<li>Lenkerkorb<\/li>\n<li>Not-Aus<\/li>\n<li>Key-Pad<\/li>\n<li>Digital Betriebsstundenz\u00e4hler<\/li>\n<li>Kit f\u00fcr Vorder- und R\u00fccklichter<\/li>\n<li>Kit blauem LED-Licht f\u00fcr VORNE<\/li>\n<li>Teleskopstange mit LED Rundumleuchte<\/li>\n<li>Kit mit blauem LED-Licht HINTEN<\/li>\n<li>Automatische Reduzierung der Lenkgeschwindigkeit<\/li>\n<\/ul>\n<p>Kontaktieren Sie uns f\u00fcr eine Demo dieser Maschine in Ihrem Betrieb.<\/p>\n<\/div>\n","protected":false},"excerpt":{"rendered":"<div class=\"descrizione text-lg mb-5\">\n<p>Der Schlepper mit Fahrerstand Zallys K2 ist die ideale L\u00f6sung, um die manuelle Handhabung von Lasten zu vermeiden und die Bewegung zu beschleunigen.<\/p>\n<ul>\n<li>f\u00fcr lasten bis 850 kg<\/li>\n<li>vielseitig und kompakt<\/li>\n<li>mit nicht markierenden R\u00e4dern f\u00fcr den Innenbereich<\/li>\n<li>mit optionalem Lenkgeschwindigkeitsverz\u00f6gerer<\/li>\n<li>Taste zur 5-Gang-Einstellung<\/li>\n<li>Gro\u00dfe Auswahl an Standard- oder anpassbaren Haken auf Anfrage<\/li>\n<\/ul>\n<p><strong>Zubeh\u00f6rteile:<\/strong><\/p>\n<ul>\n<li>Akku-Pack AGM &#8211; 37\/45Ah<\/li>\n<li>Befestigungsset f\u00fcr Akku-Pack 30Ah bis 45Ah und Lithium<\/li>\n<li>Elektrische Schiebehilfe f\u00fcr Haken<\/li>\n<li>Grundhaken 35&#215;35 mm f\u00fcr Kupplungen<\/li>\n<li>Einstellbar Haken f\u00fcr Rollcontainer<\/li>\n<li>Elektrischer Klemmhaken<\/li>\n<li>Montageplatte f\u00fcr Haken<\/li>\n<li>Kugel-\/Stiftkupplung \u00d820-25<\/li>\n<li>Haken mit Stift \u00d816 mm<\/li>\n<li>Haken mit Stift \u00d820 mm<\/li>\n<li>Anh\u00e4ngerkupplung f\u00fcr M\u00fclleimer<\/li>\n<li>Kit Gegengewichte 58 kg<\/li>\n<li>Kit Gegengewichte 80 kg<\/li>\n<li>Kit Gegengewichte 122 kg<\/li>\n<li>3 kg Gegengewicht<\/li>\n<li>Vordere Sto\u00dfstange<\/li>\n<li>Antriebsr\u00e4der<\/li>\n<li>Objekthalter unter R\u00fcckenlehne<\/li>\n<li>Lenkerkorb<\/li>\n<li>Not-Aus<\/li>\n<li>Key-Pad<\/li>\n<li>Digital Betriebsstundenz\u00e4hler<\/li>\n<li>Kit f\u00fcr Vorder- und R\u00fccklichter<\/li>\n<li>Kit blauem LED-Licht f\u00fcr VORNE<\/li>\n<li>Teleskopstange mit LED Rundumleuchte<\/li>\n<li>Kit mit blauem LED-Licht HINTEN<\/li>\n<li>Automatische Reduzierung der Lenkgeschwindigkeit<\/li>\n<\/ul>\n<p>Kontaktieren Sie uns f\u00fcr eine Demo dieser Maschine in Ihrem Betrieb.<\/p>\n<\/div>\n","protected":false},"featured_media":39083,"template":"","meta":{"_acf_changed":false,"inline_featured_image":false},"product_brand":[],"product_cat":[3842],"product_tag":[],"class_list":{"0":"post-39720","1":"product","2":"type-product","3":"status-publish","4":"has-post-thumbnail","6":"product_cat-personentransporter","7":"yith_product_brand-zallys-de","9":"first","10":"instock","11":"taxable","12":"shipping-taxable","13":"product-type-simple"},"acf":[],"yoast_head":"<!-- This site is optimized with the Yoast SEO plugin v27.4 - https:\/\/yoast.com\/product\/yoast-seo-wordpress\/ -->\n<title>K2 - Schlepper mit Fahrerstand - Ohis<\/title>\n<meta name=\"robots\" content=\"index, follow, max-snippet:-1, max-image-preview:large, max-video-preview:-1\" \/>\n<link rel=\"canonical\" href=\"https:\/\/www.ohis.be\/de\/produit\/k2-schlepper-mit-fahrerstand\/\" \/>\n<meta property=\"og:locale\" content=\"de_DE\" \/>\n<meta property=\"og:type\" content=\"article\" \/>\n<meta property=\"og:title\" content=\"K2 - Schlepper mit Fahrerstand - Ohis\" \/>\n<meta property=\"og:description\" content=\"Der Schlepper mit Fahrerstand Zallys K2 ist die ideale L\u00f6sung, um die manuelle Handhabung von Lasten zu vermeiden und die Bewegung zu beschleunigen.   f\u00fcr lasten bis 850 kg  vielseitig und kompakt  mit nicht markierenden R\u00e4dern f\u00fcr den Innenbereich  mit optionalem Lenkgeschwindigkeitsverz\u00f6gerer  Taste zur 5-Gang-Einstellung  Gro\u00dfe Auswahl an Standard- oder anpassbaren Haken auf Anfrage  Zubeh\u00f6rteile:   Akku-Pack AGM - 37\/45Ah  Befestigungsset f\u00fcr Akku-Pack 30Ah bis 45Ah und Lithium  Elektrische Schiebehilfe f\u00fcr Haken  Grundhaken 35x35 mm f\u00fcr Kupplungen  Einstellbar Haken f\u00fcr Rollcontainer  Elektrischer Klemmhaken  Montageplatte f\u00fcr Haken  Kugel-\/Stiftkupplung \u00d820-25  Haken mit Stift \u00d816 mm  Haken mit Stift \u00d820 mm  Anh\u00e4ngerkupplung f\u00fcr M\u00fclleimer  Kit Gegengewichte 58 kg  Kit Gegengewichte 80 kg  Kit Gegengewichte 122 kg  3 kg Gegengewicht  Vordere Sto\u00dfstange  Antriebsr\u00e4der  Objekthalter unter R\u00fcckenlehne  Lenkerkorb  Not-Aus  Key-Pad  Digital Betriebsstundenz\u00e4hler  Kit f\u00fcr Vorder- und R\u00fccklichter  Kit blauem LED-Licht f\u00fcr VORNE  Teleskopstange mit LED Rundumleuchte  Kit mit blauem LED-Licht HINTEN  Automatische Reduzierung der Lenkgeschwindigkeit  Kontaktieren Sie uns f\u00fcr eine Demo dieser Maschine in Ihrem Betrieb.\" \/>\n<meta property=\"og:url\" content=\"https:\/\/www.ohis.be\/de\/produit\/k2-schlepper-mit-fahrerstand\/\" \/>\n<meta property=\"og:site_name\" content=\"Ohis\" \/>\n<meta property=\"og:image\" content=\"https:\/\/www.ohis.be\/wp-content\/uploads\/2023\/10\/K2-tracteur-train-logistique.jpg\" \/>\n\t<meta property=\"og:image:width\" content=\"800\" \/>\n\t<meta property=\"og:image:height\" content=\"698\" \/>\n\t<meta property=\"og:image:type\" content=\"image\/jpeg\" \/>\n<meta name=\"twitter:card\" content=\"summary_large_image\" \/>\n<meta name=\"twitter:label1\" content=\"Gesch\u00e4tzte Lesezeit\" \/>\n\t<meta name=\"twitter:data1\" content=\"1\u00a0Minute\" \/>\n<script type=\"application\/ld+json\" class=\"yoast-schema-graph\">{\"@context\":\"https:\\\/\\\/schema.org\",\"@graph\":[{\"@type\":\"WebPage\",\"@id\":\"https:\\\/\\\/www.ohis.be\\\/de\\\/produit\\\/k2-schlepper-mit-fahrerstand\\\/\",\"url\":\"https:\\\/\\\/www.ohis.be\\\/de\\\/produit\\\/k2-schlepper-mit-fahrerstand\\\/\",\"name\":\"K2 - Schlepper mit Fahrerstand - Ohis\",\"isPartOf\":{\"@id\":\"https:\\\/\\\/www.ohis.be\\\/#website\"},\"primaryImageOfPage\":{\"@id\":\"https:\\\/\\\/www.ohis.be\\\/de\\\/produit\\\/k2-schlepper-mit-fahrerstand\\\/#primaryimage\"},\"image\":{\"@id\":\"https:\\\/\\\/www.ohis.be\\\/de\\\/produit\\\/k2-schlepper-mit-fahrerstand\\\/#primaryimage\"},\"thumbnailUrl\":\"https:\\\/\\\/www.ohis.be\\\/wp-content\\\/uploads\\\/2023\\\/10\\\/K2-tracteur-train-logistique.jpg\",\"datePublished\":\"2023-10-12T18:22:41+00:00\",\"breadcrumb\":{\"@id\":\"https:\\\/\\\/www.ohis.be\\\/de\\\/produit\\\/k2-schlepper-mit-fahrerstand\\\/#breadcrumb\"},\"inLanguage\":\"de\",\"potentialAction\":[{\"@type\":\"ReadAction\",\"target\":[\"https:\\\/\\\/www.ohis.be\\\/de\\\/produit\\\/k2-schlepper-mit-fahrerstand\\\/\"]}]},{\"@type\":\"ImageObject\",\"inLanguage\":\"de\",\"@id\":\"https:\\\/\\\/www.ohis.be\\\/de\\\/produit\\\/k2-schlepper-mit-fahrerstand\\\/#primaryimage\",\"url\":\"https:\\\/\\\/www.ohis.be\\\/wp-content\\\/uploads\\\/2023\\\/10\\\/K2-tracteur-train-logistique.jpg\",\"contentUrl\":\"https:\\\/\\\/www.ohis.be\\\/wp-content\\\/uploads\\\/2023\\\/10\\\/K2-tracteur-train-logistique.jpg\",\"width\":800,\"height\":698},{\"@type\":\"BreadcrumbList\",\"@id\":\"https:\\\/\\\/www.ohis.be\\\/de\\\/produit\\\/k2-schlepper-mit-fahrerstand\\\/#breadcrumb\",\"itemListElement\":[{\"@type\":\"ListItem\",\"position\":1,\"name\":\"Accueil\",\"item\":\"https:\\\/\\\/www.ohis.be\\\/de\\\/\"},{\"@type\":\"ListItem\",\"position\":2,\"name\":\"Produkte\",\"item\":\"https:\\\/\\\/www.ohis.be\\\/de\\\/produkte\\\/\"},{\"@type\":\"ListItem\",\"position\":3,\"name\":\"K2 &#8211; Schlepper mit Fahrerstand\"}]},{\"@type\":\"WebSite\",\"@id\":\"https:\\\/\\\/www.ohis.be\\\/#website\",\"url\":\"https:\\\/\\\/www.ohis.be\\\/\",\"name\":\"Ohis\",\"description\":\"Outils de levage\",\"publisher\":{\"@id\":\"https:\\\/\\\/www.ohis.be\\\/#organization\"},\"potentialAction\":[{\"@type\":\"SearchAction\",\"target\":{\"@type\":\"EntryPoint\",\"urlTemplate\":\"https:\\\/\\\/www.ohis.be\\\/?s={search_term_string}\"},\"query-input\":{\"@type\":\"PropertyValueSpecification\",\"valueRequired\":true,\"valueName\":\"search_term_string\"}}],\"inLanguage\":\"de\"},{\"@type\":\"Organization\",\"@id\":\"https:\\\/\\\/www.ohis.be\\\/#organization\",\"name\":\"Ohis\",\"url\":\"https:\\\/\\\/www.ohis.be\\\/\",\"logo\":{\"@type\":\"ImageObject\",\"inLanguage\":\"de\",\"@id\":\"https:\\\/\\\/www.ohis.be\\\/#\\\/schema\\\/logo\\\/image\\\/\",\"url\":\"https:\\\/\\\/www.ohis.be\\\/wp-content\\\/uploads\\\/2021\\\/02\\\/logo-ohis-wit.svg\",\"contentUrl\":\"https:\\\/\\\/www.ohis.be\\\/wp-content\\\/uploads\\\/2021\\\/02\\\/logo-ohis-wit.svg\",\"caption\":\"Ohis\"},\"image\":{\"@id\":\"https:\\\/\\\/www.ohis.be\\\/#\\\/schema\\\/logo\\\/image\\\/\"}}]}<\/script>\n<!-- \/ Yoast SEO plugin. -->","yoast_head_json":{"title":"K2 - Schlepper mit Fahrerstand - Ohis","robots":{"index":"index","follow":"follow","max-snippet":"max-snippet:-1","max-image-preview":"max-image-preview:large","max-video-preview":"max-video-preview:-1"},"canonical":"https:\/\/www.ohis.be\/de\/produit\/k2-schlepper-mit-fahrerstand\/","og_locale":"de_DE","og_type":"article","og_title":"K2 - Schlepper mit Fahrerstand - Ohis","og_description":"Der Schlepper mit Fahrerstand Zallys K2 ist die ideale L\u00f6sung, um die manuelle Handhabung von Lasten zu vermeiden und die Bewegung zu beschleunigen.   f\u00fcr lasten bis 850 kg  vielseitig und kompakt  mit nicht markierenden R\u00e4dern f\u00fcr den Innenbereich  mit optionalem Lenkgeschwindigkeitsverz\u00f6gerer  Taste zur 5-Gang-Einstellung  Gro\u00dfe Auswahl an Standard- oder anpassbaren Haken auf Anfrage  Zubeh\u00f6rteile:   Akku-Pack AGM - 37\/45Ah  Befestigungsset f\u00fcr Akku-Pack 30Ah bis 45Ah und Lithium  Elektrische Schiebehilfe f\u00fcr Haken  Grundhaken 35x35 mm f\u00fcr Kupplungen  Einstellbar Haken f\u00fcr Rollcontainer  Elektrischer Klemmhaken  Montageplatte f\u00fcr Haken  Kugel-\/Stiftkupplung \u00d820-25  Haken mit Stift \u00d816 mm  Haken mit Stift \u00d820 mm  Anh\u00e4ngerkupplung f\u00fcr M\u00fclleimer  Kit Gegengewichte 58 kg  Kit Gegengewichte 80 kg  Kit Gegengewichte 122 kg  3 kg Gegengewicht  Vordere Sto\u00dfstange  Antriebsr\u00e4der  Objekthalter unter R\u00fcckenlehne  Lenkerkorb  Not-Aus  Key-Pad  Digital Betriebsstundenz\u00e4hler  Kit f\u00fcr Vorder- und R\u00fccklichter  Kit blauem LED-Licht f\u00fcr VORNE  Teleskopstange mit LED Rundumleuchte  Kit mit blauem LED-Licht HINTEN  Automatische Reduzierung der Lenkgeschwindigkeit  Kontaktieren Sie uns f\u00fcr eine Demo dieser Maschine in Ihrem Betrieb.","og_url":"https:\/\/www.ohis.be\/de\/produit\/k2-schlepper-mit-fahrerstand\/","og_site_name":"Ohis","og_image":[{"width":800,"height":698,"url":"https:\/\/www.ohis.be\/wp-content\/uploads\/2023\/10\/K2-tracteur-train-logistique.jpg","type":"image\/jpeg"}],"twitter_card":"summary_large_image","twitter_misc":{"Gesch\u00e4tzte Lesezeit":"1\u00a0Minute"},"schema":{"@context":"https:\/\/schema.org","@graph":[{"@type":"WebPage","@id":"https:\/\/www.ohis.be\/de\/produit\/k2-schlepper-mit-fahrerstand\/","url":"https:\/\/www.ohis.be\/de\/produit\/k2-schlepper-mit-fahrerstand\/","name":"K2 - Schlepper mit Fahrerstand - Ohis","isPartOf":{"@id":"https:\/\/www.ohis.be\/#website"},"primaryImageOfPage":{"@id":"https:\/\/www.ohis.be\/de\/produit\/k2-schlepper-mit-fahrerstand\/#primaryimage"},"image":{"@id":"https:\/\/www.ohis.be\/de\/produit\/k2-schlepper-mit-fahrerstand\/#primaryimage"},"thumbnailUrl":"https:\/\/www.ohis.be\/wp-content\/uploads\/2023\/10\/K2-tracteur-train-logistique.jpg","datePublished":"2023-10-12T18:22:41+00:00","breadcrumb":{"@id":"https:\/\/www.ohis.be\/de\/produit\/k2-schlepper-mit-fahrerstand\/#breadcrumb"},"inLanguage":"de","potentialAction":[{"@type":"ReadAction","target":["https:\/\/www.ohis.be\/de\/produit\/k2-schlepper-mit-fahrerstand\/"]}]},{"@type":"ImageObject","inLanguage":"de","@id":"https:\/\/www.ohis.be\/de\/produit\/k2-schlepper-mit-fahrerstand\/#primaryimage","url":"https:\/\/www.ohis.be\/wp-content\/uploads\/2023\/10\/K2-tracteur-train-logistique.jpg","contentUrl":"https:\/\/www.ohis.be\/wp-content\/uploads\/2023\/10\/K2-tracteur-train-logistique.jpg","width":800,"height":698},{"@type":"BreadcrumbList","@id":"https:\/\/www.ohis.be\/de\/produit\/k2-schlepper-mit-fahrerstand\/#breadcrumb","itemListElement":[{"@type":"ListItem","position":1,"name":"Accueil","item":"https:\/\/www.ohis.be\/de\/"},{"@type":"ListItem","position":2,"name":"Produkte","item":"https:\/\/www.ohis.be\/de\/produkte\/"},{"@type":"ListItem","position":3,"name":"K2 &#8211; Schlepper mit Fahrerstand"}]},{"@type":"WebSite","@id":"https:\/\/www.ohis.be\/#website","url":"https:\/\/www.ohis.be\/","name":"Ohis","description":"Outils de levage","publisher":{"@id":"https:\/\/www.ohis.be\/#organization"},"potentialAction":[{"@type":"SearchAction","target":{"@type":"EntryPoint","urlTemplate":"https:\/\/www.ohis.be\/?s={search_term_string}"},"query-input":{"@type":"PropertyValueSpecification","valueRequired":true,"valueName":"search_term_string"}}],"inLanguage":"de"},{"@type":"Organization","@id":"https:\/\/www.ohis.be\/#organization","name":"Ohis","url":"https:\/\/www.ohis.be\/","logo":{"@type":"ImageObject","inLanguage":"de","@id":"https:\/\/www.ohis.be\/#\/schema\/logo\/image\/","url":"https:\/\/www.ohis.be\/wp-content\/uploads\/2021\/02\/logo-ohis-wit.svg","contentUrl":"https:\/\/www.ohis.be\/wp-content\/uploads\/2021\/02\/logo-ohis-wit.svg","caption":"Ohis"},"image":{"@id":"https:\/\/www.ohis.be\/#\/schema\/logo\/image\/"}}]}},"_links":{"self":[{"href":"https:\/\/www.ohis.be\/de\/wp-json\/wp\/v2\/product\/39720","targetHints":{"allow":["GET"]}}],"collection":[{"href":"https:\/\/www.ohis.be\/de\/wp-json\/wp\/v2\/product"}],"about":[{"href":"https:\/\/www.ohis.be\/de\/wp-json\/wp\/v2\/types\/product"}],"wp:featuredmedia":[{"embeddable":true,"href":"https:\/\/www.ohis.be\/de\/wp-json\/wp\/v2\/media\/39083"}],"wp:attachment":[{"href":"https:\/\/www.ohis.be\/de\/wp-json\/wp\/v2\/media?parent=39720"}],"wp:term":[{"taxonomy":"product_brand","embeddable":true,"href":"https:\/\/www.ohis.be\/de\/wp-json\/wp\/v2\/product_brand?post=39720"},{"taxonomy":"product_cat","embeddable":true,"href":"https:\/\/www.ohis.be\/de\/wp-json\/wp\/v2\/product_cat?post=39720"},{"taxonomy":"product_tag","embeddable":true,"href":"https:\/\/www.ohis.be\/de\/wp-json\/wp\/v2\/product_tag?post=39720"}],"curies":[{"name":"wp","href":"https:\/\/api.w.org\/{rel}","templated":true}]}}