{"id":39717,"date":"2023-10-12T20:23:04","date_gmt":"2023-10-12T18:23:04","guid":{"rendered":"https:\/\/www.ohis.be\/produit\/r7-elektrischer-transporter-4wd\/"},"modified":"2023-10-12T20:23:04","modified_gmt":"2023-10-12T18:23:04","slug":"r7-elektrischer-transporter-4wd","status":"publish","type":"product","link":"https:\/\/www.ohis.be\/de\/produit\/r7-elektrischer-transporter-4wd\/","title":{"rendered":"R7 &#8211; Elektrischer Transporter 4WD"},"content":{"rendered":"<div class=\"descrizione text-lg mb-5\">\n<p>Die industrielle elektrische Plattform Zallys R7 mit Allradantrieb ist die ideale L\u00f6sung, um die manuelle Handhabung von Lasten in jedem Gel\u00e4nde zu vermeiden.<\/p>\n<ul>\n<li>f\u00fcr den Transport bis 2000 kg<\/li>\n<li>zum Abschleppen von bis zu 6000 kg<\/li>\n<li>avec roues pneumatiques pour toutes les conditions de sol<\/li>\n<li>mit pneumatischen R\u00e4dern f\u00fcr jeden Bodenzustand<\/li>\n<\/ul>\n<p>Kontaktieren Sie uns f\u00fcr eine Demo dieser Maschine in Ihren R\u00e4umlichkeiten.<\/p>\n<\/div>\n","protected":false},"excerpt":{"rendered":"<div class=\"descrizione text-lg mb-5\">\n<p>Die industrielle elektrische Plattform Zallys R7 mit Allradantrieb ist die ideale L\u00f6sung, um die manuelle Handhabung von Lasten in jedem Gel\u00e4nde zu vermeiden.<\/p>\n<ul>\n<li>f\u00fcr den Transport bis 2000 kg<\/li>\n<li>zum Abschleppen von bis zu 6000 kg<\/li>\n<li>avec roues pneumatiques pour toutes les conditions de sol<\/li>\n<li>mit pneumatischen R\u00e4dern f\u00fcr jeden Bodenzustand<\/li>\n<\/ul>\n<p>Kontaktieren Sie uns f\u00fcr eine Demo dieser Maschine in Ihren R\u00e4umlichkeiten.<\/p>\n<\/div>\n","protected":false},"featured_media":39041,"template":"","meta":{"_acf_changed":false,"inline_featured_image":false},"product_brand":[],"product_cat":[3855],"product_tag":[],"class_list":{"0":"post-39717","1":"product","2":"type-product","3":"status-publish","4":"has-post-thumbnail","6":"product_cat-transporter-und-dumper","7":"yith_product_brand-zallys-de","9":"first","10":"instock","11":"taxable","12":"shipping-taxable","13":"product-type-simple"},"acf":[],"yoast_head":"<!-- This site is optimized with the Yoast SEO plugin v27.5 - https:\/\/yoast.com\/product\/yoast-seo-wordpress\/ -->\n<title>R7 - Elektrischer Transporter 4WD - Ohis<\/title>\n<meta name=\"robots\" content=\"index, follow, max-snippet:-1, max-image-preview:large, max-video-preview:-1\" \/>\n<link rel=\"canonical\" href=\"https:\/\/www.ohis.be\/de\/produit\/r7-elektrischer-transporter-4wd\/\" \/>\n<meta property=\"og:locale\" content=\"de_DE\" \/>\n<meta property=\"og:type\" content=\"article\" \/>\n<meta property=\"og:title\" content=\"R7 - Elektrischer Transporter 4WD - Ohis\" \/>\n<meta property=\"og:description\" content=\"Die industrielle elektrische Plattform Zallys R7 mit Allradantrieb ist die ideale L\u00f6sung, um die manuelle Handhabung von Lasten in jedem Gel\u00e4nde zu vermeiden.  f\u00fcr den Transport bis 2000 kg zum Abschleppen von bis zu 6000 kg avec roues pneumatiques pour toutes les conditions de sol mit pneumatischen R\u00e4dern f\u00fcr jeden Bodenzustand  Kontaktieren Sie uns f\u00fcr eine Demo dieser Maschine in Ihren R\u00e4umlichkeiten.\" \/>\n<meta property=\"og:url\" content=\"https:\/\/www.ohis.be\/de\/produit\/r7-elektrischer-transporter-4wd\/\" \/>\n<meta property=\"og:site_name\" content=\"Ohis\" \/>\n<meta property=\"og:image\" content=\"https:\/\/www.ohis.be\/wp-content\/uploads\/2023\/10\/R7-Transporteur-electrique-4-roues-motrices.png\" \/>\n\t<meta property=\"og:image:width\" content=\"600\" \/>\n\t<meta property=\"og:image:height\" content=\"600\" \/>\n\t<meta property=\"og:image:type\" content=\"image\/png\" \/>\n<meta name=\"twitter:card\" content=\"summary_large_image\" \/>\n<script type=\"application\/ld+json\" class=\"yoast-schema-graph\">{\"@context\":\"https:\\\/\\\/schema.org\",\"@graph\":[{\"@type\":\"WebPage\",\"@id\":\"https:\\\/\\\/www.ohis.be\\\/de\\\/produit\\\/r7-elektrischer-transporter-4wd\\\/\",\"url\":\"https:\\\/\\\/www.ohis.be\\\/de\\\/produit\\\/r7-elektrischer-transporter-4wd\\\/\",\"name\":\"R7 - Elektrischer Transporter 4WD - Ohis\",\"isPartOf\":{\"@id\":\"https:\\\/\\\/www.ohis.be\\\/de\\\/#website\"},\"primaryImageOfPage\":{\"@id\":\"https:\\\/\\\/www.ohis.be\\\/de\\\/produit\\\/r7-elektrischer-transporter-4wd\\\/#primaryimage\"},\"image\":{\"@id\":\"https:\\\/\\\/www.ohis.be\\\/de\\\/produit\\\/r7-elektrischer-transporter-4wd\\\/#primaryimage\"},\"thumbnailUrl\":\"https:\\\/\\\/www.ohis.be\\\/wp-content\\\/uploads\\\/2023\\\/10\\\/R7-Transporteur-electrique-4-roues-motrices.png\",\"datePublished\":\"2023-10-12T18:23:04+00:00\",\"breadcrumb\":{\"@id\":\"https:\\\/\\\/www.ohis.be\\\/de\\\/produit\\\/r7-elektrischer-transporter-4wd\\\/#breadcrumb\"},\"inLanguage\":\"de\",\"potentialAction\":[{\"@type\":\"ReadAction\",\"target\":[\"https:\\\/\\\/www.ohis.be\\\/de\\\/produit\\\/r7-elektrischer-transporter-4wd\\\/\"]}]},{\"@type\":\"ImageObject\",\"inLanguage\":\"de\",\"@id\":\"https:\\\/\\\/www.ohis.be\\\/de\\\/produit\\\/r7-elektrischer-transporter-4wd\\\/#primaryimage\",\"url\":\"https:\\\/\\\/www.ohis.be\\\/wp-content\\\/uploads\\\/2023\\\/10\\\/R7-Transporteur-electrique-4-roues-motrices.png\",\"contentUrl\":\"https:\\\/\\\/www.ohis.be\\\/wp-content\\\/uploads\\\/2023\\\/10\\\/R7-Transporteur-electrique-4-roues-motrices.png\",\"width\":600,\"height\":600},{\"@type\":\"BreadcrumbList\",\"@id\":\"https:\\\/\\\/www.ohis.be\\\/de\\\/produit\\\/r7-elektrischer-transporter-4wd\\\/#breadcrumb\",\"itemListElement\":[{\"@type\":\"ListItem\",\"position\":1,\"name\":\"Accueil\",\"item\":\"https:\\\/\\\/www.ohis.be\\\/de\\\/\"},{\"@type\":\"ListItem\",\"position\":2,\"name\":\"Produkte\",\"item\":\"https:\\\/\\\/www.ohis.be\\\/de\\\/produkte\\\/\"},{\"@type\":\"ListItem\",\"position\":3,\"name\":\"R7 &#8211; Elektrischer Transporter 4WD\"}]},{\"@type\":\"WebSite\",\"@id\":\"https:\\\/\\\/www.ohis.be\\\/de\\\/#website\",\"url\":\"https:\\\/\\\/www.ohis.be\\\/de\\\/\",\"name\":\"Ohis\",\"description\":\"Outils de levage\",\"publisher\":{\"@id\":\"https:\\\/\\\/www.ohis.be\\\/de\\\/#organization\"},\"potentialAction\":[{\"@type\":\"SearchAction\",\"target\":{\"@type\":\"EntryPoint\",\"urlTemplate\":\"https:\\\/\\\/www.ohis.be\\\/de\\\/?s={search_term_string}\"},\"query-input\":{\"@type\":\"PropertyValueSpecification\",\"valueRequired\":true,\"valueName\":\"search_term_string\"}}],\"inLanguage\":\"de\"},{\"@type\":\"Organization\",\"@id\":\"https:\\\/\\\/www.ohis.be\\\/de\\\/#organization\",\"name\":\"Ohis\",\"url\":\"https:\\\/\\\/www.ohis.be\\\/de\\\/\",\"logo\":{\"@type\":\"ImageObject\",\"inLanguage\":\"de\",\"@id\":\"https:\\\/\\\/www.ohis.be\\\/de\\\/#\\\/schema\\\/logo\\\/image\\\/\",\"url\":\"https:\\\/\\\/www.ohis.be\\\/wp-content\\\/uploads\\\/2021\\\/02\\\/logo-ohis-wit.svg\",\"contentUrl\":\"https:\\\/\\\/www.ohis.be\\\/wp-content\\\/uploads\\\/2021\\\/02\\\/logo-ohis-wit.svg\",\"caption\":\"Ohis\"},\"image\":{\"@id\":\"https:\\\/\\\/www.ohis.be\\\/de\\\/#\\\/schema\\\/logo\\\/image\\\/\"}}]}<\/script>\n<!-- \/ Yoast SEO plugin. -->","yoast_head_json":{"title":"R7 - Elektrischer Transporter 4WD - Ohis","robots":{"index":"index","follow":"follow","max-snippet":"max-snippet:-1","max-image-preview":"max-image-preview:large","max-video-preview":"max-video-preview:-1"},"canonical":"https:\/\/www.ohis.be\/de\/produit\/r7-elektrischer-transporter-4wd\/","og_locale":"de_DE","og_type":"article","og_title":"R7 - Elektrischer Transporter 4WD - Ohis","og_description":"Die industrielle elektrische Plattform Zallys R7 mit Allradantrieb ist die ideale L\u00f6sung, um die manuelle Handhabung von Lasten in jedem Gel\u00e4nde zu vermeiden.  f\u00fcr den Transport bis 2000 kg zum Abschleppen von bis zu 6000 kg avec roues pneumatiques pour toutes les conditions de sol mit pneumatischen R\u00e4dern f\u00fcr jeden Bodenzustand  Kontaktieren Sie uns f\u00fcr eine Demo dieser Maschine in Ihren R\u00e4umlichkeiten.","og_url":"https:\/\/www.ohis.be\/de\/produit\/r7-elektrischer-transporter-4wd\/","og_site_name":"Ohis","og_image":[{"width":600,"height":600,"url":"https:\/\/www.ohis.be\/wp-content\/uploads\/2023\/10\/R7-Transporteur-electrique-4-roues-motrices.png","type":"image\/png"}],"twitter_card":"summary_large_image","schema":{"@context":"https:\/\/schema.org","@graph":[{"@type":"WebPage","@id":"https:\/\/www.ohis.be\/de\/produit\/r7-elektrischer-transporter-4wd\/","url":"https:\/\/www.ohis.be\/de\/produit\/r7-elektrischer-transporter-4wd\/","name":"R7 - Elektrischer Transporter 4WD - Ohis","isPartOf":{"@id":"https:\/\/www.ohis.be\/de\/#website"},"primaryImageOfPage":{"@id":"https:\/\/www.ohis.be\/de\/produit\/r7-elektrischer-transporter-4wd\/#primaryimage"},"image":{"@id":"https:\/\/www.ohis.be\/de\/produit\/r7-elektrischer-transporter-4wd\/#primaryimage"},"thumbnailUrl":"https:\/\/www.ohis.be\/wp-content\/uploads\/2023\/10\/R7-Transporteur-electrique-4-roues-motrices.png","datePublished":"2023-10-12T18:23:04+00:00","breadcrumb":{"@id":"https:\/\/www.ohis.be\/de\/produit\/r7-elektrischer-transporter-4wd\/#breadcrumb"},"inLanguage":"de","potentialAction":[{"@type":"ReadAction","target":["https:\/\/www.ohis.be\/de\/produit\/r7-elektrischer-transporter-4wd\/"]}]},{"@type":"ImageObject","inLanguage":"de","@id":"https:\/\/www.ohis.be\/de\/produit\/r7-elektrischer-transporter-4wd\/#primaryimage","url":"https:\/\/www.ohis.be\/wp-content\/uploads\/2023\/10\/R7-Transporteur-electrique-4-roues-motrices.png","contentUrl":"https:\/\/www.ohis.be\/wp-content\/uploads\/2023\/10\/R7-Transporteur-electrique-4-roues-motrices.png","width":600,"height":600},{"@type":"BreadcrumbList","@id":"https:\/\/www.ohis.be\/de\/produit\/r7-elektrischer-transporter-4wd\/#breadcrumb","itemListElement":[{"@type":"ListItem","position":1,"name":"Accueil","item":"https:\/\/www.ohis.be\/de\/"},{"@type":"ListItem","position":2,"name":"Produkte","item":"https:\/\/www.ohis.be\/de\/produkte\/"},{"@type":"ListItem","position":3,"name":"R7 &#8211; Elektrischer Transporter 4WD"}]},{"@type":"WebSite","@id":"https:\/\/www.ohis.be\/de\/#website","url":"https:\/\/www.ohis.be\/de\/","name":"Ohis","description":"Outils de levage","publisher":{"@id":"https:\/\/www.ohis.be\/de\/#organization"},"potentialAction":[{"@type":"SearchAction","target":{"@type":"EntryPoint","urlTemplate":"https:\/\/www.ohis.be\/de\/?s={search_term_string}"},"query-input":{"@type":"PropertyValueSpecification","valueRequired":true,"valueName":"search_term_string"}}],"inLanguage":"de"},{"@type":"Organization","@id":"https:\/\/www.ohis.be\/de\/#organization","name":"Ohis","url":"https:\/\/www.ohis.be\/de\/","logo":{"@type":"ImageObject","inLanguage":"de","@id":"https:\/\/www.ohis.be\/de\/#\/schema\/logo\/image\/","url":"https:\/\/www.ohis.be\/wp-content\/uploads\/2021\/02\/logo-ohis-wit.svg","contentUrl":"https:\/\/www.ohis.be\/wp-content\/uploads\/2021\/02\/logo-ohis-wit.svg","caption":"Ohis"},"image":{"@id":"https:\/\/www.ohis.be\/de\/#\/schema\/logo\/image\/"}}]}},"_links":{"self":[{"href":"https:\/\/www.ohis.be\/de\/wp-json\/wp\/v2\/product\/39717","targetHints":{"allow":["GET"]}}],"collection":[{"href":"https:\/\/www.ohis.be\/de\/wp-json\/wp\/v2\/product"}],"about":[{"href":"https:\/\/www.ohis.be\/de\/wp-json\/wp\/v2\/types\/product"}],"wp:featuredmedia":[{"embeddable":true,"href":"https:\/\/www.ohis.be\/de\/wp-json\/wp\/v2\/media\/39041"}],"wp:attachment":[{"href":"https:\/\/www.ohis.be\/de\/wp-json\/wp\/v2\/media?parent=39717"}],"wp:term":[{"taxonomy":"product_brand","embeddable":true,"href":"https:\/\/www.ohis.be\/de\/wp-json\/wp\/v2\/product_brand?post=39717"},{"taxonomy":"product_cat","embeddable":true,"href":"https:\/\/www.ohis.be\/de\/wp-json\/wp\/v2\/product_cat?post=39717"},{"taxonomy":"product_tag","embeddable":true,"href":"https:\/\/www.ohis.be\/de\/wp-json\/wp\/v2\/product_tag?post=39717"}],"curies":[{"name":"wp","href":"https:\/\/api.w.org\/{rel}","templated":true}]}}