{"id":39707,"date":"2023-10-12T20:24:06","date_gmt":"2023-10-12T18:24:06","guid":{"rendered":"https:\/\/www.ohis.be\/produit\/r6-industrieelektrik-mit-allradantrieb\/"},"modified":"2023-10-12T20:24:06","modified_gmt":"2023-10-12T18:24:06","slug":"r6-industrieelektrik-mit-allradantrieb","status":"publish","type":"product","link":"https:\/\/www.ohis.be\/de\/produit\/r6-industrieelektrik-mit-allradantrieb\/","title":{"rendered":"R6 &#8211; Industrieelektrik mit Allradantrieb"},"content":{"rendered":"<div class=\"descrizione text-lg mb-5\">\n<p>Der Zallys R6 Industrial Electric mit Allradantrieb ist die ideale L\u00f6sung, um die manuelle Handhabung von Lasten zu vermeiden.<\/p>\n<ul>\n<li>f\u00fcr den Transport bis 800 kg<\/li>\n<li>zum Abschleppen von bis zu 6000 kg<\/li>\n<li>mit pneumatischen R\u00e4dern f\u00fcr den Innen- und Au\u00dfenbereich<\/li>\n<li>Taste zur 5-Gang-Einstellung<\/li>\n<li>breite Auswahl an Standard- oder anpassbaren Plattformen auf Anfrage<\/li>\n<\/ul>\n<p><strong>Zubeh\u00f6rteile<\/strong>:<\/p>\n<\/div>\n<ul>\n<li>Plattform 830 x 1750 x 185 mm<\/li>\n<li>Plattform 830 x 1750 x 385 mm<\/li>\n<li>Befestigungskit komplett f\u00fcr Plattform<\/li>\n<li>Montageplatte f\u00fcr Haken<\/li>\n<li>Haken mit Stift \u00d820 mm<\/li>\n<li>Haken mit Stift \u00d835 mm<\/li>\n<li>Haken mit Stift \u00d840 mm<\/li>\n<li>Kugelkopf-\/Stiftkupplung \u00d820-25<\/li>\n<li>Not-Aus<\/li>\n<li>Digital Betriebsstundenz\u00e4hler<\/li>\n<li>Key-Pad<\/li>\n<\/ul>\n<p>Kontaktieren Sie uns f\u00fcr eine Demo dieser Maschine bei Ihnen vor Ort.<\/p>\n","protected":false},"excerpt":{"rendered":"<div class=\"descrizione text-lg mb-5\">\n<p>Der Zallys R6 Industrial Electric mit Allradantrieb ist die ideale L\u00f6sung, um die manuelle Handhabung von Lasten zu vermeiden.<\/p>\n<ul>\n<li>f\u00fcr den Transport bis 800 kg<\/li>\n<li>zum Abschleppen von bis zu 6000 kg<\/li>\n<li>mit pneumatischen R\u00e4dern f\u00fcr den Innen- und Au\u00dfenbereich<\/li>\n<li>Taste zur 5-Gang-Einstellung<\/li>\n<li>breite Auswahl an Standard- oder anpassbaren Plattformen auf Anfrage<\/li>\n<\/ul>\n<p><strong>Zubeh\u00f6rteile<\/strong>:<\/p>\n<\/div>\n<ul>\n<li>Plattform 830 x 1750 x 185 mm<\/li>\n<li>Plattform 830 x 1750 x 385 mm<\/li>\n<li>Befestigungskit komplett f\u00fcr Plattform<\/li>\n<li>Montageplatte f\u00fcr Haken<\/li>\n<li>Haken mit Stift \u00d820 mm<\/li>\n<li>Haken mit Stift \u00d835 mm<\/li>\n<li>Haken mit Stift \u00d840 mm<\/li>\n<li>Kugelkopf-\/Stiftkupplung \u00d820-25<\/li>\n<li>Not-Aus<\/li>\n<li>Digital Betriebsstundenz\u00e4hler<\/li>\n<li>Key-Pad<\/li>\n<\/ul>\n<p>Kontaktieren Sie uns f\u00fcr eine Demo dieser Maschine bei Ihnen vor Ort.<\/p>\n","protected":false},"featured_media":38951,"template":"","meta":{"_acf_changed":false,"inline_featured_image":false},"product_brand":[],"product_cat":[3855],"product_tag":[],"class_list":{"0":"post-39707","1":"product","2":"type-product","3":"status-publish","4":"has-post-thumbnail","6":"product_cat-transporter-und-dumper","7":"yith_product_brand-zallys-de","9":"first","10":"instock","11":"taxable","12":"shipping-taxable","13":"product-type-simple"},"acf":[],"yoast_head":"<!-- This site is optimized with the Yoast SEO plugin v27.4 - https:\/\/yoast.com\/product\/yoast-seo-wordpress\/ -->\n<title>R6 - Industrieelektrik mit Allradantrieb - Ohis<\/title>\n<meta name=\"robots\" content=\"index, follow, max-snippet:-1, max-image-preview:large, max-video-preview:-1\" \/>\n<link rel=\"canonical\" href=\"https:\/\/www.ohis.be\/de\/produit\/r6-industrieelektrik-mit-allradantrieb\/\" \/>\n<meta property=\"og:locale\" content=\"de_DE\" \/>\n<meta property=\"og:type\" content=\"article\" \/>\n<meta property=\"og:title\" content=\"R6 - Industrieelektrik mit Allradantrieb - Ohis\" \/>\n<meta property=\"og:description\" content=\"Der Zallys R6 Industrial Electric mit Allradantrieb ist die ideale L\u00f6sung, um die manuelle Handhabung von Lasten zu vermeiden.   f\u00fcr den Transport bis 800 kg  zum Abschleppen von bis zu 6000 kg  mit pneumatischen R\u00e4dern f\u00fcr den Innen- und Au\u00dfenbereich  Taste zur 5-Gang-Einstellung  breite Auswahl an Standard- oder anpassbaren Plattformen auf Anfrage  Zubeh\u00f6rteile:     Plattform 830 x 1750 x 185 mm  Plattform 830 x 1750 x 385 mm  Befestigungskit komplett f\u00fcr Plattform  Montageplatte f\u00fcr Haken  Haken mit Stift \u00d820 mm  Haken mit Stift \u00d835 mm  Haken mit Stift \u00d840 mm  Kugelkopf-\/Stiftkupplung \u00d820-25  Not-Aus  Digital Betriebsstundenz\u00e4hler  Key-Pad  Kontaktieren Sie uns f\u00fcr eine Demo dieser Maschine bei Ihnen vor Ort.\" \/>\n<meta property=\"og:url\" content=\"https:\/\/www.ohis.be\/de\/produit\/r6-industrieelektrik-mit-allradantrieb\/\" \/>\n<meta property=\"og:site_name\" content=\"Ohis\" \/>\n<meta property=\"og:image\" content=\"https:\/\/www.ohis.be\/wp-content\/uploads\/2023\/10\/R6-transporteur-electrique-4-roues-motrices.png\" \/>\n\t<meta property=\"og:image:width\" content=\"600\" \/>\n\t<meta property=\"og:image:height\" content=\"523\" \/>\n\t<meta property=\"og:image:type\" content=\"image\/png\" \/>\n<meta name=\"twitter:card\" content=\"summary_large_image\" \/>\n<meta name=\"twitter:label1\" content=\"Gesch\u00e4tzte Lesezeit\" \/>\n\t<meta name=\"twitter:data1\" content=\"1\u00a0Minute\" \/>\n<script type=\"application\/ld+json\" class=\"yoast-schema-graph\">{\"@context\":\"https:\\\/\\\/schema.org\",\"@graph\":[{\"@type\":\"WebPage\",\"@id\":\"https:\\\/\\\/www.ohis.be\\\/de\\\/produit\\\/r6-industrieelektrik-mit-allradantrieb\\\/\",\"url\":\"https:\\\/\\\/www.ohis.be\\\/de\\\/produit\\\/r6-industrieelektrik-mit-allradantrieb\\\/\",\"name\":\"R6 - Industrieelektrik mit Allradantrieb - Ohis\",\"isPartOf\":{\"@id\":\"https:\\\/\\\/www.ohis.be\\\/#website\"},\"primaryImageOfPage\":{\"@id\":\"https:\\\/\\\/www.ohis.be\\\/de\\\/produit\\\/r6-industrieelektrik-mit-allradantrieb\\\/#primaryimage\"},\"image\":{\"@id\":\"https:\\\/\\\/www.ohis.be\\\/de\\\/produit\\\/r6-industrieelektrik-mit-allradantrieb\\\/#primaryimage\"},\"thumbnailUrl\":\"https:\\\/\\\/www.ohis.be\\\/wp-content\\\/uploads\\\/2023\\\/10\\\/R6-transporteur-electrique-4-roues-motrices.png\",\"datePublished\":\"2023-10-12T18:24:06+00:00\",\"breadcrumb\":{\"@id\":\"https:\\\/\\\/www.ohis.be\\\/de\\\/produit\\\/r6-industrieelektrik-mit-allradantrieb\\\/#breadcrumb\"},\"inLanguage\":\"de\",\"potentialAction\":[{\"@type\":\"ReadAction\",\"target\":[\"https:\\\/\\\/www.ohis.be\\\/de\\\/produit\\\/r6-industrieelektrik-mit-allradantrieb\\\/\"]}]},{\"@type\":\"ImageObject\",\"inLanguage\":\"de\",\"@id\":\"https:\\\/\\\/www.ohis.be\\\/de\\\/produit\\\/r6-industrieelektrik-mit-allradantrieb\\\/#primaryimage\",\"url\":\"https:\\\/\\\/www.ohis.be\\\/wp-content\\\/uploads\\\/2023\\\/10\\\/R6-transporteur-electrique-4-roues-motrices.png\",\"contentUrl\":\"https:\\\/\\\/www.ohis.be\\\/wp-content\\\/uploads\\\/2023\\\/10\\\/R6-transporteur-electrique-4-roues-motrices.png\",\"width\":600,\"height\":523},{\"@type\":\"BreadcrumbList\",\"@id\":\"https:\\\/\\\/www.ohis.be\\\/de\\\/produit\\\/r6-industrieelektrik-mit-allradantrieb\\\/#breadcrumb\",\"itemListElement\":[{\"@type\":\"ListItem\",\"position\":1,\"name\":\"Accueil\",\"item\":\"https:\\\/\\\/www.ohis.be\\\/de\\\/\"},{\"@type\":\"ListItem\",\"position\":2,\"name\":\"Produkte\",\"item\":\"https:\\\/\\\/www.ohis.be\\\/de\\\/produkte\\\/\"},{\"@type\":\"ListItem\",\"position\":3,\"name\":\"R6 &#8211; Industrieelektrik mit Allradantrieb\"}]},{\"@type\":\"WebSite\",\"@id\":\"https:\\\/\\\/www.ohis.be\\\/#website\",\"url\":\"https:\\\/\\\/www.ohis.be\\\/\",\"name\":\"Ohis\",\"description\":\"Outils de levage\",\"publisher\":{\"@id\":\"https:\\\/\\\/www.ohis.be\\\/#organization\"},\"potentialAction\":[{\"@type\":\"SearchAction\",\"target\":{\"@type\":\"EntryPoint\",\"urlTemplate\":\"https:\\\/\\\/www.ohis.be\\\/?s={search_term_string}\"},\"query-input\":{\"@type\":\"PropertyValueSpecification\",\"valueRequired\":true,\"valueName\":\"search_term_string\"}}],\"inLanguage\":\"de\"},{\"@type\":\"Organization\",\"@id\":\"https:\\\/\\\/www.ohis.be\\\/#organization\",\"name\":\"Ohis\",\"url\":\"https:\\\/\\\/www.ohis.be\\\/\",\"logo\":{\"@type\":\"ImageObject\",\"inLanguage\":\"de\",\"@id\":\"https:\\\/\\\/www.ohis.be\\\/#\\\/schema\\\/logo\\\/image\\\/\",\"url\":\"https:\\\/\\\/www.ohis.be\\\/wp-content\\\/uploads\\\/2021\\\/02\\\/logo-ohis-wit.svg\",\"contentUrl\":\"https:\\\/\\\/www.ohis.be\\\/wp-content\\\/uploads\\\/2021\\\/02\\\/logo-ohis-wit.svg\",\"caption\":\"Ohis\"},\"image\":{\"@id\":\"https:\\\/\\\/www.ohis.be\\\/#\\\/schema\\\/logo\\\/image\\\/\"}}]}<\/script>\n<!-- \/ Yoast SEO plugin. -->","yoast_head_json":{"title":"R6 - Industrieelektrik mit Allradantrieb - Ohis","robots":{"index":"index","follow":"follow","max-snippet":"max-snippet:-1","max-image-preview":"max-image-preview:large","max-video-preview":"max-video-preview:-1"},"canonical":"https:\/\/www.ohis.be\/de\/produit\/r6-industrieelektrik-mit-allradantrieb\/","og_locale":"de_DE","og_type":"article","og_title":"R6 - Industrieelektrik mit Allradantrieb - Ohis","og_description":"Der Zallys R6 Industrial Electric mit Allradantrieb ist die ideale L\u00f6sung, um die manuelle Handhabung von Lasten zu vermeiden.   f\u00fcr den Transport bis 800 kg  zum Abschleppen von bis zu 6000 kg  mit pneumatischen R\u00e4dern f\u00fcr den Innen- und Au\u00dfenbereich  Taste zur 5-Gang-Einstellung  breite Auswahl an Standard- oder anpassbaren Plattformen auf Anfrage  Zubeh\u00f6rteile:     Plattform 830 x 1750 x 185 mm  Plattform 830 x 1750 x 385 mm  Befestigungskit komplett f\u00fcr Plattform  Montageplatte f\u00fcr Haken  Haken mit Stift \u00d820 mm  Haken mit Stift \u00d835 mm  Haken mit Stift \u00d840 mm  Kugelkopf-\/Stiftkupplung \u00d820-25  Not-Aus  Digital Betriebsstundenz\u00e4hler  Key-Pad  Kontaktieren Sie uns f\u00fcr eine Demo dieser Maschine bei Ihnen vor Ort.","og_url":"https:\/\/www.ohis.be\/de\/produit\/r6-industrieelektrik-mit-allradantrieb\/","og_site_name":"Ohis","og_image":[{"width":600,"height":523,"url":"https:\/\/www.ohis.be\/wp-content\/uploads\/2023\/10\/R6-transporteur-electrique-4-roues-motrices.png","type":"image\/png"}],"twitter_card":"summary_large_image","twitter_misc":{"Gesch\u00e4tzte Lesezeit":"1\u00a0Minute"},"schema":{"@context":"https:\/\/schema.org","@graph":[{"@type":"WebPage","@id":"https:\/\/www.ohis.be\/de\/produit\/r6-industrieelektrik-mit-allradantrieb\/","url":"https:\/\/www.ohis.be\/de\/produit\/r6-industrieelektrik-mit-allradantrieb\/","name":"R6 - Industrieelektrik mit Allradantrieb - Ohis","isPartOf":{"@id":"https:\/\/www.ohis.be\/#website"},"primaryImageOfPage":{"@id":"https:\/\/www.ohis.be\/de\/produit\/r6-industrieelektrik-mit-allradantrieb\/#primaryimage"},"image":{"@id":"https:\/\/www.ohis.be\/de\/produit\/r6-industrieelektrik-mit-allradantrieb\/#primaryimage"},"thumbnailUrl":"https:\/\/www.ohis.be\/wp-content\/uploads\/2023\/10\/R6-transporteur-electrique-4-roues-motrices.png","datePublished":"2023-10-12T18:24:06+00:00","breadcrumb":{"@id":"https:\/\/www.ohis.be\/de\/produit\/r6-industrieelektrik-mit-allradantrieb\/#breadcrumb"},"inLanguage":"de","potentialAction":[{"@type":"ReadAction","target":["https:\/\/www.ohis.be\/de\/produit\/r6-industrieelektrik-mit-allradantrieb\/"]}]},{"@type":"ImageObject","inLanguage":"de","@id":"https:\/\/www.ohis.be\/de\/produit\/r6-industrieelektrik-mit-allradantrieb\/#primaryimage","url":"https:\/\/www.ohis.be\/wp-content\/uploads\/2023\/10\/R6-transporteur-electrique-4-roues-motrices.png","contentUrl":"https:\/\/www.ohis.be\/wp-content\/uploads\/2023\/10\/R6-transporteur-electrique-4-roues-motrices.png","width":600,"height":523},{"@type":"BreadcrumbList","@id":"https:\/\/www.ohis.be\/de\/produit\/r6-industrieelektrik-mit-allradantrieb\/#breadcrumb","itemListElement":[{"@type":"ListItem","position":1,"name":"Accueil","item":"https:\/\/www.ohis.be\/de\/"},{"@type":"ListItem","position":2,"name":"Produkte","item":"https:\/\/www.ohis.be\/de\/produkte\/"},{"@type":"ListItem","position":3,"name":"R6 &#8211; Industrieelektrik mit Allradantrieb"}]},{"@type":"WebSite","@id":"https:\/\/www.ohis.be\/#website","url":"https:\/\/www.ohis.be\/","name":"Ohis","description":"Outils de levage","publisher":{"@id":"https:\/\/www.ohis.be\/#organization"},"potentialAction":[{"@type":"SearchAction","target":{"@type":"EntryPoint","urlTemplate":"https:\/\/www.ohis.be\/?s={search_term_string}"},"query-input":{"@type":"PropertyValueSpecification","valueRequired":true,"valueName":"search_term_string"}}],"inLanguage":"de"},{"@type":"Organization","@id":"https:\/\/www.ohis.be\/#organization","name":"Ohis","url":"https:\/\/www.ohis.be\/","logo":{"@type":"ImageObject","inLanguage":"de","@id":"https:\/\/www.ohis.be\/#\/schema\/logo\/image\/","url":"https:\/\/www.ohis.be\/wp-content\/uploads\/2021\/02\/logo-ohis-wit.svg","contentUrl":"https:\/\/www.ohis.be\/wp-content\/uploads\/2021\/02\/logo-ohis-wit.svg","caption":"Ohis"},"image":{"@id":"https:\/\/www.ohis.be\/#\/schema\/logo\/image\/"}}]}},"_links":{"self":[{"href":"https:\/\/www.ohis.be\/de\/wp-json\/wp\/v2\/product\/39707","targetHints":{"allow":["GET"]}}],"collection":[{"href":"https:\/\/www.ohis.be\/de\/wp-json\/wp\/v2\/product"}],"about":[{"href":"https:\/\/www.ohis.be\/de\/wp-json\/wp\/v2\/types\/product"}],"wp:featuredmedia":[{"embeddable":true,"href":"https:\/\/www.ohis.be\/de\/wp-json\/wp\/v2\/media\/38951"}],"wp:attachment":[{"href":"https:\/\/www.ohis.be\/de\/wp-json\/wp\/v2\/media?parent=39707"}],"wp:term":[{"taxonomy":"product_brand","embeddable":true,"href":"https:\/\/www.ohis.be\/de\/wp-json\/wp\/v2\/product_brand?post=39707"},{"taxonomy":"product_cat","embeddable":true,"href":"https:\/\/www.ohis.be\/de\/wp-json\/wp\/v2\/product_cat?post=39707"},{"taxonomy":"product_tag","embeddable":true,"href":"https:\/\/www.ohis.be\/de\/wp-json\/wp\/v2\/product_tag?post=39707"}],"curies":[{"name":"wp","href":"https:\/\/api.w.org\/{rel}","templated":true}]}}