{"id":39701,"date":"2023-10-12T20:25:18","date_gmt":"2023-10-12T18:25:18","guid":{"rendered":"https:\/\/www.ohis.be\/produit\/m15-magazinwagen-elektrisch\/"},"modified":"2023-10-12T20:25:18","modified_gmt":"2023-10-12T18:25:18","slug":"m15-magazinwagen-elektrisch","status":"publish","type":"product","link":"https:\/\/www.ohis.be\/de\/produit\/m15-magazinwagen-elektrisch\/","title":{"rendered":"M15 &#8211; Magazinwagen elektrisch"},"content":{"rendered":"<div class=\"descrizione text-lg mb-5\">\n<p>Der Magazinwagen elektrisch Zallys M15 ist die ideale L\u00f6sung, um die manuelle Handhabung von Lasten zu vermeiden und das Piken zu beschleunigen.<\/p>\n<ul>\n<li>f\u00fcr Lasten bis 500 kg<\/li>\n<li>vielseitig und kompakt<\/li>\n<li>mit superelastischen R\u00e4dern f\u00fcr den Innenbereich<\/li>\n<li>Geschwindigkeitsregelung mit Potentiometer<\/li>\n<li>gro\u00dfe Auswahl an Zubeh\u00f6r<\/li>\n<\/ul>\n<p>Kontaktieren Sie uns f\u00fcr eine Demo dieser Maschine in Ihren R\u00e4umlichkeiten.<\/p>\n<\/div>\n","protected":false},"excerpt":{"rendered":"<div class=\"descrizione text-lg mb-5\">\n<p>Der Magazinwagen elektrisch Zallys M15 ist die ideale L\u00f6sung, um die manuelle Handhabung von Lasten zu vermeiden und das Piken zu beschleunigen.<\/p>\n<ul>\n<li>f\u00fcr Lasten bis 500 kg<\/li>\n<li>vielseitig und kompakt<\/li>\n<li>mit superelastischen R\u00e4dern f\u00fcr den Innenbereich<\/li>\n<li>Geschwindigkeitsregelung mit Potentiometer<\/li>\n<li>gro\u00dfe Auswahl an Zubeh\u00f6r<\/li>\n<\/ul>\n<p>Kontaktieren Sie uns f\u00fcr eine Demo dieser Maschine in Ihren R\u00e4umlichkeiten.<\/p>\n<\/div>\n","protected":false},"featured_media":38857,"template":"","meta":{"_acf_changed":false,"inline_featured_image":false},"product_brand":[],"product_cat":[3855],"product_tag":[],"class_list":{"0":"post-39701","1":"product","2":"type-product","3":"status-publish","4":"has-post-thumbnail","6":"product_cat-transporter-und-dumper","7":"yith_product_brand-zallys-de","9":"first","10":"instock","11":"taxable","12":"shipping-taxable","13":"product-type-simple"},"acf":[],"yoast_head":"<!-- This site is optimized with the Yoast SEO plugin v27.5 - https:\/\/yoast.com\/product\/yoast-seo-wordpress\/ -->\n<title>M15 - Magazinwagen elektrisch - Ohis<\/title>\n<meta name=\"robots\" content=\"index, follow, max-snippet:-1, max-image-preview:large, max-video-preview:-1\" \/>\n<link rel=\"canonical\" href=\"https:\/\/www.ohis.be\/de\/produit\/m15-magazinwagen-elektrisch\/\" \/>\n<meta property=\"og:locale\" content=\"de_DE\" \/>\n<meta property=\"og:type\" content=\"article\" \/>\n<meta property=\"og:title\" content=\"M15 - Magazinwagen elektrisch - Ohis\" \/>\n<meta property=\"og:description\" content=\"Der Magazinwagen elektrisch Zallys M15 ist die ideale L\u00f6sung, um die manuelle Handhabung von Lasten zu vermeiden und das Piken zu beschleunigen.   f\u00fcr Lasten bis 500 kg  vielseitig und kompakt  mit superelastischen R\u00e4dern f\u00fcr den Innenbereich  Geschwindigkeitsregelung mit Potentiometer  gro\u00dfe Auswahl an Zubeh\u00f6r  Kontaktieren Sie uns f\u00fcr eine Demo dieser Maschine in Ihren R\u00e4umlichkeiten.\" \/>\n<meta property=\"og:url\" content=\"https:\/\/www.ohis.be\/de\/produit\/m15-magazinwagen-elektrisch\/\" \/>\n<meta property=\"og:site_name\" content=\"Ohis\" \/>\n<meta property=\"og:image\" content=\"https:\/\/www.ohis.be\/wp-content\/uploads\/2023\/10\/M15-chariot-transporteur-a-plateforme.jpg\" \/>\n\t<meta property=\"og:image:width\" content=\"600\" \/>\n\t<meta property=\"og:image:height\" content=\"600\" \/>\n\t<meta property=\"og:image:type\" content=\"image\/jpeg\" \/>\n<meta name=\"twitter:card\" content=\"summary_large_image\" \/>\n<script type=\"application\/ld+json\" class=\"yoast-schema-graph\">{\"@context\":\"https:\\\/\\\/schema.org\",\"@graph\":[{\"@type\":\"WebPage\",\"@id\":\"https:\\\/\\\/www.ohis.be\\\/de\\\/produit\\\/m15-magazinwagen-elektrisch\\\/\",\"url\":\"https:\\\/\\\/www.ohis.be\\\/de\\\/produit\\\/m15-magazinwagen-elektrisch\\\/\",\"name\":\"M15 - Magazinwagen elektrisch - Ohis\",\"isPartOf\":{\"@id\":\"https:\\\/\\\/www.ohis.be\\\/de\\\/#website\"},\"primaryImageOfPage\":{\"@id\":\"https:\\\/\\\/www.ohis.be\\\/de\\\/produit\\\/m15-magazinwagen-elektrisch\\\/#primaryimage\"},\"image\":{\"@id\":\"https:\\\/\\\/www.ohis.be\\\/de\\\/produit\\\/m15-magazinwagen-elektrisch\\\/#primaryimage\"},\"thumbnailUrl\":\"https:\\\/\\\/www.ohis.be\\\/wp-content\\\/uploads\\\/2023\\\/10\\\/M15-chariot-transporteur-a-plateforme.jpg\",\"datePublished\":\"2023-10-12T18:25:18+00:00\",\"breadcrumb\":{\"@id\":\"https:\\\/\\\/www.ohis.be\\\/de\\\/produit\\\/m15-magazinwagen-elektrisch\\\/#breadcrumb\"},\"inLanguage\":\"de\",\"potentialAction\":[{\"@type\":\"ReadAction\",\"target\":[\"https:\\\/\\\/www.ohis.be\\\/de\\\/produit\\\/m15-magazinwagen-elektrisch\\\/\"]}]},{\"@type\":\"ImageObject\",\"inLanguage\":\"de\",\"@id\":\"https:\\\/\\\/www.ohis.be\\\/de\\\/produit\\\/m15-magazinwagen-elektrisch\\\/#primaryimage\",\"url\":\"https:\\\/\\\/www.ohis.be\\\/wp-content\\\/uploads\\\/2023\\\/10\\\/M15-chariot-transporteur-a-plateforme.jpg\",\"contentUrl\":\"https:\\\/\\\/www.ohis.be\\\/wp-content\\\/uploads\\\/2023\\\/10\\\/M15-chariot-transporteur-a-plateforme.jpg\",\"width\":600,\"height\":600},{\"@type\":\"BreadcrumbList\",\"@id\":\"https:\\\/\\\/www.ohis.be\\\/de\\\/produit\\\/m15-magazinwagen-elektrisch\\\/#breadcrumb\",\"itemListElement\":[{\"@type\":\"ListItem\",\"position\":1,\"name\":\"Accueil\",\"item\":\"https:\\\/\\\/www.ohis.be\\\/de\\\/\"},{\"@type\":\"ListItem\",\"position\":2,\"name\":\"Produkte\",\"item\":\"https:\\\/\\\/www.ohis.be\\\/de\\\/produkte\\\/\"},{\"@type\":\"ListItem\",\"position\":3,\"name\":\"M15 &#8211; Magazinwagen elektrisch\"}]},{\"@type\":\"WebSite\",\"@id\":\"https:\\\/\\\/www.ohis.be\\\/de\\\/#website\",\"url\":\"https:\\\/\\\/www.ohis.be\\\/de\\\/\",\"name\":\"Ohis\",\"description\":\"Outils de levage\",\"publisher\":{\"@id\":\"https:\\\/\\\/www.ohis.be\\\/de\\\/#organization\"},\"potentialAction\":[{\"@type\":\"SearchAction\",\"target\":{\"@type\":\"EntryPoint\",\"urlTemplate\":\"https:\\\/\\\/www.ohis.be\\\/de\\\/?s={search_term_string}\"},\"query-input\":{\"@type\":\"PropertyValueSpecification\",\"valueRequired\":true,\"valueName\":\"search_term_string\"}}],\"inLanguage\":\"de\"},{\"@type\":\"Organization\",\"@id\":\"https:\\\/\\\/www.ohis.be\\\/de\\\/#organization\",\"name\":\"Ohis\",\"url\":\"https:\\\/\\\/www.ohis.be\\\/de\\\/\",\"logo\":{\"@type\":\"ImageObject\",\"inLanguage\":\"de\",\"@id\":\"https:\\\/\\\/www.ohis.be\\\/de\\\/#\\\/schema\\\/logo\\\/image\\\/\",\"url\":\"https:\\\/\\\/www.ohis.be\\\/wp-content\\\/uploads\\\/2021\\\/02\\\/logo-ohis-wit.svg\",\"contentUrl\":\"https:\\\/\\\/www.ohis.be\\\/wp-content\\\/uploads\\\/2021\\\/02\\\/logo-ohis-wit.svg\",\"caption\":\"Ohis\"},\"image\":{\"@id\":\"https:\\\/\\\/www.ohis.be\\\/de\\\/#\\\/schema\\\/logo\\\/image\\\/\"}}]}<\/script>\n<!-- \/ Yoast SEO plugin. -->","yoast_head_json":{"title":"M15 - Magazinwagen elektrisch - Ohis","robots":{"index":"index","follow":"follow","max-snippet":"max-snippet:-1","max-image-preview":"max-image-preview:large","max-video-preview":"max-video-preview:-1"},"canonical":"https:\/\/www.ohis.be\/de\/produit\/m15-magazinwagen-elektrisch\/","og_locale":"de_DE","og_type":"article","og_title":"M15 - Magazinwagen elektrisch - Ohis","og_description":"Der Magazinwagen elektrisch Zallys M15 ist die ideale L\u00f6sung, um die manuelle Handhabung von Lasten zu vermeiden und das Piken zu beschleunigen.   f\u00fcr Lasten bis 500 kg  vielseitig und kompakt  mit superelastischen R\u00e4dern f\u00fcr den Innenbereich  Geschwindigkeitsregelung mit Potentiometer  gro\u00dfe Auswahl an Zubeh\u00f6r  Kontaktieren Sie uns f\u00fcr eine Demo dieser Maschine in Ihren R\u00e4umlichkeiten.","og_url":"https:\/\/www.ohis.be\/de\/produit\/m15-magazinwagen-elektrisch\/","og_site_name":"Ohis","og_image":[{"width":600,"height":600,"url":"https:\/\/www.ohis.be\/wp-content\/uploads\/2023\/10\/M15-chariot-transporteur-a-plateforme.jpg","type":"image\/jpeg"}],"twitter_card":"summary_large_image","schema":{"@context":"https:\/\/schema.org","@graph":[{"@type":"WebPage","@id":"https:\/\/www.ohis.be\/de\/produit\/m15-magazinwagen-elektrisch\/","url":"https:\/\/www.ohis.be\/de\/produit\/m15-magazinwagen-elektrisch\/","name":"M15 - Magazinwagen elektrisch - Ohis","isPartOf":{"@id":"https:\/\/www.ohis.be\/de\/#website"},"primaryImageOfPage":{"@id":"https:\/\/www.ohis.be\/de\/produit\/m15-magazinwagen-elektrisch\/#primaryimage"},"image":{"@id":"https:\/\/www.ohis.be\/de\/produit\/m15-magazinwagen-elektrisch\/#primaryimage"},"thumbnailUrl":"https:\/\/www.ohis.be\/wp-content\/uploads\/2023\/10\/M15-chariot-transporteur-a-plateforme.jpg","datePublished":"2023-10-12T18:25:18+00:00","breadcrumb":{"@id":"https:\/\/www.ohis.be\/de\/produit\/m15-magazinwagen-elektrisch\/#breadcrumb"},"inLanguage":"de","potentialAction":[{"@type":"ReadAction","target":["https:\/\/www.ohis.be\/de\/produit\/m15-magazinwagen-elektrisch\/"]}]},{"@type":"ImageObject","inLanguage":"de","@id":"https:\/\/www.ohis.be\/de\/produit\/m15-magazinwagen-elektrisch\/#primaryimage","url":"https:\/\/www.ohis.be\/wp-content\/uploads\/2023\/10\/M15-chariot-transporteur-a-plateforme.jpg","contentUrl":"https:\/\/www.ohis.be\/wp-content\/uploads\/2023\/10\/M15-chariot-transporteur-a-plateforme.jpg","width":600,"height":600},{"@type":"BreadcrumbList","@id":"https:\/\/www.ohis.be\/de\/produit\/m15-magazinwagen-elektrisch\/#breadcrumb","itemListElement":[{"@type":"ListItem","position":1,"name":"Accueil","item":"https:\/\/www.ohis.be\/de\/"},{"@type":"ListItem","position":2,"name":"Produkte","item":"https:\/\/www.ohis.be\/de\/produkte\/"},{"@type":"ListItem","position":3,"name":"M15 &#8211; Magazinwagen elektrisch"}]},{"@type":"WebSite","@id":"https:\/\/www.ohis.be\/de\/#website","url":"https:\/\/www.ohis.be\/de\/","name":"Ohis","description":"Outils de levage","publisher":{"@id":"https:\/\/www.ohis.be\/de\/#organization"},"potentialAction":[{"@type":"SearchAction","target":{"@type":"EntryPoint","urlTemplate":"https:\/\/www.ohis.be\/de\/?s={search_term_string}"},"query-input":{"@type":"PropertyValueSpecification","valueRequired":true,"valueName":"search_term_string"}}],"inLanguage":"de"},{"@type":"Organization","@id":"https:\/\/www.ohis.be\/de\/#organization","name":"Ohis","url":"https:\/\/www.ohis.be\/de\/","logo":{"@type":"ImageObject","inLanguage":"de","@id":"https:\/\/www.ohis.be\/de\/#\/schema\/logo\/image\/","url":"https:\/\/www.ohis.be\/wp-content\/uploads\/2021\/02\/logo-ohis-wit.svg","contentUrl":"https:\/\/www.ohis.be\/wp-content\/uploads\/2021\/02\/logo-ohis-wit.svg","caption":"Ohis"},"image":{"@id":"https:\/\/www.ohis.be\/de\/#\/schema\/logo\/image\/"}}]}},"_links":{"self":[{"href":"https:\/\/www.ohis.be\/de\/wp-json\/wp\/v2\/product\/39701","targetHints":{"allow":["GET"]}}],"collection":[{"href":"https:\/\/www.ohis.be\/de\/wp-json\/wp\/v2\/product"}],"about":[{"href":"https:\/\/www.ohis.be\/de\/wp-json\/wp\/v2\/types\/product"}],"wp:featuredmedia":[{"embeddable":true,"href":"https:\/\/www.ohis.be\/de\/wp-json\/wp\/v2\/media\/38857"}],"wp:attachment":[{"href":"https:\/\/www.ohis.be\/de\/wp-json\/wp\/v2\/media?parent=39701"}],"wp:term":[{"taxonomy":"product_brand","embeddable":true,"href":"https:\/\/www.ohis.be\/de\/wp-json\/wp\/v2\/product_brand?post=39701"},{"taxonomy":"product_cat","embeddable":true,"href":"https:\/\/www.ohis.be\/de\/wp-json\/wp\/v2\/product_cat?post=39701"},{"taxonomy":"product_tag","embeddable":true,"href":"https:\/\/www.ohis.be\/de\/wp-json\/wp\/v2\/product_tag?post=39701"}],"curies":[{"name":"wp","href":"https:\/\/api.w.org\/{rel}","templated":true}]}}