{"id":39695,"date":"2023-10-12T20:25:55","date_gmt":"2023-10-12T18:25:55","guid":{"rendered":"https:\/\/www.ohis.be\/produit\/hs4-elektrischer-plattformwagen\/"},"modified":"2023-10-12T20:25:55","modified_gmt":"2023-10-12T18:25:55","slug":"hs4-elektrischer-plattformwagen","status":"publish","type":"product","link":"https:\/\/www.ohis.be\/de\/produit\/hs4-elektrischer-plattformwagen\/","title":{"rendered":"HS4 &#8211; elektrischer Plattformwagen"},"content":{"rendered":"<div class=\"descrizione text-lg mb-5\">\n<p>Der\u00a0<span data-sheets-value=\"{&quot;1&quot;:2,&quot;2&quot;:&quot;elektrischer Plattformwagen&quot;}\" data-sheets-userformat=\"{&quot;2&quot;:513,&quot;3&quot;:{&quot;1&quot;:0},&quot;12&quot;:0}\">elektrischer Plattformwagen<\/span> Zallys HS 4 ist die ideale L\u00f6sung, um die manuelle Handhabung von Lasten zu vermeiden.<\/p>\n<ul>\n<li>f\u00fcr Lasten bis 1000 kg<\/li>\n<li>vielseitig und kompakt<\/li>\n<li>mit pneumatischen R\u00e4dern f\u00fcr den Innen- und Au\u00dfenbereich<\/li>\n<li>breite Auswahl an Standard- oder anpassbaren Plattformen auf Anfrage<\/li>\n<\/ul>\n<p><strong>Zubeh\u00f6rteile:<\/strong><\/p>\n<ul>\n<li>Pritsche 695x1250xh230 mm<\/li>\n<li>Plattform 800x1250xh630 mm<\/li>\n<li>Verzinkte Wanne 300 L<\/li>\n<li>Befestigungskit komplett f\u00fcr Plattform<\/li>\n<li>Stahl-St\u00fctzstange f\u00fcr Plattform<\/li>\n<\/ul>\n<p>Kontaktieren Sie uns f\u00fcr eine Demo dieser Maschine in Ihren R\u00e4umlichkeiten.<\/p>\n<\/div>\n","protected":false},"excerpt":{"rendered":"<div class=\"descrizione text-lg mb-5\">\n<p>Der\u00a0<span data-sheets-value=\"{&quot;1&quot;:2,&quot;2&quot;:&quot;elektrischer Plattformwagen&quot;}\" data-sheets-userformat=\"{&quot;2&quot;:513,&quot;3&quot;:{&quot;1&quot;:0},&quot;12&quot;:0}\">elektrischer Plattformwagen<\/span> Zallys HS 4 ist die ideale L\u00f6sung, um die manuelle Handhabung von Lasten zu vermeiden.<\/p>\n<ul>\n<li>f\u00fcr Lasten bis 1000 kg<\/li>\n<li>vielseitig und kompakt<\/li>\n<li>mit pneumatischen R\u00e4dern f\u00fcr den Innen- und Au\u00dfenbereich<\/li>\n<li>breite Auswahl an Standard- oder anpassbaren Plattformen auf Anfrage<\/li>\n<\/ul>\n<p><strong>Zubeh\u00f6rteile:<\/strong><\/p>\n<ul>\n<li>Pritsche 695x1250xh230 mm<\/li>\n<li>Plattform 800x1250xh630 mm<\/li>\n<li>Verzinkte Wanne 300 L<\/li>\n<li>Befestigungskit komplett f\u00fcr Plattform<\/li>\n<li>Stahl-St\u00fctzstange f\u00fcr Plattform<\/li>\n<\/ul>\n<p>Kontaktieren Sie uns f\u00fcr eine Demo dieser Maschine in Ihren R\u00e4umlichkeiten.<\/p>\n<\/div>\n","protected":false},"featured_media":38771,"template":"","meta":{"_acf_changed":false,"inline_featured_image":false},"product_brand":[],"product_cat":[3855],"product_tag":[],"class_list":{"0":"post-39695","1":"product","2":"type-product","3":"status-publish","4":"has-post-thumbnail","6":"product_cat-transporter-und-dumper","7":"yith_product_brand-zallys-de","9":"first","10":"instock","11":"taxable","12":"shipping-taxable","13":"product-type-simple"},"acf":[],"yoast_head":"<!-- This site is optimized with the Yoast SEO plugin v27.4 - https:\/\/yoast.com\/product\/yoast-seo-wordpress\/ -->\n<title>HS4 - elektrischer Plattformwagen - Ohis<\/title>\n<meta name=\"robots\" content=\"index, follow, max-snippet:-1, max-image-preview:large, max-video-preview:-1\" \/>\n<link rel=\"canonical\" href=\"https:\/\/www.ohis.be\/de\/produit\/hs4-elektrischer-plattformwagen\/\" \/>\n<meta property=\"og:locale\" content=\"de_DE\" \/>\n<meta property=\"og:type\" content=\"article\" \/>\n<meta property=\"og:title\" content=\"HS4 - elektrischer Plattformwagen - Ohis\" \/>\n<meta property=\"og:description\" content=\"Der\u00a0elektrischer Plattformwagen Zallys HS 4 ist die ideale L\u00f6sung, um die manuelle Handhabung von Lasten zu vermeiden.   f\u00fcr Lasten bis 1000 kg  vielseitig und kompakt  mit pneumatischen R\u00e4dern f\u00fcr den Innen- und Au\u00dfenbereich  breite Auswahl an Standard- oder anpassbaren Plattformen auf Anfrage  Zubeh\u00f6rteile:   Pritsche 695x1250xh230 mm  Plattform 800x1250xh630 mm  Verzinkte Wanne 300 L  Befestigungskit komplett f\u00fcr Plattform  Stahl-St\u00fctzstange f\u00fcr Plattform  Kontaktieren Sie uns f\u00fcr eine Demo dieser Maschine in Ihren R\u00e4umlichkeiten.\" \/>\n<meta property=\"og:url\" content=\"https:\/\/www.ohis.be\/de\/produit\/hs4-elektrischer-plattformwagen\/\" \/>\n<meta property=\"og:site_name\" content=\"Ohis\" \/>\n<meta property=\"og:image\" content=\"https:\/\/www.ohis.be\/wp-content\/uploads\/2023\/10\/HS4-transporteur-motorise.png\" \/>\n\t<meta property=\"og:image:width\" content=\"800\" \/>\n\t<meta property=\"og:image:height\" content=\"698\" \/>\n\t<meta property=\"og:image:type\" content=\"image\/png\" \/>\n<meta name=\"twitter:card\" content=\"summary_large_image\" \/>\n<script type=\"application\/ld+json\" class=\"yoast-schema-graph\">{\"@context\":\"https:\\\/\\\/schema.org\",\"@graph\":[{\"@type\":\"WebPage\",\"@id\":\"https:\\\/\\\/www.ohis.be\\\/de\\\/produit\\\/hs4-elektrischer-plattformwagen\\\/\",\"url\":\"https:\\\/\\\/www.ohis.be\\\/de\\\/produit\\\/hs4-elektrischer-plattformwagen\\\/\",\"name\":\"HS4 - elektrischer Plattformwagen - Ohis\",\"isPartOf\":{\"@id\":\"https:\\\/\\\/www.ohis.be\\\/#website\"},\"primaryImageOfPage\":{\"@id\":\"https:\\\/\\\/www.ohis.be\\\/de\\\/produit\\\/hs4-elektrischer-plattformwagen\\\/#primaryimage\"},\"image\":{\"@id\":\"https:\\\/\\\/www.ohis.be\\\/de\\\/produit\\\/hs4-elektrischer-plattformwagen\\\/#primaryimage\"},\"thumbnailUrl\":\"https:\\\/\\\/www.ohis.be\\\/wp-content\\\/uploads\\\/2023\\\/10\\\/HS4-transporteur-motorise.png\",\"datePublished\":\"2023-10-12T18:25:55+00:00\",\"breadcrumb\":{\"@id\":\"https:\\\/\\\/www.ohis.be\\\/de\\\/produit\\\/hs4-elektrischer-plattformwagen\\\/#breadcrumb\"},\"inLanguage\":\"de\",\"potentialAction\":[{\"@type\":\"ReadAction\",\"target\":[\"https:\\\/\\\/www.ohis.be\\\/de\\\/produit\\\/hs4-elektrischer-plattformwagen\\\/\"]}]},{\"@type\":\"ImageObject\",\"inLanguage\":\"de\",\"@id\":\"https:\\\/\\\/www.ohis.be\\\/de\\\/produit\\\/hs4-elektrischer-plattformwagen\\\/#primaryimage\",\"url\":\"https:\\\/\\\/www.ohis.be\\\/wp-content\\\/uploads\\\/2023\\\/10\\\/HS4-transporteur-motorise.png\",\"contentUrl\":\"https:\\\/\\\/www.ohis.be\\\/wp-content\\\/uploads\\\/2023\\\/10\\\/HS4-transporteur-motorise.png\",\"width\":800,\"height\":698},{\"@type\":\"BreadcrumbList\",\"@id\":\"https:\\\/\\\/www.ohis.be\\\/de\\\/produit\\\/hs4-elektrischer-plattformwagen\\\/#breadcrumb\",\"itemListElement\":[{\"@type\":\"ListItem\",\"position\":1,\"name\":\"Accueil\",\"item\":\"https:\\\/\\\/www.ohis.be\\\/de\\\/\"},{\"@type\":\"ListItem\",\"position\":2,\"name\":\"Produkte\",\"item\":\"https:\\\/\\\/www.ohis.be\\\/de\\\/produkte\\\/\"},{\"@type\":\"ListItem\",\"position\":3,\"name\":\"HS4 &#8211; elektrischer Plattformwagen\"}]},{\"@type\":\"WebSite\",\"@id\":\"https:\\\/\\\/www.ohis.be\\\/#website\",\"url\":\"https:\\\/\\\/www.ohis.be\\\/\",\"name\":\"Ohis\",\"description\":\"Outils de levage\",\"publisher\":{\"@id\":\"https:\\\/\\\/www.ohis.be\\\/#organization\"},\"potentialAction\":[{\"@type\":\"SearchAction\",\"target\":{\"@type\":\"EntryPoint\",\"urlTemplate\":\"https:\\\/\\\/www.ohis.be\\\/?s={search_term_string}\"},\"query-input\":{\"@type\":\"PropertyValueSpecification\",\"valueRequired\":true,\"valueName\":\"search_term_string\"}}],\"inLanguage\":\"de\"},{\"@type\":\"Organization\",\"@id\":\"https:\\\/\\\/www.ohis.be\\\/#organization\",\"name\":\"Ohis\",\"url\":\"https:\\\/\\\/www.ohis.be\\\/\",\"logo\":{\"@type\":\"ImageObject\",\"inLanguage\":\"de\",\"@id\":\"https:\\\/\\\/www.ohis.be\\\/#\\\/schema\\\/logo\\\/image\\\/\",\"url\":\"https:\\\/\\\/www.ohis.be\\\/wp-content\\\/uploads\\\/2021\\\/02\\\/logo-ohis-wit.svg\",\"contentUrl\":\"https:\\\/\\\/www.ohis.be\\\/wp-content\\\/uploads\\\/2021\\\/02\\\/logo-ohis-wit.svg\",\"caption\":\"Ohis\"},\"image\":{\"@id\":\"https:\\\/\\\/www.ohis.be\\\/#\\\/schema\\\/logo\\\/image\\\/\"}}]}<\/script>\n<!-- \/ Yoast SEO plugin. -->","yoast_head_json":{"title":"HS4 - elektrischer Plattformwagen - Ohis","robots":{"index":"index","follow":"follow","max-snippet":"max-snippet:-1","max-image-preview":"max-image-preview:large","max-video-preview":"max-video-preview:-1"},"canonical":"https:\/\/www.ohis.be\/de\/produit\/hs4-elektrischer-plattformwagen\/","og_locale":"de_DE","og_type":"article","og_title":"HS4 - elektrischer Plattformwagen - Ohis","og_description":"Der\u00a0elektrischer Plattformwagen Zallys HS 4 ist die ideale L\u00f6sung, um die manuelle Handhabung von Lasten zu vermeiden.   f\u00fcr Lasten bis 1000 kg  vielseitig und kompakt  mit pneumatischen R\u00e4dern f\u00fcr den Innen- und Au\u00dfenbereich  breite Auswahl an Standard- oder anpassbaren Plattformen auf Anfrage  Zubeh\u00f6rteile:   Pritsche 695x1250xh230 mm  Plattform 800x1250xh630 mm  Verzinkte Wanne 300 L  Befestigungskit komplett f\u00fcr Plattform  Stahl-St\u00fctzstange f\u00fcr Plattform  Kontaktieren Sie uns f\u00fcr eine Demo dieser Maschine in Ihren R\u00e4umlichkeiten.","og_url":"https:\/\/www.ohis.be\/de\/produit\/hs4-elektrischer-plattformwagen\/","og_site_name":"Ohis","og_image":[{"width":800,"height":698,"url":"https:\/\/www.ohis.be\/wp-content\/uploads\/2023\/10\/HS4-transporteur-motorise.png","type":"image\/png"}],"twitter_card":"summary_large_image","schema":{"@context":"https:\/\/schema.org","@graph":[{"@type":"WebPage","@id":"https:\/\/www.ohis.be\/de\/produit\/hs4-elektrischer-plattformwagen\/","url":"https:\/\/www.ohis.be\/de\/produit\/hs4-elektrischer-plattformwagen\/","name":"HS4 - elektrischer Plattformwagen - Ohis","isPartOf":{"@id":"https:\/\/www.ohis.be\/#website"},"primaryImageOfPage":{"@id":"https:\/\/www.ohis.be\/de\/produit\/hs4-elektrischer-plattformwagen\/#primaryimage"},"image":{"@id":"https:\/\/www.ohis.be\/de\/produit\/hs4-elektrischer-plattformwagen\/#primaryimage"},"thumbnailUrl":"https:\/\/www.ohis.be\/wp-content\/uploads\/2023\/10\/HS4-transporteur-motorise.png","datePublished":"2023-10-12T18:25:55+00:00","breadcrumb":{"@id":"https:\/\/www.ohis.be\/de\/produit\/hs4-elektrischer-plattformwagen\/#breadcrumb"},"inLanguage":"de","potentialAction":[{"@type":"ReadAction","target":["https:\/\/www.ohis.be\/de\/produit\/hs4-elektrischer-plattformwagen\/"]}]},{"@type":"ImageObject","inLanguage":"de","@id":"https:\/\/www.ohis.be\/de\/produit\/hs4-elektrischer-plattformwagen\/#primaryimage","url":"https:\/\/www.ohis.be\/wp-content\/uploads\/2023\/10\/HS4-transporteur-motorise.png","contentUrl":"https:\/\/www.ohis.be\/wp-content\/uploads\/2023\/10\/HS4-transporteur-motorise.png","width":800,"height":698},{"@type":"BreadcrumbList","@id":"https:\/\/www.ohis.be\/de\/produit\/hs4-elektrischer-plattformwagen\/#breadcrumb","itemListElement":[{"@type":"ListItem","position":1,"name":"Accueil","item":"https:\/\/www.ohis.be\/de\/"},{"@type":"ListItem","position":2,"name":"Produkte","item":"https:\/\/www.ohis.be\/de\/produkte\/"},{"@type":"ListItem","position":3,"name":"HS4 &#8211; elektrischer Plattformwagen"}]},{"@type":"WebSite","@id":"https:\/\/www.ohis.be\/#website","url":"https:\/\/www.ohis.be\/","name":"Ohis","description":"Outils de levage","publisher":{"@id":"https:\/\/www.ohis.be\/#organization"},"potentialAction":[{"@type":"SearchAction","target":{"@type":"EntryPoint","urlTemplate":"https:\/\/www.ohis.be\/?s={search_term_string}"},"query-input":{"@type":"PropertyValueSpecification","valueRequired":true,"valueName":"search_term_string"}}],"inLanguage":"de"},{"@type":"Organization","@id":"https:\/\/www.ohis.be\/#organization","name":"Ohis","url":"https:\/\/www.ohis.be\/","logo":{"@type":"ImageObject","inLanguage":"de","@id":"https:\/\/www.ohis.be\/#\/schema\/logo\/image\/","url":"https:\/\/www.ohis.be\/wp-content\/uploads\/2021\/02\/logo-ohis-wit.svg","contentUrl":"https:\/\/www.ohis.be\/wp-content\/uploads\/2021\/02\/logo-ohis-wit.svg","caption":"Ohis"},"image":{"@id":"https:\/\/www.ohis.be\/#\/schema\/logo\/image\/"}}]}},"_links":{"self":[{"href":"https:\/\/www.ohis.be\/de\/wp-json\/wp\/v2\/product\/39695","targetHints":{"allow":["GET"]}}],"collection":[{"href":"https:\/\/www.ohis.be\/de\/wp-json\/wp\/v2\/product"}],"about":[{"href":"https:\/\/www.ohis.be\/de\/wp-json\/wp\/v2\/types\/product"}],"wp:featuredmedia":[{"embeddable":true,"href":"https:\/\/www.ohis.be\/de\/wp-json\/wp\/v2\/media\/38771"}],"wp:attachment":[{"href":"https:\/\/www.ohis.be\/de\/wp-json\/wp\/v2\/media?parent=39695"}],"wp:term":[{"taxonomy":"product_brand","embeddable":true,"href":"https:\/\/www.ohis.be\/de\/wp-json\/wp\/v2\/product_brand?post=39695"},{"taxonomy":"product_cat","embeddable":true,"href":"https:\/\/www.ohis.be\/de\/wp-json\/wp\/v2\/product_cat?post=39695"},{"taxonomy":"product_tag","embeddable":true,"href":"https:\/\/www.ohis.be\/de\/wp-json\/wp\/v2\/product_tag?post=39695"}],"curies":[{"name":"wp","href":"https:\/\/api.w.org\/{rel}","templated":true}]}}