{"id":39691,"date":"2023-10-12T20:26:42","date_gmt":"2023-10-12T18:26:42","guid":{"rendered":"https:\/\/www.ohis.be\/produit\/tr-30-radmotorwagen\/"},"modified":"2023-10-12T20:26:42","modified_gmt":"2023-10-12T18:26:42","slug":"tr-30-radmotorwagen","status":"publish","type":"product","link":"https:\/\/www.ohis.be\/de\/produit\/tr-30-radmotorwagen\/","title":{"rendered":"TR 30 &#8211; Radmotorwagen"},"content":{"rendered":"<div class=\"descrizione text-lg mb-5\">\n<p>Der industrielle Radmotorwagen TR30 von Zallys ist die ideale L\u00f6sung, um die manuelle Handhabung von Lasten zu vermeiden.<\/p>\n<ul>\n<li>f\u00fcr Lasten bis 300 kg<\/li>\n<li>mit pneumatischen R\u00e4dern f\u00fcr den Innen- und Au\u00dfenbereich<\/li>\n<li>Taste zur 5-Gang-Einstellung<\/li>\n<li>breite Auswahl an Standard- oder anpassbaren Plattformen auf Anfrage<\/li>\n<\/ul>\n<p><strong>Zubeh\u00f6rteile:<\/strong><\/p>\n<ul>\n<li>Plattform 830 x 1250 x 185 mm<\/li>\n<li>Befestigungskit komplett f\u00fcr Plattform<\/li>\n<li>Pritsche 695x1250xh230 mm<\/li>\n<li>Plattform 800x1250xh630 mm<\/li>\n<li>Not-Aus<\/li>\n<li>Digital Betriebsstundenz\u00e4hler<\/li>\n<li>Key-Pad<\/li>\n<li>Richtungsradschutz<\/li>\n<\/ul>\n<p>Kontaktieren Sie uns f\u00fcr eine Demo dieser Maschine bei Ihnen vor Ort.<\/p>\n<\/div>\n","protected":false},"excerpt":{"rendered":"<div class=\"descrizione text-lg mb-5\">\n<p>Der industrielle Radmotorwagen TR30 von Zallys ist die ideale L\u00f6sung, um die manuelle Handhabung von Lasten zu vermeiden.<\/p>\n<ul>\n<li>f\u00fcr Lasten bis 300 kg<\/li>\n<li>mit pneumatischen R\u00e4dern f\u00fcr den Innen- und Au\u00dfenbereich<\/li>\n<li>Taste zur 5-Gang-Einstellung<\/li>\n<li>breite Auswahl an Standard- oder anpassbaren Plattformen auf Anfrage<\/li>\n<\/ul>\n<p><strong>Zubeh\u00f6rteile:<\/strong><\/p>\n<ul>\n<li>Plattform 830 x 1250 x 185 mm<\/li>\n<li>Befestigungskit komplett f\u00fcr Plattform<\/li>\n<li>Pritsche 695x1250xh230 mm<\/li>\n<li>Plattform 800x1250xh630 mm<\/li>\n<li>Not-Aus<\/li>\n<li>Digital Betriebsstundenz\u00e4hler<\/li>\n<li>Key-Pad<\/li>\n<li>Richtungsradschutz<\/li>\n<\/ul>\n<p>Kontaktieren Sie uns f\u00fcr eine Demo dieser Maschine bei Ihnen vor Ort.<\/p>\n<\/div>\n","protected":false},"featured_media":38730,"template":"","meta":{"_acf_changed":false,"inline_featured_image":false},"product_brand":[],"product_cat":[3855],"product_tag":[],"class_list":{"0":"post-39691","1":"product","2":"type-product","3":"status-publish","4":"has-post-thumbnail","6":"product_cat-transporter-und-dumper","7":"yith_product_brand-zallys-de","9":"first","10":"onbackorder","11":"sale","12":"taxable","13":"shipping-taxable","14":"purchasable","15":"product-type-variable","16":"has-default-attributes"},"acf":[],"yoast_head":"<!-- This site is optimized with the Yoast SEO plugin v27.5 - https:\/\/yoast.com\/product\/yoast-seo-wordpress\/ -->\n<title>TR 30 - Radmotorwagen - Ohis<\/title>\n<meta name=\"robots\" content=\"index, follow, max-snippet:-1, max-image-preview:large, max-video-preview:-1\" \/>\n<link rel=\"canonical\" href=\"https:\/\/www.ohis.be\/de\/produit\/tr-30-radmotorwagen\/\" \/>\n<meta property=\"og:locale\" content=\"de_DE\" \/>\n<meta property=\"og:type\" content=\"article\" \/>\n<meta property=\"og:title\" content=\"TR 30 - Radmotorwagen - Ohis\" \/>\n<meta property=\"og:description\" content=\"Der industrielle Radmotorwagen TR30 von Zallys ist die ideale L\u00f6sung, um die manuelle Handhabung von Lasten zu vermeiden.   f\u00fcr Lasten bis 300 kg  mit pneumatischen R\u00e4dern f\u00fcr den Innen- und Au\u00dfenbereich  Taste zur 5-Gang-Einstellung  breite Auswahl an Standard- oder anpassbaren Plattformen auf Anfrage  Zubeh\u00f6rteile:   Plattform 830 x 1250 x 185 mm  Befestigungskit komplett f\u00fcr Plattform  Pritsche 695x1250xh230 mm  Plattform 800x1250xh630 mm  Not-Aus  Digital Betriebsstundenz\u00e4hler  Key-Pad  Richtungsradschutz  Kontaktieren Sie uns f\u00fcr eine Demo dieser Maschine bei Ihnen vor Ort.\" \/>\n<meta property=\"og:url\" content=\"https:\/\/www.ohis.be\/de\/produit\/tr-30-radmotorwagen\/\" \/>\n<meta property=\"og:site_name\" content=\"Ohis\" \/>\n<meta property=\"og:image\" content=\"https:\/\/www.ohis.be\/wp-content\/uploads\/2023\/10\/TR-30-chariot-motorise-a-roues.png\" \/>\n\t<meta property=\"og:image:width\" content=\"800\" \/>\n\t<meta property=\"og:image:height\" content=\"698\" \/>\n\t<meta property=\"og:image:type\" content=\"image\/png\" \/>\n<meta name=\"twitter:card\" content=\"summary_large_image\" \/>\n<script type=\"application\/ld+json\" class=\"yoast-schema-graph\">{\"@context\":\"https:\\\/\\\/schema.org\",\"@graph\":[{\"@type\":\"WebPage\",\"@id\":\"https:\\\/\\\/www.ohis.be\\\/de\\\/produit\\\/tr-30-radmotorwagen\\\/\",\"url\":\"https:\\\/\\\/www.ohis.be\\\/de\\\/produit\\\/tr-30-radmotorwagen\\\/\",\"name\":\"TR 30 - Radmotorwagen - Ohis\",\"isPartOf\":{\"@id\":\"https:\\\/\\\/www.ohis.be\\\/de\\\/#website\"},\"primaryImageOfPage\":{\"@id\":\"https:\\\/\\\/www.ohis.be\\\/de\\\/produit\\\/tr-30-radmotorwagen\\\/#primaryimage\"},\"image\":{\"@id\":\"https:\\\/\\\/www.ohis.be\\\/de\\\/produit\\\/tr-30-radmotorwagen\\\/#primaryimage\"},\"thumbnailUrl\":\"https:\\\/\\\/www.ohis.be\\\/wp-content\\\/uploads\\\/2023\\\/10\\\/TR-30-chariot-motorise-a-roues.png\",\"datePublished\":\"2023-10-12T18:26:42+00:00\",\"breadcrumb\":{\"@id\":\"https:\\\/\\\/www.ohis.be\\\/de\\\/produit\\\/tr-30-radmotorwagen\\\/#breadcrumb\"},\"inLanguage\":\"de\",\"potentialAction\":[{\"@type\":\"ReadAction\",\"target\":[\"https:\\\/\\\/www.ohis.be\\\/de\\\/produit\\\/tr-30-radmotorwagen\\\/\"]}]},{\"@type\":\"ImageObject\",\"inLanguage\":\"de\",\"@id\":\"https:\\\/\\\/www.ohis.be\\\/de\\\/produit\\\/tr-30-radmotorwagen\\\/#primaryimage\",\"url\":\"https:\\\/\\\/www.ohis.be\\\/wp-content\\\/uploads\\\/2023\\\/10\\\/TR-30-chariot-motorise-a-roues.png\",\"contentUrl\":\"https:\\\/\\\/www.ohis.be\\\/wp-content\\\/uploads\\\/2023\\\/10\\\/TR-30-chariot-motorise-a-roues.png\",\"width\":800,\"height\":698},{\"@type\":\"BreadcrumbList\",\"@id\":\"https:\\\/\\\/www.ohis.be\\\/de\\\/produit\\\/tr-30-radmotorwagen\\\/#breadcrumb\",\"itemListElement\":[{\"@type\":\"ListItem\",\"position\":1,\"name\":\"Accueil\",\"item\":\"https:\\\/\\\/www.ohis.be\\\/de\\\/\"},{\"@type\":\"ListItem\",\"position\":2,\"name\":\"Produkte\",\"item\":\"https:\\\/\\\/www.ohis.be\\\/de\\\/produkte\\\/\"},{\"@type\":\"ListItem\",\"position\":3,\"name\":\"TR 30 &#8211; Radmotorwagen\"}]},{\"@type\":\"WebSite\",\"@id\":\"https:\\\/\\\/www.ohis.be\\\/de\\\/#website\",\"url\":\"https:\\\/\\\/www.ohis.be\\\/de\\\/\",\"name\":\"Ohis\",\"description\":\"Outils de levage\",\"publisher\":{\"@id\":\"https:\\\/\\\/www.ohis.be\\\/de\\\/#organization\"},\"potentialAction\":[{\"@type\":\"SearchAction\",\"target\":{\"@type\":\"EntryPoint\",\"urlTemplate\":\"https:\\\/\\\/www.ohis.be\\\/de\\\/?s={search_term_string}\"},\"query-input\":{\"@type\":\"PropertyValueSpecification\",\"valueRequired\":true,\"valueName\":\"search_term_string\"}}],\"inLanguage\":\"de\"},{\"@type\":\"Organization\",\"@id\":\"https:\\\/\\\/www.ohis.be\\\/de\\\/#organization\",\"name\":\"Ohis\",\"url\":\"https:\\\/\\\/www.ohis.be\\\/de\\\/\",\"logo\":{\"@type\":\"ImageObject\",\"inLanguage\":\"de\",\"@id\":\"https:\\\/\\\/www.ohis.be\\\/de\\\/#\\\/schema\\\/logo\\\/image\\\/\",\"url\":\"https:\\\/\\\/www.ohis.be\\\/wp-content\\\/uploads\\\/2021\\\/02\\\/logo-ohis-wit.svg\",\"contentUrl\":\"https:\\\/\\\/www.ohis.be\\\/wp-content\\\/uploads\\\/2021\\\/02\\\/logo-ohis-wit.svg\",\"caption\":\"Ohis\"},\"image\":{\"@id\":\"https:\\\/\\\/www.ohis.be\\\/de\\\/#\\\/schema\\\/logo\\\/image\\\/\"}}]}<\/script>\n<!-- \/ Yoast SEO plugin. -->","yoast_head_json":{"title":"TR 30 - Radmotorwagen - Ohis","robots":{"index":"index","follow":"follow","max-snippet":"max-snippet:-1","max-image-preview":"max-image-preview:large","max-video-preview":"max-video-preview:-1"},"canonical":"https:\/\/www.ohis.be\/de\/produit\/tr-30-radmotorwagen\/","og_locale":"de_DE","og_type":"article","og_title":"TR 30 - Radmotorwagen - Ohis","og_description":"Der industrielle Radmotorwagen TR30 von Zallys ist die ideale L\u00f6sung, um die manuelle Handhabung von Lasten zu vermeiden.   f\u00fcr Lasten bis 300 kg  mit pneumatischen R\u00e4dern f\u00fcr den Innen- und Au\u00dfenbereich  Taste zur 5-Gang-Einstellung  breite Auswahl an Standard- oder anpassbaren Plattformen auf Anfrage  Zubeh\u00f6rteile:   Plattform 830 x 1250 x 185 mm  Befestigungskit komplett f\u00fcr Plattform  Pritsche 695x1250xh230 mm  Plattform 800x1250xh630 mm  Not-Aus  Digital Betriebsstundenz\u00e4hler  Key-Pad  Richtungsradschutz  Kontaktieren Sie uns f\u00fcr eine Demo dieser Maschine bei Ihnen vor Ort.","og_url":"https:\/\/www.ohis.be\/de\/produit\/tr-30-radmotorwagen\/","og_site_name":"Ohis","og_image":[{"width":800,"height":698,"url":"https:\/\/www.ohis.be\/wp-content\/uploads\/2023\/10\/TR-30-chariot-motorise-a-roues.png","type":"image\/png"}],"twitter_card":"summary_large_image","schema":{"@context":"https:\/\/schema.org","@graph":[{"@type":"WebPage","@id":"https:\/\/www.ohis.be\/de\/produit\/tr-30-radmotorwagen\/","url":"https:\/\/www.ohis.be\/de\/produit\/tr-30-radmotorwagen\/","name":"TR 30 - Radmotorwagen - Ohis","isPartOf":{"@id":"https:\/\/www.ohis.be\/de\/#website"},"primaryImageOfPage":{"@id":"https:\/\/www.ohis.be\/de\/produit\/tr-30-radmotorwagen\/#primaryimage"},"image":{"@id":"https:\/\/www.ohis.be\/de\/produit\/tr-30-radmotorwagen\/#primaryimage"},"thumbnailUrl":"https:\/\/www.ohis.be\/wp-content\/uploads\/2023\/10\/TR-30-chariot-motorise-a-roues.png","datePublished":"2023-10-12T18:26:42+00:00","breadcrumb":{"@id":"https:\/\/www.ohis.be\/de\/produit\/tr-30-radmotorwagen\/#breadcrumb"},"inLanguage":"de","potentialAction":[{"@type":"ReadAction","target":["https:\/\/www.ohis.be\/de\/produit\/tr-30-radmotorwagen\/"]}]},{"@type":"ImageObject","inLanguage":"de","@id":"https:\/\/www.ohis.be\/de\/produit\/tr-30-radmotorwagen\/#primaryimage","url":"https:\/\/www.ohis.be\/wp-content\/uploads\/2023\/10\/TR-30-chariot-motorise-a-roues.png","contentUrl":"https:\/\/www.ohis.be\/wp-content\/uploads\/2023\/10\/TR-30-chariot-motorise-a-roues.png","width":800,"height":698},{"@type":"BreadcrumbList","@id":"https:\/\/www.ohis.be\/de\/produit\/tr-30-radmotorwagen\/#breadcrumb","itemListElement":[{"@type":"ListItem","position":1,"name":"Accueil","item":"https:\/\/www.ohis.be\/de\/"},{"@type":"ListItem","position":2,"name":"Produkte","item":"https:\/\/www.ohis.be\/de\/produkte\/"},{"@type":"ListItem","position":3,"name":"TR 30 &#8211; Radmotorwagen"}]},{"@type":"WebSite","@id":"https:\/\/www.ohis.be\/de\/#website","url":"https:\/\/www.ohis.be\/de\/","name":"Ohis","description":"Outils de levage","publisher":{"@id":"https:\/\/www.ohis.be\/de\/#organization"},"potentialAction":[{"@type":"SearchAction","target":{"@type":"EntryPoint","urlTemplate":"https:\/\/www.ohis.be\/de\/?s={search_term_string}"},"query-input":{"@type":"PropertyValueSpecification","valueRequired":true,"valueName":"search_term_string"}}],"inLanguage":"de"},{"@type":"Organization","@id":"https:\/\/www.ohis.be\/de\/#organization","name":"Ohis","url":"https:\/\/www.ohis.be\/de\/","logo":{"@type":"ImageObject","inLanguage":"de","@id":"https:\/\/www.ohis.be\/de\/#\/schema\/logo\/image\/","url":"https:\/\/www.ohis.be\/wp-content\/uploads\/2021\/02\/logo-ohis-wit.svg","contentUrl":"https:\/\/www.ohis.be\/wp-content\/uploads\/2021\/02\/logo-ohis-wit.svg","caption":"Ohis"},"image":{"@id":"https:\/\/www.ohis.be\/de\/#\/schema\/logo\/image\/"}}]}},"_links":{"self":[{"href":"https:\/\/www.ohis.be\/de\/wp-json\/wp\/v2\/product\/39691","targetHints":{"allow":["GET"]}}],"collection":[{"href":"https:\/\/www.ohis.be\/de\/wp-json\/wp\/v2\/product"}],"about":[{"href":"https:\/\/www.ohis.be\/de\/wp-json\/wp\/v2\/types\/product"}],"wp:featuredmedia":[{"embeddable":true,"href":"https:\/\/www.ohis.be\/de\/wp-json\/wp\/v2\/media\/38730"}],"wp:attachment":[{"href":"https:\/\/www.ohis.be\/de\/wp-json\/wp\/v2\/media?parent=39691"}],"wp:term":[{"taxonomy":"product_brand","embeddable":true,"href":"https:\/\/www.ohis.be\/de\/wp-json\/wp\/v2\/product_brand?post=39691"},{"taxonomy":"product_cat","embeddable":true,"href":"https:\/\/www.ohis.be\/de\/wp-json\/wp\/v2\/product_cat?post=39691"},{"taxonomy":"product_tag","embeddable":true,"href":"https:\/\/www.ohis.be\/de\/wp-json\/wp\/v2\/product_tag?post=39691"}],"curies":[{"name":"wp","href":"https:\/\/api.w.org\/{rel}","templated":true}]}}