{"id":39681,"date":"2023-10-10T15:26:29","date_gmt":"2023-10-10T13:26:29","guid":{"rendered":"https:\/\/www.ohis.be\/produit\/m10-industrielle-elektro-deichsel-schlepper\/"},"modified":"2023-10-10T15:26:29","modified_gmt":"2023-10-10T13:26:29","slug":"m10-industrielle-elektro-deichsel-schlepper","status":"publish","type":"product","link":"https:\/\/www.ohis.be\/de\/produit\/m10-industrielle-elektro-deichsel-schlepper\/","title":{"rendered":"M10 &#8211; Industrielle Elektro-Deichsel-Schlepper"},"content":{"rendered":"<div class=\"descrizione text-lg mb-5\">\n<p>Der industrielle Elektro Deichselschlepper M10 ist die ideale L\u00f6sung, um die manuelle Handhabung schwerer Lasten zu vermeiden.<\/p>\n<ul>\n<li>f\u00fcr Lasten bis 10.000 kg (15.000 mit Upgrade)<\/li>\n<li>Atex- und IECEx-Zertifizierung f\u00fcr den Einsatz in potenziell gef\u00e4hrlichen und explosiven Umgebungen verf\u00fcgbar.<\/li>\n<li>vielseitig und kompakt<\/li>\n<li>mit pneumatischen R\u00e4dern f\u00fcr den Innen- und Au\u00dfenbereich<\/li>\n<li>Taste zur 5-Gang-Einstellung<\/li>\n<li>Lenkgeschwindigkeitsreduzierer (optional)<\/li>\n<li>gro\u00dfe Auswahl an Standardkupplungen oder kundenspezifischen Kupplungen auf Anfrage<\/li>\n<\/ul>\n<p>Zubeh\u00f6rteile:<\/p>\n<ul>\n<li>MAX 16 Stk. &#8211; 17 kg Gegengewicht<\/li>\n<li>Anschluss-Set f\u00fcr hintere Gegengewicht<\/li>\n<li>MAX 20 Stk. &#8211; 22 kg seitilischer Gegengewicht<\/li>\n<li>Gegengewicht Anschluss-Set<\/li>\n<li>Montageplatte f\u00fcr Haken<\/li>\n<li>Kugelkopf-\/Stiftkupplung \u00d820-25<\/li>\n<li>Haken mit Stift \u00d835 mm<\/li>\n<li>Haken mit Stift \u00d840 mm<\/li>\n<li>Haken mit Stift \u00d850 mm<\/li>\n<li>Schiebehaken<\/li>\n<li>Haken mit hydraulischem Hubsystem<\/li>\n<li>Konfigurationssatz f\u00fcr hydraulische Kupplung<\/li>\n<li>Handpumpe mit 1,2 Lt. Tank<\/li>\n<li>Montagesatz f\u00fcr Hydraulikpumpe an M-Serien<\/li>\n<li>Schwenkhaken hydraulisch<\/li>\n<li>Verst\u00e4rkte hydraulischer Klemmhaken<\/li>\n<li>Teleskopstange mit LED Rundumleuchte<\/li>\n<li>seitliche Fahrsteuerung vorw\u00e4rts-\/r\u00fcckw\u00e4rts<\/li>\n<li>Not-Aus<\/li>\n<li>Digital Betriebsstundenz\u00e4hler<\/li>\n<li>Key-Pad<\/li>\n<li>Antriebsr\u00e4der<\/li>\n<li>Richtungsradschutz<\/li>\n<\/ul>\n<p>&nbsp;<\/p>\n<\/div>\n<p>Kontaktieren Sie uns f\u00fcr eine Demo dieser Maschine in Ihrem Unternehmen.<\/p>\n","protected":false},"excerpt":{"rendered":"<p>Der industrielle Elektro Deichselschlepper M10 ist die ideale L\u00f6sung, um die manuelle Handhabung schwerer Lasten zu vermeiden.<\/p>\n<p>f\u00fcr Lasten bis 10.000 kg (15.000 mit Upgrade)<br \/>\nAtex- und IECEx-Zertifizierung f\u00fcr den Einsatz in potenziell gef\u00e4hrlichen und explosiven Umgebungen verf\u00fcgbar.<br \/>\nvielseitig und kompakt<br \/>\nmit pneumatischen R\u00e4dern f\u00fcr den Innen- und Au\u00dfenbereich<br \/>\nTaste zur 5-Gang-Einstellung<br \/>\nLenkgeschwindigkeitsreduzierer (optional)<br \/>\ngro\u00dfe Auswahl an Standardkupplungen oder kundenspezifischen Kupplungen auf Anfrage<\/p>\n<p>Zubeh\u00f6rteile:<\/p>\n<p>MAX 16 Stk. &#8211; 17 kg Gegengewicht<br \/>\nAnschluss-Set f\u00fcr hintere Gegengewicht<br \/>\nMAX 20 Stk. &#8211; 22 kg seitilischer Gegengewicht<br \/>\nGegengewicht Anschluss-Set<br \/>\nMontageplatte f\u00fcr Haken<br \/>\nKugelkopf-\/Stiftkupplung \u00d820-25<br \/>\nHaken mit Stift \u00d835 mm<br \/>\nHaken mit Stift \u00d840 mm<br \/>\nHaken mit Stift \u00d850 mm<br \/>\nSchiebehaken<br \/>\nHaken mit hydraulischem Hubsystem<br \/>\nKonfigurationssatz f\u00fcr hydraulische Kupplung<br \/>\nHandpumpe mit 1,2 Lt. Tank<br \/>\nMontagesatz f\u00fcr Hydraulikpumpe an M-Serien<br \/>\nSchwenkhaken hydraulisch<br \/>\nVerst\u00e4rkte hydraulischer Klemmhaken<br \/>\nTeleskopstange mit LED Rundumleuchte<br \/>\nseitliche Fahrsteuerung vorw\u00e4rts-\/r\u00fcckw\u00e4rts<br \/>\nNot-Aus<br \/>\nDigital Betriebsstundenz\u00e4hler<br \/>\nKey-Pad<br \/>\nAntriebsr\u00e4der<br \/>\nRichtungsradschutz<\/p>\n<p>Kontaktieren Sie uns f\u00fcr eine Demo dieser Maschine in Ihrem Unternehmen.<\/p>\n","protected":false},"featured_media":38284,"template":"","meta":{"_acf_changed":false,"inline_featured_image":false},"product_brand":[],"product_cat":[3851],"product_tag":[],"class_list":{"0":"post-39681","1":"product","2":"type-product","3":"status-publish","4":"has-post-thumbnail","6":"product_cat-schlepper","7":"yith_product_brand-zallys-de","9":"first","10":"instock","11":"taxable","12":"shipping-taxable","13":"product-type-simple"},"acf":[],"yoast_head":"<!-- This site is optimized with the Yoast SEO plugin v27.5 - https:\/\/yoast.com\/product\/yoast-seo-wordpress\/ -->\n<title>M10 - Industrielle Elektro-Deichsel-Schlepper - Ohis<\/title>\n<meta name=\"robots\" content=\"index, follow, max-snippet:-1, max-image-preview:large, max-video-preview:-1\" \/>\n<link rel=\"canonical\" href=\"https:\/\/www.ohis.be\/de\/produit\/m10-industrielle-elektro-deichsel-schlepper\/\" \/>\n<meta property=\"og:locale\" content=\"de_DE\" \/>\n<meta property=\"og:type\" content=\"article\" \/>\n<meta property=\"og:title\" content=\"M10 - Industrielle Elektro-Deichsel-Schlepper - Ohis\" \/>\n<meta property=\"og:description\" content=\"Der industrielle Elektro Deichselschlepper M10 ist die ideale L\u00f6sung, um die manuelle Handhabung schwerer Lasten zu vermeiden.  f\u00fcr Lasten bis 10.000 kg (15.000 mit Upgrade) Atex- und IECEx-Zertifizierung f\u00fcr den Einsatz in potenziell gef\u00e4hrlichen und explosiven Umgebungen verf\u00fcgbar. vielseitig und kompakt mit pneumatischen R\u00e4dern f\u00fcr den Innen- und Au\u00dfenbereich Taste zur 5-Gang-Einstellung Lenkgeschwindigkeitsreduzierer (optional) gro\u00dfe Auswahl an Standardkupplungen oder kundenspezifischen Kupplungen auf Anfrage  Zubeh\u00f6rteile:  MAX 16 Stk. - 17 kg Gegengewicht Anschluss-Set f\u00fcr hintere Gegengewicht MAX 20 Stk. - 22 kg seitilischer Gegengewicht Gegengewicht Anschluss-Set Montageplatte f\u00fcr Haken Kugelkopf-\/Stiftkupplung \u00d820-25 Haken mit Stift \u00d835 mm Haken mit Stift \u00d840 mm Haken mit Stift \u00d850 mm Schiebehaken Haken mit hydraulischem Hubsystem Konfigurationssatz f\u00fcr hydraulische Kupplung Handpumpe mit 1,2 Lt. Tank Montagesatz f\u00fcr Hydraulikpumpe an M-Serien Schwenkhaken hydraulisch Verst\u00e4rkte hydraulischer Klemmhaken Teleskopstange mit LED Rundumleuchte seitliche Fahrsteuerung vorw\u00e4rts-\/r\u00fcckw\u00e4rts Not-Aus Digital Betriebsstundenz\u00e4hler Key-Pad Antriebsr\u00e4der Richtungsradschutz     Kontaktieren Sie uns f\u00fcr eine Demo dieser Maschine in Ihrem Unternehmen.\" \/>\n<meta property=\"og:url\" content=\"https:\/\/www.ohis.be\/de\/produit\/m10-industrielle-elektro-deichsel-schlepper\/\" \/>\n<meta property=\"og:site_name\" content=\"Ohis\" \/>\n<meta property=\"og:image\" content=\"https:\/\/www.ohis.be\/wp-content\/uploads\/2023\/10\/M10-Tireur-pousseur-electrique.jpg\" \/>\n\t<meta property=\"og:image:width\" content=\"600\" \/>\n\t<meta property=\"og:image:height\" content=\"600\" \/>\n\t<meta property=\"og:image:type\" content=\"image\/jpeg\" \/>\n<meta name=\"twitter:card\" content=\"summary_large_image\" \/>\n<meta name=\"twitter:label1\" content=\"Gesch\u00e4tzte Lesezeit\" \/>\n\t<meta name=\"twitter:data1\" content=\"1\u00a0Minute\" \/>\n<script type=\"application\/ld+json\" class=\"yoast-schema-graph\">{\"@context\":\"https:\\\/\\\/schema.org\",\"@graph\":[{\"@type\":\"WebPage\",\"@id\":\"https:\\\/\\\/www.ohis.be\\\/de\\\/produit\\\/m10-industrielle-elektro-deichsel-schlepper\\\/\",\"url\":\"https:\\\/\\\/www.ohis.be\\\/de\\\/produit\\\/m10-industrielle-elektro-deichsel-schlepper\\\/\",\"name\":\"M10 - Industrielle Elektro-Deichsel-Schlepper - Ohis\",\"isPartOf\":{\"@id\":\"https:\\\/\\\/www.ohis.be\\\/de\\\/#website\"},\"primaryImageOfPage\":{\"@id\":\"https:\\\/\\\/www.ohis.be\\\/de\\\/produit\\\/m10-industrielle-elektro-deichsel-schlepper\\\/#primaryimage\"},\"image\":{\"@id\":\"https:\\\/\\\/www.ohis.be\\\/de\\\/produit\\\/m10-industrielle-elektro-deichsel-schlepper\\\/#primaryimage\"},\"thumbnailUrl\":\"https:\\\/\\\/www.ohis.be\\\/wp-content\\\/uploads\\\/2023\\\/10\\\/M10-Tireur-pousseur-electrique.jpg\",\"datePublished\":\"2023-10-10T13:26:29+00:00\",\"breadcrumb\":{\"@id\":\"https:\\\/\\\/www.ohis.be\\\/de\\\/produit\\\/m10-industrielle-elektro-deichsel-schlepper\\\/#breadcrumb\"},\"inLanguage\":\"de\",\"potentialAction\":[{\"@type\":\"ReadAction\",\"target\":[\"https:\\\/\\\/www.ohis.be\\\/de\\\/produit\\\/m10-industrielle-elektro-deichsel-schlepper\\\/\"]}]},{\"@type\":\"ImageObject\",\"inLanguage\":\"de\",\"@id\":\"https:\\\/\\\/www.ohis.be\\\/de\\\/produit\\\/m10-industrielle-elektro-deichsel-schlepper\\\/#primaryimage\",\"url\":\"https:\\\/\\\/www.ohis.be\\\/wp-content\\\/uploads\\\/2023\\\/10\\\/M10-Tireur-pousseur-electrique.jpg\",\"contentUrl\":\"https:\\\/\\\/www.ohis.be\\\/wp-content\\\/uploads\\\/2023\\\/10\\\/M10-Tireur-pousseur-electrique.jpg\",\"width\":600,\"height\":600,\"caption\":\"M10 - Industrielle Elektro-Deichsel-Schlepper\"},{\"@type\":\"BreadcrumbList\",\"@id\":\"https:\\\/\\\/www.ohis.be\\\/de\\\/produit\\\/m10-industrielle-elektro-deichsel-schlepper\\\/#breadcrumb\",\"itemListElement\":[{\"@type\":\"ListItem\",\"position\":1,\"name\":\"Accueil\",\"item\":\"https:\\\/\\\/www.ohis.be\\\/de\\\/\"},{\"@type\":\"ListItem\",\"position\":2,\"name\":\"Produkte\",\"item\":\"https:\\\/\\\/www.ohis.be\\\/de\\\/produkte\\\/\"},{\"@type\":\"ListItem\",\"position\":3,\"name\":\"M10 &#8211; Industrielle Elektro-Deichsel-Schlepper\"}]},{\"@type\":\"WebSite\",\"@id\":\"https:\\\/\\\/www.ohis.be\\\/de\\\/#website\",\"url\":\"https:\\\/\\\/www.ohis.be\\\/de\\\/\",\"name\":\"Ohis\",\"description\":\"Outils de levage\",\"publisher\":{\"@id\":\"https:\\\/\\\/www.ohis.be\\\/de\\\/#organization\"},\"potentialAction\":[{\"@type\":\"SearchAction\",\"target\":{\"@type\":\"EntryPoint\",\"urlTemplate\":\"https:\\\/\\\/www.ohis.be\\\/de\\\/?s={search_term_string}\"},\"query-input\":{\"@type\":\"PropertyValueSpecification\",\"valueRequired\":true,\"valueName\":\"search_term_string\"}}],\"inLanguage\":\"de\"},{\"@type\":\"Organization\",\"@id\":\"https:\\\/\\\/www.ohis.be\\\/de\\\/#organization\",\"name\":\"Ohis\",\"url\":\"https:\\\/\\\/www.ohis.be\\\/de\\\/\",\"logo\":{\"@type\":\"ImageObject\",\"inLanguage\":\"de\",\"@id\":\"https:\\\/\\\/www.ohis.be\\\/de\\\/#\\\/schema\\\/logo\\\/image\\\/\",\"url\":\"https:\\\/\\\/www.ohis.be\\\/wp-content\\\/uploads\\\/2021\\\/02\\\/logo-ohis-wit.svg\",\"contentUrl\":\"https:\\\/\\\/www.ohis.be\\\/wp-content\\\/uploads\\\/2021\\\/02\\\/logo-ohis-wit.svg\",\"caption\":\"Ohis\"},\"image\":{\"@id\":\"https:\\\/\\\/www.ohis.be\\\/de\\\/#\\\/schema\\\/logo\\\/image\\\/\"}}]}<\/script>\n<!-- \/ Yoast SEO plugin. -->","yoast_head_json":{"title":"M10 - Industrielle Elektro-Deichsel-Schlepper - Ohis","robots":{"index":"index","follow":"follow","max-snippet":"max-snippet:-1","max-image-preview":"max-image-preview:large","max-video-preview":"max-video-preview:-1"},"canonical":"https:\/\/www.ohis.be\/de\/produit\/m10-industrielle-elektro-deichsel-schlepper\/","og_locale":"de_DE","og_type":"article","og_title":"M10 - Industrielle Elektro-Deichsel-Schlepper - Ohis","og_description":"Der industrielle Elektro Deichselschlepper M10 ist die ideale L\u00f6sung, um die manuelle Handhabung schwerer Lasten zu vermeiden.  f\u00fcr Lasten bis 10.000 kg (15.000 mit Upgrade) Atex- und IECEx-Zertifizierung f\u00fcr den Einsatz in potenziell gef\u00e4hrlichen und explosiven Umgebungen verf\u00fcgbar. vielseitig und kompakt mit pneumatischen R\u00e4dern f\u00fcr den Innen- und Au\u00dfenbereich Taste zur 5-Gang-Einstellung Lenkgeschwindigkeitsreduzierer (optional) gro\u00dfe Auswahl an Standardkupplungen oder kundenspezifischen Kupplungen auf Anfrage  Zubeh\u00f6rteile:  MAX 16 Stk. - 17 kg Gegengewicht Anschluss-Set f\u00fcr hintere Gegengewicht MAX 20 Stk. - 22 kg seitilischer Gegengewicht Gegengewicht Anschluss-Set Montageplatte f\u00fcr Haken Kugelkopf-\/Stiftkupplung \u00d820-25 Haken mit Stift \u00d835 mm Haken mit Stift \u00d840 mm Haken mit Stift \u00d850 mm Schiebehaken Haken mit hydraulischem Hubsystem Konfigurationssatz f\u00fcr hydraulische Kupplung Handpumpe mit 1,2 Lt. Tank Montagesatz f\u00fcr Hydraulikpumpe an M-Serien Schwenkhaken hydraulisch Verst\u00e4rkte hydraulischer Klemmhaken Teleskopstange mit LED Rundumleuchte seitliche Fahrsteuerung vorw\u00e4rts-\/r\u00fcckw\u00e4rts Not-Aus Digital Betriebsstundenz\u00e4hler Key-Pad Antriebsr\u00e4der Richtungsradschutz     Kontaktieren Sie uns f\u00fcr eine Demo dieser Maschine in Ihrem Unternehmen.","og_url":"https:\/\/www.ohis.be\/de\/produit\/m10-industrielle-elektro-deichsel-schlepper\/","og_site_name":"Ohis","og_image":[{"width":600,"height":600,"url":"https:\/\/www.ohis.be\/wp-content\/uploads\/2023\/10\/M10-Tireur-pousseur-electrique.jpg","type":"image\/jpeg"}],"twitter_card":"summary_large_image","twitter_misc":{"Gesch\u00e4tzte Lesezeit":"1\u00a0Minute"},"schema":{"@context":"https:\/\/schema.org","@graph":[{"@type":"WebPage","@id":"https:\/\/www.ohis.be\/de\/produit\/m10-industrielle-elektro-deichsel-schlepper\/","url":"https:\/\/www.ohis.be\/de\/produit\/m10-industrielle-elektro-deichsel-schlepper\/","name":"M10 - Industrielle Elektro-Deichsel-Schlepper - Ohis","isPartOf":{"@id":"https:\/\/www.ohis.be\/de\/#website"},"primaryImageOfPage":{"@id":"https:\/\/www.ohis.be\/de\/produit\/m10-industrielle-elektro-deichsel-schlepper\/#primaryimage"},"image":{"@id":"https:\/\/www.ohis.be\/de\/produit\/m10-industrielle-elektro-deichsel-schlepper\/#primaryimage"},"thumbnailUrl":"https:\/\/www.ohis.be\/wp-content\/uploads\/2023\/10\/M10-Tireur-pousseur-electrique.jpg","datePublished":"2023-10-10T13:26:29+00:00","breadcrumb":{"@id":"https:\/\/www.ohis.be\/de\/produit\/m10-industrielle-elektro-deichsel-schlepper\/#breadcrumb"},"inLanguage":"de","potentialAction":[{"@type":"ReadAction","target":["https:\/\/www.ohis.be\/de\/produit\/m10-industrielle-elektro-deichsel-schlepper\/"]}]},{"@type":"ImageObject","inLanguage":"de","@id":"https:\/\/www.ohis.be\/de\/produit\/m10-industrielle-elektro-deichsel-schlepper\/#primaryimage","url":"https:\/\/www.ohis.be\/wp-content\/uploads\/2023\/10\/M10-Tireur-pousseur-electrique.jpg","contentUrl":"https:\/\/www.ohis.be\/wp-content\/uploads\/2023\/10\/M10-Tireur-pousseur-electrique.jpg","width":600,"height":600,"caption":"M10 - Industrielle Elektro-Deichsel-Schlepper"},{"@type":"BreadcrumbList","@id":"https:\/\/www.ohis.be\/de\/produit\/m10-industrielle-elektro-deichsel-schlepper\/#breadcrumb","itemListElement":[{"@type":"ListItem","position":1,"name":"Accueil","item":"https:\/\/www.ohis.be\/de\/"},{"@type":"ListItem","position":2,"name":"Produkte","item":"https:\/\/www.ohis.be\/de\/produkte\/"},{"@type":"ListItem","position":3,"name":"M10 &#8211; Industrielle Elektro-Deichsel-Schlepper"}]},{"@type":"WebSite","@id":"https:\/\/www.ohis.be\/de\/#website","url":"https:\/\/www.ohis.be\/de\/","name":"Ohis","description":"Outils de levage","publisher":{"@id":"https:\/\/www.ohis.be\/de\/#organization"},"potentialAction":[{"@type":"SearchAction","target":{"@type":"EntryPoint","urlTemplate":"https:\/\/www.ohis.be\/de\/?s={search_term_string}"},"query-input":{"@type":"PropertyValueSpecification","valueRequired":true,"valueName":"search_term_string"}}],"inLanguage":"de"},{"@type":"Organization","@id":"https:\/\/www.ohis.be\/de\/#organization","name":"Ohis","url":"https:\/\/www.ohis.be\/de\/","logo":{"@type":"ImageObject","inLanguage":"de","@id":"https:\/\/www.ohis.be\/de\/#\/schema\/logo\/image\/","url":"https:\/\/www.ohis.be\/wp-content\/uploads\/2021\/02\/logo-ohis-wit.svg","contentUrl":"https:\/\/www.ohis.be\/wp-content\/uploads\/2021\/02\/logo-ohis-wit.svg","caption":"Ohis"},"image":{"@id":"https:\/\/www.ohis.be\/de\/#\/schema\/logo\/image\/"}}]}},"_links":{"self":[{"href":"https:\/\/www.ohis.be\/de\/wp-json\/wp\/v2\/product\/39681","targetHints":{"allow":["GET"]}}],"collection":[{"href":"https:\/\/www.ohis.be\/de\/wp-json\/wp\/v2\/product"}],"about":[{"href":"https:\/\/www.ohis.be\/de\/wp-json\/wp\/v2\/types\/product"}],"wp:featuredmedia":[{"embeddable":true,"href":"https:\/\/www.ohis.be\/de\/wp-json\/wp\/v2\/media\/38284"}],"wp:attachment":[{"href":"https:\/\/www.ohis.be\/de\/wp-json\/wp\/v2\/media?parent=39681"}],"wp:term":[{"taxonomy":"product_brand","embeddable":true,"href":"https:\/\/www.ohis.be\/de\/wp-json\/wp\/v2\/product_brand?post=39681"},{"taxonomy":"product_cat","embeddable":true,"href":"https:\/\/www.ohis.be\/de\/wp-json\/wp\/v2\/product_cat?post=39681"},{"taxonomy":"product_tag","embeddable":true,"href":"https:\/\/www.ohis.be\/de\/wp-json\/wp\/v2\/product_tag?post=39681"}],"curies":[{"name":"wp","href":"https:\/\/api.w.org\/{rel}","templated":true}]}}