{"id":39678,"date":"2023-10-08T14:12:45","date_gmt":"2023-10-08T12:12:45","guid":{"rendered":"https:\/\/www.ohis.be\/produit\/jay-800-elektrofahrzeug-fur-den-weinbau\/"},"modified":"2025-10-01T22:56:08","modified_gmt":"2025-10-01T20:56:08","slug":"jay-800-elektrofahrzeug-fur-den-weinbau","status":"publish","type":"product","link":"https:\/\/www.ohis.be\/de\/produit\/jay-800-elektrofahrzeug-fur-den-weinbau\/","title":{"rendered":"JAY 800 &#8211; Elektrofahrzeug f\u00fcr den Weinbau"},"content":{"rendered":"<p>JAY 800 &#8211; Elektrofahrzeug f\u00fcr den Weinbau<\/p>\n<p>Elektrofahrzeug f\u00fcr den Weinbau Zallys Jay 800 ist die ideale L\u00f6sung f\u00fcr das Beschneiden und Ernte im Agrarbereich. Zallys Jay 800 ist das \u00f6kologische und professionelle Fahrzeug, um die Weinberge einfacher zu bearbeiten.<\/p>\n<ul>\n<li>vielseitig und ergonomisch<\/li>\n<li>schmaler Wenderadius<\/li>\n<li>mit pneumatischen R\u00e4dern f\u00fcr den Au\u00dfenbereich<\/li>\n<li>Sitzdrehung um 360 \u00b0<\/li>\n<li>gro\u00dfe Auswahl an Standardzubeh\u00f6r oder auf Anfrage anpassbar<\/li>\n<\/ul>\n","protected":false},"excerpt":{"rendered":"<p>JAY 800 &#8211; Elektrofahrzeug f\u00fcr den Weinbau<\/p>\n<p>Elektrofahrzeug f\u00fcr den Weinbau Zallys Jay 800 ist die ideale L\u00f6sung f\u00fcr das Beschneiden und Ernte im Agrarbereich. Zallys Jay 800 ist das \u00f6kologische und professionelle Fahrzeug, um die Weinberge einfacher zu bearbeiten.<\/p>\n<ul>\n<li>vielseitig und ergonomisch<\/li>\n<li>schmaler Wenderadius<\/li>\n<li>mit pneumatischen R\u00e4dern f\u00fcr den Au\u00dfenbereich<\/li>\n<li>Sitzdrehung um 360 \u00b0<\/li>\n<li>gro\u00dfe Auswahl an Standardzubeh\u00f6r oder auf Anfrage anpassbar<\/li>\n<\/ul>\n","protected":false},"featured_media":38230,"template":"","meta":{"_acf_changed":false,"inline_featured_image":false},"product_brand":[],"product_cat":[3842],"product_tag":[],"class_list":{"0":"post-39678","1":"product","2":"type-product","3":"status-publish","4":"has-post-thumbnail","6":"product_cat-personentransporter","7":"yith_product_brand-zallys-de","9":"first","10":"instock","11":"taxable","12":"shipping-taxable","13":"purchasable","14":"product-type-simple"},"acf":[],"yoast_head":"<!-- This site is optimized with the Yoast SEO plugin v27.5 - https:\/\/yoast.com\/product\/yoast-seo-wordpress\/ -->\n<title>JAY 800 - Elektrofahrzeug f\u00fcr den Weinbau - Ohis<\/title>\n<meta name=\"robots\" content=\"index, follow, max-snippet:-1, max-image-preview:large, max-video-preview:-1\" \/>\n<link rel=\"canonical\" href=\"https:\/\/www.ohis.be\/de\/produit\/jay-800-elektrofahrzeug-fur-den-weinbau\/\" \/>\n<meta property=\"og:locale\" content=\"de_DE\" \/>\n<meta property=\"og:type\" content=\"article\" \/>\n<meta property=\"og:title\" content=\"JAY 800 - Elektrofahrzeug f\u00fcr den Weinbau - Ohis\" \/>\n<meta property=\"og:description\" content=\"JAY 800 - Elektrofahrzeug f\u00fcr den Weinbau Elektrofahrzeug f\u00fcr den Weinbau Zallys Jay 800 ist die ideale L\u00f6sung f\u00fcr das Beschneiden und Ernte im Agrarbereich. Zallys Jay 800 ist das \u00f6kologische und professionelle Fahrzeug, um die Weinberge einfacher zu bearbeiten.  vielseitig und ergonomisch schmaler Wenderadius mit pneumatischen R\u00e4dern f\u00fcr den Au\u00dfenbereich Sitzdrehung um 360 \u00b0 gro\u00dfe Auswahl an Standardzubeh\u00f6r oder auf Anfrage anpassbar\" \/>\n<meta property=\"og:url\" content=\"https:\/\/www.ohis.be\/de\/produit\/jay-800-elektrofahrzeug-fur-den-weinbau\/\" \/>\n<meta property=\"og:site_name\" content=\"Ohis\" \/>\n<meta property=\"article:modified_time\" content=\"2025-10-01T20:56:08+00:00\" \/>\n<meta property=\"og:image\" content=\"https:\/\/www.ohis.be\/wp-content\/uploads\/2023\/10\/Jay-800.png\" \/>\n\t<meta property=\"og:image:width\" content=\"600\" \/>\n\t<meta property=\"og:image:height\" content=\"480\" \/>\n\t<meta property=\"og:image:type\" content=\"image\/png\" \/>\n<meta name=\"twitter:card\" content=\"summary_large_image\" \/>\n<script type=\"application\/ld+json\" class=\"yoast-schema-graph\">{\"@context\":\"https:\\\/\\\/schema.org\",\"@graph\":[{\"@type\":\"WebPage\",\"@id\":\"https:\\\/\\\/www.ohis.be\\\/de\\\/produit\\\/jay-800-elektrofahrzeug-fur-den-weinbau\\\/\",\"url\":\"https:\\\/\\\/www.ohis.be\\\/de\\\/produit\\\/jay-800-elektrofahrzeug-fur-den-weinbau\\\/\",\"name\":\"JAY 800 - Elektrofahrzeug f\u00fcr den Weinbau - Ohis\",\"isPartOf\":{\"@id\":\"https:\\\/\\\/www.ohis.be\\\/de\\\/#website\"},\"primaryImageOfPage\":{\"@id\":\"https:\\\/\\\/www.ohis.be\\\/de\\\/produit\\\/jay-800-elektrofahrzeug-fur-den-weinbau\\\/#primaryimage\"},\"image\":{\"@id\":\"https:\\\/\\\/www.ohis.be\\\/de\\\/produit\\\/jay-800-elektrofahrzeug-fur-den-weinbau\\\/#primaryimage\"},\"thumbnailUrl\":\"https:\\\/\\\/www.ohis.be\\\/wp-content\\\/uploads\\\/2023\\\/10\\\/Jay-800.png\",\"datePublished\":\"2023-10-08T12:12:45+00:00\",\"dateModified\":\"2025-10-01T20:56:08+00:00\",\"breadcrumb\":{\"@id\":\"https:\\\/\\\/www.ohis.be\\\/de\\\/produit\\\/jay-800-elektrofahrzeug-fur-den-weinbau\\\/#breadcrumb\"},\"inLanguage\":\"de\",\"potentialAction\":[{\"@type\":\"ReadAction\",\"target\":[\"https:\\\/\\\/www.ohis.be\\\/de\\\/produit\\\/jay-800-elektrofahrzeug-fur-den-weinbau\\\/\"]}]},{\"@type\":\"ImageObject\",\"inLanguage\":\"de\",\"@id\":\"https:\\\/\\\/www.ohis.be\\\/de\\\/produit\\\/jay-800-elektrofahrzeug-fur-den-weinbau\\\/#primaryimage\",\"url\":\"https:\\\/\\\/www.ohis.be\\\/wp-content\\\/uploads\\\/2023\\\/10\\\/Jay-800.png\",\"contentUrl\":\"https:\\\/\\\/www.ohis.be\\\/wp-content\\\/uploads\\\/2023\\\/10\\\/Jay-800.png\",\"width\":600,\"height\":480,\"caption\":\"Elektrofahrzeug f\u00fcr den Weinbau\"},{\"@type\":\"BreadcrumbList\",\"@id\":\"https:\\\/\\\/www.ohis.be\\\/de\\\/produit\\\/jay-800-elektrofahrzeug-fur-den-weinbau\\\/#breadcrumb\",\"itemListElement\":[{\"@type\":\"ListItem\",\"position\":1,\"name\":\"Accueil\",\"item\":\"https:\\\/\\\/www.ohis.be\\\/de\\\/\"},{\"@type\":\"ListItem\",\"position\":2,\"name\":\"Produkte\",\"item\":\"https:\\\/\\\/www.ohis.be\\\/de\\\/produkte\\\/\"},{\"@type\":\"ListItem\",\"position\":3,\"name\":\"JAY 800 &#8211; Elektrofahrzeug f\u00fcr den Weinbau\"}]},{\"@type\":\"WebSite\",\"@id\":\"https:\\\/\\\/www.ohis.be\\\/de\\\/#website\",\"url\":\"https:\\\/\\\/www.ohis.be\\\/de\\\/\",\"name\":\"Ohis\",\"description\":\"Outils de levage\",\"publisher\":{\"@id\":\"https:\\\/\\\/www.ohis.be\\\/de\\\/#organization\"},\"potentialAction\":[{\"@type\":\"SearchAction\",\"target\":{\"@type\":\"EntryPoint\",\"urlTemplate\":\"https:\\\/\\\/www.ohis.be\\\/de\\\/?s={search_term_string}\"},\"query-input\":{\"@type\":\"PropertyValueSpecification\",\"valueRequired\":true,\"valueName\":\"search_term_string\"}}],\"inLanguage\":\"de\"},{\"@type\":\"Organization\",\"@id\":\"https:\\\/\\\/www.ohis.be\\\/de\\\/#organization\",\"name\":\"Ohis\",\"url\":\"https:\\\/\\\/www.ohis.be\\\/de\\\/\",\"logo\":{\"@type\":\"ImageObject\",\"inLanguage\":\"de\",\"@id\":\"https:\\\/\\\/www.ohis.be\\\/de\\\/#\\\/schema\\\/logo\\\/image\\\/\",\"url\":\"https:\\\/\\\/www.ohis.be\\\/wp-content\\\/uploads\\\/2021\\\/02\\\/logo-ohis-wit.svg\",\"contentUrl\":\"https:\\\/\\\/www.ohis.be\\\/wp-content\\\/uploads\\\/2021\\\/02\\\/logo-ohis-wit.svg\",\"caption\":\"Ohis\"},\"image\":{\"@id\":\"https:\\\/\\\/www.ohis.be\\\/de\\\/#\\\/schema\\\/logo\\\/image\\\/\"}}]}<\/script>\n<!-- \/ Yoast SEO plugin. -->","yoast_head_json":{"title":"JAY 800 - Elektrofahrzeug f\u00fcr den Weinbau - Ohis","robots":{"index":"index","follow":"follow","max-snippet":"max-snippet:-1","max-image-preview":"max-image-preview:large","max-video-preview":"max-video-preview:-1"},"canonical":"https:\/\/www.ohis.be\/de\/produit\/jay-800-elektrofahrzeug-fur-den-weinbau\/","og_locale":"de_DE","og_type":"article","og_title":"JAY 800 - Elektrofahrzeug f\u00fcr den Weinbau - Ohis","og_description":"JAY 800 - Elektrofahrzeug f\u00fcr den Weinbau Elektrofahrzeug f\u00fcr den Weinbau Zallys Jay 800 ist die ideale L\u00f6sung f\u00fcr das Beschneiden und Ernte im Agrarbereich. Zallys Jay 800 ist das \u00f6kologische und professionelle Fahrzeug, um die Weinberge einfacher zu bearbeiten.  vielseitig und ergonomisch schmaler Wenderadius mit pneumatischen R\u00e4dern f\u00fcr den Au\u00dfenbereich Sitzdrehung um 360 \u00b0 gro\u00dfe Auswahl an Standardzubeh\u00f6r oder auf Anfrage anpassbar","og_url":"https:\/\/www.ohis.be\/de\/produit\/jay-800-elektrofahrzeug-fur-den-weinbau\/","og_site_name":"Ohis","article_modified_time":"2025-10-01T20:56:08+00:00","og_image":[{"width":600,"height":480,"url":"https:\/\/www.ohis.be\/wp-content\/uploads\/2023\/10\/Jay-800.png","type":"image\/png"}],"twitter_card":"summary_large_image","schema":{"@context":"https:\/\/schema.org","@graph":[{"@type":"WebPage","@id":"https:\/\/www.ohis.be\/de\/produit\/jay-800-elektrofahrzeug-fur-den-weinbau\/","url":"https:\/\/www.ohis.be\/de\/produit\/jay-800-elektrofahrzeug-fur-den-weinbau\/","name":"JAY 800 - Elektrofahrzeug f\u00fcr den Weinbau - Ohis","isPartOf":{"@id":"https:\/\/www.ohis.be\/de\/#website"},"primaryImageOfPage":{"@id":"https:\/\/www.ohis.be\/de\/produit\/jay-800-elektrofahrzeug-fur-den-weinbau\/#primaryimage"},"image":{"@id":"https:\/\/www.ohis.be\/de\/produit\/jay-800-elektrofahrzeug-fur-den-weinbau\/#primaryimage"},"thumbnailUrl":"https:\/\/www.ohis.be\/wp-content\/uploads\/2023\/10\/Jay-800.png","datePublished":"2023-10-08T12:12:45+00:00","dateModified":"2025-10-01T20:56:08+00:00","breadcrumb":{"@id":"https:\/\/www.ohis.be\/de\/produit\/jay-800-elektrofahrzeug-fur-den-weinbau\/#breadcrumb"},"inLanguage":"de","potentialAction":[{"@type":"ReadAction","target":["https:\/\/www.ohis.be\/de\/produit\/jay-800-elektrofahrzeug-fur-den-weinbau\/"]}]},{"@type":"ImageObject","inLanguage":"de","@id":"https:\/\/www.ohis.be\/de\/produit\/jay-800-elektrofahrzeug-fur-den-weinbau\/#primaryimage","url":"https:\/\/www.ohis.be\/wp-content\/uploads\/2023\/10\/Jay-800.png","contentUrl":"https:\/\/www.ohis.be\/wp-content\/uploads\/2023\/10\/Jay-800.png","width":600,"height":480,"caption":"Elektrofahrzeug f\u00fcr den Weinbau"},{"@type":"BreadcrumbList","@id":"https:\/\/www.ohis.be\/de\/produit\/jay-800-elektrofahrzeug-fur-den-weinbau\/#breadcrumb","itemListElement":[{"@type":"ListItem","position":1,"name":"Accueil","item":"https:\/\/www.ohis.be\/de\/"},{"@type":"ListItem","position":2,"name":"Produkte","item":"https:\/\/www.ohis.be\/de\/produkte\/"},{"@type":"ListItem","position":3,"name":"JAY 800 &#8211; Elektrofahrzeug f\u00fcr den Weinbau"}]},{"@type":"WebSite","@id":"https:\/\/www.ohis.be\/de\/#website","url":"https:\/\/www.ohis.be\/de\/","name":"Ohis","description":"Outils de levage","publisher":{"@id":"https:\/\/www.ohis.be\/de\/#organization"},"potentialAction":[{"@type":"SearchAction","target":{"@type":"EntryPoint","urlTemplate":"https:\/\/www.ohis.be\/de\/?s={search_term_string}"},"query-input":{"@type":"PropertyValueSpecification","valueRequired":true,"valueName":"search_term_string"}}],"inLanguage":"de"},{"@type":"Organization","@id":"https:\/\/www.ohis.be\/de\/#organization","name":"Ohis","url":"https:\/\/www.ohis.be\/de\/","logo":{"@type":"ImageObject","inLanguage":"de","@id":"https:\/\/www.ohis.be\/de\/#\/schema\/logo\/image\/","url":"https:\/\/www.ohis.be\/wp-content\/uploads\/2021\/02\/logo-ohis-wit.svg","contentUrl":"https:\/\/www.ohis.be\/wp-content\/uploads\/2021\/02\/logo-ohis-wit.svg","caption":"Ohis"},"image":{"@id":"https:\/\/www.ohis.be\/de\/#\/schema\/logo\/image\/"}}]}},"_links":{"self":[{"href":"https:\/\/www.ohis.be\/de\/wp-json\/wp\/v2\/product\/39678","targetHints":{"allow":["GET"]}}],"collection":[{"href":"https:\/\/www.ohis.be\/de\/wp-json\/wp\/v2\/product"}],"about":[{"href":"https:\/\/www.ohis.be\/de\/wp-json\/wp\/v2\/types\/product"}],"wp:featuredmedia":[{"embeddable":true,"href":"https:\/\/www.ohis.be\/de\/wp-json\/wp\/v2\/media\/38230"}],"wp:attachment":[{"href":"https:\/\/www.ohis.be\/de\/wp-json\/wp\/v2\/media?parent=39678"}],"wp:term":[{"taxonomy":"product_brand","embeddable":true,"href":"https:\/\/www.ohis.be\/de\/wp-json\/wp\/v2\/product_brand?post=39678"},{"taxonomy":"product_cat","embeddable":true,"href":"https:\/\/www.ohis.be\/de\/wp-json\/wp\/v2\/product_cat?post=39678"},{"taxonomy":"product_tag","embeddable":true,"href":"https:\/\/www.ohis.be\/de\/wp-json\/wp\/v2\/product_tag?post=39678"}],"curies":[{"name":"wp","href":"https:\/\/api.w.org\/{rel}","templated":true}]}}