{"id":39675,"date":"2023-10-08T13:41:24","date_gmt":"2023-10-08T11:41:24","guid":{"rendered":"https:\/\/www.ohis.be\/produit\/m6-5-elektrische-zugmaschine\/"},"modified":"2023-10-08T13:41:24","modified_gmt":"2023-10-08T11:41:24","slug":"m6-5-elektrische-zugmaschine","status":"publish","type":"product","link":"https:\/\/www.ohis.be\/de\/produit\/m6-5-elektrische-zugmaschine\/","title":{"rendered":"M6.5 &#8211; Elektrische Zugmaschine"},"content":{"rendered":"<p>Die elektrische Zugmaschine Zallys M6.5 ist die ideale L\u00f6sung, um die manuelle Handhabung von Lasten zu vermeiden.<\/p>\n<ul>\n<li>f\u00fcr Lasten bis 6000 kg<\/li>\n<li>vielseitig und kompakt<\/li>\n<li>mit pneumatischen R\u00e4dern f\u00fcr den Innen- und Au\u00dfenbereich<\/li>\n<li>elektrische Hubfunktion optional<\/li>\n<li>Taste zur 5-Gang-Einstellung<\/li>\n<li>gro\u00dfe Auswahl an Standardkupplungen oder kundenspezifischen Kupplungen auf Anfrage<\/li>\n<\/ul>\n<p>Kontaktieren Sie uns f\u00fcr einen Kostenvoranschlag oder eine Demo in Ihren Betriebsr\u00e4umen.<\/p>\n<p>&nbsp;<\/p>\n<p>&nbsp;<\/p>\n","protected":false},"excerpt":{"rendered":"<p>Die elektrische Zugmaschine Zallys M6.5 ist die ideale L\u00f6sung, um die manuelle Handhabung von Lasten zu vermeiden.<\/p>\n<ul>\n<li>f\u00fcr Lasten bis 6000 kg<\/li>\n<li>vielseitig und kompakt<\/li>\n<li>mit pneumatischen R\u00e4dern f\u00fcr den Innen- und Au\u00dfenbereich<\/li>\n<li>elektrische Hubfunktion optional<\/li>\n<li>Taste zur 5-Gang-Einstellung<\/li>\n<li>gro\u00dfe Auswahl an Standardkupplungen oder kundenspezifischen Kupplungen auf Anfrage<\/li>\n<\/ul>\n<p>Kontaktieren Sie uns f\u00fcr einen Kostenvoranschlag oder eine Demo in Ihren Betriebsr\u00e4umen.<\/p>\n<p>&nbsp;<\/p>\n<p>&nbsp;<\/p>\n","protected":false},"featured_media":38091,"template":"","meta":{"_acf_changed":false,"inline_featured_image":false},"product_brand":[],"product_cat":[1627,3851],"product_tag":[],"class_list":{"0":"post-39675","1":"product","2":"type-product","3":"status-publish","4":"has-post-thumbnail","6":"product_cat-boden-handling","7":"product_cat-schlepper","8":"yith_product_brand-zallys-de","10":"first","11":"instock","12":"taxable","13":"shipping-taxable","14":"product-type-simple"},"acf":[],"yoast_head":"<!-- This site is optimized with the Yoast SEO plugin v27.4 - https:\/\/yoast.com\/product\/yoast-seo-wordpress\/ -->\n<title>M6.5 - Elektrische Zugmaschine - Ohis<\/title>\n<meta name=\"robots\" content=\"index, follow, max-snippet:-1, max-image-preview:large, max-video-preview:-1\" \/>\n<link rel=\"canonical\" href=\"https:\/\/www.ohis.be\/de\/produit\/m6-5-elektrische-zugmaschine\/\" \/>\n<meta property=\"og:locale\" content=\"de_DE\" \/>\n<meta property=\"og:type\" content=\"article\" \/>\n<meta property=\"og:title\" content=\"M6.5 - Elektrische Zugmaschine - Ohis\" \/>\n<meta property=\"og:description\" content=\"Die elektrische Zugmaschine Zallys M6.5 ist die ideale L\u00f6sung, um die manuelle Handhabung von Lasten zu vermeiden.  f\u00fcr Lasten bis 6000 kg vielseitig und kompakt mit pneumatischen R\u00e4dern f\u00fcr den Innen- und Au\u00dfenbereich elektrische Hubfunktion optional Taste zur 5-Gang-Einstellung gro\u00dfe Auswahl an Standardkupplungen oder kundenspezifischen Kupplungen auf Anfrage  Kontaktieren Sie uns f\u00fcr einen Kostenvoranschlag oder eine Demo in Ihren Betriebsr\u00e4umen. &nbsp; &nbsp;\" \/>\n<meta property=\"og:url\" content=\"https:\/\/www.ohis.be\/de\/produit\/m6-5-elektrische-zugmaschine\/\" \/>\n<meta property=\"og:site_name\" content=\"Ohis\" \/>\n<meta property=\"og:image\" content=\"https:\/\/www.ohis.be\/wp-content\/uploads\/2023\/10\/Tracteur-pousseur-M65.png\" \/>\n\t<meta property=\"og:image:width\" content=\"600\" \/>\n\t<meta property=\"og:image:height\" content=\"523\" \/>\n\t<meta property=\"og:image:type\" content=\"image\/png\" \/>\n<meta name=\"twitter:card\" content=\"summary_large_image\" \/>\n<script type=\"application\/ld+json\" class=\"yoast-schema-graph\">{\"@context\":\"https:\\\/\\\/schema.org\",\"@graph\":[{\"@type\":\"WebPage\",\"@id\":\"https:\\\/\\\/www.ohis.be\\\/de\\\/produit\\\/m6-5-elektrische-zugmaschine\\\/\",\"url\":\"https:\\\/\\\/www.ohis.be\\\/de\\\/produit\\\/m6-5-elektrische-zugmaschine\\\/\",\"name\":\"M6.5 - Elektrische Zugmaschine - Ohis\",\"isPartOf\":{\"@id\":\"https:\\\/\\\/www.ohis.be\\\/#website\"},\"primaryImageOfPage\":{\"@id\":\"https:\\\/\\\/www.ohis.be\\\/de\\\/produit\\\/m6-5-elektrische-zugmaschine\\\/#primaryimage\"},\"image\":{\"@id\":\"https:\\\/\\\/www.ohis.be\\\/de\\\/produit\\\/m6-5-elektrische-zugmaschine\\\/#primaryimage\"},\"thumbnailUrl\":\"https:\\\/\\\/www.ohis.be\\\/wp-content\\\/uploads\\\/2023\\\/10\\\/Tracteur-pousseur-M65.png\",\"datePublished\":\"2023-10-08T11:41:24+00:00\",\"breadcrumb\":{\"@id\":\"https:\\\/\\\/www.ohis.be\\\/de\\\/produit\\\/m6-5-elektrische-zugmaschine\\\/#breadcrumb\"},\"inLanguage\":\"de\",\"potentialAction\":[{\"@type\":\"ReadAction\",\"target\":[\"https:\\\/\\\/www.ohis.be\\\/de\\\/produit\\\/m6-5-elektrische-zugmaschine\\\/\"]}]},{\"@type\":\"ImageObject\",\"inLanguage\":\"de\",\"@id\":\"https:\\\/\\\/www.ohis.be\\\/de\\\/produit\\\/m6-5-elektrische-zugmaschine\\\/#primaryimage\",\"url\":\"https:\\\/\\\/www.ohis.be\\\/wp-content\\\/uploads\\\/2023\\\/10\\\/Tracteur-pousseur-M65.png\",\"contentUrl\":\"https:\\\/\\\/www.ohis.be\\\/wp-content\\\/uploads\\\/2023\\\/10\\\/Tracteur-pousseur-M65.png\",\"width\":600,\"height\":523,\"caption\":\"M6.5 - Elektrische Zugmaschine\"},{\"@type\":\"BreadcrumbList\",\"@id\":\"https:\\\/\\\/www.ohis.be\\\/de\\\/produit\\\/m6-5-elektrische-zugmaschine\\\/#breadcrumb\",\"itemListElement\":[{\"@type\":\"ListItem\",\"position\":1,\"name\":\"Accueil\",\"item\":\"https:\\\/\\\/www.ohis.be\\\/de\\\/\"},{\"@type\":\"ListItem\",\"position\":2,\"name\":\"Produkte\",\"item\":\"https:\\\/\\\/www.ohis.be\\\/de\\\/produkte\\\/\"},{\"@type\":\"ListItem\",\"position\":3,\"name\":\"M6.5 &#8211; Elektrische Zugmaschine\"}]},{\"@type\":\"WebSite\",\"@id\":\"https:\\\/\\\/www.ohis.be\\\/#website\",\"url\":\"https:\\\/\\\/www.ohis.be\\\/\",\"name\":\"Ohis\",\"description\":\"Outils de levage\",\"publisher\":{\"@id\":\"https:\\\/\\\/www.ohis.be\\\/#organization\"},\"potentialAction\":[{\"@type\":\"SearchAction\",\"target\":{\"@type\":\"EntryPoint\",\"urlTemplate\":\"https:\\\/\\\/www.ohis.be\\\/?s={search_term_string}\"},\"query-input\":{\"@type\":\"PropertyValueSpecification\",\"valueRequired\":true,\"valueName\":\"search_term_string\"}}],\"inLanguage\":\"de\"},{\"@type\":\"Organization\",\"@id\":\"https:\\\/\\\/www.ohis.be\\\/#organization\",\"name\":\"Ohis\",\"url\":\"https:\\\/\\\/www.ohis.be\\\/\",\"logo\":{\"@type\":\"ImageObject\",\"inLanguage\":\"de\",\"@id\":\"https:\\\/\\\/www.ohis.be\\\/#\\\/schema\\\/logo\\\/image\\\/\",\"url\":\"https:\\\/\\\/www.ohis.be\\\/wp-content\\\/uploads\\\/2021\\\/02\\\/logo-ohis-wit.svg\",\"contentUrl\":\"https:\\\/\\\/www.ohis.be\\\/wp-content\\\/uploads\\\/2021\\\/02\\\/logo-ohis-wit.svg\",\"caption\":\"Ohis\"},\"image\":{\"@id\":\"https:\\\/\\\/www.ohis.be\\\/#\\\/schema\\\/logo\\\/image\\\/\"}}]}<\/script>\n<!-- \/ Yoast SEO plugin. -->","yoast_head_json":{"title":"M6.5 - Elektrische Zugmaschine - Ohis","robots":{"index":"index","follow":"follow","max-snippet":"max-snippet:-1","max-image-preview":"max-image-preview:large","max-video-preview":"max-video-preview:-1"},"canonical":"https:\/\/www.ohis.be\/de\/produit\/m6-5-elektrische-zugmaschine\/","og_locale":"de_DE","og_type":"article","og_title":"M6.5 - Elektrische Zugmaschine - Ohis","og_description":"Die elektrische Zugmaschine Zallys M6.5 ist die ideale L\u00f6sung, um die manuelle Handhabung von Lasten zu vermeiden.  f\u00fcr Lasten bis 6000 kg vielseitig und kompakt mit pneumatischen R\u00e4dern f\u00fcr den Innen- und Au\u00dfenbereich elektrische Hubfunktion optional Taste zur 5-Gang-Einstellung gro\u00dfe Auswahl an Standardkupplungen oder kundenspezifischen Kupplungen auf Anfrage  Kontaktieren Sie uns f\u00fcr einen Kostenvoranschlag oder eine Demo in Ihren Betriebsr\u00e4umen. &nbsp; &nbsp;","og_url":"https:\/\/www.ohis.be\/de\/produit\/m6-5-elektrische-zugmaschine\/","og_site_name":"Ohis","og_image":[{"width":600,"height":523,"url":"https:\/\/www.ohis.be\/wp-content\/uploads\/2023\/10\/Tracteur-pousseur-M65.png","type":"image\/png"}],"twitter_card":"summary_large_image","schema":{"@context":"https:\/\/schema.org","@graph":[{"@type":"WebPage","@id":"https:\/\/www.ohis.be\/de\/produit\/m6-5-elektrische-zugmaschine\/","url":"https:\/\/www.ohis.be\/de\/produit\/m6-5-elektrische-zugmaschine\/","name":"M6.5 - Elektrische Zugmaschine - Ohis","isPartOf":{"@id":"https:\/\/www.ohis.be\/#website"},"primaryImageOfPage":{"@id":"https:\/\/www.ohis.be\/de\/produit\/m6-5-elektrische-zugmaschine\/#primaryimage"},"image":{"@id":"https:\/\/www.ohis.be\/de\/produit\/m6-5-elektrische-zugmaschine\/#primaryimage"},"thumbnailUrl":"https:\/\/www.ohis.be\/wp-content\/uploads\/2023\/10\/Tracteur-pousseur-M65.png","datePublished":"2023-10-08T11:41:24+00:00","breadcrumb":{"@id":"https:\/\/www.ohis.be\/de\/produit\/m6-5-elektrische-zugmaschine\/#breadcrumb"},"inLanguage":"de","potentialAction":[{"@type":"ReadAction","target":["https:\/\/www.ohis.be\/de\/produit\/m6-5-elektrische-zugmaschine\/"]}]},{"@type":"ImageObject","inLanguage":"de","@id":"https:\/\/www.ohis.be\/de\/produit\/m6-5-elektrische-zugmaschine\/#primaryimage","url":"https:\/\/www.ohis.be\/wp-content\/uploads\/2023\/10\/Tracteur-pousseur-M65.png","contentUrl":"https:\/\/www.ohis.be\/wp-content\/uploads\/2023\/10\/Tracteur-pousseur-M65.png","width":600,"height":523,"caption":"M6.5 - Elektrische Zugmaschine"},{"@type":"BreadcrumbList","@id":"https:\/\/www.ohis.be\/de\/produit\/m6-5-elektrische-zugmaschine\/#breadcrumb","itemListElement":[{"@type":"ListItem","position":1,"name":"Accueil","item":"https:\/\/www.ohis.be\/de\/"},{"@type":"ListItem","position":2,"name":"Produkte","item":"https:\/\/www.ohis.be\/de\/produkte\/"},{"@type":"ListItem","position":3,"name":"M6.5 &#8211; Elektrische Zugmaschine"}]},{"@type":"WebSite","@id":"https:\/\/www.ohis.be\/#website","url":"https:\/\/www.ohis.be\/","name":"Ohis","description":"Outils de levage","publisher":{"@id":"https:\/\/www.ohis.be\/#organization"},"potentialAction":[{"@type":"SearchAction","target":{"@type":"EntryPoint","urlTemplate":"https:\/\/www.ohis.be\/?s={search_term_string}"},"query-input":{"@type":"PropertyValueSpecification","valueRequired":true,"valueName":"search_term_string"}}],"inLanguage":"de"},{"@type":"Organization","@id":"https:\/\/www.ohis.be\/#organization","name":"Ohis","url":"https:\/\/www.ohis.be\/","logo":{"@type":"ImageObject","inLanguage":"de","@id":"https:\/\/www.ohis.be\/#\/schema\/logo\/image\/","url":"https:\/\/www.ohis.be\/wp-content\/uploads\/2021\/02\/logo-ohis-wit.svg","contentUrl":"https:\/\/www.ohis.be\/wp-content\/uploads\/2021\/02\/logo-ohis-wit.svg","caption":"Ohis"},"image":{"@id":"https:\/\/www.ohis.be\/#\/schema\/logo\/image\/"}}]}},"_links":{"self":[{"href":"https:\/\/www.ohis.be\/de\/wp-json\/wp\/v2\/product\/39675","targetHints":{"allow":["GET"]}}],"collection":[{"href":"https:\/\/www.ohis.be\/de\/wp-json\/wp\/v2\/product"}],"about":[{"href":"https:\/\/www.ohis.be\/de\/wp-json\/wp\/v2\/types\/product"}],"wp:featuredmedia":[{"embeddable":true,"href":"https:\/\/www.ohis.be\/de\/wp-json\/wp\/v2\/media\/38091"}],"wp:attachment":[{"href":"https:\/\/www.ohis.be\/de\/wp-json\/wp\/v2\/media?parent=39675"}],"wp:term":[{"taxonomy":"product_brand","embeddable":true,"href":"https:\/\/www.ohis.be\/de\/wp-json\/wp\/v2\/product_brand?post=39675"},{"taxonomy":"product_cat","embeddable":true,"href":"https:\/\/www.ohis.be\/de\/wp-json\/wp\/v2\/product_cat?post=39675"},{"taxonomy":"product_tag","embeddable":true,"href":"https:\/\/www.ohis.be\/de\/wp-json\/wp\/v2\/product_tag?post=39675"}],"curies":[{"name":"wp","href":"https:\/\/api.w.org\/{rel}","templated":true}]}}