{"id":39658,"date":"2023-10-08T10:29:54","date_gmt":"2023-10-08T08:29:54","guid":{"rendered":"https:\/\/www.ohis.be\/produit\/dumper-jet-l-akku-schubkarre\/"},"modified":"2023-10-08T10:29:54","modified_gmt":"2023-10-08T08:29:54","slug":"dumper-jet-l-akku-schubkarre","status":"publish","type":"product","link":"https:\/\/www.ohis.be\/de\/produit\/dumper-jet-l-akku-schubkarre\/","title":{"rendered":"DUMPER-JET L &#8211; Akku Schubkarre"},"content":{"rendered":"<p>Die Akku Schubkarre Zallys Dumper Jet L ist eine wertvolle Hilfe, um die Materialbewegung zu beschleunigen und k\u00f6rperliche Anstrengungen zu vermeiden.<\/p>\n<ul>\n<li>f\u00fcr Lasten bis 500 kg<\/li>\n<li>vielseitig und kompakt<\/li>\n<li>mit pneumatischen R\u00e4dern f\u00fcr den Innen- und Au\u00dfenbereich ohne Besch\u00e4digung der Oberfl\u00e4che<\/li>\n<li>Standard-Korrosionsschutzbeh\u00e4lter<\/li>\n<\/ul>\n<p>Die folgenden Zubeh\u00f6rteile sind standardm\u00e4\u00dfig erh\u00e4ltlich:<\/p>\n<ul>\n<li>Verzinkte Wanne 270 L<\/li>\n<li>Pritsche 750 x 1020 x 230 mm<\/li>\n<\/ul>\n<p>Weitere ma\u00dfgeschneiderte Zubeh\u00f6rteile sind m\u00f6glich!<\/p>\n<p>&nbsp;<\/p>\n<p>Kontaktieren Sie uns f\u00fcr weitere Informationen oder fordern Sie eine Vorf\u00fchrung bei Ihnen zu Hause an, um diese robuste und \u00e4u\u00dferst praktische Maschine kennenzulernen!<\/p>\n","protected":false},"excerpt":{"rendered":"<p>Die Akku Schubkarre Zallys Dumper Jet L ist eine wertvolle Hilfe, um die Materialbewegung zu beschleunigen und k\u00f6rperliche Anstrengungen zu vermeiden.<\/p>\n<ul>\n<li>f\u00fcr Lasten bis 500 kg<\/li>\n<li>vielseitig und kompakt<\/li>\n<li>mit pneumatischen R\u00e4dern f\u00fcr den Innen- und Au\u00dfenbereich ohne Besch\u00e4digung der Oberfl\u00e4che<\/li>\n<li>Standard-Korrosionsschutzbeh\u00e4lter<\/li>\n<\/ul>\n<p>Die folgenden Zubeh\u00f6rteile sind standardm\u00e4\u00dfig erh\u00e4ltlich:<\/p>\n<ul>\n<li>Verzinkte Wanne 270 L<\/li>\n<li>Pritsche 750 x 1020 x 230 mm<\/li>\n<\/ul>\n<p>Weitere ma\u00dfgeschneiderte Zubeh\u00f6rteile sind m\u00f6glich!<\/p>\n<p>&nbsp;<\/p>\n<p>Kontaktieren Sie uns f\u00fcr weitere Informationen oder fordern Sie eine Vorf\u00fchrung bei Ihnen zu Hause an, um diese robuste und \u00e4u\u00dferst praktische Maschine kennenzulernen!<\/p>\n","protected":false},"featured_media":38021,"template":"","meta":{"_acf_changed":false,"inline_featured_image":false},"product_brand":[],"product_cat":[3855],"product_tag":[],"class_list":{"0":"post-39658","1":"product","2":"type-product","3":"status-publish","4":"has-post-thumbnail","6":"product_cat-transporter-und-dumper","7":"yith_product_brand-zallys-de","9":"first","10":"instock","11":"taxable","12":"shipping-taxable","13":"product-type-simple"},"acf":[],"yoast_head":"<!-- This site is optimized with the Yoast SEO plugin v27.4 - https:\/\/yoast.com\/product\/yoast-seo-wordpress\/ -->\n<title>DUMPER-JET L - Akku Schubkarre - Ohis<\/title>\n<meta name=\"robots\" content=\"index, follow, max-snippet:-1, max-image-preview:large, max-video-preview:-1\" \/>\n<link rel=\"canonical\" href=\"https:\/\/www.ohis.be\/de\/produit\/dumper-jet-l-akku-schubkarre\/\" \/>\n<meta property=\"og:locale\" content=\"de_DE\" \/>\n<meta property=\"og:type\" content=\"article\" \/>\n<meta property=\"og:title\" content=\"DUMPER-JET L - Akku Schubkarre - Ohis\" \/>\n<meta property=\"og:description\" content=\"Die Akku Schubkarre Zallys Dumper Jet L ist eine wertvolle Hilfe, um die Materialbewegung zu beschleunigen und k\u00f6rperliche Anstrengungen zu vermeiden.  f\u00fcr Lasten bis 500 kg vielseitig und kompakt mit pneumatischen R\u00e4dern f\u00fcr den Innen- und Au\u00dfenbereich ohne Besch\u00e4digung der Oberfl\u00e4che Standard-Korrosionsschutzbeh\u00e4lter  Die folgenden Zubeh\u00f6rteile sind standardm\u00e4\u00dfig erh\u00e4ltlich:  Verzinkte Wanne 270 L Pritsche 750 x 1020 x 230 mm  Weitere ma\u00dfgeschneiderte Zubeh\u00f6rteile sind m\u00f6glich! &nbsp; Kontaktieren Sie uns f\u00fcr weitere Informationen oder fordern Sie eine Vorf\u00fchrung bei Ihnen zu Hause an, um diese robuste und \u00e4u\u00dferst praktische Maschine kennenzulernen!\" \/>\n<meta property=\"og:url\" content=\"https:\/\/www.ohis.be\/de\/produit\/dumper-jet-l-akku-schubkarre\/\" \/>\n<meta property=\"og:site_name\" content=\"Ohis\" \/>\n<meta property=\"og:image\" content=\"https:\/\/www.ohis.be\/wp-content\/uploads\/2023\/10\/Dumper-Jet-L-avec-Cuve-270L.png\" \/>\n\t<meta property=\"og:image:width\" content=\"800\" \/>\n\t<meta property=\"og:image:height\" content=\"698\" \/>\n\t<meta property=\"og:image:type\" content=\"image\/png\" \/>\n<meta name=\"twitter:card\" content=\"summary_large_image\" \/>\n<meta name=\"twitter:label1\" content=\"Gesch\u00e4tzte Lesezeit\" \/>\n\t<meta name=\"twitter:data1\" content=\"1\u00a0Minute\" \/>\n<script type=\"application\/ld+json\" class=\"yoast-schema-graph\">{\"@context\":\"https:\\\/\\\/schema.org\",\"@graph\":[{\"@type\":\"WebPage\",\"@id\":\"https:\\\/\\\/www.ohis.be\\\/de\\\/produit\\\/dumper-jet-l-akku-schubkarre\\\/\",\"url\":\"https:\\\/\\\/www.ohis.be\\\/de\\\/produit\\\/dumper-jet-l-akku-schubkarre\\\/\",\"name\":\"DUMPER-JET L - Akku Schubkarre - Ohis\",\"isPartOf\":{\"@id\":\"https:\\\/\\\/www.ohis.be\\\/#website\"},\"primaryImageOfPage\":{\"@id\":\"https:\\\/\\\/www.ohis.be\\\/de\\\/produit\\\/dumper-jet-l-akku-schubkarre\\\/#primaryimage\"},\"image\":{\"@id\":\"https:\\\/\\\/www.ohis.be\\\/de\\\/produit\\\/dumper-jet-l-akku-schubkarre\\\/#primaryimage\"},\"thumbnailUrl\":\"https:\\\/\\\/www.ohis.be\\\/wp-content\\\/uploads\\\/2023\\\/10\\\/Dumper-Jet-L-avec-Cuve-270L.png\",\"datePublished\":\"2023-10-08T08:29:54+00:00\",\"breadcrumb\":{\"@id\":\"https:\\\/\\\/www.ohis.be\\\/de\\\/produit\\\/dumper-jet-l-akku-schubkarre\\\/#breadcrumb\"},\"inLanguage\":\"de\",\"potentialAction\":[{\"@type\":\"ReadAction\",\"target\":[\"https:\\\/\\\/www.ohis.be\\\/de\\\/produit\\\/dumper-jet-l-akku-schubkarre\\\/\"]}]},{\"@type\":\"ImageObject\",\"inLanguage\":\"de\",\"@id\":\"https:\\\/\\\/www.ohis.be\\\/de\\\/produit\\\/dumper-jet-l-akku-schubkarre\\\/#primaryimage\",\"url\":\"https:\\\/\\\/www.ohis.be\\\/wp-content\\\/uploads\\\/2023\\\/10\\\/Dumper-Jet-L-avec-Cuve-270L.png\",\"contentUrl\":\"https:\\\/\\\/www.ohis.be\\\/wp-content\\\/uploads\\\/2023\\\/10\\\/Dumper-Jet-L-avec-Cuve-270L.png\",\"width\":800,\"height\":698,\"caption\":\"Elektrische Schubkarre mit 270-Liter-wanne\"},{\"@type\":\"BreadcrumbList\",\"@id\":\"https:\\\/\\\/www.ohis.be\\\/de\\\/produit\\\/dumper-jet-l-akku-schubkarre\\\/#breadcrumb\",\"itemListElement\":[{\"@type\":\"ListItem\",\"position\":1,\"name\":\"Accueil\",\"item\":\"https:\\\/\\\/www.ohis.be\\\/de\\\/\"},{\"@type\":\"ListItem\",\"position\":2,\"name\":\"Produkte\",\"item\":\"https:\\\/\\\/www.ohis.be\\\/de\\\/produkte\\\/\"},{\"@type\":\"ListItem\",\"position\":3,\"name\":\"DUMPER-JET L &#8211; Akku Schubkarre\"}]},{\"@type\":\"WebSite\",\"@id\":\"https:\\\/\\\/www.ohis.be\\\/#website\",\"url\":\"https:\\\/\\\/www.ohis.be\\\/\",\"name\":\"Ohis\",\"description\":\"Outils de levage\",\"publisher\":{\"@id\":\"https:\\\/\\\/www.ohis.be\\\/#organization\"},\"potentialAction\":[{\"@type\":\"SearchAction\",\"target\":{\"@type\":\"EntryPoint\",\"urlTemplate\":\"https:\\\/\\\/www.ohis.be\\\/?s={search_term_string}\"},\"query-input\":{\"@type\":\"PropertyValueSpecification\",\"valueRequired\":true,\"valueName\":\"search_term_string\"}}],\"inLanguage\":\"de\"},{\"@type\":\"Organization\",\"@id\":\"https:\\\/\\\/www.ohis.be\\\/#organization\",\"name\":\"Ohis\",\"url\":\"https:\\\/\\\/www.ohis.be\\\/\",\"logo\":{\"@type\":\"ImageObject\",\"inLanguage\":\"de\",\"@id\":\"https:\\\/\\\/www.ohis.be\\\/#\\\/schema\\\/logo\\\/image\\\/\",\"url\":\"https:\\\/\\\/www.ohis.be\\\/wp-content\\\/uploads\\\/2021\\\/02\\\/logo-ohis-wit.svg\",\"contentUrl\":\"https:\\\/\\\/www.ohis.be\\\/wp-content\\\/uploads\\\/2021\\\/02\\\/logo-ohis-wit.svg\",\"caption\":\"Ohis\"},\"image\":{\"@id\":\"https:\\\/\\\/www.ohis.be\\\/#\\\/schema\\\/logo\\\/image\\\/\"}}]}<\/script>\n<!-- \/ Yoast SEO plugin. -->","yoast_head_json":{"title":"DUMPER-JET L - Akku Schubkarre - Ohis","robots":{"index":"index","follow":"follow","max-snippet":"max-snippet:-1","max-image-preview":"max-image-preview:large","max-video-preview":"max-video-preview:-1"},"canonical":"https:\/\/www.ohis.be\/de\/produit\/dumper-jet-l-akku-schubkarre\/","og_locale":"de_DE","og_type":"article","og_title":"DUMPER-JET L - Akku Schubkarre - Ohis","og_description":"Die Akku Schubkarre Zallys Dumper Jet L ist eine wertvolle Hilfe, um die Materialbewegung zu beschleunigen und k\u00f6rperliche Anstrengungen zu vermeiden.  f\u00fcr Lasten bis 500 kg vielseitig und kompakt mit pneumatischen R\u00e4dern f\u00fcr den Innen- und Au\u00dfenbereich ohne Besch\u00e4digung der Oberfl\u00e4che Standard-Korrosionsschutzbeh\u00e4lter  Die folgenden Zubeh\u00f6rteile sind standardm\u00e4\u00dfig erh\u00e4ltlich:  Verzinkte Wanne 270 L Pritsche 750 x 1020 x 230 mm  Weitere ma\u00dfgeschneiderte Zubeh\u00f6rteile sind m\u00f6glich! &nbsp; Kontaktieren Sie uns f\u00fcr weitere Informationen oder fordern Sie eine Vorf\u00fchrung bei Ihnen zu Hause an, um diese robuste und \u00e4u\u00dferst praktische Maschine kennenzulernen!","og_url":"https:\/\/www.ohis.be\/de\/produit\/dumper-jet-l-akku-schubkarre\/","og_site_name":"Ohis","og_image":[{"width":800,"height":698,"url":"https:\/\/www.ohis.be\/wp-content\/uploads\/2023\/10\/Dumper-Jet-L-avec-Cuve-270L.png","type":"image\/png"}],"twitter_card":"summary_large_image","twitter_misc":{"Gesch\u00e4tzte Lesezeit":"1\u00a0Minute"},"schema":{"@context":"https:\/\/schema.org","@graph":[{"@type":"WebPage","@id":"https:\/\/www.ohis.be\/de\/produit\/dumper-jet-l-akku-schubkarre\/","url":"https:\/\/www.ohis.be\/de\/produit\/dumper-jet-l-akku-schubkarre\/","name":"DUMPER-JET L - Akku Schubkarre - Ohis","isPartOf":{"@id":"https:\/\/www.ohis.be\/#website"},"primaryImageOfPage":{"@id":"https:\/\/www.ohis.be\/de\/produit\/dumper-jet-l-akku-schubkarre\/#primaryimage"},"image":{"@id":"https:\/\/www.ohis.be\/de\/produit\/dumper-jet-l-akku-schubkarre\/#primaryimage"},"thumbnailUrl":"https:\/\/www.ohis.be\/wp-content\/uploads\/2023\/10\/Dumper-Jet-L-avec-Cuve-270L.png","datePublished":"2023-10-08T08:29:54+00:00","breadcrumb":{"@id":"https:\/\/www.ohis.be\/de\/produit\/dumper-jet-l-akku-schubkarre\/#breadcrumb"},"inLanguage":"de","potentialAction":[{"@type":"ReadAction","target":["https:\/\/www.ohis.be\/de\/produit\/dumper-jet-l-akku-schubkarre\/"]}]},{"@type":"ImageObject","inLanguage":"de","@id":"https:\/\/www.ohis.be\/de\/produit\/dumper-jet-l-akku-schubkarre\/#primaryimage","url":"https:\/\/www.ohis.be\/wp-content\/uploads\/2023\/10\/Dumper-Jet-L-avec-Cuve-270L.png","contentUrl":"https:\/\/www.ohis.be\/wp-content\/uploads\/2023\/10\/Dumper-Jet-L-avec-Cuve-270L.png","width":800,"height":698,"caption":"Elektrische Schubkarre mit 270-Liter-wanne"},{"@type":"BreadcrumbList","@id":"https:\/\/www.ohis.be\/de\/produit\/dumper-jet-l-akku-schubkarre\/#breadcrumb","itemListElement":[{"@type":"ListItem","position":1,"name":"Accueil","item":"https:\/\/www.ohis.be\/de\/"},{"@type":"ListItem","position":2,"name":"Produkte","item":"https:\/\/www.ohis.be\/de\/produkte\/"},{"@type":"ListItem","position":3,"name":"DUMPER-JET L &#8211; Akku Schubkarre"}]},{"@type":"WebSite","@id":"https:\/\/www.ohis.be\/#website","url":"https:\/\/www.ohis.be\/","name":"Ohis","description":"Outils de levage","publisher":{"@id":"https:\/\/www.ohis.be\/#organization"},"potentialAction":[{"@type":"SearchAction","target":{"@type":"EntryPoint","urlTemplate":"https:\/\/www.ohis.be\/?s={search_term_string}"},"query-input":{"@type":"PropertyValueSpecification","valueRequired":true,"valueName":"search_term_string"}}],"inLanguage":"de"},{"@type":"Organization","@id":"https:\/\/www.ohis.be\/#organization","name":"Ohis","url":"https:\/\/www.ohis.be\/","logo":{"@type":"ImageObject","inLanguage":"de","@id":"https:\/\/www.ohis.be\/#\/schema\/logo\/image\/","url":"https:\/\/www.ohis.be\/wp-content\/uploads\/2021\/02\/logo-ohis-wit.svg","contentUrl":"https:\/\/www.ohis.be\/wp-content\/uploads\/2021\/02\/logo-ohis-wit.svg","caption":"Ohis"},"image":{"@id":"https:\/\/www.ohis.be\/#\/schema\/logo\/image\/"}}]}},"_links":{"self":[{"href":"https:\/\/www.ohis.be\/de\/wp-json\/wp\/v2\/product\/39658","targetHints":{"allow":["GET"]}}],"collection":[{"href":"https:\/\/www.ohis.be\/de\/wp-json\/wp\/v2\/product"}],"about":[{"href":"https:\/\/www.ohis.be\/de\/wp-json\/wp\/v2\/types\/product"}],"wp:featuredmedia":[{"embeddable":true,"href":"https:\/\/www.ohis.be\/de\/wp-json\/wp\/v2\/media\/38021"}],"wp:attachment":[{"href":"https:\/\/www.ohis.be\/de\/wp-json\/wp\/v2\/media?parent=39658"}],"wp:term":[{"taxonomy":"product_brand","embeddable":true,"href":"https:\/\/www.ohis.be\/de\/wp-json\/wp\/v2\/product_brand?post=39658"},{"taxonomy":"product_cat","embeddable":true,"href":"https:\/\/www.ohis.be\/de\/wp-json\/wp\/v2\/product_cat?post=39658"},{"taxonomy":"product_tag","embeddable":true,"href":"https:\/\/www.ohis.be\/de\/wp-json\/wp\/v2\/product_tag?post=39658"}],"curies":[{"name":"wp","href":"https:\/\/api.w.org\/{rel}","templated":true}]}}