{"id":39652,"date":"2023-10-08T10:18:02","date_gmt":"2023-10-08T08:18:02","guid":{"rendered":"https:\/\/www.ohis.be\/produit\/dumper-jet-profi-elektroschubkarre\/"},"modified":"2023-10-08T10:18:02","modified_gmt":"2023-10-08T08:18:02","slug":"dumper-jet-profi-elektroschubkarre","status":"publish","type":"product","link":"https:\/\/www.ohis.be\/de\/produit\/dumper-jet-profi-elektroschubkarre\/","title":{"rendered":"DUMPER JET &#8211; Profi Elektroschubkarre"},"content":{"rendered":"<p>Die Profi Elektroschubkarre Zallys Dumper Jet ist die ideale L\u00f6sung, um den manuellen Umgang mit Zuschlagstoffen zu vermeiden.<\/p>\n<ul>\n<li>f\u00fcr Lasten bis 500 kg<\/li>\n<li>vielseitig und kompakt<\/li>\n<li>mit pneumatischen R\u00e4dern f\u00fcr den Innen- und Au\u00dfenbereich ohne Besch\u00e4digung der Oberfl\u00e4che<\/li>\n<li>gro\u00dfe Auswahl an Standard-Korrosionsschutzbeh\u00e4ltern<\/li>\n<\/ul>\n<p>Die folgenden Zubeh\u00f6rteile sind standardm\u00e4\u00dfig erh\u00e4ltlich:<\/p>\n<ul>\n<li>Verzinkte Wanne 180 L<\/li>\n<li>Verzinkte Wanne 250 L&gt;\n<li>Verst\u00e4rkungsblech<\/li>\n<li>Ringschraube-Kit f\u00fcr Mulde<\/li>\n<\/ul>\n<p>&nbsp;<\/p>\n<p>Kontaktieren Sie uns f\u00fcr weitere Informationen oder fordern Sie eine Vorf\u00fchrung bei Ihnen zu Hause an, um dieses robuste und \u00e4u\u00dferst praktische Ger\u00e4t kennenzulernen!<\/p>\n","protected":false},"excerpt":{"rendered":"<p>Die Profi Elektroschubkarre Zallys Dumper Jet ist die ideale L\u00f6sung, um den manuellen Umgang mit Zuschlagstoffen zu vermeiden.<\/p>\n<ul>\n<li>f\u00fcr Lasten bis 500 kg<\/li>\n<li>vielseitig und kompakt<\/li>\n<li>mit pneumatischen R\u00e4dern f\u00fcr den Innen- und Au\u00dfenbereich ohne Besch\u00e4digung der Oberfl\u00e4che<\/li>\n<li>gro\u00dfe Auswahl an Standard-Korrosionsschutzbeh\u00e4ltern<\/li>\n<\/ul>\n<p>Die folgenden Zubeh\u00f6rteile sind standardm\u00e4\u00dfig erh\u00e4ltlich:<\/p>\n<ul>\n<li>Verzinkte Wanne 180 L<\/li>\n<li>Verzinkte Wanne 250 L&gt;\n<li>Verst\u00e4rkungsblech<\/li>\n<li>Ringschraube-Kit f\u00fcr Mulde<\/li>\n<\/ul>\n<p>&nbsp;<\/p>\n<p>Kontaktieren Sie uns f\u00fcr weitere Informationen oder fordern Sie eine Vorf\u00fchrung bei Ihnen zu Hause an, um dieses robuste und \u00e4u\u00dferst praktische Ger\u00e4t kennenzulernen!<\/p>\n","protected":false},"featured_media":37884,"template":"","meta":{"_acf_changed":false,"inline_featured_image":false},"product_brand":[],"product_cat":[3855],"product_tag":[],"class_list":{"0":"post-39652","1":"product","2":"type-product","3":"status-publish","4":"has-post-thumbnail","6":"product_cat-transporter-und-dumper","7":"yith_product_brand-zallys-de","9":"first","10":"instock","11":"taxable","12":"shipping-taxable","13":"product-type-simple"},"acf":[],"yoast_head":"<!-- This site is optimized with the Yoast SEO plugin v27.5 - https:\/\/yoast.com\/product\/yoast-seo-wordpress\/ -->\n<title>DUMPER JET - Profi Elektroschubkarre - Ohis<\/title>\n<meta name=\"robots\" content=\"index, follow, max-snippet:-1, max-image-preview:large, max-video-preview:-1\" \/>\n<link rel=\"canonical\" href=\"https:\/\/www.ohis.be\/de\/produit\/dumper-jet-profi-elektroschubkarre\/\" \/>\n<meta property=\"og:locale\" content=\"de_DE\" \/>\n<meta property=\"og:type\" content=\"article\" \/>\n<meta property=\"og:title\" content=\"DUMPER JET - Profi Elektroschubkarre - Ohis\" \/>\n<meta property=\"og:description\" content=\"Die Profi Elektroschubkarre Zallys Dumper Jet ist die ideale L\u00f6sung, um den manuellen Umgang mit Zuschlagstoffen zu vermeiden.  f\u00fcr Lasten bis 500 kg vielseitig und kompakt mit pneumatischen R\u00e4dern f\u00fcr den Innen- und Au\u00dfenbereich ohne Besch\u00e4digung der Oberfl\u00e4che gro\u00dfe Auswahl an Standard-Korrosionsschutzbeh\u00e4ltern  Die folgenden Zubeh\u00f6rteile sind standardm\u00e4\u00dfig erh\u00e4ltlich:  Verzinkte Wanne 180 L Verzinkte Wanne 250 L&gt; Verst\u00e4rkungsblech Ringschraube-Kit f\u00fcr Mulde  &nbsp; Kontaktieren Sie uns f\u00fcr weitere Informationen oder fordern Sie eine Vorf\u00fchrung bei Ihnen zu Hause an, um dieses robuste und \u00e4u\u00dferst praktische Ger\u00e4t kennenzulernen!\" \/>\n<meta property=\"og:url\" content=\"https:\/\/www.ohis.be\/de\/produit\/dumper-jet-profi-elektroschubkarre\/\" \/>\n<meta property=\"og:site_name\" content=\"Ohis\" \/>\n<meta property=\"og:image\" content=\"https:\/\/www.ohis.be\/wp-content\/uploads\/2023\/10\/Dumper-jet.jpg\" \/>\n\t<meta property=\"og:image:width\" content=\"600\" \/>\n\t<meta property=\"og:image:height\" content=\"523\" \/>\n\t<meta property=\"og:image:type\" content=\"image\/jpeg\" \/>\n<meta name=\"twitter:card\" content=\"summary_large_image\" \/>\n<meta name=\"twitter:label1\" content=\"Gesch\u00e4tzte Lesezeit\" \/>\n\t<meta name=\"twitter:data1\" content=\"1\u00a0Minute\" \/>\n<script type=\"application\/ld+json\" class=\"yoast-schema-graph\">{\"@context\":\"https:\\\/\\\/schema.org\",\"@graph\":[{\"@type\":\"WebPage\",\"@id\":\"https:\\\/\\\/www.ohis.be\\\/de\\\/produit\\\/dumper-jet-profi-elektroschubkarre\\\/\",\"url\":\"https:\\\/\\\/www.ohis.be\\\/de\\\/produit\\\/dumper-jet-profi-elektroschubkarre\\\/\",\"name\":\"DUMPER JET - Profi Elektroschubkarre - Ohis\",\"isPartOf\":{\"@id\":\"https:\\\/\\\/www.ohis.be\\\/#website\"},\"primaryImageOfPage\":{\"@id\":\"https:\\\/\\\/www.ohis.be\\\/de\\\/produit\\\/dumper-jet-profi-elektroschubkarre\\\/#primaryimage\"},\"image\":{\"@id\":\"https:\\\/\\\/www.ohis.be\\\/de\\\/produit\\\/dumper-jet-profi-elektroschubkarre\\\/#primaryimage\"},\"thumbnailUrl\":\"https:\\\/\\\/www.ohis.be\\\/wp-content\\\/uploads\\\/2023\\\/10\\\/Dumper-jet.jpg\",\"datePublished\":\"2023-10-08T08:18:02+00:00\",\"breadcrumb\":{\"@id\":\"https:\\\/\\\/www.ohis.be\\\/de\\\/produit\\\/dumper-jet-profi-elektroschubkarre\\\/#breadcrumb\"},\"inLanguage\":\"de\",\"potentialAction\":[{\"@type\":\"ReadAction\",\"target\":[\"https:\\\/\\\/www.ohis.be\\\/de\\\/produit\\\/dumper-jet-profi-elektroschubkarre\\\/\"]}]},{\"@type\":\"ImageObject\",\"inLanguage\":\"de\",\"@id\":\"https:\\\/\\\/www.ohis.be\\\/de\\\/produit\\\/dumper-jet-profi-elektroschubkarre\\\/#primaryimage\",\"url\":\"https:\\\/\\\/www.ohis.be\\\/wp-content\\\/uploads\\\/2023\\\/10\\\/Dumper-jet.jpg\",\"contentUrl\":\"https:\\\/\\\/www.ohis.be\\\/wp-content\\\/uploads\\\/2023\\\/10\\\/Dumper-jet.jpg\",\"width\":600,\"height\":523,\"caption\":\"Profi Elektroschubkarre Zallys Dumper Jet\"},{\"@type\":\"BreadcrumbList\",\"@id\":\"https:\\\/\\\/www.ohis.be\\\/de\\\/produit\\\/dumper-jet-profi-elektroschubkarre\\\/#breadcrumb\",\"itemListElement\":[{\"@type\":\"ListItem\",\"position\":1,\"name\":\"Accueil\",\"item\":\"https:\\\/\\\/www.ohis.be\\\/de\\\/\"},{\"@type\":\"ListItem\",\"position\":2,\"name\":\"Produkte\",\"item\":\"https:\\\/\\\/www.ohis.be\\\/de\\\/produkte\\\/\"},{\"@type\":\"ListItem\",\"position\":3,\"name\":\"DUMPER JET &#8211; Profi Elektroschubkarre\"}]},{\"@type\":\"WebSite\",\"@id\":\"https:\\\/\\\/www.ohis.be\\\/#website\",\"url\":\"https:\\\/\\\/www.ohis.be\\\/\",\"name\":\"Ohis\",\"description\":\"Outils de levage\",\"publisher\":{\"@id\":\"https:\\\/\\\/www.ohis.be\\\/#organization\"},\"potentialAction\":[{\"@type\":\"SearchAction\",\"target\":{\"@type\":\"EntryPoint\",\"urlTemplate\":\"https:\\\/\\\/www.ohis.be\\\/?s={search_term_string}\"},\"query-input\":{\"@type\":\"PropertyValueSpecification\",\"valueRequired\":true,\"valueName\":\"search_term_string\"}}],\"inLanguage\":\"de\"},{\"@type\":\"Organization\",\"@id\":\"https:\\\/\\\/www.ohis.be\\\/#organization\",\"name\":\"Ohis\",\"url\":\"https:\\\/\\\/www.ohis.be\\\/\",\"logo\":{\"@type\":\"ImageObject\",\"inLanguage\":\"de\",\"@id\":\"https:\\\/\\\/www.ohis.be\\\/#\\\/schema\\\/logo\\\/image\\\/\",\"url\":\"https:\\\/\\\/www.ohis.be\\\/wp-content\\\/uploads\\\/2021\\\/02\\\/logo-ohis-wit.svg\",\"contentUrl\":\"https:\\\/\\\/www.ohis.be\\\/wp-content\\\/uploads\\\/2021\\\/02\\\/logo-ohis-wit.svg\",\"caption\":\"Ohis\"},\"image\":{\"@id\":\"https:\\\/\\\/www.ohis.be\\\/#\\\/schema\\\/logo\\\/image\\\/\"}}]}<\/script>\n<!-- \/ Yoast SEO plugin. -->","yoast_head_json":{"title":"DUMPER JET - Profi Elektroschubkarre - Ohis","robots":{"index":"index","follow":"follow","max-snippet":"max-snippet:-1","max-image-preview":"max-image-preview:large","max-video-preview":"max-video-preview:-1"},"canonical":"https:\/\/www.ohis.be\/de\/produit\/dumper-jet-profi-elektroschubkarre\/","og_locale":"de_DE","og_type":"article","og_title":"DUMPER JET - Profi Elektroschubkarre - Ohis","og_description":"Die Profi Elektroschubkarre Zallys Dumper Jet ist die ideale L\u00f6sung, um den manuellen Umgang mit Zuschlagstoffen zu vermeiden.  f\u00fcr Lasten bis 500 kg vielseitig und kompakt mit pneumatischen R\u00e4dern f\u00fcr den Innen- und Au\u00dfenbereich ohne Besch\u00e4digung der Oberfl\u00e4che gro\u00dfe Auswahl an Standard-Korrosionsschutzbeh\u00e4ltern  Die folgenden Zubeh\u00f6rteile sind standardm\u00e4\u00dfig erh\u00e4ltlich:  Verzinkte Wanne 180 L Verzinkte Wanne 250 L&gt; Verst\u00e4rkungsblech Ringschraube-Kit f\u00fcr Mulde  &nbsp; Kontaktieren Sie uns f\u00fcr weitere Informationen oder fordern Sie eine Vorf\u00fchrung bei Ihnen zu Hause an, um dieses robuste und \u00e4u\u00dferst praktische Ger\u00e4t kennenzulernen!","og_url":"https:\/\/www.ohis.be\/de\/produit\/dumper-jet-profi-elektroschubkarre\/","og_site_name":"Ohis","og_image":[{"width":600,"height":523,"url":"https:\/\/www.ohis.be\/wp-content\/uploads\/2023\/10\/Dumper-jet.jpg","type":"image\/jpeg"}],"twitter_card":"summary_large_image","twitter_misc":{"Gesch\u00e4tzte Lesezeit":"1\u00a0Minute"},"schema":{"@context":"https:\/\/schema.org","@graph":[{"@type":"WebPage","@id":"https:\/\/www.ohis.be\/de\/produit\/dumper-jet-profi-elektroschubkarre\/","url":"https:\/\/www.ohis.be\/de\/produit\/dumper-jet-profi-elektroschubkarre\/","name":"DUMPER JET - Profi Elektroschubkarre - Ohis","isPartOf":{"@id":"https:\/\/www.ohis.be\/#website"},"primaryImageOfPage":{"@id":"https:\/\/www.ohis.be\/de\/produit\/dumper-jet-profi-elektroschubkarre\/#primaryimage"},"image":{"@id":"https:\/\/www.ohis.be\/de\/produit\/dumper-jet-profi-elektroschubkarre\/#primaryimage"},"thumbnailUrl":"https:\/\/www.ohis.be\/wp-content\/uploads\/2023\/10\/Dumper-jet.jpg","datePublished":"2023-10-08T08:18:02+00:00","breadcrumb":{"@id":"https:\/\/www.ohis.be\/de\/produit\/dumper-jet-profi-elektroschubkarre\/#breadcrumb"},"inLanguage":"de","potentialAction":[{"@type":"ReadAction","target":["https:\/\/www.ohis.be\/de\/produit\/dumper-jet-profi-elektroschubkarre\/"]}]},{"@type":"ImageObject","inLanguage":"de","@id":"https:\/\/www.ohis.be\/de\/produit\/dumper-jet-profi-elektroschubkarre\/#primaryimage","url":"https:\/\/www.ohis.be\/wp-content\/uploads\/2023\/10\/Dumper-jet.jpg","contentUrl":"https:\/\/www.ohis.be\/wp-content\/uploads\/2023\/10\/Dumper-jet.jpg","width":600,"height":523,"caption":"Profi Elektroschubkarre Zallys Dumper Jet"},{"@type":"BreadcrumbList","@id":"https:\/\/www.ohis.be\/de\/produit\/dumper-jet-profi-elektroschubkarre\/#breadcrumb","itemListElement":[{"@type":"ListItem","position":1,"name":"Accueil","item":"https:\/\/www.ohis.be\/de\/"},{"@type":"ListItem","position":2,"name":"Produkte","item":"https:\/\/www.ohis.be\/de\/produkte\/"},{"@type":"ListItem","position":3,"name":"DUMPER JET &#8211; Profi Elektroschubkarre"}]},{"@type":"WebSite","@id":"https:\/\/www.ohis.be\/#website","url":"https:\/\/www.ohis.be\/","name":"Ohis","description":"Outils de levage","publisher":{"@id":"https:\/\/www.ohis.be\/#organization"},"potentialAction":[{"@type":"SearchAction","target":{"@type":"EntryPoint","urlTemplate":"https:\/\/www.ohis.be\/?s={search_term_string}"},"query-input":{"@type":"PropertyValueSpecification","valueRequired":true,"valueName":"search_term_string"}}],"inLanguage":"de"},{"@type":"Organization","@id":"https:\/\/www.ohis.be\/#organization","name":"Ohis","url":"https:\/\/www.ohis.be\/","logo":{"@type":"ImageObject","inLanguage":"de","@id":"https:\/\/www.ohis.be\/#\/schema\/logo\/image\/","url":"https:\/\/www.ohis.be\/wp-content\/uploads\/2021\/02\/logo-ohis-wit.svg","contentUrl":"https:\/\/www.ohis.be\/wp-content\/uploads\/2021\/02\/logo-ohis-wit.svg","caption":"Ohis"},"image":{"@id":"https:\/\/www.ohis.be\/#\/schema\/logo\/image\/"}}]}},"_links":{"self":[{"href":"https:\/\/www.ohis.be\/de\/wp-json\/wp\/v2\/product\/39652","targetHints":{"allow":["GET"]}}],"collection":[{"href":"https:\/\/www.ohis.be\/de\/wp-json\/wp\/v2\/product"}],"about":[{"href":"https:\/\/www.ohis.be\/de\/wp-json\/wp\/v2\/types\/product"}],"wp:featuredmedia":[{"embeddable":true,"href":"https:\/\/www.ohis.be\/de\/wp-json\/wp\/v2\/media\/37884"}],"wp:attachment":[{"href":"https:\/\/www.ohis.be\/de\/wp-json\/wp\/v2\/media?parent=39652"}],"wp:term":[{"taxonomy":"product_brand","embeddable":true,"href":"https:\/\/www.ohis.be\/de\/wp-json\/wp\/v2\/product_brand?post=39652"},{"taxonomy":"product_cat","embeddable":true,"href":"https:\/\/www.ohis.be\/de\/wp-json\/wp\/v2\/product_cat?post=39652"},{"taxonomy":"product_tag","embeddable":true,"href":"https:\/\/www.ohis.be\/de\/wp-json\/wp\/v2\/product_tag?post=39652"}],"curies":[{"name":"wp","href":"https:\/\/api.w.org\/{rel}","templated":true}]}}