{"id":37699,"date":"2023-09-19T16:02:40","date_gmt":"2023-09-19T14:02:40","guid":{"rendered":"https:\/\/www.ohis.be\/produit\/anschlagketten-guteklasse-100-1-strang\/"},"modified":"2024-01-19T14:47:07","modified_gmt":"2024-01-19T13:47:07","slug":"anschlagketten-guteklasse-100-1-strang","status":"publish","type":"product","link":"https:\/\/www.ohis.be\/de\/produit\/anschlagketten-guteklasse-100-1-strang\/","title":{"rendered":"Anschlagketten G\u00fcteklasse 100 &#8211; 1-strang"},"content":{"rendered":"<p>Anschlagketten G\u00fcteklasse 100 &#8211; 1-strang<br \/>\n1-strang mit gabelkopf- oder selbstschliessendem lasthaken, mit oder ohne verk\u00fcrzungshaken<br \/>\nProduktion in Asia<br \/>\nAndere l\u00e4ngen und haken kombinationen auf anfrage<\/p>\n<p>&nbsp;<\/p>\n<table width=\"236\">\n<tbody>\n<tr>\n<td colspan=\"2\" width=\"236\">Grade 100 &#8211; 1-strang lasthaken<\/td>\n<\/tr>\n<tr>\n<td>Nenngr\u00f6\u00dfe<\/td>\n<td>Tragf\u00e4higkeit<\/td>\n<\/tr>\n<tr>\n<td>\u00d8 mm<\/td>\n<td>kg<\/td>\n<\/tr>\n<tr>\n<td>6<\/td>\n<td>1400<\/td>\n<\/tr>\n<tr>\n<td>8<\/td>\n<td>2500<\/td>\n<\/tr>\n<tr>\n<td>10<\/td>\n<td>4000<\/td>\n<\/tr>\n<tr>\n<td>13<\/td>\n<td>6700<\/td>\n<\/tr>\n<tr>\n<td>16<\/td>\n<td>10000<\/td>\n<\/tr>\n<tr>\n<td>20<\/td>\n<td>16000<\/td>\n<\/tr>\n<tr>\n<td>22<\/td>\n<td>19000<\/td>\n<\/tr>\n<tr>\n<td>26<\/td>\n<td>26500<\/td>\n<\/tr>\n<tr>\n<td>32<\/td>\n<td>39300<\/td>\n<\/tr>\n<\/tbody>\n<\/table>\n","protected":false},"excerpt":{"rendered":"<p>Anschlagketten G\u00fcteklasse 100 &#8211; 1-strang<br \/>\n1-strang mit gabelkopf- oder selbstschliessendem lasthaken, mit oder ohne verk\u00fcrzungshaken<br \/>\nProduktion in Asia<br \/>\nAndere l\u00e4ngen und haken kombinationen auf anfrage<\/p>\n<p>&nbsp;<\/p>\n<table width=\"236\">\n<tbody>\n<tr>\n<td colspan=\"2\" width=\"236\">Grade 100 &#8211; 1-strang lasthaken<\/td>\n<\/tr>\n<tr>\n<td>Nenngr\u00f6\u00dfe<\/td>\n<td>Tragf\u00e4higkeit<\/td>\n<\/tr>\n<tr>\n<td>\u00d8 mm<\/td>\n<td>kg<\/td>\n<\/tr>\n<tr>\n<td>6<\/td>\n<td>1400<\/td>\n<\/tr>\n<tr>\n<td>8<\/td>\n<td>2500<\/td>\n<\/tr>\n<tr>\n<td>10<\/td>\n<td>4000<\/td>\n<\/tr>\n<tr>\n<td>13<\/td>\n<td>6700<\/td>\n<\/tr>\n<tr>\n<td>16<\/td>\n<td>10000<\/td>\n<\/tr>\n<tr>\n<td>20<\/td>\n<td>16000<\/td>\n<\/tr>\n<tr>\n<td>22<\/td>\n<td>19000<\/td>\n<\/tr>\n<tr>\n<td>26<\/td>\n<td>26500<\/td>\n<\/tr>\n<tr>\n<td>32<\/td>\n<td>39300<\/td>\n<\/tr>\n<\/tbody>\n<\/table>\n","protected":false},"featured_media":36634,"template":"","meta":{"_acf_changed":false,"inline_featured_image":false},"product_brand":[],"product_cat":[3722],"product_tag":[],"class_list":{"0":"post-37699","1":"product","2":"type-product","3":"status-publish","4":"has-post-thumbnail","6":"product_cat-kettenschlingen","7":"yith_product_brand-deltalock-de","9":"first","10":"onbackorder","11":"taxable","12":"shipping-taxable","13":"purchasable","14":"product-type-variable"},"acf":[],"yoast_head":"<!-- This site is optimized with the Yoast SEO plugin v27.4 - https:\/\/yoast.com\/product\/yoast-seo-wordpress\/ -->\n<title>Anschlagketten G\u00fcteklasse 100 - 1-strang - Ohis<\/title>\n<meta name=\"robots\" content=\"index, follow, max-snippet:-1, max-image-preview:large, max-video-preview:-1\" \/>\n<link rel=\"canonical\" href=\"https:\/\/www.ohis.be\/de\/produit\/anschlagketten-guteklasse-100-1-strang\/\" \/>\n<meta property=\"og:locale\" content=\"de_DE\" \/>\n<meta property=\"og:type\" content=\"article\" \/>\n<meta property=\"og:title\" content=\"Anschlagketten G\u00fcteklasse 100 - 1-strang - Ohis\" \/>\n<meta property=\"og:description\" content=\"Anschlagketten G\u00fcteklasse 100 - 1-strang 1-strang mit gabelkopf- oder selbstschliessendem lasthaken, mit oder ohne verk\u00fcrzungshaken Produktion in Asia Andere l\u00e4ngen und haken kombinationen auf anfrage  &nbsp;    Grade 100 - 1-strang lasthaken   Nenngr\u00f6\u00dfe Tragf\u00e4higkeit   \u00d8 mm kg   6 1400   8 2500   10 4000   13 6700   16 10000   20 16000   22 19000   26 26500   32 39300\" \/>\n<meta property=\"og:url\" content=\"https:\/\/www.ohis.be\/de\/produit\/anschlagketten-guteklasse-100-1-strang\/\" \/>\n<meta property=\"og:site_name\" content=\"Ohis\" \/>\n<meta property=\"article:modified_time\" content=\"2024-01-19T13:47:07+00:00\" \/>\n<meta property=\"og:image\" content=\"https:\/\/www.ohis.be\/wp-content\/uploads\/2023\/09\/YE101SK13.jpg\" \/>\n\t<meta property=\"og:image:width\" content=\"1000\" \/>\n\t<meta property=\"og:image:height\" content=\"1000\" \/>\n\t<meta property=\"og:image:type\" content=\"image\/jpeg\" \/>\n<meta name=\"twitter:card\" content=\"summary_large_image\" \/>\n<script type=\"application\/ld+json\" class=\"yoast-schema-graph\">{\"@context\":\"https:\\\/\\\/schema.org\",\"@graph\":[{\"@type\":\"WebPage\",\"@id\":\"https:\\\/\\\/www.ohis.be\\\/de\\\/produit\\\/anschlagketten-guteklasse-100-1-strang\\\/\",\"url\":\"https:\\\/\\\/www.ohis.be\\\/de\\\/produit\\\/anschlagketten-guteklasse-100-1-strang\\\/\",\"name\":\"Anschlagketten G\u00fcteklasse 100 - 1-strang - Ohis\",\"isPartOf\":{\"@id\":\"https:\\\/\\\/www.ohis.be\\\/#website\"},\"primaryImageOfPage\":{\"@id\":\"https:\\\/\\\/www.ohis.be\\\/de\\\/produit\\\/anschlagketten-guteklasse-100-1-strang\\\/#primaryimage\"},\"image\":{\"@id\":\"https:\\\/\\\/www.ohis.be\\\/de\\\/produit\\\/anschlagketten-guteklasse-100-1-strang\\\/#primaryimage\"},\"thumbnailUrl\":\"https:\\\/\\\/www.ohis.be\\\/wp-content\\\/uploads\\\/2023\\\/09\\\/YE101SK13.jpg\",\"datePublished\":\"2023-09-19T14:02:40+00:00\",\"dateModified\":\"2024-01-19T13:47:07+00:00\",\"breadcrumb\":{\"@id\":\"https:\\\/\\\/www.ohis.be\\\/de\\\/produit\\\/anschlagketten-guteklasse-100-1-strang\\\/#breadcrumb\"},\"inLanguage\":\"de\",\"potentialAction\":[{\"@type\":\"ReadAction\",\"target\":[\"https:\\\/\\\/www.ohis.be\\\/de\\\/produit\\\/anschlagketten-guteklasse-100-1-strang\\\/\"]}]},{\"@type\":\"ImageObject\",\"inLanguage\":\"de\",\"@id\":\"https:\\\/\\\/www.ohis.be\\\/de\\\/produit\\\/anschlagketten-guteklasse-100-1-strang\\\/#primaryimage\",\"url\":\"https:\\\/\\\/www.ohis.be\\\/wp-content\\\/uploads\\\/2023\\\/09\\\/YE101SK13.jpg\",\"contentUrl\":\"https:\\\/\\\/www.ohis.be\\\/wp-content\\\/uploads\\\/2023\\\/09\\\/YE101SK13.jpg\",\"width\":1000,\"height\":1000,\"caption\":\"G\u00fcteklasse 100 - 1-strang mit gabelkopf lasthaken\"},{\"@type\":\"BreadcrumbList\",\"@id\":\"https:\\\/\\\/www.ohis.be\\\/de\\\/produit\\\/anschlagketten-guteklasse-100-1-strang\\\/#breadcrumb\",\"itemListElement\":[{\"@type\":\"ListItem\",\"position\":1,\"name\":\"Accueil\",\"item\":\"https:\\\/\\\/www.ohis.be\\\/de\\\/\"},{\"@type\":\"ListItem\",\"position\":2,\"name\":\"Produkte\",\"item\":\"https:\\\/\\\/www.ohis.be\\\/de\\\/produkte\\\/\"},{\"@type\":\"ListItem\",\"position\":3,\"name\":\"Anschlagketten G\u00fcteklasse 100 &#8211; 1-strang\"}]},{\"@type\":\"WebSite\",\"@id\":\"https:\\\/\\\/www.ohis.be\\\/#website\",\"url\":\"https:\\\/\\\/www.ohis.be\\\/\",\"name\":\"Ohis\",\"description\":\"Outils de levage\",\"publisher\":{\"@id\":\"https:\\\/\\\/www.ohis.be\\\/#organization\"},\"potentialAction\":[{\"@type\":\"SearchAction\",\"target\":{\"@type\":\"EntryPoint\",\"urlTemplate\":\"https:\\\/\\\/www.ohis.be\\\/?s={search_term_string}\"},\"query-input\":{\"@type\":\"PropertyValueSpecification\",\"valueRequired\":true,\"valueName\":\"search_term_string\"}}],\"inLanguage\":\"de\"},{\"@type\":\"Organization\",\"@id\":\"https:\\\/\\\/www.ohis.be\\\/#organization\",\"name\":\"Ohis\",\"url\":\"https:\\\/\\\/www.ohis.be\\\/\",\"logo\":{\"@type\":\"ImageObject\",\"inLanguage\":\"de\",\"@id\":\"https:\\\/\\\/www.ohis.be\\\/#\\\/schema\\\/logo\\\/image\\\/\",\"url\":\"https:\\\/\\\/www.ohis.be\\\/wp-content\\\/uploads\\\/2021\\\/02\\\/logo-ohis-wit.svg\",\"contentUrl\":\"https:\\\/\\\/www.ohis.be\\\/wp-content\\\/uploads\\\/2021\\\/02\\\/logo-ohis-wit.svg\",\"caption\":\"Ohis\"},\"image\":{\"@id\":\"https:\\\/\\\/www.ohis.be\\\/#\\\/schema\\\/logo\\\/image\\\/\"}}]}<\/script>\n<!-- \/ Yoast SEO plugin. -->","yoast_head_json":{"title":"Anschlagketten G\u00fcteklasse 100 - 1-strang - Ohis","robots":{"index":"index","follow":"follow","max-snippet":"max-snippet:-1","max-image-preview":"max-image-preview:large","max-video-preview":"max-video-preview:-1"},"canonical":"https:\/\/www.ohis.be\/de\/produit\/anschlagketten-guteklasse-100-1-strang\/","og_locale":"de_DE","og_type":"article","og_title":"Anschlagketten G\u00fcteklasse 100 - 1-strang - Ohis","og_description":"Anschlagketten G\u00fcteklasse 100 - 1-strang 1-strang mit gabelkopf- oder selbstschliessendem lasthaken, mit oder ohne verk\u00fcrzungshaken Produktion in Asia Andere l\u00e4ngen und haken kombinationen auf anfrage  &nbsp;    Grade 100 - 1-strang lasthaken   Nenngr\u00f6\u00dfe Tragf\u00e4higkeit   \u00d8 mm kg   6 1400   8 2500   10 4000   13 6700   16 10000   20 16000   22 19000   26 26500   32 39300","og_url":"https:\/\/www.ohis.be\/de\/produit\/anschlagketten-guteklasse-100-1-strang\/","og_site_name":"Ohis","article_modified_time":"2024-01-19T13:47:07+00:00","og_image":[{"width":1000,"height":1000,"url":"https:\/\/www.ohis.be\/wp-content\/uploads\/2023\/09\/YE101SK13.jpg","type":"image\/jpeg"}],"twitter_card":"summary_large_image","schema":{"@context":"https:\/\/schema.org","@graph":[{"@type":"WebPage","@id":"https:\/\/www.ohis.be\/de\/produit\/anschlagketten-guteklasse-100-1-strang\/","url":"https:\/\/www.ohis.be\/de\/produit\/anschlagketten-guteklasse-100-1-strang\/","name":"Anschlagketten G\u00fcteklasse 100 - 1-strang - Ohis","isPartOf":{"@id":"https:\/\/www.ohis.be\/#website"},"primaryImageOfPage":{"@id":"https:\/\/www.ohis.be\/de\/produit\/anschlagketten-guteklasse-100-1-strang\/#primaryimage"},"image":{"@id":"https:\/\/www.ohis.be\/de\/produit\/anschlagketten-guteklasse-100-1-strang\/#primaryimage"},"thumbnailUrl":"https:\/\/www.ohis.be\/wp-content\/uploads\/2023\/09\/YE101SK13.jpg","datePublished":"2023-09-19T14:02:40+00:00","dateModified":"2024-01-19T13:47:07+00:00","breadcrumb":{"@id":"https:\/\/www.ohis.be\/de\/produit\/anschlagketten-guteklasse-100-1-strang\/#breadcrumb"},"inLanguage":"de","potentialAction":[{"@type":"ReadAction","target":["https:\/\/www.ohis.be\/de\/produit\/anschlagketten-guteklasse-100-1-strang\/"]}]},{"@type":"ImageObject","inLanguage":"de","@id":"https:\/\/www.ohis.be\/de\/produit\/anschlagketten-guteklasse-100-1-strang\/#primaryimage","url":"https:\/\/www.ohis.be\/wp-content\/uploads\/2023\/09\/YE101SK13.jpg","contentUrl":"https:\/\/www.ohis.be\/wp-content\/uploads\/2023\/09\/YE101SK13.jpg","width":1000,"height":1000,"caption":"G\u00fcteklasse 100 - 1-strang mit gabelkopf lasthaken"},{"@type":"BreadcrumbList","@id":"https:\/\/www.ohis.be\/de\/produit\/anschlagketten-guteklasse-100-1-strang\/#breadcrumb","itemListElement":[{"@type":"ListItem","position":1,"name":"Accueil","item":"https:\/\/www.ohis.be\/de\/"},{"@type":"ListItem","position":2,"name":"Produkte","item":"https:\/\/www.ohis.be\/de\/produkte\/"},{"@type":"ListItem","position":3,"name":"Anschlagketten G\u00fcteklasse 100 &#8211; 1-strang"}]},{"@type":"WebSite","@id":"https:\/\/www.ohis.be\/#website","url":"https:\/\/www.ohis.be\/","name":"Ohis","description":"Outils de levage","publisher":{"@id":"https:\/\/www.ohis.be\/#organization"},"potentialAction":[{"@type":"SearchAction","target":{"@type":"EntryPoint","urlTemplate":"https:\/\/www.ohis.be\/?s={search_term_string}"},"query-input":{"@type":"PropertyValueSpecification","valueRequired":true,"valueName":"search_term_string"}}],"inLanguage":"de"},{"@type":"Organization","@id":"https:\/\/www.ohis.be\/#organization","name":"Ohis","url":"https:\/\/www.ohis.be\/","logo":{"@type":"ImageObject","inLanguage":"de","@id":"https:\/\/www.ohis.be\/#\/schema\/logo\/image\/","url":"https:\/\/www.ohis.be\/wp-content\/uploads\/2021\/02\/logo-ohis-wit.svg","contentUrl":"https:\/\/www.ohis.be\/wp-content\/uploads\/2021\/02\/logo-ohis-wit.svg","caption":"Ohis"},"image":{"@id":"https:\/\/www.ohis.be\/#\/schema\/logo\/image\/"}}]}},"_links":{"self":[{"href":"https:\/\/www.ohis.be\/de\/wp-json\/wp\/v2\/product\/37699","targetHints":{"allow":["GET"]}}],"collection":[{"href":"https:\/\/www.ohis.be\/de\/wp-json\/wp\/v2\/product"}],"about":[{"href":"https:\/\/www.ohis.be\/de\/wp-json\/wp\/v2\/types\/product"}],"wp:featuredmedia":[{"embeddable":true,"href":"https:\/\/www.ohis.be\/de\/wp-json\/wp\/v2\/media\/36634"}],"wp:attachment":[{"href":"https:\/\/www.ohis.be\/de\/wp-json\/wp\/v2\/media?parent=37699"}],"wp:term":[{"taxonomy":"product_brand","embeddable":true,"href":"https:\/\/www.ohis.be\/de\/wp-json\/wp\/v2\/product_brand?post=37699"},{"taxonomy":"product_cat","embeddable":true,"href":"https:\/\/www.ohis.be\/de\/wp-json\/wp\/v2\/product_cat?post=37699"},{"taxonomy":"product_tag","embeddable":true,"href":"https:\/\/www.ohis.be\/de\/wp-json\/wp\/v2\/product_tag?post=37699"}],"curies":[{"name":"wp","href":"https:\/\/api.w.org\/{rel}","templated":true}]}}