{"id":36286,"date":"2023-09-18T12:16:15","date_gmt":"2023-09-18T10:16:15","guid":{"rendered":"https:\/\/www.ohis.be\/produit\/1-demag-antriebstechnik\/"},"modified":"2023-09-18T12:16:15","modified_gmt":"2023-09-18T10:16:15","slug":"1-demag-antriebstechnik","status":"publish","type":"product","link":"https:\/\/www.ohis.be\/de\/produit\/1-demag-antriebstechnik\/","title":{"rendered":"1. Demag Antriebstechnik"},"content":{"rendered":"<p>Die Demag-Produktpalette ist so umfangreich, dass sie viele L\u00f6sungen f\u00fcr den G\u00fctertransport bietet.<br \/>\nRadbl\u00f6cke, Getriebemotoren, Frequenzumrichter und Antriebsstr\u00e4nge bieten viele M\u00f6glichkeiten.<br \/>\nWenden Sie sich an OHIS, um Ihr Projekt gemeinsam zu untersuchen und Ihnen das richtige Produkt vorzuschlagen. Unsere Experten sind geschult und k\u00f6nnen Ihnen helfen, Ihre Maschine optimal zu bewegen.<\/p>\n<p><a href=\"http:\/\/www.ohis.be\/de\/kontakt\/\">Fordern Sie einen Besuch bei OHIS an<\/a><\/p>\n","protected":false},"excerpt":{"rendered":"<p>Die Demag-Produktpalette ist so umfangreich, dass sie viele L\u00f6sungen f\u00fcr den G\u00fctertransport bietet.<br \/>\nRadbl\u00f6cke, Getriebemotoren, Frequenzumrichter und Antriebsstr\u00e4nge bieten viele M\u00f6glichkeiten.<br \/>\nWenden Sie sich an OHIS, um Ihr Projekt gemeinsam zu untersuchen und Ihnen das richtige Produkt vorzuschlagen. Unsere Experten sind geschult und k\u00f6nnen Ihnen helfen, Ihre Maschine optimal zu bewegen.<\/p>\n<p><a href=\"http:\/\/www.ohis.be\/de\/kontakt\/\">Fordern Sie einen Besuch bei OHIS an<\/a><\/p>\n","protected":false},"featured_media":36270,"template":"","meta":{"_acf_changed":false,"inline_featured_image":false},"product_brand":[],"product_cat":[389],"product_tag":[],"class_list":{"0":"post-36286","1":"product","2":"type-product","3":"status-publish","4":"has-post-thumbnail","6":"product_cat-antriebstechnik","7":"yith_product_brand-demag-de","9":"first","10":"instock","11":"taxable","12":"shipping-taxable","13":"product-type-simple"},"acf":[],"yoast_head":"<!-- This site is optimized with the Yoast SEO plugin v27.5 - https:\/\/yoast.com\/product\/yoast-seo-wordpress\/ -->\n<title>1. Demag Antriebstechnik - Ohis<\/title>\n<meta name=\"robots\" content=\"index, follow, max-snippet:-1, max-image-preview:large, max-video-preview:-1\" \/>\n<link rel=\"canonical\" href=\"https:\/\/www.ohis.be\/de\/produit\/1-demag-antriebstechnik\/\" \/>\n<meta property=\"og:locale\" content=\"de_DE\" \/>\n<meta property=\"og:type\" content=\"article\" \/>\n<meta property=\"og:title\" content=\"1. Demag Antriebstechnik - Ohis\" \/>\n<meta property=\"og:description\" content=\"Die Demag-Produktpalette ist so umfangreich, dass sie viele L\u00f6sungen f\u00fcr den G\u00fctertransport bietet. Radbl\u00f6cke, Getriebemotoren, Frequenzumrichter und Antriebsstr\u00e4nge bieten viele M\u00f6glichkeiten. Wenden Sie sich an OHIS, um Ihr Projekt gemeinsam zu untersuchen und Ihnen das richtige Produkt vorzuschlagen. Unsere Experten sind geschult und k\u00f6nnen Ihnen helfen, Ihre Maschine optimal zu bewegen.  Fordern Sie einen Besuch bei OHIS an\" \/>\n<meta property=\"og:url\" content=\"https:\/\/www.ohis.be\/de\/produit\/1-demag-antriebstechnik\/\" \/>\n<meta property=\"og:site_name\" content=\"Ohis\" \/>\n<meta property=\"og:image\" content=\"https:\/\/www.ohis.be\/wp-content\/uploads\/2023\/09\/Ensemble-de-translation-Demag.jpg\" \/>\n\t<meta property=\"og:image:width\" content=\"827\" \/>\n\t<meta property=\"og:image:height\" content=\"548\" \/>\n\t<meta property=\"og:image:type\" content=\"image\/jpeg\" \/>\n<meta name=\"twitter:card\" content=\"summary_large_image\" \/>\n<script type=\"application\/ld+json\" class=\"yoast-schema-graph\">{\"@context\":\"https:\\\/\\\/schema.org\",\"@graph\":[{\"@type\":\"WebPage\",\"@id\":\"https:\\\/\\\/www.ohis.be\\\/de\\\/produit\\\/1-demag-antriebstechnik\\\/\",\"url\":\"https:\\\/\\\/www.ohis.be\\\/de\\\/produit\\\/1-demag-antriebstechnik\\\/\",\"name\":\"1. Demag Antriebstechnik - Ohis\",\"isPartOf\":{\"@id\":\"https:\\\/\\\/www.ohis.be\\\/de\\\/#website\"},\"primaryImageOfPage\":{\"@id\":\"https:\\\/\\\/www.ohis.be\\\/de\\\/produit\\\/1-demag-antriebstechnik\\\/#primaryimage\"},\"image\":{\"@id\":\"https:\\\/\\\/www.ohis.be\\\/de\\\/produit\\\/1-demag-antriebstechnik\\\/#primaryimage\"},\"thumbnailUrl\":\"https:\\\/\\\/www.ohis.be\\\/wp-content\\\/uploads\\\/2023\\\/09\\\/Ensemble-de-translation-Demag.jpg\",\"datePublished\":\"2023-09-18T10:16:15+00:00\",\"breadcrumb\":{\"@id\":\"https:\\\/\\\/www.ohis.be\\\/de\\\/produit\\\/1-demag-antriebstechnik\\\/#breadcrumb\"},\"inLanguage\":\"de\",\"potentialAction\":[{\"@type\":\"ReadAction\",\"target\":[\"https:\\\/\\\/www.ohis.be\\\/de\\\/produit\\\/1-demag-antriebstechnik\\\/\"]}]},{\"@type\":\"ImageObject\",\"inLanguage\":\"de\",\"@id\":\"https:\\\/\\\/www.ohis.be\\\/de\\\/produit\\\/1-demag-antriebstechnik\\\/#primaryimage\",\"url\":\"https:\\\/\\\/www.ohis.be\\\/wp-content\\\/uploads\\\/2023\\\/09\\\/Ensemble-de-translation-Demag.jpg\",\"contentUrl\":\"https:\\\/\\\/www.ohis.be\\\/wp-content\\\/uploads\\\/2023\\\/09\\\/Ensemble-de-translation-Demag.jpg\",\"width\":827,\"height\":548},{\"@type\":\"BreadcrumbList\",\"@id\":\"https:\\\/\\\/www.ohis.be\\\/de\\\/produit\\\/1-demag-antriebstechnik\\\/#breadcrumb\",\"itemListElement\":[{\"@type\":\"ListItem\",\"position\":1,\"name\":\"Accueil\",\"item\":\"https:\\\/\\\/www.ohis.be\\\/de\\\/\"},{\"@type\":\"ListItem\",\"position\":2,\"name\":\"Produkte\",\"item\":\"https:\\\/\\\/www.ohis.be\\\/de\\\/produkte\\\/\"},{\"@type\":\"ListItem\",\"position\":3,\"name\":\"1. Demag Antriebstechnik\"}]},{\"@type\":\"WebSite\",\"@id\":\"https:\\\/\\\/www.ohis.be\\\/de\\\/#website\",\"url\":\"https:\\\/\\\/www.ohis.be\\\/de\\\/\",\"name\":\"Ohis\",\"description\":\"Outils de levage\",\"publisher\":{\"@id\":\"https:\\\/\\\/www.ohis.be\\\/de\\\/#organization\"},\"potentialAction\":[{\"@type\":\"SearchAction\",\"target\":{\"@type\":\"EntryPoint\",\"urlTemplate\":\"https:\\\/\\\/www.ohis.be\\\/de\\\/?s={search_term_string}\"},\"query-input\":{\"@type\":\"PropertyValueSpecification\",\"valueRequired\":true,\"valueName\":\"search_term_string\"}}],\"inLanguage\":\"de\"},{\"@type\":\"Organization\",\"@id\":\"https:\\\/\\\/www.ohis.be\\\/de\\\/#organization\",\"name\":\"Ohis\",\"url\":\"https:\\\/\\\/www.ohis.be\\\/de\\\/\",\"logo\":{\"@type\":\"ImageObject\",\"inLanguage\":\"de\",\"@id\":\"https:\\\/\\\/www.ohis.be\\\/de\\\/#\\\/schema\\\/logo\\\/image\\\/\",\"url\":\"https:\\\/\\\/www.ohis.be\\\/wp-content\\\/uploads\\\/2021\\\/02\\\/logo-ohis-wit.svg\",\"contentUrl\":\"https:\\\/\\\/www.ohis.be\\\/wp-content\\\/uploads\\\/2021\\\/02\\\/logo-ohis-wit.svg\",\"caption\":\"Ohis\"},\"image\":{\"@id\":\"https:\\\/\\\/www.ohis.be\\\/de\\\/#\\\/schema\\\/logo\\\/image\\\/\"}}]}<\/script>\n<!-- \/ Yoast SEO plugin. -->","yoast_head_json":{"title":"1. Demag Antriebstechnik - Ohis","robots":{"index":"index","follow":"follow","max-snippet":"max-snippet:-1","max-image-preview":"max-image-preview:large","max-video-preview":"max-video-preview:-1"},"canonical":"https:\/\/www.ohis.be\/de\/produit\/1-demag-antriebstechnik\/","og_locale":"de_DE","og_type":"article","og_title":"1. Demag Antriebstechnik - Ohis","og_description":"Die Demag-Produktpalette ist so umfangreich, dass sie viele L\u00f6sungen f\u00fcr den G\u00fctertransport bietet. Radbl\u00f6cke, Getriebemotoren, Frequenzumrichter und Antriebsstr\u00e4nge bieten viele M\u00f6glichkeiten. Wenden Sie sich an OHIS, um Ihr Projekt gemeinsam zu untersuchen und Ihnen das richtige Produkt vorzuschlagen. Unsere Experten sind geschult und k\u00f6nnen Ihnen helfen, Ihre Maschine optimal zu bewegen.  Fordern Sie einen Besuch bei OHIS an","og_url":"https:\/\/www.ohis.be\/de\/produit\/1-demag-antriebstechnik\/","og_site_name":"Ohis","og_image":[{"width":827,"height":548,"url":"https:\/\/www.ohis.be\/wp-content\/uploads\/2023\/09\/Ensemble-de-translation-Demag.jpg","type":"image\/jpeg"}],"twitter_card":"summary_large_image","schema":{"@context":"https:\/\/schema.org","@graph":[{"@type":"WebPage","@id":"https:\/\/www.ohis.be\/de\/produit\/1-demag-antriebstechnik\/","url":"https:\/\/www.ohis.be\/de\/produit\/1-demag-antriebstechnik\/","name":"1. Demag Antriebstechnik - Ohis","isPartOf":{"@id":"https:\/\/www.ohis.be\/de\/#website"},"primaryImageOfPage":{"@id":"https:\/\/www.ohis.be\/de\/produit\/1-demag-antriebstechnik\/#primaryimage"},"image":{"@id":"https:\/\/www.ohis.be\/de\/produit\/1-demag-antriebstechnik\/#primaryimage"},"thumbnailUrl":"https:\/\/www.ohis.be\/wp-content\/uploads\/2023\/09\/Ensemble-de-translation-Demag.jpg","datePublished":"2023-09-18T10:16:15+00:00","breadcrumb":{"@id":"https:\/\/www.ohis.be\/de\/produit\/1-demag-antriebstechnik\/#breadcrumb"},"inLanguage":"de","potentialAction":[{"@type":"ReadAction","target":["https:\/\/www.ohis.be\/de\/produit\/1-demag-antriebstechnik\/"]}]},{"@type":"ImageObject","inLanguage":"de","@id":"https:\/\/www.ohis.be\/de\/produit\/1-demag-antriebstechnik\/#primaryimage","url":"https:\/\/www.ohis.be\/wp-content\/uploads\/2023\/09\/Ensemble-de-translation-Demag.jpg","contentUrl":"https:\/\/www.ohis.be\/wp-content\/uploads\/2023\/09\/Ensemble-de-translation-Demag.jpg","width":827,"height":548},{"@type":"BreadcrumbList","@id":"https:\/\/www.ohis.be\/de\/produit\/1-demag-antriebstechnik\/#breadcrumb","itemListElement":[{"@type":"ListItem","position":1,"name":"Accueil","item":"https:\/\/www.ohis.be\/de\/"},{"@type":"ListItem","position":2,"name":"Produkte","item":"https:\/\/www.ohis.be\/de\/produkte\/"},{"@type":"ListItem","position":3,"name":"1. Demag Antriebstechnik"}]},{"@type":"WebSite","@id":"https:\/\/www.ohis.be\/de\/#website","url":"https:\/\/www.ohis.be\/de\/","name":"Ohis","description":"Outils de levage","publisher":{"@id":"https:\/\/www.ohis.be\/de\/#organization"},"potentialAction":[{"@type":"SearchAction","target":{"@type":"EntryPoint","urlTemplate":"https:\/\/www.ohis.be\/de\/?s={search_term_string}"},"query-input":{"@type":"PropertyValueSpecification","valueRequired":true,"valueName":"search_term_string"}}],"inLanguage":"de"},{"@type":"Organization","@id":"https:\/\/www.ohis.be\/de\/#organization","name":"Ohis","url":"https:\/\/www.ohis.be\/de\/","logo":{"@type":"ImageObject","inLanguage":"de","@id":"https:\/\/www.ohis.be\/de\/#\/schema\/logo\/image\/","url":"https:\/\/www.ohis.be\/wp-content\/uploads\/2021\/02\/logo-ohis-wit.svg","contentUrl":"https:\/\/www.ohis.be\/wp-content\/uploads\/2021\/02\/logo-ohis-wit.svg","caption":"Ohis"},"image":{"@id":"https:\/\/www.ohis.be\/de\/#\/schema\/logo\/image\/"}}]}},"_links":{"self":[{"href":"https:\/\/www.ohis.be\/de\/wp-json\/wp\/v2\/product\/36286","targetHints":{"allow":["GET"]}}],"collection":[{"href":"https:\/\/www.ohis.be\/de\/wp-json\/wp\/v2\/product"}],"about":[{"href":"https:\/\/www.ohis.be\/de\/wp-json\/wp\/v2\/types\/product"}],"wp:featuredmedia":[{"embeddable":true,"href":"https:\/\/www.ohis.be\/de\/wp-json\/wp\/v2\/media\/36270"}],"wp:attachment":[{"href":"https:\/\/www.ohis.be\/de\/wp-json\/wp\/v2\/media?parent=36286"}],"wp:term":[{"taxonomy":"product_brand","embeddable":true,"href":"https:\/\/www.ohis.be\/de\/wp-json\/wp\/v2\/product_brand?post=36286"},{"taxonomy":"product_cat","embeddable":true,"href":"https:\/\/www.ohis.be\/de\/wp-json\/wp\/v2\/product_cat?post=36286"},{"taxonomy":"product_tag","embeddable":true,"href":"https:\/\/www.ohis.be\/de\/wp-json\/wp\/v2\/product_tag?post=36286"}],"curies":[{"name":"wp","href":"https:\/\/api.w.org\/{rel}","templated":true}]}}