{"id":36205,"date":"2023-09-12T12:48:19","date_gmt":"2023-09-12T10:48:19","guid":{"rendered":"https:\/\/www.ohis.be\/produit\/demag-kbk-hangekrane\/"},"modified":"2023-09-14T12:17:06","modified_gmt":"2023-09-14T10:17:06","slug":"demag-kbk-hangekrane","status":"publish","type":"product","link":"https:\/\/www.ohis.be\/de\/produit\/demag-kbk-hangekrane\/","title":{"rendered":"Demag KBK H\u00e4ngekrane"},"content":{"rendered":"<p><strong>Fl\u00e4chendeckend flurfreier Transport von Lasten<\/strong><\/p>\n<p>Sinnvolle KBK Zusatzkomponenten erm\u00f6glichen es dem Anlagenbetreiber jederzeit auf sich \u00e4ndernde Anforderungen zu reagieren. Die variabel einsetzbare Fahrwegbegrenzung erlaubt es zum Beispiel mit wenigen Handgriffen eine Limitierung der Fahrachsen zu erwirken. Schnell und simpel installiert. Was die Qualit\u00e4t unserer <strong>Demag KBK H\u00e4ngekrane<\/strong> auszeichnet?<\/p>\n<ul>\n<li>Modulare Systembauweise<\/li>\n<li>Einfache und sichere Handhabung<\/li>\n<li>Leichtg\u00e4ngige Verfahrbarkeit von Hand<\/li>\n<li>Kosteng\u00fcnstige Realisierung<\/li>\n<li>Kundenspezifische Ausf\u00fchrung nach Ma\u00df<\/li>\n<li>Geringe Anfahrma\u00dfe<\/li>\n<li>Gr\u00f6\u00dfere Aufh\u00e4ngeabst\u00e4nde<\/li>\n<li>Verringerte Montagekosten<\/li>\n<\/ul>\n<p><strong>Wir haben die passenden Leichtkransystem KBK-L\u00f6sungen f\u00fcr Ihre Anforderungen \u2013 mit Sicherheit!<\/strong><\/p>\n","protected":false},"excerpt":{"rendered":"<p><strong>Fl\u00e4chendeckend flurfreier Transport von Lasten<\/strong><\/p>\n<p>Sinnvolle KBK Zusatzkomponenten erm\u00f6glichen es dem Anlagenbetreiber jederzeit auf sich \u00e4ndernde Anforderungen zu reagieren. Die variabel einsetzbare Fahrwegbegrenzung erlaubt es zum Beispiel mit wenigen Handgriffen eine Limitierung der Fahrachsen zu erwirken. Schnell und simpel installiert. Was die Qualit\u00e4t unserer <strong>Demag KBK H\u00e4ngekrane<\/strong> auszeichnet?<\/p>\n<ul>\n<li>Modulare Systembauweise<\/li>\n<li>Einfache und sichere Handhabung<\/li>\n<li>Leichtg\u00e4ngige Verfahrbarkeit von Hand<\/li>\n<li>Kosteng\u00fcnstige Realisierung<\/li>\n<li>Kundenspezifische Ausf\u00fchrung nach Ma\u00df<\/li>\n<li>Geringe Anfahrma\u00dfe<\/li>\n<li>Gr\u00f6\u00dfere Aufh\u00e4ngeabst\u00e4nde<\/li>\n<li>Verringerte Montagekosten<\/li>\n<\/ul>\n<p><strong>Wir haben die passenden Leichtkransystem KBK-L\u00f6sungen f\u00fcr Ihre Anforderungen \u2013 mit Sicherheit!<\/strong><\/p>\n","protected":false},"featured_media":36042,"template":"","meta":{"_acf_changed":false,"inline_featured_image":false},"product_brand":[],"product_cat":[115],"product_tag":[],"class_list":{"0":"post-36205","1":"product","2":"type-product","3":"status-publish","4":"has-post-thumbnail","6":"product_cat-modular-leichtkransystem","7":"yith_product_brand-demag-de","9":"first","10":"instock","11":"taxable","12":"shipping-taxable","13":"product-type-simple"},"acf":[],"yoast_head":"<!-- This site is optimized with the Yoast SEO plugin v27.5 - https:\/\/yoast.com\/product\/yoast-seo-wordpress\/ -->\n<title>Demag KBK H\u00e4ngekrane - Ohis<\/title>\n<meta name=\"robots\" content=\"index, follow, max-snippet:-1, max-image-preview:large, max-video-preview:-1\" \/>\n<link rel=\"canonical\" href=\"https:\/\/www.ohis.be\/de\/produit\/demag-kbk-hangekrane\/\" \/>\n<meta property=\"og:locale\" content=\"de_DE\" \/>\n<meta property=\"og:type\" content=\"article\" \/>\n<meta property=\"og:title\" content=\"Demag KBK H\u00e4ngekrane - Ohis\" \/>\n<meta property=\"og:description\" content=\"Fl\u00e4chendeckend flurfreier Transport von Lasten  Sinnvolle KBK Zusatzkomponenten erm\u00f6glichen es dem Anlagenbetreiber jederzeit auf sich \u00e4ndernde Anforderungen zu reagieren. Die variabel einsetzbare Fahrwegbegrenzung erlaubt es zum Beispiel mit wenigen Handgriffen eine Limitierung der Fahrachsen zu erwirken. Schnell und simpel installiert. Was die Qualit\u00e4t unserer Demag KBK H\u00e4ngekrane auszeichnet?   Modulare Systembauweise  Einfache und sichere Handhabung  Leichtg\u00e4ngige Verfahrbarkeit von Hand  Kosteng\u00fcnstige Realisierung  Kundenspezifische Ausf\u00fchrung nach Ma\u00df  Geringe Anfahrma\u00dfe  Gr\u00f6\u00dfere Aufh\u00e4ngeabst\u00e4nde  Verringerte Montagekosten  Wir haben die passenden Leichtkransystem KBK-L\u00f6sungen f\u00fcr Ihre Anforderungen \u2013 mit Sicherheit!\" \/>\n<meta property=\"og:url\" content=\"https:\/\/www.ohis.be\/de\/produit\/demag-kbk-hangekrane\/\" \/>\n<meta property=\"og:site_name\" content=\"Ohis\" \/>\n<meta property=\"article:modified_time\" content=\"2023-09-14T10:17:06+00:00\" \/>\n<meta property=\"og:image\" content=\"https:\/\/www.ohis.be\/wp-content\/uploads\/2023\/09\/Demag-KBK.jpg\" \/>\n\t<meta property=\"og:image:width\" content=\"245\" \/>\n\t<meta property=\"og:image:height\" content=\"206\" \/>\n\t<meta property=\"og:image:type\" content=\"image\/jpeg\" \/>\n<meta name=\"twitter:card\" content=\"summary_large_image\" \/>\n<script type=\"application\/ld+json\" class=\"yoast-schema-graph\">{\"@context\":\"https:\\\/\\\/schema.org\",\"@graph\":[{\"@type\":\"WebPage\",\"@id\":\"https:\\\/\\\/www.ohis.be\\\/de\\\/produit\\\/demag-kbk-hangekrane\\\/\",\"url\":\"https:\\\/\\\/www.ohis.be\\\/de\\\/produit\\\/demag-kbk-hangekrane\\\/\",\"name\":\"Demag KBK H\u00e4ngekrane - Ohis\",\"isPartOf\":{\"@id\":\"https:\\\/\\\/www.ohis.be\\\/#website\"},\"primaryImageOfPage\":{\"@id\":\"https:\\\/\\\/www.ohis.be\\\/de\\\/produit\\\/demag-kbk-hangekrane\\\/#primaryimage\"},\"image\":{\"@id\":\"https:\\\/\\\/www.ohis.be\\\/de\\\/produit\\\/demag-kbk-hangekrane\\\/#primaryimage\"},\"thumbnailUrl\":\"https:\\\/\\\/www.ohis.be\\\/wp-content\\\/uploads\\\/2023\\\/09\\\/Demag-KBK.jpg\",\"datePublished\":\"2023-09-12T10:48:19+00:00\",\"dateModified\":\"2023-09-14T10:17:06+00:00\",\"breadcrumb\":{\"@id\":\"https:\\\/\\\/www.ohis.be\\\/de\\\/produit\\\/demag-kbk-hangekrane\\\/#breadcrumb\"},\"inLanguage\":\"de\",\"potentialAction\":[{\"@type\":\"ReadAction\",\"target\":[\"https:\\\/\\\/www.ohis.be\\\/de\\\/produit\\\/demag-kbk-hangekrane\\\/\"]}]},{\"@type\":\"ImageObject\",\"inLanguage\":\"de\",\"@id\":\"https:\\\/\\\/www.ohis.be\\\/de\\\/produit\\\/demag-kbk-hangekrane\\\/#primaryimage\",\"url\":\"https:\\\/\\\/www.ohis.be\\\/wp-content\\\/uploads\\\/2023\\\/09\\\/Demag-KBK.jpg\",\"contentUrl\":\"https:\\\/\\\/www.ohis.be\\\/wp-content\\\/uploads\\\/2023\\\/09\\\/Demag-KBK.jpg\",\"width\":245,\"height\":206,\"caption\":\"Demag KBK\"},{\"@type\":\"BreadcrumbList\",\"@id\":\"https:\\\/\\\/www.ohis.be\\\/de\\\/produit\\\/demag-kbk-hangekrane\\\/#breadcrumb\",\"itemListElement\":[{\"@type\":\"ListItem\",\"position\":1,\"name\":\"Accueil\",\"item\":\"https:\\\/\\\/www.ohis.be\\\/de\\\/\"},{\"@type\":\"ListItem\",\"position\":2,\"name\":\"Produkte\",\"item\":\"https:\\\/\\\/www.ohis.be\\\/de\\\/produkte\\\/\"},{\"@type\":\"ListItem\",\"position\":3,\"name\":\"Demag KBK H\u00e4ngekrane\"}]},{\"@type\":\"WebSite\",\"@id\":\"https:\\\/\\\/www.ohis.be\\\/#website\",\"url\":\"https:\\\/\\\/www.ohis.be\\\/\",\"name\":\"Ohis\",\"description\":\"Outils de levage\",\"publisher\":{\"@id\":\"https:\\\/\\\/www.ohis.be\\\/#organization\"},\"potentialAction\":[{\"@type\":\"SearchAction\",\"target\":{\"@type\":\"EntryPoint\",\"urlTemplate\":\"https:\\\/\\\/www.ohis.be\\\/?s={search_term_string}\"},\"query-input\":{\"@type\":\"PropertyValueSpecification\",\"valueRequired\":true,\"valueName\":\"search_term_string\"}}],\"inLanguage\":\"de\"},{\"@type\":\"Organization\",\"@id\":\"https:\\\/\\\/www.ohis.be\\\/#organization\",\"name\":\"Ohis\",\"url\":\"https:\\\/\\\/www.ohis.be\\\/\",\"logo\":{\"@type\":\"ImageObject\",\"inLanguage\":\"de\",\"@id\":\"https:\\\/\\\/www.ohis.be\\\/#\\\/schema\\\/logo\\\/image\\\/\",\"url\":\"https:\\\/\\\/www.ohis.be\\\/wp-content\\\/uploads\\\/2021\\\/02\\\/logo-ohis-wit.svg\",\"contentUrl\":\"https:\\\/\\\/www.ohis.be\\\/wp-content\\\/uploads\\\/2021\\\/02\\\/logo-ohis-wit.svg\",\"caption\":\"Ohis\"},\"image\":{\"@id\":\"https:\\\/\\\/www.ohis.be\\\/#\\\/schema\\\/logo\\\/image\\\/\"}}]}<\/script>\n<!-- \/ Yoast SEO plugin. -->","yoast_head_json":{"title":"Demag KBK H\u00e4ngekrane - Ohis","robots":{"index":"index","follow":"follow","max-snippet":"max-snippet:-1","max-image-preview":"max-image-preview:large","max-video-preview":"max-video-preview:-1"},"canonical":"https:\/\/www.ohis.be\/de\/produit\/demag-kbk-hangekrane\/","og_locale":"de_DE","og_type":"article","og_title":"Demag KBK H\u00e4ngekrane - Ohis","og_description":"Fl\u00e4chendeckend flurfreier Transport von Lasten  Sinnvolle KBK Zusatzkomponenten erm\u00f6glichen es dem Anlagenbetreiber jederzeit auf sich \u00e4ndernde Anforderungen zu reagieren. Die variabel einsetzbare Fahrwegbegrenzung erlaubt es zum Beispiel mit wenigen Handgriffen eine Limitierung der Fahrachsen zu erwirken. Schnell und simpel installiert. Was die Qualit\u00e4t unserer Demag KBK H\u00e4ngekrane auszeichnet?   Modulare Systembauweise  Einfache und sichere Handhabung  Leichtg\u00e4ngige Verfahrbarkeit von Hand  Kosteng\u00fcnstige Realisierung  Kundenspezifische Ausf\u00fchrung nach Ma\u00df  Geringe Anfahrma\u00dfe  Gr\u00f6\u00dfere Aufh\u00e4ngeabst\u00e4nde  Verringerte Montagekosten  Wir haben die passenden Leichtkransystem KBK-L\u00f6sungen f\u00fcr Ihre Anforderungen \u2013 mit Sicherheit!","og_url":"https:\/\/www.ohis.be\/de\/produit\/demag-kbk-hangekrane\/","og_site_name":"Ohis","article_modified_time":"2023-09-14T10:17:06+00:00","og_image":[{"width":245,"height":206,"url":"https:\/\/www.ohis.be\/wp-content\/uploads\/2023\/09\/Demag-KBK.jpg","type":"image\/jpeg"}],"twitter_card":"summary_large_image","schema":{"@context":"https:\/\/schema.org","@graph":[{"@type":"WebPage","@id":"https:\/\/www.ohis.be\/de\/produit\/demag-kbk-hangekrane\/","url":"https:\/\/www.ohis.be\/de\/produit\/demag-kbk-hangekrane\/","name":"Demag KBK H\u00e4ngekrane - Ohis","isPartOf":{"@id":"https:\/\/www.ohis.be\/#website"},"primaryImageOfPage":{"@id":"https:\/\/www.ohis.be\/de\/produit\/demag-kbk-hangekrane\/#primaryimage"},"image":{"@id":"https:\/\/www.ohis.be\/de\/produit\/demag-kbk-hangekrane\/#primaryimage"},"thumbnailUrl":"https:\/\/www.ohis.be\/wp-content\/uploads\/2023\/09\/Demag-KBK.jpg","datePublished":"2023-09-12T10:48:19+00:00","dateModified":"2023-09-14T10:17:06+00:00","breadcrumb":{"@id":"https:\/\/www.ohis.be\/de\/produit\/demag-kbk-hangekrane\/#breadcrumb"},"inLanguage":"de","potentialAction":[{"@type":"ReadAction","target":["https:\/\/www.ohis.be\/de\/produit\/demag-kbk-hangekrane\/"]}]},{"@type":"ImageObject","inLanguage":"de","@id":"https:\/\/www.ohis.be\/de\/produit\/demag-kbk-hangekrane\/#primaryimage","url":"https:\/\/www.ohis.be\/wp-content\/uploads\/2023\/09\/Demag-KBK.jpg","contentUrl":"https:\/\/www.ohis.be\/wp-content\/uploads\/2023\/09\/Demag-KBK.jpg","width":245,"height":206,"caption":"Demag KBK"},{"@type":"BreadcrumbList","@id":"https:\/\/www.ohis.be\/de\/produit\/demag-kbk-hangekrane\/#breadcrumb","itemListElement":[{"@type":"ListItem","position":1,"name":"Accueil","item":"https:\/\/www.ohis.be\/de\/"},{"@type":"ListItem","position":2,"name":"Produkte","item":"https:\/\/www.ohis.be\/de\/produkte\/"},{"@type":"ListItem","position":3,"name":"Demag KBK H\u00e4ngekrane"}]},{"@type":"WebSite","@id":"https:\/\/www.ohis.be\/#website","url":"https:\/\/www.ohis.be\/","name":"Ohis","description":"Outils de levage","publisher":{"@id":"https:\/\/www.ohis.be\/#organization"},"potentialAction":[{"@type":"SearchAction","target":{"@type":"EntryPoint","urlTemplate":"https:\/\/www.ohis.be\/?s={search_term_string}"},"query-input":{"@type":"PropertyValueSpecification","valueRequired":true,"valueName":"search_term_string"}}],"inLanguage":"de"},{"@type":"Organization","@id":"https:\/\/www.ohis.be\/#organization","name":"Ohis","url":"https:\/\/www.ohis.be\/","logo":{"@type":"ImageObject","inLanguage":"de","@id":"https:\/\/www.ohis.be\/#\/schema\/logo\/image\/","url":"https:\/\/www.ohis.be\/wp-content\/uploads\/2021\/02\/logo-ohis-wit.svg","contentUrl":"https:\/\/www.ohis.be\/wp-content\/uploads\/2021\/02\/logo-ohis-wit.svg","caption":"Ohis"},"image":{"@id":"https:\/\/www.ohis.be\/#\/schema\/logo\/image\/"}}]}},"_links":{"self":[{"href":"https:\/\/www.ohis.be\/de\/wp-json\/wp\/v2\/product\/36205","targetHints":{"allow":["GET"]}}],"collection":[{"href":"https:\/\/www.ohis.be\/de\/wp-json\/wp\/v2\/product"}],"about":[{"href":"https:\/\/www.ohis.be\/de\/wp-json\/wp\/v2\/types\/product"}],"wp:featuredmedia":[{"embeddable":true,"href":"https:\/\/www.ohis.be\/de\/wp-json\/wp\/v2\/media\/36042"}],"wp:attachment":[{"href":"https:\/\/www.ohis.be\/de\/wp-json\/wp\/v2\/media?parent=36205"}],"wp:term":[{"taxonomy":"product_brand","embeddable":true,"href":"https:\/\/www.ohis.be\/de\/wp-json\/wp\/v2\/product_brand?post=36205"},{"taxonomy":"product_cat","embeddable":true,"href":"https:\/\/www.ohis.be\/de\/wp-json\/wp\/v2\/product_cat?post=36205"},{"taxonomy":"product_tag","embeddable":true,"href":"https:\/\/www.ohis.be\/de\/wp-json\/wp\/v2\/product_tag?post=36205"}],"curies":[{"name":"wp","href":"https:\/\/api.w.org\/{rel}","templated":true}]}}