{"id":36204,"date":"2023-09-12T12:59:47","date_gmt":"2023-09-12T10:59:47","guid":{"rendered":"https:\/\/www.ohis.be\/produit\/demag-kbk-hangebahnen\/"},"modified":"2023-09-12T12:59:47","modified_gmt":"2023-09-12T10:59:47","slug":"demag-kbk-hangebahnen","status":"publish","type":"product","link":"https:\/\/www.ohis.be\/de\/produit\/demag-kbk-hangebahnen\/","title":{"rendered":"Demag KBK-H\u00e4ngebahnen"},"content":{"rendered":"<p>Optimale Logistik &#8211; auch im automatisierten Betrieb<\/p>\n<p>Die KBK-H\u00e4ngebahnen aus unserem Leichtkransystem Demag KBK garantieren Ihnen ma\u00dfgeschneiderte L\u00f6sungen f\u00fcr linienf\u00f6rmige flurfreie Transporte. Die besonderen St\u00e4rken liegen in vielf\u00e4ltigen Ausf\u00fchrungsoptionen:<\/p>\n<ul>\n<li>Einfache, handbediente Geradbahnen &#8211; auch mit Aluminiumprofilen realisierbar<\/li>\n<li>Weitverzweigte Anlagen<\/li>\n<li>Tragf\u00e4higkeiten bis zu 3.200 kg<\/li>\n<li>Individuelle Streckenf\u00fchrung durch Gerad- und Bogenst\u00fccke, Weichen und Schwenkscheiben<\/li>\n<li>Direktverbindung von Auf- und Abgabestellen durch Reversierbetrieb oder Kreisverkehr<\/li>\n<li>Neben Handbetrieb auch teil- oder vollautomatisierte Ausf\u00fchrung m\u00f6glich<\/li>\n<\/ul>\n","protected":false},"excerpt":{"rendered":"<p>Optimale Logistik &#8211; auch im automatisierten Betrieb<\/p>\n<p>Die KBK-H\u00e4ngebahnen aus unserem Leichtkransystem Demag KBK garantieren Ihnen ma\u00dfgeschneiderte L\u00f6sungen f\u00fcr linienf\u00f6rmige flurfreie Transporte. Die besonderen St\u00e4rken liegen in vielf\u00e4ltigen Ausf\u00fchrungsoptionen:<\/p>\n<ul>\n<li>Einfache, handbediente Geradbahnen &#8211; auch mit Aluminiumprofilen realisierbar<\/li>\n<li>Weitverzweigte Anlagen<\/li>\n<li>Tragf\u00e4higkeiten bis zu 3.200 kg<\/li>\n<li>Individuelle Streckenf\u00fchrung durch Gerad- und Bogenst\u00fccke, Weichen und Schwenkscheiben<\/li>\n<li>Direktverbindung von Auf- und Abgabestellen durch Reversierbetrieb oder Kreisverkehr<\/li>\n<li>Neben Handbetrieb auch teil- oder vollautomatisierte Ausf\u00fchrung m\u00f6glich<\/li>\n<\/ul>\n","protected":false},"featured_media":36065,"template":"","meta":{"_acf_changed":false,"inline_featured_image":false},"product_brand":[],"product_cat":[709,115],"product_tag":[],"class_list":{"0":"post-36204","1":"product","2":"type-product","3":"status-publish","4":"has-post-thumbnail","6":"product_cat-einschienenbahnen","7":"product_cat-modular-leichtkransystem","8":"yith_product_brand-demag-de","10":"first","11":"instock","12":"taxable","13":"shipping-taxable","14":"product-type-simple"},"acf":[],"yoast_head":"<!-- This site is optimized with the Yoast SEO plugin v27.4 - https:\/\/yoast.com\/product\/yoast-seo-wordpress\/ -->\n<title>Demag KBK-H\u00e4ngebahnen - Ohis<\/title>\n<meta name=\"robots\" content=\"index, follow, max-snippet:-1, max-image-preview:large, max-video-preview:-1\" \/>\n<link rel=\"canonical\" href=\"https:\/\/www.ohis.be\/de\/produit\/demag-kbk-hangebahnen\/\" \/>\n<meta property=\"og:locale\" content=\"de_DE\" \/>\n<meta property=\"og:type\" content=\"article\" \/>\n<meta property=\"og:title\" content=\"Demag KBK-H\u00e4ngebahnen - Ohis\" \/>\n<meta property=\"og:description\" content=\"Optimale Logistik - auch im automatisierten Betrieb  Die KBK-H\u00e4ngebahnen aus unserem Leichtkransystem Demag KBK garantieren Ihnen ma\u00dfgeschneiderte L\u00f6sungen f\u00fcr linienf\u00f6rmige flurfreie Transporte. Die besonderen St\u00e4rken liegen in vielf\u00e4ltigen Ausf\u00fchrungsoptionen:   Einfache, handbediente Geradbahnen - auch mit Aluminiumprofilen realisierbar  Weitverzweigte Anlagen  Tragf\u00e4higkeiten bis zu 3.200 kg  Individuelle Streckenf\u00fchrung durch Gerad- und Bogenst\u00fccke, Weichen und Schwenkscheiben  Direktverbindung von Auf- und Abgabestellen durch Reversierbetrieb oder Kreisverkehr  Neben Handbetrieb auch teil- oder vollautomatisierte Ausf\u00fchrung m\u00f6glich\" \/>\n<meta property=\"og:url\" content=\"https:\/\/www.ohis.be\/de\/produit\/demag-kbk-hangebahnen\/\" \/>\n<meta property=\"og:site_name\" content=\"Ohis\" \/>\n<meta property=\"og:image\" content=\"https:\/\/www.ohis.be\/wp-content\/uploads\/2023\/09\/Demag-KBK-monorail.jpg\" \/>\n\t<meta property=\"og:image:width\" content=\"1334\" \/>\n\t<meta property=\"og:image:height\" content=\"885\" \/>\n\t<meta property=\"og:image:type\" content=\"image\/jpeg\" \/>\n<meta name=\"twitter:card\" content=\"summary_large_image\" \/>\n<script type=\"application\/ld+json\" class=\"yoast-schema-graph\">{\"@context\":\"https:\\\/\\\/schema.org\",\"@graph\":[{\"@type\":\"WebPage\",\"@id\":\"https:\\\/\\\/www.ohis.be\\\/de\\\/produit\\\/demag-kbk-hangebahnen\\\/\",\"url\":\"https:\\\/\\\/www.ohis.be\\\/de\\\/produit\\\/demag-kbk-hangebahnen\\\/\",\"name\":\"Demag KBK-H\u00e4ngebahnen - Ohis\",\"isPartOf\":{\"@id\":\"https:\\\/\\\/www.ohis.be\\\/#website\"},\"primaryImageOfPage\":{\"@id\":\"https:\\\/\\\/www.ohis.be\\\/de\\\/produit\\\/demag-kbk-hangebahnen\\\/#primaryimage\"},\"image\":{\"@id\":\"https:\\\/\\\/www.ohis.be\\\/de\\\/produit\\\/demag-kbk-hangebahnen\\\/#primaryimage\"},\"thumbnailUrl\":\"https:\\\/\\\/www.ohis.be\\\/wp-content\\\/uploads\\\/2023\\\/09\\\/Demag-KBK-monorail.jpg\",\"datePublished\":\"2023-09-12T10:59:47+00:00\",\"breadcrumb\":{\"@id\":\"https:\\\/\\\/www.ohis.be\\\/de\\\/produit\\\/demag-kbk-hangebahnen\\\/#breadcrumb\"},\"inLanguage\":\"de\",\"potentialAction\":[{\"@type\":\"ReadAction\",\"target\":[\"https:\\\/\\\/www.ohis.be\\\/de\\\/produit\\\/demag-kbk-hangebahnen\\\/\"]}]},{\"@type\":\"ImageObject\",\"inLanguage\":\"de\",\"@id\":\"https:\\\/\\\/www.ohis.be\\\/de\\\/produit\\\/demag-kbk-hangebahnen\\\/#primaryimage\",\"url\":\"https:\\\/\\\/www.ohis.be\\\/wp-content\\\/uploads\\\/2023\\\/09\\\/Demag-KBK-monorail.jpg\",\"contentUrl\":\"https:\\\/\\\/www.ohis.be\\\/wp-content\\\/uploads\\\/2023\\\/09\\\/Demag-KBK-monorail.jpg\",\"width\":1334,\"height\":885,\"caption\":\"Demag KBK monorail\"},{\"@type\":\"BreadcrumbList\",\"@id\":\"https:\\\/\\\/www.ohis.be\\\/de\\\/produit\\\/demag-kbk-hangebahnen\\\/#breadcrumb\",\"itemListElement\":[{\"@type\":\"ListItem\",\"position\":1,\"name\":\"Accueil\",\"item\":\"https:\\\/\\\/www.ohis.be\\\/de\\\/\"},{\"@type\":\"ListItem\",\"position\":2,\"name\":\"Produkte\",\"item\":\"https:\\\/\\\/www.ohis.be\\\/de\\\/produkte\\\/\"},{\"@type\":\"ListItem\",\"position\":3,\"name\":\"Demag KBK-H\u00e4ngebahnen\"}]},{\"@type\":\"WebSite\",\"@id\":\"https:\\\/\\\/www.ohis.be\\\/#website\",\"url\":\"https:\\\/\\\/www.ohis.be\\\/\",\"name\":\"Ohis\",\"description\":\"Outils de levage\",\"publisher\":{\"@id\":\"https:\\\/\\\/www.ohis.be\\\/#organization\"},\"potentialAction\":[{\"@type\":\"SearchAction\",\"target\":{\"@type\":\"EntryPoint\",\"urlTemplate\":\"https:\\\/\\\/www.ohis.be\\\/?s={search_term_string}\"},\"query-input\":{\"@type\":\"PropertyValueSpecification\",\"valueRequired\":true,\"valueName\":\"search_term_string\"}}],\"inLanguage\":\"de\"},{\"@type\":\"Organization\",\"@id\":\"https:\\\/\\\/www.ohis.be\\\/#organization\",\"name\":\"Ohis\",\"url\":\"https:\\\/\\\/www.ohis.be\\\/\",\"logo\":{\"@type\":\"ImageObject\",\"inLanguage\":\"de\",\"@id\":\"https:\\\/\\\/www.ohis.be\\\/#\\\/schema\\\/logo\\\/image\\\/\",\"url\":\"https:\\\/\\\/www.ohis.be\\\/wp-content\\\/uploads\\\/2021\\\/02\\\/logo-ohis-wit.svg\",\"contentUrl\":\"https:\\\/\\\/www.ohis.be\\\/wp-content\\\/uploads\\\/2021\\\/02\\\/logo-ohis-wit.svg\",\"caption\":\"Ohis\"},\"image\":{\"@id\":\"https:\\\/\\\/www.ohis.be\\\/#\\\/schema\\\/logo\\\/image\\\/\"}}]}<\/script>\n<!-- \/ Yoast SEO plugin. -->","yoast_head_json":{"title":"Demag KBK-H\u00e4ngebahnen - Ohis","robots":{"index":"index","follow":"follow","max-snippet":"max-snippet:-1","max-image-preview":"max-image-preview:large","max-video-preview":"max-video-preview:-1"},"canonical":"https:\/\/www.ohis.be\/de\/produit\/demag-kbk-hangebahnen\/","og_locale":"de_DE","og_type":"article","og_title":"Demag KBK-H\u00e4ngebahnen - Ohis","og_description":"Optimale Logistik - auch im automatisierten Betrieb  Die KBK-H\u00e4ngebahnen aus unserem Leichtkransystem Demag KBK garantieren Ihnen ma\u00dfgeschneiderte L\u00f6sungen f\u00fcr linienf\u00f6rmige flurfreie Transporte. Die besonderen St\u00e4rken liegen in vielf\u00e4ltigen Ausf\u00fchrungsoptionen:   Einfache, handbediente Geradbahnen - auch mit Aluminiumprofilen realisierbar  Weitverzweigte Anlagen  Tragf\u00e4higkeiten bis zu 3.200 kg  Individuelle Streckenf\u00fchrung durch Gerad- und Bogenst\u00fccke, Weichen und Schwenkscheiben  Direktverbindung von Auf- und Abgabestellen durch Reversierbetrieb oder Kreisverkehr  Neben Handbetrieb auch teil- oder vollautomatisierte Ausf\u00fchrung m\u00f6glich","og_url":"https:\/\/www.ohis.be\/de\/produit\/demag-kbk-hangebahnen\/","og_site_name":"Ohis","og_image":[{"width":1334,"height":885,"url":"https:\/\/www.ohis.be\/wp-content\/uploads\/2023\/09\/Demag-KBK-monorail.jpg","type":"image\/jpeg"}],"twitter_card":"summary_large_image","schema":{"@context":"https:\/\/schema.org","@graph":[{"@type":"WebPage","@id":"https:\/\/www.ohis.be\/de\/produit\/demag-kbk-hangebahnen\/","url":"https:\/\/www.ohis.be\/de\/produit\/demag-kbk-hangebahnen\/","name":"Demag KBK-H\u00e4ngebahnen - Ohis","isPartOf":{"@id":"https:\/\/www.ohis.be\/#website"},"primaryImageOfPage":{"@id":"https:\/\/www.ohis.be\/de\/produit\/demag-kbk-hangebahnen\/#primaryimage"},"image":{"@id":"https:\/\/www.ohis.be\/de\/produit\/demag-kbk-hangebahnen\/#primaryimage"},"thumbnailUrl":"https:\/\/www.ohis.be\/wp-content\/uploads\/2023\/09\/Demag-KBK-monorail.jpg","datePublished":"2023-09-12T10:59:47+00:00","breadcrumb":{"@id":"https:\/\/www.ohis.be\/de\/produit\/demag-kbk-hangebahnen\/#breadcrumb"},"inLanguage":"de","potentialAction":[{"@type":"ReadAction","target":["https:\/\/www.ohis.be\/de\/produit\/demag-kbk-hangebahnen\/"]}]},{"@type":"ImageObject","inLanguage":"de","@id":"https:\/\/www.ohis.be\/de\/produit\/demag-kbk-hangebahnen\/#primaryimage","url":"https:\/\/www.ohis.be\/wp-content\/uploads\/2023\/09\/Demag-KBK-monorail.jpg","contentUrl":"https:\/\/www.ohis.be\/wp-content\/uploads\/2023\/09\/Demag-KBK-monorail.jpg","width":1334,"height":885,"caption":"Demag KBK monorail"},{"@type":"BreadcrumbList","@id":"https:\/\/www.ohis.be\/de\/produit\/demag-kbk-hangebahnen\/#breadcrumb","itemListElement":[{"@type":"ListItem","position":1,"name":"Accueil","item":"https:\/\/www.ohis.be\/de\/"},{"@type":"ListItem","position":2,"name":"Produkte","item":"https:\/\/www.ohis.be\/de\/produkte\/"},{"@type":"ListItem","position":3,"name":"Demag KBK-H\u00e4ngebahnen"}]},{"@type":"WebSite","@id":"https:\/\/www.ohis.be\/#website","url":"https:\/\/www.ohis.be\/","name":"Ohis","description":"Outils de levage","publisher":{"@id":"https:\/\/www.ohis.be\/#organization"},"potentialAction":[{"@type":"SearchAction","target":{"@type":"EntryPoint","urlTemplate":"https:\/\/www.ohis.be\/?s={search_term_string}"},"query-input":{"@type":"PropertyValueSpecification","valueRequired":true,"valueName":"search_term_string"}}],"inLanguage":"de"},{"@type":"Organization","@id":"https:\/\/www.ohis.be\/#organization","name":"Ohis","url":"https:\/\/www.ohis.be\/","logo":{"@type":"ImageObject","inLanguage":"de","@id":"https:\/\/www.ohis.be\/#\/schema\/logo\/image\/","url":"https:\/\/www.ohis.be\/wp-content\/uploads\/2021\/02\/logo-ohis-wit.svg","contentUrl":"https:\/\/www.ohis.be\/wp-content\/uploads\/2021\/02\/logo-ohis-wit.svg","caption":"Ohis"},"image":{"@id":"https:\/\/www.ohis.be\/#\/schema\/logo\/image\/"}}]}},"_links":{"self":[{"href":"https:\/\/www.ohis.be\/de\/wp-json\/wp\/v2\/product\/36204","targetHints":{"allow":["GET"]}}],"collection":[{"href":"https:\/\/www.ohis.be\/de\/wp-json\/wp\/v2\/product"}],"about":[{"href":"https:\/\/www.ohis.be\/de\/wp-json\/wp\/v2\/types\/product"}],"wp:featuredmedia":[{"embeddable":true,"href":"https:\/\/www.ohis.be\/de\/wp-json\/wp\/v2\/media\/36065"}],"wp:attachment":[{"href":"https:\/\/www.ohis.be\/de\/wp-json\/wp\/v2\/media?parent=36204"}],"wp:term":[{"taxonomy":"product_brand","embeddable":true,"href":"https:\/\/www.ohis.be\/de\/wp-json\/wp\/v2\/product_brand?post=36204"},{"taxonomy":"product_cat","embeddable":true,"href":"https:\/\/www.ohis.be\/de\/wp-json\/wp\/v2\/product_cat?post=36204"},{"taxonomy":"product_tag","embeddable":true,"href":"https:\/\/www.ohis.be\/de\/wp-json\/wp\/v2\/product_tag?post=36204"}],"curies":[{"name":"wp","href":"https:\/\/api.w.org\/{rel}","templated":true}]}}