{"id":36106,"date":"2023-09-12T13:15:48","date_gmt":"2023-09-12T11:15:48","guid":{"rendered":"https:\/\/www.ohis.be\/produit\/36106\/"},"modified":"2023-09-12T13:15:48","modified_gmt":"2023-09-12T11:15:48","slug":"36106","status":"publish","type":"product","link":"https:\/\/www.ohis.be\/de\/produit\/36106\/","title":{"rendered":""},"content":{"rendered":"<p>Eintr\u00e4ger-Laufkran<br \/>\nDer Eintr\u00e4gerlaufkran kombiniert die Zweischienenlaufbahn<br \/>\nmit einem Laufkran.<br \/>\nDaraus ergibt sich eine optimale, fl\u00e4chendeckende L\u00f6sung.<br \/>\nM\u00f6glichkeit, Materialien zu transportieren<br \/>\nund ist dabei einfach zu bedienen.<\/p>\n<p>Teleskopischer Kran<br \/>\nDer eepos-Kran mit Teleskopbr\u00fccke kann<br \/>\nHallenfl\u00e4chen, die bisher f\u00fcr Kr\u00e4ne nicht nutzbar waren, zug\u00e4nglich gemacht werden.<br \/>\nzug\u00e4nglich gemacht werden k\u00f6nnen. Mit einem eingefahrenen<br \/>\nsich der Teleskopkran selbstst\u00e4ndig in eine Position.<br \/>\nPosition definiert.<\/p>\n<p>Erh\u00f6hter Kran<br \/>\nIn der erh\u00f6hten Variante ist der Kran angepasst.<br \/>\nder Eintr\u00e4ger- und Zweitr\u00e4gerlaufkran auch f\u00fcr den Einsatz in<br \/>\nUmgebungen mit begrenzter Deckenh\u00f6he geeignet.<br \/>\n<iframe title=\"eepos one\" width=\"800\" height=\"450\" src=\"https:\/\/www.youtube.com\/embed\/JrhuQdfs4jw?feature=oembed\" frameborder=\"0\" allow=\"accelerometer; autoplay; clipboard-write; encrypted-media; gyroscope; picture-in-picture; web-share\" allowfullscreen><\/iframe><\/p>\n","protected":false},"excerpt":{"rendered":"<p>Eintr\u00e4ger-Laufkran<br \/>\nDer Eintr\u00e4gerlaufkran kombiniert die Zweischienenlaufbahn<br \/>\nmit einem Laufkran.<br \/>\nDaraus ergibt sich eine optimale, fl\u00e4chendeckende L\u00f6sung.<br \/>\nM\u00f6glichkeit, Materialien zu transportieren<br \/>\nund ist dabei einfach zu bedienen.<\/p>\n<p>Teleskopischer Kran<br \/>\nDer eepos-Kran mit Teleskopbr\u00fccke kann<br \/>\nHallenfl\u00e4chen, die bisher f\u00fcr Kr\u00e4ne nicht nutzbar waren, zug\u00e4nglich gemacht werden.<br \/>\nzug\u00e4nglich gemacht werden k\u00f6nnen. Mit einem eingefahrenen<br \/>\nsich der Teleskopkran selbstst\u00e4ndig in eine Position.<br \/>\nPosition definiert.<\/p>\n<p>Erh\u00f6hter Kran<br \/>\nIn der erh\u00f6hten Variante ist der Kran angepasst.<br \/>\nder Eintr\u00e4ger- und Zweitr\u00e4gerlaufkran auch f\u00fcr den Einsatz in<br \/>\nUmgebungen mit begrenzter Deckenh\u00f6he geeignet.<br \/>\n[embed]https:\/\/youtu.be\/JrhuQdfs4jw[\/embed]<\/p>\n","protected":false},"featured_media":36075,"template":"","meta":{"_acf_changed":false,"inline_featured_image":false},"product_brand":[],"product_cat":[115],"product_tag":[],"class_list":{"0":"post-36106","1":"product","2":"type-product","3":"status-publish","4":"has-post-thumbnail","6":"product_cat-modular-leichtkransystem","8":"first","9":"instock","10":"taxable","11":"shipping-taxable","12":"product-type-simple"},"acf":[],"yoast_head":"<!-- This site is optimized with the Yoast SEO plugin v27.5 - https:\/\/yoast.com\/product\/yoast-seo-wordpress\/ -->\n<title>- Ohis<\/title>\n<meta name=\"robots\" content=\"index, follow, max-snippet:-1, max-image-preview:large, max-video-preview:-1\" \/>\n<link rel=\"canonical\" href=\"https:\/\/www.ohis.be\/de\/produit\/36106\/\" \/>\n<meta property=\"og:locale\" content=\"de_DE\" \/>\n<meta property=\"og:type\" content=\"article\" \/>\n<meta property=\"og:title\" content=\"- Ohis\" \/>\n<meta property=\"og:description\" content=\"Eintr\u00e4ger-Laufkran Der Eintr\u00e4gerlaufkran kombiniert die Zweischienenlaufbahn mit einem Laufkran. Daraus ergibt sich eine optimale, fl\u00e4chendeckende L\u00f6sung. M\u00f6glichkeit, Materialien zu transportieren und ist dabei einfach zu bedienen.  Teleskopischer Kran Der eepos-Kran mit Teleskopbr\u00fccke kann Hallenfl\u00e4chen, die bisher f\u00fcr Kr\u00e4ne nicht nutzbar waren, zug\u00e4nglich gemacht werden. zug\u00e4nglich gemacht werden k\u00f6nnen. Mit einem eingefahrenen sich der Teleskopkran selbstst\u00e4ndig in eine Position. Position definiert.  Erh\u00f6hter Kran In der erh\u00f6hten Variante ist der Kran angepasst. der Eintr\u00e4ger- und Zweitr\u00e4gerlaufkran auch f\u00fcr den Einsatz in Umgebungen mit begrenzter Deckenh\u00f6he geeignet.\" \/>\n<meta property=\"og:url\" content=\"https:\/\/www.ohis.be\/de\/produit\/36106\/\" \/>\n<meta property=\"og:site_name\" content=\"Ohis\" \/>\n<meta property=\"og:image\" content=\"https:\/\/www.ohis.be\/wp-content\/uploads\/2023\/09\/Ponts-roulants-Eepos-1024x683.png\" \/>\n\t<meta property=\"og:image:width\" content=\"1024\" \/>\n\t<meta property=\"og:image:height\" content=\"683\" \/>\n\t<meta property=\"og:image:type\" content=\"image\/png\" \/>\n<meta name=\"twitter:card\" content=\"summary_large_image\" \/>\n<meta name=\"twitter:label1\" content=\"Gesch\u00e4tzte Lesezeit\" \/>\n\t<meta name=\"twitter:data1\" content=\"1\u00a0Minute\" \/>\n<script type=\"application\/ld+json\" class=\"yoast-schema-graph\">{\"@context\":\"https:\\\/\\\/schema.org\",\"@graph\":[{\"@type\":\"WebPage\",\"@id\":\"https:\\\/\\\/www.ohis.be\\\/de\\\/produit\\\/36106\\\/\",\"url\":\"https:\\\/\\\/www.ohis.be\\\/de\\\/produit\\\/36106\\\/\",\"name\":\"- Ohis\",\"isPartOf\":{\"@id\":\"https:\\\/\\\/www.ohis.be\\\/#website\"},\"primaryImageOfPage\":{\"@id\":\"https:\\\/\\\/www.ohis.be\\\/de\\\/produit\\\/36106\\\/#primaryimage\"},\"image\":{\"@id\":\"https:\\\/\\\/www.ohis.be\\\/de\\\/produit\\\/36106\\\/#primaryimage\"},\"thumbnailUrl\":\"https:\\\/\\\/www.ohis.be\\\/wp-content\\\/uploads\\\/2023\\\/09\\\/Ponts-roulants-Eepos.png\",\"datePublished\":\"2023-09-12T11:15:48+00:00\",\"breadcrumb\":{\"@id\":\"https:\\\/\\\/www.ohis.be\\\/de\\\/produit\\\/36106\\\/#breadcrumb\"},\"inLanguage\":\"de\",\"potentialAction\":[{\"@type\":\"ReadAction\",\"target\":[\"https:\\\/\\\/www.ohis.be\\\/de\\\/produit\\\/36106\\\/\"]}]},{\"@type\":\"ImageObject\",\"inLanguage\":\"de\",\"@id\":\"https:\\\/\\\/www.ohis.be\\\/de\\\/produit\\\/36106\\\/#primaryimage\",\"url\":\"https:\\\/\\\/www.ohis.be\\\/wp-content\\\/uploads\\\/2023\\\/09\\\/Ponts-roulants-Eepos.png\",\"contentUrl\":\"https:\\\/\\\/www.ohis.be\\\/wp-content\\\/uploads\\\/2023\\\/09\\\/Ponts-roulants-Eepos.png\",\"width\":1980,\"height\":1320,\"caption\":\"Laufkran Eepos\"},{\"@type\":\"BreadcrumbList\",\"@id\":\"https:\\\/\\\/www.ohis.be\\\/de\\\/produit\\\/36106\\\/#breadcrumb\",\"itemListElement\":[{\"@type\":\"ListItem\",\"position\":1,\"name\":\"Accueil\",\"item\":\"https:\\\/\\\/www.ohis.be\\\/de\\\/\"},{\"@type\":\"ListItem\",\"position\":2,\"name\":\"Produkte\",\"item\":\"https:\\\/\\\/www.ohis.be\\\/de\\\/produkte\\\/\"}]},{\"@type\":\"WebSite\",\"@id\":\"https:\\\/\\\/www.ohis.be\\\/#website\",\"url\":\"https:\\\/\\\/www.ohis.be\\\/\",\"name\":\"Ohis\",\"description\":\"Outils de levage\",\"publisher\":{\"@id\":\"https:\\\/\\\/www.ohis.be\\\/#organization\"},\"potentialAction\":[{\"@type\":\"SearchAction\",\"target\":{\"@type\":\"EntryPoint\",\"urlTemplate\":\"https:\\\/\\\/www.ohis.be\\\/?s={search_term_string}\"},\"query-input\":{\"@type\":\"PropertyValueSpecification\",\"valueRequired\":true,\"valueName\":\"search_term_string\"}}],\"inLanguage\":\"de\"},{\"@type\":\"Organization\",\"@id\":\"https:\\\/\\\/www.ohis.be\\\/#organization\",\"name\":\"Ohis\",\"url\":\"https:\\\/\\\/www.ohis.be\\\/\",\"logo\":{\"@type\":\"ImageObject\",\"inLanguage\":\"de\",\"@id\":\"https:\\\/\\\/www.ohis.be\\\/#\\\/schema\\\/logo\\\/image\\\/\",\"url\":\"https:\\\/\\\/www.ohis.be\\\/wp-content\\\/uploads\\\/2021\\\/02\\\/logo-ohis-wit.svg\",\"contentUrl\":\"https:\\\/\\\/www.ohis.be\\\/wp-content\\\/uploads\\\/2021\\\/02\\\/logo-ohis-wit.svg\",\"caption\":\"Ohis\"},\"image\":{\"@id\":\"https:\\\/\\\/www.ohis.be\\\/#\\\/schema\\\/logo\\\/image\\\/\"}}]}<\/script>\n<!-- \/ Yoast SEO plugin. -->","yoast_head_json":{"title":"- Ohis","robots":{"index":"index","follow":"follow","max-snippet":"max-snippet:-1","max-image-preview":"max-image-preview:large","max-video-preview":"max-video-preview:-1"},"canonical":"https:\/\/www.ohis.be\/de\/produit\/36106\/","og_locale":"de_DE","og_type":"article","og_title":"- Ohis","og_description":"Eintr\u00e4ger-Laufkran Der Eintr\u00e4gerlaufkran kombiniert die Zweischienenlaufbahn mit einem Laufkran. Daraus ergibt sich eine optimale, fl\u00e4chendeckende L\u00f6sung. M\u00f6glichkeit, Materialien zu transportieren und ist dabei einfach zu bedienen.  Teleskopischer Kran Der eepos-Kran mit Teleskopbr\u00fccke kann Hallenfl\u00e4chen, die bisher f\u00fcr Kr\u00e4ne nicht nutzbar waren, zug\u00e4nglich gemacht werden. zug\u00e4nglich gemacht werden k\u00f6nnen. Mit einem eingefahrenen sich der Teleskopkran selbstst\u00e4ndig in eine Position. Position definiert.  Erh\u00f6hter Kran In der erh\u00f6hten Variante ist der Kran angepasst. der Eintr\u00e4ger- und Zweitr\u00e4gerlaufkran auch f\u00fcr den Einsatz in Umgebungen mit begrenzter Deckenh\u00f6he geeignet.","og_url":"https:\/\/www.ohis.be\/de\/produit\/36106\/","og_site_name":"Ohis","og_image":[{"width":1024,"height":683,"url":"https:\/\/www.ohis.be\/wp-content\/uploads\/2023\/09\/Ponts-roulants-Eepos-1024x683.png","type":"image\/png"}],"twitter_card":"summary_large_image","twitter_misc":{"Gesch\u00e4tzte Lesezeit":"1\u00a0Minute"},"schema":{"@context":"https:\/\/schema.org","@graph":[{"@type":"WebPage","@id":"https:\/\/www.ohis.be\/de\/produit\/36106\/","url":"https:\/\/www.ohis.be\/de\/produit\/36106\/","name":"- Ohis","isPartOf":{"@id":"https:\/\/www.ohis.be\/#website"},"primaryImageOfPage":{"@id":"https:\/\/www.ohis.be\/de\/produit\/36106\/#primaryimage"},"image":{"@id":"https:\/\/www.ohis.be\/de\/produit\/36106\/#primaryimage"},"thumbnailUrl":"https:\/\/www.ohis.be\/wp-content\/uploads\/2023\/09\/Ponts-roulants-Eepos.png","datePublished":"2023-09-12T11:15:48+00:00","breadcrumb":{"@id":"https:\/\/www.ohis.be\/de\/produit\/36106\/#breadcrumb"},"inLanguage":"de","potentialAction":[{"@type":"ReadAction","target":["https:\/\/www.ohis.be\/de\/produit\/36106\/"]}]},{"@type":"ImageObject","inLanguage":"de","@id":"https:\/\/www.ohis.be\/de\/produit\/36106\/#primaryimage","url":"https:\/\/www.ohis.be\/wp-content\/uploads\/2023\/09\/Ponts-roulants-Eepos.png","contentUrl":"https:\/\/www.ohis.be\/wp-content\/uploads\/2023\/09\/Ponts-roulants-Eepos.png","width":1980,"height":1320,"caption":"Laufkran Eepos"},{"@type":"BreadcrumbList","@id":"https:\/\/www.ohis.be\/de\/produit\/36106\/#breadcrumb","itemListElement":[{"@type":"ListItem","position":1,"name":"Accueil","item":"https:\/\/www.ohis.be\/de\/"},{"@type":"ListItem","position":2,"name":"Produkte","item":"https:\/\/www.ohis.be\/de\/produkte\/"}]},{"@type":"WebSite","@id":"https:\/\/www.ohis.be\/#website","url":"https:\/\/www.ohis.be\/","name":"Ohis","description":"Outils de levage","publisher":{"@id":"https:\/\/www.ohis.be\/#organization"},"potentialAction":[{"@type":"SearchAction","target":{"@type":"EntryPoint","urlTemplate":"https:\/\/www.ohis.be\/?s={search_term_string}"},"query-input":{"@type":"PropertyValueSpecification","valueRequired":true,"valueName":"search_term_string"}}],"inLanguage":"de"},{"@type":"Organization","@id":"https:\/\/www.ohis.be\/#organization","name":"Ohis","url":"https:\/\/www.ohis.be\/","logo":{"@type":"ImageObject","inLanguage":"de","@id":"https:\/\/www.ohis.be\/#\/schema\/logo\/image\/","url":"https:\/\/www.ohis.be\/wp-content\/uploads\/2021\/02\/logo-ohis-wit.svg","contentUrl":"https:\/\/www.ohis.be\/wp-content\/uploads\/2021\/02\/logo-ohis-wit.svg","caption":"Ohis"},"image":{"@id":"https:\/\/www.ohis.be\/#\/schema\/logo\/image\/"}}]}},"_links":{"self":[{"href":"https:\/\/www.ohis.be\/de\/wp-json\/wp\/v2\/product\/36106","targetHints":{"allow":["GET"]}}],"collection":[{"href":"https:\/\/www.ohis.be\/de\/wp-json\/wp\/v2\/product"}],"about":[{"href":"https:\/\/www.ohis.be\/de\/wp-json\/wp\/v2\/types\/product"}],"wp:featuredmedia":[{"embeddable":true,"href":"https:\/\/www.ohis.be\/de\/wp-json\/wp\/v2\/media\/36075"}],"wp:attachment":[{"href":"https:\/\/www.ohis.be\/de\/wp-json\/wp\/v2\/media?parent=36106"}],"wp:term":[{"taxonomy":"product_brand","embeddable":true,"href":"https:\/\/www.ohis.be\/de\/wp-json\/wp\/v2\/product_brand?post=36106"},{"taxonomy":"product_cat","embeddable":true,"href":"https:\/\/www.ohis.be\/de\/wp-json\/wp\/v2\/product_cat?post=36106"},{"taxonomy":"product_tag","embeddable":true,"href":"https:\/\/www.ohis.be\/de\/wp-json\/wp\/v2\/product_tag?post=36106"}],"curies":[{"name":"wp","href":"https:\/\/api.w.org\/{rel}","templated":true}]}}