{"id":35147,"date":"2022-12-14T14:17:07","date_gmt":"2022-12-14T13:17:07","guid":{"rendered":"https:\/\/www.ohis.be\/produit\/cpv-cpvf-elektrischer-kettenflaschenzug-3m-auf-manueller-laufkatze\/"},"modified":"2022-12-14T14:17:07","modified_gmt":"2022-12-14T13:17:07","slug":"cpv-cpvf-elektrischer-kettenflaschenzug-3m-auf-manueller-laufkatze","status":"publish","type":"product","link":"https:\/\/www.ohis.be\/de\/produit\/cpv-cpvf-elektrischer-kettenflaschenzug-3m-auf-manueller-laufkatze\/","title":{"rendered":"CPV\/CPVF Elektrischer Kettenflaschenzug (3m) auf manueller Laufkatze"},"content":{"rendered":"<p>Kapazit\u00e4t 125 &#8211; 5000 kg<\/p>\n<p>Ohne Kettenspeicher<br \/>\nInklusive Wagen VTP-A oder VTG-A.<\/p>\n<p>Merkmale<br \/>\n&#8211; Erh\u00f6hte Betriebssicherheit dank der Steuerspannung von 42 V (Kleinspannungssteuerung) und der IP-65-Tastenbox.<br \/>\n&#8211; Oberer und unterer Endschalter, wodurch die Lebensdauer des Begrenzers, des Motors und des Getriebes erheblich verl\u00e4ngert wird.<br \/>\n&#8211; Der \u00dcberlastschutz (Drehmomentbegrenzer) ist in allen CPVs enthalten, um die Sicherheit zu erh\u00f6hen.<br \/>\n&#8211; Elektromagnetische Bremse, die die Last auch bei Stromausfall sicher h\u00e4lt.<br \/>\n&#8211; Es sind verschiedene Aufh\u00e4ngungsarten erh\u00e4ltlich, wie z. B. der hohe Haken oder der integrierte Schlitten. Eine R\u00fcckkehr zu einer anderen Art der Aufh\u00e4ngung ist m\u00f6glich.<br \/>\n&#8211; Kettenl\u00e4nge (Hubh\u00f6he) auf Anfrage.<br \/>\n&#8211; \u00d6lbadschmierung des Getriebes und einsatzgeh\u00e4rteter Schr\u00e4gverzahnungssatz, um einen ruhigen Lauf und eine l\u00e4ngere Lebensdauer zu gew\u00e4hrleisten. Bei CPV\/F 2-8, 5-4, CPV 2-4 und 5-2 wird das Getriebe mit Fett geschmiert.<br \/>\n&#8211; Kettenf\u00fchrung aus Stahl<br \/>\n&#8211; Kettenf\u00fchrung aus POM f\u00fcr die Hebezeuge CPV\/F 2-8 und 5-4 und auch CPV 2-4 und 5-2.<br \/>\n&#8211; Schutz nach IP 55 gegen Eindringen von Staub und Spritzwasser.<br \/>\n&#8211; 2 Jahre Garantie (au\u00dfer Verschlei\u00dfteile) und lebenslange Schmierung des Geh\u00e4uses.<\/p>\n","protected":false},"excerpt":{"rendered":"<p>Kapazit\u00e4t 125 &#8211; 5000 kg<\/p>\n<p>Ohne Kettenspeicher<br \/>\nInklusive Wagen VTP-A oder VTG-A.<\/p>\n<p>Merkmale<br \/>\n&#8211; Erh\u00f6hte Betriebssicherheit dank der Steuerspannung von 42 V (Kleinspannungssteuerung) und der IP-65-Tastenbox.<br \/>\n&#8211; Oberer und unterer Endschalter, wodurch die Lebensdauer des Begrenzers, des Motors und des Getriebes erheblich verl\u00e4ngert wird.<br \/>\n&#8211; Der \u00dcberlastschutz (Drehmomentbegrenzer) ist in allen CPVs enthalten, um die Sicherheit zu erh\u00f6hen.<br \/>\n&#8211; Elektromagnetische Bremse, die die Last auch bei Stromausfall sicher h\u00e4lt.<br \/>\n&#8211; Es sind verschiedene Aufh\u00e4ngungsarten erh\u00e4ltlich, wie z. B. der hohe Haken oder der integrierte Schlitten. Eine R\u00fcckkehr zu einer anderen Art der Aufh\u00e4ngung ist m\u00f6glich.<br \/>\n&#8211; Kettenl\u00e4nge (Hubh\u00f6he) auf Anfrage.<br \/>\n&#8211; \u00d6lbadschmierung des Getriebes und einsatzgeh\u00e4rteter Schr\u00e4gverzahnungssatz, um einen ruhigen Lauf und eine l\u00e4ngere Lebensdauer zu gew\u00e4hrleisten. Bei CPV\/F 2-8, 5-4, CPV 2-4 und 5-2 wird das Getriebe mit Fett geschmiert.<br \/>\n&#8211; Kettenf\u00fchrung aus Stahl<br \/>\n&#8211; Kettenf\u00fchrung aus POM f\u00fcr die Hebezeuge CPV\/F 2-8 und 5-4 und auch CPV 2-4 und 5-2.<br \/>\n&#8211; Schutz nach IP 55 gegen Eindringen von Staub und Spritzwasser.<br \/>\n&#8211; 2 Jahre Garantie (au\u00dfer Verschlei\u00dfteile) und lebenslange Schmierung des Geh\u00e4uses.<\/p>\n","protected":false},"featured_media":34081,"template":"","meta":{"_acf_changed":false,"inline_featured_image":false},"product_brand":[],"product_cat":[697],"product_tag":[705],"class_list":{"0":"post-35147","1":"product","2":"type-product","3":"status-publish","4":"has-post-thumbnail","6":"product_cat-kettenzug","7":"product_tag-yale-de","8":"yith_product_brand-yale-de","10":"first","11":"onbackorder","12":"taxable","13":"shipping-taxable","14":"purchasable","15":"product-type-variable"},"acf":[],"yoast_head":"<!-- This site is optimized with the Yoast SEO plugin v27.3 - https:\/\/yoast.com\/product\/yoast-seo-wordpress\/ -->\n<title>CPV\/CPVF Elektrischer Kettenflaschenzug (3m) auf manueller Laufkatze - Ohis<\/title>\n<meta name=\"robots\" content=\"index, follow, max-snippet:-1, max-image-preview:large, max-video-preview:-1\" \/>\n<link rel=\"canonical\" href=\"https:\/\/www.ohis.be\/de\/produit\/cpv-cpvf-elektrischer-kettenflaschenzug-3m-auf-manueller-laufkatze\/\" \/>\n<meta property=\"og:locale\" content=\"de_DE\" \/>\n<meta property=\"og:type\" content=\"article\" \/>\n<meta property=\"og:title\" content=\"CPV\/CPVF Elektrischer Kettenflaschenzug (3m) auf manueller Laufkatze - Ohis\" \/>\n<meta property=\"og:description\" content=\"Kapazit\u00e4t 125 - 5000 kg  Ohne Kettenspeicher Inklusive Wagen VTP-A oder VTG-A.  Merkmale - Erh\u00f6hte Betriebssicherheit dank der Steuerspannung von 42 V (Kleinspannungssteuerung) und der IP-65-Tastenbox. - Oberer und unterer Endschalter, wodurch die Lebensdauer des Begrenzers, des Motors und des Getriebes erheblich verl\u00e4ngert wird. - Der \u00dcberlastschutz (Drehmomentbegrenzer) ist in allen CPVs enthalten, um die Sicherheit zu erh\u00f6hen. - Elektromagnetische Bremse, die die Last auch bei Stromausfall sicher h\u00e4lt. - Es sind verschiedene Aufh\u00e4ngungsarten erh\u00e4ltlich, wie z. B. der hohe Haken oder der integrierte Schlitten. Eine R\u00fcckkehr zu einer anderen Art der Aufh\u00e4ngung ist m\u00f6glich. - Kettenl\u00e4nge (Hubh\u00f6he) auf Anfrage. - \u00d6lbadschmierung des Getriebes und einsatzgeh\u00e4rteter Schr\u00e4gverzahnungssatz, um einen ruhigen Lauf und eine l\u00e4ngere Lebensdauer zu gew\u00e4hrleisten. Bei CPV\/F 2-8, 5-4, CPV 2-4 und 5-2 wird das Getriebe mit Fett geschmiert. - Kettenf\u00fchrung aus Stahl - Kettenf\u00fchrung aus POM f\u00fcr die Hebezeuge CPV\/F 2-8 und 5-4 und auch CPV 2-4 und 5-2. - Schutz nach IP 55 gegen Eindringen von Staub und Spritzwasser. - 2 Jahre Garantie (au\u00dfer Verschlei\u00dfteile) und lebenslange Schmierung des Geh\u00e4uses.\" \/>\n<meta property=\"og:url\" content=\"https:\/\/www.ohis.be\/de\/produit\/cpv-cpvf-elektrischer-kettenflaschenzug-3m-auf-manueller-laufkatze\/\" \/>\n<meta property=\"og:site_name\" content=\"Ohis\" \/>\n<meta property=\"og:image\" content=\"https:\/\/www.ohis.be\/wp-content\/uploads\/2022\/12\/cpv-manual-trol-300.jpg\" \/>\n\t<meta property=\"og:image:width\" content=\"354\" \/>\n\t<meta property=\"og:image:height\" content=\"300\" \/>\n\t<meta property=\"og:image:type\" content=\"image\/jpeg\" \/>\n<meta name=\"twitter:card\" content=\"summary_large_image\" \/>\n<meta name=\"twitter:label1\" content=\"Gesch\u00e4tzte Lesezeit\" \/>\n\t<meta name=\"twitter:data1\" content=\"1\u00a0Minute\" \/>\n<script type=\"application\/ld+json\" class=\"yoast-schema-graph\">{\"@context\":\"https:\\\/\\\/schema.org\",\"@graph\":[{\"@type\":\"WebPage\",\"@id\":\"https:\\\/\\\/www.ohis.be\\\/de\\\/produit\\\/cpv-cpvf-elektrischer-kettenflaschenzug-3m-auf-manueller-laufkatze\\\/\",\"url\":\"https:\\\/\\\/www.ohis.be\\\/de\\\/produit\\\/cpv-cpvf-elektrischer-kettenflaschenzug-3m-auf-manueller-laufkatze\\\/\",\"name\":\"CPV\\\/CPVF Elektrischer Kettenflaschenzug (3m) auf manueller Laufkatze - Ohis\",\"isPartOf\":{\"@id\":\"https:\\\/\\\/www.ohis.be\\\/#website\"},\"primaryImageOfPage\":{\"@id\":\"https:\\\/\\\/www.ohis.be\\\/de\\\/produit\\\/cpv-cpvf-elektrischer-kettenflaschenzug-3m-auf-manueller-laufkatze\\\/#primaryimage\"},\"image\":{\"@id\":\"https:\\\/\\\/www.ohis.be\\\/de\\\/produit\\\/cpv-cpvf-elektrischer-kettenflaschenzug-3m-auf-manueller-laufkatze\\\/#primaryimage\"},\"thumbnailUrl\":\"https:\\\/\\\/www.ohis.be\\\/wp-content\\\/uploads\\\/2022\\\/12\\\/cpv-manual-trol-300.jpg\",\"datePublished\":\"2022-12-14T13:17:07+00:00\",\"breadcrumb\":{\"@id\":\"https:\\\/\\\/www.ohis.be\\\/de\\\/produit\\\/cpv-cpvf-elektrischer-kettenflaschenzug-3m-auf-manueller-laufkatze\\\/#breadcrumb\"},\"inLanguage\":\"de\",\"potentialAction\":[{\"@type\":\"ReadAction\",\"target\":[\"https:\\\/\\\/www.ohis.be\\\/de\\\/produit\\\/cpv-cpvf-elektrischer-kettenflaschenzug-3m-auf-manueller-laufkatze\\\/\"]}]},{\"@type\":\"ImageObject\",\"inLanguage\":\"de\",\"@id\":\"https:\\\/\\\/www.ohis.be\\\/de\\\/produit\\\/cpv-cpvf-elektrischer-kettenflaschenzug-3m-auf-manueller-laufkatze\\\/#primaryimage\",\"url\":\"https:\\\/\\\/www.ohis.be\\\/wp-content\\\/uploads\\\/2022\\\/12\\\/cpv-manual-trol-300.jpg\",\"contentUrl\":\"https:\\\/\\\/www.ohis.be\\\/wp-content\\\/uploads\\\/2022\\\/12\\\/cpv-manual-trol-300.jpg\",\"width\":354,\"height\":300},{\"@type\":\"BreadcrumbList\",\"@id\":\"https:\\\/\\\/www.ohis.be\\\/de\\\/produit\\\/cpv-cpvf-elektrischer-kettenflaschenzug-3m-auf-manueller-laufkatze\\\/#breadcrumb\",\"itemListElement\":[{\"@type\":\"ListItem\",\"position\":1,\"name\":\"Accueil\",\"item\":\"https:\\\/\\\/www.ohis.be\\\/de\\\/\"},{\"@type\":\"ListItem\",\"position\":2,\"name\":\"Produkte\",\"item\":\"https:\\\/\\\/www.ohis.be\\\/de\\\/produkte\\\/\"},{\"@type\":\"ListItem\",\"position\":3,\"name\":\"CPV\\\/CPVF Elektrischer Kettenflaschenzug (3m) auf manueller Laufkatze\"}]},{\"@type\":\"WebSite\",\"@id\":\"https:\\\/\\\/www.ohis.be\\\/#website\",\"url\":\"https:\\\/\\\/www.ohis.be\\\/\",\"name\":\"Ohis\",\"description\":\"Outils de levage\",\"publisher\":{\"@id\":\"https:\\\/\\\/www.ohis.be\\\/#organization\"},\"potentialAction\":[{\"@type\":\"SearchAction\",\"target\":{\"@type\":\"EntryPoint\",\"urlTemplate\":\"https:\\\/\\\/www.ohis.be\\\/?s={search_term_string}\"},\"query-input\":{\"@type\":\"PropertyValueSpecification\",\"valueRequired\":true,\"valueName\":\"search_term_string\"}}],\"inLanguage\":\"de\"},{\"@type\":\"Organization\",\"@id\":\"https:\\\/\\\/www.ohis.be\\\/#organization\",\"name\":\"Ohis\",\"url\":\"https:\\\/\\\/www.ohis.be\\\/\",\"logo\":{\"@type\":\"ImageObject\",\"inLanguage\":\"de\",\"@id\":\"https:\\\/\\\/www.ohis.be\\\/#\\\/schema\\\/logo\\\/image\\\/\",\"url\":\"https:\\\/\\\/www.ohis.be\\\/wp-content\\\/uploads\\\/2021\\\/02\\\/logo-ohis-wit.svg\",\"contentUrl\":\"https:\\\/\\\/www.ohis.be\\\/wp-content\\\/uploads\\\/2021\\\/02\\\/logo-ohis-wit.svg\",\"width\":169,\"height\":39,\"caption\":\"Ohis\"},\"image\":{\"@id\":\"https:\\\/\\\/www.ohis.be\\\/#\\\/schema\\\/logo\\\/image\\\/\"}}]}<\/script>\n<!-- \/ Yoast SEO plugin. -->","yoast_head_json":{"title":"CPV\/CPVF Elektrischer Kettenflaschenzug (3m) auf manueller Laufkatze - Ohis","robots":{"index":"index","follow":"follow","max-snippet":"max-snippet:-1","max-image-preview":"max-image-preview:large","max-video-preview":"max-video-preview:-1"},"canonical":"https:\/\/www.ohis.be\/de\/produit\/cpv-cpvf-elektrischer-kettenflaschenzug-3m-auf-manueller-laufkatze\/","og_locale":"de_DE","og_type":"article","og_title":"CPV\/CPVF Elektrischer Kettenflaschenzug (3m) auf manueller Laufkatze - Ohis","og_description":"Kapazit\u00e4t 125 - 5000 kg  Ohne Kettenspeicher Inklusive Wagen VTP-A oder VTG-A.  Merkmale - Erh\u00f6hte Betriebssicherheit dank der Steuerspannung von 42 V (Kleinspannungssteuerung) und der IP-65-Tastenbox. - Oberer und unterer Endschalter, wodurch die Lebensdauer des Begrenzers, des Motors und des Getriebes erheblich verl\u00e4ngert wird. - Der \u00dcberlastschutz (Drehmomentbegrenzer) ist in allen CPVs enthalten, um die Sicherheit zu erh\u00f6hen. - Elektromagnetische Bremse, die die Last auch bei Stromausfall sicher h\u00e4lt. - Es sind verschiedene Aufh\u00e4ngungsarten erh\u00e4ltlich, wie z. B. der hohe Haken oder der integrierte Schlitten. Eine R\u00fcckkehr zu einer anderen Art der Aufh\u00e4ngung ist m\u00f6glich. - Kettenl\u00e4nge (Hubh\u00f6he) auf Anfrage. - \u00d6lbadschmierung des Getriebes und einsatzgeh\u00e4rteter Schr\u00e4gverzahnungssatz, um einen ruhigen Lauf und eine l\u00e4ngere Lebensdauer zu gew\u00e4hrleisten. Bei CPV\/F 2-8, 5-4, CPV 2-4 und 5-2 wird das Getriebe mit Fett geschmiert. - Kettenf\u00fchrung aus Stahl - Kettenf\u00fchrung aus POM f\u00fcr die Hebezeuge CPV\/F 2-8 und 5-4 und auch CPV 2-4 und 5-2. - Schutz nach IP 55 gegen Eindringen von Staub und Spritzwasser. - 2 Jahre Garantie (au\u00dfer Verschlei\u00dfteile) und lebenslange Schmierung des Geh\u00e4uses.","og_url":"https:\/\/www.ohis.be\/de\/produit\/cpv-cpvf-elektrischer-kettenflaschenzug-3m-auf-manueller-laufkatze\/","og_site_name":"Ohis","og_image":[{"width":354,"height":300,"url":"https:\/\/www.ohis.be\/wp-content\/uploads\/2022\/12\/cpv-manual-trol-300.jpg","type":"image\/jpeg"}],"twitter_card":"summary_large_image","twitter_misc":{"Gesch\u00e4tzte Lesezeit":"1\u00a0Minute"},"schema":{"@context":"https:\/\/schema.org","@graph":[{"@type":"WebPage","@id":"https:\/\/www.ohis.be\/de\/produit\/cpv-cpvf-elektrischer-kettenflaschenzug-3m-auf-manueller-laufkatze\/","url":"https:\/\/www.ohis.be\/de\/produit\/cpv-cpvf-elektrischer-kettenflaschenzug-3m-auf-manueller-laufkatze\/","name":"CPV\/CPVF Elektrischer Kettenflaschenzug (3m) auf manueller Laufkatze - Ohis","isPartOf":{"@id":"https:\/\/www.ohis.be\/#website"},"primaryImageOfPage":{"@id":"https:\/\/www.ohis.be\/de\/produit\/cpv-cpvf-elektrischer-kettenflaschenzug-3m-auf-manueller-laufkatze\/#primaryimage"},"image":{"@id":"https:\/\/www.ohis.be\/de\/produit\/cpv-cpvf-elektrischer-kettenflaschenzug-3m-auf-manueller-laufkatze\/#primaryimage"},"thumbnailUrl":"https:\/\/www.ohis.be\/wp-content\/uploads\/2022\/12\/cpv-manual-trol-300.jpg","datePublished":"2022-12-14T13:17:07+00:00","breadcrumb":{"@id":"https:\/\/www.ohis.be\/de\/produit\/cpv-cpvf-elektrischer-kettenflaschenzug-3m-auf-manueller-laufkatze\/#breadcrumb"},"inLanguage":"de","potentialAction":[{"@type":"ReadAction","target":["https:\/\/www.ohis.be\/de\/produit\/cpv-cpvf-elektrischer-kettenflaschenzug-3m-auf-manueller-laufkatze\/"]}]},{"@type":"ImageObject","inLanguage":"de","@id":"https:\/\/www.ohis.be\/de\/produit\/cpv-cpvf-elektrischer-kettenflaschenzug-3m-auf-manueller-laufkatze\/#primaryimage","url":"https:\/\/www.ohis.be\/wp-content\/uploads\/2022\/12\/cpv-manual-trol-300.jpg","contentUrl":"https:\/\/www.ohis.be\/wp-content\/uploads\/2022\/12\/cpv-manual-trol-300.jpg","width":354,"height":300},{"@type":"BreadcrumbList","@id":"https:\/\/www.ohis.be\/de\/produit\/cpv-cpvf-elektrischer-kettenflaschenzug-3m-auf-manueller-laufkatze\/#breadcrumb","itemListElement":[{"@type":"ListItem","position":1,"name":"Accueil","item":"https:\/\/www.ohis.be\/de\/"},{"@type":"ListItem","position":2,"name":"Produkte","item":"https:\/\/www.ohis.be\/de\/produkte\/"},{"@type":"ListItem","position":3,"name":"CPV\/CPVF Elektrischer Kettenflaschenzug (3m) auf manueller Laufkatze"}]},{"@type":"WebSite","@id":"https:\/\/www.ohis.be\/#website","url":"https:\/\/www.ohis.be\/","name":"Ohis","description":"Outils de levage","publisher":{"@id":"https:\/\/www.ohis.be\/#organization"},"potentialAction":[{"@type":"SearchAction","target":{"@type":"EntryPoint","urlTemplate":"https:\/\/www.ohis.be\/?s={search_term_string}"},"query-input":{"@type":"PropertyValueSpecification","valueRequired":true,"valueName":"search_term_string"}}],"inLanguage":"de"},{"@type":"Organization","@id":"https:\/\/www.ohis.be\/#organization","name":"Ohis","url":"https:\/\/www.ohis.be\/","logo":{"@type":"ImageObject","inLanguage":"de","@id":"https:\/\/www.ohis.be\/#\/schema\/logo\/image\/","url":"https:\/\/www.ohis.be\/wp-content\/uploads\/2021\/02\/logo-ohis-wit.svg","contentUrl":"https:\/\/www.ohis.be\/wp-content\/uploads\/2021\/02\/logo-ohis-wit.svg","width":169,"height":39,"caption":"Ohis"},"image":{"@id":"https:\/\/www.ohis.be\/#\/schema\/logo\/image\/"}}]}},"_links":{"self":[{"href":"https:\/\/www.ohis.be\/de\/wp-json\/wp\/v2\/product\/35147","targetHints":{"allow":["GET"]}}],"collection":[{"href":"https:\/\/www.ohis.be\/de\/wp-json\/wp\/v2\/product"}],"about":[{"href":"https:\/\/www.ohis.be\/de\/wp-json\/wp\/v2\/types\/product"}],"wp:featuredmedia":[{"embeddable":true,"href":"https:\/\/www.ohis.be\/de\/wp-json\/wp\/v2\/media\/34081"}],"wp:attachment":[{"href":"https:\/\/www.ohis.be\/de\/wp-json\/wp\/v2\/media?parent=35147"}],"wp:term":[{"taxonomy":"product_brand","embeddable":true,"href":"https:\/\/www.ohis.be\/de\/wp-json\/wp\/v2\/product_brand?post=35147"},{"taxonomy":"product_cat","embeddable":true,"href":"https:\/\/www.ohis.be\/de\/wp-json\/wp\/v2\/product_cat?post=35147"},{"taxonomy":"product_tag","embeddable":true,"href":"https:\/\/www.ohis.be\/de\/wp-json\/wp\/v2\/product_tag?post=35147"}],"curies":[{"name":"wp","href":"https:\/\/api.w.org\/{rel}","templated":true}]}}