{"id":35084,"date":"2022-12-14T14:35:47","date_gmt":"2022-12-14T13:35:47","guid":{"rendered":"https:\/\/www.ohis.be\/produit\/cpvf-elektrischer-flaschenzug-double-speed-mit-kette-3m-auf-elektrofahrwerk\/"},"modified":"2022-12-14T14:35:47","modified_gmt":"2022-12-14T13:35:47","slug":"cpvf-elektrischer-flaschenzug-double-speed-mit-kette-3m-auf-elektrofahrwerk","status":"publish","type":"product","link":"https:\/\/www.ohis.be\/de\/produit\/cpvf-elektrischer-flaschenzug-double-speed-mit-kette-3m-auf-elektrofahrwerk\/","title":{"rendered":"CPVF Elektrischer Flaschenzug (Double Speed) mit Kette (3m) auf Elektrofahrwerk"},"content":{"rendered":"<p>Kapazit\u00e4t 125 &#8211; 5000 kg<\/p>\n<p>Ohne Kettenspeicher<br \/>\nInklusive Laufkatze VTE\/F<br \/>\n(Hebezeug mit zwei Hubgeschwindigkeiten, Laufkatze mit zwei Fahrgeschwindigkeiten).<br \/>\nHinweis: Die Hebezeuge CPVF 2-8 und CPVF 5-4 k\u00f6nnen nur mit Laufkatzen mit einer einzigen Geschwindigkeit von 11 m\/min oder 18 m\/min geliefert werden.<\/p>\n<p>Merkmale<br \/>\n&#8211; Erh\u00f6hte Betriebssicherheit durch die Steuerspannung von 42 V (Kleinspannungssteuerung) und die IP-65-Tastenbox.<br \/>\n&#8211; Oberer und unterer Endschalter, wodurch die Lebensdauer des Begrenzers, des Motors und des Getriebes erheblich verl\u00e4ngert wird.<br \/>\n&#8211; Der \u00dcberlastschutz (Drehmomentbegrenzer) ist in allen CPVs enthalten, um die Sicherheit zu erh\u00f6hen.<br \/>\n&#8211; Elektromagnetische Bremse, die die Last auch bei Stromausfall sicher h\u00e4lt.<br \/>\n&#8211; Es sind verschiedene Aufh\u00e4ngungsarten erh\u00e4ltlich, wie z. B. der hohe Haken oder der integrierte Schlitten. Eine R\u00fcckkehr zu einer anderen Art der Aufh\u00e4ngung ist m\u00f6glich.<br \/>\n&#8211; Kettenl\u00e4nge (Hubh\u00f6he) auf Anfrage.<br \/>\n&#8211; \u00d6lbadschmierung des Getriebes und einsatzgeh\u00e4rteter Schr\u00e4gverzahnungssatz, um einen ruhigen Lauf und eine l\u00e4ngere Lebensdauer zu gew\u00e4hrleisten. Bei CPV\/F 2-8, 5-4, CPV 2-4 und 5-2 wird das Getriebe mit Fett geschmiert.<br \/>\n&#8211; Kettenf\u00fchrung aus Stahl<br \/>\n&#8211; Kettenf\u00fchrung aus POM f\u00fcr die Hebezeuge CPV\/F 2-8 und 5-4 und auch CPV 2-4 und 5-2.<br \/>\n&#8211; Schutz nach IP 55 gegen das Eindringen von Staub und Spritzwasser.<br \/>\n&#8211; 2 Jahre Garantie (au\u00dfer Verschlei\u00dfteile) und lebenslange Schmierung des Geh\u00e4uses.<\/p>\n","protected":false},"excerpt":{"rendered":"<p>Kapazit\u00e4t 125 &#8211; 5000 kg<\/p>\n<p>Ohne Kettenspeicher<br \/>\nInklusive Laufkatze VTE\/F<br \/>\n(Hebezeug mit zwei Hubgeschwindigkeiten, Laufkatze mit zwei Fahrgeschwindigkeiten).<br \/>\nHinweis: Die Hebezeuge CPVF 2-8 und CPVF 5-4 k\u00f6nnen nur mit Laufkatzen mit einer einzigen Geschwindigkeit von 11 m\/min oder 18 m\/min geliefert werden.<\/p>\n<p>Merkmale<br \/>\n&#8211; Erh\u00f6hte Betriebssicherheit durch die Steuerspannung von 42 V (Kleinspannungssteuerung) und die IP-65-Tastenbox.<br \/>\n&#8211; Oberer und unterer Endschalter, wodurch die Lebensdauer des Begrenzers, des Motors und des Getriebes erheblich verl\u00e4ngert wird.<br \/>\n&#8211; Der \u00dcberlastschutz (Drehmomentbegrenzer) ist in allen CPVs enthalten, um die Sicherheit zu erh\u00f6hen.<br \/>\n&#8211; Elektromagnetische Bremse, die die Last auch bei Stromausfall sicher h\u00e4lt.<br \/>\n&#8211; Es sind verschiedene Aufh\u00e4ngungsarten erh\u00e4ltlich, wie z. B. der hohe Haken oder der integrierte Schlitten. Eine R\u00fcckkehr zu einer anderen Art der Aufh\u00e4ngung ist m\u00f6glich.<br \/>\n&#8211; Kettenl\u00e4nge (Hubh\u00f6he) auf Anfrage.<br \/>\n&#8211; \u00d6lbadschmierung des Getriebes und einsatzgeh\u00e4rteter Schr\u00e4gverzahnungssatz, um einen ruhigen Lauf und eine l\u00e4ngere Lebensdauer zu gew\u00e4hrleisten. Bei CPV\/F 2-8, 5-4, CPV 2-4 und 5-2 wird das Getriebe mit Fett geschmiert.<br \/>\n&#8211; Kettenf\u00fchrung aus Stahl<br \/>\n&#8211; Kettenf\u00fchrung aus POM f\u00fcr die Hebezeuge CPV\/F 2-8 und 5-4 und auch CPV 2-4 und 5-2.<br \/>\n&#8211; Schutz nach IP 55 gegen das Eindringen von Staub und Spritzwasser.<br \/>\n&#8211; 2 Jahre Garantie (au\u00dfer Verschlei\u00dfteile) und lebenslange Schmierung des Geh\u00e4uses.<\/p>\n","protected":false},"featured_media":34065,"template":"","meta":{"_acf_changed":false,"inline_featured_image":false},"product_brand":[],"product_cat":[697],"product_tag":[705],"class_list":{"0":"post-35084","1":"product","2":"type-product","3":"status-publish","4":"has-post-thumbnail","6":"product_cat-kettenzug","7":"product_tag-yale-de","8":"yith_product_brand-yale-de","10":"first","11":"onbackorder","12":"taxable","13":"shipping-taxable","14":"purchasable","15":"product-type-variable"},"acf":[],"yoast_head":"<!-- This site is optimized with the Yoast SEO plugin v27.3 - https:\/\/yoast.com\/product\/yoast-seo-wordpress\/ -->\n<title>CPVF Elektrischer Flaschenzug (Double Speed) mit Kette (3m) auf Elektrofahrwerk - Ohis<\/title>\n<meta name=\"robots\" content=\"index, follow, max-snippet:-1, max-image-preview:large, max-video-preview:-1\" \/>\n<link rel=\"canonical\" href=\"https:\/\/www.ohis.be\/de\/produit\/cpvf-elektrischer-flaschenzug-double-speed-mit-kette-3m-auf-elektrofahrwerk\/\" \/>\n<meta property=\"og:locale\" content=\"de_DE\" \/>\n<meta property=\"og:type\" content=\"article\" \/>\n<meta property=\"og:title\" content=\"CPVF Elektrischer Flaschenzug (Double Speed) mit Kette (3m) auf Elektrofahrwerk - Ohis\" \/>\n<meta property=\"og:description\" content=\"Kapazit\u00e4t 125 - 5000 kg  Ohne Kettenspeicher Inklusive Laufkatze VTE\/F (Hebezeug mit zwei Hubgeschwindigkeiten, Laufkatze mit zwei Fahrgeschwindigkeiten). Hinweis: Die Hebezeuge CPVF 2-8 und CPVF 5-4 k\u00f6nnen nur mit Laufkatzen mit einer einzigen Geschwindigkeit von 11 m\/min oder 18 m\/min geliefert werden.  Merkmale - Erh\u00f6hte Betriebssicherheit durch die Steuerspannung von 42 V (Kleinspannungssteuerung) und die IP-65-Tastenbox. - Oberer und unterer Endschalter, wodurch die Lebensdauer des Begrenzers, des Motors und des Getriebes erheblich verl\u00e4ngert wird. - Der \u00dcberlastschutz (Drehmomentbegrenzer) ist in allen CPVs enthalten, um die Sicherheit zu erh\u00f6hen. - Elektromagnetische Bremse, die die Last auch bei Stromausfall sicher h\u00e4lt. - Es sind verschiedene Aufh\u00e4ngungsarten erh\u00e4ltlich, wie z. B. der hohe Haken oder der integrierte Schlitten. Eine R\u00fcckkehr zu einer anderen Art der Aufh\u00e4ngung ist m\u00f6glich. - Kettenl\u00e4nge (Hubh\u00f6he) auf Anfrage. - \u00d6lbadschmierung des Getriebes und einsatzgeh\u00e4rteter Schr\u00e4gverzahnungssatz, um einen ruhigen Lauf und eine l\u00e4ngere Lebensdauer zu gew\u00e4hrleisten. Bei CPV\/F 2-8, 5-4, CPV 2-4 und 5-2 wird das Getriebe mit Fett geschmiert. - Kettenf\u00fchrung aus Stahl - Kettenf\u00fchrung aus POM f\u00fcr die Hebezeuge CPV\/F 2-8 und 5-4 und auch CPV 2-4 und 5-2. - Schutz nach IP 55 gegen das Eindringen von Staub und Spritzwasser. - 2 Jahre Garantie (au\u00dfer Verschlei\u00dfteile) und lebenslange Schmierung des Geh\u00e4uses.\" \/>\n<meta property=\"og:url\" content=\"https:\/\/www.ohis.be\/de\/produit\/cpvf-elektrischer-flaschenzug-double-speed-mit-kette-3m-auf-elektrofahrwerk\/\" \/>\n<meta property=\"og:site_name\" content=\"Ohis\" \/>\n<meta property=\"og:image\" content=\"https:\/\/www.ohis.be\/wp-content\/uploads\/2022\/12\/CPVF-on-trolley300.jpg\" \/>\n\t<meta property=\"og:image:width\" content=\"291\" \/>\n\t<meta property=\"og:image:height\" content=\"300\" \/>\n\t<meta property=\"og:image:type\" content=\"image\/jpeg\" \/>\n<meta name=\"twitter:card\" content=\"summary_large_image\" \/>\n<meta name=\"twitter:label1\" content=\"Gesch\u00e4tzte Lesezeit\" \/>\n\t<meta name=\"twitter:data1\" content=\"1\u00a0Minute\" \/>\n<script type=\"application\/ld+json\" class=\"yoast-schema-graph\">{\"@context\":\"https:\\\/\\\/schema.org\",\"@graph\":[{\"@type\":\"WebPage\",\"@id\":\"https:\\\/\\\/www.ohis.be\\\/de\\\/produit\\\/cpvf-elektrischer-flaschenzug-double-speed-mit-kette-3m-auf-elektrofahrwerk\\\/\",\"url\":\"https:\\\/\\\/www.ohis.be\\\/de\\\/produit\\\/cpvf-elektrischer-flaschenzug-double-speed-mit-kette-3m-auf-elektrofahrwerk\\\/\",\"name\":\"CPVF Elektrischer Flaschenzug (Double Speed) mit Kette (3m) auf Elektrofahrwerk - Ohis\",\"isPartOf\":{\"@id\":\"https:\\\/\\\/www.ohis.be\\\/#website\"},\"primaryImageOfPage\":{\"@id\":\"https:\\\/\\\/www.ohis.be\\\/de\\\/produit\\\/cpvf-elektrischer-flaschenzug-double-speed-mit-kette-3m-auf-elektrofahrwerk\\\/#primaryimage\"},\"image\":{\"@id\":\"https:\\\/\\\/www.ohis.be\\\/de\\\/produit\\\/cpvf-elektrischer-flaschenzug-double-speed-mit-kette-3m-auf-elektrofahrwerk\\\/#primaryimage\"},\"thumbnailUrl\":\"https:\\\/\\\/www.ohis.be\\\/wp-content\\\/uploads\\\/2022\\\/12\\\/CPVF-on-trolley300.jpg\",\"datePublished\":\"2022-12-14T13:35:47+00:00\",\"breadcrumb\":{\"@id\":\"https:\\\/\\\/www.ohis.be\\\/de\\\/produit\\\/cpvf-elektrischer-flaschenzug-double-speed-mit-kette-3m-auf-elektrofahrwerk\\\/#breadcrumb\"},\"inLanguage\":\"de\",\"potentialAction\":[{\"@type\":\"ReadAction\",\"target\":[\"https:\\\/\\\/www.ohis.be\\\/de\\\/produit\\\/cpvf-elektrischer-flaschenzug-double-speed-mit-kette-3m-auf-elektrofahrwerk\\\/\"]}]},{\"@type\":\"ImageObject\",\"inLanguage\":\"de\",\"@id\":\"https:\\\/\\\/www.ohis.be\\\/de\\\/produit\\\/cpvf-elektrischer-flaschenzug-double-speed-mit-kette-3m-auf-elektrofahrwerk\\\/#primaryimage\",\"url\":\"https:\\\/\\\/www.ohis.be\\\/wp-content\\\/uploads\\\/2022\\\/12\\\/CPVF-on-trolley300.jpg\",\"contentUrl\":\"https:\\\/\\\/www.ohis.be\\\/wp-content\\\/uploads\\\/2022\\\/12\\\/CPVF-on-trolley300.jpg\",\"width\":291,\"height\":300},{\"@type\":\"BreadcrumbList\",\"@id\":\"https:\\\/\\\/www.ohis.be\\\/de\\\/produit\\\/cpvf-elektrischer-flaschenzug-double-speed-mit-kette-3m-auf-elektrofahrwerk\\\/#breadcrumb\",\"itemListElement\":[{\"@type\":\"ListItem\",\"position\":1,\"name\":\"Accueil\",\"item\":\"https:\\\/\\\/www.ohis.be\\\/de\\\/\"},{\"@type\":\"ListItem\",\"position\":2,\"name\":\"Produkte\",\"item\":\"https:\\\/\\\/www.ohis.be\\\/de\\\/produkte\\\/\"},{\"@type\":\"ListItem\",\"position\":3,\"name\":\"CPVF Elektrischer Flaschenzug (Double Speed) mit Kette (3m) auf Elektrofahrwerk\"}]},{\"@type\":\"WebSite\",\"@id\":\"https:\\\/\\\/www.ohis.be\\\/#website\",\"url\":\"https:\\\/\\\/www.ohis.be\\\/\",\"name\":\"Ohis\",\"description\":\"Outils de levage\",\"publisher\":{\"@id\":\"https:\\\/\\\/www.ohis.be\\\/#organization\"},\"potentialAction\":[{\"@type\":\"SearchAction\",\"target\":{\"@type\":\"EntryPoint\",\"urlTemplate\":\"https:\\\/\\\/www.ohis.be\\\/?s={search_term_string}\"},\"query-input\":{\"@type\":\"PropertyValueSpecification\",\"valueRequired\":true,\"valueName\":\"search_term_string\"}}],\"inLanguage\":\"de\"},{\"@type\":\"Organization\",\"@id\":\"https:\\\/\\\/www.ohis.be\\\/#organization\",\"name\":\"Ohis\",\"url\":\"https:\\\/\\\/www.ohis.be\\\/\",\"logo\":{\"@type\":\"ImageObject\",\"inLanguage\":\"de\",\"@id\":\"https:\\\/\\\/www.ohis.be\\\/#\\\/schema\\\/logo\\\/image\\\/\",\"url\":\"https:\\\/\\\/www.ohis.be\\\/wp-content\\\/uploads\\\/2021\\\/02\\\/logo-ohis-wit.svg\",\"contentUrl\":\"https:\\\/\\\/www.ohis.be\\\/wp-content\\\/uploads\\\/2021\\\/02\\\/logo-ohis-wit.svg\",\"width\":169,\"height\":39,\"caption\":\"Ohis\"},\"image\":{\"@id\":\"https:\\\/\\\/www.ohis.be\\\/#\\\/schema\\\/logo\\\/image\\\/\"}}]}<\/script>\n<!-- \/ Yoast SEO plugin. -->","yoast_head_json":{"title":"CPVF Elektrischer Flaschenzug (Double Speed) mit Kette (3m) auf Elektrofahrwerk - Ohis","robots":{"index":"index","follow":"follow","max-snippet":"max-snippet:-1","max-image-preview":"max-image-preview:large","max-video-preview":"max-video-preview:-1"},"canonical":"https:\/\/www.ohis.be\/de\/produit\/cpvf-elektrischer-flaschenzug-double-speed-mit-kette-3m-auf-elektrofahrwerk\/","og_locale":"de_DE","og_type":"article","og_title":"CPVF Elektrischer Flaschenzug (Double Speed) mit Kette (3m) auf Elektrofahrwerk - Ohis","og_description":"Kapazit\u00e4t 125 - 5000 kg  Ohne Kettenspeicher Inklusive Laufkatze VTE\/F (Hebezeug mit zwei Hubgeschwindigkeiten, Laufkatze mit zwei Fahrgeschwindigkeiten). Hinweis: Die Hebezeuge CPVF 2-8 und CPVF 5-4 k\u00f6nnen nur mit Laufkatzen mit einer einzigen Geschwindigkeit von 11 m\/min oder 18 m\/min geliefert werden.  Merkmale - Erh\u00f6hte Betriebssicherheit durch die Steuerspannung von 42 V (Kleinspannungssteuerung) und die IP-65-Tastenbox. - Oberer und unterer Endschalter, wodurch die Lebensdauer des Begrenzers, des Motors und des Getriebes erheblich verl\u00e4ngert wird. - Der \u00dcberlastschutz (Drehmomentbegrenzer) ist in allen CPVs enthalten, um die Sicherheit zu erh\u00f6hen. - Elektromagnetische Bremse, die die Last auch bei Stromausfall sicher h\u00e4lt. - Es sind verschiedene Aufh\u00e4ngungsarten erh\u00e4ltlich, wie z. B. der hohe Haken oder der integrierte Schlitten. Eine R\u00fcckkehr zu einer anderen Art der Aufh\u00e4ngung ist m\u00f6glich. - Kettenl\u00e4nge (Hubh\u00f6he) auf Anfrage. - \u00d6lbadschmierung des Getriebes und einsatzgeh\u00e4rteter Schr\u00e4gverzahnungssatz, um einen ruhigen Lauf und eine l\u00e4ngere Lebensdauer zu gew\u00e4hrleisten. Bei CPV\/F 2-8, 5-4, CPV 2-4 und 5-2 wird das Getriebe mit Fett geschmiert. - Kettenf\u00fchrung aus Stahl - Kettenf\u00fchrung aus POM f\u00fcr die Hebezeuge CPV\/F 2-8 und 5-4 und auch CPV 2-4 und 5-2. - Schutz nach IP 55 gegen das Eindringen von Staub und Spritzwasser. - 2 Jahre Garantie (au\u00dfer Verschlei\u00dfteile) und lebenslange Schmierung des Geh\u00e4uses.","og_url":"https:\/\/www.ohis.be\/de\/produit\/cpvf-elektrischer-flaschenzug-double-speed-mit-kette-3m-auf-elektrofahrwerk\/","og_site_name":"Ohis","og_image":[{"width":291,"height":300,"url":"https:\/\/www.ohis.be\/wp-content\/uploads\/2022\/12\/CPVF-on-trolley300.jpg","type":"image\/jpeg"}],"twitter_card":"summary_large_image","twitter_misc":{"Gesch\u00e4tzte Lesezeit":"1\u00a0Minute"},"schema":{"@context":"https:\/\/schema.org","@graph":[{"@type":"WebPage","@id":"https:\/\/www.ohis.be\/de\/produit\/cpvf-elektrischer-flaschenzug-double-speed-mit-kette-3m-auf-elektrofahrwerk\/","url":"https:\/\/www.ohis.be\/de\/produit\/cpvf-elektrischer-flaschenzug-double-speed-mit-kette-3m-auf-elektrofahrwerk\/","name":"CPVF Elektrischer Flaschenzug (Double Speed) mit Kette (3m) auf Elektrofahrwerk - Ohis","isPartOf":{"@id":"https:\/\/www.ohis.be\/#website"},"primaryImageOfPage":{"@id":"https:\/\/www.ohis.be\/de\/produit\/cpvf-elektrischer-flaschenzug-double-speed-mit-kette-3m-auf-elektrofahrwerk\/#primaryimage"},"image":{"@id":"https:\/\/www.ohis.be\/de\/produit\/cpvf-elektrischer-flaschenzug-double-speed-mit-kette-3m-auf-elektrofahrwerk\/#primaryimage"},"thumbnailUrl":"https:\/\/www.ohis.be\/wp-content\/uploads\/2022\/12\/CPVF-on-trolley300.jpg","datePublished":"2022-12-14T13:35:47+00:00","breadcrumb":{"@id":"https:\/\/www.ohis.be\/de\/produit\/cpvf-elektrischer-flaschenzug-double-speed-mit-kette-3m-auf-elektrofahrwerk\/#breadcrumb"},"inLanguage":"de","potentialAction":[{"@type":"ReadAction","target":["https:\/\/www.ohis.be\/de\/produit\/cpvf-elektrischer-flaschenzug-double-speed-mit-kette-3m-auf-elektrofahrwerk\/"]}]},{"@type":"ImageObject","inLanguage":"de","@id":"https:\/\/www.ohis.be\/de\/produit\/cpvf-elektrischer-flaschenzug-double-speed-mit-kette-3m-auf-elektrofahrwerk\/#primaryimage","url":"https:\/\/www.ohis.be\/wp-content\/uploads\/2022\/12\/CPVF-on-trolley300.jpg","contentUrl":"https:\/\/www.ohis.be\/wp-content\/uploads\/2022\/12\/CPVF-on-trolley300.jpg","width":291,"height":300},{"@type":"BreadcrumbList","@id":"https:\/\/www.ohis.be\/de\/produit\/cpvf-elektrischer-flaschenzug-double-speed-mit-kette-3m-auf-elektrofahrwerk\/#breadcrumb","itemListElement":[{"@type":"ListItem","position":1,"name":"Accueil","item":"https:\/\/www.ohis.be\/de\/"},{"@type":"ListItem","position":2,"name":"Produkte","item":"https:\/\/www.ohis.be\/de\/produkte\/"},{"@type":"ListItem","position":3,"name":"CPVF Elektrischer Flaschenzug (Double Speed) mit Kette (3m) auf Elektrofahrwerk"}]},{"@type":"WebSite","@id":"https:\/\/www.ohis.be\/#website","url":"https:\/\/www.ohis.be\/","name":"Ohis","description":"Outils de levage","publisher":{"@id":"https:\/\/www.ohis.be\/#organization"},"potentialAction":[{"@type":"SearchAction","target":{"@type":"EntryPoint","urlTemplate":"https:\/\/www.ohis.be\/?s={search_term_string}"},"query-input":{"@type":"PropertyValueSpecification","valueRequired":true,"valueName":"search_term_string"}}],"inLanguage":"de"},{"@type":"Organization","@id":"https:\/\/www.ohis.be\/#organization","name":"Ohis","url":"https:\/\/www.ohis.be\/","logo":{"@type":"ImageObject","inLanguage":"de","@id":"https:\/\/www.ohis.be\/#\/schema\/logo\/image\/","url":"https:\/\/www.ohis.be\/wp-content\/uploads\/2021\/02\/logo-ohis-wit.svg","contentUrl":"https:\/\/www.ohis.be\/wp-content\/uploads\/2021\/02\/logo-ohis-wit.svg","width":169,"height":39,"caption":"Ohis"},"image":{"@id":"https:\/\/www.ohis.be\/#\/schema\/logo\/image\/"}}]}},"_links":{"self":[{"href":"https:\/\/www.ohis.be\/de\/wp-json\/wp\/v2\/product\/35084","targetHints":{"allow":["GET"]}}],"collection":[{"href":"https:\/\/www.ohis.be\/de\/wp-json\/wp\/v2\/product"}],"about":[{"href":"https:\/\/www.ohis.be\/de\/wp-json\/wp\/v2\/types\/product"}],"wp:featuredmedia":[{"embeddable":true,"href":"https:\/\/www.ohis.be\/de\/wp-json\/wp\/v2\/media\/34065"}],"wp:attachment":[{"href":"https:\/\/www.ohis.be\/de\/wp-json\/wp\/v2\/media?parent=35084"}],"wp:term":[{"taxonomy":"product_brand","embeddable":true,"href":"https:\/\/www.ohis.be\/de\/wp-json\/wp\/v2\/product_brand?post=35084"},{"taxonomy":"product_cat","embeddable":true,"href":"https:\/\/www.ohis.be\/de\/wp-json\/wp\/v2\/product_cat?post=35084"},{"taxonomy":"product_tag","embeddable":true,"href":"https:\/\/www.ohis.be\/de\/wp-json\/wp\/v2\/product_tag?post=35084"}],"curies":[{"name":"wp","href":"https:\/\/api.w.org\/{rel}","templated":true}]}}