{"id":34852,"date":"2022-02-18T20:21:47","date_gmt":"2022-02-18T19:21:47","guid":{"rendered":"https:\/\/www.ohis.be\/produit\/saulenschwenkkran-unilift-light-uls\/"},"modified":"2022-02-18T20:21:47","modified_gmt":"2022-02-18T19:21:47","slug":"saulenschwenkkran-unilift-light-uls","status":"publish","type":"product","link":"https:\/\/www.ohis.be\/de\/produit\/saulenschwenkkran-unilift-light-uls\/","title":{"rendered":"S\u00e4ulenschwenkkran UNILIFT light ULS"},"content":{"rendered":"<p>Der S\u00e4ulenschwenkkran\/Ger\u00e4tetr\u00e4ger UNILIFT Light ist einer der wendigsten Schwenkkrane auf dem Markt.<\/p>\n<p>Sie k\u00f6nnen ihn \u00fcberall dort einsetzen, wo kleine Lasten bis 100 kg mit einem Schlauchheber, Flaschenzug, Federzug oder Balancer einfach, schnell und sicher bewegt werden m\u00fcssen. Dank des extrem geringen Eigengewichts des Auslegers aus Aluminiumprofilen k\u00f6nnen Sie mit dem UNILIFT LIGHT sehr leicht schwenken. Der innengelagerte Schlitten zeichnet sich durch hervorragende Laufeigenschaften aus.<\/p>\n<p>Dieser Galgen wird ganz einfach mit Verbundankern im Fu\u00dfflansch befestigt. Ohne Zwischenplatte oder komplizierte Fundamentarbeiten. Der UNILIFT Light ist sofort nach der Montage einsatzbereit.<\/p>\n","protected":false},"excerpt":{"rendered":"<p>Der S\u00e4ulenschwenkkran\/Ger\u00e4tetr\u00e4ger UNILIFT Light ist einer der wendigsten Schwenkkrane auf dem Markt.<\/p>\n<p>Sie k\u00f6nnen ihn \u00fcberall dort einsetzen, wo kleine Lasten bis 100 kg mit einem Schlauchheber, Flaschenzug, Federzug oder Balancer einfach, schnell und sicher bewegt werden m\u00fcssen. Dank des extrem geringen Eigengewichts des Auslegers aus Aluminiumprofilen k\u00f6nnen Sie mit dem UNILIFT LIGHT sehr leicht schwenken. Der innengelagerte Schlitten zeichnet sich durch hervorragende Laufeigenschaften aus.<\/p>\n<p>Dieser Galgen wird ganz einfach mit Verbundankern im Fu\u00dfflansch befestigt. Ohne Zwischenplatte oder komplizierte Fundamentarbeiten. Der UNILIFT Light ist sofort nach der Montage einsatzbereit.<\/p>\n","protected":false},"featured_media":12344,"template":"","meta":{"_acf_changed":false,"inline_featured_image":false},"product_brand":[],"product_cat":[119],"product_tag":[703],"class_list":{"0":"post-34852","1":"product","2":"type-product","3":"status-publish","4":"has-post-thumbnail","6":"product_cat-schwenkkrane","7":"product_tag-vetter-de","9":"first","10":"onbackorder","11":"taxable","12":"shipping-taxable","13":"purchasable","14":"product-type-simple"},"acf":[],"yoast_head":"<!-- This site is optimized with the Yoast SEO plugin v27.4 - https:\/\/yoast.com\/product\/yoast-seo-wordpress\/ -->\n<title>S\u00e4ulenschwenkkran UNILIFT light ULS - Ohis<\/title>\n<meta name=\"robots\" content=\"index, follow, max-snippet:-1, max-image-preview:large, max-video-preview:-1\" \/>\n<link rel=\"canonical\" href=\"https:\/\/www.ohis.be\/de\/produit\/saulenschwenkkran-unilift-light-uls\/\" \/>\n<meta property=\"og:locale\" content=\"de_DE\" \/>\n<meta property=\"og:type\" content=\"article\" \/>\n<meta property=\"og:title\" content=\"S\u00e4ulenschwenkkran UNILIFT light ULS - Ohis\" \/>\n<meta property=\"og:description\" content=\"Der S\u00e4ulenschwenkkran\/Ger\u00e4tetr\u00e4ger UNILIFT Light ist einer der wendigsten Schwenkkrane auf dem Markt.  Sie k\u00f6nnen ihn \u00fcberall dort einsetzen, wo kleine Lasten bis 100 kg mit einem Schlauchheber, Flaschenzug, Federzug oder Balancer einfach, schnell und sicher bewegt werden m\u00fcssen. Dank des extrem geringen Eigengewichts des Auslegers aus Aluminiumprofilen k\u00f6nnen Sie mit dem UNILIFT LIGHT sehr leicht schwenken. Der innengelagerte Schlitten zeichnet sich durch hervorragende Laufeigenschaften aus.  Dieser Galgen wird ganz einfach mit Verbundankern im Fu\u00dfflansch befestigt. Ohne Zwischenplatte oder komplizierte Fundamentarbeiten. Der UNILIFT Light ist sofort nach der Montage einsatzbereit.\" \/>\n<meta property=\"og:url\" content=\"https:\/\/www.ohis.be\/de\/produit\/saulenschwenkkran-unilift-light-uls\/\" \/>\n<meta property=\"og:site_name\" content=\"Ohis\" \/>\n<meta property=\"og:image\" content=\"https:\/\/www.ohis.be\/wp-content\/uploads\/2022\/02\/unilift-light-manulift.jpg\" \/>\n\t<meta property=\"og:image:width\" content=\"800\" \/>\n\t<meta property=\"og:image:height\" content=\"600\" \/>\n\t<meta property=\"og:image:type\" content=\"image\/jpeg\" \/>\n<meta name=\"twitter:card\" content=\"summary_large_image\" \/>\n<script type=\"application\/ld+json\" class=\"yoast-schema-graph\">{\"@context\":\"https:\\\/\\\/schema.org\",\"@graph\":[{\"@type\":\"WebPage\",\"@id\":\"https:\\\/\\\/www.ohis.be\\\/de\\\/produit\\\/saulenschwenkkran-unilift-light-uls\\\/\",\"url\":\"https:\\\/\\\/www.ohis.be\\\/de\\\/produit\\\/saulenschwenkkran-unilift-light-uls\\\/\",\"name\":\"S\u00e4ulenschwenkkran UNILIFT light ULS - Ohis\",\"isPartOf\":{\"@id\":\"https:\\\/\\\/www.ohis.be\\\/#website\"},\"primaryImageOfPage\":{\"@id\":\"https:\\\/\\\/www.ohis.be\\\/de\\\/produit\\\/saulenschwenkkran-unilift-light-uls\\\/#primaryimage\"},\"image\":{\"@id\":\"https:\\\/\\\/www.ohis.be\\\/de\\\/produit\\\/saulenschwenkkran-unilift-light-uls\\\/#primaryimage\"},\"thumbnailUrl\":\"https:\\\/\\\/www.ohis.be\\\/wp-content\\\/uploads\\\/2022\\\/02\\\/unilift-light-manulift.jpg\",\"datePublished\":\"2022-02-18T19:21:47+00:00\",\"breadcrumb\":{\"@id\":\"https:\\\/\\\/www.ohis.be\\\/de\\\/produit\\\/saulenschwenkkran-unilift-light-uls\\\/#breadcrumb\"},\"inLanguage\":\"de\",\"potentialAction\":[{\"@type\":\"ReadAction\",\"target\":[\"https:\\\/\\\/www.ohis.be\\\/de\\\/produit\\\/saulenschwenkkran-unilift-light-uls\\\/\"]}]},{\"@type\":\"ImageObject\",\"inLanguage\":\"de\",\"@id\":\"https:\\\/\\\/www.ohis.be\\\/de\\\/produit\\\/saulenschwenkkran-unilift-light-uls\\\/#primaryimage\",\"url\":\"https:\\\/\\\/www.ohis.be\\\/wp-content\\\/uploads\\\/2022\\\/02\\\/unilift-light-manulift.jpg\",\"contentUrl\":\"https:\\\/\\\/www.ohis.be\\\/wp-content\\\/uploads\\\/2022\\\/02\\\/unilift-light-manulift.jpg\",\"width\":800,\"height\":600},{\"@type\":\"BreadcrumbList\",\"@id\":\"https:\\\/\\\/www.ohis.be\\\/de\\\/produit\\\/saulenschwenkkran-unilift-light-uls\\\/#breadcrumb\",\"itemListElement\":[{\"@type\":\"ListItem\",\"position\":1,\"name\":\"Accueil\",\"item\":\"https:\\\/\\\/www.ohis.be\\\/de\\\/\"},{\"@type\":\"ListItem\",\"position\":2,\"name\":\"Produkte\",\"item\":\"https:\\\/\\\/www.ohis.be\\\/de\\\/produkte\\\/\"},{\"@type\":\"ListItem\",\"position\":3,\"name\":\"S\u00e4ulenschwenkkran UNILIFT light ULS\"}]},{\"@type\":\"WebSite\",\"@id\":\"https:\\\/\\\/www.ohis.be\\\/#website\",\"url\":\"https:\\\/\\\/www.ohis.be\\\/\",\"name\":\"Ohis\",\"description\":\"Outils de levage\",\"publisher\":{\"@id\":\"https:\\\/\\\/www.ohis.be\\\/#organization\"},\"potentialAction\":[{\"@type\":\"SearchAction\",\"target\":{\"@type\":\"EntryPoint\",\"urlTemplate\":\"https:\\\/\\\/www.ohis.be\\\/?s={search_term_string}\"},\"query-input\":{\"@type\":\"PropertyValueSpecification\",\"valueRequired\":true,\"valueName\":\"search_term_string\"}}],\"inLanguage\":\"de\"},{\"@type\":\"Organization\",\"@id\":\"https:\\\/\\\/www.ohis.be\\\/#organization\",\"name\":\"Ohis\",\"url\":\"https:\\\/\\\/www.ohis.be\\\/\",\"logo\":{\"@type\":\"ImageObject\",\"inLanguage\":\"de\",\"@id\":\"https:\\\/\\\/www.ohis.be\\\/#\\\/schema\\\/logo\\\/image\\\/\",\"url\":\"https:\\\/\\\/www.ohis.be\\\/wp-content\\\/uploads\\\/2021\\\/02\\\/logo-ohis-wit.svg\",\"contentUrl\":\"https:\\\/\\\/www.ohis.be\\\/wp-content\\\/uploads\\\/2021\\\/02\\\/logo-ohis-wit.svg\",\"caption\":\"Ohis\"},\"image\":{\"@id\":\"https:\\\/\\\/www.ohis.be\\\/#\\\/schema\\\/logo\\\/image\\\/\"}}]}<\/script>\n<!-- \/ Yoast SEO plugin. -->","yoast_head_json":{"title":"S\u00e4ulenschwenkkran UNILIFT light ULS - Ohis","robots":{"index":"index","follow":"follow","max-snippet":"max-snippet:-1","max-image-preview":"max-image-preview:large","max-video-preview":"max-video-preview:-1"},"canonical":"https:\/\/www.ohis.be\/de\/produit\/saulenschwenkkran-unilift-light-uls\/","og_locale":"de_DE","og_type":"article","og_title":"S\u00e4ulenschwenkkran UNILIFT light ULS - Ohis","og_description":"Der S\u00e4ulenschwenkkran\/Ger\u00e4tetr\u00e4ger UNILIFT Light ist einer der wendigsten Schwenkkrane auf dem Markt.  Sie k\u00f6nnen ihn \u00fcberall dort einsetzen, wo kleine Lasten bis 100 kg mit einem Schlauchheber, Flaschenzug, Federzug oder Balancer einfach, schnell und sicher bewegt werden m\u00fcssen. Dank des extrem geringen Eigengewichts des Auslegers aus Aluminiumprofilen k\u00f6nnen Sie mit dem UNILIFT LIGHT sehr leicht schwenken. Der innengelagerte Schlitten zeichnet sich durch hervorragende Laufeigenschaften aus.  Dieser Galgen wird ganz einfach mit Verbundankern im Fu\u00dfflansch befestigt. Ohne Zwischenplatte oder komplizierte Fundamentarbeiten. Der UNILIFT Light ist sofort nach der Montage einsatzbereit.","og_url":"https:\/\/www.ohis.be\/de\/produit\/saulenschwenkkran-unilift-light-uls\/","og_site_name":"Ohis","og_image":[{"width":800,"height":600,"url":"https:\/\/www.ohis.be\/wp-content\/uploads\/2022\/02\/unilift-light-manulift.jpg","type":"image\/jpeg"}],"twitter_card":"summary_large_image","schema":{"@context":"https:\/\/schema.org","@graph":[{"@type":"WebPage","@id":"https:\/\/www.ohis.be\/de\/produit\/saulenschwenkkran-unilift-light-uls\/","url":"https:\/\/www.ohis.be\/de\/produit\/saulenschwenkkran-unilift-light-uls\/","name":"S\u00e4ulenschwenkkran UNILIFT light ULS - Ohis","isPartOf":{"@id":"https:\/\/www.ohis.be\/#website"},"primaryImageOfPage":{"@id":"https:\/\/www.ohis.be\/de\/produit\/saulenschwenkkran-unilift-light-uls\/#primaryimage"},"image":{"@id":"https:\/\/www.ohis.be\/de\/produit\/saulenschwenkkran-unilift-light-uls\/#primaryimage"},"thumbnailUrl":"https:\/\/www.ohis.be\/wp-content\/uploads\/2022\/02\/unilift-light-manulift.jpg","datePublished":"2022-02-18T19:21:47+00:00","breadcrumb":{"@id":"https:\/\/www.ohis.be\/de\/produit\/saulenschwenkkran-unilift-light-uls\/#breadcrumb"},"inLanguage":"de","potentialAction":[{"@type":"ReadAction","target":["https:\/\/www.ohis.be\/de\/produit\/saulenschwenkkran-unilift-light-uls\/"]}]},{"@type":"ImageObject","inLanguage":"de","@id":"https:\/\/www.ohis.be\/de\/produit\/saulenschwenkkran-unilift-light-uls\/#primaryimage","url":"https:\/\/www.ohis.be\/wp-content\/uploads\/2022\/02\/unilift-light-manulift.jpg","contentUrl":"https:\/\/www.ohis.be\/wp-content\/uploads\/2022\/02\/unilift-light-manulift.jpg","width":800,"height":600},{"@type":"BreadcrumbList","@id":"https:\/\/www.ohis.be\/de\/produit\/saulenschwenkkran-unilift-light-uls\/#breadcrumb","itemListElement":[{"@type":"ListItem","position":1,"name":"Accueil","item":"https:\/\/www.ohis.be\/de\/"},{"@type":"ListItem","position":2,"name":"Produkte","item":"https:\/\/www.ohis.be\/de\/produkte\/"},{"@type":"ListItem","position":3,"name":"S\u00e4ulenschwenkkran UNILIFT light ULS"}]},{"@type":"WebSite","@id":"https:\/\/www.ohis.be\/#website","url":"https:\/\/www.ohis.be\/","name":"Ohis","description":"Outils de levage","publisher":{"@id":"https:\/\/www.ohis.be\/#organization"},"potentialAction":[{"@type":"SearchAction","target":{"@type":"EntryPoint","urlTemplate":"https:\/\/www.ohis.be\/?s={search_term_string}"},"query-input":{"@type":"PropertyValueSpecification","valueRequired":true,"valueName":"search_term_string"}}],"inLanguage":"de"},{"@type":"Organization","@id":"https:\/\/www.ohis.be\/#organization","name":"Ohis","url":"https:\/\/www.ohis.be\/","logo":{"@type":"ImageObject","inLanguage":"de","@id":"https:\/\/www.ohis.be\/#\/schema\/logo\/image\/","url":"https:\/\/www.ohis.be\/wp-content\/uploads\/2021\/02\/logo-ohis-wit.svg","contentUrl":"https:\/\/www.ohis.be\/wp-content\/uploads\/2021\/02\/logo-ohis-wit.svg","caption":"Ohis"},"image":{"@id":"https:\/\/www.ohis.be\/#\/schema\/logo\/image\/"}}]}},"_links":{"self":[{"href":"https:\/\/www.ohis.be\/de\/wp-json\/wp\/v2\/product\/34852","targetHints":{"allow":["GET"]}}],"collection":[{"href":"https:\/\/www.ohis.be\/de\/wp-json\/wp\/v2\/product"}],"about":[{"href":"https:\/\/www.ohis.be\/de\/wp-json\/wp\/v2\/types\/product"}],"wp:featuredmedia":[{"embeddable":true,"href":"https:\/\/www.ohis.be\/de\/wp-json\/wp\/v2\/media\/12344"}],"wp:attachment":[{"href":"https:\/\/www.ohis.be\/de\/wp-json\/wp\/v2\/media?parent=34852"}],"wp:term":[{"taxonomy":"product_brand","embeddable":true,"href":"https:\/\/www.ohis.be\/de\/wp-json\/wp\/v2\/product_brand?post=34852"},{"taxonomy":"product_cat","embeddable":true,"href":"https:\/\/www.ohis.be\/de\/wp-json\/wp\/v2\/product_cat?post=34852"},{"taxonomy":"product_tag","embeddable":true,"href":"https:\/\/www.ohis.be\/de\/wp-json\/wp\/v2\/product_tag?post=34852"}],"curies":[{"name":"wp","href":"https:\/\/api.w.org\/{rel}","templated":true}]}}