{"id":34849,"date":"2022-02-18T20:27:05","date_gmt":"2022-02-18T19:27:05","guid":{"rendered":"https:\/\/www.ohis.be\/produit\/saulenschwenkkran-unilift-us\/"},"modified":"2022-02-18T20:27:05","modified_gmt":"2022-02-18T19:27:05","slug":"saulenschwenkkran-unilift-us","status":"publish","type":"product","link":"https:\/\/www.ohis.be\/de\/produit\/saulenschwenkkran-unilift-us\/","title":{"rendered":"S\u00e4ulenschwenkkran UNILIFT US"},"content":{"rendered":"<div class=\"csc-header csc-header-n1\">\n<h2 class=\"csc-firstHeader\">Vorteile<\/h2>\n<\/div>\n<div class=\"csc-texttext\">\n<ul>\n<li>Ausleger mit Aluminiumprofil<\/li>\n<li>Ergonomisches Handling<\/li>\n<li>Leichtg\u00e4ngiges Schwenken<\/li>\n<li>Sehr gute Rolleigenschaften des Fahrwerks<\/li>\n<li>Abgespannte Bauweise, geringes Eigengewicht des Auslegers mit Aluminiumprofil<\/li>\n<li>Schleppkabel-Stromzuf\u00fchrung im Auslegerprofil<\/li>\n<li>S\u00e4ulenh\u00f6he und Auslegerl\u00e4nge kann den Raumverh\u00e4ltnissen angepasst werden<\/li>\n<li>Montagefreundlichkeit durch gro\u00dfe Auswahl an Befestigungen<\/li>\n<li>Qualitativ hochwertige Lackierung<\/li>\n<\/ul>\n<div class=\"csc-header csc-header-n1\">\n<h2 class=\"csc-firstHeader\">Technische Informationen<\/h2>\n<\/div>\n<div class=\"csc-texttext\">\n<ul>\n<li>S\u00e4ulenschwenkkran<\/li>\n<li>Typenbezeichnung: UNILIFT US<\/li>\n<li>Tragf\u00e4higkeit:\u00a0500 kg<\/li>\n<li>Ausladung: 1.895 \u2013 5.895 mm<\/li>\n<li>Schwenkbereich: nominal 270\u00b0<\/li>\n<li>EN 13001 Hubklasse: HC2<\/li>\n<li>EN 13001 Stabilit\u00e4tsklasse: S2<\/li>\n<li>Bauform Ausleger: abgespannt<\/li>\n<li>Aufstellort: Halle<\/li>\n<li>Schwenken: manuell<\/li>\n<li>Hebezeug: Elektrokettenzug oder Flaschenzug<\/li>\n<li>Ausleger mit Aluminiumprofil<\/li>\n<\/ul>\n<\/div>\n<\/div>\n","protected":false},"excerpt":{"rendered":"<div class=\"csc-header csc-header-n1\">\n<h2 class=\"csc-firstHeader\">Vorteile<\/h2>\n<\/div>\n<div class=\"csc-texttext\">\n<ul>\n<li>Ausleger mit Aluminiumprofil<\/li>\n<li>Ergonomisches Handling<\/li>\n<li>Leichtg\u00e4ngiges Schwenken<\/li>\n<li>Sehr gute Rolleigenschaften des Fahrwerks<\/li>\n<li>Abgespannte Bauweise, geringes Eigengewicht des Auslegers mit Aluminiumprofil<\/li>\n<li>Schleppkabel-Stromzuf\u00fchrung im Auslegerprofil<\/li>\n<li>S\u00e4ulenh\u00f6he und Auslegerl\u00e4nge kann den Raumverh\u00e4ltnissen angepasst werden<\/li>\n<li>Montagefreundlichkeit durch gro\u00dfe Auswahl an Befestigungen<\/li>\n<li>Qualitativ hochwertige Lackierung<\/li>\n<\/ul>\n<div class=\"csc-header csc-header-n1\">\n<h2 class=\"csc-firstHeader\">Technische Informationen<\/h2>\n<\/div>\n<div class=\"csc-texttext\">\n<ul>\n<li>S\u00e4ulenschwenkkran<\/li>\n<li>Typenbezeichnung: UNILIFT US<\/li>\n<li>Tragf\u00e4higkeit:\u00a0500 kg<\/li>\n<li>Ausladung: 1.895 \u2013 5.895 mm<\/li>\n<li>Schwenkbereich: nominal 270\u00b0<\/li>\n<li>EN 13001 Hubklasse: HC2<\/li>\n<li>EN 13001 Stabilit\u00e4tsklasse: S2<\/li>\n<li>Bauform Ausleger: abgespannt<\/li>\n<li>Aufstellort: Halle<\/li>\n<li>Schwenken: manuell<\/li>\n<li>Hebezeug: Elektrokettenzug oder Flaschenzug<\/li>\n<li>Ausleger mit Aluminiumprofil<\/li>\n<\/ul>\n<\/div>\n<\/div>\n","protected":false},"featured_media":12349,"template":"","meta":{"_acf_changed":false,"inline_featured_image":false},"product_brand":[],"product_cat":[119],"product_tag":[703],"class_list":{"0":"post-34849","1":"product","2":"type-product","3":"status-publish","4":"has-post-thumbnail","6":"product_cat-schwenkkrane","7":"product_tag-vetter-de","9":"first","10":"onbackorder","11":"taxable","12":"shipping-taxable","13":"purchasable","14":"product-type-simple"},"acf":[],"yoast_head":"<!-- This site is optimized with the Yoast SEO plugin v27.5 - https:\/\/yoast.com\/product\/yoast-seo-wordpress\/ -->\n<title>S\u00e4ulenschwenkkran UNILIFT US - Ohis<\/title>\n<meta name=\"robots\" content=\"index, follow, max-snippet:-1, max-image-preview:large, max-video-preview:-1\" \/>\n<link rel=\"canonical\" href=\"https:\/\/www.ohis.be\/de\/produit\/saulenschwenkkran-unilift-us\/\" \/>\n<meta property=\"og:locale\" content=\"de_DE\" \/>\n<meta property=\"og:type\" content=\"article\" \/>\n<meta property=\"og:title\" content=\"S\u00e4ulenschwenkkran UNILIFT US - Ohis\" \/>\n<meta property=\"og:description\" content=\"Vorteile     Ausleger mit Aluminiumprofil  Ergonomisches Handling  Leichtg\u00e4ngiges Schwenken  Sehr gute Rolleigenschaften des Fahrwerks  Abgespannte Bauweise, geringes Eigengewicht des Auslegers mit Aluminiumprofil  Schleppkabel-Stromzuf\u00fchrung im Auslegerprofil  S\u00e4ulenh\u00f6he und Auslegerl\u00e4nge kann den Raumverh\u00e4ltnissen angepasst werden  Montagefreundlichkeit durch gro\u00dfe Auswahl an Befestigungen  Qualitativ hochwertige Lackierung   Technische Informationen     S\u00e4ulenschwenkkran  Typenbezeichnung: UNILIFT US  Tragf\u00e4higkeit:\u00a0500 kg  Ausladung: 1.895 \u2013 5.895 mm  Schwenkbereich: nominal 270\u00b0  EN 13001 Hubklasse: HC2  EN 13001 Stabilit\u00e4tsklasse: S2  Bauform Ausleger: abgespannt  Aufstellort: Halle  Schwenken: manuell  Hebezeug: Elektrokettenzug oder Flaschenzug  Ausleger mit Aluminiumprofil\" \/>\n<meta property=\"og:url\" content=\"https:\/\/www.ohis.be\/de\/produit\/saulenschwenkkran-unilift-us\/\" \/>\n<meta property=\"og:site_name\" content=\"Ohis\" \/>\n<meta property=\"og:image\" content=\"https:\/\/www.ohis.be\/wp-content\/uploads\/2022\/02\/saeulenschwenkkran-unilift-packstation.jpg\" \/>\n\t<meta property=\"og:image:width\" content=\"800\" \/>\n\t<meta property=\"og:image:height\" content=\"600\" \/>\n\t<meta property=\"og:image:type\" content=\"image\/jpeg\" \/>\n<meta name=\"twitter:card\" content=\"summary_large_image\" \/>\n<script type=\"application\/ld+json\" class=\"yoast-schema-graph\">{\"@context\":\"https:\\\/\\\/schema.org\",\"@graph\":[{\"@type\":\"WebPage\",\"@id\":\"https:\\\/\\\/www.ohis.be\\\/de\\\/produit\\\/saulenschwenkkran-unilift-us\\\/\",\"url\":\"https:\\\/\\\/www.ohis.be\\\/de\\\/produit\\\/saulenschwenkkran-unilift-us\\\/\",\"name\":\"S\u00e4ulenschwenkkran UNILIFT US - Ohis\",\"isPartOf\":{\"@id\":\"https:\\\/\\\/www.ohis.be\\\/de\\\/#website\"},\"primaryImageOfPage\":{\"@id\":\"https:\\\/\\\/www.ohis.be\\\/de\\\/produit\\\/saulenschwenkkran-unilift-us\\\/#primaryimage\"},\"image\":{\"@id\":\"https:\\\/\\\/www.ohis.be\\\/de\\\/produit\\\/saulenschwenkkran-unilift-us\\\/#primaryimage\"},\"thumbnailUrl\":\"https:\\\/\\\/www.ohis.be\\\/wp-content\\\/uploads\\\/2022\\\/02\\\/saeulenschwenkkran-unilift-packstation.jpg\",\"datePublished\":\"2022-02-18T19:27:05+00:00\",\"breadcrumb\":{\"@id\":\"https:\\\/\\\/www.ohis.be\\\/de\\\/produit\\\/saulenschwenkkran-unilift-us\\\/#breadcrumb\"},\"inLanguage\":\"de\",\"potentialAction\":[{\"@type\":\"ReadAction\",\"target\":[\"https:\\\/\\\/www.ohis.be\\\/de\\\/produit\\\/saulenschwenkkran-unilift-us\\\/\"]}]},{\"@type\":\"ImageObject\",\"inLanguage\":\"de\",\"@id\":\"https:\\\/\\\/www.ohis.be\\\/de\\\/produit\\\/saulenschwenkkran-unilift-us\\\/#primaryimage\",\"url\":\"https:\\\/\\\/www.ohis.be\\\/wp-content\\\/uploads\\\/2022\\\/02\\\/saeulenschwenkkran-unilift-packstation.jpg\",\"contentUrl\":\"https:\\\/\\\/www.ohis.be\\\/wp-content\\\/uploads\\\/2022\\\/02\\\/saeulenschwenkkran-unilift-packstation.jpg\",\"width\":800,\"height\":600},{\"@type\":\"BreadcrumbList\",\"@id\":\"https:\\\/\\\/www.ohis.be\\\/de\\\/produit\\\/saulenschwenkkran-unilift-us\\\/#breadcrumb\",\"itemListElement\":[{\"@type\":\"ListItem\",\"position\":1,\"name\":\"Accueil\",\"item\":\"https:\\\/\\\/www.ohis.be\\\/de\\\/\"},{\"@type\":\"ListItem\",\"position\":2,\"name\":\"Produkte\",\"item\":\"https:\\\/\\\/www.ohis.be\\\/de\\\/produkte\\\/\"},{\"@type\":\"ListItem\",\"position\":3,\"name\":\"S\u00e4ulenschwenkkran UNILIFT US\"}]},{\"@type\":\"WebSite\",\"@id\":\"https:\\\/\\\/www.ohis.be\\\/de\\\/#website\",\"url\":\"https:\\\/\\\/www.ohis.be\\\/de\\\/\",\"name\":\"Ohis\",\"description\":\"Outils de levage\",\"publisher\":{\"@id\":\"https:\\\/\\\/www.ohis.be\\\/de\\\/#organization\"},\"potentialAction\":[{\"@type\":\"SearchAction\",\"target\":{\"@type\":\"EntryPoint\",\"urlTemplate\":\"https:\\\/\\\/www.ohis.be\\\/de\\\/?s={search_term_string}\"},\"query-input\":{\"@type\":\"PropertyValueSpecification\",\"valueRequired\":true,\"valueName\":\"search_term_string\"}}],\"inLanguage\":\"de\"},{\"@type\":\"Organization\",\"@id\":\"https:\\\/\\\/www.ohis.be\\\/de\\\/#organization\",\"name\":\"Ohis\",\"url\":\"https:\\\/\\\/www.ohis.be\\\/de\\\/\",\"logo\":{\"@type\":\"ImageObject\",\"inLanguage\":\"de\",\"@id\":\"https:\\\/\\\/www.ohis.be\\\/de\\\/#\\\/schema\\\/logo\\\/image\\\/\",\"url\":\"https:\\\/\\\/www.ohis.be\\\/wp-content\\\/uploads\\\/2021\\\/02\\\/logo-ohis-wit.svg\",\"contentUrl\":\"https:\\\/\\\/www.ohis.be\\\/wp-content\\\/uploads\\\/2021\\\/02\\\/logo-ohis-wit.svg\",\"caption\":\"Ohis\"},\"image\":{\"@id\":\"https:\\\/\\\/www.ohis.be\\\/de\\\/#\\\/schema\\\/logo\\\/image\\\/\"}}]}<\/script>\n<!-- \/ Yoast SEO plugin. -->","yoast_head_json":{"title":"S\u00e4ulenschwenkkran UNILIFT US - Ohis","robots":{"index":"index","follow":"follow","max-snippet":"max-snippet:-1","max-image-preview":"max-image-preview:large","max-video-preview":"max-video-preview:-1"},"canonical":"https:\/\/www.ohis.be\/de\/produit\/saulenschwenkkran-unilift-us\/","og_locale":"de_DE","og_type":"article","og_title":"S\u00e4ulenschwenkkran UNILIFT US - Ohis","og_description":"Vorteile     Ausleger mit Aluminiumprofil  Ergonomisches Handling  Leichtg\u00e4ngiges Schwenken  Sehr gute Rolleigenschaften des Fahrwerks  Abgespannte Bauweise, geringes Eigengewicht des Auslegers mit Aluminiumprofil  Schleppkabel-Stromzuf\u00fchrung im Auslegerprofil  S\u00e4ulenh\u00f6he und Auslegerl\u00e4nge kann den Raumverh\u00e4ltnissen angepasst werden  Montagefreundlichkeit durch gro\u00dfe Auswahl an Befestigungen  Qualitativ hochwertige Lackierung   Technische Informationen     S\u00e4ulenschwenkkran  Typenbezeichnung: UNILIFT US  Tragf\u00e4higkeit:\u00a0500 kg  Ausladung: 1.895 \u2013 5.895 mm  Schwenkbereich: nominal 270\u00b0  EN 13001 Hubklasse: HC2  EN 13001 Stabilit\u00e4tsklasse: S2  Bauform Ausleger: abgespannt  Aufstellort: Halle  Schwenken: manuell  Hebezeug: Elektrokettenzug oder Flaschenzug  Ausleger mit Aluminiumprofil","og_url":"https:\/\/www.ohis.be\/de\/produit\/saulenschwenkkran-unilift-us\/","og_site_name":"Ohis","og_image":[{"width":800,"height":600,"url":"https:\/\/www.ohis.be\/wp-content\/uploads\/2022\/02\/saeulenschwenkkran-unilift-packstation.jpg","type":"image\/jpeg"}],"twitter_card":"summary_large_image","schema":{"@context":"https:\/\/schema.org","@graph":[{"@type":"WebPage","@id":"https:\/\/www.ohis.be\/de\/produit\/saulenschwenkkran-unilift-us\/","url":"https:\/\/www.ohis.be\/de\/produit\/saulenschwenkkran-unilift-us\/","name":"S\u00e4ulenschwenkkran UNILIFT US - Ohis","isPartOf":{"@id":"https:\/\/www.ohis.be\/de\/#website"},"primaryImageOfPage":{"@id":"https:\/\/www.ohis.be\/de\/produit\/saulenschwenkkran-unilift-us\/#primaryimage"},"image":{"@id":"https:\/\/www.ohis.be\/de\/produit\/saulenschwenkkran-unilift-us\/#primaryimage"},"thumbnailUrl":"https:\/\/www.ohis.be\/wp-content\/uploads\/2022\/02\/saeulenschwenkkran-unilift-packstation.jpg","datePublished":"2022-02-18T19:27:05+00:00","breadcrumb":{"@id":"https:\/\/www.ohis.be\/de\/produit\/saulenschwenkkran-unilift-us\/#breadcrumb"},"inLanguage":"de","potentialAction":[{"@type":"ReadAction","target":["https:\/\/www.ohis.be\/de\/produit\/saulenschwenkkran-unilift-us\/"]}]},{"@type":"ImageObject","inLanguage":"de","@id":"https:\/\/www.ohis.be\/de\/produit\/saulenschwenkkran-unilift-us\/#primaryimage","url":"https:\/\/www.ohis.be\/wp-content\/uploads\/2022\/02\/saeulenschwenkkran-unilift-packstation.jpg","contentUrl":"https:\/\/www.ohis.be\/wp-content\/uploads\/2022\/02\/saeulenschwenkkran-unilift-packstation.jpg","width":800,"height":600},{"@type":"BreadcrumbList","@id":"https:\/\/www.ohis.be\/de\/produit\/saulenschwenkkran-unilift-us\/#breadcrumb","itemListElement":[{"@type":"ListItem","position":1,"name":"Accueil","item":"https:\/\/www.ohis.be\/de\/"},{"@type":"ListItem","position":2,"name":"Produkte","item":"https:\/\/www.ohis.be\/de\/produkte\/"},{"@type":"ListItem","position":3,"name":"S\u00e4ulenschwenkkran UNILIFT US"}]},{"@type":"WebSite","@id":"https:\/\/www.ohis.be\/de\/#website","url":"https:\/\/www.ohis.be\/de\/","name":"Ohis","description":"Outils de levage","publisher":{"@id":"https:\/\/www.ohis.be\/de\/#organization"},"potentialAction":[{"@type":"SearchAction","target":{"@type":"EntryPoint","urlTemplate":"https:\/\/www.ohis.be\/de\/?s={search_term_string}"},"query-input":{"@type":"PropertyValueSpecification","valueRequired":true,"valueName":"search_term_string"}}],"inLanguage":"de"},{"@type":"Organization","@id":"https:\/\/www.ohis.be\/de\/#organization","name":"Ohis","url":"https:\/\/www.ohis.be\/de\/","logo":{"@type":"ImageObject","inLanguage":"de","@id":"https:\/\/www.ohis.be\/de\/#\/schema\/logo\/image\/","url":"https:\/\/www.ohis.be\/wp-content\/uploads\/2021\/02\/logo-ohis-wit.svg","contentUrl":"https:\/\/www.ohis.be\/wp-content\/uploads\/2021\/02\/logo-ohis-wit.svg","caption":"Ohis"},"image":{"@id":"https:\/\/www.ohis.be\/de\/#\/schema\/logo\/image\/"}}]}},"_links":{"self":[{"href":"https:\/\/www.ohis.be\/de\/wp-json\/wp\/v2\/product\/34849","targetHints":{"allow":["GET"]}}],"collection":[{"href":"https:\/\/www.ohis.be\/de\/wp-json\/wp\/v2\/product"}],"about":[{"href":"https:\/\/www.ohis.be\/de\/wp-json\/wp\/v2\/types\/product"}],"wp:featuredmedia":[{"embeddable":true,"href":"https:\/\/www.ohis.be\/de\/wp-json\/wp\/v2\/media\/12349"}],"wp:attachment":[{"href":"https:\/\/www.ohis.be\/de\/wp-json\/wp\/v2\/media?parent=34849"}],"wp:term":[{"taxonomy":"product_brand","embeddable":true,"href":"https:\/\/www.ohis.be\/de\/wp-json\/wp\/v2\/product_brand?post=34849"},{"taxonomy":"product_cat","embeddable":true,"href":"https:\/\/www.ohis.be\/de\/wp-json\/wp\/v2\/product_cat?post=34849"},{"taxonomy":"product_tag","embeddable":true,"href":"https:\/\/www.ohis.be\/de\/wp-json\/wp\/v2\/product_tag?post=34849"}],"curies":[{"name":"wp","href":"https:\/\/api.w.org\/{rel}","templated":true}]}}