{"id":34834,"date":"2022-02-18T21:14:37","date_gmt":"2022-02-18T20:14:37","guid":{"rendered":"https:\/\/www.ohis.be\/produit\/vetter-boy-bw-wandgalgen-mit-gelenkarm\/"},"modified":"2022-02-18T21:14:37","modified_gmt":"2022-02-18T20:14:37","slug":"vetter-boy-bw-wandgalgen-mit-gelenkarm","status":"publish","type":"product","link":"https:\/\/www.ohis.be\/de\/produit\/vetter-boy-bw-wandgalgen-mit-gelenkarm\/","title":{"rendered":"Vetter BOY BW Wandgalgen mit Gelenkarm"},"content":{"rendered":"<p>Der Wandschwenkkran BOY ist f\u00fcr die sichere und schnelle Handhabung von Werkst\u00fccken, Werkzeugen und Kleinteilen bis zu einer Tragf\u00e4higkeit von 250 kg konzipiert.<\/p>\n<p>Dank des Gelenkauslegers erreichen Sie jeden Winkel des Arbeitsbereichs einfach und pr\u00e4zise &#8211; der Kran dreht sich quasi um die Ecke. Dank seiner kompakten Form erreicht dieser Gelenkauslegerkran eine maximale Hubh\u00f6he und eignet sich hervorragend zum Beladen von Maschinen und Bearbeitungszentren. Durch die individuelle Einstellung der Auslegerl\u00e4nge l\u00e4sst sich der BOY-Kran perfekt an Ihre Bed\u00fcrfnisse anpassen.<\/p>\n<p>Bei der Auswahl der Befestigung haben Sie die Wahl zwischen der Befestigung an einem Stahl- oder Stahlbetonpfosten, einer Stahlbetonwand und einer Stahlkonstruktion.<\/p>\n<p>Wir liefern Ihnen ELECTROLIFT\u00ae -Kettenz\u00fcge, optional mit Fu\u00dfbefestigung und ohne Pendelbewegung des Kettenzugs zur optimalen Nutzung beengter Platzverh\u00e4ltnisse sowie weiteres vielf\u00e4ltiges Zubeh\u00f6r.<\/p>\n<p>Technische Informationen<br \/>\nWandmontierter Kranarm<br \/>\nTyp:: BOY BW<br \/>\nTragf\u00e4higkeit: 63 &#8211; 250 kg<br \/>\nAusladung: 2.000 &#8211; 4.000 mm<br \/>\nMax. Drehwinkel: 180\u00b0 (300\u00b0\/300\u00b0)<br \/>\nEN 13001 Hebeklasse: HC2<br \/>\nEN 13001 Stabilit\u00e4tsklasse: S2<br \/>\nBetrieb: in Innenr\u00e4umen<br \/>\nDrehung: manuell<br \/>\nFlaschenzug: Kettenzug<\/p>\n","protected":false},"excerpt":{"rendered":"<p>Der Wandschwenkkran BOY ist f\u00fcr die sichere und schnelle Handhabung von Werkst\u00fccken, Werkzeugen und Kleinteilen bis zu einer Tragf\u00e4higkeit von 250 kg konzipiert.<\/p>\n<p>Dank des Gelenkauslegers erreichen Sie jeden Winkel des Arbeitsbereichs einfach und pr\u00e4zise &#8211; der Kran dreht sich quasi um die Ecke. Dank seiner kompakten Form erreicht dieser Gelenkauslegerkran eine maximale Hubh\u00f6he und eignet sich hervorragend zum Beladen von Maschinen und Bearbeitungszentren. Durch die individuelle Einstellung der Auslegerl\u00e4nge l\u00e4sst sich der BOY-Kran perfekt an Ihre Bed\u00fcrfnisse anpassen.<\/p>\n<p>Bei der Auswahl der Befestigung haben Sie die Wahl zwischen der Befestigung an einem Stahl- oder Stahlbetonpfosten, einer Stahlbetonwand und einer Stahlkonstruktion.<\/p>\n<p>Wir liefern Ihnen ELECTROLIFT\u00ae -Kettenz\u00fcge, optional mit Fu\u00dfbefestigung und ohne Pendelbewegung des Kettenzugs zur optimalen Nutzung beengter Platzverh\u00e4ltnisse sowie weiteres vielf\u00e4ltiges Zubeh\u00f6r.<\/p>\n<p>Technische Informationen<br \/>\nWandmontierter Kranarm<br \/>\nTyp:: BOY BW<br \/>\nTragf\u00e4higkeit: 63 &#8211; 250 kg<br \/>\nAusladung: 2.000 &#8211; 4.000 mm<br \/>\nMax. Drehwinkel: 180\u00b0 (300\u00b0\/300\u00b0)<br \/>\nEN 13001 Hebeklasse: HC2<br \/>\nEN 13001 Stabilit\u00e4tsklasse: S2<br \/>\nBetrieb: in Innenr\u00e4umen<br \/>\nDrehung: manuell<br \/>\nFlaschenzug: Kettenzug<\/p>\n","protected":false},"featured_media":12476,"template":"","meta":{"_acf_changed":false,"inline_featured_image":false},"product_brand":[],"product_cat":[119],"product_tag":[703],"class_list":{"0":"post-34834","1":"product","2":"type-product","3":"status-publish","4":"has-post-thumbnail","6":"product_cat-schwenkkrane","7":"product_tag-vetter-de","9":"first","10":"onbackorder","11":"taxable","12":"shipping-taxable","13":"purchasable","14":"product-type-simple"},"acf":[],"yoast_head":"<!-- This site is optimized with the Yoast SEO plugin v27.5 - https:\/\/yoast.com\/product\/yoast-seo-wordpress\/ -->\n<title>Vetter BOY BW Wandgalgen mit Gelenkarm - Ohis<\/title>\n<meta name=\"robots\" content=\"index, follow, max-snippet:-1, max-image-preview:large, max-video-preview:-1\" \/>\n<link rel=\"canonical\" href=\"https:\/\/www.ohis.be\/de\/produit\/vetter-boy-bw-wandgalgen-mit-gelenkarm\/\" \/>\n<meta property=\"og:locale\" content=\"de_DE\" \/>\n<meta property=\"og:type\" content=\"article\" \/>\n<meta property=\"og:title\" content=\"Vetter BOY BW Wandgalgen mit Gelenkarm - Ohis\" \/>\n<meta property=\"og:description\" content=\"Der Wandschwenkkran BOY ist f\u00fcr die sichere und schnelle Handhabung von Werkst\u00fccken, Werkzeugen und Kleinteilen bis zu einer Tragf\u00e4higkeit von 250 kg konzipiert.  Dank des Gelenkauslegers erreichen Sie jeden Winkel des Arbeitsbereichs einfach und pr\u00e4zise - der Kran dreht sich quasi um die Ecke. Dank seiner kompakten Form erreicht dieser Gelenkauslegerkran eine maximale Hubh\u00f6he und eignet sich hervorragend zum Beladen von Maschinen und Bearbeitungszentren. Durch die individuelle Einstellung der Auslegerl\u00e4nge l\u00e4sst sich der BOY-Kran perfekt an Ihre Bed\u00fcrfnisse anpassen.  Bei der Auswahl der Befestigung haben Sie die Wahl zwischen der Befestigung an einem Stahl- oder Stahlbetonpfosten, einer Stahlbetonwand und einer Stahlkonstruktion.  Wir liefern Ihnen ELECTROLIFT\u00ae -Kettenz\u00fcge, optional mit Fu\u00dfbefestigung und ohne Pendelbewegung des Kettenzugs zur optimalen Nutzung beengter Platzverh\u00e4ltnisse sowie weiteres vielf\u00e4ltiges Zubeh\u00f6r.  Technische Informationen Wandmontierter Kranarm Typ:: BOY BW Tragf\u00e4higkeit: 63 - 250 kg Ausladung: 2.000 - 4.000 mm Max. Drehwinkel: 180\u00b0 (300\u00b0\/300\u00b0) EN 13001 Hebeklasse: HC2 EN 13001 Stabilit\u00e4tsklasse: S2 Betrieb: in Innenr\u00e4umen Drehung: manuell Flaschenzug: Kettenzug\" \/>\n<meta property=\"og:url\" content=\"https:\/\/www.ohis.be\/de\/produit\/vetter-boy-bw-wandgalgen-mit-gelenkarm\/\" \/>\n<meta property=\"og:site_name\" content=\"Ohis\" \/>\n<meta property=\"og:image\" content=\"https:\/\/www.ohis.be\/wp-content\/uploads\/2022\/02\/BOY-BW.jpg\" \/>\n\t<meta property=\"og:image:width\" content=\"450\" \/>\n\t<meta property=\"og:image:height\" content=\"600\" \/>\n\t<meta property=\"og:image:type\" content=\"image\/jpeg\" \/>\n<meta name=\"twitter:card\" content=\"summary_large_image\" \/>\n<meta name=\"twitter:label1\" content=\"Gesch\u00e4tzte Lesezeit\" \/>\n\t<meta name=\"twitter:data1\" content=\"1\u00a0Minute\" \/>\n<script type=\"application\/ld+json\" class=\"yoast-schema-graph\">{\"@context\":\"https:\\\/\\\/schema.org\",\"@graph\":[{\"@type\":\"WebPage\",\"@id\":\"https:\\\/\\\/www.ohis.be\\\/de\\\/produit\\\/vetter-boy-bw-wandgalgen-mit-gelenkarm\\\/\",\"url\":\"https:\\\/\\\/www.ohis.be\\\/de\\\/produit\\\/vetter-boy-bw-wandgalgen-mit-gelenkarm\\\/\",\"name\":\"Vetter BOY BW Wandgalgen mit Gelenkarm - Ohis\",\"isPartOf\":{\"@id\":\"https:\\\/\\\/www.ohis.be\\\/de\\\/#website\"},\"primaryImageOfPage\":{\"@id\":\"https:\\\/\\\/www.ohis.be\\\/de\\\/produit\\\/vetter-boy-bw-wandgalgen-mit-gelenkarm\\\/#primaryimage\"},\"image\":{\"@id\":\"https:\\\/\\\/www.ohis.be\\\/de\\\/produit\\\/vetter-boy-bw-wandgalgen-mit-gelenkarm\\\/#primaryimage\"},\"thumbnailUrl\":\"https:\\\/\\\/www.ohis.be\\\/wp-content\\\/uploads\\\/2022\\\/02\\\/BOY-BW.jpg\",\"datePublished\":\"2022-02-18T20:14:37+00:00\",\"breadcrumb\":{\"@id\":\"https:\\\/\\\/www.ohis.be\\\/de\\\/produit\\\/vetter-boy-bw-wandgalgen-mit-gelenkarm\\\/#breadcrumb\"},\"inLanguage\":\"de\",\"potentialAction\":[{\"@type\":\"ReadAction\",\"target\":[\"https:\\\/\\\/www.ohis.be\\\/de\\\/produit\\\/vetter-boy-bw-wandgalgen-mit-gelenkarm\\\/\"]}]},{\"@type\":\"ImageObject\",\"inLanguage\":\"de\",\"@id\":\"https:\\\/\\\/www.ohis.be\\\/de\\\/produit\\\/vetter-boy-bw-wandgalgen-mit-gelenkarm\\\/#primaryimage\",\"url\":\"https:\\\/\\\/www.ohis.be\\\/wp-content\\\/uploads\\\/2022\\\/02\\\/BOY-BW.jpg\",\"contentUrl\":\"https:\\\/\\\/www.ohis.be\\\/wp-content\\\/uploads\\\/2022\\\/02\\\/BOY-BW.jpg\",\"width\":450,\"height\":600},{\"@type\":\"BreadcrumbList\",\"@id\":\"https:\\\/\\\/www.ohis.be\\\/de\\\/produit\\\/vetter-boy-bw-wandgalgen-mit-gelenkarm\\\/#breadcrumb\",\"itemListElement\":[{\"@type\":\"ListItem\",\"position\":1,\"name\":\"Accueil\",\"item\":\"https:\\\/\\\/www.ohis.be\\\/de\\\/\"},{\"@type\":\"ListItem\",\"position\":2,\"name\":\"Produkte\",\"item\":\"https:\\\/\\\/www.ohis.be\\\/de\\\/produkte\\\/\"},{\"@type\":\"ListItem\",\"position\":3,\"name\":\"Vetter BOY BW Wandgalgen mit Gelenkarm\"}]},{\"@type\":\"WebSite\",\"@id\":\"https:\\\/\\\/www.ohis.be\\\/de\\\/#website\",\"url\":\"https:\\\/\\\/www.ohis.be\\\/de\\\/\",\"name\":\"Ohis\",\"description\":\"Outils de levage\",\"publisher\":{\"@id\":\"https:\\\/\\\/www.ohis.be\\\/de\\\/#organization\"},\"potentialAction\":[{\"@type\":\"SearchAction\",\"target\":{\"@type\":\"EntryPoint\",\"urlTemplate\":\"https:\\\/\\\/www.ohis.be\\\/de\\\/?s={search_term_string}\"},\"query-input\":{\"@type\":\"PropertyValueSpecification\",\"valueRequired\":true,\"valueName\":\"search_term_string\"}}],\"inLanguage\":\"de\"},{\"@type\":\"Organization\",\"@id\":\"https:\\\/\\\/www.ohis.be\\\/de\\\/#organization\",\"name\":\"Ohis\",\"url\":\"https:\\\/\\\/www.ohis.be\\\/de\\\/\",\"logo\":{\"@type\":\"ImageObject\",\"inLanguage\":\"de\",\"@id\":\"https:\\\/\\\/www.ohis.be\\\/de\\\/#\\\/schema\\\/logo\\\/image\\\/\",\"url\":\"https:\\\/\\\/www.ohis.be\\\/wp-content\\\/uploads\\\/2021\\\/02\\\/logo-ohis-wit.svg\",\"contentUrl\":\"https:\\\/\\\/www.ohis.be\\\/wp-content\\\/uploads\\\/2021\\\/02\\\/logo-ohis-wit.svg\",\"caption\":\"Ohis\"},\"image\":{\"@id\":\"https:\\\/\\\/www.ohis.be\\\/de\\\/#\\\/schema\\\/logo\\\/image\\\/\"}}]}<\/script>\n<!-- \/ Yoast SEO plugin. -->","yoast_head_json":{"title":"Vetter BOY BW Wandgalgen mit Gelenkarm - Ohis","robots":{"index":"index","follow":"follow","max-snippet":"max-snippet:-1","max-image-preview":"max-image-preview:large","max-video-preview":"max-video-preview:-1"},"canonical":"https:\/\/www.ohis.be\/de\/produit\/vetter-boy-bw-wandgalgen-mit-gelenkarm\/","og_locale":"de_DE","og_type":"article","og_title":"Vetter BOY BW Wandgalgen mit Gelenkarm - Ohis","og_description":"Der Wandschwenkkran BOY ist f\u00fcr die sichere und schnelle Handhabung von Werkst\u00fccken, Werkzeugen und Kleinteilen bis zu einer Tragf\u00e4higkeit von 250 kg konzipiert.  Dank des Gelenkauslegers erreichen Sie jeden Winkel des Arbeitsbereichs einfach und pr\u00e4zise - der Kran dreht sich quasi um die Ecke. Dank seiner kompakten Form erreicht dieser Gelenkauslegerkran eine maximale Hubh\u00f6he und eignet sich hervorragend zum Beladen von Maschinen und Bearbeitungszentren. Durch die individuelle Einstellung der Auslegerl\u00e4nge l\u00e4sst sich der BOY-Kran perfekt an Ihre Bed\u00fcrfnisse anpassen.  Bei der Auswahl der Befestigung haben Sie die Wahl zwischen der Befestigung an einem Stahl- oder Stahlbetonpfosten, einer Stahlbetonwand und einer Stahlkonstruktion.  Wir liefern Ihnen ELECTROLIFT\u00ae -Kettenz\u00fcge, optional mit Fu\u00dfbefestigung und ohne Pendelbewegung des Kettenzugs zur optimalen Nutzung beengter Platzverh\u00e4ltnisse sowie weiteres vielf\u00e4ltiges Zubeh\u00f6r.  Technische Informationen Wandmontierter Kranarm Typ:: BOY BW Tragf\u00e4higkeit: 63 - 250 kg Ausladung: 2.000 - 4.000 mm Max. Drehwinkel: 180\u00b0 (300\u00b0\/300\u00b0) EN 13001 Hebeklasse: HC2 EN 13001 Stabilit\u00e4tsklasse: S2 Betrieb: in Innenr\u00e4umen Drehung: manuell Flaschenzug: Kettenzug","og_url":"https:\/\/www.ohis.be\/de\/produit\/vetter-boy-bw-wandgalgen-mit-gelenkarm\/","og_site_name":"Ohis","og_image":[{"width":450,"height":600,"url":"https:\/\/www.ohis.be\/wp-content\/uploads\/2022\/02\/BOY-BW.jpg","type":"image\/jpeg"}],"twitter_card":"summary_large_image","twitter_misc":{"Gesch\u00e4tzte Lesezeit":"1\u00a0Minute"},"schema":{"@context":"https:\/\/schema.org","@graph":[{"@type":"WebPage","@id":"https:\/\/www.ohis.be\/de\/produit\/vetter-boy-bw-wandgalgen-mit-gelenkarm\/","url":"https:\/\/www.ohis.be\/de\/produit\/vetter-boy-bw-wandgalgen-mit-gelenkarm\/","name":"Vetter BOY BW Wandgalgen mit Gelenkarm - Ohis","isPartOf":{"@id":"https:\/\/www.ohis.be\/de\/#website"},"primaryImageOfPage":{"@id":"https:\/\/www.ohis.be\/de\/produit\/vetter-boy-bw-wandgalgen-mit-gelenkarm\/#primaryimage"},"image":{"@id":"https:\/\/www.ohis.be\/de\/produit\/vetter-boy-bw-wandgalgen-mit-gelenkarm\/#primaryimage"},"thumbnailUrl":"https:\/\/www.ohis.be\/wp-content\/uploads\/2022\/02\/BOY-BW.jpg","datePublished":"2022-02-18T20:14:37+00:00","breadcrumb":{"@id":"https:\/\/www.ohis.be\/de\/produit\/vetter-boy-bw-wandgalgen-mit-gelenkarm\/#breadcrumb"},"inLanguage":"de","potentialAction":[{"@type":"ReadAction","target":["https:\/\/www.ohis.be\/de\/produit\/vetter-boy-bw-wandgalgen-mit-gelenkarm\/"]}]},{"@type":"ImageObject","inLanguage":"de","@id":"https:\/\/www.ohis.be\/de\/produit\/vetter-boy-bw-wandgalgen-mit-gelenkarm\/#primaryimage","url":"https:\/\/www.ohis.be\/wp-content\/uploads\/2022\/02\/BOY-BW.jpg","contentUrl":"https:\/\/www.ohis.be\/wp-content\/uploads\/2022\/02\/BOY-BW.jpg","width":450,"height":600},{"@type":"BreadcrumbList","@id":"https:\/\/www.ohis.be\/de\/produit\/vetter-boy-bw-wandgalgen-mit-gelenkarm\/#breadcrumb","itemListElement":[{"@type":"ListItem","position":1,"name":"Accueil","item":"https:\/\/www.ohis.be\/de\/"},{"@type":"ListItem","position":2,"name":"Produkte","item":"https:\/\/www.ohis.be\/de\/produkte\/"},{"@type":"ListItem","position":3,"name":"Vetter BOY BW Wandgalgen mit Gelenkarm"}]},{"@type":"WebSite","@id":"https:\/\/www.ohis.be\/de\/#website","url":"https:\/\/www.ohis.be\/de\/","name":"Ohis","description":"Outils de levage","publisher":{"@id":"https:\/\/www.ohis.be\/de\/#organization"},"potentialAction":[{"@type":"SearchAction","target":{"@type":"EntryPoint","urlTemplate":"https:\/\/www.ohis.be\/de\/?s={search_term_string}"},"query-input":{"@type":"PropertyValueSpecification","valueRequired":true,"valueName":"search_term_string"}}],"inLanguage":"de"},{"@type":"Organization","@id":"https:\/\/www.ohis.be\/de\/#organization","name":"Ohis","url":"https:\/\/www.ohis.be\/de\/","logo":{"@type":"ImageObject","inLanguage":"de","@id":"https:\/\/www.ohis.be\/de\/#\/schema\/logo\/image\/","url":"https:\/\/www.ohis.be\/wp-content\/uploads\/2021\/02\/logo-ohis-wit.svg","contentUrl":"https:\/\/www.ohis.be\/wp-content\/uploads\/2021\/02\/logo-ohis-wit.svg","caption":"Ohis"},"image":{"@id":"https:\/\/www.ohis.be\/de\/#\/schema\/logo\/image\/"}}]}},"_links":{"self":[{"href":"https:\/\/www.ohis.be\/de\/wp-json\/wp\/v2\/product\/34834","targetHints":{"allow":["GET"]}}],"collection":[{"href":"https:\/\/www.ohis.be\/de\/wp-json\/wp\/v2\/product"}],"about":[{"href":"https:\/\/www.ohis.be\/de\/wp-json\/wp\/v2\/types\/product"}],"wp:featuredmedia":[{"embeddable":true,"href":"https:\/\/www.ohis.be\/de\/wp-json\/wp\/v2\/media\/12476"}],"wp:attachment":[{"href":"https:\/\/www.ohis.be\/de\/wp-json\/wp\/v2\/media?parent=34834"}],"wp:term":[{"taxonomy":"product_brand","embeddable":true,"href":"https:\/\/www.ohis.be\/de\/wp-json\/wp\/v2\/product_brand?post=34834"},{"taxonomy":"product_cat","embeddable":true,"href":"https:\/\/www.ohis.be\/de\/wp-json\/wp\/v2\/product_cat?post=34834"},{"taxonomy":"product_tag","embeddable":true,"href":"https:\/\/www.ohis.be\/de\/wp-json\/wp\/v2\/product_tag?post=34834"}],"curies":[{"name":"wp","href":"https:\/\/api.w.org\/{rel}","templated":true}]}}