{"id":34832,"date":"2022-02-18T21:19:00","date_gmt":"2022-02-18T20:19:00","guid":{"rendered":"https:\/\/www.ohis.be\/produit\/vetter-wandarm-geselle-gn\/"},"modified":"2022-02-18T21:19:00","modified_gmt":"2022-02-18T20:19:00","slug":"vetter-wandarm-geselle-gn","status":"publish","type":"product","link":"https:\/\/www.ohis.be\/de\/produit\/vetter-wandarm-geselle-gn\/","title":{"rendered":"Vetter Wandarm GESELLE GN"},"content":{"rendered":"<p>Der GESELLE Wandschwenkgalgen ist der ideale Helfer aus dem Himmel.<\/p>\n<p>Er unterst\u00fctzt Sie einfach und effektiv \u00fcberall dort, wo der Boden frei sein muss und kein Platz f\u00fcr einen Fass-Schwenkkran vorhanden ist. Er entlastet die Laufkr\u00e4ne, beschleunigt die Arbeitsabl\u00e4ufe und verk\u00fcrzt die Ausfallzeiten Ihrer Mitarbeiter und Maschinen. Dieser Kran wird zum Beladen von Maschinen, bei Reparaturarbeiten oder an Einzelarbeitspl\u00e4tzen f\u00fcr Kapazit\u00e4ten bis 10.000 kg eingesetzt.<\/p>\n<p>Dank seiner kompakten Form erreicht der Schwenkkran eine maximale Hubh\u00f6he und eignet sich ideal f\u00fcr enge R\u00e4ume mit geringer H\u00f6he. Mit dem optionalen elektrischen Schwenkgetriebemotor bietet Ihnen der Schwenkkran im gr\u00f6\u00dferen Tragf\u00e4higkeits-\/Reichweitenbereich noch mehr Bedienkomfort. Ob Hallen- oder Au\u00dfenaufstellung, der GESELLE Wandschwenkkran passt sich durch die individuelle Einstellung der Auslegerl\u00e4nge perfekt an Ihre Bed\u00fcrfnisse an.<\/p>\n<p>Bei der Auswahl der Befestigung haben Sie die Wahl zwischen der Befestigung an einem Stahl- oder Stahlbetonpfosten, einer Stahlbetonwand und einer Stahlkonstruktion.<\/p>\n<p>Optional liefern wir Ihnen die passende Stromversorgung, ELECTROLIFT\u00ae-Ketten- oder Seilz\u00fcge mit Elektrofahrwerk, Funksteuerung, Feuerverzinkung, Explosionsschutz nach ATEX, komplexe Steuerungen bis hin zu einem autonomen automatischen Galgen und weiteres vielf\u00e4ltiges Zubeh\u00f6r.<\/p>\n<p>Technische Informationen<br \/>\nGalgen an der Wand<br \/>\nTyp: GESELLE GN<br \/>\nTragf\u00e4higkeit: 125 &#8211; 10.000 kg<br \/>\nAusladung: 2.000 &#8211; 12.000 mm<br \/>\nMaximaler Drehwinkel: 180\u00b0.<br \/>\nEN 13001 Hubklasse: HC2<br \/>\nEN 13001 Stabilit\u00e4tsklasse: S3<br \/>\nAuslegerkonstruktion: sehr geringe H\u00f6he<br \/>\nBedienung: innen \/ au\u00dfen<br \/>\nDrehung: manuell \/ elektrisch<br \/>\nHebezeug: Kettenzug \/ Seilzug<br \/>\nExplosionsschutz: nach ATEX (optional)<\/p>\n","protected":false},"excerpt":{"rendered":"<p>Der GESELLE Wandschwenkgalgen ist der ideale Helfer aus dem Himmel.<\/p>\n<p>Er unterst\u00fctzt Sie einfach und effektiv \u00fcberall dort, wo der Boden frei sein muss und kein Platz f\u00fcr einen Fass-Schwenkkran vorhanden ist. Er entlastet die Laufkr\u00e4ne, beschleunigt die Arbeitsabl\u00e4ufe und verk\u00fcrzt die Ausfallzeiten Ihrer Mitarbeiter und Maschinen. Dieser Kran wird zum Beladen von Maschinen, bei Reparaturarbeiten oder an Einzelarbeitspl\u00e4tzen f\u00fcr Kapazit\u00e4ten bis 10.000 kg eingesetzt.<\/p>\n<p>Dank seiner kompakten Form erreicht der Schwenkkran eine maximale Hubh\u00f6he und eignet sich ideal f\u00fcr enge R\u00e4ume mit geringer H\u00f6he. Mit dem optionalen elektrischen Schwenkgetriebemotor bietet Ihnen der Schwenkkran im gr\u00f6\u00dferen Tragf\u00e4higkeits-\/Reichweitenbereich noch mehr Bedienkomfort. Ob Hallen- oder Au\u00dfenaufstellung, der GESELLE Wandschwenkkran passt sich durch die individuelle Einstellung der Auslegerl\u00e4nge perfekt an Ihre Bed\u00fcrfnisse an.<\/p>\n<p>Bei der Auswahl der Befestigung haben Sie die Wahl zwischen der Befestigung an einem Stahl- oder Stahlbetonpfosten, einer Stahlbetonwand und einer Stahlkonstruktion.<\/p>\n<p>Optional liefern wir Ihnen die passende Stromversorgung, ELECTROLIFT\u00ae-Ketten- oder Seilz\u00fcge mit Elektrofahrwerk, Funksteuerung, Feuerverzinkung, Explosionsschutz nach ATEX, komplexe Steuerungen bis hin zu einem autonomen automatischen Galgen und weiteres vielf\u00e4ltiges Zubeh\u00f6r.<\/p>\n<p>Technische Informationen<br \/>\nGalgen an der Wand<br \/>\nTyp: GESELLE GN<br \/>\nTragf\u00e4higkeit: 125 &#8211; 10.000 kg<br \/>\nAusladung: 2.000 &#8211; 12.000 mm<br \/>\nMaximaler Drehwinkel: 180\u00b0.<br \/>\nEN 13001 Hubklasse: HC2<br \/>\nEN 13001 Stabilit\u00e4tsklasse: S3<br \/>\nAuslegerkonstruktion: sehr geringe H\u00f6he<br \/>\nBedienung: innen \/ au\u00dfen<br \/>\nDrehung: manuell \/ elektrisch<br \/>\nHebezeug: Kettenzug \/ Seilzug<br \/>\nExplosionsschutz: nach ATEX (optional)<\/p>\n","protected":false},"featured_media":12481,"template":"","meta":{"_acf_changed":false,"inline_featured_image":false},"product_brand":[],"product_cat":[119],"product_tag":[703],"class_list":{"0":"post-34832","1":"product","2":"type-product","3":"status-publish","4":"has-post-thumbnail","6":"product_cat-schwenkkrane","7":"product_tag-vetter-de","9":"first","10":"onbackorder","11":"taxable","12":"shipping-taxable","13":"purchasable","14":"product-type-simple"},"acf":[],"yoast_head":"<!-- This site is optimized with the Yoast SEO plugin v27.5 - https:\/\/yoast.com\/product\/yoast-seo-wordpress\/ -->\n<title>Vetter Wandarm GESELLE GN - Ohis<\/title>\n<meta name=\"robots\" content=\"index, follow, max-snippet:-1, max-image-preview:large, max-video-preview:-1\" \/>\n<link rel=\"canonical\" href=\"https:\/\/www.ohis.be\/de\/produit\/vetter-wandarm-geselle-gn\/\" \/>\n<meta property=\"og:locale\" content=\"de_DE\" \/>\n<meta property=\"og:type\" content=\"article\" \/>\n<meta property=\"og:title\" content=\"Vetter Wandarm GESELLE GN - Ohis\" \/>\n<meta property=\"og:description\" content=\"Der GESELLE Wandschwenkgalgen ist der ideale Helfer aus dem Himmel.  Er unterst\u00fctzt Sie einfach und effektiv \u00fcberall dort, wo der Boden frei sein muss und kein Platz f\u00fcr einen Fass-Schwenkkran vorhanden ist. Er entlastet die Laufkr\u00e4ne, beschleunigt die Arbeitsabl\u00e4ufe und verk\u00fcrzt die Ausfallzeiten Ihrer Mitarbeiter und Maschinen. Dieser Kran wird zum Beladen von Maschinen, bei Reparaturarbeiten oder an Einzelarbeitspl\u00e4tzen f\u00fcr Kapazit\u00e4ten bis 10.000 kg eingesetzt.  Dank seiner kompakten Form erreicht der Schwenkkran eine maximale Hubh\u00f6he und eignet sich ideal f\u00fcr enge R\u00e4ume mit geringer H\u00f6he. Mit dem optionalen elektrischen Schwenkgetriebemotor bietet Ihnen der Schwenkkran im gr\u00f6\u00dferen Tragf\u00e4higkeits-\/Reichweitenbereich noch mehr Bedienkomfort. Ob Hallen- oder Au\u00dfenaufstellung, der GESELLE Wandschwenkkran passt sich durch die individuelle Einstellung der Auslegerl\u00e4nge perfekt an Ihre Bed\u00fcrfnisse an.  Bei der Auswahl der Befestigung haben Sie die Wahl zwischen der Befestigung an einem Stahl- oder Stahlbetonpfosten, einer Stahlbetonwand und einer Stahlkonstruktion.  Optional liefern wir Ihnen die passende Stromversorgung, ELECTROLIFT\u00ae-Ketten- oder Seilz\u00fcge mit Elektrofahrwerk, Funksteuerung, Feuerverzinkung, Explosionsschutz nach ATEX, komplexe Steuerungen bis hin zu einem autonomen automatischen Galgen und weiteres vielf\u00e4ltiges Zubeh\u00f6r.  Technische Informationen Galgen an der Wand Typ: GESELLE GN Tragf\u00e4higkeit: 125 - 10.000 kg Ausladung: 2.000 - 12.000 mm Maximaler Drehwinkel: 180\u00b0. EN 13001 Hubklasse: HC2 EN 13001 Stabilit\u00e4tsklasse: S3 Auslegerkonstruktion: sehr geringe H\u00f6he Bedienung: innen \/ au\u00dfen Drehung: manuell \/ elektrisch Hebezeug: Kettenzug \/ Seilzug Explosionsschutz: nach ATEX (optional)\" \/>\n<meta property=\"og:url\" content=\"https:\/\/www.ohis.be\/de\/produit\/vetter-wandarm-geselle-gn\/\" \/>\n<meta property=\"og:site_name\" content=\"Ohis\" \/>\n<meta property=\"og:image\" content=\"https:\/\/www.ohis.be\/wp-content\/uploads\/2022\/02\/Vetter-GN-3.jpg\" \/>\n\t<meta property=\"og:image:width\" content=\"800\" \/>\n\t<meta property=\"og:image:height\" content=\"600\" \/>\n\t<meta property=\"og:image:type\" content=\"image\/jpeg\" \/>\n<meta name=\"twitter:card\" content=\"summary_large_image\" \/>\n<meta name=\"twitter:label1\" content=\"Gesch\u00e4tzte Lesezeit\" \/>\n\t<meta name=\"twitter:data1\" content=\"1\u00a0Minute\" \/>\n<script type=\"application\/ld+json\" class=\"yoast-schema-graph\">{\"@context\":\"https:\\\/\\\/schema.org\",\"@graph\":[{\"@type\":\"WebPage\",\"@id\":\"https:\\\/\\\/www.ohis.be\\\/de\\\/produit\\\/vetter-wandarm-geselle-gn\\\/\",\"url\":\"https:\\\/\\\/www.ohis.be\\\/de\\\/produit\\\/vetter-wandarm-geselle-gn\\\/\",\"name\":\"Vetter Wandarm GESELLE GN - Ohis\",\"isPartOf\":{\"@id\":\"https:\\\/\\\/www.ohis.be\\\/de\\\/#website\"},\"primaryImageOfPage\":{\"@id\":\"https:\\\/\\\/www.ohis.be\\\/de\\\/produit\\\/vetter-wandarm-geselle-gn\\\/#primaryimage\"},\"image\":{\"@id\":\"https:\\\/\\\/www.ohis.be\\\/de\\\/produit\\\/vetter-wandarm-geselle-gn\\\/#primaryimage\"},\"thumbnailUrl\":\"https:\\\/\\\/www.ohis.be\\\/wp-content\\\/uploads\\\/2022\\\/02\\\/Vetter-GN-3.jpg\",\"datePublished\":\"2022-02-18T20:19:00+00:00\",\"breadcrumb\":{\"@id\":\"https:\\\/\\\/www.ohis.be\\\/de\\\/produit\\\/vetter-wandarm-geselle-gn\\\/#breadcrumb\"},\"inLanguage\":\"de\",\"potentialAction\":[{\"@type\":\"ReadAction\",\"target\":[\"https:\\\/\\\/www.ohis.be\\\/de\\\/produit\\\/vetter-wandarm-geselle-gn\\\/\"]}]},{\"@type\":\"ImageObject\",\"inLanguage\":\"de\",\"@id\":\"https:\\\/\\\/www.ohis.be\\\/de\\\/produit\\\/vetter-wandarm-geselle-gn\\\/#primaryimage\",\"url\":\"https:\\\/\\\/www.ohis.be\\\/wp-content\\\/uploads\\\/2022\\\/02\\\/Vetter-GN-3.jpg\",\"contentUrl\":\"https:\\\/\\\/www.ohis.be\\\/wp-content\\\/uploads\\\/2022\\\/02\\\/Vetter-GN-3.jpg\",\"width\":800,\"height\":600},{\"@type\":\"BreadcrumbList\",\"@id\":\"https:\\\/\\\/www.ohis.be\\\/de\\\/produit\\\/vetter-wandarm-geselle-gn\\\/#breadcrumb\",\"itemListElement\":[{\"@type\":\"ListItem\",\"position\":1,\"name\":\"Accueil\",\"item\":\"https:\\\/\\\/www.ohis.be\\\/de\\\/\"},{\"@type\":\"ListItem\",\"position\":2,\"name\":\"Produkte\",\"item\":\"https:\\\/\\\/www.ohis.be\\\/de\\\/produkte\\\/\"},{\"@type\":\"ListItem\",\"position\":3,\"name\":\"Vetter Wandarm GESELLE GN\"}]},{\"@type\":\"WebSite\",\"@id\":\"https:\\\/\\\/www.ohis.be\\\/de\\\/#website\",\"url\":\"https:\\\/\\\/www.ohis.be\\\/de\\\/\",\"name\":\"Ohis\",\"description\":\"Outils de levage\",\"publisher\":{\"@id\":\"https:\\\/\\\/www.ohis.be\\\/de\\\/#organization\"},\"potentialAction\":[{\"@type\":\"SearchAction\",\"target\":{\"@type\":\"EntryPoint\",\"urlTemplate\":\"https:\\\/\\\/www.ohis.be\\\/de\\\/?s={search_term_string}\"},\"query-input\":{\"@type\":\"PropertyValueSpecification\",\"valueRequired\":true,\"valueName\":\"search_term_string\"}}],\"inLanguage\":\"de\"},{\"@type\":\"Organization\",\"@id\":\"https:\\\/\\\/www.ohis.be\\\/de\\\/#organization\",\"name\":\"Ohis\",\"url\":\"https:\\\/\\\/www.ohis.be\\\/de\\\/\",\"logo\":{\"@type\":\"ImageObject\",\"inLanguage\":\"de\",\"@id\":\"https:\\\/\\\/www.ohis.be\\\/de\\\/#\\\/schema\\\/logo\\\/image\\\/\",\"url\":\"https:\\\/\\\/www.ohis.be\\\/wp-content\\\/uploads\\\/2021\\\/02\\\/logo-ohis-wit.svg\",\"contentUrl\":\"https:\\\/\\\/www.ohis.be\\\/wp-content\\\/uploads\\\/2021\\\/02\\\/logo-ohis-wit.svg\",\"caption\":\"Ohis\"},\"image\":{\"@id\":\"https:\\\/\\\/www.ohis.be\\\/de\\\/#\\\/schema\\\/logo\\\/image\\\/\"}}]}<\/script>\n<!-- \/ Yoast SEO plugin. -->","yoast_head_json":{"title":"Vetter Wandarm GESELLE GN - Ohis","robots":{"index":"index","follow":"follow","max-snippet":"max-snippet:-1","max-image-preview":"max-image-preview:large","max-video-preview":"max-video-preview:-1"},"canonical":"https:\/\/www.ohis.be\/de\/produit\/vetter-wandarm-geselle-gn\/","og_locale":"de_DE","og_type":"article","og_title":"Vetter Wandarm GESELLE GN - Ohis","og_description":"Der GESELLE Wandschwenkgalgen ist der ideale Helfer aus dem Himmel.  Er unterst\u00fctzt Sie einfach und effektiv \u00fcberall dort, wo der Boden frei sein muss und kein Platz f\u00fcr einen Fass-Schwenkkran vorhanden ist. Er entlastet die Laufkr\u00e4ne, beschleunigt die Arbeitsabl\u00e4ufe und verk\u00fcrzt die Ausfallzeiten Ihrer Mitarbeiter und Maschinen. Dieser Kran wird zum Beladen von Maschinen, bei Reparaturarbeiten oder an Einzelarbeitspl\u00e4tzen f\u00fcr Kapazit\u00e4ten bis 10.000 kg eingesetzt.  Dank seiner kompakten Form erreicht der Schwenkkran eine maximale Hubh\u00f6he und eignet sich ideal f\u00fcr enge R\u00e4ume mit geringer H\u00f6he. Mit dem optionalen elektrischen Schwenkgetriebemotor bietet Ihnen der Schwenkkran im gr\u00f6\u00dferen Tragf\u00e4higkeits-\/Reichweitenbereich noch mehr Bedienkomfort. Ob Hallen- oder Au\u00dfenaufstellung, der GESELLE Wandschwenkkran passt sich durch die individuelle Einstellung der Auslegerl\u00e4nge perfekt an Ihre Bed\u00fcrfnisse an.  Bei der Auswahl der Befestigung haben Sie die Wahl zwischen der Befestigung an einem Stahl- oder Stahlbetonpfosten, einer Stahlbetonwand und einer Stahlkonstruktion.  Optional liefern wir Ihnen die passende Stromversorgung, ELECTROLIFT\u00ae-Ketten- oder Seilz\u00fcge mit Elektrofahrwerk, Funksteuerung, Feuerverzinkung, Explosionsschutz nach ATEX, komplexe Steuerungen bis hin zu einem autonomen automatischen Galgen und weiteres vielf\u00e4ltiges Zubeh\u00f6r.  Technische Informationen Galgen an der Wand Typ: GESELLE GN Tragf\u00e4higkeit: 125 - 10.000 kg Ausladung: 2.000 - 12.000 mm Maximaler Drehwinkel: 180\u00b0. EN 13001 Hubklasse: HC2 EN 13001 Stabilit\u00e4tsklasse: S3 Auslegerkonstruktion: sehr geringe H\u00f6he Bedienung: innen \/ au\u00dfen Drehung: manuell \/ elektrisch Hebezeug: Kettenzug \/ Seilzug Explosionsschutz: nach ATEX (optional)","og_url":"https:\/\/www.ohis.be\/de\/produit\/vetter-wandarm-geselle-gn\/","og_site_name":"Ohis","og_image":[{"width":800,"height":600,"url":"https:\/\/www.ohis.be\/wp-content\/uploads\/2022\/02\/Vetter-GN-3.jpg","type":"image\/jpeg"}],"twitter_card":"summary_large_image","twitter_misc":{"Gesch\u00e4tzte Lesezeit":"1\u00a0Minute"},"schema":{"@context":"https:\/\/schema.org","@graph":[{"@type":"WebPage","@id":"https:\/\/www.ohis.be\/de\/produit\/vetter-wandarm-geselle-gn\/","url":"https:\/\/www.ohis.be\/de\/produit\/vetter-wandarm-geselle-gn\/","name":"Vetter Wandarm GESELLE GN - Ohis","isPartOf":{"@id":"https:\/\/www.ohis.be\/de\/#website"},"primaryImageOfPage":{"@id":"https:\/\/www.ohis.be\/de\/produit\/vetter-wandarm-geselle-gn\/#primaryimage"},"image":{"@id":"https:\/\/www.ohis.be\/de\/produit\/vetter-wandarm-geselle-gn\/#primaryimage"},"thumbnailUrl":"https:\/\/www.ohis.be\/wp-content\/uploads\/2022\/02\/Vetter-GN-3.jpg","datePublished":"2022-02-18T20:19:00+00:00","breadcrumb":{"@id":"https:\/\/www.ohis.be\/de\/produit\/vetter-wandarm-geselle-gn\/#breadcrumb"},"inLanguage":"de","potentialAction":[{"@type":"ReadAction","target":["https:\/\/www.ohis.be\/de\/produit\/vetter-wandarm-geselle-gn\/"]}]},{"@type":"ImageObject","inLanguage":"de","@id":"https:\/\/www.ohis.be\/de\/produit\/vetter-wandarm-geselle-gn\/#primaryimage","url":"https:\/\/www.ohis.be\/wp-content\/uploads\/2022\/02\/Vetter-GN-3.jpg","contentUrl":"https:\/\/www.ohis.be\/wp-content\/uploads\/2022\/02\/Vetter-GN-3.jpg","width":800,"height":600},{"@type":"BreadcrumbList","@id":"https:\/\/www.ohis.be\/de\/produit\/vetter-wandarm-geselle-gn\/#breadcrumb","itemListElement":[{"@type":"ListItem","position":1,"name":"Accueil","item":"https:\/\/www.ohis.be\/de\/"},{"@type":"ListItem","position":2,"name":"Produkte","item":"https:\/\/www.ohis.be\/de\/produkte\/"},{"@type":"ListItem","position":3,"name":"Vetter Wandarm GESELLE GN"}]},{"@type":"WebSite","@id":"https:\/\/www.ohis.be\/de\/#website","url":"https:\/\/www.ohis.be\/de\/","name":"Ohis","description":"Outils de levage","publisher":{"@id":"https:\/\/www.ohis.be\/de\/#organization"},"potentialAction":[{"@type":"SearchAction","target":{"@type":"EntryPoint","urlTemplate":"https:\/\/www.ohis.be\/de\/?s={search_term_string}"},"query-input":{"@type":"PropertyValueSpecification","valueRequired":true,"valueName":"search_term_string"}}],"inLanguage":"de"},{"@type":"Organization","@id":"https:\/\/www.ohis.be\/de\/#organization","name":"Ohis","url":"https:\/\/www.ohis.be\/de\/","logo":{"@type":"ImageObject","inLanguage":"de","@id":"https:\/\/www.ohis.be\/de\/#\/schema\/logo\/image\/","url":"https:\/\/www.ohis.be\/wp-content\/uploads\/2021\/02\/logo-ohis-wit.svg","contentUrl":"https:\/\/www.ohis.be\/wp-content\/uploads\/2021\/02\/logo-ohis-wit.svg","caption":"Ohis"},"image":{"@id":"https:\/\/www.ohis.be\/de\/#\/schema\/logo\/image\/"}}]}},"_links":{"self":[{"href":"https:\/\/www.ohis.be\/de\/wp-json\/wp\/v2\/product\/34832","targetHints":{"allow":["GET"]}}],"collection":[{"href":"https:\/\/www.ohis.be\/de\/wp-json\/wp\/v2\/product"}],"about":[{"href":"https:\/\/www.ohis.be\/de\/wp-json\/wp\/v2\/types\/product"}],"wp:featuredmedia":[{"embeddable":true,"href":"https:\/\/www.ohis.be\/de\/wp-json\/wp\/v2\/media\/12481"}],"wp:attachment":[{"href":"https:\/\/www.ohis.be\/de\/wp-json\/wp\/v2\/media?parent=34832"}],"wp:term":[{"taxonomy":"product_brand","embeddable":true,"href":"https:\/\/www.ohis.be\/de\/wp-json\/wp\/v2\/product_brand?post=34832"},{"taxonomy":"product_cat","embeddable":true,"href":"https:\/\/www.ohis.be\/de\/wp-json\/wp\/v2\/product_cat?post=34832"},{"taxonomy":"product_tag","embeddable":true,"href":"https:\/\/www.ohis.be\/de\/wp-json\/wp\/v2\/product_tag?post=34832"}],"curies":[{"name":"wp","href":"https:\/\/api.w.org\/{rel}","templated":true}]}}