{"id":34830,"date":"2022-02-18T21:24:12","date_gmt":"2022-02-18T20:24:12","guid":{"rendered":"https:\/\/www.ohis.be\/produit\/mobiler-galgen-vetter-mobilus-mob\/"},"modified":"2022-02-18T21:24:12","modified_gmt":"2022-02-18T20:24:12","slug":"mobiler-galgen-vetter-mobilus-mob","status":"publish","type":"product","link":"https:\/\/www.ohis.be\/de\/produit\/mobiler-galgen-vetter-mobilus-mob\/","title":{"rendered":"Mobiler Galgen Vetter MOBILUS MOB"},"content":{"rendered":"<p>Der MOBILUS von VETTER ist ein mobiler S\u00e4ulenschwenkkran mit Tragf\u00e4higkeiten von 125 &#8211; 1.000 kg und Ausladungen bis zu 6 m.<\/p>\n<p>Der MOBILUS Mobilkran wurde f\u00fcr den flexiblen Einsatz entwickelt, sei es als Zusatzkran f\u00fcr die Beschickung von Maschinen, f\u00fcr tempor\u00e4re Wartungs- und Reparaturarbeiten oder als flexibler Helfer an Montage- und Kommissionierpl\u00e4tzen &#8211; eben genau dort, wo Sie einen S\u00e4ulen-Mobilkran ben\u00f6tigen.<\/p>\n<p>Dank seines integrierten Basisgewichts ist der MOBILUS stets autark. Sie brauchen den mobilen Galgen weder an einem Fundament zu befestigen noch zu verd\u00fcbeln. So kann der Galgen auch dort eingesetzt werden, wo sich der Boden nicht f\u00fcr eine Verd\u00fcbelung eignet.<\/p>\n","protected":false},"excerpt":{"rendered":"<p>Der MOBILUS von VETTER ist ein mobiler S\u00e4ulenschwenkkran mit Tragf\u00e4higkeiten von 125 &#8211; 1.000 kg und Ausladungen bis zu 6 m.<\/p>\n<p>Der MOBILUS Mobilkran wurde f\u00fcr den flexiblen Einsatz entwickelt, sei es als Zusatzkran f\u00fcr die Beschickung von Maschinen, f\u00fcr tempor\u00e4re Wartungs- und Reparaturarbeiten oder als flexibler Helfer an Montage- und Kommissionierpl\u00e4tzen &#8211; eben genau dort, wo Sie einen S\u00e4ulen-Mobilkran ben\u00f6tigen.<\/p>\n<p>Dank seines integrierten Basisgewichts ist der MOBILUS stets autark. Sie brauchen den mobilen Galgen weder an einem Fundament zu befestigen noch zu verd\u00fcbeln. So kann der Galgen auch dort eingesetzt werden, wo sich der Boden nicht f\u00fcr eine Verd\u00fcbelung eignet.<\/p>\n","protected":false},"featured_media":12498,"template":"","meta":{"_acf_changed":false,"inline_featured_image":false},"product_brand":[],"product_cat":[119],"product_tag":[703],"class_list":{"0":"post-34830","1":"product","2":"type-product","3":"status-publish","4":"has-post-thumbnail","6":"product_cat-schwenkkrane","7":"product_tag-vetter-de","9":"first","10":"onbackorder","11":"taxable","12":"shipping-taxable","13":"purchasable","14":"product-type-simple"},"acf":[],"yoast_head":"<!-- This site is optimized with the Yoast SEO plugin v27.5 - https:\/\/yoast.com\/product\/yoast-seo-wordpress\/ -->\n<title>Mobiler Galgen Vetter MOBILUS MOB - Ohis<\/title>\n<meta name=\"robots\" content=\"index, follow, max-snippet:-1, max-image-preview:large, max-video-preview:-1\" \/>\n<link rel=\"canonical\" href=\"https:\/\/www.ohis.be\/de\/produit\/mobiler-galgen-vetter-mobilus-mob\/\" \/>\n<meta property=\"og:locale\" content=\"de_DE\" \/>\n<meta property=\"og:type\" content=\"article\" \/>\n<meta property=\"og:title\" content=\"Mobiler Galgen Vetter MOBILUS MOB - Ohis\" \/>\n<meta property=\"og:description\" content=\"Der MOBILUS von VETTER ist ein mobiler S\u00e4ulenschwenkkran mit Tragf\u00e4higkeiten von 125 - 1.000 kg und Ausladungen bis zu 6 m.  Der MOBILUS Mobilkran wurde f\u00fcr den flexiblen Einsatz entwickelt, sei es als Zusatzkran f\u00fcr die Beschickung von Maschinen, f\u00fcr tempor\u00e4re Wartungs- und Reparaturarbeiten oder als flexibler Helfer an Montage- und Kommissionierpl\u00e4tzen - eben genau dort, wo Sie einen S\u00e4ulen-Mobilkran ben\u00f6tigen.  Dank seines integrierten Basisgewichts ist der MOBILUS stets autark. Sie brauchen den mobilen Galgen weder an einem Fundament zu befestigen noch zu verd\u00fcbeln. So kann der Galgen auch dort eingesetzt werden, wo sich der Boden nicht f\u00fcr eine Verd\u00fcbelung eignet.\" \/>\n<meta property=\"og:url\" content=\"https:\/\/www.ohis.be\/de\/produit\/mobiler-galgen-vetter-mobilus-mob\/\" \/>\n<meta property=\"og:site_name\" content=\"Ohis\" \/>\n<meta property=\"og:image\" content=\"https:\/\/www.ohis.be\/wp-content\/uploads\/2022\/02\/Vetter-Mobilus.jpg\" \/>\n\t<meta property=\"og:image:width\" content=\"800\" \/>\n\t<meta property=\"og:image:height\" content=\"600\" \/>\n\t<meta property=\"og:image:type\" content=\"image\/jpeg\" \/>\n<meta name=\"twitter:card\" content=\"summary_large_image\" \/>\n<meta name=\"twitter:label1\" content=\"Gesch\u00e4tzte Lesezeit\" \/>\n\t<meta name=\"twitter:data1\" content=\"1\u00a0Minute\" \/>\n<script type=\"application\/ld+json\" class=\"yoast-schema-graph\">{\"@context\":\"https:\\\/\\\/schema.org\",\"@graph\":[{\"@type\":\"WebPage\",\"@id\":\"https:\\\/\\\/www.ohis.be\\\/de\\\/produit\\\/mobiler-galgen-vetter-mobilus-mob\\\/\",\"url\":\"https:\\\/\\\/www.ohis.be\\\/de\\\/produit\\\/mobiler-galgen-vetter-mobilus-mob\\\/\",\"name\":\"Mobiler Galgen Vetter MOBILUS MOB - Ohis\",\"isPartOf\":{\"@id\":\"https:\\\/\\\/www.ohis.be\\\/de\\\/#website\"},\"primaryImageOfPage\":{\"@id\":\"https:\\\/\\\/www.ohis.be\\\/de\\\/produit\\\/mobiler-galgen-vetter-mobilus-mob\\\/#primaryimage\"},\"image\":{\"@id\":\"https:\\\/\\\/www.ohis.be\\\/de\\\/produit\\\/mobiler-galgen-vetter-mobilus-mob\\\/#primaryimage\"},\"thumbnailUrl\":\"https:\\\/\\\/www.ohis.be\\\/wp-content\\\/uploads\\\/2022\\\/02\\\/Vetter-Mobilus.jpg\",\"datePublished\":\"2022-02-18T20:24:12+00:00\",\"breadcrumb\":{\"@id\":\"https:\\\/\\\/www.ohis.be\\\/de\\\/produit\\\/mobiler-galgen-vetter-mobilus-mob\\\/#breadcrumb\"},\"inLanguage\":\"de\",\"potentialAction\":[{\"@type\":\"ReadAction\",\"target\":[\"https:\\\/\\\/www.ohis.be\\\/de\\\/produit\\\/mobiler-galgen-vetter-mobilus-mob\\\/\"]}]},{\"@type\":\"ImageObject\",\"inLanguage\":\"de\",\"@id\":\"https:\\\/\\\/www.ohis.be\\\/de\\\/produit\\\/mobiler-galgen-vetter-mobilus-mob\\\/#primaryimage\",\"url\":\"https:\\\/\\\/www.ohis.be\\\/wp-content\\\/uploads\\\/2022\\\/02\\\/Vetter-Mobilus.jpg\",\"contentUrl\":\"https:\\\/\\\/www.ohis.be\\\/wp-content\\\/uploads\\\/2022\\\/02\\\/Vetter-Mobilus.jpg\",\"width\":800,\"height\":600},{\"@type\":\"BreadcrumbList\",\"@id\":\"https:\\\/\\\/www.ohis.be\\\/de\\\/produit\\\/mobiler-galgen-vetter-mobilus-mob\\\/#breadcrumb\",\"itemListElement\":[{\"@type\":\"ListItem\",\"position\":1,\"name\":\"Accueil\",\"item\":\"https:\\\/\\\/www.ohis.be\\\/de\\\/\"},{\"@type\":\"ListItem\",\"position\":2,\"name\":\"Produkte\",\"item\":\"https:\\\/\\\/www.ohis.be\\\/de\\\/produkte\\\/\"},{\"@type\":\"ListItem\",\"position\":3,\"name\":\"Mobiler Galgen Vetter MOBILUS MOB\"}]},{\"@type\":\"WebSite\",\"@id\":\"https:\\\/\\\/www.ohis.be\\\/de\\\/#website\",\"url\":\"https:\\\/\\\/www.ohis.be\\\/de\\\/\",\"name\":\"Ohis\",\"description\":\"Outils de levage\",\"publisher\":{\"@id\":\"https:\\\/\\\/www.ohis.be\\\/de\\\/#organization\"},\"potentialAction\":[{\"@type\":\"SearchAction\",\"target\":{\"@type\":\"EntryPoint\",\"urlTemplate\":\"https:\\\/\\\/www.ohis.be\\\/de\\\/?s={search_term_string}\"},\"query-input\":{\"@type\":\"PropertyValueSpecification\",\"valueRequired\":true,\"valueName\":\"search_term_string\"}}],\"inLanguage\":\"de\"},{\"@type\":\"Organization\",\"@id\":\"https:\\\/\\\/www.ohis.be\\\/de\\\/#organization\",\"name\":\"Ohis\",\"url\":\"https:\\\/\\\/www.ohis.be\\\/de\\\/\",\"logo\":{\"@type\":\"ImageObject\",\"inLanguage\":\"de\",\"@id\":\"https:\\\/\\\/www.ohis.be\\\/de\\\/#\\\/schema\\\/logo\\\/image\\\/\",\"url\":\"https:\\\/\\\/www.ohis.be\\\/wp-content\\\/uploads\\\/2021\\\/02\\\/logo-ohis-wit.svg\",\"contentUrl\":\"https:\\\/\\\/www.ohis.be\\\/wp-content\\\/uploads\\\/2021\\\/02\\\/logo-ohis-wit.svg\",\"caption\":\"Ohis\"},\"image\":{\"@id\":\"https:\\\/\\\/www.ohis.be\\\/de\\\/#\\\/schema\\\/logo\\\/image\\\/\"}}]}<\/script>\n<!-- \/ Yoast SEO plugin. -->","yoast_head_json":{"title":"Mobiler Galgen Vetter MOBILUS MOB - Ohis","robots":{"index":"index","follow":"follow","max-snippet":"max-snippet:-1","max-image-preview":"max-image-preview:large","max-video-preview":"max-video-preview:-1"},"canonical":"https:\/\/www.ohis.be\/de\/produit\/mobiler-galgen-vetter-mobilus-mob\/","og_locale":"de_DE","og_type":"article","og_title":"Mobiler Galgen Vetter MOBILUS MOB - Ohis","og_description":"Der MOBILUS von VETTER ist ein mobiler S\u00e4ulenschwenkkran mit Tragf\u00e4higkeiten von 125 - 1.000 kg und Ausladungen bis zu 6 m.  Der MOBILUS Mobilkran wurde f\u00fcr den flexiblen Einsatz entwickelt, sei es als Zusatzkran f\u00fcr die Beschickung von Maschinen, f\u00fcr tempor\u00e4re Wartungs- und Reparaturarbeiten oder als flexibler Helfer an Montage- und Kommissionierpl\u00e4tzen - eben genau dort, wo Sie einen S\u00e4ulen-Mobilkran ben\u00f6tigen.  Dank seines integrierten Basisgewichts ist der MOBILUS stets autark. Sie brauchen den mobilen Galgen weder an einem Fundament zu befestigen noch zu verd\u00fcbeln. So kann der Galgen auch dort eingesetzt werden, wo sich der Boden nicht f\u00fcr eine Verd\u00fcbelung eignet.","og_url":"https:\/\/www.ohis.be\/de\/produit\/mobiler-galgen-vetter-mobilus-mob\/","og_site_name":"Ohis","og_image":[{"width":800,"height":600,"url":"https:\/\/www.ohis.be\/wp-content\/uploads\/2022\/02\/Vetter-Mobilus.jpg","type":"image\/jpeg"}],"twitter_card":"summary_large_image","twitter_misc":{"Gesch\u00e4tzte Lesezeit":"1\u00a0Minute"},"schema":{"@context":"https:\/\/schema.org","@graph":[{"@type":"WebPage","@id":"https:\/\/www.ohis.be\/de\/produit\/mobiler-galgen-vetter-mobilus-mob\/","url":"https:\/\/www.ohis.be\/de\/produit\/mobiler-galgen-vetter-mobilus-mob\/","name":"Mobiler Galgen Vetter MOBILUS MOB - Ohis","isPartOf":{"@id":"https:\/\/www.ohis.be\/de\/#website"},"primaryImageOfPage":{"@id":"https:\/\/www.ohis.be\/de\/produit\/mobiler-galgen-vetter-mobilus-mob\/#primaryimage"},"image":{"@id":"https:\/\/www.ohis.be\/de\/produit\/mobiler-galgen-vetter-mobilus-mob\/#primaryimage"},"thumbnailUrl":"https:\/\/www.ohis.be\/wp-content\/uploads\/2022\/02\/Vetter-Mobilus.jpg","datePublished":"2022-02-18T20:24:12+00:00","breadcrumb":{"@id":"https:\/\/www.ohis.be\/de\/produit\/mobiler-galgen-vetter-mobilus-mob\/#breadcrumb"},"inLanguage":"de","potentialAction":[{"@type":"ReadAction","target":["https:\/\/www.ohis.be\/de\/produit\/mobiler-galgen-vetter-mobilus-mob\/"]}]},{"@type":"ImageObject","inLanguage":"de","@id":"https:\/\/www.ohis.be\/de\/produit\/mobiler-galgen-vetter-mobilus-mob\/#primaryimage","url":"https:\/\/www.ohis.be\/wp-content\/uploads\/2022\/02\/Vetter-Mobilus.jpg","contentUrl":"https:\/\/www.ohis.be\/wp-content\/uploads\/2022\/02\/Vetter-Mobilus.jpg","width":800,"height":600},{"@type":"BreadcrumbList","@id":"https:\/\/www.ohis.be\/de\/produit\/mobiler-galgen-vetter-mobilus-mob\/#breadcrumb","itemListElement":[{"@type":"ListItem","position":1,"name":"Accueil","item":"https:\/\/www.ohis.be\/de\/"},{"@type":"ListItem","position":2,"name":"Produkte","item":"https:\/\/www.ohis.be\/de\/produkte\/"},{"@type":"ListItem","position":3,"name":"Mobiler Galgen Vetter MOBILUS MOB"}]},{"@type":"WebSite","@id":"https:\/\/www.ohis.be\/de\/#website","url":"https:\/\/www.ohis.be\/de\/","name":"Ohis","description":"Outils de levage","publisher":{"@id":"https:\/\/www.ohis.be\/de\/#organization"},"potentialAction":[{"@type":"SearchAction","target":{"@type":"EntryPoint","urlTemplate":"https:\/\/www.ohis.be\/de\/?s={search_term_string}"},"query-input":{"@type":"PropertyValueSpecification","valueRequired":true,"valueName":"search_term_string"}}],"inLanguage":"de"},{"@type":"Organization","@id":"https:\/\/www.ohis.be\/de\/#organization","name":"Ohis","url":"https:\/\/www.ohis.be\/de\/","logo":{"@type":"ImageObject","inLanguage":"de","@id":"https:\/\/www.ohis.be\/de\/#\/schema\/logo\/image\/","url":"https:\/\/www.ohis.be\/wp-content\/uploads\/2021\/02\/logo-ohis-wit.svg","contentUrl":"https:\/\/www.ohis.be\/wp-content\/uploads\/2021\/02\/logo-ohis-wit.svg","caption":"Ohis"},"image":{"@id":"https:\/\/www.ohis.be\/de\/#\/schema\/logo\/image\/"}}]}},"_links":{"self":[{"href":"https:\/\/www.ohis.be\/de\/wp-json\/wp\/v2\/product\/34830","targetHints":{"allow":["GET"]}}],"collection":[{"href":"https:\/\/www.ohis.be\/de\/wp-json\/wp\/v2\/product"}],"about":[{"href":"https:\/\/www.ohis.be\/de\/wp-json\/wp\/v2\/types\/product"}],"wp:featuredmedia":[{"embeddable":true,"href":"https:\/\/www.ohis.be\/de\/wp-json\/wp\/v2\/media\/12498"}],"wp:attachment":[{"href":"https:\/\/www.ohis.be\/de\/wp-json\/wp\/v2\/media?parent=34830"}],"wp:term":[{"taxonomy":"product_brand","embeddable":true,"href":"https:\/\/www.ohis.be\/de\/wp-json\/wp\/v2\/product_brand?post=34830"},{"taxonomy":"product_cat","embeddable":true,"href":"https:\/\/www.ohis.be\/de\/wp-json\/wp\/v2\/product_cat?post=34830"},{"taxonomy":"product_tag","embeddable":true,"href":"https:\/\/www.ohis.be\/de\/wp-json\/wp\/v2\/product_tag?post=34830"}],"curies":[{"name":"wp","href":"https:\/\/api.w.org\/{rel}","templated":true}]}}