{"id":34292,"date":"2022-12-14T09:13:24","date_gmt":"2022-12-14T08:13:24","guid":{"rendered":"https:\/\/www.ohis.be\/produit\/htp-rollfahrwerk\/"},"modified":"2022-12-14T09:13:24","modified_gmt":"2022-12-14T08:13:24","slug":"htp-rollfahrwerk","status":"publish","type":"product","link":"https:\/\/www.ohis.be\/de\/produit\/htp-rollfahrwerk\/","title":{"rendered":"HTP Rollfahrwerk"},"content":{"rendered":"<p>Tragf\u00e4higkeit 500 &#8211; 50.000 kg<br \/>\nFahrwerke dienen dem genauen Positionieren und leichten Verfahren gr\u00f6\u00dferer Lasten in Verbindung mit einem Hand- oder Elektrohebezeug.<\/p>\n<div id=\"features-benefits\" class=\"pdp-section\" data-accordion-item=\"\" data-section-name=\"Eigenschaften und Vorteile\" data-magellan-target=\"features-benefits\">\n<div id=\"x84oip-accordion\" class=\"pdp-section__wrap\" role=\"tabpanel\" data-tab-content=\"\" aria-labelledby=\"features-benefits-label\" aria-hidden=\"true\">\n<section class=\"component rte-block\"><strong>Ausstattung und Verarbeitung<\/strong><br \/>\n\u2022 Kugelgelagerte Laufrollen, gekapselt und dauergeschmiert, f\u00fcr optimale Laufeigenschaften.<br \/>\n\u2022 Die Modelle sind f\u00fcr einen weiten Tr\u00e4gerbereich und verschiedene Profile (z. B. INP, IPE und IPB) einstellbar.<br \/>\n\u2022 Die Vor- und Feineinstellung dazu erfolgt durch Drehen der \u00d6sentraverse, die f\u00fcr die zentrische Aufh\u00e4ngung des Hebezeuges sorgt und so seitliches Wandern auf dem Tr\u00e4ger verhindert (bis Tragf\u00e4higkeit 5.000 kg, ab 8.000 kg wird die Traverse \u00fcber H\u00fclse und Scheiben justiert).<br \/>\n\u2022 Die Laufrollen sind f\u00fcr eine maximale Neigung des Tr\u00e4gerflansches von 14 % ausgelegt (DIN 1025-1).<\/p>\n<\/section>\n<\/div>\n<\/div>\n<div id=\"options\" class=\"pdp-section\" data-accordion-item=\"\" data-section-name=\"Optionen\" data-magellan-target=\"options\">\n<div id=\"o8nnu4-accordion\" class=\"pdp-section__wrap\" role=\"tabpanel\" data-tab-content=\"\" aria-labelledby=\"options-label\" aria-hidden=\"true\">\n<section class=\"component rte-block\"><strong>Optional<\/strong><br \/>\nbis Tragf\u00e4higkeit 20.000 kg:<br \/>\n\u2022 Schwenkbare Handkettenf\u00fchrung.<br \/>\n\u2022 Rost- und s\u00e4urebest\u00e4ndige Handketten.<br \/>\n\u2022 Feststellvorrichtung zum Fixieren des Handfahrwerks auf dem Tr\u00e4ger ohne Last (Parkposition z. B. in der Schifffahrt).<br \/>\n\u2022 Korrosionsgesch\u00fctzte Ausf\u00fchrung mit Hochtemperaturlager bis +350 \u00b0C, beim Einsatz solcher Lager wird die Traglast auf 80% der Nenntragf\u00e4higkeit reduziert.<\/p>\n<p><strong>alle Tragf\u00e4higkeiten:<\/strong><br \/>\n\u2022 Anfahrpuffer<\/p>\n<\/section>\n<\/div>\n<\/div>\n","protected":false},"excerpt":{"rendered":"<p>Tragf\u00e4higkeit 500 &#8211; 50.000 kg<br \/>\nFahrwerke dienen dem genauen Positionieren und leichten Verfahren gr\u00f6\u00dferer Lasten in Verbindung mit einem Hand- oder Elektrohebezeug.<\/p>\n<div id=\"features-benefits\" class=\"pdp-section\" data-accordion-item=\"\" data-section-name=\"Eigenschaften und Vorteile\" data-magellan-target=\"features-benefits\">\n<div id=\"x84oip-accordion\" class=\"pdp-section__wrap\" role=\"tabpanel\" data-tab-content=\"\" aria-labelledby=\"features-benefits-label\" aria-hidden=\"true\">\n<section class=\"component rte-block\"><strong>Ausstattung und Verarbeitung<\/strong><br \/>\n\u2022 Kugelgelagerte Laufrollen, gekapselt und dauergeschmiert, f\u00fcr optimale Laufeigenschaften.<br \/>\n\u2022 Die Modelle sind f\u00fcr einen weiten Tr\u00e4gerbereich und verschiedene Profile (z. B. INP, IPE und IPB) einstellbar.<br \/>\n\u2022 Die Vor- und Feineinstellung dazu erfolgt durch Drehen der \u00d6sentraverse, die f\u00fcr die zentrische Aufh\u00e4ngung des Hebezeuges sorgt und so seitliches Wandern auf dem Tr\u00e4ger verhindert (bis Tragf\u00e4higkeit 5.000 kg, ab 8.000 kg wird die Traverse \u00fcber H\u00fclse und Scheiben justiert).<br \/>\n\u2022 Die Laufrollen sind f\u00fcr eine maximale Neigung des Tr\u00e4gerflansches von 14 % ausgelegt (DIN 1025-1).<\/p>\n<\/section>\n<\/div>\n<\/div>\n<div id=\"options\" class=\"pdp-section\" data-accordion-item=\"\" data-section-name=\"Optionen\" data-magellan-target=\"options\">\n<div id=\"o8nnu4-accordion\" class=\"pdp-section__wrap\" role=\"tabpanel\" data-tab-content=\"\" aria-labelledby=\"options-label\" aria-hidden=\"true\">\n<section class=\"component rte-block\"><strong>Optional<\/strong><br \/>\nbis Tragf\u00e4higkeit 20.000 kg:<br \/>\n\u2022 Schwenkbare Handkettenf\u00fchrung.<br \/>\n\u2022 Rost- und s\u00e4urebest\u00e4ndige Handketten.<br \/>\n\u2022 Feststellvorrichtung zum Fixieren des Handfahrwerks auf dem Tr\u00e4ger ohne Last (Parkposition z. B. in der Schifffahrt).<br \/>\n\u2022 Korrosionsgesch\u00fctzte Ausf\u00fchrung mit Hochtemperaturlager bis +350 \u00b0C, beim Einsatz solcher Lager wird die Traglast auf 80% der Nenntragf\u00e4higkeit reduziert.<\/p>\n<p><strong>alle Tragf\u00e4higkeiten:<\/strong><br \/>\n\u2022 Anfahrpuffer<\/p>\n<\/section>\n<\/div>\n<\/div>\n","protected":false},"featured_media":19016,"template":"","meta":{"_acf_changed":false,"inline_featured_image":false},"product_brand":[],"product_cat":[81],"product_tag":[705],"class_list":{"0":"post-34292","1":"product","2":"type-product","3":"status-publish","4":"has-post-thumbnail","6":"product_cat-ersatzteile","7":"product_tag-yale-de","9":"first","10":"onbackorder","11":"taxable","12":"shipping-taxable","13":"purchasable","14":"product-type-variable"},"acf":[],"yoast_head":"<!-- This site is optimized with the Yoast SEO plugin v27.2 - https:\/\/yoast.com\/product\/yoast-seo-wordpress\/ -->\n<title>HTP Rollfahrwerk - Ohis<\/title>\n<meta name=\"robots\" content=\"index, follow, max-snippet:-1, max-image-preview:large, max-video-preview:-1\" \/>\n<link rel=\"canonical\" href=\"https:\/\/www.ohis.be\/de\/produit\/htp-rollfahrwerk\/\" \/>\n<meta property=\"og:locale\" content=\"de_DE\" \/>\n<meta property=\"og:type\" content=\"article\" \/>\n<meta property=\"og:title\" content=\"HTP Rollfahrwerk - Ohis\" \/>\n<meta property=\"og:description\" content=\"Tragf\u00e4higkeit 500 - 50.000 kg Fahrwerke dienen dem genauen Positionieren und leichten Verfahren gr\u00f6\u00dferer Lasten in Verbindung mit einem Hand- oder Elektrohebezeug.  Ausstattung und Verarbeitung \u2022 Kugelgelagerte Laufrollen, gekapselt und dauergeschmiert, f\u00fcr optimale Laufeigenschaften. \u2022 Die Modelle sind f\u00fcr einen weiten Tr\u00e4gerbereich und verschiedene Profile (z. B. INP, IPE und IPB) einstellbar. \u2022 Die Vor- und Feineinstellung dazu erfolgt durch Drehen der \u00d6sentraverse, die f\u00fcr die zentrische Aufh\u00e4ngung des Hebezeuges sorgt und so seitliches Wandern auf dem Tr\u00e4ger verhindert (bis Tragf\u00e4higkeit 5.000 kg, ab 8.000 kg wird die Traverse \u00fcber H\u00fclse und Scheiben justiert). \u2022 Die Laufrollen sind f\u00fcr eine maximale Neigung des Tr\u00e4gerflansches von 14 % ausgelegt (DIN 1025-1).     Optional bis Tragf\u00e4higkeit 20.000 kg: \u2022 Schwenkbare Handkettenf\u00fchrung. \u2022 Rost- und s\u00e4urebest\u00e4ndige Handketten. \u2022 Feststellvorrichtung zum Fixieren des Handfahrwerks auf dem Tr\u00e4ger ohne Last (Parkposition z. B. in der Schifffahrt). \u2022 Korrosionsgesch\u00fctzte Ausf\u00fchrung mit Hochtemperaturlager bis +350 \u00b0C, beim Einsatz solcher Lager wird die Traglast auf 80% der Nenntragf\u00e4higkeit reduziert.  alle Tragf\u00e4higkeiten: \u2022 Anfahrpuffer\" \/>\n<meta property=\"og:url\" content=\"https:\/\/www.ohis.be\/de\/produit\/htp-rollfahrwerk\/\" \/>\n<meta property=\"og:site_name\" content=\"Ohis\" \/>\n<meta property=\"og:image\" content=\"https:\/\/www.ohis.be\/wp-content\/uploads\/2022\/12\/yale-htp.jpg\" \/>\n\t<meta property=\"og:image:width\" content=\"525\" \/>\n\t<meta property=\"og:image:height\" content=\"224\" \/>\n\t<meta property=\"og:image:type\" content=\"image\/jpeg\" \/>\n<meta name=\"twitter:card\" content=\"summary_large_image\" \/>\n<meta name=\"twitter:label1\" content=\"Gesch\u00e4tzte Lesezeit\" \/>\n\t<meta name=\"twitter:data1\" content=\"1\u00a0Minute\" \/>\n<script type=\"application\/ld+json\" class=\"yoast-schema-graph\">{\"@context\":\"https:\/\/schema.org\",\"@graph\":[{\"@type\":\"WebPage\",\"@id\":\"https:\/\/www.ohis.be\/de\/produit\/htp-rollfahrwerk\/\",\"url\":\"https:\/\/www.ohis.be\/de\/produit\/htp-rollfahrwerk\/\",\"name\":\"HTP Rollfahrwerk - Ohis\",\"isPartOf\":{\"@id\":\"https:\/\/www.ohis.be\/#website\"},\"primaryImageOfPage\":{\"@id\":\"https:\/\/www.ohis.be\/de\/produit\/htp-rollfahrwerk\/#primaryimage\"},\"image\":{\"@id\":\"https:\/\/www.ohis.be\/de\/produit\/htp-rollfahrwerk\/#primaryimage\"},\"thumbnailUrl\":\"https:\/\/www.ohis.be\/wp-content\/uploads\/2022\/12\/yale-htp.jpg\",\"datePublished\":\"2022-12-14T08:13:24+00:00\",\"breadcrumb\":{\"@id\":\"https:\/\/www.ohis.be\/de\/produit\/htp-rollfahrwerk\/#breadcrumb\"},\"inLanguage\":\"de\",\"potentialAction\":[{\"@type\":\"ReadAction\",\"target\":[\"https:\/\/www.ohis.be\/de\/produit\/htp-rollfahrwerk\/\"]}]},{\"@type\":\"ImageObject\",\"inLanguage\":\"de\",\"@id\":\"https:\/\/www.ohis.be\/de\/produit\/htp-rollfahrwerk\/#primaryimage\",\"url\":\"https:\/\/www.ohis.be\/wp-content\/uploads\/2022\/12\/yale-htp.jpg\",\"contentUrl\":\"https:\/\/www.ohis.be\/wp-content\/uploads\/2022\/12\/yale-htp.jpg\",\"width\":525,\"height\":224,\"caption\":\"&amp;#x05;4.0.3\"},{\"@type\":\"BreadcrumbList\",\"@id\":\"https:\/\/www.ohis.be\/de\/produit\/htp-rollfahrwerk\/#breadcrumb\",\"itemListElement\":[{\"@type\":\"ListItem\",\"position\":1,\"name\":\"Accueil\",\"item\":\"https:\/\/www.ohis.be\/de\/\"},{\"@type\":\"ListItem\",\"position\":2,\"name\":\"Produkte\",\"item\":\"https:\/\/www.ohis.be\/de\/produkte\/\"},{\"@type\":\"ListItem\",\"position\":3,\"name\":\"HTP Rollfahrwerk\"}]},{\"@type\":\"WebSite\",\"@id\":\"https:\/\/www.ohis.be\/#website\",\"url\":\"https:\/\/www.ohis.be\/\",\"name\":\"Ohis\",\"description\":\"Outils de levage\",\"publisher\":{\"@id\":\"https:\/\/www.ohis.be\/#organization\"},\"potentialAction\":[{\"@type\":\"SearchAction\",\"target\":{\"@type\":\"EntryPoint\",\"urlTemplate\":\"https:\/\/www.ohis.be\/?s={search_term_string}\"},\"query-input\":{\"@type\":\"PropertyValueSpecification\",\"valueRequired\":true,\"valueName\":\"search_term_string\"}}],\"inLanguage\":\"de\"},{\"@type\":\"Organization\",\"@id\":\"https:\/\/www.ohis.be\/#organization\",\"name\":\"Ohis\",\"url\":\"https:\/\/www.ohis.be\/\",\"logo\":{\"@type\":\"ImageObject\",\"inLanguage\":\"de\",\"@id\":\"https:\/\/www.ohis.be\/#\/schema\/logo\/image\/\",\"url\":\"https:\/\/www.ohis.be\/wp-content\/uploads\/2021\/02\/logo-ohis-wit.svg\",\"contentUrl\":\"https:\/\/www.ohis.be\/wp-content\/uploads\/2021\/02\/logo-ohis-wit.svg\",\"width\":169,\"height\":39,\"caption\":\"Ohis\"},\"image\":{\"@id\":\"https:\/\/www.ohis.be\/#\/schema\/logo\/image\/\"}}]}<\/script>\n<!-- \/ Yoast SEO plugin. -->","yoast_head_json":{"title":"HTP Rollfahrwerk - Ohis","robots":{"index":"index","follow":"follow","max-snippet":"max-snippet:-1","max-image-preview":"max-image-preview:large","max-video-preview":"max-video-preview:-1"},"canonical":"https:\/\/www.ohis.be\/de\/produit\/htp-rollfahrwerk\/","og_locale":"de_DE","og_type":"article","og_title":"HTP Rollfahrwerk - Ohis","og_description":"Tragf\u00e4higkeit 500 - 50.000 kg Fahrwerke dienen dem genauen Positionieren und leichten Verfahren gr\u00f6\u00dferer Lasten in Verbindung mit einem Hand- oder Elektrohebezeug.  Ausstattung und Verarbeitung \u2022 Kugelgelagerte Laufrollen, gekapselt und dauergeschmiert, f\u00fcr optimale Laufeigenschaften. \u2022 Die Modelle sind f\u00fcr einen weiten Tr\u00e4gerbereich und verschiedene Profile (z. B. INP, IPE und IPB) einstellbar. \u2022 Die Vor- und Feineinstellung dazu erfolgt durch Drehen der \u00d6sentraverse, die f\u00fcr die zentrische Aufh\u00e4ngung des Hebezeuges sorgt und so seitliches Wandern auf dem Tr\u00e4ger verhindert (bis Tragf\u00e4higkeit 5.000 kg, ab 8.000 kg wird die Traverse \u00fcber H\u00fclse und Scheiben justiert). \u2022 Die Laufrollen sind f\u00fcr eine maximale Neigung des Tr\u00e4gerflansches von 14 % ausgelegt (DIN 1025-1).     Optional bis Tragf\u00e4higkeit 20.000 kg: \u2022 Schwenkbare Handkettenf\u00fchrung. \u2022 Rost- und s\u00e4urebest\u00e4ndige Handketten. \u2022 Feststellvorrichtung zum Fixieren des Handfahrwerks auf dem Tr\u00e4ger ohne Last (Parkposition z. B. in der Schifffahrt). \u2022 Korrosionsgesch\u00fctzte Ausf\u00fchrung mit Hochtemperaturlager bis +350 \u00b0C, beim Einsatz solcher Lager wird die Traglast auf 80% der Nenntragf\u00e4higkeit reduziert.  alle Tragf\u00e4higkeiten: \u2022 Anfahrpuffer","og_url":"https:\/\/www.ohis.be\/de\/produit\/htp-rollfahrwerk\/","og_site_name":"Ohis","og_image":[{"width":525,"height":224,"url":"https:\/\/www.ohis.be\/wp-content\/uploads\/2022\/12\/yale-htp.jpg","type":"image\/jpeg"}],"twitter_card":"summary_large_image","twitter_misc":{"Gesch\u00e4tzte Lesezeit":"1\u00a0Minute"},"schema":{"@context":"https:\/\/schema.org","@graph":[{"@type":"WebPage","@id":"https:\/\/www.ohis.be\/de\/produit\/htp-rollfahrwerk\/","url":"https:\/\/www.ohis.be\/de\/produit\/htp-rollfahrwerk\/","name":"HTP Rollfahrwerk - Ohis","isPartOf":{"@id":"https:\/\/www.ohis.be\/#website"},"primaryImageOfPage":{"@id":"https:\/\/www.ohis.be\/de\/produit\/htp-rollfahrwerk\/#primaryimage"},"image":{"@id":"https:\/\/www.ohis.be\/de\/produit\/htp-rollfahrwerk\/#primaryimage"},"thumbnailUrl":"https:\/\/www.ohis.be\/wp-content\/uploads\/2022\/12\/yale-htp.jpg","datePublished":"2022-12-14T08:13:24+00:00","breadcrumb":{"@id":"https:\/\/www.ohis.be\/de\/produit\/htp-rollfahrwerk\/#breadcrumb"},"inLanguage":"de","potentialAction":[{"@type":"ReadAction","target":["https:\/\/www.ohis.be\/de\/produit\/htp-rollfahrwerk\/"]}]},{"@type":"ImageObject","inLanguage":"de","@id":"https:\/\/www.ohis.be\/de\/produit\/htp-rollfahrwerk\/#primaryimage","url":"https:\/\/www.ohis.be\/wp-content\/uploads\/2022\/12\/yale-htp.jpg","contentUrl":"https:\/\/www.ohis.be\/wp-content\/uploads\/2022\/12\/yale-htp.jpg","width":525,"height":224,"caption":"&amp;#x05;4.0.3"},{"@type":"BreadcrumbList","@id":"https:\/\/www.ohis.be\/de\/produit\/htp-rollfahrwerk\/#breadcrumb","itemListElement":[{"@type":"ListItem","position":1,"name":"Accueil","item":"https:\/\/www.ohis.be\/de\/"},{"@type":"ListItem","position":2,"name":"Produkte","item":"https:\/\/www.ohis.be\/de\/produkte\/"},{"@type":"ListItem","position":3,"name":"HTP Rollfahrwerk"}]},{"@type":"WebSite","@id":"https:\/\/www.ohis.be\/#website","url":"https:\/\/www.ohis.be\/","name":"Ohis","description":"Outils de levage","publisher":{"@id":"https:\/\/www.ohis.be\/#organization"},"potentialAction":[{"@type":"SearchAction","target":{"@type":"EntryPoint","urlTemplate":"https:\/\/www.ohis.be\/?s={search_term_string}"},"query-input":{"@type":"PropertyValueSpecification","valueRequired":true,"valueName":"search_term_string"}}],"inLanguage":"de"},{"@type":"Organization","@id":"https:\/\/www.ohis.be\/#organization","name":"Ohis","url":"https:\/\/www.ohis.be\/","logo":{"@type":"ImageObject","inLanguage":"de","@id":"https:\/\/www.ohis.be\/#\/schema\/logo\/image\/","url":"https:\/\/www.ohis.be\/wp-content\/uploads\/2021\/02\/logo-ohis-wit.svg","contentUrl":"https:\/\/www.ohis.be\/wp-content\/uploads\/2021\/02\/logo-ohis-wit.svg","width":169,"height":39,"caption":"Ohis"},"image":{"@id":"https:\/\/www.ohis.be\/#\/schema\/logo\/image\/"}}]}},"_links":{"self":[{"href":"https:\/\/www.ohis.be\/de\/wp-json\/wp\/v2\/product\/34292","targetHints":{"allow":["GET"]}}],"collection":[{"href":"https:\/\/www.ohis.be\/de\/wp-json\/wp\/v2\/product"}],"about":[{"href":"https:\/\/www.ohis.be\/de\/wp-json\/wp\/v2\/types\/product"}],"wp:featuredmedia":[{"embeddable":true,"href":"https:\/\/www.ohis.be\/de\/wp-json\/wp\/v2\/media\/19016"}],"wp:attachment":[{"href":"https:\/\/www.ohis.be\/de\/wp-json\/wp\/v2\/media?parent=34292"}],"wp:term":[{"taxonomy":"product_brand","embeddable":true,"href":"https:\/\/www.ohis.be\/de\/wp-json\/wp\/v2\/product_brand?post=34292"},{"taxonomy":"product_cat","embeddable":true,"href":"https:\/\/www.ohis.be\/de\/wp-json\/wp\/v2\/product_cat?post=34292"},{"taxonomy":"product_tag","embeddable":true,"href":"https:\/\/www.ohis.be\/de\/wp-json\/wp\/v2\/product_tag?post=34292"}],"curies":[{"name":"wp","href":"https:\/\/api.w.org\/{rel}","templated":true}]}}