{"id":34239,"date":"2022-12-14T09:43:37","date_gmt":"2022-12-14T08:43:37","guid":{"rendered":"https:\/\/www.ohis.be\/produit\/htg-atex-haspelfahrwerk\/"},"modified":"2022-12-14T09:43:37","modified_gmt":"2022-12-14T08:43:37","slug":"htg-atex-haspelfahrwerk","status":"publish","type":"product","link":"https:\/\/www.ohis.be\/de\/produit\/htg-atex-haspelfahrwerk\/","title":{"rendered":"HTG ATEX Haspelfahrwerk"},"content":{"rendered":"<p>Tragf\u00e4higkeit 500 &#8211; 20.000 kg<br \/>\nFahrwerke dienen dem genauen Positionieren und leichten Verfahren gr\u00f6\u00dferer Lasten in Verbindung mit einem Hand- oder Elektrohebezeug.<\/p>\n<div id=\"features-benefits\" class=\"pdp-section\" data-accordion-item=\"\" data-section-name=\"Eigenschaften und Vorteile\" data-magellan-target=\"features-benefits\">\n<div id=\"gic3bf-accordion\" class=\"pdp-section__wrap\" role=\"tabpanel\" data-tab-content=\"\" aria-labelledby=\"features-benefits-label\" aria-hidden=\"true\">\n<section class=\"component rte-block\"><strong>Ausstattung und Verarbeitung<\/strong><\/p>\n<ul>\n<li>Die Laufrollen sind f\u00fcr eine maximale Neigung des Tr\u00e4gerflansches von 14 % ausgelegt (DIN 1025 1), optimale Laufeigenschaften werden durch gekapselte und dauergeschmierte Kugellager garantiert.<\/li>\n<li>Die Modelle sind f\u00fcr einen weiten Tr\u00e4gerbereich und verschiedene Profile (z. B. INP, IPE und IPB) einstellbar.<\/li>\n<li>Die Vor- und Feineinstellung dazu erfolgt durch Drehen der \u00d6sentraverse, die f\u00fcr die zentrische Aufh\u00e4ngung des Hebezeuges sorgt und so seitliches Wandern auf dem Tr\u00e4ger verhindert.<\/li>\n<li>Ex-Ausf\u00fchrung MKS-beschichtet.<\/li>\n<li>Fahrwerk mit Anfahrpuffern.<\/li>\n<li>Edelstahl-Handkette bei HTG Ausf\u00fchrung.<\/li>\n<\/ul>\n<\/section>\n<\/div>\n<\/div>\n<div id=\"options\" class=\"pdp-section\" data-accordion-item=\"\" data-section-name=\"Optionen\" data-magellan-target=\"options\">\n<div id=\"pvyazy-accordion\" class=\"pdp-section__wrap\" role=\"tabpanel\" data-tab-content=\"\" aria-labelledby=\"options-label\" aria-hidden=\"true\">\n<section class=\"component rte-block\"><strong>Optional<\/strong><\/p>\n<ul>\n<li>Feststellvorrichtung zum Fixieren des Handfahrwerks auf dem Tr\u00e4ger ohne Last (Parkposition z. B. in der Schifffahrt).<\/li>\n<\/ul>\n<\/section>\n<\/div>\n<\/div>\n","protected":false},"excerpt":{"rendered":"<p>Tragf\u00e4higkeit 500 &#8211; 20.000 kg<br \/>\nFahrwerke dienen dem genauen Positionieren und leichten Verfahren gr\u00f6\u00dferer Lasten in Verbindung mit einem Hand- oder Elektrohebezeug.<\/p>\n<div id=\"features-benefits\" class=\"pdp-section\" data-accordion-item=\"\" data-section-name=\"Eigenschaften und Vorteile\" data-magellan-target=\"features-benefits\">\n<div id=\"gic3bf-accordion\" class=\"pdp-section__wrap\" role=\"tabpanel\" data-tab-content=\"\" aria-labelledby=\"features-benefits-label\" aria-hidden=\"true\">\n<section class=\"component rte-block\"><strong>Ausstattung und Verarbeitung<\/strong><\/p>\n<ul>\n<li>Die Laufrollen sind f\u00fcr eine maximale Neigung des Tr\u00e4gerflansches von 14 % ausgelegt (DIN 1025 1), optimale Laufeigenschaften werden durch gekapselte und dauergeschmierte Kugellager garantiert.<\/li>\n<li>Die Modelle sind f\u00fcr einen weiten Tr\u00e4gerbereich und verschiedene Profile (z. B. INP, IPE und IPB) einstellbar.<\/li>\n<li>Die Vor- und Feineinstellung dazu erfolgt durch Drehen der \u00d6sentraverse, die f\u00fcr die zentrische Aufh\u00e4ngung des Hebezeuges sorgt und so seitliches Wandern auf dem Tr\u00e4ger verhindert.<\/li>\n<li>Ex-Ausf\u00fchrung MKS-beschichtet.<\/li>\n<li>Fahrwerk mit Anfahrpuffern.<\/li>\n<li>Edelstahl-Handkette bei HTG Ausf\u00fchrung.<\/li>\n<\/ul>\n<\/section>\n<\/div>\n<\/div>\n<div id=\"options\" class=\"pdp-section\" data-accordion-item=\"\" data-section-name=\"Optionen\" data-magellan-target=\"options\">\n<div id=\"pvyazy-accordion\" class=\"pdp-section__wrap\" role=\"tabpanel\" data-tab-content=\"\" aria-labelledby=\"options-label\" aria-hidden=\"true\">\n<section class=\"component rte-block\"><strong>Optional<\/strong><\/p>\n<ul>\n<li>Feststellvorrichtung zum Fixieren des Handfahrwerks auf dem Tr\u00e4ger ohne Last (Parkposition z. B. in der Schifffahrt).<\/li>\n<\/ul>\n<\/section>\n<\/div>\n<\/div>\n","protected":false},"featured_media":19063,"template":"","meta":{"_acf_changed":false,"inline_featured_image":false},"product_brand":[],"product_cat":[81],"product_tag":[1049,705],"class_list":{"0":"post-34239","1":"product","2":"type-product","3":"status-publish","4":"has-post-thumbnail","6":"product_cat-ersatzteile","7":"product_tag-atex-de","8":"product_tag-yale-de","10":"first","11":"onbackorder","12":"taxable","13":"shipping-taxable","14":"purchasable","15":"product-type-variable"},"acf":[],"yoast_head":"<!-- This site is optimized with the Yoast SEO plugin v27.3 - https:\/\/yoast.com\/product\/yoast-seo-wordpress\/ -->\n<title>HTG ATEX Haspelfahrwerk - Ohis<\/title>\n<meta name=\"robots\" content=\"index, follow, max-snippet:-1, max-image-preview:large, max-video-preview:-1\" \/>\n<link rel=\"canonical\" href=\"https:\/\/www.ohis.be\/de\/produit\/htg-atex-haspelfahrwerk\/\" \/>\n<meta property=\"og:locale\" content=\"de_DE\" \/>\n<meta property=\"og:type\" content=\"article\" \/>\n<meta property=\"og:title\" content=\"HTG ATEX Haspelfahrwerk - Ohis\" \/>\n<meta property=\"og:description\" content=\"Tragf\u00e4higkeit 500 - 20.000 kg Fahrwerke dienen dem genauen Positionieren und leichten Verfahren gr\u00f6\u00dferer Lasten in Verbindung mit einem Hand- oder Elektrohebezeug.  Ausstattung und Verarbeitung   Die Laufrollen sind f\u00fcr eine maximale Neigung des Tr\u00e4gerflansches von 14 % ausgelegt (DIN 1025 1), optimale Laufeigenschaften werden durch gekapselte und dauergeschmierte Kugellager garantiert.  Die Modelle sind f\u00fcr einen weiten Tr\u00e4gerbereich und verschiedene Profile (z. B. INP, IPE und IPB) einstellbar.  Die Vor- und Feineinstellung dazu erfolgt durch Drehen der \u00d6sentraverse, die f\u00fcr die zentrische Aufh\u00e4ngung des Hebezeuges sorgt und so seitliches Wandern auf dem Tr\u00e4ger verhindert.  Ex-Ausf\u00fchrung MKS-beschichtet.  Fahrwerk mit Anfahrpuffern.  Edelstahl-Handkette bei HTG Ausf\u00fchrung.     Optional   Feststellvorrichtung zum Fixieren des Handfahrwerks auf dem Tr\u00e4ger ohne Last (Parkposition z. B. in der Schifffahrt).\" \/>\n<meta property=\"og:url\" content=\"https:\/\/www.ohis.be\/de\/produit\/htg-atex-haspelfahrwerk\/\" \/>\n<meta property=\"og:site_name\" content=\"Ohis\" \/>\n<meta property=\"og:image\" content=\"https:\/\/www.ohis.be\/wp-content\/uploads\/2022\/12\/yale-htg-atex.jpg\" \/>\n\t<meta property=\"og:image:width\" content=\"525\" \/>\n\t<meta property=\"og:image:height\" content=\"352\" \/>\n\t<meta property=\"og:image:type\" content=\"image\/jpeg\" \/>\n<meta name=\"twitter:card\" content=\"summary_large_image\" \/>\n<meta name=\"twitter:label1\" content=\"Gesch\u00e4tzte Lesezeit\" \/>\n\t<meta name=\"twitter:data1\" content=\"1\u00a0Minute\" \/>\n<script type=\"application\/ld+json\" class=\"yoast-schema-graph\">{\"@context\":\"https:\\\/\\\/schema.org\",\"@graph\":[{\"@type\":\"WebPage\",\"@id\":\"https:\\\/\\\/www.ohis.be\\\/de\\\/produit\\\/htg-atex-haspelfahrwerk\\\/\",\"url\":\"https:\\\/\\\/www.ohis.be\\\/de\\\/produit\\\/htg-atex-haspelfahrwerk\\\/\",\"name\":\"HTG ATEX Haspelfahrwerk - Ohis\",\"isPartOf\":{\"@id\":\"https:\\\/\\\/www.ohis.be\\\/#website\"},\"primaryImageOfPage\":{\"@id\":\"https:\\\/\\\/www.ohis.be\\\/de\\\/produit\\\/htg-atex-haspelfahrwerk\\\/#primaryimage\"},\"image\":{\"@id\":\"https:\\\/\\\/www.ohis.be\\\/de\\\/produit\\\/htg-atex-haspelfahrwerk\\\/#primaryimage\"},\"thumbnailUrl\":\"https:\\\/\\\/www.ohis.be\\\/wp-content\\\/uploads\\\/2022\\\/12\\\/yale-htg-atex.jpg\",\"datePublished\":\"2022-12-14T08:43:37+00:00\",\"breadcrumb\":{\"@id\":\"https:\\\/\\\/www.ohis.be\\\/de\\\/produit\\\/htg-atex-haspelfahrwerk\\\/#breadcrumb\"},\"inLanguage\":\"de\",\"potentialAction\":[{\"@type\":\"ReadAction\",\"target\":[\"https:\\\/\\\/www.ohis.be\\\/de\\\/produit\\\/htg-atex-haspelfahrwerk\\\/\"]}]},{\"@type\":\"ImageObject\",\"inLanguage\":\"de\",\"@id\":\"https:\\\/\\\/www.ohis.be\\\/de\\\/produit\\\/htg-atex-haspelfahrwerk\\\/#primaryimage\",\"url\":\"https:\\\/\\\/www.ohis.be\\\/wp-content\\\/uploads\\\/2022\\\/12\\\/yale-htg-atex.jpg\",\"contentUrl\":\"https:\\\/\\\/www.ohis.be\\\/wp-content\\\/uploads\\\/2022\\\/12\\\/yale-htg-atex.jpg\",\"width\":525,\"height\":352,\"caption\":\"yale-htg-atex\"},{\"@type\":\"BreadcrumbList\",\"@id\":\"https:\\\/\\\/www.ohis.be\\\/de\\\/produit\\\/htg-atex-haspelfahrwerk\\\/#breadcrumb\",\"itemListElement\":[{\"@type\":\"ListItem\",\"position\":1,\"name\":\"Accueil\",\"item\":\"https:\\\/\\\/www.ohis.be\\\/de\\\/\"},{\"@type\":\"ListItem\",\"position\":2,\"name\":\"Produkte\",\"item\":\"https:\\\/\\\/www.ohis.be\\\/de\\\/produkte\\\/\"},{\"@type\":\"ListItem\",\"position\":3,\"name\":\"HTG ATEX Haspelfahrwerk\"}]},{\"@type\":\"WebSite\",\"@id\":\"https:\\\/\\\/www.ohis.be\\\/#website\",\"url\":\"https:\\\/\\\/www.ohis.be\\\/\",\"name\":\"Ohis\",\"description\":\"Outils de levage\",\"publisher\":{\"@id\":\"https:\\\/\\\/www.ohis.be\\\/#organization\"},\"potentialAction\":[{\"@type\":\"SearchAction\",\"target\":{\"@type\":\"EntryPoint\",\"urlTemplate\":\"https:\\\/\\\/www.ohis.be\\\/?s={search_term_string}\"},\"query-input\":{\"@type\":\"PropertyValueSpecification\",\"valueRequired\":true,\"valueName\":\"search_term_string\"}}],\"inLanguage\":\"de\"},{\"@type\":\"Organization\",\"@id\":\"https:\\\/\\\/www.ohis.be\\\/#organization\",\"name\":\"Ohis\",\"url\":\"https:\\\/\\\/www.ohis.be\\\/\",\"logo\":{\"@type\":\"ImageObject\",\"inLanguage\":\"de\",\"@id\":\"https:\\\/\\\/www.ohis.be\\\/#\\\/schema\\\/logo\\\/image\\\/\",\"url\":\"https:\\\/\\\/www.ohis.be\\\/wp-content\\\/uploads\\\/2021\\\/02\\\/logo-ohis-wit.svg\",\"contentUrl\":\"https:\\\/\\\/www.ohis.be\\\/wp-content\\\/uploads\\\/2021\\\/02\\\/logo-ohis-wit.svg\",\"width\":169,\"height\":39,\"caption\":\"Ohis\"},\"image\":{\"@id\":\"https:\\\/\\\/www.ohis.be\\\/#\\\/schema\\\/logo\\\/image\\\/\"}}]}<\/script>\n<!-- \/ Yoast SEO plugin. -->","yoast_head_json":{"title":"HTG ATEX Haspelfahrwerk - Ohis","robots":{"index":"index","follow":"follow","max-snippet":"max-snippet:-1","max-image-preview":"max-image-preview:large","max-video-preview":"max-video-preview:-1"},"canonical":"https:\/\/www.ohis.be\/de\/produit\/htg-atex-haspelfahrwerk\/","og_locale":"de_DE","og_type":"article","og_title":"HTG ATEX Haspelfahrwerk - Ohis","og_description":"Tragf\u00e4higkeit 500 - 20.000 kg Fahrwerke dienen dem genauen Positionieren und leichten Verfahren gr\u00f6\u00dferer Lasten in Verbindung mit einem Hand- oder Elektrohebezeug.  Ausstattung und Verarbeitung   Die Laufrollen sind f\u00fcr eine maximale Neigung des Tr\u00e4gerflansches von 14 % ausgelegt (DIN 1025 1), optimale Laufeigenschaften werden durch gekapselte und dauergeschmierte Kugellager garantiert.  Die Modelle sind f\u00fcr einen weiten Tr\u00e4gerbereich und verschiedene Profile (z. B. INP, IPE und IPB) einstellbar.  Die Vor- und Feineinstellung dazu erfolgt durch Drehen der \u00d6sentraverse, die f\u00fcr die zentrische Aufh\u00e4ngung des Hebezeuges sorgt und so seitliches Wandern auf dem Tr\u00e4ger verhindert.  Ex-Ausf\u00fchrung MKS-beschichtet.  Fahrwerk mit Anfahrpuffern.  Edelstahl-Handkette bei HTG Ausf\u00fchrung.     Optional   Feststellvorrichtung zum Fixieren des Handfahrwerks auf dem Tr\u00e4ger ohne Last (Parkposition z. B. in der Schifffahrt).","og_url":"https:\/\/www.ohis.be\/de\/produit\/htg-atex-haspelfahrwerk\/","og_site_name":"Ohis","og_image":[{"width":525,"height":352,"url":"https:\/\/www.ohis.be\/wp-content\/uploads\/2022\/12\/yale-htg-atex.jpg","type":"image\/jpeg"}],"twitter_card":"summary_large_image","twitter_misc":{"Gesch\u00e4tzte Lesezeit":"1\u00a0Minute"},"schema":{"@context":"https:\/\/schema.org","@graph":[{"@type":"WebPage","@id":"https:\/\/www.ohis.be\/de\/produit\/htg-atex-haspelfahrwerk\/","url":"https:\/\/www.ohis.be\/de\/produit\/htg-atex-haspelfahrwerk\/","name":"HTG ATEX Haspelfahrwerk - Ohis","isPartOf":{"@id":"https:\/\/www.ohis.be\/#website"},"primaryImageOfPage":{"@id":"https:\/\/www.ohis.be\/de\/produit\/htg-atex-haspelfahrwerk\/#primaryimage"},"image":{"@id":"https:\/\/www.ohis.be\/de\/produit\/htg-atex-haspelfahrwerk\/#primaryimage"},"thumbnailUrl":"https:\/\/www.ohis.be\/wp-content\/uploads\/2022\/12\/yale-htg-atex.jpg","datePublished":"2022-12-14T08:43:37+00:00","breadcrumb":{"@id":"https:\/\/www.ohis.be\/de\/produit\/htg-atex-haspelfahrwerk\/#breadcrumb"},"inLanguage":"de","potentialAction":[{"@type":"ReadAction","target":["https:\/\/www.ohis.be\/de\/produit\/htg-atex-haspelfahrwerk\/"]}]},{"@type":"ImageObject","inLanguage":"de","@id":"https:\/\/www.ohis.be\/de\/produit\/htg-atex-haspelfahrwerk\/#primaryimage","url":"https:\/\/www.ohis.be\/wp-content\/uploads\/2022\/12\/yale-htg-atex.jpg","contentUrl":"https:\/\/www.ohis.be\/wp-content\/uploads\/2022\/12\/yale-htg-atex.jpg","width":525,"height":352,"caption":"yale-htg-atex"},{"@type":"BreadcrumbList","@id":"https:\/\/www.ohis.be\/de\/produit\/htg-atex-haspelfahrwerk\/#breadcrumb","itemListElement":[{"@type":"ListItem","position":1,"name":"Accueil","item":"https:\/\/www.ohis.be\/de\/"},{"@type":"ListItem","position":2,"name":"Produkte","item":"https:\/\/www.ohis.be\/de\/produkte\/"},{"@type":"ListItem","position":3,"name":"HTG ATEX Haspelfahrwerk"}]},{"@type":"WebSite","@id":"https:\/\/www.ohis.be\/#website","url":"https:\/\/www.ohis.be\/","name":"Ohis","description":"Outils de levage","publisher":{"@id":"https:\/\/www.ohis.be\/#organization"},"potentialAction":[{"@type":"SearchAction","target":{"@type":"EntryPoint","urlTemplate":"https:\/\/www.ohis.be\/?s={search_term_string}"},"query-input":{"@type":"PropertyValueSpecification","valueRequired":true,"valueName":"search_term_string"}}],"inLanguage":"de"},{"@type":"Organization","@id":"https:\/\/www.ohis.be\/#organization","name":"Ohis","url":"https:\/\/www.ohis.be\/","logo":{"@type":"ImageObject","inLanguage":"de","@id":"https:\/\/www.ohis.be\/#\/schema\/logo\/image\/","url":"https:\/\/www.ohis.be\/wp-content\/uploads\/2021\/02\/logo-ohis-wit.svg","contentUrl":"https:\/\/www.ohis.be\/wp-content\/uploads\/2021\/02\/logo-ohis-wit.svg","width":169,"height":39,"caption":"Ohis"},"image":{"@id":"https:\/\/www.ohis.be\/#\/schema\/logo\/image\/"}}]}},"_links":{"self":[{"href":"https:\/\/www.ohis.be\/de\/wp-json\/wp\/v2\/product\/34239","targetHints":{"allow":["GET"]}}],"collection":[{"href":"https:\/\/www.ohis.be\/de\/wp-json\/wp\/v2\/product"}],"about":[{"href":"https:\/\/www.ohis.be\/de\/wp-json\/wp\/v2\/types\/product"}],"wp:featuredmedia":[{"embeddable":true,"href":"https:\/\/www.ohis.be\/de\/wp-json\/wp\/v2\/media\/19063"}],"wp:attachment":[{"href":"https:\/\/www.ohis.be\/de\/wp-json\/wp\/v2\/media?parent=34239"}],"wp:term":[{"taxonomy":"product_brand","embeddable":true,"href":"https:\/\/www.ohis.be\/de\/wp-json\/wp\/v2\/product_brand?post=34239"},{"taxonomy":"product_cat","embeddable":true,"href":"https:\/\/www.ohis.be\/de\/wp-json\/wp\/v2\/product_cat?post=34239"},{"taxonomy":"product_tag","embeddable":true,"href":"https:\/\/www.ohis.be\/de\/wp-json\/wp\/v2\/product_tag?post=34239"}],"curies":[{"name":"wp","href":"https:\/\/api.w.org\/{rel}","templated":true}]}}