{"id":34176,"date":"2022-12-14T10:28:06","date_gmt":"2022-12-14T09:28:06","guid":{"rendered":"https:\/\/www.ohis.be\/produit\/elektrischer-trolley-yale-vte-u-vtef-u\/"},"modified":"2022-12-14T10:28:06","modified_gmt":"2022-12-14T09:28:06","slug":"elektrischer-trolley-yale-vte-u-vtef-u","status":"publish","type":"product","link":"https:\/\/www.ohis.be\/de\/produit\/elektrischer-trolley-yale-vte-u-vtef-u\/","title":{"rendered":"Elektrischer Trolley Yale VTE-U\/VTEF-U"},"content":{"rendered":"<p>Tragf\u00e4higkeit 1.000 &#8211; 5.000 kg<br \/>\nElektrofahrwerke werden besonders f\u00fcr Lasten \u00fcber 1.000 kg, bei Transporten \u00fcber l\u00e4ngere Distanzen bzw. h\u00e4ufigem Einsatz empfohlen.<br \/>\nAufgrund der universellen Sch\u00e4kelanbindung sind sie f\u00fcr nahezu alle Hebezeuge mit Traghaken verwendbar. Ein gleichm\u00e4\u00dfiges Anfahren und selbstt\u00e4tiges Abbremsen des Fahrwerks wird durch den Antrieb \u00fcber ein Schneckengetriebe gew\u00e4hrleistet. Eine Motorbremse ist daher nicht erforderlich.<\/p>\n<div id=\"features-benefits\" class=\"pdp-section\" data-accordion-item=\"\" data-section-name=\"Eigenschaften und Vorteile\" data-magellan-target=\"features-benefits\">\n<div id=\"n2homu-accordion\" class=\"pdp-section__wrap\" role=\"tabpanel\" data-tab-content=\"\" aria-labelledby=\"features-benefits-label\" aria-hidden=\"true\">\n<section class=\"component rte-block\"><strong>Ausstattung und Verarbeitung<\/strong><br \/>\n\u2022 Standard Betriebsspannung: Eurospannung 400 V, 3 Phasen, 50 Hz. Eingeschwindigkeitsmotoren sind auf 230 V, 3 Phasen umzuverdrahten.<br \/>\n\u2022 Motoren in Schutzart IP 55 gegen Eindringen von Staub und Strahlwasser. Gekapselter Steuerschalter in Schutzart IP 65 Ausf\u00fchrung.<br \/>\n\u2022 Kompakter verwindungssteifer Rahmen mit niedriger Bauh\u00f6he.<br \/>\n\u2022 Laufr\u00e4der aus bruchsicherem Stahl. Ruhiger Lauf durch mechanisch bearbeitete Oberfl\u00e4che und Kugellagerung. Durch balliges Profil f\u00fcr parallele und geneigte Flansche geeignet.<br \/>\n\u2022 Kippsicherung und Radbruchst\u00fctzen sind serienm\u00e4\u00dfig.<br \/>\n\u2022 Einfach einstellbar f\u00fcr einen weiten Bereich von Tr\u00e4gerflanschbreiten und Profiltypen durch Gewindespindel.<\/p>\n<\/section>\n<\/div>\n<\/div>\n<div id=\"options\" class=\"pdp-section\" data-accordion-item=\"\" data-section-name=\"Optionen\" data-magellan-target=\"options\">\n<div id=\"bqwe2x-accordion\" class=\"pdp-section__wrap\" role=\"tabpanel\" data-tab-content=\"\" aria-labelledby=\"options-label\" aria-hidden=\"true\">\n<section class=\"component rte-block\"><strong>Optional<\/strong><br \/>\n\u2022 Sch\u00fctzsteuerung 42 V<br \/>\n\u2022 Gummipuffer<br \/>\n\u2022 230 V, 1 Ph, 50 Hz<\/p>\n<\/section>\n<\/div>\n<\/div>\n","protected":false},"excerpt":{"rendered":"<p>Tragf\u00e4higkeit 1.000 &#8211; 5.000 kg<br \/>\nElektrofahrwerke werden besonders f\u00fcr Lasten \u00fcber 1.000 kg, bei Transporten \u00fcber l\u00e4ngere Distanzen bzw. h\u00e4ufigem Einsatz empfohlen.<br \/>\nAufgrund der universellen Sch\u00e4kelanbindung sind sie f\u00fcr nahezu alle Hebezeuge mit Traghaken verwendbar. Ein gleichm\u00e4\u00dfiges Anfahren und selbstt\u00e4tiges Abbremsen des Fahrwerks wird durch den Antrieb \u00fcber ein Schneckengetriebe gew\u00e4hrleistet. Eine Motorbremse ist daher nicht erforderlich.<\/p>\n<div id=\"features-benefits\" class=\"pdp-section\" data-accordion-item=\"\" data-section-name=\"Eigenschaften und Vorteile\" data-magellan-target=\"features-benefits\">\n<div id=\"n2homu-accordion\" class=\"pdp-section__wrap\" role=\"tabpanel\" data-tab-content=\"\" aria-labelledby=\"features-benefits-label\" aria-hidden=\"true\">\n<section class=\"component rte-block\"><strong>Ausstattung und Verarbeitung<\/strong><br \/>\n\u2022 Standard Betriebsspannung: Eurospannung 400 V, 3 Phasen, 50 Hz. Eingeschwindigkeitsmotoren sind auf 230 V, 3 Phasen umzuverdrahten.<br \/>\n\u2022 Motoren in Schutzart IP 55 gegen Eindringen von Staub und Strahlwasser. Gekapselter Steuerschalter in Schutzart IP 65 Ausf\u00fchrung.<br \/>\n\u2022 Kompakter verwindungssteifer Rahmen mit niedriger Bauh\u00f6he.<br \/>\n\u2022 Laufr\u00e4der aus bruchsicherem Stahl. Ruhiger Lauf durch mechanisch bearbeitete Oberfl\u00e4che und Kugellagerung. Durch balliges Profil f\u00fcr parallele und geneigte Flansche geeignet.<br \/>\n\u2022 Kippsicherung und Radbruchst\u00fctzen sind serienm\u00e4\u00dfig.<br \/>\n\u2022 Einfach einstellbar f\u00fcr einen weiten Bereich von Tr\u00e4gerflanschbreiten und Profiltypen durch Gewindespindel.<\/p>\n<\/section>\n<\/div>\n<\/div>\n<div id=\"options\" class=\"pdp-section\" data-accordion-item=\"\" data-section-name=\"Optionen\" data-magellan-target=\"options\">\n<div id=\"bqwe2x-accordion\" class=\"pdp-section__wrap\" role=\"tabpanel\" data-tab-content=\"\" aria-labelledby=\"options-label\" aria-hidden=\"true\">\n<section class=\"component rte-block\"><strong>Optional<\/strong><br \/>\n\u2022 Sch\u00fctzsteuerung 42 V<br \/>\n\u2022 Gummipuffer<br \/>\n\u2022 230 V, 1 Ph, 50 Hz<\/p>\n<\/section>\n<\/div>\n<\/div>\n","protected":false},"featured_media":19114,"template":"","meta":{"_acf_changed":false,"inline_featured_image":false},"product_brand":[],"product_cat":[325],"product_tag":[705],"class_list":{"0":"post-34176","1":"product","2":"type-product","3":"status-publish","4":"has-post-thumbnail","6":"product_cat-accesoires-de","7":"product_tag-yale-de","9":"first","10":"onbackorder","11":"taxable","12":"shipping-taxable","13":"purchasable","14":"product-type-variable"},"acf":[],"yoast_head":"<!-- This site is optimized with the Yoast SEO plugin v27.4 - https:\/\/yoast.com\/product\/yoast-seo-wordpress\/ -->\n<title>Elektrischer Trolley Yale VTE-U\/VTEF-U - Ohis<\/title>\n<meta name=\"robots\" content=\"index, follow, max-snippet:-1, max-image-preview:large, max-video-preview:-1\" \/>\n<link rel=\"canonical\" href=\"https:\/\/www.ohis.be\/de\/produit\/elektrischer-trolley-yale-vte-u-vtef-u\/\" \/>\n<meta property=\"og:locale\" content=\"de_DE\" \/>\n<meta property=\"og:type\" content=\"article\" \/>\n<meta property=\"og:title\" content=\"Elektrischer Trolley Yale VTE-U\/VTEF-U - Ohis\" \/>\n<meta property=\"og:description\" content=\"Tragf\u00e4higkeit 1.000 - 5.000 kg Elektrofahrwerke werden besonders f\u00fcr Lasten \u00fcber 1.000 kg, bei Transporten \u00fcber l\u00e4ngere Distanzen bzw. h\u00e4ufigem Einsatz empfohlen. Aufgrund der universellen Sch\u00e4kelanbindung sind sie f\u00fcr nahezu alle Hebezeuge mit Traghaken verwendbar. Ein gleichm\u00e4\u00dfiges Anfahren und selbstt\u00e4tiges Abbremsen des Fahrwerks wird durch den Antrieb \u00fcber ein Schneckengetriebe gew\u00e4hrleistet. Eine Motorbremse ist daher nicht erforderlich.  Ausstattung und Verarbeitung \u2022 Standard Betriebsspannung: Eurospannung 400 V, 3 Phasen, 50 Hz. Eingeschwindigkeitsmotoren sind auf 230 V, 3 Phasen umzuverdrahten. \u2022 Motoren in Schutzart IP 55 gegen Eindringen von Staub und Strahlwasser. Gekapselter Steuerschalter in Schutzart IP 65 Ausf\u00fchrung. \u2022 Kompakter verwindungssteifer Rahmen mit niedriger Bauh\u00f6he. \u2022 Laufr\u00e4der aus bruchsicherem Stahl. Ruhiger Lauf durch mechanisch bearbeitete Oberfl\u00e4che und Kugellagerung. Durch balliges Profil f\u00fcr parallele und geneigte Flansche geeignet. \u2022 Kippsicherung und Radbruchst\u00fctzen sind serienm\u00e4\u00dfig. \u2022 Einfach einstellbar f\u00fcr einen weiten Bereich von Tr\u00e4gerflanschbreiten und Profiltypen durch Gewindespindel.     Optional \u2022 Sch\u00fctzsteuerung 42 V \u2022 Gummipuffer \u2022 230 V, 1 Ph, 50 Hz\" \/>\n<meta property=\"og:url\" content=\"https:\/\/www.ohis.be\/de\/produit\/elektrischer-trolley-yale-vte-u-vtef-u\/\" \/>\n<meta property=\"og:site_name\" content=\"Ohis\" \/>\n<meta property=\"og:image\" content=\"https:\/\/www.ohis.be\/wp-content\/uploads\/2022\/12\/yale-vte-u.jpg\" \/>\n\t<meta property=\"og:image:width\" content=\"525\" \/>\n\t<meta property=\"og:image:height\" content=\"324\" \/>\n\t<meta property=\"og:image:type\" content=\"image\/jpeg\" \/>\n<meta name=\"twitter:card\" content=\"summary_large_image\" \/>\n<meta name=\"twitter:label1\" content=\"Gesch\u00e4tzte Lesezeit\" \/>\n\t<meta name=\"twitter:data1\" content=\"1\u00a0Minute\" \/>\n<script type=\"application\/ld+json\" class=\"yoast-schema-graph\">{\"@context\":\"https:\\\/\\\/schema.org\",\"@graph\":[{\"@type\":\"WebPage\",\"@id\":\"https:\\\/\\\/www.ohis.be\\\/de\\\/produit\\\/elektrischer-trolley-yale-vte-u-vtef-u\\\/\",\"url\":\"https:\\\/\\\/www.ohis.be\\\/de\\\/produit\\\/elektrischer-trolley-yale-vte-u-vtef-u\\\/\",\"name\":\"Elektrischer Trolley Yale VTE-U\\\/VTEF-U - Ohis\",\"isPartOf\":{\"@id\":\"https:\\\/\\\/www.ohis.be\\\/#website\"},\"primaryImageOfPage\":{\"@id\":\"https:\\\/\\\/www.ohis.be\\\/de\\\/produit\\\/elektrischer-trolley-yale-vte-u-vtef-u\\\/#primaryimage\"},\"image\":{\"@id\":\"https:\\\/\\\/www.ohis.be\\\/de\\\/produit\\\/elektrischer-trolley-yale-vte-u-vtef-u\\\/#primaryimage\"},\"thumbnailUrl\":\"https:\\\/\\\/www.ohis.be\\\/wp-content\\\/uploads\\\/2022\\\/12\\\/yale-vte-u.jpg\",\"datePublished\":\"2022-12-14T09:28:06+00:00\",\"breadcrumb\":{\"@id\":\"https:\\\/\\\/www.ohis.be\\\/de\\\/produit\\\/elektrischer-trolley-yale-vte-u-vtef-u\\\/#breadcrumb\"},\"inLanguage\":\"de\",\"potentialAction\":[{\"@type\":\"ReadAction\",\"target\":[\"https:\\\/\\\/www.ohis.be\\\/de\\\/produit\\\/elektrischer-trolley-yale-vte-u-vtef-u\\\/\"]}]},{\"@type\":\"ImageObject\",\"inLanguage\":\"de\",\"@id\":\"https:\\\/\\\/www.ohis.be\\\/de\\\/produit\\\/elektrischer-trolley-yale-vte-u-vtef-u\\\/#primaryimage\",\"url\":\"https:\\\/\\\/www.ohis.be\\\/wp-content\\\/uploads\\\/2022\\\/12\\\/yale-vte-u.jpg\",\"contentUrl\":\"https:\\\/\\\/www.ohis.be\\\/wp-content\\\/uploads\\\/2022\\\/12\\\/yale-vte-u.jpg\",\"width\":525,\"height\":324,\"caption\":\"yale-vte-u\"},{\"@type\":\"BreadcrumbList\",\"@id\":\"https:\\\/\\\/www.ohis.be\\\/de\\\/produit\\\/elektrischer-trolley-yale-vte-u-vtef-u\\\/#breadcrumb\",\"itemListElement\":[{\"@type\":\"ListItem\",\"position\":1,\"name\":\"Accueil\",\"item\":\"https:\\\/\\\/www.ohis.be\\\/de\\\/\"},{\"@type\":\"ListItem\",\"position\":2,\"name\":\"Produkte\",\"item\":\"https:\\\/\\\/www.ohis.be\\\/de\\\/produkte\\\/\"},{\"@type\":\"ListItem\",\"position\":3,\"name\":\"Elektrischer Trolley Yale VTE-U\\\/VTEF-U\"}]},{\"@type\":\"WebSite\",\"@id\":\"https:\\\/\\\/www.ohis.be\\\/#website\",\"url\":\"https:\\\/\\\/www.ohis.be\\\/\",\"name\":\"Ohis\",\"description\":\"Outils de levage\",\"publisher\":{\"@id\":\"https:\\\/\\\/www.ohis.be\\\/#organization\"},\"potentialAction\":[{\"@type\":\"SearchAction\",\"target\":{\"@type\":\"EntryPoint\",\"urlTemplate\":\"https:\\\/\\\/www.ohis.be\\\/?s={search_term_string}\"},\"query-input\":{\"@type\":\"PropertyValueSpecification\",\"valueRequired\":true,\"valueName\":\"search_term_string\"}}],\"inLanguage\":\"de\"},{\"@type\":\"Organization\",\"@id\":\"https:\\\/\\\/www.ohis.be\\\/#organization\",\"name\":\"Ohis\",\"url\":\"https:\\\/\\\/www.ohis.be\\\/\",\"logo\":{\"@type\":\"ImageObject\",\"inLanguage\":\"de\",\"@id\":\"https:\\\/\\\/www.ohis.be\\\/#\\\/schema\\\/logo\\\/image\\\/\",\"url\":\"https:\\\/\\\/www.ohis.be\\\/wp-content\\\/uploads\\\/2021\\\/02\\\/logo-ohis-wit.svg\",\"contentUrl\":\"https:\\\/\\\/www.ohis.be\\\/wp-content\\\/uploads\\\/2021\\\/02\\\/logo-ohis-wit.svg\",\"caption\":\"Ohis\"},\"image\":{\"@id\":\"https:\\\/\\\/www.ohis.be\\\/#\\\/schema\\\/logo\\\/image\\\/\"}}]}<\/script>\n<!-- \/ Yoast SEO plugin. -->","yoast_head_json":{"title":"Elektrischer Trolley Yale VTE-U\/VTEF-U - Ohis","robots":{"index":"index","follow":"follow","max-snippet":"max-snippet:-1","max-image-preview":"max-image-preview:large","max-video-preview":"max-video-preview:-1"},"canonical":"https:\/\/www.ohis.be\/de\/produit\/elektrischer-trolley-yale-vte-u-vtef-u\/","og_locale":"de_DE","og_type":"article","og_title":"Elektrischer Trolley Yale VTE-U\/VTEF-U - Ohis","og_description":"Tragf\u00e4higkeit 1.000 - 5.000 kg Elektrofahrwerke werden besonders f\u00fcr Lasten \u00fcber 1.000 kg, bei Transporten \u00fcber l\u00e4ngere Distanzen bzw. h\u00e4ufigem Einsatz empfohlen. Aufgrund der universellen Sch\u00e4kelanbindung sind sie f\u00fcr nahezu alle Hebezeuge mit Traghaken verwendbar. Ein gleichm\u00e4\u00dfiges Anfahren und selbstt\u00e4tiges Abbremsen des Fahrwerks wird durch den Antrieb \u00fcber ein Schneckengetriebe gew\u00e4hrleistet. Eine Motorbremse ist daher nicht erforderlich.  Ausstattung und Verarbeitung \u2022 Standard Betriebsspannung: Eurospannung 400 V, 3 Phasen, 50 Hz. Eingeschwindigkeitsmotoren sind auf 230 V, 3 Phasen umzuverdrahten. \u2022 Motoren in Schutzart IP 55 gegen Eindringen von Staub und Strahlwasser. Gekapselter Steuerschalter in Schutzart IP 65 Ausf\u00fchrung. \u2022 Kompakter verwindungssteifer Rahmen mit niedriger Bauh\u00f6he. \u2022 Laufr\u00e4der aus bruchsicherem Stahl. Ruhiger Lauf durch mechanisch bearbeitete Oberfl\u00e4che und Kugellagerung. Durch balliges Profil f\u00fcr parallele und geneigte Flansche geeignet. \u2022 Kippsicherung und Radbruchst\u00fctzen sind serienm\u00e4\u00dfig. \u2022 Einfach einstellbar f\u00fcr einen weiten Bereich von Tr\u00e4gerflanschbreiten und Profiltypen durch Gewindespindel.     Optional \u2022 Sch\u00fctzsteuerung 42 V \u2022 Gummipuffer \u2022 230 V, 1 Ph, 50 Hz","og_url":"https:\/\/www.ohis.be\/de\/produit\/elektrischer-trolley-yale-vte-u-vtef-u\/","og_site_name":"Ohis","og_image":[{"width":525,"height":324,"url":"https:\/\/www.ohis.be\/wp-content\/uploads\/2022\/12\/yale-vte-u.jpg","type":"image\/jpeg"}],"twitter_card":"summary_large_image","twitter_misc":{"Gesch\u00e4tzte Lesezeit":"1\u00a0Minute"},"schema":{"@context":"https:\/\/schema.org","@graph":[{"@type":"WebPage","@id":"https:\/\/www.ohis.be\/de\/produit\/elektrischer-trolley-yale-vte-u-vtef-u\/","url":"https:\/\/www.ohis.be\/de\/produit\/elektrischer-trolley-yale-vte-u-vtef-u\/","name":"Elektrischer Trolley Yale VTE-U\/VTEF-U - Ohis","isPartOf":{"@id":"https:\/\/www.ohis.be\/#website"},"primaryImageOfPage":{"@id":"https:\/\/www.ohis.be\/de\/produit\/elektrischer-trolley-yale-vte-u-vtef-u\/#primaryimage"},"image":{"@id":"https:\/\/www.ohis.be\/de\/produit\/elektrischer-trolley-yale-vte-u-vtef-u\/#primaryimage"},"thumbnailUrl":"https:\/\/www.ohis.be\/wp-content\/uploads\/2022\/12\/yale-vte-u.jpg","datePublished":"2022-12-14T09:28:06+00:00","breadcrumb":{"@id":"https:\/\/www.ohis.be\/de\/produit\/elektrischer-trolley-yale-vte-u-vtef-u\/#breadcrumb"},"inLanguage":"de","potentialAction":[{"@type":"ReadAction","target":["https:\/\/www.ohis.be\/de\/produit\/elektrischer-trolley-yale-vte-u-vtef-u\/"]}]},{"@type":"ImageObject","inLanguage":"de","@id":"https:\/\/www.ohis.be\/de\/produit\/elektrischer-trolley-yale-vte-u-vtef-u\/#primaryimage","url":"https:\/\/www.ohis.be\/wp-content\/uploads\/2022\/12\/yale-vte-u.jpg","contentUrl":"https:\/\/www.ohis.be\/wp-content\/uploads\/2022\/12\/yale-vte-u.jpg","width":525,"height":324,"caption":"yale-vte-u"},{"@type":"BreadcrumbList","@id":"https:\/\/www.ohis.be\/de\/produit\/elektrischer-trolley-yale-vte-u-vtef-u\/#breadcrumb","itemListElement":[{"@type":"ListItem","position":1,"name":"Accueil","item":"https:\/\/www.ohis.be\/de\/"},{"@type":"ListItem","position":2,"name":"Produkte","item":"https:\/\/www.ohis.be\/de\/produkte\/"},{"@type":"ListItem","position":3,"name":"Elektrischer Trolley Yale VTE-U\/VTEF-U"}]},{"@type":"WebSite","@id":"https:\/\/www.ohis.be\/#website","url":"https:\/\/www.ohis.be\/","name":"Ohis","description":"Outils de levage","publisher":{"@id":"https:\/\/www.ohis.be\/#organization"},"potentialAction":[{"@type":"SearchAction","target":{"@type":"EntryPoint","urlTemplate":"https:\/\/www.ohis.be\/?s={search_term_string}"},"query-input":{"@type":"PropertyValueSpecification","valueRequired":true,"valueName":"search_term_string"}}],"inLanguage":"de"},{"@type":"Organization","@id":"https:\/\/www.ohis.be\/#organization","name":"Ohis","url":"https:\/\/www.ohis.be\/","logo":{"@type":"ImageObject","inLanguage":"de","@id":"https:\/\/www.ohis.be\/#\/schema\/logo\/image\/","url":"https:\/\/www.ohis.be\/wp-content\/uploads\/2021\/02\/logo-ohis-wit.svg","contentUrl":"https:\/\/www.ohis.be\/wp-content\/uploads\/2021\/02\/logo-ohis-wit.svg","caption":"Ohis"},"image":{"@id":"https:\/\/www.ohis.be\/#\/schema\/logo\/image\/"}}]}},"_links":{"self":[{"href":"https:\/\/www.ohis.be\/de\/wp-json\/wp\/v2\/product\/34176","targetHints":{"allow":["GET"]}}],"collection":[{"href":"https:\/\/www.ohis.be\/de\/wp-json\/wp\/v2\/product"}],"about":[{"href":"https:\/\/www.ohis.be\/de\/wp-json\/wp\/v2\/types\/product"}],"wp:featuredmedia":[{"embeddable":true,"href":"https:\/\/www.ohis.be\/de\/wp-json\/wp\/v2\/media\/19114"}],"wp:attachment":[{"href":"https:\/\/www.ohis.be\/de\/wp-json\/wp\/v2\/media?parent=34176"}],"wp:term":[{"taxonomy":"product_brand","embeddable":true,"href":"https:\/\/www.ohis.be\/de\/wp-json\/wp\/v2\/product_brand?post=34176"},{"taxonomy":"product_cat","embeddable":true,"href":"https:\/\/www.ohis.be\/de\/wp-json\/wp\/v2\/product_cat?post=34176"},{"taxonomy":"product_tag","embeddable":true,"href":"https:\/\/www.ohis.be\/de\/wp-json\/wp\/v2\/product_tag?post=34176"}],"curies":[{"name":"wp","href":"https:\/\/api.w.org\/{rel}","templated":true}]}}