{"id":33964,"date":"2022-12-15T11:38:40","date_gmt":"2022-12-15T10:38:40","guid":{"rendered":"https:\/\/www.ohis.be\/produit\/cpef-elektrischer-kettenflaschenzug-auf-laufkatze\/"},"modified":"2022-12-15T11:38:40","modified_gmt":"2022-12-15T10:38:40","slug":"cpef-elektrischer-kettenflaschenzug-auf-laufkatze","status":"publish","type":"product","link":"https:\/\/www.ohis.be\/de\/produit\/cpef-elektrischer-kettenflaschenzug-auf-laufkatze\/","title":{"rendered":"CPEF Elektrischer Kettenflaschenzug auf Laufkatze"},"content":{"rendered":"<p>Wagen mit Zahnradantrieb = model VTG<br \/>\nElektroschlitten = model VTEF.<br \/>\nBetriebsspannung 400V 3ph 50Hz als Standard.<br \/>\nNiederspannungssteuerung 42V als Standard.<br \/>\nHubh\u00f6he 3 m (Steuerkabel 2 m).<\/p>\n<p>Tragf\u00e4higkeit 1.600 &#8211; 7.500 kg<br \/>\nDie Ger\u00e4te der Baureihe CPEF sind Qualit\u00e4tserzeugnisse f\u00fcr den professionellen Einsatz. Sie \u00fcberzeugen durch hohe Leistungsdichte und lange Lebensdauer. Durch die klare Aufteilung der Bauelemente (3-Komponentenaufbau) ist eine einfache und kosteng\u00fcnstige Wartung gew\u00e4hrleistet.<\/p>\n<p>Tragf\u00e4higkeit 10.000 kg<br \/>\nDer CPEF 100-2 besteht aus zwei CPEF 50-2. Die Verbindung wird durch einen Tragrahmen hergestellt. Ausf\u00fchrung mit Hakenaufh\u00e4ngung, Haspel- oder Elektrofahrwerk. Integriert ist eine serienm\u00e4\u00dfige Endabschaltung in der h\u00f6chsten und tiefsten Hakenstellung. Sch\u00fctzsteuerung 42 V serienm\u00e4\u00dfig.<\/p>\n<div id=\"features-benefits\" class=\"pdp-section\" data-accordion-item=\"\" data-section-name=\"Eigenschaften und Vorteile\" data-magellan-target=\"features-benefits\">\n<div id=\"fpjsrd-accordion\" class=\"pdp-section__wrap\" role=\"tabpanel\" data-tab-content=\"\" aria-labelledby=\"features-benefits-label\" aria-hidden=\"true\">\n<section class=\"component rte-block\"><strong>Ausstattung und Verarbeitung<\/strong><br \/>\n\u2022 Triebwerksgruppe 1 Am\/M4, ausgenommen\u00a0CPEF 20-8, CPEF 30-5 und CPEF 40-4\u00a0Triebwerksgruppe 1 Bm\/M3.<br \/>\n\u2022 42 V Sch\u00fctzsteuerung<br \/>\n\u2022 2 Jahre Garantie (Verschlei\u00dfteile ausgenommen) sowie\u00a0ein auf Lebensdauer geschmiertes Getriebe.<br \/>\n\u2022 Ausger\u00fcstet mit Motor-\u00dcberhitzungsschutz durch\u00a0Bi-Metallf\u00fchler.<br \/>\n\u2022 Einschaltdauer 40 % ED bei einer Geschwindigkeit.<br \/>\n\u2022 Der belastbare K\u00e4figl\u00e4ufermotor hat eine nachstellbare\u00a0Federdruckbremse, welche die Last auch bei Stromausfall\u00a0sicher h\u00e4lt.<br \/>\n\u2022 Standard Betriebsspannung:\u00a0Eurospannung 400 Volt, 3 Phasen, 50 Hz.<br \/>\n\u2022 Motor in Schutzart IP 55, Isolationsklasse F, gegen\u00a0Eindringen von Staub und Spritzwasser.<br \/>\n\u2022 Gekapselter Steuerschalter in Schutzart IP 65, gegen\u00a0das Eindringen von Staub und Spritzwasser.<br \/>\n\u2022 Das 5-taschige Lastkettenrad aus hochwertigem\u00a0Einsatzstahl ist perfekt auf die Lastkette abgestimmt\u00a0und garantiert einen ruhigen und exakten Lauf der\u00a0Lastkette.<br \/>\n\u2022 Das serienm\u00e4\u00dfige, im \u00d6lbad laufende Planetengetriebe\u00a0sorgt f\u00fcr besondere Laufruhe.<br \/>\n\u2022 Geschmiedete Trag- und Lasthaken aus alterungsbest\u00e4ndigem\u00a0hochlegiertem Verg\u00fctungsstahl \u00f6ffnen\u00a0sich bei \u00dcberlastung ohne zu brechen.<br \/>\n\u2022 Die serienm\u00e4\u00dfig einsatzgeh\u00e4rtete, verzinkte, hochfeste Lastkette ist optimal auf das Lastkettenrad abgestimmt und garantiert damit hohe Sicherheit und sehr gute Verschlei\u00dfeigenschaften entsprechend den derzeit g\u00fcltigen nationalen und internationalen Normen.<\/p>\n<\/section>\n<\/div>\n<\/div>\n","protected":false},"excerpt":{"rendered":"<p>Wagen mit Zahnradantrieb = model VTG<br \/>\nElektroschlitten = model VTEF.<br \/>\nBetriebsspannung 400V 3ph 50Hz als Standard.<br \/>\nNiederspannungssteuerung 42V als Standard.<br \/>\nHubh\u00f6he 3 m (Steuerkabel 2 m).<\/p>\n<p>Tragf\u00e4higkeit 1.600 &#8211; 7.500 kg<br \/>\nDie Ger\u00e4te der Baureihe CPEF sind Qualit\u00e4tserzeugnisse f\u00fcr den professionellen Einsatz. Sie \u00fcberzeugen durch hohe Leistungsdichte und lange Lebensdauer. Durch die klare Aufteilung der Bauelemente (3-Komponentenaufbau) ist eine einfache und kosteng\u00fcnstige Wartung gew\u00e4hrleistet.<\/p>\n<p>Tragf\u00e4higkeit 10.000 kg<br \/>\nDer CPEF 100-2 besteht aus zwei CPEF 50-2. Die Verbindung wird durch einen Tragrahmen hergestellt. Ausf\u00fchrung mit Hakenaufh\u00e4ngung, Haspel- oder Elektrofahrwerk. Integriert ist eine serienm\u00e4\u00dfige Endabschaltung in der h\u00f6chsten und tiefsten Hakenstellung. Sch\u00fctzsteuerung 42 V serienm\u00e4\u00dfig.<\/p>\n<div id=\"features-benefits\" class=\"pdp-section\" data-accordion-item=\"\" data-section-name=\"Eigenschaften und Vorteile\" data-magellan-target=\"features-benefits\">\n<div id=\"fpjsrd-accordion\" class=\"pdp-section__wrap\" role=\"tabpanel\" data-tab-content=\"\" aria-labelledby=\"features-benefits-label\" aria-hidden=\"true\">\n<section class=\"component rte-block\"><strong>Ausstattung und Verarbeitung<\/strong><br \/>\n\u2022 Triebwerksgruppe 1 Am\/M4, ausgenommen\u00a0CPEF 20-8, CPEF 30-5 und CPEF 40-4\u00a0Triebwerksgruppe 1 Bm\/M3.<br \/>\n\u2022 42 V Sch\u00fctzsteuerung<br \/>\n\u2022 2 Jahre Garantie (Verschlei\u00dfteile ausgenommen) sowie\u00a0ein auf Lebensdauer geschmiertes Getriebe.<br \/>\n\u2022 Ausger\u00fcstet mit Motor-\u00dcberhitzungsschutz durch\u00a0Bi-Metallf\u00fchler.<br \/>\n\u2022 Einschaltdauer 40 % ED bei einer Geschwindigkeit.<br \/>\n\u2022 Der belastbare K\u00e4figl\u00e4ufermotor hat eine nachstellbare\u00a0Federdruckbremse, welche die Last auch bei Stromausfall\u00a0sicher h\u00e4lt.<br \/>\n\u2022 Standard Betriebsspannung:\u00a0Eurospannung 400 Volt, 3 Phasen, 50 Hz.<br \/>\n\u2022 Motor in Schutzart IP 55, Isolationsklasse F, gegen\u00a0Eindringen von Staub und Spritzwasser.<br \/>\n\u2022 Gekapselter Steuerschalter in Schutzart IP 65, gegen\u00a0das Eindringen von Staub und Spritzwasser.<br \/>\n\u2022 Das 5-taschige Lastkettenrad aus hochwertigem\u00a0Einsatzstahl ist perfekt auf die Lastkette abgestimmt\u00a0und garantiert einen ruhigen und exakten Lauf der\u00a0Lastkette.<br \/>\n\u2022 Das serienm\u00e4\u00dfige, im \u00d6lbad laufende Planetengetriebe\u00a0sorgt f\u00fcr besondere Laufruhe.<br \/>\n\u2022 Geschmiedete Trag- und Lasthaken aus alterungsbest\u00e4ndigem\u00a0hochlegiertem Verg\u00fctungsstahl \u00f6ffnen\u00a0sich bei \u00dcberlastung ohne zu brechen.<br \/>\n\u2022 Die serienm\u00e4\u00dfig einsatzgeh\u00e4rtete, verzinkte, hochfeste Lastkette ist optimal auf das Lastkettenrad abgestimmt und garantiert damit hohe Sicherheit und sehr gute Verschlei\u00dfeigenschaften entsprechend den derzeit g\u00fcltigen nationalen und internationalen Normen.<\/p>\n<\/section>\n<\/div>\n<\/div>\n","protected":false},"featured_media":19406,"template":"","meta":{"_acf_changed":false,"inline_featured_image":false},"product_brand":[],"product_cat":[697],"product_tag":[705],"class_list":{"0":"post-33964","1":"product","2":"type-product","3":"status-publish","4":"has-post-thumbnail","6":"product_cat-kettenzug","7":"product_tag-yale-de","9":"first","10":"onbackorder","11":"taxable","12":"shipping-taxable","13":"purchasable","14":"product-type-variable"},"acf":[],"yoast_head":"<!-- This site is optimized with the Yoast SEO plugin v27.5 - https:\/\/yoast.com\/product\/yoast-seo-wordpress\/ -->\n<title>CPEF Elektrischer Kettenflaschenzug auf Laufkatze - Ohis<\/title>\n<meta name=\"robots\" content=\"index, follow, max-snippet:-1, max-image-preview:large, max-video-preview:-1\" \/>\n<link rel=\"canonical\" href=\"https:\/\/www.ohis.be\/de\/produit\/cpef-elektrischer-kettenflaschenzug-auf-laufkatze\/\" \/>\n<meta property=\"og:locale\" content=\"de_DE\" \/>\n<meta property=\"og:type\" content=\"article\" \/>\n<meta property=\"og:title\" content=\"CPEF Elektrischer Kettenflaschenzug auf Laufkatze - Ohis\" \/>\n<meta property=\"og:description\" content=\"Wagen mit Zahnradantrieb = model VTG Elektroschlitten = model VTEF. Betriebsspannung 400V 3ph 50Hz als Standard. Niederspannungssteuerung 42V als Standard. Hubh\u00f6he 3 m (Steuerkabel 2 m).  Tragf\u00e4higkeit 1.600 - 7.500 kg Die Ger\u00e4te der Baureihe CPEF sind Qualit\u00e4tserzeugnisse f\u00fcr den professionellen Einsatz. Sie \u00fcberzeugen durch hohe Leistungsdichte und lange Lebensdauer. Durch die klare Aufteilung der Bauelemente (3-Komponentenaufbau) ist eine einfache und kosteng\u00fcnstige Wartung gew\u00e4hrleistet.  Tragf\u00e4higkeit 10.000 kg Der CPEF 100-2 besteht aus zwei CPEF 50-2. Die Verbindung wird durch einen Tragrahmen hergestellt. Ausf\u00fchrung mit Hakenaufh\u00e4ngung, Haspel- oder Elektrofahrwerk. Integriert ist eine serienm\u00e4\u00dfige Endabschaltung in der h\u00f6chsten und tiefsten Hakenstellung. Sch\u00fctzsteuerung 42 V serienm\u00e4\u00dfig.  Ausstattung und Verarbeitung \u2022 Triebwerksgruppe 1 Am\/M4, ausgenommen\u00a0CPEF 20-8, CPEF 30-5 und CPEF 40-4\u00a0Triebwerksgruppe 1 Bm\/M3. \u2022 42 V Sch\u00fctzsteuerung \u2022 2 Jahre Garantie (Verschlei\u00dfteile ausgenommen) sowie\u00a0ein auf Lebensdauer geschmiertes Getriebe. \u2022 Ausger\u00fcstet mit Motor-\u00dcberhitzungsschutz durch\u00a0Bi-Metallf\u00fchler. \u2022 Einschaltdauer 40 % ED bei einer Geschwindigkeit. \u2022 Der belastbare K\u00e4figl\u00e4ufermotor hat eine nachstellbare\u00a0Federdruckbremse, welche die Last auch bei Stromausfall\u00a0sicher h\u00e4lt. \u2022 Standard Betriebsspannung:\u00a0Eurospannung 400 Volt, 3 Phasen, 50 Hz. \u2022 Motor in Schutzart IP 55, Isolationsklasse F, gegen\u00a0Eindringen von Staub und Spritzwasser. \u2022 Gekapselter Steuerschalter in Schutzart IP 65, gegen\u00a0das Eindringen von Staub und Spritzwasser. \u2022 Das 5-taschige Lastkettenrad aus hochwertigem\u00a0Einsatzstahl ist perfekt auf die Lastkette abgestimmt\u00a0und garantiert einen ruhigen und exakten Lauf der\u00a0Lastkette. \u2022 Das serienm\u00e4\u00dfige, im \u00d6lbad laufende Planetengetriebe\u00a0sorgt f\u00fcr besondere Laufruhe. \u2022 Geschmiedete Trag- und Lasthaken aus alterungsbest\u00e4ndigem\u00a0hochlegiertem Verg\u00fctungsstahl \u00f6ffnen\u00a0sich bei \u00dcberlastung ohne zu brechen. \u2022 Die serienm\u00e4\u00dfig einsatzgeh\u00e4rtete, verzinkte, hochfeste Lastkette ist optimal auf das Lastkettenrad abgestimmt und garantiert damit hohe Sicherheit und sehr gute Verschlei\u00dfeigenschaften entsprechend den derzeit g\u00fcltigen nationalen und internationalen Normen.\" \/>\n<meta property=\"og:url\" content=\"https:\/\/www.ohis.be\/de\/produit\/cpef-elektrischer-kettenflaschenzug-auf-laufkatze\/\" \/>\n<meta property=\"og:site_name\" content=\"Ohis\" \/>\n<meta property=\"og:image\" content=\"https:\/\/www.ohis.be\/wp-content\/uploads\/2022\/12\/yale-cpe.jpg\" \/>\n\t<meta property=\"og:image:width\" content=\"264\" \/>\n\t<meta property=\"og:image:height\" content=\"525\" \/>\n\t<meta property=\"og:image:type\" content=\"image\/jpeg\" \/>\n<meta name=\"twitter:card\" content=\"summary_large_image\" \/>\n<meta name=\"twitter:label1\" content=\"Gesch\u00e4tzte Lesezeit\" \/>\n\t<meta name=\"twitter:data1\" content=\"1\u00a0Minute\" \/>\n<script type=\"application\/ld+json\" class=\"yoast-schema-graph\">{\"@context\":\"https:\\\/\\\/schema.org\",\"@graph\":[{\"@type\":\"WebPage\",\"@id\":\"https:\\\/\\\/www.ohis.be\\\/de\\\/produit\\\/cpef-elektrischer-kettenflaschenzug-auf-laufkatze\\\/\",\"url\":\"https:\\\/\\\/www.ohis.be\\\/de\\\/produit\\\/cpef-elektrischer-kettenflaschenzug-auf-laufkatze\\\/\",\"name\":\"CPEF Elektrischer Kettenflaschenzug auf Laufkatze - Ohis\",\"isPartOf\":{\"@id\":\"https:\\\/\\\/www.ohis.be\\\/#website\"},\"primaryImageOfPage\":{\"@id\":\"https:\\\/\\\/www.ohis.be\\\/de\\\/produit\\\/cpef-elektrischer-kettenflaschenzug-auf-laufkatze\\\/#primaryimage\"},\"image\":{\"@id\":\"https:\\\/\\\/www.ohis.be\\\/de\\\/produit\\\/cpef-elektrischer-kettenflaschenzug-auf-laufkatze\\\/#primaryimage\"},\"thumbnailUrl\":\"https:\\\/\\\/www.ohis.be\\\/wp-content\\\/uploads\\\/2022\\\/12\\\/yale-cpe.jpg\",\"datePublished\":\"2022-12-15T10:38:40+00:00\",\"breadcrumb\":{\"@id\":\"https:\\\/\\\/www.ohis.be\\\/de\\\/produit\\\/cpef-elektrischer-kettenflaschenzug-auf-laufkatze\\\/#breadcrumb\"},\"inLanguage\":\"de\",\"potentialAction\":[{\"@type\":\"ReadAction\",\"target\":[\"https:\\\/\\\/www.ohis.be\\\/de\\\/produit\\\/cpef-elektrischer-kettenflaschenzug-auf-laufkatze\\\/\"]}]},{\"@type\":\"ImageObject\",\"inLanguage\":\"de\",\"@id\":\"https:\\\/\\\/www.ohis.be\\\/de\\\/produit\\\/cpef-elektrischer-kettenflaschenzug-auf-laufkatze\\\/#primaryimage\",\"url\":\"https:\\\/\\\/www.ohis.be\\\/wp-content\\\/uploads\\\/2022\\\/12\\\/yale-cpe.jpg\",\"contentUrl\":\"https:\\\/\\\/www.ohis.be\\\/wp-content\\\/uploads\\\/2022\\\/12\\\/yale-cpe.jpg\",\"width\":264,\"height\":525,\"caption\":\"yale-cpe\"},{\"@type\":\"BreadcrumbList\",\"@id\":\"https:\\\/\\\/www.ohis.be\\\/de\\\/produit\\\/cpef-elektrischer-kettenflaschenzug-auf-laufkatze\\\/#breadcrumb\",\"itemListElement\":[{\"@type\":\"ListItem\",\"position\":1,\"name\":\"Accueil\",\"item\":\"https:\\\/\\\/www.ohis.be\\\/de\\\/\"},{\"@type\":\"ListItem\",\"position\":2,\"name\":\"Produkte\",\"item\":\"https:\\\/\\\/www.ohis.be\\\/de\\\/produkte\\\/\"},{\"@type\":\"ListItem\",\"position\":3,\"name\":\"CPEF Elektrischer Kettenflaschenzug auf Laufkatze\"}]},{\"@type\":\"WebSite\",\"@id\":\"https:\\\/\\\/www.ohis.be\\\/#website\",\"url\":\"https:\\\/\\\/www.ohis.be\\\/\",\"name\":\"Ohis\",\"description\":\"Outils de levage\",\"publisher\":{\"@id\":\"https:\\\/\\\/www.ohis.be\\\/#organization\"},\"potentialAction\":[{\"@type\":\"SearchAction\",\"target\":{\"@type\":\"EntryPoint\",\"urlTemplate\":\"https:\\\/\\\/www.ohis.be\\\/?s={search_term_string}\"},\"query-input\":{\"@type\":\"PropertyValueSpecification\",\"valueRequired\":true,\"valueName\":\"search_term_string\"}}],\"inLanguage\":\"de\"},{\"@type\":\"Organization\",\"@id\":\"https:\\\/\\\/www.ohis.be\\\/#organization\",\"name\":\"Ohis\",\"url\":\"https:\\\/\\\/www.ohis.be\\\/\",\"logo\":{\"@type\":\"ImageObject\",\"inLanguage\":\"de\",\"@id\":\"https:\\\/\\\/www.ohis.be\\\/#\\\/schema\\\/logo\\\/image\\\/\",\"url\":\"https:\\\/\\\/www.ohis.be\\\/wp-content\\\/uploads\\\/2021\\\/02\\\/logo-ohis-wit.svg\",\"contentUrl\":\"https:\\\/\\\/www.ohis.be\\\/wp-content\\\/uploads\\\/2021\\\/02\\\/logo-ohis-wit.svg\",\"caption\":\"Ohis\"},\"image\":{\"@id\":\"https:\\\/\\\/www.ohis.be\\\/#\\\/schema\\\/logo\\\/image\\\/\"}}]}<\/script>\n<!-- \/ Yoast SEO plugin. -->","yoast_head_json":{"title":"CPEF Elektrischer Kettenflaschenzug auf Laufkatze - Ohis","robots":{"index":"index","follow":"follow","max-snippet":"max-snippet:-1","max-image-preview":"max-image-preview:large","max-video-preview":"max-video-preview:-1"},"canonical":"https:\/\/www.ohis.be\/de\/produit\/cpef-elektrischer-kettenflaschenzug-auf-laufkatze\/","og_locale":"de_DE","og_type":"article","og_title":"CPEF Elektrischer Kettenflaschenzug auf Laufkatze - Ohis","og_description":"Wagen mit Zahnradantrieb = model VTG Elektroschlitten = model VTEF. Betriebsspannung 400V 3ph 50Hz als Standard. Niederspannungssteuerung 42V als Standard. Hubh\u00f6he 3 m (Steuerkabel 2 m).  Tragf\u00e4higkeit 1.600 - 7.500 kg Die Ger\u00e4te der Baureihe CPEF sind Qualit\u00e4tserzeugnisse f\u00fcr den professionellen Einsatz. Sie \u00fcberzeugen durch hohe Leistungsdichte und lange Lebensdauer. Durch die klare Aufteilung der Bauelemente (3-Komponentenaufbau) ist eine einfache und kosteng\u00fcnstige Wartung gew\u00e4hrleistet.  Tragf\u00e4higkeit 10.000 kg Der CPEF 100-2 besteht aus zwei CPEF 50-2. Die Verbindung wird durch einen Tragrahmen hergestellt. Ausf\u00fchrung mit Hakenaufh\u00e4ngung, Haspel- oder Elektrofahrwerk. Integriert ist eine serienm\u00e4\u00dfige Endabschaltung in der h\u00f6chsten und tiefsten Hakenstellung. Sch\u00fctzsteuerung 42 V serienm\u00e4\u00dfig.  Ausstattung und Verarbeitung \u2022 Triebwerksgruppe 1 Am\/M4, ausgenommen\u00a0CPEF 20-8, CPEF 30-5 und CPEF 40-4\u00a0Triebwerksgruppe 1 Bm\/M3. \u2022 42 V Sch\u00fctzsteuerung \u2022 2 Jahre Garantie (Verschlei\u00dfteile ausgenommen) sowie\u00a0ein auf Lebensdauer geschmiertes Getriebe. \u2022 Ausger\u00fcstet mit Motor-\u00dcberhitzungsschutz durch\u00a0Bi-Metallf\u00fchler. \u2022 Einschaltdauer 40 % ED bei einer Geschwindigkeit. \u2022 Der belastbare K\u00e4figl\u00e4ufermotor hat eine nachstellbare\u00a0Federdruckbremse, welche die Last auch bei Stromausfall\u00a0sicher h\u00e4lt. \u2022 Standard Betriebsspannung:\u00a0Eurospannung 400 Volt, 3 Phasen, 50 Hz. \u2022 Motor in Schutzart IP 55, Isolationsklasse F, gegen\u00a0Eindringen von Staub und Spritzwasser. \u2022 Gekapselter Steuerschalter in Schutzart IP 65, gegen\u00a0das Eindringen von Staub und Spritzwasser. \u2022 Das 5-taschige Lastkettenrad aus hochwertigem\u00a0Einsatzstahl ist perfekt auf die Lastkette abgestimmt\u00a0und garantiert einen ruhigen und exakten Lauf der\u00a0Lastkette. \u2022 Das serienm\u00e4\u00dfige, im \u00d6lbad laufende Planetengetriebe\u00a0sorgt f\u00fcr besondere Laufruhe. \u2022 Geschmiedete Trag- und Lasthaken aus alterungsbest\u00e4ndigem\u00a0hochlegiertem Verg\u00fctungsstahl \u00f6ffnen\u00a0sich bei \u00dcberlastung ohne zu brechen. \u2022 Die serienm\u00e4\u00dfig einsatzgeh\u00e4rtete, verzinkte, hochfeste Lastkette ist optimal auf das Lastkettenrad abgestimmt und garantiert damit hohe Sicherheit und sehr gute Verschlei\u00dfeigenschaften entsprechend den derzeit g\u00fcltigen nationalen und internationalen Normen.","og_url":"https:\/\/www.ohis.be\/de\/produit\/cpef-elektrischer-kettenflaschenzug-auf-laufkatze\/","og_site_name":"Ohis","og_image":[{"width":264,"height":525,"url":"https:\/\/www.ohis.be\/wp-content\/uploads\/2022\/12\/yale-cpe.jpg","type":"image\/jpeg"}],"twitter_card":"summary_large_image","twitter_misc":{"Gesch\u00e4tzte Lesezeit":"1\u00a0Minute"},"schema":{"@context":"https:\/\/schema.org","@graph":[{"@type":"WebPage","@id":"https:\/\/www.ohis.be\/de\/produit\/cpef-elektrischer-kettenflaschenzug-auf-laufkatze\/","url":"https:\/\/www.ohis.be\/de\/produit\/cpef-elektrischer-kettenflaschenzug-auf-laufkatze\/","name":"CPEF Elektrischer Kettenflaschenzug auf Laufkatze - Ohis","isPartOf":{"@id":"https:\/\/www.ohis.be\/#website"},"primaryImageOfPage":{"@id":"https:\/\/www.ohis.be\/de\/produit\/cpef-elektrischer-kettenflaschenzug-auf-laufkatze\/#primaryimage"},"image":{"@id":"https:\/\/www.ohis.be\/de\/produit\/cpef-elektrischer-kettenflaschenzug-auf-laufkatze\/#primaryimage"},"thumbnailUrl":"https:\/\/www.ohis.be\/wp-content\/uploads\/2022\/12\/yale-cpe.jpg","datePublished":"2022-12-15T10:38:40+00:00","breadcrumb":{"@id":"https:\/\/www.ohis.be\/de\/produit\/cpef-elektrischer-kettenflaschenzug-auf-laufkatze\/#breadcrumb"},"inLanguage":"de","potentialAction":[{"@type":"ReadAction","target":["https:\/\/www.ohis.be\/de\/produit\/cpef-elektrischer-kettenflaschenzug-auf-laufkatze\/"]}]},{"@type":"ImageObject","inLanguage":"de","@id":"https:\/\/www.ohis.be\/de\/produit\/cpef-elektrischer-kettenflaschenzug-auf-laufkatze\/#primaryimage","url":"https:\/\/www.ohis.be\/wp-content\/uploads\/2022\/12\/yale-cpe.jpg","contentUrl":"https:\/\/www.ohis.be\/wp-content\/uploads\/2022\/12\/yale-cpe.jpg","width":264,"height":525,"caption":"yale-cpe"},{"@type":"BreadcrumbList","@id":"https:\/\/www.ohis.be\/de\/produit\/cpef-elektrischer-kettenflaschenzug-auf-laufkatze\/#breadcrumb","itemListElement":[{"@type":"ListItem","position":1,"name":"Accueil","item":"https:\/\/www.ohis.be\/de\/"},{"@type":"ListItem","position":2,"name":"Produkte","item":"https:\/\/www.ohis.be\/de\/produkte\/"},{"@type":"ListItem","position":3,"name":"CPEF Elektrischer Kettenflaschenzug auf Laufkatze"}]},{"@type":"WebSite","@id":"https:\/\/www.ohis.be\/#website","url":"https:\/\/www.ohis.be\/","name":"Ohis","description":"Outils de levage","publisher":{"@id":"https:\/\/www.ohis.be\/#organization"},"potentialAction":[{"@type":"SearchAction","target":{"@type":"EntryPoint","urlTemplate":"https:\/\/www.ohis.be\/?s={search_term_string}"},"query-input":{"@type":"PropertyValueSpecification","valueRequired":true,"valueName":"search_term_string"}}],"inLanguage":"de"},{"@type":"Organization","@id":"https:\/\/www.ohis.be\/#organization","name":"Ohis","url":"https:\/\/www.ohis.be\/","logo":{"@type":"ImageObject","inLanguage":"de","@id":"https:\/\/www.ohis.be\/#\/schema\/logo\/image\/","url":"https:\/\/www.ohis.be\/wp-content\/uploads\/2021\/02\/logo-ohis-wit.svg","contentUrl":"https:\/\/www.ohis.be\/wp-content\/uploads\/2021\/02\/logo-ohis-wit.svg","caption":"Ohis"},"image":{"@id":"https:\/\/www.ohis.be\/#\/schema\/logo\/image\/"}}]}},"_links":{"self":[{"href":"https:\/\/www.ohis.be\/de\/wp-json\/wp\/v2\/product\/33964","targetHints":{"allow":["GET"]}}],"collection":[{"href":"https:\/\/www.ohis.be\/de\/wp-json\/wp\/v2\/product"}],"about":[{"href":"https:\/\/www.ohis.be\/de\/wp-json\/wp\/v2\/types\/product"}],"wp:featuredmedia":[{"embeddable":true,"href":"https:\/\/www.ohis.be\/de\/wp-json\/wp\/v2\/media\/19406"}],"wp:attachment":[{"href":"https:\/\/www.ohis.be\/de\/wp-json\/wp\/v2\/media?parent=33964"}],"wp:term":[{"taxonomy":"product_brand","embeddable":true,"href":"https:\/\/www.ohis.be\/de\/wp-json\/wp\/v2\/product_brand?post=33964"},{"taxonomy":"product_cat","embeddable":true,"href":"https:\/\/www.ohis.be\/de\/wp-json\/wp\/v2\/product_cat?post=33964"},{"taxonomy":"product_tag","embeddable":true,"href":"https:\/\/www.ohis.be\/de\/wp-json\/wp\/v2\/product_tag?post=33964"}],"curies":[{"name":"wp","href":"https:\/\/api.w.org\/{rel}","templated":true}]}}