{"id":33940,"date":"2022-12-15T12:17:26","date_gmt":"2022-12-15T11:17:26","guid":{"rendered":"https:\/\/www.ohis.be\/produit\/tigrip-tbl-plus-blechgreifer\/"},"modified":"2022-12-15T12:17:26","modified_gmt":"2022-12-15T11:17:26","slug":"tigrip-tbl-plus-blechgreifer","status":"publish","type":"product","link":"https:\/\/www.ohis.be\/de\/produit\/tigrip-tbl-plus-blechgreifer\/","title":{"rendered":"Tigrip TBL plus Blechgreifer"},"content":{"rendered":"<p>Tragf\u00e4higkeit 500 &#8211; 3.000 kg<\/p>\n<p>Dieser Greifer dient dem vertikalen Transport von einzelnen Blechen und Stahlplatten sowie dem Aufrichten und Wenden bis zu 180\u00b0. Dar\u00fcber hinaus kann der Greifer f\u00fcr den Transport von Stahlkonstruktionen und Profilen usw. eingesetzt werden. Gro\u00dfformatige Bleche und lange Transportg\u00fcter k\u00f6nnen sich durchbiegen. Hierbei empfiehlt sich der paarweise Einsatz der Blechgreifer in Verbindung mit einer Traverse.<\/p>\n<p>Der Greifer wird mittels eines Arretierhebels ge\u00f6ffnet und geschlossen (au\u00dfer beim TBL 0,5 t). Hierdurch erfolgt eine Sicherheitsarretierung \u00fcber eine Federvorspannung. Diese Sicherheitsarretierung gew\u00e4hrleistet, dass ein Abrutschen des Greifers vom Transportgut auch ohne Zugbelastung ausgeschlossen ist.<br \/>\nDer Blechgreifer ist servicefreundlich konstruiert und erlaubt ein m\u00fcheloses und einfaches Austauschen der Verschlei\u00dfteile. Es stehen f\u00fcr jeden Greifer Ersatzteile bzw. Ersatzteilsets zur Verf\u00fcgung. Eine Instandsetzung kann in unserem Werk erfolgen oder von bef\u00e4higten Personen durchgef\u00fchrt werden.<br \/>\nDer TBL 0,5 verf\u00fcgt \u00fcber eine Sicherheitsarretierung mit Federvorspannung, wird jedoch ohne Riegelhebel geliefert.<\/p>\n","protected":false},"excerpt":{"rendered":"<p>Tragf\u00e4higkeit 500 &#8211; 3.000 kg<\/p>\n<p>Dieser Greifer dient dem vertikalen Transport von einzelnen Blechen und Stahlplatten sowie dem Aufrichten und Wenden bis zu 180\u00b0. Dar\u00fcber hinaus kann der Greifer f\u00fcr den Transport von Stahlkonstruktionen und Profilen usw. eingesetzt werden. Gro\u00dfformatige Bleche und lange Transportg\u00fcter k\u00f6nnen sich durchbiegen. Hierbei empfiehlt sich der paarweise Einsatz der Blechgreifer in Verbindung mit einer Traverse.<\/p>\n<p>Der Greifer wird mittels eines Arretierhebels ge\u00f6ffnet und geschlossen (au\u00dfer beim TBL 0,5 t). Hierdurch erfolgt eine Sicherheitsarretierung \u00fcber eine Federvorspannung. Diese Sicherheitsarretierung gew\u00e4hrleistet, dass ein Abrutschen des Greifers vom Transportgut auch ohne Zugbelastung ausgeschlossen ist.<br \/>\nDer Blechgreifer ist servicefreundlich konstruiert und erlaubt ein m\u00fcheloses und einfaches Austauschen der Verschlei\u00dfteile. Es stehen f\u00fcr jeden Greifer Ersatzteile bzw. Ersatzteilsets zur Verf\u00fcgung. Eine Instandsetzung kann in unserem Werk erfolgen oder von bef\u00e4higten Personen durchgef\u00fchrt werden.<br \/>\nDer TBL 0,5 verf\u00fcgt \u00fcber eine Sicherheitsarretierung mit Federvorspannung, wird jedoch ohne Riegelhebel geliefert.<\/p>\n","protected":false},"featured_media":19489,"template":"","meta":{"_acf_changed":false,"inline_featured_image":false},"product_brand":[],"product_cat":[1621],"product_tag":[705],"class_list":{"0":"post-33940","1":"product","2":"type-product","3":"status-publish","4":"has-post-thumbnail","6":"product_cat-klemmen","7":"product_tag-yale-de","9":"first","10":"onbackorder","11":"taxable","12":"shipping-taxable","13":"purchasable","14":"product-type-variable"},"acf":[],"yoast_head":"<!-- This site is optimized with the Yoast SEO plugin v27.4 - https:\/\/yoast.com\/product\/yoast-seo-wordpress\/ -->\n<title>Tigrip TBL plus Blechgreifer - Ohis<\/title>\n<meta name=\"robots\" content=\"index, follow, max-snippet:-1, max-image-preview:large, max-video-preview:-1\" \/>\n<link rel=\"canonical\" href=\"https:\/\/www.ohis.be\/de\/produit\/tigrip-tbl-plus-blechgreifer\/\" \/>\n<meta property=\"og:locale\" content=\"de_DE\" \/>\n<meta property=\"og:type\" content=\"article\" \/>\n<meta property=\"og:title\" content=\"Tigrip TBL plus Blechgreifer - Ohis\" \/>\n<meta property=\"og:description\" content=\"Tragf\u00e4higkeit 500 - 3.000 kg  Dieser Greifer dient dem vertikalen Transport von einzelnen Blechen und Stahlplatten sowie dem Aufrichten und Wenden bis zu 180\u00b0. Dar\u00fcber hinaus kann der Greifer f\u00fcr den Transport von Stahlkonstruktionen und Profilen usw. eingesetzt werden. Gro\u00dfformatige Bleche und lange Transportg\u00fcter k\u00f6nnen sich durchbiegen. Hierbei empfiehlt sich der paarweise Einsatz der Blechgreifer in Verbindung mit einer Traverse.  Der Greifer wird mittels eines Arretierhebels ge\u00f6ffnet und geschlossen (au\u00dfer beim TBL 0,5 t). Hierdurch erfolgt eine Sicherheitsarretierung \u00fcber eine Federvorspannung. Diese Sicherheitsarretierung gew\u00e4hrleistet, dass ein Abrutschen des Greifers vom Transportgut auch ohne Zugbelastung ausgeschlossen ist. Der Blechgreifer ist servicefreundlich konstruiert und erlaubt ein m\u00fcheloses und einfaches Austauschen der Verschlei\u00dfteile. Es stehen f\u00fcr jeden Greifer Ersatzteile bzw. Ersatzteilsets zur Verf\u00fcgung. Eine Instandsetzung kann in unserem Werk erfolgen oder von bef\u00e4higten Personen durchgef\u00fchrt werden. Der TBL 0,5 verf\u00fcgt \u00fcber eine Sicherheitsarretierung mit Federvorspannung, wird jedoch ohne Riegelhebel geliefert.\" \/>\n<meta property=\"og:url\" content=\"https:\/\/www.ohis.be\/de\/produit\/tigrip-tbl-plus-blechgreifer\/\" \/>\n<meta property=\"og:site_name\" content=\"Ohis\" \/>\n<meta property=\"og:image\" content=\"https:\/\/www.ohis.be\/wp-content\/uploads\/2022\/12\/TBL_plus_Composing.jpg\" \/>\n\t<meta property=\"og:image:width\" content=\"532\" \/>\n\t<meta property=\"og:image:height\" content=\"532\" \/>\n\t<meta property=\"og:image:type\" content=\"image\/jpeg\" \/>\n<meta name=\"twitter:card\" content=\"summary_large_image\" \/>\n<meta name=\"twitter:label1\" content=\"Gesch\u00e4tzte Lesezeit\" \/>\n\t<meta name=\"twitter:data1\" content=\"1\u00a0Minute\" \/>\n<script type=\"application\/ld+json\" class=\"yoast-schema-graph\">{\"@context\":\"https:\\\/\\\/schema.org\",\"@graph\":[{\"@type\":\"WebPage\",\"@id\":\"https:\\\/\\\/www.ohis.be\\\/de\\\/produit\\\/tigrip-tbl-plus-blechgreifer\\\/\",\"url\":\"https:\\\/\\\/www.ohis.be\\\/de\\\/produit\\\/tigrip-tbl-plus-blechgreifer\\\/\",\"name\":\"Tigrip TBL plus Blechgreifer - Ohis\",\"isPartOf\":{\"@id\":\"https:\\\/\\\/www.ohis.be\\\/#website\"},\"primaryImageOfPage\":{\"@id\":\"https:\\\/\\\/www.ohis.be\\\/de\\\/produit\\\/tigrip-tbl-plus-blechgreifer\\\/#primaryimage\"},\"image\":{\"@id\":\"https:\\\/\\\/www.ohis.be\\\/de\\\/produit\\\/tigrip-tbl-plus-blechgreifer\\\/#primaryimage\"},\"thumbnailUrl\":\"https:\\\/\\\/www.ohis.be\\\/wp-content\\\/uploads\\\/2022\\\/12\\\/TBL_plus_Composing.jpg\",\"datePublished\":\"2022-12-15T11:17:26+00:00\",\"breadcrumb\":{\"@id\":\"https:\\\/\\\/www.ohis.be\\\/de\\\/produit\\\/tigrip-tbl-plus-blechgreifer\\\/#breadcrumb\"},\"inLanguage\":\"de\",\"potentialAction\":[{\"@type\":\"ReadAction\",\"target\":[\"https:\\\/\\\/www.ohis.be\\\/de\\\/produit\\\/tigrip-tbl-plus-blechgreifer\\\/\"]}]},{\"@type\":\"ImageObject\",\"inLanguage\":\"de\",\"@id\":\"https:\\\/\\\/www.ohis.be\\\/de\\\/produit\\\/tigrip-tbl-plus-blechgreifer\\\/#primaryimage\",\"url\":\"https:\\\/\\\/www.ohis.be\\\/wp-content\\\/uploads\\\/2022\\\/12\\\/TBL_plus_Composing.jpg\",\"contentUrl\":\"https:\\\/\\\/www.ohis.be\\\/wp-content\\\/uploads\\\/2022\\\/12\\\/TBL_plus_Composing.jpg\",\"width\":532,\"height\":532,\"caption\":\"TBL_plus\"},{\"@type\":\"BreadcrumbList\",\"@id\":\"https:\\\/\\\/www.ohis.be\\\/de\\\/produit\\\/tigrip-tbl-plus-blechgreifer\\\/#breadcrumb\",\"itemListElement\":[{\"@type\":\"ListItem\",\"position\":1,\"name\":\"Accueil\",\"item\":\"https:\\\/\\\/www.ohis.be\\\/de\\\/\"},{\"@type\":\"ListItem\",\"position\":2,\"name\":\"Produkte\",\"item\":\"https:\\\/\\\/www.ohis.be\\\/de\\\/produkte\\\/\"},{\"@type\":\"ListItem\",\"position\":3,\"name\":\"Tigrip TBL plus Blechgreifer\"}]},{\"@type\":\"WebSite\",\"@id\":\"https:\\\/\\\/www.ohis.be\\\/#website\",\"url\":\"https:\\\/\\\/www.ohis.be\\\/\",\"name\":\"Ohis\",\"description\":\"Outils de levage\",\"publisher\":{\"@id\":\"https:\\\/\\\/www.ohis.be\\\/#organization\"},\"potentialAction\":[{\"@type\":\"SearchAction\",\"target\":{\"@type\":\"EntryPoint\",\"urlTemplate\":\"https:\\\/\\\/www.ohis.be\\\/?s={search_term_string}\"},\"query-input\":{\"@type\":\"PropertyValueSpecification\",\"valueRequired\":true,\"valueName\":\"search_term_string\"}}],\"inLanguage\":\"de\"},{\"@type\":\"Organization\",\"@id\":\"https:\\\/\\\/www.ohis.be\\\/#organization\",\"name\":\"Ohis\",\"url\":\"https:\\\/\\\/www.ohis.be\\\/\",\"logo\":{\"@type\":\"ImageObject\",\"inLanguage\":\"de\",\"@id\":\"https:\\\/\\\/www.ohis.be\\\/#\\\/schema\\\/logo\\\/image\\\/\",\"url\":\"https:\\\/\\\/www.ohis.be\\\/wp-content\\\/uploads\\\/2021\\\/02\\\/logo-ohis-wit.svg\",\"contentUrl\":\"https:\\\/\\\/www.ohis.be\\\/wp-content\\\/uploads\\\/2021\\\/02\\\/logo-ohis-wit.svg\",\"caption\":\"Ohis\"},\"image\":{\"@id\":\"https:\\\/\\\/www.ohis.be\\\/#\\\/schema\\\/logo\\\/image\\\/\"}}]}<\/script>\n<!-- \/ Yoast SEO plugin. -->","yoast_head_json":{"title":"Tigrip TBL plus Blechgreifer - Ohis","robots":{"index":"index","follow":"follow","max-snippet":"max-snippet:-1","max-image-preview":"max-image-preview:large","max-video-preview":"max-video-preview:-1"},"canonical":"https:\/\/www.ohis.be\/de\/produit\/tigrip-tbl-plus-blechgreifer\/","og_locale":"de_DE","og_type":"article","og_title":"Tigrip TBL plus Blechgreifer - Ohis","og_description":"Tragf\u00e4higkeit 500 - 3.000 kg  Dieser Greifer dient dem vertikalen Transport von einzelnen Blechen und Stahlplatten sowie dem Aufrichten und Wenden bis zu 180\u00b0. Dar\u00fcber hinaus kann der Greifer f\u00fcr den Transport von Stahlkonstruktionen und Profilen usw. eingesetzt werden. Gro\u00dfformatige Bleche und lange Transportg\u00fcter k\u00f6nnen sich durchbiegen. Hierbei empfiehlt sich der paarweise Einsatz der Blechgreifer in Verbindung mit einer Traverse.  Der Greifer wird mittels eines Arretierhebels ge\u00f6ffnet und geschlossen (au\u00dfer beim TBL 0,5 t). Hierdurch erfolgt eine Sicherheitsarretierung \u00fcber eine Federvorspannung. Diese Sicherheitsarretierung gew\u00e4hrleistet, dass ein Abrutschen des Greifers vom Transportgut auch ohne Zugbelastung ausgeschlossen ist. Der Blechgreifer ist servicefreundlich konstruiert und erlaubt ein m\u00fcheloses und einfaches Austauschen der Verschlei\u00dfteile. Es stehen f\u00fcr jeden Greifer Ersatzteile bzw. Ersatzteilsets zur Verf\u00fcgung. Eine Instandsetzung kann in unserem Werk erfolgen oder von bef\u00e4higten Personen durchgef\u00fchrt werden. Der TBL 0,5 verf\u00fcgt \u00fcber eine Sicherheitsarretierung mit Federvorspannung, wird jedoch ohne Riegelhebel geliefert.","og_url":"https:\/\/www.ohis.be\/de\/produit\/tigrip-tbl-plus-blechgreifer\/","og_site_name":"Ohis","og_image":[{"width":532,"height":532,"url":"https:\/\/www.ohis.be\/wp-content\/uploads\/2022\/12\/TBL_plus_Composing.jpg","type":"image\/jpeg"}],"twitter_card":"summary_large_image","twitter_misc":{"Gesch\u00e4tzte Lesezeit":"1\u00a0Minute"},"schema":{"@context":"https:\/\/schema.org","@graph":[{"@type":"WebPage","@id":"https:\/\/www.ohis.be\/de\/produit\/tigrip-tbl-plus-blechgreifer\/","url":"https:\/\/www.ohis.be\/de\/produit\/tigrip-tbl-plus-blechgreifer\/","name":"Tigrip TBL plus Blechgreifer - Ohis","isPartOf":{"@id":"https:\/\/www.ohis.be\/#website"},"primaryImageOfPage":{"@id":"https:\/\/www.ohis.be\/de\/produit\/tigrip-tbl-plus-blechgreifer\/#primaryimage"},"image":{"@id":"https:\/\/www.ohis.be\/de\/produit\/tigrip-tbl-plus-blechgreifer\/#primaryimage"},"thumbnailUrl":"https:\/\/www.ohis.be\/wp-content\/uploads\/2022\/12\/TBL_plus_Composing.jpg","datePublished":"2022-12-15T11:17:26+00:00","breadcrumb":{"@id":"https:\/\/www.ohis.be\/de\/produit\/tigrip-tbl-plus-blechgreifer\/#breadcrumb"},"inLanguage":"de","potentialAction":[{"@type":"ReadAction","target":["https:\/\/www.ohis.be\/de\/produit\/tigrip-tbl-plus-blechgreifer\/"]}]},{"@type":"ImageObject","inLanguage":"de","@id":"https:\/\/www.ohis.be\/de\/produit\/tigrip-tbl-plus-blechgreifer\/#primaryimage","url":"https:\/\/www.ohis.be\/wp-content\/uploads\/2022\/12\/TBL_plus_Composing.jpg","contentUrl":"https:\/\/www.ohis.be\/wp-content\/uploads\/2022\/12\/TBL_plus_Composing.jpg","width":532,"height":532,"caption":"TBL_plus"},{"@type":"BreadcrumbList","@id":"https:\/\/www.ohis.be\/de\/produit\/tigrip-tbl-plus-blechgreifer\/#breadcrumb","itemListElement":[{"@type":"ListItem","position":1,"name":"Accueil","item":"https:\/\/www.ohis.be\/de\/"},{"@type":"ListItem","position":2,"name":"Produkte","item":"https:\/\/www.ohis.be\/de\/produkte\/"},{"@type":"ListItem","position":3,"name":"Tigrip TBL plus Blechgreifer"}]},{"@type":"WebSite","@id":"https:\/\/www.ohis.be\/#website","url":"https:\/\/www.ohis.be\/","name":"Ohis","description":"Outils de levage","publisher":{"@id":"https:\/\/www.ohis.be\/#organization"},"potentialAction":[{"@type":"SearchAction","target":{"@type":"EntryPoint","urlTemplate":"https:\/\/www.ohis.be\/?s={search_term_string}"},"query-input":{"@type":"PropertyValueSpecification","valueRequired":true,"valueName":"search_term_string"}}],"inLanguage":"de"},{"@type":"Organization","@id":"https:\/\/www.ohis.be\/#organization","name":"Ohis","url":"https:\/\/www.ohis.be\/","logo":{"@type":"ImageObject","inLanguage":"de","@id":"https:\/\/www.ohis.be\/#\/schema\/logo\/image\/","url":"https:\/\/www.ohis.be\/wp-content\/uploads\/2021\/02\/logo-ohis-wit.svg","contentUrl":"https:\/\/www.ohis.be\/wp-content\/uploads\/2021\/02\/logo-ohis-wit.svg","caption":"Ohis"},"image":{"@id":"https:\/\/www.ohis.be\/#\/schema\/logo\/image\/"}}]}},"_links":{"self":[{"href":"https:\/\/www.ohis.be\/de\/wp-json\/wp\/v2\/product\/33940","targetHints":{"allow":["GET"]}}],"collection":[{"href":"https:\/\/www.ohis.be\/de\/wp-json\/wp\/v2\/product"}],"about":[{"href":"https:\/\/www.ohis.be\/de\/wp-json\/wp\/v2\/types\/product"}],"wp:featuredmedia":[{"embeddable":true,"href":"https:\/\/www.ohis.be\/de\/wp-json\/wp\/v2\/media\/19489"}],"wp:attachment":[{"href":"https:\/\/www.ohis.be\/de\/wp-json\/wp\/v2\/media?parent=33940"}],"wp:term":[{"taxonomy":"product_brand","embeddable":true,"href":"https:\/\/www.ohis.be\/de\/wp-json\/wp\/v2\/product_brand?post=33940"},{"taxonomy":"product_cat","embeddable":true,"href":"https:\/\/www.ohis.be\/de\/wp-json\/wp\/v2\/product_cat?post=33940"},{"taxonomy":"product_tag","embeddable":true,"href":"https:\/\/www.ohis.be\/de\/wp-json\/wp\/v2\/product_tag?post=33940"}],"curies":[{"name":"wp","href":"https:\/\/api.w.org\/{rel}","templated":true}]}}