{"id":33927,"date":"2022-12-16T10:49:06","date_gmt":"2022-12-16T09:49:06","guid":{"rendered":"https:\/\/www.ohis.be\/produit\/tigrip-tpm-flachmaterial-permanent-lasthebemagnete\/"},"modified":"2022-12-16T10:49:06","modified_gmt":"2022-12-16T09:49:06","slug":"tigrip-tpm-flachmaterial-permanent-lasthebemagnete","status":"publish","type":"product","link":"https:\/\/www.ohis.be\/de\/produit\/tigrip-tpm-flachmaterial-permanent-lasthebemagnete\/","title":{"rendered":"Tigrip TPM-Flachmaterial Permanent-Lasthebemagnete"},"content":{"rendered":"<p>Tragf\u00e4higkeit 100 &#8211; 3.000 kg (Flachmaterial)<br \/>\n50 &#8211; 1.500 kg (Rundmaterial)<br \/>\nDie Lasthebemagnete TPM sind ideal zum einfachen, schnellen, und damit wirtschaftlichen Transport schwerer Werkst\u00fccke aus ferromagnetischem Material. Einsatzbereiche sind Werkstatt und Lager, die Be- und Entladung von Maschinen sowie der Vorrichtungsbau.<\/p>\n<p>Kleine Abmessungen machen die Lasthebemagnete f\u00fcr eine Vielzahl weiterer Anwendungen attraktiv.<\/p>\n<p>Die Last wird nicht mechanisch beeinflusst, es k\u00f6nnen sowohl flache, als auch runde Materialien aufgenommen werden. Das leistungsf\u00e4hige Magnetmaterial erm\u00f6glicht eine gro\u00dfe Hebekraft bei niedrigem Gewicht.<br \/>\nDie Permanentmagnete ben\u00f6tigen keine elektrische Versorgung, nach erfolgter Abschaltung ist nur ein geringer Restmagnetismus vorhanden.<\/p>\n<p>Das Ein- und Ausschalten erfolgt komfortabel durch das Umlegen eines Handhebels. Im aktivierten Zustand ist der Bedienhebel durch eine Sicherheitsverriegelung gesperrt, so dass ein unbeabsichtigtes Entmagnetisieren verhindert wird.<\/p>\n<p>Aus Sicherheitsgr\u00fcnden empfehlen wir bei der Auswahl der Magnete die verschiedenen Bedingungen wie Oberfl\u00e4chenbeschaffenheit, Materiallegierung und Plattendicke der Werkstoffe zu ber\u00fccksichtigen (siehe Tabelle).<\/p>\n","protected":false},"excerpt":{"rendered":"<p>Tragf\u00e4higkeit 100 &#8211; 3.000 kg (Flachmaterial)<br \/>\n50 &#8211; 1.500 kg (Rundmaterial)<br \/>\nDie Lasthebemagnete TPM sind ideal zum einfachen, schnellen, und damit wirtschaftlichen Transport schwerer Werkst\u00fccke aus ferromagnetischem Material. Einsatzbereiche sind Werkstatt und Lager, die Be- und Entladung von Maschinen sowie der Vorrichtungsbau.<\/p>\n<p>Kleine Abmessungen machen die Lasthebemagnete f\u00fcr eine Vielzahl weiterer Anwendungen attraktiv.<\/p>\n<p>Die Last wird nicht mechanisch beeinflusst, es k\u00f6nnen sowohl flache, als auch runde Materialien aufgenommen werden. Das leistungsf\u00e4hige Magnetmaterial erm\u00f6glicht eine gro\u00dfe Hebekraft bei niedrigem Gewicht.<br \/>\nDie Permanentmagnete ben\u00f6tigen keine elektrische Versorgung, nach erfolgter Abschaltung ist nur ein geringer Restmagnetismus vorhanden.<\/p>\n<p>Das Ein- und Ausschalten erfolgt komfortabel durch das Umlegen eines Handhebels. Im aktivierten Zustand ist der Bedienhebel durch eine Sicherheitsverriegelung gesperrt, so dass ein unbeabsichtigtes Entmagnetisieren verhindert wird.<\/p>\n<p>Aus Sicherheitsgr\u00fcnden empfehlen wir bei der Auswahl der Magnete die verschiedenen Bedingungen wie Oberfl\u00e4chenbeschaffenheit, Materiallegierung und Plattendicke der Werkstoffe zu ber\u00fccksichtigen (siehe Tabelle).<\/p>\n","protected":false},"featured_media":19632,"template":"","meta":{"_acf_changed":false,"inline_featured_image":false},"product_brand":[],"product_cat":[329],"product_tag":[705],"class_list":{"0":"post-33927","1":"product","2":"type-product","3":"status-publish","4":"has-post-thumbnail","6":"product_cat-magnete","7":"product_tag-yale-de","9":"first","10":"onbackorder","11":"taxable","12":"shipping-taxable","13":"purchasable","14":"product-type-variable"},"acf":[],"yoast_head":"<!-- This site is optimized with the Yoast SEO plugin v27.4 - https:\/\/yoast.com\/product\/yoast-seo-wordpress\/ -->\n<title>Tigrip TPM-Flachmaterial Permanent-Lasthebemagnete - Ohis<\/title>\n<meta name=\"robots\" content=\"index, follow, max-snippet:-1, max-image-preview:large, max-video-preview:-1\" \/>\n<link rel=\"canonical\" href=\"https:\/\/www.ohis.be\/de\/produit\/tigrip-tpm-flachmaterial-permanent-lasthebemagnete\/\" \/>\n<meta property=\"og:locale\" content=\"de_DE\" \/>\n<meta property=\"og:type\" content=\"article\" \/>\n<meta property=\"og:title\" content=\"Tigrip TPM-Flachmaterial Permanent-Lasthebemagnete - Ohis\" \/>\n<meta property=\"og:description\" content=\"Tragf\u00e4higkeit 100 - 3.000 kg (Flachmaterial) 50 - 1.500 kg (Rundmaterial) Die Lasthebemagnete TPM sind ideal zum einfachen, schnellen, und damit wirtschaftlichen Transport schwerer Werkst\u00fccke aus ferromagnetischem Material. Einsatzbereiche sind Werkstatt und Lager, die Be- und Entladung von Maschinen sowie der Vorrichtungsbau.  Kleine Abmessungen machen die Lasthebemagnete f\u00fcr eine Vielzahl weiterer Anwendungen attraktiv.  Die Last wird nicht mechanisch beeinflusst, es k\u00f6nnen sowohl flache, als auch runde Materialien aufgenommen werden. Das leistungsf\u00e4hige Magnetmaterial erm\u00f6glicht eine gro\u00dfe Hebekraft bei niedrigem Gewicht. Die Permanentmagnete ben\u00f6tigen keine elektrische Versorgung, nach erfolgter Abschaltung ist nur ein geringer Restmagnetismus vorhanden.  Das Ein- und Ausschalten erfolgt komfortabel durch das Umlegen eines Handhebels. Im aktivierten Zustand ist der Bedienhebel durch eine Sicherheitsverriegelung gesperrt, so dass ein unbeabsichtigtes Entmagnetisieren verhindert wird.  Aus Sicherheitsgr\u00fcnden empfehlen wir bei der Auswahl der Magnete die verschiedenen Bedingungen wie Oberfl\u00e4chenbeschaffenheit, Materiallegierung und Plattendicke der Werkstoffe zu ber\u00fccksichtigen (siehe Tabelle).\" \/>\n<meta property=\"og:url\" content=\"https:\/\/www.ohis.be\/de\/produit\/tigrip-tpm-flachmaterial-permanent-lasthebemagnete\/\" \/>\n<meta property=\"og:site_name\" content=\"Ohis\" \/>\n<meta property=\"og:image\" content=\"https:\/\/www.ohis.be\/wp-content\/uploads\/2022\/12\/TPM_Gruppe.jpg\" \/>\n\t<meta property=\"og:image:width\" content=\"1647\" \/>\n\t<meta property=\"og:image:height\" content=\"897\" \/>\n\t<meta property=\"og:image:type\" content=\"image\/jpeg\" \/>\n<meta name=\"twitter:card\" content=\"summary_large_image\" \/>\n<meta name=\"twitter:label1\" content=\"Gesch\u00e4tzte Lesezeit\" \/>\n\t<meta name=\"twitter:data1\" content=\"1\u00a0Minute\" \/>\n<script type=\"application\/ld+json\" class=\"yoast-schema-graph\">{\"@context\":\"https:\\\/\\\/schema.org\",\"@graph\":[{\"@type\":\"WebPage\",\"@id\":\"https:\\\/\\\/www.ohis.be\\\/de\\\/produit\\\/tigrip-tpm-flachmaterial-permanent-lasthebemagnete\\\/\",\"url\":\"https:\\\/\\\/www.ohis.be\\\/de\\\/produit\\\/tigrip-tpm-flachmaterial-permanent-lasthebemagnete\\\/\",\"name\":\"Tigrip TPM-Flachmaterial Permanent-Lasthebemagnete - Ohis\",\"isPartOf\":{\"@id\":\"https:\\\/\\\/www.ohis.be\\\/#website\"},\"primaryImageOfPage\":{\"@id\":\"https:\\\/\\\/www.ohis.be\\\/de\\\/produit\\\/tigrip-tpm-flachmaterial-permanent-lasthebemagnete\\\/#primaryimage\"},\"image\":{\"@id\":\"https:\\\/\\\/www.ohis.be\\\/de\\\/produit\\\/tigrip-tpm-flachmaterial-permanent-lasthebemagnete\\\/#primaryimage\"},\"thumbnailUrl\":\"https:\\\/\\\/www.ohis.be\\\/wp-content\\\/uploads\\\/2022\\\/12\\\/TPM_Gruppe.jpg\",\"datePublished\":\"2022-12-16T09:49:06+00:00\",\"breadcrumb\":{\"@id\":\"https:\\\/\\\/www.ohis.be\\\/de\\\/produit\\\/tigrip-tpm-flachmaterial-permanent-lasthebemagnete\\\/#breadcrumb\"},\"inLanguage\":\"de\",\"potentialAction\":[{\"@type\":\"ReadAction\",\"target\":[\"https:\\\/\\\/www.ohis.be\\\/de\\\/produit\\\/tigrip-tpm-flachmaterial-permanent-lasthebemagnete\\\/\"]}]},{\"@type\":\"ImageObject\",\"inLanguage\":\"de\",\"@id\":\"https:\\\/\\\/www.ohis.be\\\/de\\\/produit\\\/tigrip-tpm-flachmaterial-permanent-lasthebemagnete\\\/#primaryimage\",\"url\":\"https:\\\/\\\/www.ohis.be\\\/wp-content\\\/uploads\\\/2022\\\/12\\\/TPM_Gruppe.jpg\",\"contentUrl\":\"https:\\\/\\\/www.ohis.be\\\/wp-content\\\/uploads\\\/2022\\\/12\\\/TPM_Gruppe.jpg\",\"width\":1647,\"height\":897,\"caption\":\"TPM\"},{\"@type\":\"BreadcrumbList\",\"@id\":\"https:\\\/\\\/www.ohis.be\\\/de\\\/produit\\\/tigrip-tpm-flachmaterial-permanent-lasthebemagnete\\\/#breadcrumb\",\"itemListElement\":[{\"@type\":\"ListItem\",\"position\":1,\"name\":\"Accueil\",\"item\":\"https:\\\/\\\/www.ohis.be\\\/de\\\/\"},{\"@type\":\"ListItem\",\"position\":2,\"name\":\"Produkte\",\"item\":\"https:\\\/\\\/www.ohis.be\\\/de\\\/produkte\\\/\"},{\"@type\":\"ListItem\",\"position\":3,\"name\":\"Tigrip TPM-Flachmaterial Permanent-Lasthebemagnete\"}]},{\"@type\":\"WebSite\",\"@id\":\"https:\\\/\\\/www.ohis.be\\\/#website\",\"url\":\"https:\\\/\\\/www.ohis.be\\\/\",\"name\":\"Ohis\",\"description\":\"Outils de levage\",\"publisher\":{\"@id\":\"https:\\\/\\\/www.ohis.be\\\/#organization\"},\"potentialAction\":[{\"@type\":\"SearchAction\",\"target\":{\"@type\":\"EntryPoint\",\"urlTemplate\":\"https:\\\/\\\/www.ohis.be\\\/?s={search_term_string}\"},\"query-input\":{\"@type\":\"PropertyValueSpecification\",\"valueRequired\":true,\"valueName\":\"search_term_string\"}}],\"inLanguage\":\"de\"},{\"@type\":\"Organization\",\"@id\":\"https:\\\/\\\/www.ohis.be\\\/#organization\",\"name\":\"Ohis\",\"url\":\"https:\\\/\\\/www.ohis.be\\\/\",\"logo\":{\"@type\":\"ImageObject\",\"inLanguage\":\"de\",\"@id\":\"https:\\\/\\\/www.ohis.be\\\/#\\\/schema\\\/logo\\\/image\\\/\",\"url\":\"https:\\\/\\\/www.ohis.be\\\/wp-content\\\/uploads\\\/2021\\\/02\\\/logo-ohis-wit.svg\",\"contentUrl\":\"https:\\\/\\\/www.ohis.be\\\/wp-content\\\/uploads\\\/2021\\\/02\\\/logo-ohis-wit.svg\",\"caption\":\"Ohis\"},\"image\":{\"@id\":\"https:\\\/\\\/www.ohis.be\\\/#\\\/schema\\\/logo\\\/image\\\/\"}}]}<\/script>\n<!-- \/ Yoast SEO plugin. -->","yoast_head_json":{"title":"Tigrip TPM-Flachmaterial Permanent-Lasthebemagnete - Ohis","robots":{"index":"index","follow":"follow","max-snippet":"max-snippet:-1","max-image-preview":"max-image-preview:large","max-video-preview":"max-video-preview:-1"},"canonical":"https:\/\/www.ohis.be\/de\/produit\/tigrip-tpm-flachmaterial-permanent-lasthebemagnete\/","og_locale":"de_DE","og_type":"article","og_title":"Tigrip TPM-Flachmaterial Permanent-Lasthebemagnete - Ohis","og_description":"Tragf\u00e4higkeit 100 - 3.000 kg (Flachmaterial) 50 - 1.500 kg (Rundmaterial) Die Lasthebemagnete TPM sind ideal zum einfachen, schnellen, und damit wirtschaftlichen Transport schwerer Werkst\u00fccke aus ferromagnetischem Material. Einsatzbereiche sind Werkstatt und Lager, die Be- und Entladung von Maschinen sowie der Vorrichtungsbau.  Kleine Abmessungen machen die Lasthebemagnete f\u00fcr eine Vielzahl weiterer Anwendungen attraktiv.  Die Last wird nicht mechanisch beeinflusst, es k\u00f6nnen sowohl flache, als auch runde Materialien aufgenommen werden. Das leistungsf\u00e4hige Magnetmaterial erm\u00f6glicht eine gro\u00dfe Hebekraft bei niedrigem Gewicht. Die Permanentmagnete ben\u00f6tigen keine elektrische Versorgung, nach erfolgter Abschaltung ist nur ein geringer Restmagnetismus vorhanden.  Das Ein- und Ausschalten erfolgt komfortabel durch das Umlegen eines Handhebels. Im aktivierten Zustand ist der Bedienhebel durch eine Sicherheitsverriegelung gesperrt, so dass ein unbeabsichtigtes Entmagnetisieren verhindert wird.  Aus Sicherheitsgr\u00fcnden empfehlen wir bei der Auswahl der Magnete die verschiedenen Bedingungen wie Oberfl\u00e4chenbeschaffenheit, Materiallegierung und Plattendicke der Werkstoffe zu ber\u00fccksichtigen (siehe Tabelle).","og_url":"https:\/\/www.ohis.be\/de\/produit\/tigrip-tpm-flachmaterial-permanent-lasthebemagnete\/","og_site_name":"Ohis","og_image":[{"width":1647,"height":897,"url":"https:\/\/www.ohis.be\/wp-content\/uploads\/2022\/12\/TPM_Gruppe.jpg","type":"image\/jpeg"}],"twitter_card":"summary_large_image","twitter_misc":{"Gesch\u00e4tzte Lesezeit":"1\u00a0Minute"},"schema":{"@context":"https:\/\/schema.org","@graph":[{"@type":"WebPage","@id":"https:\/\/www.ohis.be\/de\/produit\/tigrip-tpm-flachmaterial-permanent-lasthebemagnete\/","url":"https:\/\/www.ohis.be\/de\/produit\/tigrip-tpm-flachmaterial-permanent-lasthebemagnete\/","name":"Tigrip TPM-Flachmaterial Permanent-Lasthebemagnete - Ohis","isPartOf":{"@id":"https:\/\/www.ohis.be\/#website"},"primaryImageOfPage":{"@id":"https:\/\/www.ohis.be\/de\/produit\/tigrip-tpm-flachmaterial-permanent-lasthebemagnete\/#primaryimage"},"image":{"@id":"https:\/\/www.ohis.be\/de\/produit\/tigrip-tpm-flachmaterial-permanent-lasthebemagnete\/#primaryimage"},"thumbnailUrl":"https:\/\/www.ohis.be\/wp-content\/uploads\/2022\/12\/TPM_Gruppe.jpg","datePublished":"2022-12-16T09:49:06+00:00","breadcrumb":{"@id":"https:\/\/www.ohis.be\/de\/produit\/tigrip-tpm-flachmaterial-permanent-lasthebemagnete\/#breadcrumb"},"inLanguage":"de","potentialAction":[{"@type":"ReadAction","target":["https:\/\/www.ohis.be\/de\/produit\/tigrip-tpm-flachmaterial-permanent-lasthebemagnete\/"]}]},{"@type":"ImageObject","inLanguage":"de","@id":"https:\/\/www.ohis.be\/de\/produit\/tigrip-tpm-flachmaterial-permanent-lasthebemagnete\/#primaryimage","url":"https:\/\/www.ohis.be\/wp-content\/uploads\/2022\/12\/TPM_Gruppe.jpg","contentUrl":"https:\/\/www.ohis.be\/wp-content\/uploads\/2022\/12\/TPM_Gruppe.jpg","width":1647,"height":897,"caption":"TPM"},{"@type":"BreadcrumbList","@id":"https:\/\/www.ohis.be\/de\/produit\/tigrip-tpm-flachmaterial-permanent-lasthebemagnete\/#breadcrumb","itemListElement":[{"@type":"ListItem","position":1,"name":"Accueil","item":"https:\/\/www.ohis.be\/de\/"},{"@type":"ListItem","position":2,"name":"Produkte","item":"https:\/\/www.ohis.be\/de\/produkte\/"},{"@type":"ListItem","position":3,"name":"Tigrip TPM-Flachmaterial Permanent-Lasthebemagnete"}]},{"@type":"WebSite","@id":"https:\/\/www.ohis.be\/#website","url":"https:\/\/www.ohis.be\/","name":"Ohis","description":"Outils de levage","publisher":{"@id":"https:\/\/www.ohis.be\/#organization"},"potentialAction":[{"@type":"SearchAction","target":{"@type":"EntryPoint","urlTemplate":"https:\/\/www.ohis.be\/?s={search_term_string}"},"query-input":{"@type":"PropertyValueSpecification","valueRequired":true,"valueName":"search_term_string"}}],"inLanguage":"de"},{"@type":"Organization","@id":"https:\/\/www.ohis.be\/#organization","name":"Ohis","url":"https:\/\/www.ohis.be\/","logo":{"@type":"ImageObject","inLanguage":"de","@id":"https:\/\/www.ohis.be\/#\/schema\/logo\/image\/","url":"https:\/\/www.ohis.be\/wp-content\/uploads\/2021\/02\/logo-ohis-wit.svg","contentUrl":"https:\/\/www.ohis.be\/wp-content\/uploads\/2021\/02\/logo-ohis-wit.svg","caption":"Ohis"},"image":{"@id":"https:\/\/www.ohis.be\/#\/schema\/logo\/image\/"}}]}},"_links":{"self":[{"href":"https:\/\/www.ohis.be\/de\/wp-json\/wp\/v2\/product\/33927","targetHints":{"allow":["GET"]}}],"collection":[{"href":"https:\/\/www.ohis.be\/de\/wp-json\/wp\/v2\/product"}],"about":[{"href":"https:\/\/www.ohis.be\/de\/wp-json\/wp\/v2\/types\/product"}],"wp:featuredmedia":[{"embeddable":true,"href":"https:\/\/www.ohis.be\/de\/wp-json\/wp\/v2\/media\/19632"}],"wp:attachment":[{"href":"https:\/\/www.ohis.be\/de\/wp-json\/wp\/v2\/media?parent=33927"}],"wp:term":[{"taxonomy":"product_brand","embeddable":true,"href":"https:\/\/www.ohis.be\/de\/wp-json\/wp\/v2\/product_brand?post=33927"},{"taxonomy":"product_cat","embeddable":true,"href":"https:\/\/www.ohis.be\/de\/wp-json\/wp\/v2\/product_cat?post=33927"},{"taxonomy":"product_tag","embeddable":true,"href":"https:\/\/www.ohis.be\/de\/wp-json\/wp\/v2\/product_tag?post=33927"}],"curies":[{"name":"wp","href":"https:\/\/api.w.org\/{rel}","templated":true}]}}