{"id":33819,"date":"2022-12-16T09:24:43","date_gmt":"2022-12-16T08:24:43","guid":{"rendered":"https:\/\/www.ohis.be\/produit\/tigrip-tbl-blechgreifer\/"},"modified":"2022-12-16T09:24:43","modified_gmt":"2022-12-16T08:24:43","slug":"tigrip-tbl-blechgreifer","status":"publish","type":"product","link":"https:\/\/www.ohis.be\/de\/produit\/tigrip-tbl-blechgreifer\/","title":{"rendered":"Tigrip TBL Blechgreifer"},"content":{"rendered":"<p>Dieser Greifer dient dem vertikalen Transport von einzelnen Blechen und Stahlplatten sowie dem Aufrichten und Wenden bis zu 180\u00b0. Dar\u00fcber hinaus kann der Greifer f\u00fcr den Transport von Stahlkonstruktionen und Profilen usw. eingesetzt werden. Gro\u00dfformatige Bleche und lange Transportg\u00fcter k\u00f6nnen sich durchbiegen. Hierbei empfiehlt sich der paarweise Einsatz der Blechgreifer in Verbindung mit einer Traverse.<\/p>\n<p>Der Blechgreifer ist servicefreundlich konstruiert und erlaubt ein m\u00fcheloses und einfaches Austauschen der Verschlei\u00dfteile. Es stehen f\u00fcr jeden Greifer Ersatzteile bzw. Ersatzteilsets zur Verf\u00fcgung. Eine Instandsetzung kann in unserem Werk erfolgen oder von bef\u00e4higten Personen durchgef\u00fchrt werden.<br \/>\nDer TBL 0,5 verf\u00fcgt \u00fcber eine Sicherheitsarretierung mit Federvorspannung, wird jedoch ohne Riegelhebel geliefert.<\/p>\n","protected":false},"excerpt":{"rendered":"<p>Dieser Greifer dient dem vertikalen Transport von einzelnen Blechen und Stahlplatten sowie dem Aufrichten und Wenden bis zu 180\u00b0. Dar\u00fcber hinaus kann der Greifer f\u00fcr den Transport von Stahlkonstruktionen und Profilen usw. eingesetzt werden. Gro\u00dfformatige Bleche und lange Transportg\u00fcter k\u00f6nnen sich durchbiegen. Hierbei empfiehlt sich der paarweise Einsatz der Blechgreifer in Verbindung mit einer Traverse.<\/p>\n<p>Der Blechgreifer ist servicefreundlich konstruiert und erlaubt ein m\u00fcheloses und einfaches Austauschen der Verschlei\u00dfteile. Es stehen f\u00fcr jeden Greifer Ersatzteile bzw. Ersatzteilsets zur Verf\u00fcgung. Eine Instandsetzung kann in unserem Werk erfolgen oder von bef\u00e4higten Personen durchgef\u00fchrt werden.<br \/>\nDer TBL 0,5 verf\u00fcgt \u00fcber eine Sicherheitsarretierung mit Federvorspannung, wird jedoch ohne Riegelhebel geliefert.<\/p>\n","protected":false},"featured_media":19473,"template":"","meta":{"_acf_changed":false,"inline_featured_image":false},"product_brand":[],"product_cat":[1621],"product_tag":[705],"class_list":{"0":"post-33819","1":"product","2":"type-product","3":"status-publish","4":"has-post-thumbnail","6":"product_cat-klemmen","7":"product_tag-yale-de","9":"first","10":"onbackorder","11":"taxable","12":"shipping-taxable","13":"purchasable","14":"product-type-variable"},"acf":[],"yoast_head":"<!-- This site is optimized with the Yoast SEO plugin v27.5 - https:\/\/yoast.com\/product\/yoast-seo-wordpress\/ -->\n<title>Tigrip TBL Blechgreifer - Ohis<\/title>\n<meta name=\"robots\" content=\"index, follow, max-snippet:-1, max-image-preview:large, max-video-preview:-1\" \/>\n<link rel=\"canonical\" href=\"https:\/\/www.ohis.be\/de\/produit\/tigrip-tbl-blechgreifer\/\" \/>\n<meta property=\"og:locale\" content=\"de_DE\" \/>\n<meta property=\"og:type\" content=\"article\" \/>\n<meta property=\"og:title\" content=\"Tigrip TBL Blechgreifer - Ohis\" \/>\n<meta property=\"og:description\" content=\"Dieser Greifer dient dem vertikalen Transport von einzelnen Blechen und Stahlplatten sowie dem Aufrichten und Wenden bis zu 180\u00b0. Dar\u00fcber hinaus kann der Greifer f\u00fcr den Transport von Stahlkonstruktionen und Profilen usw. eingesetzt werden. Gro\u00dfformatige Bleche und lange Transportg\u00fcter k\u00f6nnen sich durchbiegen. Hierbei empfiehlt sich der paarweise Einsatz der Blechgreifer in Verbindung mit einer Traverse.  Der Blechgreifer ist servicefreundlich konstruiert und erlaubt ein m\u00fcheloses und einfaches Austauschen der Verschlei\u00dfteile. Es stehen f\u00fcr jeden Greifer Ersatzteile bzw. Ersatzteilsets zur Verf\u00fcgung. Eine Instandsetzung kann in unserem Werk erfolgen oder von bef\u00e4higten Personen durchgef\u00fchrt werden. Der TBL 0,5 verf\u00fcgt \u00fcber eine Sicherheitsarretierung mit Federvorspannung, wird jedoch ohne Riegelhebel geliefert.\" \/>\n<meta property=\"og:url\" content=\"https:\/\/www.ohis.be\/de\/produit\/tigrip-tbl-blechgreifer\/\" \/>\n<meta property=\"og:site_name\" content=\"Ohis\" \/>\n<meta property=\"og:image\" content=\"https:\/\/www.ohis.be\/wp-content\/uploads\/2022\/12\/TBL_Anw2.jpg\" \/>\n\t<meta property=\"og:image:width\" content=\"328\" \/>\n\t<meta property=\"og:image:height\" content=\"438\" \/>\n\t<meta property=\"og:image:type\" content=\"image\/jpeg\" \/>\n<meta name=\"twitter:card\" content=\"summary_large_image\" \/>\n<meta name=\"twitter:label1\" content=\"Gesch\u00e4tzte Lesezeit\" \/>\n\t<meta name=\"twitter:data1\" content=\"1\u00a0Minute\" \/>\n<script type=\"application\/ld+json\" class=\"yoast-schema-graph\">{\"@context\":\"https:\\\/\\\/schema.org\",\"@graph\":[{\"@type\":\"WebPage\",\"@id\":\"https:\\\/\\\/www.ohis.be\\\/de\\\/produit\\\/tigrip-tbl-blechgreifer\\\/\",\"url\":\"https:\\\/\\\/www.ohis.be\\\/de\\\/produit\\\/tigrip-tbl-blechgreifer\\\/\",\"name\":\"Tigrip TBL Blechgreifer - Ohis\",\"isPartOf\":{\"@id\":\"https:\\\/\\\/www.ohis.be\\\/#website\"},\"primaryImageOfPage\":{\"@id\":\"https:\\\/\\\/www.ohis.be\\\/de\\\/produit\\\/tigrip-tbl-blechgreifer\\\/#primaryimage\"},\"image\":{\"@id\":\"https:\\\/\\\/www.ohis.be\\\/de\\\/produit\\\/tigrip-tbl-blechgreifer\\\/#primaryimage\"},\"thumbnailUrl\":\"https:\\\/\\\/www.ohis.be\\\/wp-content\\\/uploads\\\/2022\\\/12\\\/TBL_Anw2.jpg\",\"datePublished\":\"2022-12-16T08:24:43+00:00\",\"breadcrumb\":{\"@id\":\"https:\\\/\\\/www.ohis.be\\\/de\\\/produit\\\/tigrip-tbl-blechgreifer\\\/#breadcrumb\"},\"inLanguage\":\"de\",\"potentialAction\":[{\"@type\":\"ReadAction\",\"target\":[\"https:\\\/\\\/www.ohis.be\\\/de\\\/produit\\\/tigrip-tbl-blechgreifer\\\/\"]}]},{\"@type\":\"ImageObject\",\"inLanguage\":\"de\",\"@id\":\"https:\\\/\\\/www.ohis.be\\\/de\\\/produit\\\/tigrip-tbl-blechgreifer\\\/#primaryimage\",\"url\":\"https:\\\/\\\/www.ohis.be\\\/wp-content\\\/uploads\\\/2022\\\/12\\\/TBL_Anw2.jpg\",\"contentUrl\":\"https:\\\/\\\/www.ohis.be\\\/wp-content\\\/uploads\\\/2022\\\/12\\\/TBL_Anw2.jpg\",\"width\":328,\"height\":438,\"caption\":\"&amp;#x05;4.0.3\"},{\"@type\":\"BreadcrumbList\",\"@id\":\"https:\\\/\\\/www.ohis.be\\\/de\\\/produit\\\/tigrip-tbl-blechgreifer\\\/#breadcrumb\",\"itemListElement\":[{\"@type\":\"ListItem\",\"position\":1,\"name\":\"Accueil\",\"item\":\"https:\\\/\\\/www.ohis.be\\\/de\\\/\"},{\"@type\":\"ListItem\",\"position\":2,\"name\":\"Produkte\",\"item\":\"https:\\\/\\\/www.ohis.be\\\/de\\\/produkte\\\/\"},{\"@type\":\"ListItem\",\"position\":3,\"name\":\"Tigrip TBL Blechgreifer\"}]},{\"@type\":\"WebSite\",\"@id\":\"https:\\\/\\\/www.ohis.be\\\/#website\",\"url\":\"https:\\\/\\\/www.ohis.be\\\/\",\"name\":\"Ohis\",\"description\":\"Outils de levage\",\"publisher\":{\"@id\":\"https:\\\/\\\/www.ohis.be\\\/#organization\"},\"potentialAction\":[{\"@type\":\"SearchAction\",\"target\":{\"@type\":\"EntryPoint\",\"urlTemplate\":\"https:\\\/\\\/www.ohis.be\\\/?s={search_term_string}\"},\"query-input\":{\"@type\":\"PropertyValueSpecification\",\"valueRequired\":true,\"valueName\":\"search_term_string\"}}],\"inLanguage\":\"de\"},{\"@type\":\"Organization\",\"@id\":\"https:\\\/\\\/www.ohis.be\\\/#organization\",\"name\":\"Ohis\",\"url\":\"https:\\\/\\\/www.ohis.be\\\/\",\"logo\":{\"@type\":\"ImageObject\",\"inLanguage\":\"de\",\"@id\":\"https:\\\/\\\/www.ohis.be\\\/#\\\/schema\\\/logo\\\/image\\\/\",\"url\":\"https:\\\/\\\/www.ohis.be\\\/wp-content\\\/uploads\\\/2021\\\/02\\\/logo-ohis-wit.svg\",\"contentUrl\":\"https:\\\/\\\/www.ohis.be\\\/wp-content\\\/uploads\\\/2021\\\/02\\\/logo-ohis-wit.svg\",\"caption\":\"Ohis\"},\"image\":{\"@id\":\"https:\\\/\\\/www.ohis.be\\\/#\\\/schema\\\/logo\\\/image\\\/\"}}]}<\/script>\n<!-- \/ Yoast SEO plugin. -->","yoast_head_json":{"title":"Tigrip TBL Blechgreifer - Ohis","robots":{"index":"index","follow":"follow","max-snippet":"max-snippet:-1","max-image-preview":"max-image-preview:large","max-video-preview":"max-video-preview:-1"},"canonical":"https:\/\/www.ohis.be\/de\/produit\/tigrip-tbl-blechgreifer\/","og_locale":"de_DE","og_type":"article","og_title":"Tigrip TBL Blechgreifer - Ohis","og_description":"Dieser Greifer dient dem vertikalen Transport von einzelnen Blechen und Stahlplatten sowie dem Aufrichten und Wenden bis zu 180\u00b0. Dar\u00fcber hinaus kann der Greifer f\u00fcr den Transport von Stahlkonstruktionen und Profilen usw. eingesetzt werden. Gro\u00dfformatige Bleche und lange Transportg\u00fcter k\u00f6nnen sich durchbiegen. Hierbei empfiehlt sich der paarweise Einsatz der Blechgreifer in Verbindung mit einer Traverse.  Der Blechgreifer ist servicefreundlich konstruiert und erlaubt ein m\u00fcheloses und einfaches Austauschen der Verschlei\u00dfteile. Es stehen f\u00fcr jeden Greifer Ersatzteile bzw. Ersatzteilsets zur Verf\u00fcgung. Eine Instandsetzung kann in unserem Werk erfolgen oder von bef\u00e4higten Personen durchgef\u00fchrt werden. Der TBL 0,5 verf\u00fcgt \u00fcber eine Sicherheitsarretierung mit Federvorspannung, wird jedoch ohne Riegelhebel geliefert.","og_url":"https:\/\/www.ohis.be\/de\/produit\/tigrip-tbl-blechgreifer\/","og_site_name":"Ohis","og_image":[{"width":328,"height":438,"url":"https:\/\/www.ohis.be\/wp-content\/uploads\/2022\/12\/TBL_Anw2.jpg","type":"image\/jpeg"}],"twitter_card":"summary_large_image","twitter_misc":{"Gesch\u00e4tzte Lesezeit":"1\u00a0Minute"},"schema":{"@context":"https:\/\/schema.org","@graph":[{"@type":"WebPage","@id":"https:\/\/www.ohis.be\/de\/produit\/tigrip-tbl-blechgreifer\/","url":"https:\/\/www.ohis.be\/de\/produit\/tigrip-tbl-blechgreifer\/","name":"Tigrip TBL Blechgreifer - Ohis","isPartOf":{"@id":"https:\/\/www.ohis.be\/#website"},"primaryImageOfPage":{"@id":"https:\/\/www.ohis.be\/de\/produit\/tigrip-tbl-blechgreifer\/#primaryimage"},"image":{"@id":"https:\/\/www.ohis.be\/de\/produit\/tigrip-tbl-blechgreifer\/#primaryimage"},"thumbnailUrl":"https:\/\/www.ohis.be\/wp-content\/uploads\/2022\/12\/TBL_Anw2.jpg","datePublished":"2022-12-16T08:24:43+00:00","breadcrumb":{"@id":"https:\/\/www.ohis.be\/de\/produit\/tigrip-tbl-blechgreifer\/#breadcrumb"},"inLanguage":"de","potentialAction":[{"@type":"ReadAction","target":["https:\/\/www.ohis.be\/de\/produit\/tigrip-tbl-blechgreifer\/"]}]},{"@type":"ImageObject","inLanguage":"de","@id":"https:\/\/www.ohis.be\/de\/produit\/tigrip-tbl-blechgreifer\/#primaryimage","url":"https:\/\/www.ohis.be\/wp-content\/uploads\/2022\/12\/TBL_Anw2.jpg","contentUrl":"https:\/\/www.ohis.be\/wp-content\/uploads\/2022\/12\/TBL_Anw2.jpg","width":328,"height":438,"caption":"&amp;#x05;4.0.3"},{"@type":"BreadcrumbList","@id":"https:\/\/www.ohis.be\/de\/produit\/tigrip-tbl-blechgreifer\/#breadcrumb","itemListElement":[{"@type":"ListItem","position":1,"name":"Accueil","item":"https:\/\/www.ohis.be\/de\/"},{"@type":"ListItem","position":2,"name":"Produkte","item":"https:\/\/www.ohis.be\/de\/produkte\/"},{"@type":"ListItem","position":3,"name":"Tigrip TBL Blechgreifer"}]},{"@type":"WebSite","@id":"https:\/\/www.ohis.be\/#website","url":"https:\/\/www.ohis.be\/","name":"Ohis","description":"Outils de levage","publisher":{"@id":"https:\/\/www.ohis.be\/#organization"},"potentialAction":[{"@type":"SearchAction","target":{"@type":"EntryPoint","urlTemplate":"https:\/\/www.ohis.be\/?s={search_term_string}"},"query-input":{"@type":"PropertyValueSpecification","valueRequired":true,"valueName":"search_term_string"}}],"inLanguage":"de"},{"@type":"Organization","@id":"https:\/\/www.ohis.be\/#organization","name":"Ohis","url":"https:\/\/www.ohis.be\/","logo":{"@type":"ImageObject","inLanguage":"de","@id":"https:\/\/www.ohis.be\/#\/schema\/logo\/image\/","url":"https:\/\/www.ohis.be\/wp-content\/uploads\/2021\/02\/logo-ohis-wit.svg","contentUrl":"https:\/\/www.ohis.be\/wp-content\/uploads\/2021\/02\/logo-ohis-wit.svg","caption":"Ohis"},"image":{"@id":"https:\/\/www.ohis.be\/#\/schema\/logo\/image\/"}}]}},"_links":{"self":[{"href":"https:\/\/www.ohis.be\/de\/wp-json\/wp\/v2\/product\/33819","targetHints":{"allow":["GET"]}}],"collection":[{"href":"https:\/\/www.ohis.be\/de\/wp-json\/wp\/v2\/product"}],"about":[{"href":"https:\/\/www.ohis.be\/de\/wp-json\/wp\/v2\/types\/product"}],"wp:featuredmedia":[{"embeddable":true,"href":"https:\/\/www.ohis.be\/de\/wp-json\/wp\/v2\/media\/19473"}],"wp:attachment":[{"href":"https:\/\/www.ohis.be\/de\/wp-json\/wp\/v2\/media?parent=33819"}],"wp:term":[{"taxonomy":"product_brand","embeddable":true,"href":"https:\/\/www.ohis.be\/de\/wp-json\/wp\/v2\/product_brand?post=33819"},{"taxonomy":"product_cat","embeddable":true,"href":"https:\/\/www.ohis.be\/de\/wp-json\/wp\/v2\/product_cat?post=33819"},{"taxonomy":"product_tag","embeddable":true,"href":"https:\/\/www.ohis.be\/de\/wp-json\/wp\/v2\/product_tag?post=33819"}],"curies":[{"name":"wp","href":"https:\/\/api.w.org\/{rel}","templated":true}]}}