{"id":33800,"date":"2022-12-16T09:33:33","date_gmt":"2022-12-16T08:33:33","guid":{"rendered":"https:\/\/www.ohis.be\/produit\/tigrip-tbs-plus-blechgreifer\/"},"modified":"2022-12-16T09:33:33","modified_gmt":"2022-12-16T08:33:33","slug":"tigrip-tbs-plus-blechgreifer","status":"publish","type":"product","link":"https:\/\/www.ohis.be\/de\/produit\/tigrip-tbs-plus-blechgreifer\/","title":{"rendered":"Tigrip TBS plus Blechgreifer"},"content":{"rendered":"<p>Tragf\u00e4higkeit 1.000 &#8211; 3.000 kg<br \/>\nDer Greifer TBS plus mit der kardanischen Aufh\u00e4ngung ist in unterschiedlichen Positionen am Blech anschlagbar. Er kann aus der Horizontalen aufrichten, aus der Senkrechten ablegen oder bei seitlichem Anschlag \u00fcber die Kante anheben. Durch die Gleitschr\u00e4gen der Schwenk\u00f6se liegt immer eine ausreichend hohe Klemmkraft vor. Hierbei reduziert sich die Tragf\u00e4higkeit entsprechend dem Traglastdiagramm.<\/p>\n<p>Die Schwenk\u00f6se hat den zus\u00e4tzlichen Vorteil, dass auch beim Schr\u00e4gzug, wie er z. B. beim Transport gro\u00dfformatiger Bleche mittels zweistrangigen Geh\u00e4nges entsteht, immer eine ausreichende Klemmkraft vorhanden ist. Ein Abrutschen oder Besch\u00e4digen des Greifers ist somit ausgeschlossen. Neben dem Transport von Blechen ist der Greifer mit Schwenk\u00f6se auch f\u00fcr das Wenden von Stahl- und Schwei\u00dfkonstruktionen hervorragend geeignet.<\/p>\n","protected":false},"excerpt":{"rendered":"<p>Tragf\u00e4higkeit 1.000 &#8211; 3.000 kg<br \/>\nDer Greifer TBS plus mit der kardanischen Aufh\u00e4ngung ist in unterschiedlichen Positionen am Blech anschlagbar. Er kann aus der Horizontalen aufrichten, aus der Senkrechten ablegen oder bei seitlichem Anschlag \u00fcber die Kante anheben. Durch die Gleitschr\u00e4gen der Schwenk\u00f6se liegt immer eine ausreichend hohe Klemmkraft vor. Hierbei reduziert sich die Tragf\u00e4higkeit entsprechend dem Traglastdiagramm.<\/p>\n<p>Die Schwenk\u00f6se hat den zus\u00e4tzlichen Vorteil, dass auch beim Schr\u00e4gzug, wie er z. B. beim Transport gro\u00dfformatiger Bleche mittels zweistrangigen Geh\u00e4nges entsteht, immer eine ausreichende Klemmkraft vorhanden ist. Ein Abrutschen oder Besch\u00e4digen des Greifers ist somit ausgeschlossen. Neben dem Transport von Blechen ist der Greifer mit Schwenk\u00f6se auch f\u00fcr das Wenden von Stahl- und Schwei\u00dfkonstruktionen hervorragend geeignet.<\/p>\n","protected":false},"featured_media":19528,"template":"","meta":{"_acf_changed":false,"inline_featured_image":false},"product_brand":[],"product_cat":[1621],"product_tag":[705],"class_list":{"0":"post-33800","1":"product","2":"type-product","3":"status-publish","4":"has-post-thumbnail","6":"product_cat-klemmen","7":"product_tag-yale-de","9":"first","10":"onbackorder","11":"taxable","12":"shipping-taxable","13":"purchasable","14":"product-type-variable"},"acf":[],"yoast_head":"<!-- This site is optimized with the Yoast SEO plugin v27.4 - https:\/\/yoast.com\/product\/yoast-seo-wordpress\/ -->\n<title>Tigrip TBS plus Blechgreifer - Ohis<\/title>\n<meta name=\"robots\" content=\"index, follow, max-snippet:-1, max-image-preview:large, max-video-preview:-1\" \/>\n<link rel=\"canonical\" href=\"https:\/\/www.ohis.be\/de\/produit\/tigrip-tbs-plus-blechgreifer\/\" \/>\n<meta property=\"og:locale\" content=\"de_DE\" \/>\n<meta property=\"og:type\" content=\"article\" \/>\n<meta property=\"og:title\" content=\"Tigrip TBS plus Blechgreifer - Ohis\" \/>\n<meta property=\"og:description\" content=\"Tragf\u00e4higkeit 1.000 - 3.000 kg Der Greifer TBS plus mit der kardanischen Aufh\u00e4ngung ist in unterschiedlichen Positionen am Blech anschlagbar. Er kann aus der Horizontalen aufrichten, aus der Senkrechten ablegen oder bei seitlichem Anschlag \u00fcber die Kante anheben. Durch die Gleitschr\u00e4gen der Schwenk\u00f6se liegt immer eine ausreichend hohe Klemmkraft vor. Hierbei reduziert sich die Tragf\u00e4higkeit entsprechend dem Traglastdiagramm.  Die Schwenk\u00f6se hat den zus\u00e4tzlichen Vorteil, dass auch beim Schr\u00e4gzug, wie er z. B. beim Transport gro\u00dfformatiger Bleche mittels zweistrangigen Geh\u00e4nges entsteht, immer eine ausreichende Klemmkraft vorhanden ist. Ein Abrutschen oder Besch\u00e4digen des Greifers ist somit ausgeschlossen. Neben dem Transport von Blechen ist der Greifer mit Schwenk\u00f6se auch f\u00fcr das Wenden von Stahl- und Schwei\u00dfkonstruktionen hervorragend geeignet.\" \/>\n<meta property=\"og:url\" content=\"https:\/\/www.ohis.be\/de\/produit\/tigrip-tbs-plus-blechgreifer\/\" \/>\n<meta property=\"og:site_name\" content=\"Ohis\" \/>\n<meta property=\"og:image\" content=\"https:\/\/www.ohis.be\/wp-content\/uploads\/2022\/12\/TBS_plus.jpg\" \/>\n\t<meta property=\"og:image:width\" content=\"353\" \/>\n\t<meta property=\"og:image:height\" content=\"529\" \/>\n\t<meta property=\"og:image:type\" content=\"image\/jpeg\" \/>\n<meta name=\"twitter:card\" content=\"summary_large_image\" \/>\n<meta name=\"twitter:label1\" content=\"Gesch\u00e4tzte Lesezeit\" \/>\n\t<meta name=\"twitter:data1\" content=\"1\u00a0Minute\" \/>\n<script type=\"application\/ld+json\" class=\"yoast-schema-graph\">{\"@context\":\"https:\\\/\\\/schema.org\",\"@graph\":[{\"@type\":\"WebPage\",\"@id\":\"https:\\\/\\\/www.ohis.be\\\/de\\\/produit\\\/tigrip-tbs-plus-blechgreifer\\\/\",\"url\":\"https:\\\/\\\/www.ohis.be\\\/de\\\/produit\\\/tigrip-tbs-plus-blechgreifer\\\/\",\"name\":\"Tigrip TBS plus Blechgreifer - Ohis\",\"isPartOf\":{\"@id\":\"https:\\\/\\\/www.ohis.be\\\/#website\"},\"primaryImageOfPage\":{\"@id\":\"https:\\\/\\\/www.ohis.be\\\/de\\\/produit\\\/tigrip-tbs-plus-blechgreifer\\\/#primaryimage\"},\"image\":{\"@id\":\"https:\\\/\\\/www.ohis.be\\\/de\\\/produit\\\/tigrip-tbs-plus-blechgreifer\\\/#primaryimage\"},\"thumbnailUrl\":\"https:\\\/\\\/www.ohis.be\\\/wp-content\\\/uploads\\\/2022\\\/12\\\/TBS_plus.jpg\",\"datePublished\":\"2022-12-16T08:33:33+00:00\",\"breadcrumb\":{\"@id\":\"https:\\\/\\\/www.ohis.be\\\/de\\\/produit\\\/tigrip-tbs-plus-blechgreifer\\\/#breadcrumb\"},\"inLanguage\":\"de\",\"potentialAction\":[{\"@type\":\"ReadAction\",\"target\":[\"https:\\\/\\\/www.ohis.be\\\/de\\\/produit\\\/tigrip-tbs-plus-blechgreifer\\\/\"]}]},{\"@type\":\"ImageObject\",\"inLanguage\":\"de\",\"@id\":\"https:\\\/\\\/www.ohis.be\\\/de\\\/produit\\\/tigrip-tbs-plus-blechgreifer\\\/#primaryimage\",\"url\":\"https:\\\/\\\/www.ohis.be\\\/wp-content\\\/uploads\\\/2022\\\/12\\\/TBS_plus.jpg\",\"contentUrl\":\"https:\\\/\\\/www.ohis.be\\\/wp-content\\\/uploads\\\/2022\\\/12\\\/TBS_plus.jpg\",\"width\":353,\"height\":529,\"caption\":\"TBS_plus\"},{\"@type\":\"BreadcrumbList\",\"@id\":\"https:\\\/\\\/www.ohis.be\\\/de\\\/produit\\\/tigrip-tbs-plus-blechgreifer\\\/#breadcrumb\",\"itemListElement\":[{\"@type\":\"ListItem\",\"position\":1,\"name\":\"Accueil\",\"item\":\"https:\\\/\\\/www.ohis.be\\\/de\\\/\"},{\"@type\":\"ListItem\",\"position\":2,\"name\":\"Produkte\",\"item\":\"https:\\\/\\\/www.ohis.be\\\/de\\\/produkte\\\/\"},{\"@type\":\"ListItem\",\"position\":3,\"name\":\"Tigrip TBS plus Blechgreifer\"}]},{\"@type\":\"WebSite\",\"@id\":\"https:\\\/\\\/www.ohis.be\\\/#website\",\"url\":\"https:\\\/\\\/www.ohis.be\\\/\",\"name\":\"Ohis\",\"description\":\"Outils de levage\",\"publisher\":{\"@id\":\"https:\\\/\\\/www.ohis.be\\\/#organization\"},\"potentialAction\":[{\"@type\":\"SearchAction\",\"target\":{\"@type\":\"EntryPoint\",\"urlTemplate\":\"https:\\\/\\\/www.ohis.be\\\/?s={search_term_string}\"},\"query-input\":{\"@type\":\"PropertyValueSpecification\",\"valueRequired\":true,\"valueName\":\"search_term_string\"}}],\"inLanguage\":\"de\"},{\"@type\":\"Organization\",\"@id\":\"https:\\\/\\\/www.ohis.be\\\/#organization\",\"name\":\"Ohis\",\"url\":\"https:\\\/\\\/www.ohis.be\\\/\",\"logo\":{\"@type\":\"ImageObject\",\"inLanguage\":\"de\",\"@id\":\"https:\\\/\\\/www.ohis.be\\\/#\\\/schema\\\/logo\\\/image\\\/\",\"url\":\"https:\\\/\\\/www.ohis.be\\\/wp-content\\\/uploads\\\/2021\\\/02\\\/logo-ohis-wit.svg\",\"contentUrl\":\"https:\\\/\\\/www.ohis.be\\\/wp-content\\\/uploads\\\/2021\\\/02\\\/logo-ohis-wit.svg\",\"caption\":\"Ohis\"},\"image\":{\"@id\":\"https:\\\/\\\/www.ohis.be\\\/#\\\/schema\\\/logo\\\/image\\\/\"}}]}<\/script>\n<!-- \/ Yoast SEO plugin. -->","yoast_head_json":{"title":"Tigrip TBS plus Blechgreifer - Ohis","robots":{"index":"index","follow":"follow","max-snippet":"max-snippet:-1","max-image-preview":"max-image-preview:large","max-video-preview":"max-video-preview:-1"},"canonical":"https:\/\/www.ohis.be\/de\/produit\/tigrip-tbs-plus-blechgreifer\/","og_locale":"de_DE","og_type":"article","og_title":"Tigrip TBS plus Blechgreifer - Ohis","og_description":"Tragf\u00e4higkeit 1.000 - 3.000 kg Der Greifer TBS plus mit der kardanischen Aufh\u00e4ngung ist in unterschiedlichen Positionen am Blech anschlagbar. Er kann aus der Horizontalen aufrichten, aus der Senkrechten ablegen oder bei seitlichem Anschlag \u00fcber die Kante anheben. Durch die Gleitschr\u00e4gen der Schwenk\u00f6se liegt immer eine ausreichend hohe Klemmkraft vor. Hierbei reduziert sich die Tragf\u00e4higkeit entsprechend dem Traglastdiagramm.  Die Schwenk\u00f6se hat den zus\u00e4tzlichen Vorteil, dass auch beim Schr\u00e4gzug, wie er z. B. beim Transport gro\u00dfformatiger Bleche mittels zweistrangigen Geh\u00e4nges entsteht, immer eine ausreichende Klemmkraft vorhanden ist. Ein Abrutschen oder Besch\u00e4digen des Greifers ist somit ausgeschlossen. Neben dem Transport von Blechen ist der Greifer mit Schwenk\u00f6se auch f\u00fcr das Wenden von Stahl- und Schwei\u00dfkonstruktionen hervorragend geeignet.","og_url":"https:\/\/www.ohis.be\/de\/produit\/tigrip-tbs-plus-blechgreifer\/","og_site_name":"Ohis","og_image":[{"width":353,"height":529,"url":"https:\/\/www.ohis.be\/wp-content\/uploads\/2022\/12\/TBS_plus.jpg","type":"image\/jpeg"}],"twitter_card":"summary_large_image","twitter_misc":{"Gesch\u00e4tzte Lesezeit":"1\u00a0Minute"},"schema":{"@context":"https:\/\/schema.org","@graph":[{"@type":"WebPage","@id":"https:\/\/www.ohis.be\/de\/produit\/tigrip-tbs-plus-blechgreifer\/","url":"https:\/\/www.ohis.be\/de\/produit\/tigrip-tbs-plus-blechgreifer\/","name":"Tigrip TBS plus Blechgreifer - Ohis","isPartOf":{"@id":"https:\/\/www.ohis.be\/#website"},"primaryImageOfPage":{"@id":"https:\/\/www.ohis.be\/de\/produit\/tigrip-tbs-plus-blechgreifer\/#primaryimage"},"image":{"@id":"https:\/\/www.ohis.be\/de\/produit\/tigrip-tbs-plus-blechgreifer\/#primaryimage"},"thumbnailUrl":"https:\/\/www.ohis.be\/wp-content\/uploads\/2022\/12\/TBS_plus.jpg","datePublished":"2022-12-16T08:33:33+00:00","breadcrumb":{"@id":"https:\/\/www.ohis.be\/de\/produit\/tigrip-tbs-plus-blechgreifer\/#breadcrumb"},"inLanguage":"de","potentialAction":[{"@type":"ReadAction","target":["https:\/\/www.ohis.be\/de\/produit\/tigrip-tbs-plus-blechgreifer\/"]}]},{"@type":"ImageObject","inLanguage":"de","@id":"https:\/\/www.ohis.be\/de\/produit\/tigrip-tbs-plus-blechgreifer\/#primaryimage","url":"https:\/\/www.ohis.be\/wp-content\/uploads\/2022\/12\/TBS_plus.jpg","contentUrl":"https:\/\/www.ohis.be\/wp-content\/uploads\/2022\/12\/TBS_plus.jpg","width":353,"height":529,"caption":"TBS_plus"},{"@type":"BreadcrumbList","@id":"https:\/\/www.ohis.be\/de\/produit\/tigrip-tbs-plus-blechgreifer\/#breadcrumb","itemListElement":[{"@type":"ListItem","position":1,"name":"Accueil","item":"https:\/\/www.ohis.be\/de\/"},{"@type":"ListItem","position":2,"name":"Produkte","item":"https:\/\/www.ohis.be\/de\/produkte\/"},{"@type":"ListItem","position":3,"name":"Tigrip TBS plus Blechgreifer"}]},{"@type":"WebSite","@id":"https:\/\/www.ohis.be\/#website","url":"https:\/\/www.ohis.be\/","name":"Ohis","description":"Outils de levage","publisher":{"@id":"https:\/\/www.ohis.be\/#organization"},"potentialAction":[{"@type":"SearchAction","target":{"@type":"EntryPoint","urlTemplate":"https:\/\/www.ohis.be\/?s={search_term_string}"},"query-input":{"@type":"PropertyValueSpecification","valueRequired":true,"valueName":"search_term_string"}}],"inLanguage":"de"},{"@type":"Organization","@id":"https:\/\/www.ohis.be\/#organization","name":"Ohis","url":"https:\/\/www.ohis.be\/","logo":{"@type":"ImageObject","inLanguage":"de","@id":"https:\/\/www.ohis.be\/#\/schema\/logo\/image\/","url":"https:\/\/www.ohis.be\/wp-content\/uploads\/2021\/02\/logo-ohis-wit.svg","contentUrl":"https:\/\/www.ohis.be\/wp-content\/uploads\/2021\/02\/logo-ohis-wit.svg","caption":"Ohis"},"image":{"@id":"https:\/\/www.ohis.be\/#\/schema\/logo\/image\/"}}]}},"_links":{"self":[{"href":"https:\/\/www.ohis.be\/de\/wp-json\/wp\/v2\/product\/33800","targetHints":{"allow":["GET"]}}],"collection":[{"href":"https:\/\/www.ohis.be\/de\/wp-json\/wp\/v2\/product"}],"about":[{"href":"https:\/\/www.ohis.be\/de\/wp-json\/wp\/v2\/types\/product"}],"wp:featuredmedia":[{"embeddable":true,"href":"https:\/\/www.ohis.be\/de\/wp-json\/wp\/v2\/media\/19528"}],"wp:attachment":[{"href":"https:\/\/www.ohis.be\/de\/wp-json\/wp\/v2\/media?parent=33800"}],"wp:term":[{"taxonomy":"product_brand","embeddable":true,"href":"https:\/\/www.ohis.be\/de\/wp-json\/wp\/v2\/product_brand?post=33800"},{"taxonomy":"product_cat","embeddable":true,"href":"https:\/\/www.ohis.be\/de\/wp-json\/wp\/v2\/product_cat?post=33800"},{"taxonomy":"product_tag","embeddable":true,"href":"https:\/\/www.ohis.be\/de\/wp-json\/wp\/v2\/product_tag?post=33800"}],"curies":[{"name":"wp","href":"https:\/\/api.w.org\/{rel}","templated":true}]}}