{"id":33768,"date":"2022-12-16T10:21:57","date_gmt":"2022-12-16T09:21:57","guid":{"rendered":"https:\/\/www.ohis.be\/produit\/tigrip-tag-universal-grab\/"},"modified":"2022-12-16T10:21:57","modified_gmt":"2022-12-16T09:21:57","slug":"tigrip-tag-universal-grab","status":"publish","type":"product","link":"https:\/\/www.ohis.be\/de\/produit\/tigrip-tag-universal-grab\/","title":{"rendered":"Tigrip TAG Allzweckgreifer"},"content":{"rendered":"<p>TAG Allzweckgreifer<br \/>\nTragf\u00e4higkeit 350 &#8211; 5.000 kg<\/p>\n<p>Die universell einsetzbaren Greifer TAG und TWG bringen beim Verladen und Heben von G\u00fctern durch den Wegfall des Einsatzes von Ketten, Seilen usw. eine hohe Zeitersparnis.<\/p>\n<div id=\"features-benefits\" class=\"pdp-section\" data-accordion-item=\"\" data-section-name=\"Eigenschaften und Vorteile\" data-magellan-target=\"features-benefits\">\n<div id=\"5uznhz-accordion\" class=\"pdp-section__wrap\" role=\"tabpanel\" data-tab-content=\"\" aria-labelledby=\"features-benefits-label\" aria-hidden=\"true\">\n<section class=\"component rte-block\">Der gro\u00dfe Greifbereich erm\u00f6glicht den Einsatz f\u00fcr die unterschiedlichsten Transportaufgaben im Stahl- und Apparatebau, bei der Beschickung von Werkzeugmaschinen und Fertigungseinrichtungen sowie beim Schwei\u00dfen und Montieren von Werkst\u00fccken aller Art.<\/p>\n<p><strong>Ausstattung und Verarbeitung<\/strong><br \/>\n\u2022 Durch die Federspannung der Klemmbacke wird das Transportgut auch dann festgehalten, wenn das Zugmittel entlastet wird.<br \/>\n\u2022 Ge\u00f6ffnet wird der Allzweckgreifer mit Einfach\u00f6ffner durch Anheben und gleichzeitigem Ziehen am Hebel. Das Schlie\u00dfen der Klemmbacke erfolgt durch die Federvorspannung.<br \/>\n\u2022 Allzweckgreifer bis 2,0 t Tragf\u00e4higkeit sind mit Rundgliederketten, die Greifer mit h\u00f6herer Tragf\u00e4higkeit mit Flyerketten ausger\u00fcstet.<\/p>\n<\/section>\n<\/div>\n<\/div>\n<div id=\"options\" class=\"pdp-section\" data-accordion-item=\"\" data-section-name=\"Optionen\" data-magellan-target=\"options\">\n<div id=\"43yuzq-accordion\" class=\"pdp-section__wrap\" role=\"tabpanel\" data-tab-content=\"\" aria-labelledby=\"options-label\" aria-hidden=\"true\">\n<section class=\"component rte-block\"><strong>Optional<\/strong><br \/>\n\u2022 Der TAG ist bis 1.250 kg Tragf\u00e4higkeit auch mit einem Schutzbelag auf den Klemmbacken erh\u00e4ltlich. Die angegebenen Greifbereiche verringern sich dadurch um 10 mm.<\/p>\n<\/section>\n<\/div>\n<\/div>\n","protected":false},"excerpt":{"rendered":"<p>TAG Allzweckgreifer<br \/>\nTragf\u00e4higkeit 350 &#8211; 5.000 kg<\/p>\n<p>Die universell einsetzbaren Greifer TAG und TWG bringen beim Verladen und Heben von G\u00fctern durch den Wegfall des Einsatzes von Ketten, Seilen usw. eine hohe Zeitersparnis.<\/p>\n<div id=\"features-benefits\" class=\"pdp-section\" data-accordion-item=\"\" data-section-name=\"Eigenschaften und Vorteile\" data-magellan-target=\"features-benefits\">\n<div id=\"5uznhz-accordion\" class=\"pdp-section__wrap\" role=\"tabpanel\" data-tab-content=\"\" aria-labelledby=\"features-benefits-label\" aria-hidden=\"true\">\n<section class=\"component rte-block\">Der gro\u00dfe Greifbereich erm\u00f6glicht den Einsatz f\u00fcr die unterschiedlichsten Transportaufgaben im Stahl- und Apparatebau, bei der Beschickung von Werkzeugmaschinen und Fertigungseinrichtungen sowie beim Schwei\u00dfen und Montieren von Werkst\u00fccken aller Art.<\/p>\n<p><strong>Ausstattung und Verarbeitung<\/strong><br \/>\n\u2022 Durch die Federspannung der Klemmbacke wird das Transportgut auch dann festgehalten, wenn das Zugmittel entlastet wird.<br \/>\n\u2022 Ge\u00f6ffnet wird der Allzweckgreifer mit Einfach\u00f6ffner durch Anheben und gleichzeitigem Ziehen am Hebel. Das Schlie\u00dfen der Klemmbacke erfolgt durch die Federvorspannung.<br \/>\n\u2022 Allzweckgreifer bis 2,0 t Tragf\u00e4higkeit sind mit Rundgliederketten, die Greifer mit h\u00f6herer Tragf\u00e4higkeit mit Flyerketten ausger\u00fcstet.<\/p>\n<\/section>\n<\/div>\n<\/div>\n<div id=\"options\" class=\"pdp-section\" data-accordion-item=\"\" data-section-name=\"Optionen\" data-magellan-target=\"options\">\n<div id=\"43yuzq-accordion\" class=\"pdp-section__wrap\" role=\"tabpanel\" data-tab-content=\"\" aria-labelledby=\"options-label\" aria-hidden=\"true\">\n<section class=\"component rte-block\"><strong>Optional<\/strong><br \/>\n\u2022 Der TAG ist bis 1.250 kg Tragf\u00e4higkeit auch mit einem Schutzbelag auf den Klemmbacken erh\u00e4ltlich. Die angegebenen Greifbereiche verringern sich dadurch um 10 mm.<\/p>\n<\/section>\n<\/div>\n<\/div>\n","protected":false},"featured_media":19604,"template":"","meta":{"_acf_changed":false,"inline_featured_image":false},"product_brand":[],"product_cat":[1621],"product_tag":[705],"class_list":{"0":"post-33768","1":"product","2":"type-product","3":"status-publish","4":"has-post-thumbnail","6":"product_cat-klemmen","7":"product_tag-yale-de","9":"first","10":"onbackorder","11":"taxable","12":"shipping-taxable","13":"purchasable","14":"product-type-variable"},"acf":[],"yoast_head":"<!-- This site is optimized with the Yoast SEO plugin v27.5 - https:\/\/yoast.com\/product\/yoast-seo-wordpress\/ -->\n<title>Tigrip TAG Allzweckgreifer - Ohis<\/title>\n<meta name=\"robots\" content=\"index, follow, max-snippet:-1, max-image-preview:large, max-video-preview:-1\" \/>\n<link rel=\"canonical\" href=\"https:\/\/www.ohis.be\/de\/produit\/tigrip-tag-universal-grab\/\" \/>\n<meta property=\"og:locale\" content=\"de_DE\" \/>\n<meta property=\"og:type\" content=\"article\" \/>\n<meta property=\"og:title\" content=\"Tigrip TAG Allzweckgreifer - Ohis\" \/>\n<meta property=\"og:description\" content=\"TAG Allzweckgreifer Tragf\u00e4higkeit 350 - 5.000 kg  Die universell einsetzbaren Greifer TAG und TWG bringen beim Verladen und Heben von G\u00fctern durch den Wegfall des Einsatzes von Ketten, Seilen usw. eine hohe Zeitersparnis.  Der gro\u00dfe Greifbereich erm\u00f6glicht den Einsatz f\u00fcr die unterschiedlichsten Transportaufgaben im Stahl- und Apparatebau, bei der Beschickung von Werkzeugmaschinen und Fertigungseinrichtungen sowie beim Schwei\u00dfen und Montieren von Werkst\u00fccken aller Art.  Ausstattung und Verarbeitung \u2022 Durch die Federspannung der Klemmbacke wird das Transportgut auch dann festgehalten, wenn das Zugmittel entlastet wird. \u2022 Ge\u00f6ffnet wird der Allzweckgreifer mit Einfach\u00f6ffner durch Anheben und gleichzeitigem Ziehen am Hebel. Das Schlie\u00dfen der Klemmbacke erfolgt durch die Federvorspannung. \u2022 Allzweckgreifer bis 2,0 t Tragf\u00e4higkeit sind mit Rundgliederketten, die Greifer mit h\u00f6herer Tragf\u00e4higkeit mit Flyerketten ausger\u00fcstet.     Optional \u2022 Der TAG ist bis 1.250 kg Tragf\u00e4higkeit auch mit einem Schutzbelag auf den Klemmbacken erh\u00e4ltlich. Die angegebenen Greifbereiche verringern sich dadurch um 10 mm.\" \/>\n<meta property=\"og:url\" content=\"https:\/\/www.ohis.be\/de\/produit\/tigrip-tag-universal-grab\/\" \/>\n<meta property=\"og:site_name\" content=\"Ohis\" \/>\n<meta property=\"og:image\" content=\"https:\/\/www.ohis.be\/wp-content\/uploads\/2022\/12\/TAG-e1671181432665.jpg\" \/>\n\t<meta property=\"og:image:width\" content=\"200\" \/>\n\t<meta property=\"og:image:height\" content=\"400\" \/>\n\t<meta property=\"og:image:type\" content=\"image\/jpeg\" \/>\n<meta name=\"twitter:card\" content=\"summary_large_image\" \/>\n<meta name=\"twitter:label1\" content=\"Gesch\u00e4tzte Lesezeit\" \/>\n\t<meta name=\"twitter:data1\" content=\"1\u00a0Minute\" \/>\n<script type=\"application\/ld+json\" class=\"yoast-schema-graph\">{\"@context\":\"https:\\\/\\\/schema.org\",\"@graph\":[{\"@type\":\"WebPage\",\"@id\":\"https:\\\/\\\/www.ohis.be\\\/de\\\/produit\\\/tigrip-tag-universal-grab\\\/\",\"url\":\"https:\\\/\\\/www.ohis.be\\\/de\\\/produit\\\/tigrip-tag-universal-grab\\\/\",\"name\":\"Tigrip TAG Allzweckgreifer - Ohis\",\"isPartOf\":{\"@id\":\"https:\\\/\\\/www.ohis.be\\\/de\\\/#website\"},\"primaryImageOfPage\":{\"@id\":\"https:\\\/\\\/www.ohis.be\\\/de\\\/produit\\\/tigrip-tag-universal-grab\\\/#primaryimage\"},\"image\":{\"@id\":\"https:\\\/\\\/www.ohis.be\\\/de\\\/produit\\\/tigrip-tag-universal-grab\\\/#primaryimage\"},\"thumbnailUrl\":\"https:\\\/\\\/www.ohis.be\\\/wp-content\\\/uploads\\\/2022\\\/12\\\/TAG-e1671181432665.jpg\",\"datePublished\":\"2022-12-16T09:21:57+00:00\",\"breadcrumb\":{\"@id\":\"https:\\\/\\\/www.ohis.be\\\/de\\\/produit\\\/tigrip-tag-universal-grab\\\/#breadcrumb\"},\"inLanguage\":\"de\",\"potentialAction\":[{\"@type\":\"ReadAction\",\"target\":[\"https:\\\/\\\/www.ohis.be\\\/de\\\/produit\\\/tigrip-tag-universal-grab\\\/\"]}]},{\"@type\":\"ImageObject\",\"inLanguage\":\"de\",\"@id\":\"https:\\\/\\\/www.ohis.be\\\/de\\\/produit\\\/tigrip-tag-universal-grab\\\/#primaryimage\",\"url\":\"https:\\\/\\\/www.ohis.be\\\/wp-content\\\/uploads\\\/2022\\\/12\\\/TAG-e1671181432665.jpg\",\"contentUrl\":\"https:\\\/\\\/www.ohis.be\\\/wp-content\\\/uploads\\\/2022\\\/12\\\/TAG-e1671181432665.jpg\",\"width\":200,\"height\":400,\"caption\":\"&amp;#x05;4.0.3\"},{\"@type\":\"BreadcrumbList\",\"@id\":\"https:\\\/\\\/www.ohis.be\\\/de\\\/produit\\\/tigrip-tag-universal-grab\\\/#breadcrumb\",\"itemListElement\":[{\"@type\":\"ListItem\",\"position\":1,\"name\":\"Accueil\",\"item\":\"https:\\\/\\\/www.ohis.be\\\/de\\\/\"},{\"@type\":\"ListItem\",\"position\":2,\"name\":\"Produkte\",\"item\":\"https:\\\/\\\/www.ohis.be\\\/de\\\/produkte\\\/\"},{\"@type\":\"ListItem\",\"position\":3,\"name\":\"Tigrip TAG Allzweckgreifer\"}]},{\"@type\":\"WebSite\",\"@id\":\"https:\\\/\\\/www.ohis.be\\\/de\\\/#website\",\"url\":\"https:\\\/\\\/www.ohis.be\\\/de\\\/\",\"name\":\"Ohis\",\"description\":\"Outils de levage\",\"publisher\":{\"@id\":\"https:\\\/\\\/www.ohis.be\\\/de\\\/#organization\"},\"potentialAction\":[{\"@type\":\"SearchAction\",\"target\":{\"@type\":\"EntryPoint\",\"urlTemplate\":\"https:\\\/\\\/www.ohis.be\\\/de\\\/?s={search_term_string}\"},\"query-input\":{\"@type\":\"PropertyValueSpecification\",\"valueRequired\":true,\"valueName\":\"search_term_string\"}}],\"inLanguage\":\"de\"},{\"@type\":\"Organization\",\"@id\":\"https:\\\/\\\/www.ohis.be\\\/de\\\/#organization\",\"name\":\"Ohis\",\"url\":\"https:\\\/\\\/www.ohis.be\\\/de\\\/\",\"logo\":{\"@type\":\"ImageObject\",\"inLanguage\":\"de\",\"@id\":\"https:\\\/\\\/www.ohis.be\\\/de\\\/#\\\/schema\\\/logo\\\/image\\\/\",\"url\":\"https:\\\/\\\/www.ohis.be\\\/wp-content\\\/uploads\\\/2021\\\/02\\\/logo-ohis-wit.svg\",\"contentUrl\":\"https:\\\/\\\/www.ohis.be\\\/wp-content\\\/uploads\\\/2021\\\/02\\\/logo-ohis-wit.svg\",\"caption\":\"Ohis\"},\"image\":{\"@id\":\"https:\\\/\\\/www.ohis.be\\\/de\\\/#\\\/schema\\\/logo\\\/image\\\/\"}}]}<\/script>\n<!-- \/ Yoast SEO plugin. -->","yoast_head_json":{"title":"Tigrip TAG Allzweckgreifer - Ohis","robots":{"index":"index","follow":"follow","max-snippet":"max-snippet:-1","max-image-preview":"max-image-preview:large","max-video-preview":"max-video-preview:-1"},"canonical":"https:\/\/www.ohis.be\/de\/produit\/tigrip-tag-universal-grab\/","og_locale":"de_DE","og_type":"article","og_title":"Tigrip TAG Allzweckgreifer - Ohis","og_description":"TAG Allzweckgreifer Tragf\u00e4higkeit 350 - 5.000 kg  Die universell einsetzbaren Greifer TAG und TWG bringen beim Verladen und Heben von G\u00fctern durch den Wegfall des Einsatzes von Ketten, Seilen usw. eine hohe Zeitersparnis.  Der gro\u00dfe Greifbereich erm\u00f6glicht den Einsatz f\u00fcr die unterschiedlichsten Transportaufgaben im Stahl- und Apparatebau, bei der Beschickung von Werkzeugmaschinen und Fertigungseinrichtungen sowie beim Schwei\u00dfen und Montieren von Werkst\u00fccken aller Art.  Ausstattung und Verarbeitung \u2022 Durch die Federspannung der Klemmbacke wird das Transportgut auch dann festgehalten, wenn das Zugmittel entlastet wird. \u2022 Ge\u00f6ffnet wird der Allzweckgreifer mit Einfach\u00f6ffner durch Anheben und gleichzeitigem Ziehen am Hebel. Das Schlie\u00dfen der Klemmbacke erfolgt durch die Federvorspannung. \u2022 Allzweckgreifer bis 2,0 t Tragf\u00e4higkeit sind mit Rundgliederketten, die Greifer mit h\u00f6herer Tragf\u00e4higkeit mit Flyerketten ausger\u00fcstet.     Optional \u2022 Der TAG ist bis 1.250 kg Tragf\u00e4higkeit auch mit einem Schutzbelag auf den Klemmbacken erh\u00e4ltlich. Die angegebenen Greifbereiche verringern sich dadurch um 10 mm.","og_url":"https:\/\/www.ohis.be\/de\/produit\/tigrip-tag-universal-grab\/","og_site_name":"Ohis","og_image":[{"width":200,"height":400,"url":"https:\/\/www.ohis.be\/wp-content\/uploads\/2022\/12\/TAG-e1671181432665.jpg","type":"image\/jpeg"}],"twitter_card":"summary_large_image","twitter_misc":{"Gesch\u00e4tzte Lesezeit":"1\u00a0Minute"},"schema":{"@context":"https:\/\/schema.org","@graph":[{"@type":"WebPage","@id":"https:\/\/www.ohis.be\/de\/produit\/tigrip-tag-universal-grab\/","url":"https:\/\/www.ohis.be\/de\/produit\/tigrip-tag-universal-grab\/","name":"Tigrip TAG Allzweckgreifer - Ohis","isPartOf":{"@id":"https:\/\/www.ohis.be\/de\/#website"},"primaryImageOfPage":{"@id":"https:\/\/www.ohis.be\/de\/produit\/tigrip-tag-universal-grab\/#primaryimage"},"image":{"@id":"https:\/\/www.ohis.be\/de\/produit\/tigrip-tag-universal-grab\/#primaryimage"},"thumbnailUrl":"https:\/\/www.ohis.be\/wp-content\/uploads\/2022\/12\/TAG-e1671181432665.jpg","datePublished":"2022-12-16T09:21:57+00:00","breadcrumb":{"@id":"https:\/\/www.ohis.be\/de\/produit\/tigrip-tag-universal-grab\/#breadcrumb"},"inLanguage":"de","potentialAction":[{"@type":"ReadAction","target":["https:\/\/www.ohis.be\/de\/produit\/tigrip-tag-universal-grab\/"]}]},{"@type":"ImageObject","inLanguage":"de","@id":"https:\/\/www.ohis.be\/de\/produit\/tigrip-tag-universal-grab\/#primaryimage","url":"https:\/\/www.ohis.be\/wp-content\/uploads\/2022\/12\/TAG-e1671181432665.jpg","contentUrl":"https:\/\/www.ohis.be\/wp-content\/uploads\/2022\/12\/TAG-e1671181432665.jpg","width":200,"height":400,"caption":"&amp;#x05;4.0.3"},{"@type":"BreadcrumbList","@id":"https:\/\/www.ohis.be\/de\/produit\/tigrip-tag-universal-grab\/#breadcrumb","itemListElement":[{"@type":"ListItem","position":1,"name":"Accueil","item":"https:\/\/www.ohis.be\/de\/"},{"@type":"ListItem","position":2,"name":"Produkte","item":"https:\/\/www.ohis.be\/de\/produkte\/"},{"@type":"ListItem","position":3,"name":"Tigrip TAG Allzweckgreifer"}]},{"@type":"WebSite","@id":"https:\/\/www.ohis.be\/de\/#website","url":"https:\/\/www.ohis.be\/de\/","name":"Ohis","description":"Outils de levage","publisher":{"@id":"https:\/\/www.ohis.be\/de\/#organization"},"potentialAction":[{"@type":"SearchAction","target":{"@type":"EntryPoint","urlTemplate":"https:\/\/www.ohis.be\/de\/?s={search_term_string}"},"query-input":{"@type":"PropertyValueSpecification","valueRequired":true,"valueName":"search_term_string"}}],"inLanguage":"de"},{"@type":"Organization","@id":"https:\/\/www.ohis.be\/de\/#organization","name":"Ohis","url":"https:\/\/www.ohis.be\/de\/","logo":{"@type":"ImageObject","inLanguage":"de","@id":"https:\/\/www.ohis.be\/de\/#\/schema\/logo\/image\/","url":"https:\/\/www.ohis.be\/wp-content\/uploads\/2021\/02\/logo-ohis-wit.svg","contentUrl":"https:\/\/www.ohis.be\/wp-content\/uploads\/2021\/02\/logo-ohis-wit.svg","caption":"Ohis"},"image":{"@id":"https:\/\/www.ohis.be\/de\/#\/schema\/logo\/image\/"}}]}},"_links":{"self":[{"href":"https:\/\/www.ohis.be\/de\/wp-json\/wp\/v2\/product\/33768","targetHints":{"allow":["GET"]}}],"collection":[{"href":"https:\/\/www.ohis.be\/de\/wp-json\/wp\/v2\/product"}],"about":[{"href":"https:\/\/www.ohis.be\/de\/wp-json\/wp\/v2\/types\/product"}],"wp:featuredmedia":[{"embeddable":true,"href":"https:\/\/www.ohis.be\/de\/wp-json\/wp\/v2\/media\/19604"}],"wp:attachment":[{"href":"https:\/\/www.ohis.be\/de\/wp-json\/wp\/v2\/media?parent=33768"}],"wp:term":[{"taxonomy":"product_brand","embeddable":true,"href":"https:\/\/www.ohis.be\/de\/wp-json\/wp\/v2\/product_brand?post=33768"},{"taxonomy":"product_cat","embeddable":true,"href":"https:\/\/www.ohis.be\/de\/wp-json\/wp\/v2\/product_cat?post=33768"},{"taxonomy":"product_tag","embeddable":true,"href":"https:\/\/www.ohis.be\/de\/wp-json\/wp\/v2\/product_tag?post=33768"}],"curies":[{"name":"wp","href":"https:\/\/api.w.org\/{rel}","templated":true}]}}