{"id":33750,"date":"2022-12-16T10:30:08","date_gmt":"2022-12-16T09:30:08","guid":{"rendered":"https:\/\/www.ohis.be\/produit\/tigrip-twg-allzweckgreifer\/"},"modified":"2022-12-16T10:30:08","modified_gmt":"2022-12-16T09:30:08","slug":"tigrip-twg-allzweckgreifer","status":"publish","type":"product","link":"https:\/\/www.ohis.be\/de\/produit\/tigrip-twg-allzweckgreifer\/","title":{"rendered":"Tigrip  TWG Allzweckgreifer"},"content":{"rendered":"<p>TWG &#8211; mit geringen Bauma\u00dfen<br \/>\nTragf\u00e4higkeit 750 &#8211; 1.250 kg<br \/>\nDie universell einsetzbaren Greifer TAG und TWG bringen beim Verladen und Heben von G\u00fctern durch den Wegfall des Einsatzes von Ketten, Seilen usw. eine hohe Zeitersparnis.<\/p>\n<p>Der gro\u00dfe Greifbereich erm\u00f6glicht den Einsatz f\u00fcr die unterschiedlichsten Transportaufgaben im Stahl- und Apparatebau, bei der Beschickung von Werkzeugmaschinen und Fertigungseinrichtungen sowie beim Schwei\u00dfen und Montieren von Werkst\u00fccken aller Art.<\/p>\n<p>Der TWG Allzweckgreifer mit geringen Bauma\u00dfen ist besonders f\u00fcr den Einsatz an schwer zug\u00e4nglichen Stellen (z. B. Drehbank) geeignet.<\/p>\n<p><strong>Ausstattung und Verarbeitung<\/strong><br \/>\n\u2022 Durch die Federspannung der Klemmbacke wird das Transportgut auch dann festgehalten, wenn das Zugmittel entlastet wird.<br \/>\n\u2022 Ge\u00f6ffnet wird der Allzweckgreifer mit Einfach\u00f6ffner durch Anheben und gleichzeitigem Ziehen am Hebel. Das Schlie\u00dfen der Klemmbacke erfolgt durch die Federvorspannung.<br \/>\n\u2022 Allzweckgreifer bis 2,0 t Tragf\u00e4higkeit sind mit Rundgliederketten, die Greifer mit h\u00f6herer Tragf\u00e4higkeit mit Flyerketten ausger\u00fcstet.<\/p>\n","protected":false},"excerpt":{"rendered":"<p>TWG &#8211; mit geringen Bauma\u00dfen<br \/>\nTragf\u00e4higkeit 750 &#8211; 1.250 kg<br \/>\nDie universell einsetzbaren Greifer TAG und TWG bringen beim Verladen und Heben von G\u00fctern durch den Wegfall des Einsatzes von Ketten, Seilen usw. eine hohe Zeitersparnis.<\/p>\n<p>Der gro\u00dfe Greifbereich erm\u00f6glicht den Einsatz f\u00fcr die unterschiedlichsten Transportaufgaben im Stahl- und Apparatebau, bei der Beschickung von Werkzeugmaschinen und Fertigungseinrichtungen sowie beim Schwei\u00dfen und Montieren von Werkst\u00fccken aller Art.<\/p>\n<p>Der TWG Allzweckgreifer mit geringen Bauma\u00dfen ist besonders f\u00fcr den Einsatz an schwer zug\u00e4nglichen Stellen (z. B. Drehbank) geeignet.<\/p>\n<p><strong>Ausstattung und Verarbeitung<\/strong><br \/>\n\u2022 Durch die Federspannung der Klemmbacke wird das Transportgut auch dann festgehalten, wenn das Zugmittel entlastet wird.<br \/>\n\u2022 Ge\u00f6ffnet wird der Allzweckgreifer mit Einfach\u00f6ffner durch Anheben und gleichzeitigem Ziehen am Hebel. Das Schlie\u00dfen der Klemmbacke erfolgt durch die Federvorspannung.<br \/>\n\u2022 Allzweckgreifer bis 2,0 t Tragf\u00e4higkeit sind mit Rundgliederketten, die Greifer mit h\u00f6herer Tragf\u00e4higkeit mit Flyerketten ausger\u00fcstet.<\/p>\n","protected":false},"featured_media":19674,"template":"","meta":{"_acf_changed":false,"inline_featured_image":false},"product_brand":[],"product_cat":[1621],"product_tag":[705],"class_list":{"0":"post-33750","1":"product","2":"type-product","3":"status-publish","4":"has-post-thumbnail","6":"product_cat-klemmen","7":"product_tag-yale-de","9":"first","10":"onbackorder","11":"taxable","12":"shipping-taxable","13":"purchasable","14":"product-type-variable"},"acf":[],"yoast_head":"<!-- This site is optimized with the Yoast SEO plugin v27.5 - https:\/\/yoast.com\/product\/yoast-seo-wordpress\/ -->\n<title>Tigrip TWG Allzweckgreifer - Ohis<\/title>\n<meta name=\"robots\" content=\"index, follow, max-snippet:-1, max-image-preview:large, max-video-preview:-1\" \/>\n<link rel=\"canonical\" href=\"https:\/\/www.ohis.be\/de\/produit\/tigrip-twg-allzweckgreifer\/\" \/>\n<meta property=\"og:locale\" content=\"de_DE\" \/>\n<meta property=\"og:type\" content=\"article\" \/>\n<meta property=\"og:title\" content=\"Tigrip TWG Allzweckgreifer - Ohis\" \/>\n<meta property=\"og:description\" content=\"TWG - mit geringen Bauma\u00dfen Tragf\u00e4higkeit 750 - 1.250 kg Die universell einsetzbaren Greifer TAG und TWG bringen beim Verladen und Heben von G\u00fctern durch den Wegfall des Einsatzes von Ketten, Seilen usw. eine hohe Zeitersparnis.  Der gro\u00dfe Greifbereich erm\u00f6glicht den Einsatz f\u00fcr die unterschiedlichsten Transportaufgaben im Stahl- und Apparatebau, bei der Beschickung von Werkzeugmaschinen und Fertigungseinrichtungen sowie beim Schwei\u00dfen und Montieren von Werkst\u00fccken aller Art.  Der TWG Allzweckgreifer mit geringen Bauma\u00dfen ist besonders f\u00fcr den Einsatz an schwer zug\u00e4nglichen Stellen (z. B. Drehbank) geeignet.  Ausstattung und Verarbeitung \u2022 Durch die Federspannung der Klemmbacke wird das Transportgut auch dann festgehalten, wenn das Zugmittel entlastet wird. \u2022 Ge\u00f6ffnet wird der Allzweckgreifer mit Einfach\u00f6ffner durch Anheben und gleichzeitigem Ziehen am Hebel. Das Schlie\u00dfen der Klemmbacke erfolgt durch die Federvorspannung. \u2022 Allzweckgreifer bis 2,0 t Tragf\u00e4higkeit sind mit Rundgliederketten, die Greifer mit h\u00f6herer Tragf\u00e4higkeit mit Flyerketten ausger\u00fcstet.\" \/>\n<meta property=\"og:url\" content=\"https:\/\/www.ohis.be\/de\/produit\/tigrip-twg-allzweckgreifer\/\" \/>\n<meta property=\"og:site_name\" content=\"Ohis\" \/>\n<meta property=\"og:image\" content=\"https:\/\/www.ohis.be\/wp-content\/uploads\/2022\/12\/TAG_S_Anw1_Detail-1.jpg\" \/>\n\t<meta property=\"og:image:width\" content=\"228\" \/>\n\t<meta property=\"og:image:height\" content=\"231\" \/>\n\t<meta property=\"og:image:type\" content=\"image\/jpeg\" \/>\n<meta name=\"twitter:card\" content=\"summary_large_image\" \/>\n<meta name=\"twitter:label1\" content=\"Gesch\u00e4tzte Lesezeit\" \/>\n\t<meta name=\"twitter:data1\" content=\"1\u00a0Minute\" \/>\n<script type=\"application\/ld+json\" class=\"yoast-schema-graph\">{\"@context\":\"https:\\\/\\\/schema.org\",\"@graph\":[{\"@type\":\"WebPage\",\"@id\":\"https:\\\/\\\/www.ohis.be\\\/de\\\/produit\\\/tigrip-twg-allzweckgreifer\\\/\",\"url\":\"https:\\\/\\\/www.ohis.be\\\/de\\\/produit\\\/tigrip-twg-allzweckgreifer\\\/\",\"name\":\"Tigrip TWG Allzweckgreifer - Ohis\",\"isPartOf\":{\"@id\":\"https:\\\/\\\/www.ohis.be\\\/de\\\/#website\"},\"primaryImageOfPage\":{\"@id\":\"https:\\\/\\\/www.ohis.be\\\/de\\\/produit\\\/tigrip-twg-allzweckgreifer\\\/#primaryimage\"},\"image\":{\"@id\":\"https:\\\/\\\/www.ohis.be\\\/de\\\/produit\\\/tigrip-twg-allzweckgreifer\\\/#primaryimage\"},\"thumbnailUrl\":\"https:\\\/\\\/www.ohis.be\\\/wp-content\\\/uploads\\\/2022\\\/12\\\/TAG_S_Anw1_Detail-1.jpg\",\"datePublished\":\"2022-12-16T09:30:08+00:00\",\"breadcrumb\":{\"@id\":\"https:\\\/\\\/www.ohis.be\\\/de\\\/produit\\\/tigrip-twg-allzweckgreifer\\\/#breadcrumb\"},\"inLanguage\":\"de\",\"potentialAction\":[{\"@type\":\"ReadAction\",\"target\":[\"https:\\\/\\\/www.ohis.be\\\/de\\\/produit\\\/tigrip-twg-allzweckgreifer\\\/\"]}]},{\"@type\":\"ImageObject\",\"inLanguage\":\"de\",\"@id\":\"https:\\\/\\\/www.ohis.be\\\/de\\\/produit\\\/tigrip-twg-allzweckgreifer\\\/#primaryimage\",\"url\":\"https:\\\/\\\/www.ohis.be\\\/wp-content\\\/uploads\\\/2022\\\/12\\\/TAG_S_Anw1_Detail-1.jpg\",\"contentUrl\":\"https:\\\/\\\/www.ohis.be\\\/wp-content\\\/uploads\\\/2022\\\/12\\\/TAG_S_Anw1_Detail-1.jpg\",\"width\":228,\"height\":231,\"caption\":\"&amp;#x05;4.0.3\"},{\"@type\":\"BreadcrumbList\",\"@id\":\"https:\\\/\\\/www.ohis.be\\\/de\\\/produit\\\/tigrip-twg-allzweckgreifer\\\/#breadcrumb\",\"itemListElement\":[{\"@type\":\"ListItem\",\"position\":1,\"name\":\"Accueil\",\"item\":\"https:\\\/\\\/www.ohis.be\\\/de\\\/\"},{\"@type\":\"ListItem\",\"position\":2,\"name\":\"Produkte\",\"item\":\"https:\\\/\\\/www.ohis.be\\\/de\\\/produkte\\\/\"},{\"@type\":\"ListItem\",\"position\":3,\"name\":\"Tigrip TWG Allzweckgreifer\"}]},{\"@type\":\"WebSite\",\"@id\":\"https:\\\/\\\/www.ohis.be\\\/de\\\/#website\",\"url\":\"https:\\\/\\\/www.ohis.be\\\/de\\\/\",\"name\":\"Ohis\",\"description\":\"Outils de levage\",\"publisher\":{\"@id\":\"https:\\\/\\\/www.ohis.be\\\/de\\\/#organization\"},\"potentialAction\":[{\"@type\":\"SearchAction\",\"target\":{\"@type\":\"EntryPoint\",\"urlTemplate\":\"https:\\\/\\\/www.ohis.be\\\/de\\\/?s={search_term_string}\"},\"query-input\":{\"@type\":\"PropertyValueSpecification\",\"valueRequired\":true,\"valueName\":\"search_term_string\"}}],\"inLanguage\":\"de\"},{\"@type\":\"Organization\",\"@id\":\"https:\\\/\\\/www.ohis.be\\\/de\\\/#organization\",\"name\":\"Ohis\",\"url\":\"https:\\\/\\\/www.ohis.be\\\/de\\\/\",\"logo\":{\"@type\":\"ImageObject\",\"inLanguage\":\"de\",\"@id\":\"https:\\\/\\\/www.ohis.be\\\/de\\\/#\\\/schema\\\/logo\\\/image\\\/\",\"url\":\"https:\\\/\\\/www.ohis.be\\\/wp-content\\\/uploads\\\/2021\\\/02\\\/logo-ohis-wit.svg\",\"contentUrl\":\"https:\\\/\\\/www.ohis.be\\\/wp-content\\\/uploads\\\/2021\\\/02\\\/logo-ohis-wit.svg\",\"caption\":\"Ohis\"},\"image\":{\"@id\":\"https:\\\/\\\/www.ohis.be\\\/de\\\/#\\\/schema\\\/logo\\\/image\\\/\"}}]}<\/script>\n<!-- \/ Yoast SEO plugin. -->","yoast_head_json":{"title":"Tigrip TWG Allzweckgreifer - Ohis","robots":{"index":"index","follow":"follow","max-snippet":"max-snippet:-1","max-image-preview":"max-image-preview:large","max-video-preview":"max-video-preview:-1"},"canonical":"https:\/\/www.ohis.be\/de\/produit\/tigrip-twg-allzweckgreifer\/","og_locale":"de_DE","og_type":"article","og_title":"Tigrip TWG Allzweckgreifer - Ohis","og_description":"TWG - mit geringen Bauma\u00dfen Tragf\u00e4higkeit 750 - 1.250 kg Die universell einsetzbaren Greifer TAG und TWG bringen beim Verladen und Heben von G\u00fctern durch den Wegfall des Einsatzes von Ketten, Seilen usw. eine hohe Zeitersparnis.  Der gro\u00dfe Greifbereich erm\u00f6glicht den Einsatz f\u00fcr die unterschiedlichsten Transportaufgaben im Stahl- und Apparatebau, bei der Beschickung von Werkzeugmaschinen und Fertigungseinrichtungen sowie beim Schwei\u00dfen und Montieren von Werkst\u00fccken aller Art.  Der TWG Allzweckgreifer mit geringen Bauma\u00dfen ist besonders f\u00fcr den Einsatz an schwer zug\u00e4nglichen Stellen (z. B. Drehbank) geeignet.  Ausstattung und Verarbeitung \u2022 Durch die Federspannung der Klemmbacke wird das Transportgut auch dann festgehalten, wenn das Zugmittel entlastet wird. \u2022 Ge\u00f6ffnet wird der Allzweckgreifer mit Einfach\u00f6ffner durch Anheben und gleichzeitigem Ziehen am Hebel. Das Schlie\u00dfen der Klemmbacke erfolgt durch die Federvorspannung. \u2022 Allzweckgreifer bis 2,0 t Tragf\u00e4higkeit sind mit Rundgliederketten, die Greifer mit h\u00f6herer Tragf\u00e4higkeit mit Flyerketten ausger\u00fcstet.","og_url":"https:\/\/www.ohis.be\/de\/produit\/tigrip-twg-allzweckgreifer\/","og_site_name":"Ohis","og_image":[{"width":228,"height":231,"url":"https:\/\/www.ohis.be\/wp-content\/uploads\/2022\/12\/TAG_S_Anw1_Detail-1.jpg","type":"image\/jpeg"}],"twitter_card":"summary_large_image","twitter_misc":{"Gesch\u00e4tzte Lesezeit":"1\u00a0Minute"},"schema":{"@context":"https:\/\/schema.org","@graph":[{"@type":"WebPage","@id":"https:\/\/www.ohis.be\/de\/produit\/tigrip-twg-allzweckgreifer\/","url":"https:\/\/www.ohis.be\/de\/produit\/tigrip-twg-allzweckgreifer\/","name":"Tigrip TWG Allzweckgreifer - Ohis","isPartOf":{"@id":"https:\/\/www.ohis.be\/de\/#website"},"primaryImageOfPage":{"@id":"https:\/\/www.ohis.be\/de\/produit\/tigrip-twg-allzweckgreifer\/#primaryimage"},"image":{"@id":"https:\/\/www.ohis.be\/de\/produit\/tigrip-twg-allzweckgreifer\/#primaryimage"},"thumbnailUrl":"https:\/\/www.ohis.be\/wp-content\/uploads\/2022\/12\/TAG_S_Anw1_Detail-1.jpg","datePublished":"2022-12-16T09:30:08+00:00","breadcrumb":{"@id":"https:\/\/www.ohis.be\/de\/produit\/tigrip-twg-allzweckgreifer\/#breadcrumb"},"inLanguage":"de","potentialAction":[{"@type":"ReadAction","target":["https:\/\/www.ohis.be\/de\/produit\/tigrip-twg-allzweckgreifer\/"]}]},{"@type":"ImageObject","inLanguage":"de","@id":"https:\/\/www.ohis.be\/de\/produit\/tigrip-twg-allzweckgreifer\/#primaryimage","url":"https:\/\/www.ohis.be\/wp-content\/uploads\/2022\/12\/TAG_S_Anw1_Detail-1.jpg","contentUrl":"https:\/\/www.ohis.be\/wp-content\/uploads\/2022\/12\/TAG_S_Anw1_Detail-1.jpg","width":228,"height":231,"caption":"&amp;#x05;4.0.3"},{"@type":"BreadcrumbList","@id":"https:\/\/www.ohis.be\/de\/produit\/tigrip-twg-allzweckgreifer\/#breadcrumb","itemListElement":[{"@type":"ListItem","position":1,"name":"Accueil","item":"https:\/\/www.ohis.be\/de\/"},{"@type":"ListItem","position":2,"name":"Produkte","item":"https:\/\/www.ohis.be\/de\/produkte\/"},{"@type":"ListItem","position":3,"name":"Tigrip TWG Allzweckgreifer"}]},{"@type":"WebSite","@id":"https:\/\/www.ohis.be\/de\/#website","url":"https:\/\/www.ohis.be\/de\/","name":"Ohis","description":"Outils de levage","publisher":{"@id":"https:\/\/www.ohis.be\/de\/#organization"},"potentialAction":[{"@type":"SearchAction","target":{"@type":"EntryPoint","urlTemplate":"https:\/\/www.ohis.be\/de\/?s={search_term_string}"},"query-input":{"@type":"PropertyValueSpecification","valueRequired":true,"valueName":"search_term_string"}}],"inLanguage":"de"},{"@type":"Organization","@id":"https:\/\/www.ohis.be\/de\/#organization","name":"Ohis","url":"https:\/\/www.ohis.be\/de\/","logo":{"@type":"ImageObject","inLanguage":"de","@id":"https:\/\/www.ohis.be\/de\/#\/schema\/logo\/image\/","url":"https:\/\/www.ohis.be\/wp-content\/uploads\/2021\/02\/logo-ohis-wit.svg","contentUrl":"https:\/\/www.ohis.be\/wp-content\/uploads\/2021\/02\/logo-ohis-wit.svg","caption":"Ohis"},"image":{"@id":"https:\/\/www.ohis.be\/de\/#\/schema\/logo\/image\/"}}]}},"_links":{"self":[{"href":"https:\/\/www.ohis.be\/de\/wp-json\/wp\/v2\/product\/33750","targetHints":{"allow":["GET"]}}],"collection":[{"href":"https:\/\/www.ohis.be\/de\/wp-json\/wp\/v2\/product"}],"about":[{"href":"https:\/\/www.ohis.be\/de\/wp-json\/wp\/v2\/types\/product"}],"wp:featuredmedia":[{"embeddable":true,"href":"https:\/\/www.ohis.be\/de\/wp-json\/wp\/v2\/media\/19674"}],"wp:attachment":[{"href":"https:\/\/www.ohis.be\/de\/wp-json\/wp\/v2\/media?parent=33750"}],"wp:term":[{"taxonomy":"product_brand","embeddable":true,"href":"https:\/\/www.ohis.be\/de\/wp-json\/wp\/v2\/product_brand?post=33750"},{"taxonomy":"product_cat","embeddable":true,"href":"https:\/\/www.ohis.be\/de\/wp-json\/wp\/v2\/product_cat?post=33750"},{"taxonomy":"product_tag","embeddable":true,"href":"https:\/\/www.ohis.be\/de\/wp-json\/wp\/v2\/product_tag?post=33750"}],"curies":[{"name":"wp","href":"https:\/\/api.w.org\/{rel}","templated":true}]}}