{"id":33747,"date":"2022-12-16T10:53:51","date_gmt":"2022-12-16T09:53:51","guid":{"rendered":"https:\/\/www.ohis.be\/produit\/tigrip-tbp-schongreifer\/"},"modified":"2022-12-16T10:53:51","modified_gmt":"2022-12-16T09:53:51","slug":"tigrip-tbp-schongreifer","status":"publish","type":"product","link":"https:\/\/www.ohis.be\/de\/produit\/tigrip-tbp-schongreifer\/","title":{"rendered":"Tigrip TBP Schongreifer"},"content":{"rendered":"<p>Tragf\u00e4higkeit 500 &#8211; 1.500 kg<br \/>\nDer Schongreifer TBP eignet sich zum vertikalen Transport von Platten mit empfindlicher Oberfl\u00e4che, ohne Eindr\u00fccke und Besch\u00e4digungen zu hinterlassen.<br \/>\nEr kann f\u00fcr Aluminium, Edelstahl oder Bleche mit extrem harter Oberfl\u00e4che eingesetzt werden.<\/p>\n<p>INFO<br \/>\nDie Oberfl\u00e4che des zu transportierenden Materials muss trocken, sauber, fett- und \u00f6lfrei sein, damit der Reibwert der beschichteten Backen erhalten bleibt.<br \/>\nDie Mindestlast betr\u00e4gt 10\u2009% der angegebenen Tragf\u00e4higkeit!<\/p>\n","protected":false},"excerpt":{"rendered":"<p>Tragf\u00e4higkeit 500 &#8211; 1.500 kg<br \/>\nDer Schongreifer TBP eignet sich zum vertikalen Transport von Platten mit empfindlicher Oberfl\u00e4che, ohne Eindr\u00fccke und Besch\u00e4digungen zu hinterlassen.<br \/>\nEr kann f\u00fcr Aluminium, Edelstahl oder Bleche mit extrem harter Oberfl\u00e4che eingesetzt werden.<\/p>\n<p>INFO<br \/>\nDie Oberfl\u00e4che des zu transportierenden Materials muss trocken, sauber, fett- und \u00f6lfrei sein, damit der Reibwert der beschichteten Backen erhalten bleibt.<br \/>\nDie Mindestlast betr\u00e4gt 10\u2009% der angegebenen Tragf\u00e4higkeit!<\/p>\n","protected":false},"featured_media":19620,"template":"","meta":{"_acf_changed":false,"inline_featured_image":false},"product_brand":[],"product_cat":[1621],"product_tag":[705],"class_list":{"0":"post-33747","1":"product","2":"type-product","3":"status-publish","4":"has-post-thumbnail","6":"product_cat-klemmen","7":"product_tag-yale-de","8":"yith_product_brand-yale-de","10":"first","11":"onbackorder","12":"taxable","13":"shipping-taxable","14":"purchasable","15":"product-type-variable"},"acf":[],"yoast_head":"<!-- This site is optimized with the Yoast SEO plugin v27.4 - https:\/\/yoast.com\/product\/yoast-seo-wordpress\/ -->\n<title>Tigrip TBP Schongreifer - Ohis<\/title>\n<meta name=\"robots\" content=\"index, follow, max-snippet:-1, max-image-preview:large, max-video-preview:-1\" \/>\n<link rel=\"canonical\" href=\"https:\/\/www.ohis.be\/de\/produit\/tigrip-tbp-schongreifer\/\" \/>\n<meta property=\"og:locale\" content=\"de_DE\" \/>\n<meta property=\"og:type\" content=\"article\" \/>\n<meta property=\"og:title\" content=\"Tigrip TBP Schongreifer - Ohis\" \/>\n<meta property=\"og:description\" content=\"Tragf\u00e4higkeit 500 - 1.500 kg Der Schongreifer TBP eignet sich zum vertikalen Transport von Platten mit empfindlicher Oberfl\u00e4che, ohne Eindr\u00fccke und Besch\u00e4digungen zu hinterlassen. Er kann f\u00fcr Aluminium, Edelstahl oder Bleche mit extrem harter Oberfl\u00e4che eingesetzt werden.  INFO Die Oberfl\u00e4che des zu transportierenden Materials muss trocken, sauber, fett- und \u00f6lfrei sein, damit der Reibwert der beschichteten Backen erhalten bleibt. Die Mindestlast betr\u00e4gt 10\u2009% der angegebenen Tragf\u00e4higkeit!\" \/>\n<meta property=\"og:url\" content=\"https:\/\/www.ohis.be\/de\/produit\/tigrip-tbp-schongreifer\/\" \/>\n<meta property=\"og:site_name\" content=\"Ohis\" \/>\n<meta property=\"og:image\" content=\"https:\/\/www.ohis.be\/wp-content\/uploads\/2022\/12\/TBP_Anw.jpg\" \/>\n\t<meta property=\"og:image:width\" content=\"527\" \/>\n\t<meta property=\"og:image:height\" content=\"761\" \/>\n\t<meta property=\"og:image:type\" content=\"image\/jpeg\" \/>\n<meta name=\"twitter:card\" content=\"summary_large_image\" \/>\n<script type=\"application\/ld+json\" class=\"yoast-schema-graph\">{\"@context\":\"https:\\\/\\\/schema.org\",\"@graph\":[{\"@type\":\"WebPage\",\"@id\":\"https:\\\/\\\/www.ohis.be\\\/de\\\/produit\\\/tigrip-tbp-schongreifer\\\/\",\"url\":\"https:\\\/\\\/www.ohis.be\\\/de\\\/produit\\\/tigrip-tbp-schongreifer\\\/\",\"name\":\"Tigrip TBP Schongreifer - Ohis\",\"isPartOf\":{\"@id\":\"https:\\\/\\\/www.ohis.be\\\/#website\"},\"primaryImageOfPage\":{\"@id\":\"https:\\\/\\\/www.ohis.be\\\/de\\\/produit\\\/tigrip-tbp-schongreifer\\\/#primaryimage\"},\"image\":{\"@id\":\"https:\\\/\\\/www.ohis.be\\\/de\\\/produit\\\/tigrip-tbp-schongreifer\\\/#primaryimage\"},\"thumbnailUrl\":\"https:\\\/\\\/www.ohis.be\\\/wp-content\\\/uploads\\\/2022\\\/12\\\/TBP_Anw.jpg\",\"datePublished\":\"2022-12-16T09:53:51+00:00\",\"breadcrumb\":{\"@id\":\"https:\\\/\\\/www.ohis.be\\\/de\\\/produit\\\/tigrip-tbp-schongreifer\\\/#breadcrumb\"},\"inLanguage\":\"de\",\"potentialAction\":[{\"@type\":\"ReadAction\",\"target\":[\"https:\\\/\\\/www.ohis.be\\\/de\\\/produit\\\/tigrip-tbp-schongreifer\\\/\"]}]},{\"@type\":\"ImageObject\",\"inLanguage\":\"de\",\"@id\":\"https:\\\/\\\/www.ohis.be\\\/de\\\/produit\\\/tigrip-tbp-schongreifer\\\/#primaryimage\",\"url\":\"https:\\\/\\\/www.ohis.be\\\/wp-content\\\/uploads\\\/2022\\\/12\\\/TBP_Anw.jpg\",\"contentUrl\":\"https:\\\/\\\/www.ohis.be\\\/wp-content\\\/uploads\\\/2022\\\/12\\\/TBP_Anw.jpg\",\"width\":527,\"height\":761,\"caption\":\"&amp;#x05;4.0.3\"},{\"@type\":\"BreadcrumbList\",\"@id\":\"https:\\\/\\\/www.ohis.be\\\/de\\\/produit\\\/tigrip-tbp-schongreifer\\\/#breadcrumb\",\"itemListElement\":[{\"@type\":\"ListItem\",\"position\":1,\"name\":\"Accueil\",\"item\":\"https:\\\/\\\/www.ohis.be\\\/de\\\/\"},{\"@type\":\"ListItem\",\"position\":2,\"name\":\"Produkte\",\"item\":\"https:\\\/\\\/www.ohis.be\\\/de\\\/produkte\\\/\"},{\"@type\":\"ListItem\",\"position\":3,\"name\":\"Tigrip TBP Schongreifer\"}]},{\"@type\":\"WebSite\",\"@id\":\"https:\\\/\\\/www.ohis.be\\\/#website\",\"url\":\"https:\\\/\\\/www.ohis.be\\\/\",\"name\":\"Ohis\",\"description\":\"Outils de levage\",\"publisher\":{\"@id\":\"https:\\\/\\\/www.ohis.be\\\/#organization\"},\"potentialAction\":[{\"@type\":\"SearchAction\",\"target\":{\"@type\":\"EntryPoint\",\"urlTemplate\":\"https:\\\/\\\/www.ohis.be\\\/?s={search_term_string}\"},\"query-input\":{\"@type\":\"PropertyValueSpecification\",\"valueRequired\":true,\"valueName\":\"search_term_string\"}}],\"inLanguage\":\"de\"},{\"@type\":\"Organization\",\"@id\":\"https:\\\/\\\/www.ohis.be\\\/#organization\",\"name\":\"Ohis\",\"url\":\"https:\\\/\\\/www.ohis.be\\\/\",\"logo\":{\"@type\":\"ImageObject\",\"inLanguage\":\"de\",\"@id\":\"https:\\\/\\\/www.ohis.be\\\/#\\\/schema\\\/logo\\\/image\\\/\",\"url\":\"https:\\\/\\\/www.ohis.be\\\/wp-content\\\/uploads\\\/2021\\\/02\\\/logo-ohis-wit.svg\",\"contentUrl\":\"https:\\\/\\\/www.ohis.be\\\/wp-content\\\/uploads\\\/2021\\\/02\\\/logo-ohis-wit.svg\",\"caption\":\"Ohis\"},\"image\":{\"@id\":\"https:\\\/\\\/www.ohis.be\\\/#\\\/schema\\\/logo\\\/image\\\/\"}}]}<\/script>\n<!-- \/ Yoast SEO plugin. -->","yoast_head_json":{"title":"Tigrip TBP Schongreifer - Ohis","robots":{"index":"index","follow":"follow","max-snippet":"max-snippet:-1","max-image-preview":"max-image-preview:large","max-video-preview":"max-video-preview:-1"},"canonical":"https:\/\/www.ohis.be\/de\/produit\/tigrip-tbp-schongreifer\/","og_locale":"de_DE","og_type":"article","og_title":"Tigrip TBP Schongreifer - Ohis","og_description":"Tragf\u00e4higkeit 500 - 1.500 kg Der Schongreifer TBP eignet sich zum vertikalen Transport von Platten mit empfindlicher Oberfl\u00e4che, ohne Eindr\u00fccke und Besch\u00e4digungen zu hinterlassen. Er kann f\u00fcr Aluminium, Edelstahl oder Bleche mit extrem harter Oberfl\u00e4che eingesetzt werden.  INFO Die Oberfl\u00e4che des zu transportierenden Materials muss trocken, sauber, fett- und \u00f6lfrei sein, damit der Reibwert der beschichteten Backen erhalten bleibt. Die Mindestlast betr\u00e4gt 10\u2009% der angegebenen Tragf\u00e4higkeit!","og_url":"https:\/\/www.ohis.be\/de\/produit\/tigrip-tbp-schongreifer\/","og_site_name":"Ohis","og_image":[{"width":527,"height":761,"url":"https:\/\/www.ohis.be\/wp-content\/uploads\/2022\/12\/TBP_Anw.jpg","type":"image\/jpeg"}],"twitter_card":"summary_large_image","schema":{"@context":"https:\/\/schema.org","@graph":[{"@type":"WebPage","@id":"https:\/\/www.ohis.be\/de\/produit\/tigrip-tbp-schongreifer\/","url":"https:\/\/www.ohis.be\/de\/produit\/tigrip-tbp-schongreifer\/","name":"Tigrip TBP Schongreifer - Ohis","isPartOf":{"@id":"https:\/\/www.ohis.be\/#website"},"primaryImageOfPage":{"@id":"https:\/\/www.ohis.be\/de\/produit\/tigrip-tbp-schongreifer\/#primaryimage"},"image":{"@id":"https:\/\/www.ohis.be\/de\/produit\/tigrip-tbp-schongreifer\/#primaryimage"},"thumbnailUrl":"https:\/\/www.ohis.be\/wp-content\/uploads\/2022\/12\/TBP_Anw.jpg","datePublished":"2022-12-16T09:53:51+00:00","breadcrumb":{"@id":"https:\/\/www.ohis.be\/de\/produit\/tigrip-tbp-schongreifer\/#breadcrumb"},"inLanguage":"de","potentialAction":[{"@type":"ReadAction","target":["https:\/\/www.ohis.be\/de\/produit\/tigrip-tbp-schongreifer\/"]}]},{"@type":"ImageObject","inLanguage":"de","@id":"https:\/\/www.ohis.be\/de\/produit\/tigrip-tbp-schongreifer\/#primaryimage","url":"https:\/\/www.ohis.be\/wp-content\/uploads\/2022\/12\/TBP_Anw.jpg","contentUrl":"https:\/\/www.ohis.be\/wp-content\/uploads\/2022\/12\/TBP_Anw.jpg","width":527,"height":761,"caption":"&amp;#x05;4.0.3"},{"@type":"BreadcrumbList","@id":"https:\/\/www.ohis.be\/de\/produit\/tigrip-tbp-schongreifer\/#breadcrumb","itemListElement":[{"@type":"ListItem","position":1,"name":"Accueil","item":"https:\/\/www.ohis.be\/de\/"},{"@type":"ListItem","position":2,"name":"Produkte","item":"https:\/\/www.ohis.be\/de\/produkte\/"},{"@type":"ListItem","position":3,"name":"Tigrip TBP Schongreifer"}]},{"@type":"WebSite","@id":"https:\/\/www.ohis.be\/#website","url":"https:\/\/www.ohis.be\/","name":"Ohis","description":"Outils de levage","publisher":{"@id":"https:\/\/www.ohis.be\/#organization"},"potentialAction":[{"@type":"SearchAction","target":{"@type":"EntryPoint","urlTemplate":"https:\/\/www.ohis.be\/?s={search_term_string}"},"query-input":{"@type":"PropertyValueSpecification","valueRequired":true,"valueName":"search_term_string"}}],"inLanguage":"de"},{"@type":"Organization","@id":"https:\/\/www.ohis.be\/#organization","name":"Ohis","url":"https:\/\/www.ohis.be\/","logo":{"@type":"ImageObject","inLanguage":"de","@id":"https:\/\/www.ohis.be\/#\/schema\/logo\/image\/","url":"https:\/\/www.ohis.be\/wp-content\/uploads\/2021\/02\/logo-ohis-wit.svg","contentUrl":"https:\/\/www.ohis.be\/wp-content\/uploads\/2021\/02\/logo-ohis-wit.svg","caption":"Ohis"},"image":{"@id":"https:\/\/www.ohis.be\/#\/schema\/logo\/image\/"}}]}},"_links":{"self":[{"href":"https:\/\/www.ohis.be\/de\/wp-json\/wp\/v2\/product\/33747","targetHints":{"allow":["GET"]}}],"collection":[{"href":"https:\/\/www.ohis.be\/de\/wp-json\/wp\/v2\/product"}],"about":[{"href":"https:\/\/www.ohis.be\/de\/wp-json\/wp\/v2\/types\/product"}],"wp:featuredmedia":[{"embeddable":true,"href":"https:\/\/www.ohis.be\/de\/wp-json\/wp\/v2\/media\/19620"}],"wp:attachment":[{"href":"https:\/\/www.ohis.be\/de\/wp-json\/wp\/v2\/media?parent=33747"}],"wp:term":[{"taxonomy":"product_brand","embeddable":true,"href":"https:\/\/www.ohis.be\/de\/wp-json\/wp\/v2\/product_brand?post=33747"},{"taxonomy":"product_cat","embeddable":true,"href":"https:\/\/www.ohis.be\/de\/wp-json\/wp\/v2\/product_cat?post=33747"},{"taxonomy":"product_tag","embeddable":true,"href":"https:\/\/www.ohis.be\/de\/wp-json\/wp\/v2\/product_tag?post=33747"}],"curies":[{"name":"wp","href":"https:\/\/api.w.org\/{rel}","templated":true}]}}