{"id":33741,"date":"2022-12-16T10:59:28","date_gmt":"2022-12-16T09:59:28","guid":{"rendered":"https:\/\/www.ohis.be\/produit\/tigrip-tsb-schongreifer-mit-kette\/"},"modified":"2022-12-16T10:59:28","modified_gmt":"2022-12-16T09:59:28","slug":"tigrip-tsb-schongreifer-mit-kette","status":"publish","type":"product","link":"https:\/\/www.ohis.be\/de\/produit\/tigrip-tsb-schongreifer-mit-kette\/","title":{"rendered":"Tigrip TSB Schongreifer mit Kette"},"content":{"rendered":"<p>Tragf\u00e4higkeit 750 &#8211; 1.250 kg<br \/>\nDie planparallel anliegenden Backen verteilen den Anpressdruck auf eine relativ gro\u00dfe Fl\u00e4che. Dadurch bietet sich der Schongreifer TSB f\u00fcr empfindliche Oberfl\u00e4chen von Span- oder Stahlplatten besonders an. Der Bremsit\u00ae-Schutzbelag besitzt einen hohen Reibwert und die Backen somit eine gro\u00dfe Griffsicherheit. Nach Abnutzung kann ein neuer Belag auf einfache Weise wieder aufgeklebt werden.<br \/>\nAus dem Allzweckgreifer entwickelt, verf\u00fcgt dieser Greifertyp \u00fcber einen gro\u00dfen Greifbereich und eine Sicherheitsarretierung mit Sperr\u00f6ffner.<\/p>\n<p>Nach Abnutzung kann ein neuer Belag auf einfache Weise wieder aufgeklebt werden.<br \/>\nAus dem Allzweckgreifer entwickelt, verf\u00fcgt dieser Greifertyp \u00fcber einen gro\u00dfen Greifbereich und eine Sicherheitsarretierung mit Sperr\u00f6ffner.<\/p>\n","protected":false},"excerpt":{"rendered":"<p>Tragf\u00e4higkeit 750 &#8211; 1.250 kg<br \/>\nDie planparallel anliegenden Backen verteilen den Anpressdruck auf eine relativ gro\u00dfe Fl\u00e4che. Dadurch bietet sich der Schongreifer TSB f\u00fcr empfindliche Oberfl\u00e4chen von Span- oder Stahlplatten besonders an. Der Bremsit\u00ae-Schutzbelag besitzt einen hohen Reibwert und die Backen somit eine gro\u00dfe Griffsicherheit. Nach Abnutzung kann ein neuer Belag auf einfache Weise wieder aufgeklebt werden.<br \/>\nAus dem Allzweckgreifer entwickelt, verf\u00fcgt dieser Greifertyp \u00fcber einen gro\u00dfen Greifbereich und eine Sicherheitsarretierung mit Sperr\u00f6ffner.<\/p>\n<p>Nach Abnutzung kann ein neuer Belag auf einfache Weise wieder aufgeklebt werden.<br \/>\nAus dem Allzweckgreifer entwickelt, verf\u00fcgt dieser Greifertyp \u00fcber einen gro\u00dfen Greifbereich und eine Sicherheitsarretierung mit Sperr\u00f6ffner.<\/p>\n","protected":false},"featured_media":19636,"template":"","meta":{"_acf_changed":false,"inline_featured_image":false},"product_brand":[],"product_cat":[1621],"product_tag":[705],"class_list":{"0":"post-33741","1":"product","2":"type-product","3":"status-publish","4":"has-post-thumbnail","6":"product_cat-klemmen","7":"product_tag-yale-de","9":"first","10":"onbackorder","11":"taxable","12":"shipping-taxable","13":"purchasable","14":"product-type-variable"},"acf":[],"yoast_head":"<!-- This site is optimized with the Yoast SEO plugin v27.5 - https:\/\/yoast.com\/product\/yoast-seo-wordpress\/ -->\n<title>Tigrip TSB Schongreifer mit Kette - Ohis<\/title>\n<meta name=\"robots\" content=\"index, follow, max-snippet:-1, max-image-preview:large, max-video-preview:-1\" \/>\n<link rel=\"canonical\" href=\"https:\/\/www.ohis.be\/de\/produit\/tigrip-tsb-schongreifer-mit-kette\/\" \/>\n<meta property=\"og:locale\" content=\"de_DE\" \/>\n<meta property=\"og:type\" content=\"article\" \/>\n<meta property=\"og:title\" content=\"Tigrip TSB Schongreifer mit Kette - Ohis\" \/>\n<meta property=\"og:description\" content=\"Tragf\u00e4higkeit 750 - 1.250 kg Die planparallel anliegenden Backen verteilen den Anpressdruck auf eine relativ gro\u00dfe Fl\u00e4che. Dadurch bietet sich der Schongreifer TSB f\u00fcr empfindliche Oberfl\u00e4chen von Span- oder Stahlplatten besonders an. Der Bremsit\u00ae-Schutzbelag besitzt einen hohen Reibwert und die Backen somit eine gro\u00dfe Griffsicherheit. Nach Abnutzung kann ein neuer Belag auf einfache Weise wieder aufgeklebt werden. Aus dem Allzweckgreifer entwickelt, verf\u00fcgt dieser Greifertyp \u00fcber einen gro\u00dfen Greifbereich und eine Sicherheitsarretierung mit Sperr\u00f6ffner.  Nach Abnutzung kann ein neuer Belag auf einfache Weise wieder aufgeklebt werden. Aus dem Allzweckgreifer entwickelt, verf\u00fcgt dieser Greifertyp \u00fcber einen gro\u00dfen Greifbereich und eine Sicherheitsarretierung mit Sperr\u00f6ffner.\" \/>\n<meta property=\"og:url\" content=\"https:\/\/www.ohis.be\/de\/produit\/tigrip-tsb-schongreifer-mit-kette\/\" \/>\n<meta property=\"og:site_name\" content=\"Ohis\" \/>\n<meta property=\"og:image\" content=\"https:\/\/www.ohis.be\/wp-content\/uploads\/2022\/12\/TSB.jpg\" \/>\n\t<meta property=\"og:image:width\" content=\"243\" \/>\n\t<meta property=\"og:image:height\" content=\"567\" \/>\n\t<meta property=\"og:image:type\" content=\"image\/jpeg\" \/>\n<meta name=\"twitter:card\" content=\"summary_large_image\" \/>\n<meta name=\"twitter:label1\" content=\"Gesch\u00e4tzte Lesezeit\" \/>\n\t<meta name=\"twitter:data1\" content=\"1\u00a0Minute\" \/>\n<script type=\"application\/ld+json\" class=\"yoast-schema-graph\">{\"@context\":\"https:\\\/\\\/schema.org\",\"@graph\":[{\"@type\":\"WebPage\",\"@id\":\"https:\\\/\\\/www.ohis.be\\\/de\\\/produit\\\/tigrip-tsb-schongreifer-mit-kette\\\/\",\"url\":\"https:\\\/\\\/www.ohis.be\\\/de\\\/produit\\\/tigrip-tsb-schongreifer-mit-kette\\\/\",\"name\":\"Tigrip TSB Schongreifer mit Kette - Ohis\",\"isPartOf\":{\"@id\":\"https:\\\/\\\/www.ohis.be\\\/de\\\/#website\"},\"primaryImageOfPage\":{\"@id\":\"https:\\\/\\\/www.ohis.be\\\/de\\\/produit\\\/tigrip-tsb-schongreifer-mit-kette\\\/#primaryimage\"},\"image\":{\"@id\":\"https:\\\/\\\/www.ohis.be\\\/de\\\/produit\\\/tigrip-tsb-schongreifer-mit-kette\\\/#primaryimage\"},\"thumbnailUrl\":\"https:\\\/\\\/www.ohis.be\\\/wp-content\\\/uploads\\\/2022\\\/12\\\/TSB.jpg\",\"datePublished\":\"2022-12-16T09:59:28+00:00\",\"breadcrumb\":{\"@id\":\"https:\\\/\\\/www.ohis.be\\\/de\\\/produit\\\/tigrip-tsb-schongreifer-mit-kette\\\/#breadcrumb\"},\"inLanguage\":\"de\",\"potentialAction\":[{\"@type\":\"ReadAction\",\"target\":[\"https:\\\/\\\/www.ohis.be\\\/de\\\/produit\\\/tigrip-tsb-schongreifer-mit-kette\\\/\"]}]},{\"@type\":\"ImageObject\",\"inLanguage\":\"de\",\"@id\":\"https:\\\/\\\/www.ohis.be\\\/de\\\/produit\\\/tigrip-tsb-schongreifer-mit-kette\\\/#primaryimage\",\"url\":\"https:\\\/\\\/www.ohis.be\\\/wp-content\\\/uploads\\\/2022\\\/12\\\/TSB.jpg\",\"contentUrl\":\"https:\\\/\\\/www.ohis.be\\\/wp-content\\\/uploads\\\/2022\\\/12\\\/TSB.jpg\",\"width\":243,\"height\":567,\"caption\":\"&amp;#x05;4.0.3\"},{\"@type\":\"BreadcrumbList\",\"@id\":\"https:\\\/\\\/www.ohis.be\\\/de\\\/produit\\\/tigrip-tsb-schongreifer-mit-kette\\\/#breadcrumb\",\"itemListElement\":[{\"@type\":\"ListItem\",\"position\":1,\"name\":\"Accueil\",\"item\":\"https:\\\/\\\/www.ohis.be\\\/de\\\/\"},{\"@type\":\"ListItem\",\"position\":2,\"name\":\"Produkte\",\"item\":\"https:\\\/\\\/www.ohis.be\\\/de\\\/produkte\\\/\"},{\"@type\":\"ListItem\",\"position\":3,\"name\":\"Tigrip TSB Schongreifer mit Kette\"}]},{\"@type\":\"WebSite\",\"@id\":\"https:\\\/\\\/www.ohis.be\\\/de\\\/#website\",\"url\":\"https:\\\/\\\/www.ohis.be\\\/de\\\/\",\"name\":\"Ohis\",\"description\":\"Outils de levage\",\"publisher\":{\"@id\":\"https:\\\/\\\/www.ohis.be\\\/de\\\/#organization\"},\"potentialAction\":[{\"@type\":\"SearchAction\",\"target\":{\"@type\":\"EntryPoint\",\"urlTemplate\":\"https:\\\/\\\/www.ohis.be\\\/de\\\/?s={search_term_string}\"},\"query-input\":{\"@type\":\"PropertyValueSpecification\",\"valueRequired\":true,\"valueName\":\"search_term_string\"}}],\"inLanguage\":\"de\"},{\"@type\":\"Organization\",\"@id\":\"https:\\\/\\\/www.ohis.be\\\/de\\\/#organization\",\"name\":\"Ohis\",\"url\":\"https:\\\/\\\/www.ohis.be\\\/de\\\/\",\"logo\":{\"@type\":\"ImageObject\",\"inLanguage\":\"de\",\"@id\":\"https:\\\/\\\/www.ohis.be\\\/de\\\/#\\\/schema\\\/logo\\\/image\\\/\",\"url\":\"https:\\\/\\\/www.ohis.be\\\/wp-content\\\/uploads\\\/2021\\\/02\\\/logo-ohis-wit.svg\",\"contentUrl\":\"https:\\\/\\\/www.ohis.be\\\/wp-content\\\/uploads\\\/2021\\\/02\\\/logo-ohis-wit.svg\",\"caption\":\"Ohis\"},\"image\":{\"@id\":\"https:\\\/\\\/www.ohis.be\\\/de\\\/#\\\/schema\\\/logo\\\/image\\\/\"}}]}<\/script>\n<!-- \/ Yoast SEO plugin. -->","yoast_head_json":{"title":"Tigrip TSB Schongreifer mit Kette - Ohis","robots":{"index":"index","follow":"follow","max-snippet":"max-snippet:-1","max-image-preview":"max-image-preview:large","max-video-preview":"max-video-preview:-1"},"canonical":"https:\/\/www.ohis.be\/de\/produit\/tigrip-tsb-schongreifer-mit-kette\/","og_locale":"de_DE","og_type":"article","og_title":"Tigrip TSB Schongreifer mit Kette - Ohis","og_description":"Tragf\u00e4higkeit 750 - 1.250 kg Die planparallel anliegenden Backen verteilen den Anpressdruck auf eine relativ gro\u00dfe Fl\u00e4che. Dadurch bietet sich der Schongreifer TSB f\u00fcr empfindliche Oberfl\u00e4chen von Span- oder Stahlplatten besonders an. Der Bremsit\u00ae-Schutzbelag besitzt einen hohen Reibwert und die Backen somit eine gro\u00dfe Griffsicherheit. Nach Abnutzung kann ein neuer Belag auf einfache Weise wieder aufgeklebt werden. Aus dem Allzweckgreifer entwickelt, verf\u00fcgt dieser Greifertyp \u00fcber einen gro\u00dfen Greifbereich und eine Sicherheitsarretierung mit Sperr\u00f6ffner.  Nach Abnutzung kann ein neuer Belag auf einfache Weise wieder aufgeklebt werden. Aus dem Allzweckgreifer entwickelt, verf\u00fcgt dieser Greifertyp \u00fcber einen gro\u00dfen Greifbereich und eine Sicherheitsarretierung mit Sperr\u00f6ffner.","og_url":"https:\/\/www.ohis.be\/de\/produit\/tigrip-tsb-schongreifer-mit-kette\/","og_site_name":"Ohis","og_image":[{"width":243,"height":567,"url":"https:\/\/www.ohis.be\/wp-content\/uploads\/2022\/12\/TSB.jpg","type":"image\/jpeg"}],"twitter_card":"summary_large_image","twitter_misc":{"Gesch\u00e4tzte Lesezeit":"1\u00a0Minute"},"schema":{"@context":"https:\/\/schema.org","@graph":[{"@type":"WebPage","@id":"https:\/\/www.ohis.be\/de\/produit\/tigrip-tsb-schongreifer-mit-kette\/","url":"https:\/\/www.ohis.be\/de\/produit\/tigrip-tsb-schongreifer-mit-kette\/","name":"Tigrip TSB Schongreifer mit Kette - Ohis","isPartOf":{"@id":"https:\/\/www.ohis.be\/de\/#website"},"primaryImageOfPage":{"@id":"https:\/\/www.ohis.be\/de\/produit\/tigrip-tsb-schongreifer-mit-kette\/#primaryimage"},"image":{"@id":"https:\/\/www.ohis.be\/de\/produit\/tigrip-tsb-schongreifer-mit-kette\/#primaryimage"},"thumbnailUrl":"https:\/\/www.ohis.be\/wp-content\/uploads\/2022\/12\/TSB.jpg","datePublished":"2022-12-16T09:59:28+00:00","breadcrumb":{"@id":"https:\/\/www.ohis.be\/de\/produit\/tigrip-tsb-schongreifer-mit-kette\/#breadcrumb"},"inLanguage":"de","potentialAction":[{"@type":"ReadAction","target":["https:\/\/www.ohis.be\/de\/produit\/tigrip-tsb-schongreifer-mit-kette\/"]}]},{"@type":"ImageObject","inLanguage":"de","@id":"https:\/\/www.ohis.be\/de\/produit\/tigrip-tsb-schongreifer-mit-kette\/#primaryimage","url":"https:\/\/www.ohis.be\/wp-content\/uploads\/2022\/12\/TSB.jpg","contentUrl":"https:\/\/www.ohis.be\/wp-content\/uploads\/2022\/12\/TSB.jpg","width":243,"height":567,"caption":"&amp;#x05;4.0.3"},{"@type":"BreadcrumbList","@id":"https:\/\/www.ohis.be\/de\/produit\/tigrip-tsb-schongreifer-mit-kette\/#breadcrumb","itemListElement":[{"@type":"ListItem","position":1,"name":"Accueil","item":"https:\/\/www.ohis.be\/de\/"},{"@type":"ListItem","position":2,"name":"Produkte","item":"https:\/\/www.ohis.be\/de\/produkte\/"},{"@type":"ListItem","position":3,"name":"Tigrip TSB Schongreifer mit Kette"}]},{"@type":"WebSite","@id":"https:\/\/www.ohis.be\/de\/#website","url":"https:\/\/www.ohis.be\/de\/","name":"Ohis","description":"Outils de levage","publisher":{"@id":"https:\/\/www.ohis.be\/de\/#organization"},"potentialAction":[{"@type":"SearchAction","target":{"@type":"EntryPoint","urlTemplate":"https:\/\/www.ohis.be\/de\/?s={search_term_string}"},"query-input":{"@type":"PropertyValueSpecification","valueRequired":true,"valueName":"search_term_string"}}],"inLanguage":"de"},{"@type":"Organization","@id":"https:\/\/www.ohis.be\/de\/#organization","name":"Ohis","url":"https:\/\/www.ohis.be\/de\/","logo":{"@type":"ImageObject","inLanguage":"de","@id":"https:\/\/www.ohis.be\/de\/#\/schema\/logo\/image\/","url":"https:\/\/www.ohis.be\/wp-content\/uploads\/2021\/02\/logo-ohis-wit.svg","contentUrl":"https:\/\/www.ohis.be\/wp-content\/uploads\/2021\/02\/logo-ohis-wit.svg","caption":"Ohis"},"image":{"@id":"https:\/\/www.ohis.be\/de\/#\/schema\/logo\/image\/"}}]}},"_links":{"self":[{"href":"https:\/\/www.ohis.be\/de\/wp-json\/wp\/v2\/product\/33741","targetHints":{"allow":["GET"]}}],"collection":[{"href":"https:\/\/www.ohis.be\/de\/wp-json\/wp\/v2\/product"}],"about":[{"href":"https:\/\/www.ohis.be\/de\/wp-json\/wp\/v2\/types\/product"}],"wp:featuredmedia":[{"embeddable":true,"href":"https:\/\/www.ohis.be\/de\/wp-json\/wp\/v2\/media\/19636"}],"wp:attachment":[{"href":"https:\/\/www.ohis.be\/de\/wp-json\/wp\/v2\/media?parent=33741"}],"wp:term":[{"taxonomy":"product_brand","embeddable":true,"href":"https:\/\/www.ohis.be\/de\/wp-json\/wp\/v2\/product_brand?post=33741"},{"taxonomy":"product_cat","embeddable":true,"href":"https:\/\/www.ohis.be\/de\/wp-json\/wp\/v2\/product_cat?post=33741"},{"taxonomy":"product_tag","embeddable":true,"href":"https:\/\/www.ohis.be\/de\/wp-json\/wp\/v2\/product_tag?post=33741"}],"curies":[{"name":"wp","href":"https:\/\/api.w.org\/{rel}","templated":true}]}}