{"id":33725,"date":"2023-05-11T15:00:05","date_gmt":"2023-05-11T13:00:05","guid":{"rendered":"https:\/\/www.ohis.be\/produit\/anschlagmittelgarderobe\/"},"modified":"2023-05-25T14:45:19","modified_gmt":"2023-05-25T12:45:19","slug":"anschlagmittelgarderobe","status":"publish","type":"product","link":"https:\/\/www.ohis.be\/de\/produit\/anschlagmittelgarderobe\/","title":{"rendered":"Mobiles AnschlagmittelGarderobe"},"content":{"rendered":"<p>Ordnung und Systematik bei der Aufbewahrung von Ketten, Seilen, Hebeb\u00e4ndern etc. erreichen Sie durch die AnschlagmittelGarderobe von VETTER Krantechnik. \u00dcbersichtlich und aufger\u00e4umt k\u00f6nnen Sie an den 12 verzinkten und verstellbaren Doppel-Aufh\u00e4ngehaken Ihre diversen Anschlagmittel sortieren. Unsere AnschlagmittelGaderobe ist schnell und einfach zu montieren.<\/p>\n<p>Auf Wunsch k\u00f6nnen Sie von uns auch eine auf unsere AnschlagmittelGarderobe passende Diebstahlsicherung erhalten, sodass die AnschlagmittelGarderobe auch f\u00fcr einen Baustelleneinsatz interessant ist \u2013 ganz fix auf- und abgebaut sorgt sie dann f\u00fcr eine aufger\u00e4umte und dadurch auch eine sichere sowie gut organisierte Baustelle.<\/p>\n<p>Die besonders robuste Ausf\u00fchrung hat eine maximale Tragf\u00e4higkeit von 1.000 kg, wird als Bausatz geliefert und ist ganz einfach und schnell auf- und abgebaut.<\/p>\n<div class=\"csc-header csc-header-n1\">\n<h2 class=\"csc-firstHeader\">Vorteile<\/h2>\n<\/div>\n<div class=\"csc-texttext\">\n<ul>\n<li>Mobiles Design mit 2 verriegelbaren F\u00fchrungsr\u00e4dern und 2 festen R\u00e4dern<\/li>\n<li>Mehr Ordnung, Sauberkeit, Verf\u00fcgbarkeit, Werthaltigkeit und l\u00e4ngere Lebensdauer Ihrer Anschlagmittel<\/li>\n<li>Besonders stabile Ausf\u00fchrung<\/li>\n<li>Inkl. 12 verstellbarer Doppel-Aufh\u00e4ngehaken<\/li>\n<li>Querbalken h\u00f6henverstellbar<\/li>\n<li>Hochwertige Beschichtung in lichtgrau (RAL 7035)<\/li>\n<li>Einfache De- und Remontage f\u00fcr mobilen Einsatz auf Baustellen<\/li>\n<li>Anlieferung als Bausatz, leichte Montage<\/li>\n<\/ul>\n<\/div>\n","protected":false},"excerpt":{"rendered":"<p>Ordnung und Systematik bei der Aufbewahrung von Ketten, Seilen, Hebeb\u00e4ndern etc. erreichen Sie durch die AnschlagmittelGarderobe von VETTER Krantechnik. \u00dcbersichtlich und aufger\u00e4umt k\u00f6nnen Sie an den 12 verzinkten und verstellbaren Doppel-Aufh\u00e4ngehaken Ihre diversen Anschlagmittel sortieren. Unsere AnschlagmittelGaderobe ist schnell und einfach zu montieren.<\/p>\n<p>Auf Wunsch k\u00f6nnen Sie von uns auch eine auf unsere AnschlagmittelGarderobe passende Diebstahlsicherung erhalten, sodass die AnschlagmittelGarderobe auch f\u00fcr einen Baustelleneinsatz interessant ist \u2013 ganz fix auf- und abgebaut sorgt sie dann f\u00fcr eine aufger\u00e4umte und dadurch auch eine sichere sowie gut organisierte Baustelle.<\/p>\n<p>Die besonders robuste Ausf\u00fchrung hat eine maximale Tragf\u00e4higkeit von 1.000 kg, wird als Bausatz geliefert und ist ganz einfach und schnell auf- und abgebaut.<\/p>\n<div class=\"csc-header csc-header-n1\">\n<h2 class=\"csc-firstHeader\">Vorteile<\/h2>\n<\/div>\n<div class=\"csc-texttext\">\n<ul>\n<li>Mobiles Design mit 2 verriegelbaren F\u00fchrungsr\u00e4dern und 2 festen R\u00e4dern<\/li>\n<li>Mehr Ordnung, Sauberkeit, Verf\u00fcgbarkeit, Werthaltigkeit und l\u00e4ngere Lebensdauer Ihrer Anschlagmittel<\/li>\n<li>Besonders stabile Ausf\u00fchrung<\/li>\n<li>Inkl. 12 verstellbarer Doppel-Aufh\u00e4ngehaken<\/li>\n<li>Querbalken h\u00f6henverstellbar<\/li>\n<li>Hochwertige Beschichtung in lichtgrau (RAL 7035)<\/li>\n<li>Einfache De- und Remontage f\u00fcr mobilen Einsatz auf Baustellen<\/li>\n<li>Anlieferung als Bausatz, leichte Montage<\/li>\n<\/ul>\n<\/div>\n","protected":false},"featured_media":33663,"template":"","meta":{"_acf_changed":false,"inline_featured_image":false},"product_brand":[],"product_cat":[1614,1608],"product_tag":[703],"class_list":{"0":"post-33725","1":"product","2":"type-product","3":"status-publish","4":"has-post-thumbnail","6":"product_cat-hebezubehoer","7":"product_cat-werkzeuge-fuer-die-werkstatt","8":"product_tag-vetter-de","9":"product_shipping_class-6-de","10":"yith_product_brand-vetter-de","12":"first","13":"instock","14":"taxable","15":"shipping-taxable","16":"purchasable","17":"product-type-simple"},"acf":[],"yoast_head":"<!-- This site is optimized with the Yoast SEO plugin v27.4 - https:\/\/yoast.com\/product\/yoast-seo-wordpress\/ -->\n<title>Mobiles AnschlagmittelGarderobe - Ohis<\/title>\n<meta name=\"robots\" content=\"index, follow, max-snippet:-1, max-image-preview:large, max-video-preview:-1\" \/>\n<link rel=\"canonical\" href=\"https:\/\/www.ohis.be\/de\/produit\/anschlagmittelgarderobe\/\" \/>\n<meta property=\"og:locale\" content=\"de_DE\" \/>\n<meta property=\"og:type\" content=\"article\" \/>\n<meta property=\"og:title\" content=\"Mobiles AnschlagmittelGarderobe - Ohis\" \/>\n<meta property=\"og:description\" content=\"Ordnung und Systematik bei der Aufbewahrung von Ketten, Seilen, Hebeb\u00e4ndern etc. erreichen Sie durch die AnschlagmittelGarderobe von VETTER Krantechnik. \u00dcbersichtlich und aufger\u00e4umt k\u00f6nnen Sie an den 12 verzinkten und verstellbaren Doppel-Aufh\u00e4ngehaken Ihre diversen Anschlagmittel sortieren. Unsere AnschlagmittelGaderobe ist schnell und einfach zu montieren.  Auf Wunsch k\u00f6nnen Sie von uns auch eine auf unsere AnschlagmittelGarderobe passende Diebstahlsicherung erhalten, sodass die AnschlagmittelGarderobe auch f\u00fcr einen Baustelleneinsatz interessant ist \u2013 ganz fix auf- und abgebaut sorgt sie dann f\u00fcr eine aufger\u00e4umte und dadurch auch eine sichere sowie gut organisierte Baustelle.  Die besonders robuste Ausf\u00fchrung hat eine maximale Tragf\u00e4higkeit von 1.000 kg, wird als Bausatz geliefert und ist ganz einfach und schnell auf- und abgebaut.  Vorteile     Mobiles Design mit 2 verriegelbaren F\u00fchrungsr\u00e4dern und 2 festen R\u00e4dern  Mehr Ordnung, Sauberkeit, Verf\u00fcgbarkeit, Werthaltigkeit und l\u00e4ngere Lebensdauer Ihrer Anschlagmittel  Besonders stabile Ausf\u00fchrung  Inkl. 12 verstellbarer Doppel-Aufh\u00e4ngehaken  Querbalken h\u00f6henverstellbar  Hochwertige Beschichtung in lichtgrau (RAL 7035)  Einfache De- und Remontage f\u00fcr mobilen Einsatz auf Baustellen  Anlieferung als Bausatz, leichte Montage\" \/>\n<meta property=\"og:url\" content=\"https:\/\/www.ohis.be\/de\/produit\/anschlagmittelgarderobe\/\" \/>\n<meta property=\"og:site_name\" content=\"Ohis\" \/>\n<meta property=\"article:modified_time\" content=\"2023-05-25T12:45:19+00:00\" \/>\n<meta property=\"og:image\" content=\"https:\/\/www.ohis.be\/wp-content\/uploads\/2023\/05\/Anschlagmittelgaderobe_mit-Anschlagmittel_Rollen-kopie.png\" \/>\n\t<meta property=\"og:image:width\" content=\"257\" \/>\n\t<meta property=\"og:image:height\" content=\"300\" \/>\n\t<meta property=\"og:image:type\" content=\"image\/png\" \/>\n<meta name=\"twitter:card\" content=\"summary_large_image\" \/>\n<meta name=\"twitter:label1\" content=\"Gesch\u00e4tzte Lesezeit\" \/>\n\t<meta name=\"twitter:data1\" content=\"1\u00a0Minute\" \/>\n<script type=\"application\/ld+json\" class=\"yoast-schema-graph\">{\"@context\":\"https:\\\/\\\/schema.org\",\"@graph\":[{\"@type\":\"WebPage\",\"@id\":\"https:\\\/\\\/www.ohis.be\\\/de\\\/produit\\\/anschlagmittelgarderobe\\\/\",\"url\":\"https:\\\/\\\/www.ohis.be\\\/de\\\/produit\\\/anschlagmittelgarderobe\\\/\",\"name\":\"Mobiles AnschlagmittelGarderobe - Ohis\",\"isPartOf\":{\"@id\":\"https:\\\/\\\/www.ohis.be\\\/#website\"},\"primaryImageOfPage\":{\"@id\":\"https:\\\/\\\/www.ohis.be\\\/de\\\/produit\\\/anschlagmittelgarderobe\\\/#primaryimage\"},\"image\":{\"@id\":\"https:\\\/\\\/www.ohis.be\\\/de\\\/produit\\\/anschlagmittelgarderobe\\\/#primaryimage\"},\"thumbnailUrl\":\"https:\\\/\\\/www.ohis.be\\\/wp-content\\\/uploads\\\/2023\\\/05\\\/Anschlagmittelgaderobe_mit-Anschlagmittel_Rollen-kopie.png\",\"datePublished\":\"2023-05-11T13:00:05+00:00\",\"dateModified\":\"2023-05-25T12:45:19+00:00\",\"breadcrumb\":{\"@id\":\"https:\\\/\\\/www.ohis.be\\\/de\\\/produit\\\/anschlagmittelgarderobe\\\/#breadcrumb\"},\"inLanguage\":\"de\",\"potentialAction\":[{\"@type\":\"ReadAction\",\"target\":[\"https:\\\/\\\/www.ohis.be\\\/de\\\/produit\\\/anschlagmittelgarderobe\\\/\"]}]},{\"@type\":\"ImageObject\",\"inLanguage\":\"de\",\"@id\":\"https:\\\/\\\/www.ohis.be\\\/de\\\/produit\\\/anschlagmittelgarderobe\\\/#primaryimage\",\"url\":\"https:\\\/\\\/www.ohis.be\\\/wp-content\\\/uploads\\\/2023\\\/05\\\/Anschlagmittelgaderobe_mit-Anschlagmittel_Rollen-kopie.png\",\"contentUrl\":\"https:\\\/\\\/www.ohis.be\\\/wp-content\\\/uploads\\\/2023\\\/05\\\/Anschlagmittelgaderobe_mit-Anschlagmittel_Rollen-kopie.png\",\"width\":257,\"height\":300},{\"@type\":\"BreadcrumbList\",\"@id\":\"https:\\\/\\\/www.ohis.be\\\/de\\\/produit\\\/anschlagmittelgarderobe\\\/#breadcrumb\",\"itemListElement\":[{\"@type\":\"ListItem\",\"position\":1,\"name\":\"Accueil\",\"item\":\"https:\\\/\\\/www.ohis.be\\\/de\\\/\"},{\"@type\":\"ListItem\",\"position\":2,\"name\":\"Produkte\",\"item\":\"https:\\\/\\\/www.ohis.be\\\/de\\\/produkte\\\/\"},{\"@type\":\"ListItem\",\"position\":3,\"name\":\"Mobiles AnschlagmittelGarderobe\"}]},{\"@type\":\"WebSite\",\"@id\":\"https:\\\/\\\/www.ohis.be\\\/#website\",\"url\":\"https:\\\/\\\/www.ohis.be\\\/\",\"name\":\"Ohis\",\"description\":\"Outils de levage\",\"publisher\":{\"@id\":\"https:\\\/\\\/www.ohis.be\\\/#organization\"},\"potentialAction\":[{\"@type\":\"SearchAction\",\"target\":{\"@type\":\"EntryPoint\",\"urlTemplate\":\"https:\\\/\\\/www.ohis.be\\\/?s={search_term_string}\"},\"query-input\":{\"@type\":\"PropertyValueSpecification\",\"valueRequired\":true,\"valueName\":\"search_term_string\"}}],\"inLanguage\":\"de\"},{\"@type\":\"Organization\",\"@id\":\"https:\\\/\\\/www.ohis.be\\\/#organization\",\"name\":\"Ohis\",\"url\":\"https:\\\/\\\/www.ohis.be\\\/\",\"logo\":{\"@type\":\"ImageObject\",\"inLanguage\":\"de\",\"@id\":\"https:\\\/\\\/www.ohis.be\\\/#\\\/schema\\\/logo\\\/image\\\/\",\"url\":\"https:\\\/\\\/www.ohis.be\\\/wp-content\\\/uploads\\\/2021\\\/02\\\/logo-ohis-wit.svg\",\"contentUrl\":\"https:\\\/\\\/www.ohis.be\\\/wp-content\\\/uploads\\\/2021\\\/02\\\/logo-ohis-wit.svg\",\"caption\":\"Ohis\"},\"image\":{\"@id\":\"https:\\\/\\\/www.ohis.be\\\/#\\\/schema\\\/logo\\\/image\\\/\"}}]}<\/script>\n<!-- \/ Yoast SEO plugin. -->","yoast_head_json":{"title":"Mobiles AnschlagmittelGarderobe - Ohis","robots":{"index":"index","follow":"follow","max-snippet":"max-snippet:-1","max-image-preview":"max-image-preview:large","max-video-preview":"max-video-preview:-1"},"canonical":"https:\/\/www.ohis.be\/de\/produit\/anschlagmittelgarderobe\/","og_locale":"de_DE","og_type":"article","og_title":"Mobiles AnschlagmittelGarderobe - Ohis","og_description":"Ordnung und Systematik bei der Aufbewahrung von Ketten, Seilen, Hebeb\u00e4ndern etc. erreichen Sie durch die AnschlagmittelGarderobe von VETTER Krantechnik. \u00dcbersichtlich und aufger\u00e4umt k\u00f6nnen Sie an den 12 verzinkten und verstellbaren Doppel-Aufh\u00e4ngehaken Ihre diversen Anschlagmittel sortieren. Unsere AnschlagmittelGaderobe ist schnell und einfach zu montieren.  Auf Wunsch k\u00f6nnen Sie von uns auch eine auf unsere AnschlagmittelGarderobe passende Diebstahlsicherung erhalten, sodass die AnschlagmittelGarderobe auch f\u00fcr einen Baustelleneinsatz interessant ist \u2013 ganz fix auf- und abgebaut sorgt sie dann f\u00fcr eine aufger\u00e4umte und dadurch auch eine sichere sowie gut organisierte Baustelle.  Die besonders robuste Ausf\u00fchrung hat eine maximale Tragf\u00e4higkeit von 1.000 kg, wird als Bausatz geliefert und ist ganz einfach und schnell auf- und abgebaut.  Vorteile     Mobiles Design mit 2 verriegelbaren F\u00fchrungsr\u00e4dern und 2 festen R\u00e4dern  Mehr Ordnung, Sauberkeit, Verf\u00fcgbarkeit, Werthaltigkeit und l\u00e4ngere Lebensdauer Ihrer Anschlagmittel  Besonders stabile Ausf\u00fchrung  Inkl. 12 verstellbarer Doppel-Aufh\u00e4ngehaken  Querbalken h\u00f6henverstellbar  Hochwertige Beschichtung in lichtgrau (RAL 7035)  Einfache De- und Remontage f\u00fcr mobilen Einsatz auf Baustellen  Anlieferung als Bausatz, leichte Montage","og_url":"https:\/\/www.ohis.be\/de\/produit\/anschlagmittelgarderobe\/","og_site_name":"Ohis","article_modified_time":"2023-05-25T12:45:19+00:00","og_image":[{"width":257,"height":300,"url":"https:\/\/www.ohis.be\/wp-content\/uploads\/2023\/05\/Anschlagmittelgaderobe_mit-Anschlagmittel_Rollen-kopie.png","type":"image\/png"}],"twitter_card":"summary_large_image","twitter_misc":{"Gesch\u00e4tzte Lesezeit":"1\u00a0Minute"},"schema":{"@context":"https:\/\/schema.org","@graph":[{"@type":"WebPage","@id":"https:\/\/www.ohis.be\/de\/produit\/anschlagmittelgarderobe\/","url":"https:\/\/www.ohis.be\/de\/produit\/anschlagmittelgarderobe\/","name":"Mobiles AnschlagmittelGarderobe - Ohis","isPartOf":{"@id":"https:\/\/www.ohis.be\/#website"},"primaryImageOfPage":{"@id":"https:\/\/www.ohis.be\/de\/produit\/anschlagmittelgarderobe\/#primaryimage"},"image":{"@id":"https:\/\/www.ohis.be\/de\/produit\/anschlagmittelgarderobe\/#primaryimage"},"thumbnailUrl":"https:\/\/www.ohis.be\/wp-content\/uploads\/2023\/05\/Anschlagmittelgaderobe_mit-Anschlagmittel_Rollen-kopie.png","datePublished":"2023-05-11T13:00:05+00:00","dateModified":"2023-05-25T12:45:19+00:00","breadcrumb":{"@id":"https:\/\/www.ohis.be\/de\/produit\/anschlagmittelgarderobe\/#breadcrumb"},"inLanguage":"de","potentialAction":[{"@type":"ReadAction","target":["https:\/\/www.ohis.be\/de\/produit\/anschlagmittelgarderobe\/"]}]},{"@type":"ImageObject","inLanguage":"de","@id":"https:\/\/www.ohis.be\/de\/produit\/anschlagmittelgarderobe\/#primaryimage","url":"https:\/\/www.ohis.be\/wp-content\/uploads\/2023\/05\/Anschlagmittelgaderobe_mit-Anschlagmittel_Rollen-kopie.png","contentUrl":"https:\/\/www.ohis.be\/wp-content\/uploads\/2023\/05\/Anschlagmittelgaderobe_mit-Anschlagmittel_Rollen-kopie.png","width":257,"height":300},{"@type":"BreadcrumbList","@id":"https:\/\/www.ohis.be\/de\/produit\/anschlagmittelgarderobe\/#breadcrumb","itemListElement":[{"@type":"ListItem","position":1,"name":"Accueil","item":"https:\/\/www.ohis.be\/de\/"},{"@type":"ListItem","position":2,"name":"Produkte","item":"https:\/\/www.ohis.be\/de\/produkte\/"},{"@type":"ListItem","position":3,"name":"Mobiles AnschlagmittelGarderobe"}]},{"@type":"WebSite","@id":"https:\/\/www.ohis.be\/#website","url":"https:\/\/www.ohis.be\/","name":"Ohis","description":"Outils de levage","publisher":{"@id":"https:\/\/www.ohis.be\/#organization"},"potentialAction":[{"@type":"SearchAction","target":{"@type":"EntryPoint","urlTemplate":"https:\/\/www.ohis.be\/?s={search_term_string}"},"query-input":{"@type":"PropertyValueSpecification","valueRequired":true,"valueName":"search_term_string"}}],"inLanguage":"de"},{"@type":"Organization","@id":"https:\/\/www.ohis.be\/#organization","name":"Ohis","url":"https:\/\/www.ohis.be\/","logo":{"@type":"ImageObject","inLanguage":"de","@id":"https:\/\/www.ohis.be\/#\/schema\/logo\/image\/","url":"https:\/\/www.ohis.be\/wp-content\/uploads\/2021\/02\/logo-ohis-wit.svg","contentUrl":"https:\/\/www.ohis.be\/wp-content\/uploads\/2021\/02\/logo-ohis-wit.svg","caption":"Ohis"},"image":{"@id":"https:\/\/www.ohis.be\/#\/schema\/logo\/image\/"}}]}},"_links":{"self":[{"href":"https:\/\/www.ohis.be\/de\/wp-json\/wp\/v2\/product\/33725","targetHints":{"allow":["GET"]}}],"collection":[{"href":"https:\/\/www.ohis.be\/de\/wp-json\/wp\/v2\/product"}],"about":[{"href":"https:\/\/www.ohis.be\/de\/wp-json\/wp\/v2\/types\/product"}],"wp:featuredmedia":[{"embeddable":true,"href":"https:\/\/www.ohis.be\/de\/wp-json\/wp\/v2\/media\/33663"}],"wp:attachment":[{"href":"https:\/\/www.ohis.be\/de\/wp-json\/wp\/v2\/media?parent=33725"}],"wp:term":[{"taxonomy":"product_brand","embeddable":true,"href":"https:\/\/www.ohis.be\/de\/wp-json\/wp\/v2\/product_brand?post=33725"},{"taxonomy":"product_cat","embeddable":true,"href":"https:\/\/www.ohis.be\/de\/wp-json\/wp\/v2\/product_cat?post=33725"},{"taxonomy":"product_tag","embeddable":true,"href":"https:\/\/www.ohis.be\/de\/wp-json\/wp\/v2\/product_tag?post=33725"}],"curies":[{"name":"wp","href":"https:\/\/api.w.org\/{rel}","templated":true}]}}