{"id":33549,"date":"2022-12-16T11:08:51","date_gmt":"2022-12-16T10:08:51","guid":{"rendered":"https:\/\/www.ohis.be\/produit\/tigrip-ttg-tragergreifer-fur-den-horizontalen-transport\/"},"modified":"2022-12-16T11:08:51","modified_gmt":"2022-12-16T10:08:51","slug":"tigrip-ttg-tragergreifer-fur-den-horizontalen-transport","status":"publish","type":"product","link":"https:\/\/www.ohis.be\/de\/produit\/tigrip-ttg-tragergreifer-fur-den-horizontalen-transport\/","title":{"rendered":"Tigrip TTG Tr\u00e4gergreifer f\u00fcr den horizontalen Transport"},"content":{"rendered":"<p>Tragf\u00e4higkeit 500 &#8211; 7.500 kg<br \/>\nDer Tr\u00e4gergreifer TTG ist f\u00fcr den horizontalen Transport von Tr\u00e4gern, Blechen, Profilen usw. geeignet.<br \/>\nDurch die versetzt angeordnete Aufh\u00e4nge\u00f6se ist beim Transport von Tr\u00e4gern eine weitgehend horizontale Lage der Tr\u00e4gerflansche gegeben.<\/p>\n<p>Die Sicherheitsarretierung mit Federspannung h\u00e4lt den Greifer auch ohne Zugbelastung am Transportgut fest. Der Hebel erm\u00f6glicht die leichte Handhabung beim \u00d6ffnen und Schlie\u00dfen der Greiferbacke und arretiert diese in ge\u00f6ffneter Stellung.<\/p>\n","protected":false},"excerpt":{"rendered":"<p>Tragf\u00e4higkeit 500 &#8211; 7.500 kg<br \/>\nDer Tr\u00e4gergreifer TTG ist f\u00fcr den horizontalen Transport von Tr\u00e4gern, Blechen, Profilen usw. geeignet.<br \/>\nDurch die versetzt angeordnete Aufh\u00e4nge\u00f6se ist beim Transport von Tr\u00e4gern eine weitgehend horizontale Lage der Tr\u00e4gerflansche gegeben.<\/p>\n<p>Die Sicherheitsarretierung mit Federspannung h\u00e4lt den Greifer auch ohne Zugbelastung am Transportgut fest. Der Hebel erm\u00f6glicht die leichte Handhabung beim \u00d6ffnen und Schlie\u00dfen der Greiferbacke und arretiert diese in ge\u00f6ffneter Stellung.<\/p>\n","protected":false},"featured_media":19640,"template":"","meta":{"_acf_changed":false,"inline_featured_image":false},"product_brand":[],"product_cat":[1621],"product_tag":[705],"class_list":{"0":"post-33549","1":"product","2":"type-product","3":"status-publish","4":"has-post-thumbnail","6":"product_cat-klemmen","7":"product_tag-yale-de","9":"first","10":"onbackorder","11":"taxable","12":"shipping-taxable","13":"purchasable","14":"product-type-variable"},"acf":[],"yoast_head":"<!-- This site is optimized with the Yoast SEO plugin v27.5 - https:\/\/yoast.com\/product\/yoast-seo-wordpress\/ -->\n<title>Tigrip TTG Tr\u00e4gergreifer f\u00fcr den horizontalen Transport - Ohis<\/title>\n<meta name=\"robots\" content=\"index, follow, max-snippet:-1, max-image-preview:large, max-video-preview:-1\" \/>\n<link rel=\"canonical\" href=\"https:\/\/www.ohis.be\/de\/produit\/tigrip-ttg-tragergreifer-fur-den-horizontalen-transport\/\" \/>\n<meta property=\"og:locale\" content=\"de_DE\" \/>\n<meta property=\"og:type\" content=\"article\" \/>\n<meta property=\"og:title\" content=\"Tigrip TTG Tr\u00e4gergreifer f\u00fcr den horizontalen Transport - Ohis\" \/>\n<meta property=\"og:description\" content=\"Tragf\u00e4higkeit 500 - 7.500 kg Der Tr\u00e4gergreifer TTG ist f\u00fcr den horizontalen Transport von Tr\u00e4gern, Blechen, Profilen usw. geeignet. Durch die versetzt angeordnete Aufh\u00e4nge\u00f6se ist beim Transport von Tr\u00e4gern eine weitgehend horizontale Lage der Tr\u00e4gerflansche gegeben.  Die Sicherheitsarretierung mit Federspannung h\u00e4lt den Greifer auch ohne Zugbelastung am Transportgut fest. Der Hebel erm\u00f6glicht die leichte Handhabung beim \u00d6ffnen und Schlie\u00dfen der Greiferbacke und arretiert diese in ge\u00f6ffneter Stellung.\" \/>\n<meta property=\"og:url\" content=\"https:\/\/www.ohis.be\/de\/produit\/tigrip-ttg-tragergreifer-fur-den-horizontalen-transport\/\" \/>\n<meta property=\"og:site_name\" content=\"Ohis\" \/>\n<meta property=\"og:image\" content=\"https:\/\/www.ohis.be\/wp-content\/uploads\/2022\/12\/TTG.jpg\" \/>\n\t<meta property=\"og:image:width\" content=\"369\" \/>\n\t<meta property=\"og:image:height\" content=\"454\" \/>\n\t<meta property=\"og:image:type\" content=\"image\/jpeg\" \/>\n<meta name=\"twitter:card\" content=\"summary_large_image\" \/>\n<script type=\"application\/ld+json\" class=\"yoast-schema-graph\">{\"@context\":\"https:\\\/\\\/schema.org\",\"@graph\":[{\"@type\":\"WebPage\",\"@id\":\"https:\\\/\\\/www.ohis.be\\\/de\\\/produit\\\/tigrip-ttg-tragergreifer-fur-den-horizontalen-transport\\\/\",\"url\":\"https:\\\/\\\/www.ohis.be\\\/de\\\/produit\\\/tigrip-ttg-tragergreifer-fur-den-horizontalen-transport\\\/\",\"name\":\"Tigrip TTG Tr\u00e4gergreifer f\u00fcr den horizontalen Transport - Ohis\",\"isPartOf\":{\"@id\":\"https:\\\/\\\/www.ohis.be\\\/de\\\/#website\"},\"primaryImageOfPage\":{\"@id\":\"https:\\\/\\\/www.ohis.be\\\/de\\\/produit\\\/tigrip-ttg-tragergreifer-fur-den-horizontalen-transport\\\/#primaryimage\"},\"image\":{\"@id\":\"https:\\\/\\\/www.ohis.be\\\/de\\\/produit\\\/tigrip-ttg-tragergreifer-fur-den-horizontalen-transport\\\/#primaryimage\"},\"thumbnailUrl\":\"https:\\\/\\\/www.ohis.be\\\/wp-content\\\/uploads\\\/2022\\\/12\\\/TTG.jpg\",\"datePublished\":\"2022-12-16T10:08:51+00:00\",\"breadcrumb\":{\"@id\":\"https:\\\/\\\/www.ohis.be\\\/de\\\/produit\\\/tigrip-ttg-tragergreifer-fur-den-horizontalen-transport\\\/#breadcrumb\"},\"inLanguage\":\"de\",\"potentialAction\":[{\"@type\":\"ReadAction\",\"target\":[\"https:\\\/\\\/www.ohis.be\\\/de\\\/produit\\\/tigrip-ttg-tragergreifer-fur-den-horizontalen-transport\\\/\"]}]},{\"@type\":\"ImageObject\",\"inLanguage\":\"de\",\"@id\":\"https:\\\/\\\/www.ohis.be\\\/de\\\/produit\\\/tigrip-ttg-tragergreifer-fur-den-horizontalen-transport\\\/#primaryimage\",\"url\":\"https:\\\/\\\/www.ohis.be\\\/wp-content\\\/uploads\\\/2022\\\/12\\\/TTG.jpg\",\"contentUrl\":\"https:\\\/\\\/www.ohis.be\\\/wp-content\\\/uploads\\\/2022\\\/12\\\/TTG.jpg\",\"width\":369,\"height\":454,\"caption\":\"&amp;#x05;4.0.3\"},{\"@type\":\"BreadcrumbList\",\"@id\":\"https:\\\/\\\/www.ohis.be\\\/de\\\/produit\\\/tigrip-ttg-tragergreifer-fur-den-horizontalen-transport\\\/#breadcrumb\",\"itemListElement\":[{\"@type\":\"ListItem\",\"position\":1,\"name\":\"Accueil\",\"item\":\"https:\\\/\\\/www.ohis.be\\\/de\\\/\"},{\"@type\":\"ListItem\",\"position\":2,\"name\":\"Produkte\",\"item\":\"https:\\\/\\\/www.ohis.be\\\/de\\\/produkte\\\/\"},{\"@type\":\"ListItem\",\"position\":3,\"name\":\"Tigrip TTG Tr\u00e4gergreifer f\u00fcr den horizontalen Transport\"}]},{\"@type\":\"WebSite\",\"@id\":\"https:\\\/\\\/www.ohis.be\\\/de\\\/#website\",\"url\":\"https:\\\/\\\/www.ohis.be\\\/de\\\/\",\"name\":\"Ohis\",\"description\":\"Outils de levage\",\"publisher\":{\"@id\":\"https:\\\/\\\/www.ohis.be\\\/de\\\/#organization\"},\"potentialAction\":[{\"@type\":\"SearchAction\",\"target\":{\"@type\":\"EntryPoint\",\"urlTemplate\":\"https:\\\/\\\/www.ohis.be\\\/de\\\/?s={search_term_string}\"},\"query-input\":{\"@type\":\"PropertyValueSpecification\",\"valueRequired\":true,\"valueName\":\"search_term_string\"}}],\"inLanguage\":\"de\"},{\"@type\":\"Organization\",\"@id\":\"https:\\\/\\\/www.ohis.be\\\/de\\\/#organization\",\"name\":\"Ohis\",\"url\":\"https:\\\/\\\/www.ohis.be\\\/de\\\/\",\"logo\":{\"@type\":\"ImageObject\",\"inLanguage\":\"de\",\"@id\":\"https:\\\/\\\/www.ohis.be\\\/de\\\/#\\\/schema\\\/logo\\\/image\\\/\",\"url\":\"https:\\\/\\\/www.ohis.be\\\/wp-content\\\/uploads\\\/2021\\\/02\\\/logo-ohis-wit.svg\",\"contentUrl\":\"https:\\\/\\\/www.ohis.be\\\/wp-content\\\/uploads\\\/2021\\\/02\\\/logo-ohis-wit.svg\",\"caption\":\"Ohis\"},\"image\":{\"@id\":\"https:\\\/\\\/www.ohis.be\\\/de\\\/#\\\/schema\\\/logo\\\/image\\\/\"}}]}<\/script>\n<!-- \/ Yoast SEO plugin. -->","yoast_head_json":{"title":"Tigrip TTG Tr\u00e4gergreifer f\u00fcr den horizontalen Transport - Ohis","robots":{"index":"index","follow":"follow","max-snippet":"max-snippet:-1","max-image-preview":"max-image-preview:large","max-video-preview":"max-video-preview:-1"},"canonical":"https:\/\/www.ohis.be\/de\/produit\/tigrip-ttg-tragergreifer-fur-den-horizontalen-transport\/","og_locale":"de_DE","og_type":"article","og_title":"Tigrip TTG Tr\u00e4gergreifer f\u00fcr den horizontalen Transport - Ohis","og_description":"Tragf\u00e4higkeit 500 - 7.500 kg Der Tr\u00e4gergreifer TTG ist f\u00fcr den horizontalen Transport von Tr\u00e4gern, Blechen, Profilen usw. geeignet. Durch die versetzt angeordnete Aufh\u00e4nge\u00f6se ist beim Transport von Tr\u00e4gern eine weitgehend horizontale Lage der Tr\u00e4gerflansche gegeben.  Die Sicherheitsarretierung mit Federspannung h\u00e4lt den Greifer auch ohne Zugbelastung am Transportgut fest. Der Hebel erm\u00f6glicht die leichte Handhabung beim \u00d6ffnen und Schlie\u00dfen der Greiferbacke und arretiert diese in ge\u00f6ffneter Stellung.","og_url":"https:\/\/www.ohis.be\/de\/produit\/tigrip-ttg-tragergreifer-fur-den-horizontalen-transport\/","og_site_name":"Ohis","og_image":[{"width":369,"height":454,"url":"https:\/\/www.ohis.be\/wp-content\/uploads\/2022\/12\/TTG.jpg","type":"image\/jpeg"}],"twitter_card":"summary_large_image","schema":{"@context":"https:\/\/schema.org","@graph":[{"@type":"WebPage","@id":"https:\/\/www.ohis.be\/de\/produit\/tigrip-ttg-tragergreifer-fur-den-horizontalen-transport\/","url":"https:\/\/www.ohis.be\/de\/produit\/tigrip-ttg-tragergreifer-fur-den-horizontalen-transport\/","name":"Tigrip TTG Tr\u00e4gergreifer f\u00fcr den horizontalen Transport - Ohis","isPartOf":{"@id":"https:\/\/www.ohis.be\/de\/#website"},"primaryImageOfPage":{"@id":"https:\/\/www.ohis.be\/de\/produit\/tigrip-ttg-tragergreifer-fur-den-horizontalen-transport\/#primaryimage"},"image":{"@id":"https:\/\/www.ohis.be\/de\/produit\/tigrip-ttg-tragergreifer-fur-den-horizontalen-transport\/#primaryimage"},"thumbnailUrl":"https:\/\/www.ohis.be\/wp-content\/uploads\/2022\/12\/TTG.jpg","datePublished":"2022-12-16T10:08:51+00:00","breadcrumb":{"@id":"https:\/\/www.ohis.be\/de\/produit\/tigrip-ttg-tragergreifer-fur-den-horizontalen-transport\/#breadcrumb"},"inLanguage":"de","potentialAction":[{"@type":"ReadAction","target":["https:\/\/www.ohis.be\/de\/produit\/tigrip-ttg-tragergreifer-fur-den-horizontalen-transport\/"]}]},{"@type":"ImageObject","inLanguage":"de","@id":"https:\/\/www.ohis.be\/de\/produit\/tigrip-ttg-tragergreifer-fur-den-horizontalen-transport\/#primaryimage","url":"https:\/\/www.ohis.be\/wp-content\/uploads\/2022\/12\/TTG.jpg","contentUrl":"https:\/\/www.ohis.be\/wp-content\/uploads\/2022\/12\/TTG.jpg","width":369,"height":454,"caption":"&amp;#x05;4.0.3"},{"@type":"BreadcrumbList","@id":"https:\/\/www.ohis.be\/de\/produit\/tigrip-ttg-tragergreifer-fur-den-horizontalen-transport\/#breadcrumb","itemListElement":[{"@type":"ListItem","position":1,"name":"Accueil","item":"https:\/\/www.ohis.be\/de\/"},{"@type":"ListItem","position":2,"name":"Produkte","item":"https:\/\/www.ohis.be\/de\/produkte\/"},{"@type":"ListItem","position":3,"name":"Tigrip TTG Tr\u00e4gergreifer f\u00fcr den horizontalen Transport"}]},{"@type":"WebSite","@id":"https:\/\/www.ohis.be\/de\/#website","url":"https:\/\/www.ohis.be\/de\/","name":"Ohis","description":"Outils de levage","publisher":{"@id":"https:\/\/www.ohis.be\/de\/#organization"},"potentialAction":[{"@type":"SearchAction","target":{"@type":"EntryPoint","urlTemplate":"https:\/\/www.ohis.be\/de\/?s={search_term_string}"},"query-input":{"@type":"PropertyValueSpecification","valueRequired":true,"valueName":"search_term_string"}}],"inLanguage":"de"},{"@type":"Organization","@id":"https:\/\/www.ohis.be\/de\/#organization","name":"Ohis","url":"https:\/\/www.ohis.be\/de\/","logo":{"@type":"ImageObject","inLanguage":"de","@id":"https:\/\/www.ohis.be\/de\/#\/schema\/logo\/image\/","url":"https:\/\/www.ohis.be\/wp-content\/uploads\/2021\/02\/logo-ohis-wit.svg","contentUrl":"https:\/\/www.ohis.be\/wp-content\/uploads\/2021\/02\/logo-ohis-wit.svg","caption":"Ohis"},"image":{"@id":"https:\/\/www.ohis.be\/de\/#\/schema\/logo\/image\/"}}]}},"_links":{"self":[{"href":"https:\/\/www.ohis.be\/de\/wp-json\/wp\/v2\/product\/33549","targetHints":{"allow":["GET"]}}],"collection":[{"href":"https:\/\/www.ohis.be\/de\/wp-json\/wp\/v2\/product"}],"about":[{"href":"https:\/\/www.ohis.be\/de\/wp-json\/wp\/v2\/types\/product"}],"wp:featuredmedia":[{"embeddable":true,"href":"https:\/\/www.ohis.be\/de\/wp-json\/wp\/v2\/media\/19640"}],"wp:attachment":[{"href":"https:\/\/www.ohis.be\/de\/wp-json\/wp\/v2\/media?parent=33549"}],"wp:term":[{"taxonomy":"product_brand","embeddable":true,"href":"https:\/\/www.ohis.be\/de\/wp-json\/wp\/v2\/product_brand?post=33549"},{"taxonomy":"product_cat","embeddable":true,"href":"https:\/\/www.ohis.be\/de\/wp-json\/wp\/v2\/product_cat?post=33549"},{"taxonomy":"product_tag","embeddable":true,"href":"https:\/\/www.ohis.be\/de\/wp-json\/wp\/v2\/product_tag?post=33549"}],"curies":[{"name":"wp","href":"https:\/\/api.w.org\/{rel}","templated":true}]}}