{"id":33513,"date":"2022-12-16T11:48:29","date_gmt":"2022-12-16T10:48:29","guid":{"rendered":"https:\/\/www.ohis.be\/produit\/tigrip-tch-hebegeschirr\/"},"modified":"2022-12-16T11:48:29","modified_gmt":"2022-12-16T10:48:29","slug":"tigrip-tch-hebegeschirr","status":"publish","type":"product","link":"https:\/\/www.ohis.be\/de\/produit\/tigrip-tch-hebegeschirr\/","title":{"rendered":"Tigrip TCH Hebegeschirr"},"content":{"rendered":"<p>Tragf\u00e4higkeit 1.000 &#8211; 20.000 kg<br \/>\nDie Hebeklemme TCH ist zum paarweisen Einsatz in Verbindung mit einem zweistrangigen Kettengeh\u00e4nge bestimmt. Das Hebegeschirr eignet sich speziell f\u00fcr den Transport von einzelnen Grobblechen ab ca. 5 mm Dicke und f\u00fcr geb\u00fcndelte Blechpakete. Die Zweistrangausf\u00fchrung ist f\u00fcr kleinformatige Bleche bestimmt.<\/p>\n<p>Bei gro\u00dfformatigen Blechen empfiehlt sich der Einsatz von zwei zweistrangigen Hebegeschirren in Verbindung mit einer Traverse. In der Standardausf\u00fchrung ist das Hebegeschirr f\u00fcr Blechbreiten bis 1500 mm geeignet. F\u00fcr gr\u00f6\u00dfere Blechbreiten sind Geschirre mit l\u00e4ngeren Ketten auf Anfrage lieferbar.<\/p>\n","protected":false},"excerpt":{"rendered":"<p>Tragf\u00e4higkeit 1.000 &#8211; 20.000 kg<br \/>\nDie Hebeklemme TCH ist zum paarweisen Einsatz in Verbindung mit einem zweistrangigen Kettengeh\u00e4nge bestimmt. Das Hebegeschirr eignet sich speziell f\u00fcr den Transport von einzelnen Grobblechen ab ca. 5 mm Dicke und f\u00fcr geb\u00fcndelte Blechpakete. Die Zweistrangausf\u00fchrung ist f\u00fcr kleinformatige Bleche bestimmt.<\/p>\n<p>Bei gro\u00dfformatigen Blechen empfiehlt sich der Einsatz von zwei zweistrangigen Hebegeschirren in Verbindung mit einer Traverse. In der Standardausf\u00fchrung ist das Hebegeschirr f\u00fcr Blechbreiten bis 1500 mm geeignet. F\u00fcr gr\u00f6\u00dfere Blechbreiten sind Geschirre mit l\u00e4ngeren Ketten auf Anfrage lieferbar.<\/p>\n","protected":false},"featured_media":19768,"template":"","meta":{"_acf_changed":false,"inline_featured_image":false},"product_brand":[],"product_cat":[1621],"product_tag":[705],"class_list":{"0":"post-33513","1":"product","2":"type-product","3":"status-publish","4":"has-post-thumbnail","6":"product_cat-klemmen","7":"product_tag-yale-de","8":"yith_product_brand-yale-de","10":"first","11":"onbackorder","12":"taxable","13":"shipping-taxable","14":"purchasable","15":"product-type-variable"},"acf":[],"yoast_head":"<!-- This site is optimized with the Yoast SEO plugin v27.5 - https:\/\/yoast.com\/product\/yoast-seo-wordpress\/ -->\n<title>Tigrip TCH Hebegeschirr - Ohis<\/title>\n<meta name=\"robots\" content=\"index, follow, max-snippet:-1, max-image-preview:large, max-video-preview:-1\" \/>\n<link rel=\"canonical\" href=\"https:\/\/www.ohis.be\/de\/produit\/tigrip-tch-hebegeschirr\/\" \/>\n<meta property=\"og:locale\" content=\"de_DE\" \/>\n<meta property=\"og:type\" content=\"article\" \/>\n<meta property=\"og:title\" content=\"Tigrip TCH Hebegeschirr - Ohis\" \/>\n<meta property=\"og:description\" content=\"Tragf\u00e4higkeit 1.000 - 20.000 kg Die Hebeklemme TCH ist zum paarweisen Einsatz in Verbindung mit einem zweistrangigen Kettengeh\u00e4nge bestimmt. Das Hebegeschirr eignet sich speziell f\u00fcr den Transport von einzelnen Grobblechen ab ca. 5 mm Dicke und f\u00fcr geb\u00fcndelte Blechpakete. Die Zweistrangausf\u00fchrung ist f\u00fcr kleinformatige Bleche bestimmt.  Bei gro\u00dfformatigen Blechen empfiehlt sich der Einsatz von zwei zweistrangigen Hebegeschirren in Verbindung mit einer Traverse. In der Standardausf\u00fchrung ist das Hebegeschirr f\u00fcr Blechbreiten bis 1500 mm geeignet. F\u00fcr gr\u00f6\u00dfere Blechbreiten sind Geschirre mit l\u00e4ngeren Ketten auf Anfrage lieferbar.\" \/>\n<meta property=\"og:url\" content=\"https:\/\/www.ohis.be\/de\/produit\/tigrip-tch-hebegeschirr\/\" \/>\n<meta property=\"og:site_name\" content=\"Ohis\" \/>\n<meta property=\"og:image\" content=\"https:\/\/www.ohis.be\/wp-content\/uploads\/2022\/12\/TCH-e1671186817309.jpg\" \/>\n\t<meta property=\"og:image:width\" content=\"200\" \/>\n\t<meta property=\"og:image:height\" content=\"361\" \/>\n\t<meta property=\"og:image:type\" content=\"image\/jpeg\" \/>\n<meta name=\"twitter:card\" content=\"summary_large_image\" \/>\n<script type=\"application\/ld+json\" class=\"yoast-schema-graph\">{\"@context\":\"https:\\\/\\\/schema.org\",\"@graph\":[{\"@type\":\"WebPage\",\"@id\":\"https:\\\/\\\/www.ohis.be\\\/de\\\/produit\\\/tigrip-tch-hebegeschirr\\\/\",\"url\":\"https:\\\/\\\/www.ohis.be\\\/de\\\/produit\\\/tigrip-tch-hebegeschirr\\\/\",\"name\":\"Tigrip TCH Hebegeschirr - Ohis\",\"isPartOf\":{\"@id\":\"https:\\\/\\\/www.ohis.be\\\/de\\\/#website\"},\"primaryImageOfPage\":{\"@id\":\"https:\\\/\\\/www.ohis.be\\\/de\\\/produit\\\/tigrip-tch-hebegeschirr\\\/#primaryimage\"},\"image\":{\"@id\":\"https:\\\/\\\/www.ohis.be\\\/de\\\/produit\\\/tigrip-tch-hebegeschirr\\\/#primaryimage\"},\"thumbnailUrl\":\"https:\\\/\\\/www.ohis.be\\\/wp-content\\\/uploads\\\/2022\\\/12\\\/TCH-e1671186817309.jpg\",\"datePublished\":\"2022-12-16T10:48:29+00:00\",\"breadcrumb\":{\"@id\":\"https:\\\/\\\/www.ohis.be\\\/de\\\/produit\\\/tigrip-tch-hebegeschirr\\\/#breadcrumb\"},\"inLanguage\":\"de\",\"potentialAction\":[{\"@type\":\"ReadAction\",\"target\":[\"https:\\\/\\\/www.ohis.be\\\/de\\\/produit\\\/tigrip-tch-hebegeschirr\\\/\"]}]},{\"@type\":\"ImageObject\",\"inLanguage\":\"de\",\"@id\":\"https:\\\/\\\/www.ohis.be\\\/de\\\/produit\\\/tigrip-tch-hebegeschirr\\\/#primaryimage\",\"url\":\"https:\\\/\\\/www.ohis.be\\\/wp-content\\\/uploads\\\/2022\\\/12\\\/TCH-e1671186817309.jpg\",\"contentUrl\":\"https:\\\/\\\/www.ohis.be\\\/wp-content\\\/uploads\\\/2022\\\/12\\\/TCH-e1671186817309.jpg\",\"width\":200,\"height\":361,\"caption\":\"&amp;#x05;4.0.3\"},{\"@type\":\"BreadcrumbList\",\"@id\":\"https:\\\/\\\/www.ohis.be\\\/de\\\/produit\\\/tigrip-tch-hebegeschirr\\\/#breadcrumb\",\"itemListElement\":[{\"@type\":\"ListItem\",\"position\":1,\"name\":\"Accueil\",\"item\":\"https:\\\/\\\/www.ohis.be\\\/de\\\/\"},{\"@type\":\"ListItem\",\"position\":2,\"name\":\"Produkte\",\"item\":\"https:\\\/\\\/www.ohis.be\\\/de\\\/produkte\\\/\"},{\"@type\":\"ListItem\",\"position\":3,\"name\":\"Tigrip TCH Hebegeschirr\"}]},{\"@type\":\"WebSite\",\"@id\":\"https:\\\/\\\/www.ohis.be\\\/de\\\/#website\",\"url\":\"https:\\\/\\\/www.ohis.be\\\/de\\\/\",\"name\":\"Ohis\",\"description\":\"Outils de levage\",\"publisher\":{\"@id\":\"https:\\\/\\\/www.ohis.be\\\/de\\\/#organization\"},\"potentialAction\":[{\"@type\":\"SearchAction\",\"target\":{\"@type\":\"EntryPoint\",\"urlTemplate\":\"https:\\\/\\\/www.ohis.be\\\/de\\\/?s={search_term_string}\"},\"query-input\":{\"@type\":\"PropertyValueSpecification\",\"valueRequired\":true,\"valueName\":\"search_term_string\"}}],\"inLanguage\":\"de\"},{\"@type\":\"Organization\",\"@id\":\"https:\\\/\\\/www.ohis.be\\\/de\\\/#organization\",\"name\":\"Ohis\",\"url\":\"https:\\\/\\\/www.ohis.be\\\/de\\\/\",\"logo\":{\"@type\":\"ImageObject\",\"inLanguage\":\"de\",\"@id\":\"https:\\\/\\\/www.ohis.be\\\/de\\\/#\\\/schema\\\/logo\\\/image\\\/\",\"url\":\"https:\\\/\\\/www.ohis.be\\\/wp-content\\\/uploads\\\/2021\\\/02\\\/logo-ohis-wit.svg\",\"contentUrl\":\"https:\\\/\\\/www.ohis.be\\\/wp-content\\\/uploads\\\/2021\\\/02\\\/logo-ohis-wit.svg\",\"caption\":\"Ohis\"},\"image\":{\"@id\":\"https:\\\/\\\/www.ohis.be\\\/de\\\/#\\\/schema\\\/logo\\\/image\\\/\"}}]}<\/script>\n<!-- \/ Yoast SEO plugin. -->","yoast_head_json":{"title":"Tigrip TCH Hebegeschirr - Ohis","robots":{"index":"index","follow":"follow","max-snippet":"max-snippet:-1","max-image-preview":"max-image-preview:large","max-video-preview":"max-video-preview:-1"},"canonical":"https:\/\/www.ohis.be\/de\/produit\/tigrip-tch-hebegeschirr\/","og_locale":"de_DE","og_type":"article","og_title":"Tigrip TCH Hebegeschirr - Ohis","og_description":"Tragf\u00e4higkeit 1.000 - 20.000 kg Die Hebeklemme TCH ist zum paarweisen Einsatz in Verbindung mit einem zweistrangigen Kettengeh\u00e4nge bestimmt. Das Hebegeschirr eignet sich speziell f\u00fcr den Transport von einzelnen Grobblechen ab ca. 5 mm Dicke und f\u00fcr geb\u00fcndelte Blechpakete. Die Zweistrangausf\u00fchrung ist f\u00fcr kleinformatige Bleche bestimmt.  Bei gro\u00dfformatigen Blechen empfiehlt sich der Einsatz von zwei zweistrangigen Hebegeschirren in Verbindung mit einer Traverse. In der Standardausf\u00fchrung ist das Hebegeschirr f\u00fcr Blechbreiten bis 1500 mm geeignet. F\u00fcr gr\u00f6\u00dfere Blechbreiten sind Geschirre mit l\u00e4ngeren Ketten auf Anfrage lieferbar.","og_url":"https:\/\/www.ohis.be\/de\/produit\/tigrip-tch-hebegeschirr\/","og_site_name":"Ohis","og_image":[{"width":200,"height":361,"url":"https:\/\/www.ohis.be\/wp-content\/uploads\/2022\/12\/TCH-e1671186817309.jpg","type":"image\/jpeg"}],"twitter_card":"summary_large_image","schema":{"@context":"https:\/\/schema.org","@graph":[{"@type":"WebPage","@id":"https:\/\/www.ohis.be\/de\/produit\/tigrip-tch-hebegeschirr\/","url":"https:\/\/www.ohis.be\/de\/produit\/tigrip-tch-hebegeschirr\/","name":"Tigrip TCH Hebegeschirr - Ohis","isPartOf":{"@id":"https:\/\/www.ohis.be\/de\/#website"},"primaryImageOfPage":{"@id":"https:\/\/www.ohis.be\/de\/produit\/tigrip-tch-hebegeschirr\/#primaryimage"},"image":{"@id":"https:\/\/www.ohis.be\/de\/produit\/tigrip-tch-hebegeschirr\/#primaryimage"},"thumbnailUrl":"https:\/\/www.ohis.be\/wp-content\/uploads\/2022\/12\/TCH-e1671186817309.jpg","datePublished":"2022-12-16T10:48:29+00:00","breadcrumb":{"@id":"https:\/\/www.ohis.be\/de\/produit\/tigrip-tch-hebegeschirr\/#breadcrumb"},"inLanguage":"de","potentialAction":[{"@type":"ReadAction","target":["https:\/\/www.ohis.be\/de\/produit\/tigrip-tch-hebegeschirr\/"]}]},{"@type":"ImageObject","inLanguage":"de","@id":"https:\/\/www.ohis.be\/de\/produit\/tigrip-tch-hebegeschirr\/#primaryimage","url":"https:\/\/www.ohis.be\/wp-content\/uploads\/2022\/12\/TCH-e1671186817309.jpg","contentUrl":"https:\/\/www.ohis.be\/wp-content\/uploads\/2022\/12\/TCH-e1671186817309.jpg","width":200,"height":361,"caption":"&amp;#x05;4.0.3"},{"@type":"BreadcrumbList","@id":"https:\/\/www.ohis.be\/de\/produit\/tigrip-tch-hebegeschirr\/#breadcrumb","itemListElement":[{"@type":"ListItem","position":1,"name":"Accueil","item":"https:\/\/www.ohis.be\/de\/"},{"@type":"ListItem","position":2,"name":"Produkte","item":"https:\/\/www.ohis.be\/de\/produkte\/"},{"@type":"ListItem","position":3,"name":"Tigrip TCH Hebegeschirr"}]},{"@type":"WebSite","@id":"https:\/\/www.ohis.be\/de\/#website","url":"https:\/\/www.ohis.be\/de\/","name":"Ohis","description":"Outils de levage","publisher":{"@id":"https:\/\/www.ohis.be\/de\/#organization"},"potentialAction":[{"@type":"SearchAction","target":{"@type":"EntryPoint","urlTemplate":"https:\/\/www.ohis.be\/de\/?s={search_term_string}"},"query-input":{"@type":"PropertyValueSpecification","valueRequired":true,"valueName":"search_term_string"}}],"inLanguage":"de"},{"@type":"Organization","@id":"https:\/\/www.ohis.be\/de\/#organization","name":"Ohis","url":"https:\/\/www.ohis.be\/de\/","logo":{"@type":"ImageObject","inLanguage":"de","@id":"https:\/\/www.ohis.be\/de\/#\/schema\/logo\/image\/","url":"https:\/\/www.ohis.be\/wp-content\/uploads\/2021\/02\/logo-ohis-wit.svg","contentUrl":"https:\/\/www.ohis.be\/wp-content\/uploads\/2021\/02\/logo-ohis-wit.svg","caption":"Ohis"},"image":{"@id":"https:\/\/www.ohis.be\/de\/#\/schema\/logo\/image\/"}}]}},"_links":{"self":[{"href":"https:\/\/www.ohis.be\/de\/wp-json\/wp\/v2\/product\/33513","targetHints":{"allow":["GET"]}}],"collection":[{"href":"https:\/\/www.ohis.be\/de\/wp-json\/wp\/v2\/product"}],"about":[{"href":"https:\/\/www.ohis.be\/de\/wp-json\/wp\/v2\/types\/product"}],"wp:featuredmedia":[{"embeddable":true,"href":"https:\/\/www.ohis.be\/de\/wp-json\/wp\/v2\/media\/19768"}],"wp:attachment":[{"href":"https:\/\/www.ohis.be\/de\/wp-json\/wp\/v2\/media?parent=33513"}],"wp:term":[{"taxonomy":"product_brand","embeddable":true,"href":"https:\/\/www.ohis.be\/de\/wp-json\/wp\/v2\/product_brand?post=33513"},{"taxonomy":"product_cat","embeddable":true,"href":"https:\/\/www.ohis.be\/de\/wp-json\/wp\/v2\/product_cat?post=33513"},{"taxonomy":"product_tag","embeddable":true,"href":"https:\/\/www.ohis.be\/de\/wp-json\/wp\/v2\/product_tag?post=33513"}],"curies":[{"name":"wp","href":"https:\/\/api.w.org\/{rel}","templated":true}]}}