{"id":33493,"date":"2022-12-16T11:59:30","date_gmt":"2022-12-16T10:59:30","guid":{"rendered":"https:\/\/www.ohis.be\/produit\/tigrip-tgf-hebegeschirr\/"},"modified":"2022-12-16T11:59:30","modified_gmt":"2022-12-16T10:59:30","slug":"tigrip-tgf-hebegeschirr","status":"publish","type":"product","link":"https:\/\/www.ohis.be\/de\/produit\/tigrip-tgf-hebegeschirr\/","title":{"rendered":"Tigrip TGF Hebegeschirr"},"content":{"rendered":"<p>Tragf\u00e4higkeit 1.300 &#8211; 10.000 kg<br \/>\nDie Hebeklemme TGF kommt paarweise in Verbindung mit einem zweistrangigen Kettengeh\u00e4nge zum Einsatz. Es eignet sich speziell f\u00fcr den Transport von Blechpaketen.<br \/>\nDie Hebeklemmen sind mittels des Rastersteges im Rahmen des Greifbereiches schnell auf die Paketdicken einstellbar.<br \/>\nDie Hebegeschirre sind in Sonderausf\u00fchrung f\u00fcr Paketdicken bis 400 mm lieferbar. Das Kettengeh\u00e4nge wird nach Ihren Anforderungen gefertigt.<\/p>\n<ul>\n<li>Die Hebeklemmen sind mittels des Rastersteges im Rahmen des Greifbereiches schnell auf die Paketdicken einstellbar.<\/li>\n<li>Die Hebegeschirre sind in Sonderausf\u00fchrung f\u00fcr Paket\u00addicken bis 400 mm erh\u00e4ltlich.<\/li>\n<li>Lieferumfang f\u00fcr Hebegeschirr:\u00a02 Klemmen und zweistrangige Kette f\u00fcr Blechbreite 1.500 mm<\/li>\n<\/ul>\n","protected":false},"excerpt":{"rendered":"<p>Tragf\u00e4higkeit 1.300 &#8211; 10.000 kg<br \/>\nDie Hebeklemme TGF kommt paarweise in Verbindung mit einem zweistrangigen Kettengeh\u00e4nge zum Einsatz. Es eignet sich speziell f\u00fcr den Transport von Blechpaketen.<br \/>\nDie Hebeklemmen sind mittels des Rastersteges im Rahmen des Greifbereiches schnell auf die Paketdicken einstellbar.<br \/>\nDie Hebegeschirre sind in Sonderausf\u00fchrung f\u00fcr Paketdicken bis 400 mm lieferbar. Das Kettengeh\u00e4nge wird nach Ihren Anforderungen gefertigt.<\/p>\n<ul>\n<li>Die Hebeklemmen sind mittels des Rastersteges im Rahmen des Greifbereiches schnell auf die Paketdicken einstellbar.<\/li>\n<li>Die Hebegeschirre sind in Sonderausf\u00fchrung f\u00fcr Paket\u00addicken bis 400 mm erh\u00e4ltlich.<\/li>\n<li>Lieferumfang f\u00fcr Hebegeschirr:\u00a02 Klemmen und zweistrangige Kette f\u00fcr Blechbreite 1.500 mm<\/li>\n<\/ul>\n","protected":false},"featured_media":19780,"template":"","meta":{"_acf_changed":false,"inline_featured_image":false},"product_brand":[],"product_cat":[1621],"product_tag":[705],"class_list":{"0":"post-33493","1":"product","2":"type-product","3":"status-publish","4":"has-post-thumbnail","6":"product_cat-klemmen","7":"product_tag-yale-de","9":"first","10":"onbackorder","11":"taxable","12":"shipping-taxable","13":"purchasable","14":"product-type-variable"},"acf":[],"yoast_head":"<!-- This site is optimized with the Yoast SEO plugin v27.5 - https:\/\/yoast.com\/product\/yoast-seo-wordpress\/ -->\n<title>Tigrip TGF Hebegeschirr - Ohis<\/title>\n<meta name=\"robots\" content=\"index, follow, max-snippet:-1, max-image-preview:large, max-video-preview:-1\" \/>\n<link rel=\"canonical\" href=\"https:\/\/www.ohis.be\/de\/produit\/tigrip-tgf-hebegeschirr\/\" \/>\n<meta property=\"og:locale\" content=\"de_DE\" \/>\n<meta property=\"og:type\" content=\"article\" \/>\n<meta property=\"og:title\" content=\"Tigrip TGF Hebegeschirr - Ohis\" \/>\n<meta property=\"og:description\" content=\"Tragf\u00e4higkeit 1.300 - 10.000 kg Die Hebeklemme TGF kommt paarweise in Verbindung mit einem zweistrangigen Kettengeh\u00e4nge zum Einsatz. Es eignet sich speziell f\u00fcr den Transport von Blechpaketen. Die Hebeklemmen sind mittels des Rastersteges im Rahmen des Greifbereiches schnell auf die Paketdicken einstellbar. Die Hebegeschirre sind in Sonderausf\u00fchrung f\u00fcr Paketdicken bis 400 mm lieferbar. Das Kettengeh\u00e4nge wird nach Ihren Anforderungen gefertigt.   Die Hebeklemmen sind mittels des Rastersteges im Rahmen des Greifbereiches schnell auf die Paketdicken einstellbar.  Die Hebegeschirre sind in Sonderausf\u00fchrung f\u00fcr Paket\u00addicken bis 400 mm erh\u00e4ltlich.  Lieferumfang f\u00fcr Hebegeschirr:\u00a02 Klemmen und zweistrangige Kette f\u00fcr Blechbreite 1.500 mm\" \/>\n<meta property=\"og:url\" content=\"https:\/\/www.ohis.be\/de\/produit\/tigrip-tgf-hebegeschirr\/\" \/>\n<meta property=\"og:site_name\" content=\"Ohis\" \/>\n<meta property=\"og:image\" content=\"https:\/\/www.ohis.be\/wp-content\/uploads\/2022\/12\/TGF.jpg\" \/>\n\t<meta property=\"og:image:width\" content=\"378\" \/>\n\t<meta property=\"og:image:height\" content=\"431\" \/>\n\t<meta property=\"og:image:type\" content=\"image\/jpeg\" \/>\n<meta name=\"twitter:card\" content=\"summary_large_image\" \/>\n<meta name=\"twitter:label1\" content=\"Gesch\u00e4tzte Lesezeit\" \/>\n\t<meta name=\"twitter:data1\" content=\"1\u00a0Minute\" \/>\n<script type=\"application\/ld+json\" class=\"yoast-schema-graph\">{\"@context\":\"https:\\\/\\\/schema.org\",\"@graph\":[{\"@type\":\"WebPage\",\"@id\":\"https:\\\/\\\/www.ohis.be\\\/de\\\/produit\\\/tigrip-tgf-hebegeschirr\\\/\",\"url\":\"https:\\\/\\\/www.ohis.be\\\/de\\\/produit\\\/tigrip-tgf-hebegeschirr\\\/\",\"name\":\"Tigrip TGF Hebegeschirr - Ohis\",\"isPartOf\":{\"@id\":\"https:\\\/\\\/www.ohis.be\\\/de\\\/#website\"},\"primaryImageOfPage\":{\"@id\":\"https:\\\/\\\/www.ohis.be\\\/de\\\/produit\\\/tigrip-tgf-hebegeschirr\\\/#primaryimage\"},\"image\":{\"@id\":\"https:\\\/\\\/www.ohis.be\\\/de\\\/produit\\\/tigrip-tgf-hebegeschirr\\\/#primaryimage\"},\"thumbnailUrl\":\"https:\\\/\\\/www.ohis.be\\\/wp-content\\\/uploads\\\/2022\\\/12\\\/TGF.jpg\",\"datePublished\":\"2022-12-16T10:59:30+00:00\",\"breadcrumb\":{\"@id\":\"https:\\\/\\\/www.ohis.be\\\/de\\\/produit\\\/tigrip-tgf-hebegeschirr\\\/#breadcrumb\"},\"inLanguage\":\"de\",\"potentialAction\":[{\"@type\":\"ReadAction\",\"target\":[\"https:\\\/\\\/www.ohis.be\\\/de\\\/produit\\\/tigrip-tgf-hebegeschirr\\\/\"]}]},{\"@type\":\"ImageObject\",\"inLanguage\":\"de\",\"@id\":\"https:\\\/\\\/www.ohis.be\\\/de\\\/produit\\\/tigrip-tgf-hebegeschirr\\\/#primaryimage\",\"url\":\"https:\\\/\\\/www.ohis.be\\\/wp-content\\\/uploads\\\/2022\\\/12\\\/TGF.jpg\",\"contentUrl\":\"https:\\\/\\\/www.ohis.be\\\/wp-content\\\/uploads\\\/2022\\\/12\\\/TGF.jpg\",\"width\":378,\"height\":431,\"caption\":\"&amp;#x05;4.0.3\"},{\"@type\":\"BreadcrumbList\",\"@id\":\"https:\\\/\\\/www.ohis.be\\\/de\\\/produit\\\/tigrip-tgf-hebegeschirr\\\/#breadcrumb\",\"itemListElement\":[{\"@type\":\"ListItem\",\"position\":1,\"name\":\"Accueil\",\"item\":\"https:\\\/\\\/www.ohis.be\\\/de\\\/\"},{\"@type\":\"ListItem\",\"position\":2,\"name\":\"Produkte\",\"item\":\"https:\\\/\\\/www.ohis.be\\\/de\\\/produkte\\\/\"},{\"@type\":\"ListItem\",\"position\":3,\"name\":\"Tigrip TGF Hebegeschirr\"}]},{\"@type\":\"WebSite\",\"@id\":\"https:\\\/\\\/www.ohis.be\\\/de\\\/#website\",\"url\":\"https:\\\/\\\/www.ohis.be\\\/de\\\/\",\"name\":\"Ohis\",\"description\":\"Outils de levage\",\"publisher\":{\"@id\":\"https:\\\/\\\/www.ohis.be\\\/de\\\/#organization\"},\"potentialAction\":[{\"@type\":\"SearchAction\",\"target\":{\"@type\":\"EntryPoint\",\"urlTemplate\":\"https:\\\/\\\/www.ohis.be\\\/de\\\/?s={search_term_string}\"},\"query-input\":{\"@type\":\"PropertyValueSpecification\",\"valueRequired\":true,\"valueName\":\"search_term_string\"}}],\"inLanguage\":\"de\"},{\"@type\":\"Organization\",\"@id\":\"https:\\\/\\\/www.ohis.be\\\/de\\\/#organization\",\"name\":\"Ohis\",\"url\":\"https:\\\/\\\/www.ohis.be\\\/de\\\/\",\"logo\":{\"@type\":\"ImageObject\",\"inLanguage\":\"de\",\"@id\":\"https:\\\/\\\/www.ohis.be\\\/de\\\/#\\\/schema\\\/logo\\\/image\\\/\",\"url\":\"https:\\\/\\\/www.ohis.be\\\/wp-content\\\/uploads\\\/2021\\\/02\\\/logo-ohis-wit.svg\",\"contentUrl\":\"https:\\\/\\\/www.ohis.be\\\/wp-content\\\/uploads\\\/2021\\\/02\\\/logo-ohis-wit.svg\",\"caption\":\"Ohis\"},\"image\":{\"@id\":\"https:\\\/\\\/www.ohis.be\\\/de\\\/#\\\/schema\\\/logo\\\/image\\\/\"}}]}<\/script>\n<!-- \/ Yoast SEO plugin. -->","yoast_head_json":{"title":"Tigrip TGF Hebegeschirr - Ohis","robots":{"index":"index","follow":"follow","max-snippet":"max-snippet:-1","max-image-preview":"max-image-preview:large","max-video-preview":"max-video-preview:-1"},"canonical":"https:\/\/www.ohis.be\/de\/produit\/tigrip-tgf-hebegeschirr\/","og_locale":"de_DE","og_type":"article","og_title":"Tigrip TGF Hebegeschirr - Ohis","og_description":"Tragf\u00e4higkeit 1.300 - 10.000 kg Die Hebeklemme TGF kommt paarweise in Verbindung mit einem zweistrangigen Kettengeh\u00e4nge zum Einsatz. Es eignet sich speziell f\u00fcr den Transport von Blechpaketen. Die Hebeklemmen sind mittels des Rastersteges im Rahmen des Greifbereiches schnell auf die Paketdicken einstellbar. Die Hebegeschirre sind in Sonderausf\u00fchrung f\u00fcr Paketdicken bis 400 mm lieferbar. Das Kettengeh\u00e4nge wird nach Ihren Anforderungen gefertigt.   Die Hebeklemmen sind mittels des Rastersteges im Rahmen des Greifbereiches schnell auf die Paketdicken einstellbar.  Die Hebegeschirre sind in Sonderausf\u00fchrung f\u00fcr Paket\u00addicken bis 400 mm erh\u00e4ltlich.  Lieferumfang f\u00fcr Hebegeschirr:\u00a02 Klemmen und zweistrangige Kette f\u00fcr Blechbreite 1.500 mm","og_url":"https:\/\/www.ohis.be\/de\/produit\/tigrip-tgf-hebegeschirr\/","og_site_name":"Ohis","og_image":[{"width":378,"height":431,"url":"https:\/\/www.ohis.be\/wp-content\/uploads\/2022\/12\/TGF.jpg","type":"image\/jpeg"}],"twitter_card":"summary_large_image","twitter_misc":{"Gesch\u00e4tzte Lesezeit":"1\u00a0Minute"},"schema":{"@context":"https:\/\/schema.org","@graph":[{"@type":"WebPage","@id":"https:\/\/www.ohis.be\/de\/produit\/tigrip-tgf-hebegeschirr\/","url":"https:\/\/www.ohis.be\/de\/produit\/tigrip-tgf-hebegeschirr\/","name":"Tigrip TGF Hebegeschirr - Ohis","isPartOf":{"@id":"https:\/\/www.ohis.be\/de\/#website"},"primaryImageOfPage":{"@id":"https:\/\/www.ohis.be\/de\/produit\/tigrip-tgf-hebegeschirr\/#primaryimage"},"image":{"@id":"https:\/\/www.ohis.be\/de\/produit\/tigrip-tgf-hebegeschirr\/#primaryimage"},"thumbnailUrl":"https:\/\/www.ohis.be\/wp-content\/uploads\/2022\/12\/TGF.jpg","datePublished":"2022-12-16T10:59:30+00:00","breadcrumb":{"@id":"https:\/\/www.ohis.be\/de\/produit\/tigrip-tgf-hebegeschirr\/#breadcrumb"},"inLanguage":"de","potentialAction":[{"@type":"ReadAction","target":["https:\/\/www.ohis.be\/de\/produit\/tigrip-tgf-hebegeschirr\/"]}]},{"@type":"ImageObject","inLanguage":"de","@id":"https:\/\/www.ohis.be\/de\/produit\/tigrip-tgf-hebegeschirr\/#primaryimage","url":"https:\/\/www.ohis.be\/wp-content\/uploads\/2022\/12\/TGF.jpg","contentUrl":"https:\/\/www.ohis.be\/wp-content\/uploads\/2022\/12\/TGF.jpg","width":378,"height":431,"caption":"&amp;#x05;4.0.3"},{"@type":"BreadcrumbList","@id":"https:\/\/www.ohis.be\/de\/produit\/tigrip-tgf-hebegeschirr\/#breadcrumb","itemListElement":[{"@type":"ListItem","position":1,"name":"Accueil","item":"https:\/\/www.ohis.be\/de\/"},{"@type":"ListItem","position":2,"name":"Produkte","item":"https:\/\/www.ohis.be\/de\/produkte\/"},{"@type":"ListItem","position":3,"name":"Tigrip TGF Hebegeschirr"}]},{"@type":"WebSite","@id":"https:\/\/www.ohis.be\/de\/#website","url":"https:\/\/www.ohis.be\/de\/","name":"Ohis","description":"Outils de levage","publisher":{"@id":"https:\/\/www.ohis.be\/de\/#organization"},"potentialAction":[{"@type":"SearchAction","target":{"@type":"EntryPoint","urlTemplate":"https:\/\/www.ohis.be\/de\/?s={search_term_string}"},"query-input":{"@type":"PropertyValueSpecification","valueRequired":true,"valueName":"search_term_string"}}],"inLanguage":"de"},{"@type":"Organization","@id":"https:\/\/www.ohis.be\/de\/#organization","name":"Ohis","url":"https:\/\/www.ohis.be\/de\/","logo":{"@type":"ImageObject","inLanguage":"de","@id":"https:\/\/www.ohis.be\/de\/#\/schema\/logo\/image\/","url":"https:\/\/www.ohis.be\/wp-content\/uploads\/2021\/02\/logo-ohis-wit.svg","contentUrl":"https:\/\/www.ohis.be\/wp-content\/uploads\/2021\/02\/logo-ohis-wit.svg","caption":"Ohis"},"image":{"@id":"https:\/\/www.ohis.be\/de\/#\/schema\/logo\/image\/"}}]}},"_links":{"self":[{"href":"https:\/\/www.ohis.be\/de\/wp-json\/wp\/v2\/product\/33493","targetHints":{"allow":["GET"]}}],"collection":[{"href":"https:\/\/www.ohis.be\/de\/wp-json\/wp\/v2\/product"}],"about":[{"href":"https:\/\/www.ohis.be\/de\/wp-json\/wp\/v2\/types\/product"}],"wp:featuredmedia":[{"embeddable":true,"href":"https:\/\/www.ohis.be\/de\/wp-json\/wp\/v2\/media\/19780"}],"wp:attachment":[{"href":"https:\/\/www.ohis.be\/de\/wp-json\/wp\/v2\/media?parent=33493"}],"wp:term":[{"taxonomy":"product_brand","embeddable":true,"href":"https:\/\/www.ohis.be\/de\/wp-json\/wp\/v2\/product_brand?post=33493"},{"taxonomy":"product_cat","embeddable":true,"href":"https:\/\/www.ohis.be\/de\/wp-json\/wp\/v2\/product_cat?post=33493"},{"taxonomy":"product_tag","embeddable":true,"href":"https:\/\/www.ohis.be\/de\/wp-json\/wp\/v2\/product_tag?post=33493"}],"curies":[{"name":"wp","href":"https:\/\/api.w.org\/{rel}","templated":true}]}}