{"id":33447,"date":"2022-12-16T13:28:31","date_gmt":"2022-12-16T12:28:31","guid":{"rendered":"https:\/\/www.ohis.be\/produit\/tigrip-twh-hebeklemme-mit-rolle\/"},"modified":"2022-12-16T13:28:31","modified_gmt":"2022-12-16T12:28:31","slug":"tigrip-twh-hebeklemme-mit-rolle","status":"publish","type":"product","link":"https:\/\/www.ohis.be\/de\/produit\/tigrip-twh-hebeklemme-mit-rolle\/","title":{"rendered":"Tigrip TWH Hebeklemme mit Rolle"},"content":{"rendered":"<p>Tragf\u00e4higkeit 1.500 &#8211; 5.000 kg<br \/>\nDie Hebeklemme TWH eignet sich bei paarweisem Einsatz f\u00fcr den horizontalen Transport von Einzelblechen und geb\u00fcndelten Blechpaketen. F\u00fcr d\u00fcnne Bleche, die beim Transport eine extreme Durchbiegung erfahren, ist die Klemme nicht geeignet.<\/p>\n<div id=\"features-benefits\" class=\"pdp-section\" data-accordion-item=\"\" data-section-name=\"Eigenschaften und Vorteile\" data-magellan-target=\"features-benefits\">\n<div id=\"0k8p4s-accordion\" class=\"pdp-section__wrap\" role=\"tabpanel\" data-tab-content=\"\" aria-labelledby=\"features-benefits-label\" aria-hidden=\"true\">\n<section class=\"component rte-block\">Zum Einsatz als Zweistrang-Transportgeh\u00e4nge ist die\u00a0Komplettierung mit entsprechenden Ketten oder Seilen\u00a0erforderlich.\u00a0Die Tragf\u00e4higkeitsangabe gilt f\u00fcr zwei Hebeklemmen.<\/p>\n<\/section>\n<\/div>\n<\/div>\n<div id=\"options\" class=\"pdp-section\" data-accordion-item=\"\" data-section-name=\"Optionen\" data-magellan-target=\"options\">\n<div id=\"oj3iwn-accordion\" class=\"pdp-section__wrap\" role=\"tabpanel\" data-tab-content=\"\" aria-labelledby=\"options-label\" aria-hidden=\"true\">\n<section class=\"component rte-block\"><strong>Optional<\/strong><br \/>\n\u2022 Schutzbelag<\/p>\n<\/section>\n<\/div>\n<\/div>\n","protected":false},"excerpt":{"rendered":"<p>Tragf\u00e4higkeit 1.500 &#8211; 5.000 kg<br \/>\nDie Hebeklemme TWH eignet sich bei paarweisem Einsatz f\u00fcr den horizontalen Transport von Einzelblechen und geb\u00fcndelten Blechpaketen. F\u00fcr d\u00fcnne Bleche, die beim Transport eine extreme Durchbiegung erfahren, ist die Klemme nicht geeignet.<\/p>\n<div id=\"features-benefits\" class=\"pdp-section\" data-accordion-item=\"\" data-section-name=\"Eigenschaften und Vorteile\" data-magellan-target=\"features-benefits\">\n<div id=\"0k8p4s-accordion\" class=\"pdp-section__wrap\" role=\"tabpanel\" data-tab-content=\"\" aria-labelledby=\"features-benefits-label\" aria-hidden=\"true\">\n<section class=\"component rte-block\">Zum Einsatz als Zweistrang-Transportgeh\u00e4nge ist die\u00a0Komplettierung mit entsprechenden Ketten oder Seilen\u00a0erforderlich.\u00a0Die Tragf\u00e4higkeitsangabe gilt f\u00fcr zwei Hebeklemmen.<\/p>\n<\/section>\n<\/div>\n<\/div>\n<div id=\"options\" class=\"pdp-section\" data-accordion-item=\"\" data-section-name=\"Optionen\" data-magellan-target=\"options\">\n<div id=\"oj3iwn-accordion\" class=\"pdp-section__wrap\" role=\"tabpanel\" data-tab-content=\"\" aria-labelledby=\"options-label\" aria-hidden=\"true\">\n<section class=\"component rte-block\"><strong>Optional<\/strong><br \/>\n\u2022 Schutzbelag<\/p>\n<\/section>\n<\/div>\n<\/div>\n","protected":false},"featured_media":19857,"template":"","meta":{"_acf_changed":false,"inline_featured_image":false},"product_brand":[],"product_cat":[1621],"product_tag":[705],"class_list":{"0":"post-33447","1":"product","2":"type-product","3":"status-publish","4":"has-post-thumbnail","6":"product_cat-klemmen","7":"product_tag-yale-de","9":"first","10":"onbackorder","11":"taxable","12":"shipping-taxable","13":"purchasable","14":"product-type-variable"},"acf":[],"yoast_head":"<!-- This site is optimized with the Yoast SEO plugin v27.5 - https:\/\/yoast.com\/product\/yoast-seo-wordpress\/ -->\n<title>Tigrip TWH Hebeklemme mit Rolle - Ohis<\/title>\n<meta name=\"robots\" content=\"index, follow, max-snippet:-1, max-image-preview:large, max-video-preview:-1\" \/>\n<link rel=\"canonical\" href=\"https:\/\/www.ohis.be\/de\/produit\/tigrip-twh-hebeklemme-mit-rolle\/\" \/>\n<meta property=\"og:locale\" content=\"de_DE\" \/>\n<meta property=\"og:type\" content=\"article\" \/>\n<meta property=\"og:title\" content=\"Tigrip TWH Hebeklemme mit Rolle - Ohis\" \/>\n<meta property=\"og:description\" content=\"Tragf\u00e4higkeit 1.500 - 5.000 kg Die Hebeklemme TWH eignet sich bei paarweisem Einsatz f\u00fcr den horizontalen Transport von Einzelblechen und geb\u00fcndelten Blechpaketen. F\u00fcr d\u00fcnne Bleche, die beim Transport eine extreme Durchbiegung erfahren, ist die Klemme nicht geeignet.  Zum Einsatz als Zweistrang-Transportgeh\u00e4nge ist die\u00a0Komplettierung mit entsprechenden Ketten oder Seilen\u00a0erforderlich.\u00a0Die Tragf\u00e4higkeitsangabe gilt f\u00fcr zwei Hebeklemmen.     Optional \u2022 Schutzbelag\" \/>\n<meta property=\"og:url\" content=\"https:\/\/www.ohis.be\/de\/produit\/tigrip-twh-hebeklemme-mit-rolle\/\" \/>\n<meta property=\"og:site_name\" content=\"Ohis\" \/>\n<meta property=\"og:image\" content=\"https:\/\/www.ohis.be\/wp-content\/uploads\/2022\/12\/TWH_Rolle_1.jpg\" \/>\n\t<meta property=\"og:image:width\" content=\"416\" \/>\n\t<meta property=\"og:image:height\" content=\"805\" \/>\n\t<meta property=\"og:image:type\" content=\"image\/jpeg\" \/>\n<meta name=\"twitter:card\" content=\"summary_large_image\" \/>\n<script type=\"application\/ld+json\" class=\"yoast-schema-graph\">{\"@context\":\"https:\\\/\\\/schema.org\",\"@graph\":[{\"@type\":\"WebPage\",\"@id\":\"https:\\\/\\\/www.ohis.be\\\/de\\\/produit\\\/tigrip-twh-hebeklemme-mit-rolle\\\/\",\"url\":\"https:\\\/\\\/www.ohis.be\\\/de\\\/produit\\\/tigrip-twh-hebeklemme-mit-rolle\\\/\",\"name\":\"Tigrip TWH Hebeklemme mit Rolle - Ohis\",\"isPartOf\":{\"@id\":\"https:\\\/\\\/www.ohis.be\\\/de\\\/#website\"},\"primaryImageOfPage\":{\"@id\":\"https:\\\/\\\/www.ohis.be\\\/de\\\/produit\\\/tigrip-twh-hebeklemme-mit-rolle\\\/#primaryimage\"},\"image\":{\"@id\":\"https:\\\/\\\/www.ohis.be\\\/de\\\/produit\\\/tigrip-twh-hebeklemme-mit-rolle\\\/#primaryimage\"},\"thumbnailUrl\":\"https:\\\/\\\/www.ohis.be\\\/wp-content\\\/uploads\\\/2022\\\/12\\\/TWH_Rolle_1.jpg\",\"datePublished\":\"2022-12-16T12:28:31+00:00\",\"breadcrumb\":{\"@id\":\"https:\\\/\\\/www.ohis.be\\\/de\\\/produit\\\/tigrip-twh-hebeklemme-mit-rolle\\\/#breadcrumb\"},\"inLanguage\":\"de\",\"potentialAction\":[{\"@type\":\"ReadAction\",\"target\":[\"https:\\\/\\\/www.ohis.be\\\/de\\\/produit\\\/tigrip-twh-hebeklemme-mit-rolle\\\/\"]}]},{\"@type\":\"ImageObject\",\"inLanguage\":\"de\",\"@id\":\"https:\\\/\\\/www.ohis.be\\\/de\\\/produit\\\/tigrip-twh-hebeklemme-mit-rolle\\\/#primaryimage\",\"url\":\"https:\\\/\\\/www.ohis.be\\\/wp-content\\\/uploads\\\/2022\\\/12\\\/TWH_Rolle_1.jpg\",\"contentUrl\":\"https:\\\/\\\/www.ohis.be\\\/wp-content\\\/uploads\\\/2022\\\/12\\\/TWH_Rolle_1.jpg\",\"width\":416,\"height\":805,\"caption\":\"&amp;#x05;4.0.3\"},{\"@type\":\"BreadcrumbList\",\"@id\":\"https:\\\/\\\/www.ohis.be\\\/de\\\/produit\\\/tigrip-twh-hebeklemme-mit-rolle\\\/#breadcrumb\",\"itemListElement\":[{\"@type\":\"ListItem\",\"position\":1,\"name\":\"Accueil\",\"item\":\"https:\\\/\\\/www.ohis.be\\\/de\\\/\"},{\"@type\":\"ListItem\",\"position\":2,\"name\":\"Produkte\",\"item\":\"https:\\\/\\\/www.ohis.be\\\/de\\\/produkte\\\/\"},{\"@type\":\"ListItem\",\"position\":3,\"name\":\"Tigrip TWH Hebeklemme mit Rolle\"}]},{\"@type\":\"WebSite\",\"@id\":\"https:\\\/\\\/www.ohis.be\\\/de\\\/#website\",\"url\":\"https:\\\/\\\/www.ohis.be\\\/de\\\/\",\"name\":\"Ohis\",\"description\":\"Outils de levage\",\"publisher\":{\"@id\":\"https:\\\/\\\/www.ohis.be\\\/de\\\/#organization\"},\"potentialAction\":[{\"@type\":\"SearchAction\",\"target\":{\"@type\":\"EntryPoint\",\"urlTemplate\":\"https:\\\/\\\/www.ohis.be\\\/de\\\/?s={search_term_string}\"},\"query-input\":{\"@type\":\"PropertyValueSpecification\",\"valueRequired\":true,\"valueName\":\"search_term_string\"}}],\"inLanguage\":\"de\"},{\"@type\":\"Organization\",\"@id\":\"https:\\\/\\\/www.ohis.be\\\/de\\\/#organization\",\"name\":\"Ohis\",\"url\":\"https:\\\/\\\/www.ohis.be\\\/de\\\/\",\"logo\":{\"@type\":\"ImageObject\",\"inLanguage\":\"de\",\"@id\":\"https:\\\/\\\/www.ohis.be\\\/de\\\/#\\\/schema\\\/logo\\\/image\\\/\",\"url\":\"https:\\\/\\\/www.ohis.be\\\/wp-content\\\/uploads\\\/2021\\\/02\\\/logo-ohis-wit.svg\",\"contentUrl\":\"https:\\\/\\\/www.ohis.be\\\/wp-content\\\/uploads\\\/2021\\\/02\\\/logo-ohis-wit.svg\",\"caption\":\"Ohis\"},\"image\":{\"@id\":\"https:\\\/\\\/www.ohis.be\\\/de\\\/#\\\/schema\\\/logo\\\/image\\\/\"}}]}<\/script>\n<!-- \/ Yoast SEO plugin. -->","yoast_head_json":{"title":"Tigrip TWH Hebeklemme mit Rolle - Ohis","robots":{"index":"index","follow":"follow","max-snippet":"max-snippet:-1","max-image-preview":"max-image-preview:large","max-video-preview":"max-video-preview:-1"},"canonical":"https:\/\/www.ohis.be\/de\/produit\/tigrip-twh-hebeklemme-mit-rolle\/","og_locale":"de_DE","og_type":"article","og_title":"Tigrip TWH Hebeklemme mit Rolle - Ohis","og_description":"Tragf\u00e4higkeit 1.500 - 5.000 kg Die Hebeklemme TWH eignet sich bei paarweisem Einsatz f\u00fcr den horizontalen Transport von Einzelblechen und geb\u00fcndelten Blechpaketen. F\u00fcr d\u00fcnne Bleche, die beim Transport eine extreme Durchbiegung erfahren, ist die Klemme nicht geeignet.  Zum Einsatz als Zweistrang-Transportgeh\u00e4nge ist die\u00a0Komplettierung mit entsprechenden Ketten oder Seilen\u00a0erforderlich.\u00a0Die Tragf\u00e4higkeitsangabe gilt f\u00fcr zwei Hebeklemmen.     Optional \u2022 Schutzbelag","og_url":"https:\/\/www.ohis.be\/de\/produit\/tigrip-twh-hebeklemme-mit-rolle\/","og_site_name":"Ohis","og_image":[{"width":416,"height":805,"url":"https:\/\/www.ohis.be\/wp-content\/uploads\/2022\/12\/TWH_Rolle_1.jpg","type":"image\/jpeg"}],"twitter_card":"summary_large_image","schema":{"@context":"https:\/\/schema.org","@graph":[{"@type":"WebPage","@id":"https:\/\/www.ohis.be\/de\/produit\/tigrip-twh-hebeklemme-mit-rolle\/","url":"https:\/\/www.ohis.be\/de\/produit\/tigrip-twh-hebeklemme-mit-rolle\/","name":"Tigrip TWH Hebeklemme mit Rolle - Ohis","isPartOf":{"@id":"https:\/\/www.ohis.be\/de\/#website"},"primaryImageOfPage":{"@id":"https:\/\/www.ohis.be\/de\/produit\/tigrip-twh-hebeklemme-mit-rolle\/#primaryimage"},"image":{"@id":"https:\/\/www.ohis.be\/de\/produit\/tigrip-twh-hebeklemme-mit-rolle\/#primaryimage"},"thumbnailUrl":"https:\/\/www.ohis.be\/wp-content\/uploads\/2022\/12\/TWH_Rolle_1.jpg","datePublished":"2022-12-16T12:28:31+00:00","breadcrumb":{"@id":"https:\/\/www.ohis.be\/de\/produit\/tigrip-twh-hebeklemme-mit-rolle\/#breadcrumb"},"inLanguage":"de","potentialAction":[{"@type":"ReadAction","target":["https:\/\/www.ohis.be\/de\/produit\/tigrip-twh-hebeklemme-mit-rolle\/"]}]},{"@type":"ImageObject","inLanguage":"de","@id":"https:\/\/www.ohis.be\/de\/produit\/tigrip-twh-hebeklemme-mit-rolle\/#primaryimage","url":"https:\/\/www.ohis.be\/wp-content\/uploads\/2022\/12\/TWH_Rolle_1.jpg","contentUrl":"https:\/\/www.ohis.be\/wp-content\/uploads\/2022\/12\/TWH_Rolle_1.jpg","width":416,"height":805,"caption":"&amp;#x05;4.0.3"},{"@type":"BreadcrumbList","@id":"https:\/\/www.ohis.be\/de\/produit\/tigrip-twh-hebeklemme-mit-rolle\/#breadcrumb","itemListElement":[{"@type":"ListItem","position":1,"name":"Accueil","item":"https:\/\/www.ohis.be\/de\/"},{"@type":"ListItem","position":2,"name":"Produkte","item":"https:\/\/www.ohis.be\/de\/produkte\/"},{"@type":"ListItem","position":3,"name":"Tigrip TWH Hebeklemme mit Rolle"}]},{"@type":"WebSite","@id":"https:\/\/www.ohis.be\/de\/#website","url":"https:\/\/www.ohis.be\/de\/","name":"Ohis","description":"Outils de levage","publisher":{"@id":"https:\/\/www.ohis.be\/de\/#organization"},"potentialAction":[{"@type":"SearchAction","target":{"@type":"EntryPoint","urlTemplate":"https:\/\/www.ohis.be\/de\/?s={search_term_string}"},"query-input":{"@type":"PropertyValueSpecification","valueRequired":true,"valueName":"search_term_string"}}],"inLanguage":"de"},{"@type":"Organization","@id":"https:\/\/www.ohis.be\/de\/#organization","name":"Ohis","url":"https:\/\/www.ohis.be\/de\/","logo":{"@type":"ImageObject","inLanguage":"de","@id":"https:\/\/www.ohis.be\/de\/#\/schema\/logo\/image\/","url":"https:\/\/www.ohis.be\/wp-content\/uploads\/2021\/02\/logo-ohis-wit.svg","contentUrl":"https:\/\/www.ohis.be\/wp-content\/uploads\/2021\/02\/logo-ohis-wit.svg","caption":"Ohis"},"image":{"@id":"https:\/\/www.ohis.be\/de\/#\/schema\/logo\/image\/"}}]}},"_links":{"self":[{"href":"https:\/\/www.ohis.be\/de\/wp-json\/wp\/v2\/product\/33447","targetHints":{"allow":["GET"]}}],"collection":[{"href":"https:\/\/www.ohis.be\/de\/wp-json\/wp\/v2\/product"}],"about":[{"href":"https:\/\/www.ohis.be\/de\/wp-json\/wp\/v2\/types\/product"}],"wp:featuredmedia":[{"embeddable":true,"href":"https:\/\/www.ohis.be\/de\/wp-json\/wp\/v2\/media\/19857"}],"wp:attachment":[{"href":"https:\/\/www.ohis.be\/de\/wp-json\/wp\/v2\/media?parent=33447"}],"wp:term":[{"taxonomy":"product_brand","embeddable":true,"href":"https:\/\/www.ohis.be\/de\/wp-json\/wp\/v2\/product_brand?post=33447"},{"taxonomy":"product_cat","embeddable":true,"href":"https:\/\/www.ohis.be\/de\/wp-json\/wp\/v2\/product_cat?post=33447"},{"taxonomy":"product_tag","embeddable":true,"href":"https:\/\/www.ohis.be\/de\/wp-json\/wp\/v2\/product_tag?post=33447"}],"curies":[{"name":"wp","href":"https:\/\/api.w.org\/{rel}","templated":true}]}}